{"id":28827,"date":"2021-01-17T17:12:10","date_gmt":"2021-01-17T20:12:10","guid":{"rendered":"https:\/\/bodegaoutdoor.cl\/store\/product\/auricular-ps4-aplicable-camuflaje-35mm-microfono-de-sonido-envolvente-estereo-para-juegos-instrucciones-y-accesorios-de-camuflaje\/"},"modified":"2023-05-04T19:19:04","modified_gmt":"2023-05-04T23:19:04","slug":"auricular-ps4-aplicable-camuflaje-35mm-microfono-de-sonido-envolvente-estereo-para-juegos-instrucciones-y-accesorios-de-camuflaje","status":"publish","type":"product","link":"https:\/\/bodegaoutdoor.cl\/store\/product\/auricular-ps4-aplicable-camuflaje-35mm-microfono-de-sonido-envolvente-estereo-para-juegos-instrucciones-y-accesorios-de-camuflaje\/","title":{"rendered":"Auricular PS4 aplicable, camuflaje, 3,5mm, micr\u00f3fono de Sonido envolvente est\u00e9reo para juegos, instrucciones y Accesorios de camuflaje"},"content":{"rendered":"<div>\n<div>\n<p><img decoding=\"async\" title=\"Auricular PS4 aplicable, camuflaje, 3,5mm, micr\u00f3fono de Sonido envolvente est\u00e9reo para juegos, instrucciones y Accesorios de camuflaje\" src=\"https:\/\/bodegaoutdoor.cl\/store\/wp-content\/uploads\/2021\/01\/28827-uusmgc.jpg\" alt=\"Auricular PS4 aplicable, camuflaje, 3,5mm, micr\u00f3fono de Sonido envolvente est\u00e9reo para juegos, instrucciones y Accesorios de camuflaje\" \/><\/p>\n<p><img decoding=\"async\" title=\"Auricular PS4 aplicable, camuflaje, 3,5mm, micr\u00f3fono de Sonido envolvente est\u00e9reo para juegos, instrucciones y Accesorios de camuflaje\" src=\"https:\/\/bodegaoutdoor.cl\/store\/wp-content\/uploads\/2021\/01\/28827-tfvwan.jpg\" alt=\"Auricular PS4 aplicable, camuflaje, 3,5mm, micr\u00f3fono de Sonido envolvente est\u00e9reo para juegos, instrucciones y Accesorios de camuflaje\" \/><\/p>\n<p>&nbsp;<\/p>\n<\/div>\n<div>\n<p><strong>Descripci\u00f3n:<\/strong><\/p>\n<p>100% nuevo alta calidad<\/p>\n<p>Apariencia de camuflaje: te hace diferente<\/p>\n<p>Subwoofer con altavoz de Bobina de voz subwoofer de effects-50mm realista y altavoz de platillo magn\u00e9tico y cavidad de anillo de aire que proporcionan un campo de sonido realista, claridad de sonido y sonido impactado<\/p>\n<p>Micr\u00f3fono polar capacitivo omnidireccional de voz de alto rendimiento y alto rendimiento 36dB ofrece un di\u00e1logo de alta calidad<\/p>\n<p>C\u00f3modo de llevar, dise\u00f1o ergon\u00f3mico con orejeras de PU suaves y cinta para la cabeza liviana<\/p>\n<p>La diadema el\u00e1stica no se queda en la cabeza<\/p>\n<p>Compatible con tel\u00e9fonos m\u00f3viles, tablets, ordenadores, mp4, para PS4 \/ PS3 \/ switch<\/p>\n<p>&nbsp;<\/p>\n<p><strong>Caracter\u00edsticas:<\/strong><\/p>\n<p>Modelo: auriculares<\/p>\n<p>Material: Material de PVC<\/p>\n<p>Color: camuflaje<\/p>\n<p>Rango de respuesta de frecuencia: 20Hz-20KHz<\/p>\n<p>Bot\u00f3n de comando: S\u00ed<\/p>\n<p>Usar un micr\u00f3fono: S\u00ed<\/p>\n<p>Sensibilidad: 110dB \u00b1 3dB<\/p>\n<p>A prueba de agua: no<\/p>\n<p>Reducci\u00f3n activa de ruido: S\u00ed<\/p>\n<p>Soporte de tarjeta de memoria: no<\/p>\n<p>Soporte de tarjeta de memoria: sin control de volumen: S\u00ed<\/p>\n<p>Conector: 3,5mm<\/p>\n<p>La Comunicaci\u00f3n: con cable<\/p>\n<p>Tipo de salida de aire: tipo de l\u00ednea<\/p>\n<p>Funci\u00f3n: para videojuegos<\/p>\n<p>ESTILO: diadema<\/p>\n<p>Adecuado para: PS4 \/ PS3 \/ ONE \/ 360 \/ Switch \/ PC<\/p>\n<p>Longitud de la l\u00ednea: 120cm<\/p>\n<p>Peso: 350g<\/p>\n<p>Tama\u00f1o: 17,5*9*13 CM<\/p>\n<p>&nbsp;<\/p>\n<p><strong>Crisol de grafito mini horno de oro de la antorcha de fusi\u00f3n del metal:<\/strong><\/p>\n<p>1 * auriculares<\/p>\n<p>1 * Descripci\u00f3n<\/p>\n<p>1 * cable<\/p>\n<p>&nbsp;<\/p>\n<p>&nbsp;<\/p>\n<\/div>\n<div>\n<p>&nbsp;<\/p>\n<p><img decoding=\"async\" title=\"Auricular PS4 aplicable, camuflaje, 3,5mm, micr\u00f3fono de Sonido envolvente est\u00e9reo para juegos, instrucciones y Accesorios de camuflaje\" src=\"https:\/\/bodegaoutdoor.cl\/store\/wp-content\/uploads\/2021\/01\/28827-9z3dru.jpg\" alt=\"Auricular PS4 aplicable, camuflaje, 3,5mm, micr\u00f3fono de Sonido envolvente est\u00e9reo para juegos, instrucciones y Accesorios de camuflaje\" \/><\/p>\n<\/div>\n<p><img decoding=\"async\" style=\"max-width: 100%;\" title=\"Auricular PS4 aplicable, camuflaje, 3,5mm, micr\u00f3fono de Sonido envolvente est\u00e9reo para juegos, instrucciones y Accesorios de camuflaje\" src=\"https:\/\/bodegaoutdoor.cl\/store\/wp-content\/uploads\/2021\/01\/28827-1zyf0j.jpg\" alt=\"Auricular PS4 aplicable, camuflaje, 3,5mm, micr\u00f3fono de Sonido envolvente est\u00e9reo para juegos, instrucciones y Accesorios de camuflaje\" \/><br \/>\n<img decoding=\"async\" style=\"max-width: 100%;\" title=\"Auricular PS4 aplicable, camuflaje, 3,5mm, micr\u00f3fono de Sonido envolvente est\u00e9reo para juegos, instrucciones y Accesorios de camuflaje\" src=\"https:\/\/bodegaoutdoor.cl\/store\/wp-content\/uploads\/2021\/01\/28827-l1ivoy.jpg\" alt=\"Auricular PS4 aplicable, camuflaje, 3,5mm, micr\u00f3fono de Sonido envolvente est\u00e9reo para juegos, instrucciones y Accesorios de camuflaje\" \/><br \/>\n<img decoding=\"async\" style=\"max-width: 100%;\" title=\"Auricular PS4 aplicable, camuflaje, 3,5mm, micr\u00f3fono de Sonido envolvente est\u00e9reo para juegos, instrucciones y Accesorios de camuflaje\" src=\"https:\/\/bodegaoutdoor.cl\/store\/wp-content\/uploads\/2021\/01\/28827-kvusj4.jpg\" alt=\"Auricular PS4 aplicable, camuflaje, 3,5mm, micr\u00f3fono de Sonido envolvente est\u00e9reo para juegos, instrucciones y Accesorios de camuflaje\" \/><br \/>\n<img decoding=\"async\" style=\"max-width: 100%;\" title=\"Auricular PS4 aplicable, camuflaje, 3,5mm, micr\u00f3fono de Sonido envolvente est\u00e9reo para juegos, instrucciones y Accesorios de camuflaje\" src=\"https:\/\/bodegaoutdoor.cl\/store\/wp-content\/uploads\/2021\/01\/28827-m2cboz.jpg\" alt=\"Auricular PS4 aplicable, camuflaje, 3,5mm, micr\u00f3fono de Sonido envolvente est\u00e9reo para juegos, instrucciones y Accesorios de camuflaje\" \/><br \/>\n<img decoding=\"async\" style=\"max-width: 100%;\" title=\"Auricular PS4 aplicable, camuflaje, 3,5mm, micr\u00f3fono de Sonido envolvente est\u00e9reo para juegos, instrucciones y Accesorios de camuflaje\" src=\"https:\/\/bodegaoutdoor.cl\/store\/wp-content\/uploads\/2021\/01\/28827-zetlmf.jpg\" alt=\"Auricular PS4 aplicable, camuflaje, 3,5mm, micr\u00f3fono de Sonido envolvente est\u00e9reo para juegos, instrucciones y Accesorios de camuflaje\" \/><br \/>\n<img decoding=\"async\" style=\"max-width: 100%;\" title=\"Auricular PS4 aplicable, camuflaje, 3,5mm, micr\u00f3fono de Sonido envolvente est\u00e9reo para juegos, instrucciones y Accesorios de camuflaje\" src=\"https:\/\/bodegaoutdoor.cl\/store\/wp-content\/uploads\/2021\/01\/28827-8z1xb4.jpg\" alt=\"Auricular PS4 aplicable, camuflaje, 3,5mm, micr\u00f3fono de Sonido envolvente est\u00e9reo para juegos, instrucciones y Accesorios de camuflaje\" \/><br \/>\n<img decoding=\"async\" style=\"max-width: 100%;\" title=\"Auricular PS4 aplicable, camuflaje, 3,5mm, micr\u00f3fono de Sonido envolvente est\u00e9reo para juegos, instrucciones y Accesorios de camuflaje\" src=\"https:\/\/bodegaoutdoor.cl\/store\/wp-content\/uploads\/2021\/01\/28827-f80nvn.jpg\" alt=\"Auricular PS4 aplicable, camuflaje, 3,5mm, micr\u00f3fono de Sonido envolvente est\u00e9reo para juegos, instrucciones y Accesorios de camuflaje\" \/><br \/>\n<img decoding=\"async\" style=\"max-width: 100%;\" title=\"Auricular PS4 aplicable, camuflaje, 3,5mm, micr\u00f3fono de Sonido envolvente est\u00e9reo para juegos, instrucciones y Accesorios de camuflaje\" src=\"https:\/\/bodegaoutdoor.cl\/store\/wp-content\/uploads\/2021\/01\/28827-lix9uk.jpg\" alt=\"Auricular PS4 aplicable, camuflaje, 3,5mm, micr\u00f3fono de Sonido envolvente est\u00e9reo para juegos, instrucciones y Accesorios de camuflaje\" \/><br \/>\n<img decoding=\"async\" style=\"max-width: 100%;\" title=\"Auricular PS4 aplicable, camuflaje, 3,5mm, micr\u00f3fono de Sonido envolvente est\u00e9reo para juegos, instrucciones y Accesorios de camuflaje\" src=\"https:\/\/bodegaoutdoor.cl\/store\/wp-content\/uploads\/2021\/01\/28827-mv2hqi.jpg\" alt=\"Auricular PS4 aplicable, camuflaje, 3,5mm, micr\u00f3fono de Sonido envolvente est\u00e9reo para juegos, instrucciones y Accesorios de camuflaje\" \/><br \/>\n<img decoding=\"async\" style=\"max-width: 100%;\" title=\"Auricular PS4 aplicable, camuflaje, 3,5mm, micr\u00f3fono de Sonido envolvente est\u00e9reo para juegos, instrucciones y Accesorios de camuflaje\" src=\"https:\/\/bodegaoutdoor.cl\/store\/wp-content\/uploads\/2021\/01\/28827-1fusne.jpg\" alt=\"Auricular PS4 aplicable, camuflaje, 3,5mm, micr\u00f3fono de Sonido envolvente est\u00e9reo para juegos, instrucciones y Accesorios de camuflaje\" \/><br \/>\n<img decoding=\"async\" style=\"max-width: 100%;\" title=\"Auricular PS4 aplicable, camuflaje, 3,5mm, micr\u00f3fono de Sonido envolvente est\u00e9reo para juegos, instrucciones y Accesorios de camuflaje\" src=\"https:\/\/bodegaoutdoor.cl\/store\/wp-content\/uploads\/2021\/01\/28827-lehb31.jpg\" alt=\"Auricular PS4 aplicable, camuflaje, 3,5mm, micr\u00f3fono de Sonido envolvente est\u00e9reo para juegos, instrucciones y Accesorios de camuflaje\" \/><br \/>\n<img decoding=\"async\" style=\"max-width: 100%;\" title=\"Auricular PS4 aplicable, camuflaje, 3,5mm, micr\u00f3fono de Sonido envolvente est\u00e9reo para juegos, instrucciones y Accesorios de camuflaje\" src=\"https:\/\/bodegaoutdoor.cl\/store\/wp-content\/uploads\/2021\/01\/28827-bgosm9.jpg\" alt=\"Auricular PS4 aplicable, camuflaje, 3,5mm, micr\u00f3fono de Sonido envolvente est\u00e9reo para juegos, instrucciones y Accesorios de camuflaje\" \/><br \/>\n<img decoding=\"async\" style=\"max-width: 100%;\" title=\"Auricular PS4 aplicable, camuflaje, 3,5mm, micr\u00f3fono de Sonido envolvente est\u00e9reo para juegos, instrucciones y Accesorios de camuflaje\" src=\"https:\/\/bodegaoutdoor.cl\/store\/wp-content\/uploads\/2021\/01\/28827-jiuol9.jpg\" alt=\"Auricular PS4 aplicable, camuflaje, 3,5mm, micr\u00f3fono de Sonido envolvente est\u00e9reo para juegos, instrucciones y Accesorios de camuflaje\" \/><br \/>\n<img decoding=\"async\" style=\"max-width: 100%;\" title=\"Auricular PS4 aplicable, camuflaje, 3,5mm, micr\u00f3fono de Sonido envolvente est\u00e9reo para juegos, instrucciones y Accesorios de camuflaje\" src=\"https:\/\/bodegaoutdoor.cl\/store\/wp-content\/uploads\/2021\/01\/28827-ypylku.jpg\" alt=\"Auricular PS4 aplicable, camuflaje, 3,5mm, micr\u00f3fono de Sonido envolvente est\u00e9reo para juegos, instrucciones y Accesorios de camuflaje\" \/><br \/>\n<img decoding=\"async\" style=\"max-width: 100%;\" title=\"Auricular PS4 aplicable, camuflaje, 3,5mm, micr\u00f3fono de Sonido envolvente est\u00e9reo para juegos, instrucciones y Accesorios de camuflaje\" src=\"https:\/\/bodegaoutdoor.cl\/store\/wp-content\/uploads\/2021\/01\/28827-gpeqa4.jpg\" alt=\"Auricular PS4 aplicable, camuflaje, 3,5mm, micr\u00f3fono de Sonido envolvente est\u00e9reo para juegos, instrucciones y Accesorios de camuflaje\" \/><\/p>\n<div>\n<p>&nbsp;<\/p>\n<\/div>\n<p>&nbsp;<\/p>\n<\/div>\n\n    <div class=\"xs_social_share_widget xs_share_url after_content \t\tmain_content  wslu-style-1 wslu-share-box-shaped wslu-fill-colored wslu-none wslu-share-horizontal wslu-theme-font-no wslu-main_content\">\n\n\t\t\n        <ul>\n\t\t\t        <\/ul>\n    <\/div> \n","protected":false},"excerpt":{"rendered":"<p>&nbsp; Descripci\u00f3n: 100% nuevo alta calidad Apariencia de camuflaje: te hace diferente Subwoofer con altavoz de Bobina de voz subwoofer de effects-50mm realista y altavoz de platillo magn\u00e9tico y cavidad de anillo de aire que proporcionan un campo de sonido realista, claridad de sonido y sonido impactado Micr\u00f3fono polar capacitivo omnidireccional de voz de alto [&hellip;]<\/p>\n","protected":false},"featured_media":28828,"comment_status":"open","ping_status":"closed","template":"","meta":{"jetpack_publicize_message":"","jetpack_publicize_feature_enabled":true,"jetpack_social_post_already_shared":true,"jetpack_social_options":{"image_generator_settings":{"template":"highway","enabled":false},"version":2}},"product_brand":[],"product_cat":[31],"product_tag":[1462,2192,2193],"class_list":{"0":"post-28827","1":"product","2":"type-product","3":"status-publish","4":"has-post-thumbnail","6":"product_cat-audifonos","7":"product_tag-audifonos","8":"product_tag-gamer","9":"product_tag-mimetizados","11":"first","12":"instock","13":"sale","14":"taxable","15":"shipping-taxable","16":"purchasable","17":"product-type-simple"},"jetpack_publicize_connections":[],"jetpack_sharing_enabled":true,"_links":{"self":[{"href":"https:\/\/bodegaoutdoor.cl\/store\/wp-json\/wp\/v2\/product\/28827","targetHints":{"allow":["GET"]}}],"collection":[{"href":"https:\/\/bodegaoutdoor.cl\/store\/wp-json\/wp\/v2\/product"}],"about":[{"href":"https:\/\/bodegaoutdoor.cl\/store\/wp-json\/wp\/v2\/types\/product"}],"replies":[{"embeddable":true,"href":"https:\/\/bodegaoutdoor.cl\/store\/wp-json\/wp\/v2\/comments?post=28827"}],"version-history":[{"count":1,"href":"https:\/\/bodegaoutdoor.cl\/store\/wp-json\/wp\/v2\/product\/28827\/revisions"}],"predecessor-version":[{"id":71072,"href":"https:\/\/bodegaoutdoor.cl\/store\/wp-json\/wp\/v2\/product\/28827\/revisions\/71072"}],"wp:featuredmedia":[{"embeddable":true,"href":"https:\/\/bodegaoutdoor.cl\/store\/wp-json\/wp\/v2\/media\/28828"}],"wp:attachment":[{"href":"https:\/\/bodegaoutdoor.cl\/store\/wp-json\/wp\/v2\/media?parent=28827"}],"wp:term":[{"taxonomy":"product_brand","embeddable":true,"href":"https:\/\/bodegaoutdoor.cl\/store\/wp-json\/wp\/v2\/product_brand?post=28827"},{"taxonomy":"product_cat","embeddable":true,"href":"https:\/\/bodegaoutdoor.cl\/store\/wp-json\/wp\/v2\/product_cat?post=28827"},{"taxonomy":"product_tag","embeddable":true,"href":"https:\/\/bodegaoutdoor.cl\/store\/wp-json\/wp\/v2\/product_tag?post=28827"}],"curies":[{"name":"wp","href":"https:\/\/api.w.org\/{rel}","templated":true}]}}