{"id":28853,"date":"2021-01-17T17:47:18","date_gmt":"2021-01-17T20:47:18","guid":{"rendered":"https:\/\/bodegaoutdoor.cl\/store\/product\/reloj-de-pulsera-de-doble-pantalla-para-hombre-reloj-masculino-de-pulsera-deportivo-militar-para-exteriores-resistente-al-agua-marca-sanda-hours\/"},"modified":"2023-05-20T19:15:34","modified_gmt":"2023-05-20T23:15:34","slug":"reloj-de-pulsera-de-doble-pantalla-para-hombre-deportivo-outdoor-resistente-al-agua","status":"publish","type":"product","link":"https:\/\/bodegaoutdoor.cl\/store\/product\/reloj-de-pulsera-de-doble-pantalla-para-hombre-deportivo-outdoor-resistente-al-agua\/","title":{"rendered":"Reloj de pulsera de doble pantalla para hombre deportivo Outdoor resistente al agua"},"content":{"rendered":"<p style=\"text-align: center;\"><video style=\"max-width: 100%;\" src=\"\/\/cloud.video.taobao.com\/play\/u\/2207816882089\/p\/1\/e\/6\/t\/10301\/295737019308.mp4\" poster=\"https:\/\/ae01.alicdn.com\/kf\/Hdabdbbb879044eff9acde0cebbd3f624b\/Reloj-de-pulsera-de-doble-pantalla-para-hombre-reloj-masculino-de-pulsera-deportivo-militar-para-exteriores.jpg,https:\/\/ae01.alicdn.com\/kf\/H2260071bd9a4454fa8d588c5c777f11bV\/Reloj-de-pulsera-de-doble-pantalla-para-hombre-reloj-masculino-de-pulsera-deportivo-militar-para-exteriores.jpg,https:\/\/ae01.alicdn.com\/kf\/Hb1179e1d59484677b80e32a60a136f71G\/Reloj-de-pulsera-de-doble-pantalla-para-hombre-reloj-masculino-de-pulsera-deportivo-militar-para-exteriores.jpg,https:\/\/ae01.alicdn.com\/kf\/H1f8d144d0ddf41dda5a33bc5b123c1daN\/Reloj-de-pulsera-de-doble-pantalla-para-hombre-reloj-masculino-de-pulsera-deportivo-militar-para-exteriores.jpg,https:\/\/ae01.alicdn.com\/kf\/H35e1fe6b770d48f890315462e0597199C\/Reloj-de-pulsera-de-doble-pantalla-para-hombre-reloj-masculino-de-pulsera-deportivo-militar-para-exteriores.jpg,https:\/\/ae01.alicdn.com\/kf\/Hdd4829350b9340068e242975015c3b40v\/Reloj-de-pulsera-de-doble-pantalla-para-hombre-reloj-masculino-de-pulsera-deportivo-militar-para-exteriores.jpg\" preload=\"auto\" controls=\"controls\" width=\"100%\" height=\"100%\"><\/video><\/p>\n<div style=\"color: #000000; font-family: arial;\">\n<div><\/div>\n<div style=\"color: #000000; font-family: arial;\">\n<div>\n<div>\n<div>\n<div><span style=\"font-size: 20px;\"><span style=\"font-family: georgia, serif;\"><strong>Fotos<\/strong><\/span><\/span><\/div>\n<div><img decoding=\"async\" title=\"Reloj de pulsera de doble pantalla para hombre, reloj masculino de pulsera deportivo militar para exteriores, resistente al agua, marca SANDA Hours\" src=\"https:\/\/bodegaoutdoor.cl\/store\/wp-content\/uploads\/2021\/01\/28853-pt5rsp.jpg\" alt=\"Reloj de pulsera de doble pantalla para hombre, reloj masculino de pulsera deportivo militar para exteriores, resistente al agua, marca SANDA Hours\" width=\"1000\" height=\"11\" \/><\/div>\n<div>\n<p><img decoding=\"async\" title=\"Reloj de pulsera de doble pantalla para hombre, reloj masculino de pulsera deportivo militar para exteriores, resistente al agua, marca SANDA Hours\" src=\"https:\/\/bodegaoutdoor.cl\/store\/wp-content\/uploads\/2021\/01\/28853-klbjmi.jpg\" alt=\"Reloj de pulsera de doble pantalla para hombre, reloj masculino de pulsera deportivo militar para exteriores, resistente al agua, marca SANDA Hours\" \/><img decoding=\"async\" title=\"Reloj de pulsera de doble pantalla para hombre, reloj masculino de pulsera deportivo militar para exteriores, resistente al agua, marca SANDA Hours\" src=\"https:\/\/bodegaoutdoor.cl\/store\/wp-content\/uploads\/2021\/01\/28853-9rso7l.jpg\" alt=\"Reloj de pulsera de doble pantalla para hombre, reloj masculino de pulsera deportivo militar para exteriores, resistente al agua, marca SANDA Hours\" \/><img decoding=\"async\" title=\"Reloj de pulsera de doble pantalla para hombre, reloj masculino de pulsera deportivo militar para exteriores, resistente al agua, marca SANDA Hours\" src=\"https:\/\/bodegaoutdoor.cl\/store\/wp-content\/uploads\/2021\/01\/28853-spum2t.jpg\" alt=\"Reloj de pulsera de doble pantalla para hombre, reloj masculino de pulsera deportivo militar para exteriores, resistente al agua, marca SANDA Hours\" \/><img decoding=\"async\" title=\"Reloj de pulsera de doble pantalla para hombre, reloj masculino de pulsera deportivo militar para exteriores, resistente al agua, marca SANDA Hours\" src=\"https:\/\/bodegaoutdoor.cl\/store\/wp-content\/uploads\/2021\/01\/28853-82vgfo.jpg\" alt=\"Reloj de pulsera de doble pantalla para hombre, reloj masculino de pulsera deportivo militar para exteriores, resistente al agua, marca SANDA Hours\" \/><img decoding=\"async\" title=\"Reloj de pulsera de doble pantalla para hombre, reloj masculino de pulsera deportivo militar para exteriores, resistente al agua, marca SANDA Hours\" src=\"https:\/\/bodegaoutdoor.cl\/store\/wp-content\/uploads\/2021\/01\/28853-xqbwtp.jpg\" alt=\"Reloj de pulsera de doble pantalla para hombre, reloj masculino de pulsera deportivo militar para exteriores, resistente al agua, marca SANDA Hours\" \/><img decoding=\"async\" title=\"Reloj de pulsera de doble pantalla para hombre, reloj masculino de pulsera deportivo militar para exteriores, resistente al agua, marca SANDA Hours\" src=\"https:\/\/bodegaoutdoor.cl\/store\/wp-content\/uploads\/2021\/01\/28853-xbtoom.jpg\" alt=\"Reloj de pulsera de doble pantalla para hombre, reloj masculino de pulsera deportivo militar para exteriores, resistente al agua, marca SANDA Hours\" \/><\/p>\n<p><img decoding=\"async\" title=\"Reloj de pulsera de doble pantalla para hombre, reloj masculino de pulsera deportivo militar para exteriores, resistente al agua, marca SANDA Hours\" src=\"https:\/\/bodegaoutdoor.cl\/store\/wp-content\/uploads\/2021\/01\/28853-1nqlx3.jpg\" alt=\"Reloj de pulsera de doble pantalla para hombre, reloj masculino de pulsera deportivo militar para exteriores, resistente al agua, marca SANDA Hours\" \/> <img decoding=\"async\" title=\"Reloj de pulsera de doble pantalla para hombre, reloj masculino de pulsera deportivo militar para exteriores, resistente al agua, marca SANDA Hours\" src=\"https:\/\/bodegaoutdoor.cl\/store\/wp-content\/uploads\/2021\/01\/28853-ypvall.jpg\" alt=\"Reloj de pulsera de doble pantalla para hombre, reloj masculino de pulsera deportivo militar para exteriores, resistente al agua, marca SANDA Hours\" \/> <img decoding=\"async\" title=\"Reloj de pulsera de doble pantalla para hombre, reloj masculino de pulsera deportivo militar para exteriores, resistente al agua, marca SANDA Hours\" src=\"https:\/\/bodegaoutdoor.cl\/store\/wp-content\/uploads\/2021\/01\/28853-gmrblm.jpg\" alt=\"Reloj de pulsera de doble pantalla para hombre, reloj masculino de pulsera deportivo militar para exteriores, resistente al agua, marca SANDA Hours\" \/> <img decoding=\"async\" title=\"Reloj de pulsera de doble pantalla para hombre, reloj masculino de pulsera deportivo militar para exteriores, resistente al agua, marca SANDA Hours\" src=\"https:\/\/bodegaoutdoor.cl\/store\/wp-content\/uploads\/2021\/01\/28853-wquxtc.jpg\" alt=\"Reloj de pulsera de doble pantalla para hombre, reloj masculino de pulsera deportivo militar para exteriores, resistente al agua, marca SANDA Hours\" \/> <img decoding=\"async\" title=\"Reloj de pulsera de doble pantalla para hombre, reloj masculino de pulsera deportivo militar para exteriores, resistente al agua, marca SANDA Hours\" src=\"https:\/\/bodegaoutdoor.cl\/store\/wp-content\/uploads\/2021\/01\/28853-0lgv16.jpg\" alt=\"Reloj de pulsera de doble pantalla para hombre, reloj masculino de pulsera deportivo militar para exteriores, resistente al agua, marca SANDA Hours\" \/> <img decoding=\"async\" title=\"Reloj de pulsera de doble pantalla para hombre, reloj masculino de pulsera deportivo militar para exteriores, resistente al agua, marca SANDA Hours\" src=\"https:\/\/bodegaoutdoor.cl\/store\/wp-content\/uploads\/2021\/01\/28853-ij3jgb.jpg\" alt=\"Reloj de pulsera de doble pantalla para hombre, reloj masculino de pulsera deportivo militar para exteriores, resistente al agua, marca SANDA Hours\" \/> <img decoding=\"async\" title=\"Reloj de pulsera de doble pantalla para hombre, reloj masculino de pulsera deportivo militar para exteriores, resistente al agua, marca SANDA Hours\" src=\"https:\/\/bodegaoutdoor.cl\/store\/wp-content\/uploads\/2021\/01\/28853-afs9sv.jpg\" alt=\"Reloj de pulsera de doble pantalla para hombre, reloj masculino de pulsera deportivo militar para exteriores, resistente al agua, marca SANDA Hours\" \/> <img decoding=\"async\" title=\"Reloj de pulsera de doble pantalla para hombre, reloj masculino de pulsera deportivo militar para exteriores, resistente al agua, marca SANDA Hours\" src=\"https:\/\/bodegaoutdoor.cl\/store\/wp-content\/uploads\/2021\/01\/28853-bbafy1.jpg\" alt=\"Reloj de pulsera de doble pantalla para hombre, reloj masculino de pulsera deportivo militar para exteriores, resistente al agua, marca SANDA Hours\" \/> <img decoding=\"async\" title=\"Reloj de pulsera de doble pantalla para hombre, reloj masculino de pulsera deportivo militar para exteriores, resistente al agua, marca SANDA Hours\" src=\"https:\/\/bodegaoutdoor.cl\/store\/wp-content\/uploads\/2021\/01\/28853-iasejv.jpg\" alt=\"Reloj de pulsera de doble pantalla para hombre, reloj masculino de pulsera deportivo militar para exteriores, resistente al agua, marca SANDA Hours\" \/> <img decoding=\"async\" title=\"Reloj de pulsera de doble pantalla para hombre, reloj masculino de pulsera deportivo militar para exteriores, resistente al agua, marca SANDA Hours\" src=\"https:\/\/bodegaoutdoor.cl\/store\/wp-content\/uploads\/2021\/01\/28853-pwxodu.jpg\" alt=\"Reloj de pulsera de doble pantalla para hombre, reloj masculino de pulsera deportivo militar para exteriores, resistente al agua, marca SANDA Hours\" \/> <img decoding=\"async\" title=\"Reloj de pulsera de doble pantalla para hombre, reloj masculino de pulsera deportivo militar para exteriores, resistente al agua, marca SANDA Hours\" src=\"https:\/\/bodegaoutdoor.cl\/store\/wp-content\/uploads\/2021\/01\/28853-lszuiw.jpg\" alt=\"Reloj de pulsera de doble pantalla para hombre, reloj masculino de pulsera deportivo militar para exteriores, resistente al agua, marca SANDA Hours\" \/> <img decoding=\"async\" title=\"Reloj de pulsera de doble pantalla para hombre, reloj masculino de pulsera deportivo militar para exteriores, resistente al agua, marca SANDA Hours\" src=\"https:\/\/bodegaoutdoor.cl\/store\/wp-content\/uploads\/2021\/01\/28853-tvo8hd.jpg\" alt=\"Reloj de pulsera de doble pantalla para hombre, reloj masculino de pulsera deportivo militar para exteriores, resistente al agua, marca SANDA Hours\" \/> <img decoding=\"async\" title=\"Reloj de pulsera de doble pantalla para hombre, reloj masculino de pulsera deportivo militar para exteriores, resistente al agua, marca SANDA Hours\" src=\"https:\/\/bodegaoutdoor.cl\/store\/wp-content\/uploads\/2021\/01\/28853-vtvwec.jpg\" alt=\"Reloj de pulsera de doble pantalla para hombre, reloj masculino de pulsera deportivo militar para exteriores, resistente al agua, marca SANDA Hours\" \/> <img decoding=\"async\" title=\"Reloj de pulsera de doble pantalla para hombre, reloj masculino de pulsera deportivo militar para exteriores, resistente al agua, marca SANDA Hours\" src=\"https:\/\/bodegaoutdoor.cl\/store\/wp-content\/uploads\/2021\/01\/28853-l2mhis.jpg\" alt=\"Reloj de pulsera de doble pantalla para hombre, reloj masculino de pulsera deportivo militar para exteriores, resistente al agua, marca SANDA Hours\" \/> <img decoding=\"async\" title=\"Reloj de pulsera de doble pantalla para hombre, reloj masculino de pulsera deportivo militar para exteriores, resistente al agua, marca SANDA Hours\" src=\"https:\/\/bodegaoutdoor.cl\/store\/wp-content\/uploads\/2021\/01\/28853-7ijy9d.jpg\" alt=\"Reloj de pulsera de doble pantalla para hombre, reloj masculino de pulsera deportivo militar para exteriores, resistente al agua, marca SANDA Hours\" \/> <img decoding=\"async\" title=\"Reloj de pulsera de doble pantalla para hombre, reloj masculino de pulsera deportivo militar para exteriores, resistente al agua, marca SANDA Hours\" src=\"https:\/\/bodegaoutdoor.cl\/store\/wp-content\/uploads\/2021\/01\/28853-3xovxf.jpg\" alt=\"Reloj de pulsera de doble pantalla para hombre, reloj masculino de pulsera deportivo militar para exteriores, resistente al agua, marca SANDA Hours\" \/> <img decoding=\"async\" title=\"Reloj de pulsera de doble pantalla para hombre, reloj masculino de pulsera deportivo militar para exteriores, resistente al agua, marca SANDA Hours\" src=\"https:\/\/bodegaoutdoor.cl\/store\/wp-content\/uploads\/2021\/01\/28853-ee6d5j.jpg\" alt=\"Reloj de pulsera de doble pantalla para hombre, reloj masculino de pulsera deportivo militar para exteriores, resistente al agua, marca SANDA Hours\" \/><\/p>\n<\/div>\n<div><\/div>\n<div><strong><span style=\"font-size: 20px;\"><span style=\"font-family: georgia, serif;\">Descripci\u00f3n<\/span><\/span><\/strong><\/div>\n<div>\n<div><img decoding=\"async\" title=\"Reloj de pulsera de doble pantalla para hombre, reloj masculino de pulsera deportivo militar para exteriores, resistente al agua, marca SANDA Hours\" src=\"https:\/\/bodegaoutdoor.cl\/store\/wp-content\/uploads\/2021\/01\/28853-pt5rsp.jpg\" alt=\"Reloj de pulsera de doble pantalla para hombre, reloj masculino de pulsera deportivo militar para exteriores, resistente al agua, marca SANDA Hours\" width=\"1000\" height=\"11\" \/><\/div>\n<\/div>\n<\/div>\n<\/div>\n<div><span style=\"font-family: arial, helvetica, sans-serif; font-size: 16px;\">Reloj de pulsera de los hombres<\/span><\/div>\n<div><span style=\"font-size: 16px;\"><span style=\"font-family: arial, helvetica, sans-serif;\">Reloj de pulsera de estilo: deporte<\/span><\/span><\/div>\n<div><\/div>\n<div>\n<div>\n<div>\n<div><strong><span style=\"font-family: arial, helvetica, sans-serif; font-size: 16px;\">Multifunci\u00f3n<\/span><\/strong><\/div>\n<\/div>\n<\/div>\n<div><span style=\"font-size: 16px;\"><span style=\"font-family: arial, helvetica, sans-serif;\">Pantalla de tiempo Digital y anal\u00f3gica<br \/>\nLuz de fondo, calendario, cron\u00f3metro y alarma<\/span><\/span><\/div>\n<p><span style=\"font-size: 16px;\"><span style=\"font-family: arial, helvetica, sans-serif;\"><strong>Reloj dial<\/strong><br \/>\nTipo de movimiento del reloj de Pulsera: pantalla Dual<br \/>\nBater\u00eda de reloj de pulsera: m\u00e1s de 2 a\u00f1os<br \/>\nForma de la esfera del reloj de pulsera: redonda<br \/>\nReloj de pulsera con pantalla tipo: Digital y anal\u00f3gico<br \/>\nMaterial de la caja del reloj de pulsera: acero inoxidable y resina<br \/>\nMaterial de la ventana del reloj de pulsera: cristal<br \/>\nColor de la esfera del reloj de pulsera: negro<\/span><\/span><\/p>\n<p><strong>Correa de reloj<\/strong><br \/>\nCorrea material: resina<br \/>\nTipo de cierre de correa de reloj: Hebilla<br \/>\nColor de la correa de reloj: negro\/verde<\/p>\n<p><strong>Tama\u00f1o y peso<\/strong><br \/>\nLongitud del reloj de pulsera: aproximadamente 26 CM<br \/>\nDi\u00e1metro de la esfera del reloj de pulsera: aprox. 5,1 CM<br \/>\nGrosor de la esfera del reloj de pulsera: aprox. 1,8 CM<br \/>\nAncho de la correa del reloj: aprox. 2,2 CM<br \/>\nPeso del reloj de pulsera: aproximadamente 64G<\/p>\n<p><strong>Paquete<\/strong><br \/>\nReloj de pulsera X 1<\/p>\n<p><strong>Impermeable especificaci\u00f3n<\/strong><br \/>\nEs compatible con el ba\u00f1o, la nataci\u00f3n y el buceo.<\/p>\n<\/div>\n<\/div>\n<\/div>\n<\/div>\n\n    <div class=\"xs_social_share_widget xs_share_url after_content \t\tmain_content  wslu-style-1 wslu-share-box-shaped wslu-fill-colored wslu-none wslu-share-horizontal wslu-theme-font-no wslu-main_content\">\n\n\t\t\n        <ul>\n\t\t\t        <\/ul>\n    <\/div> \n","protected":false},"excerpt":{"rendered":"<p>Fotos Descripci\u00f3n Reloj de pulsera de los hombres Reloj de pulsera de estilo: deporte Multifunci\u00f3n Pantalla de tiempo Digital y anal\u00f3gica Luz de fondo, calendario, cron\u00f3metro y alarma Reloj dial Tipo de movimiento del reloj de Pulsera: pantalla Dual Bater\u00eda de reloj de pulsera: m\u00e1s de 2 a\u00f1os Forma de la esfera del reloj de [&hellip;]<\/p>\n","protected":false},"featured_media":28860,"comment_status":"open","ping_status":"closed","template":"","meta":{"jetpack_publicize_message":"","jetpack_publicize_feature_enabled":true,"jetpack_social_post_already_shared":true,"jetpack_social_options":{"image_generator_settings":{"template":"highway","enabled":false},"version":2}},"product_brand":[],"product_cat":[36],"product_tag":[486],"class_list":{"0":"post-28853","1":"product","2":"type-product","3":"status-publish","4":"has-post-thumbnail","6":"product_cat-relojes","7":"product_tag-reloj","9":"first","10":"instock","11":"sale","12":"taxable","13":"shipping-taxable","14":"purchasable","15":"product-type-variable"},"jetpack_publicize_connections":[],"jetpack_sharing_enabled":true,"_links":{"self":[{"href":"https:\/\/bodegaoutdoor.cl\/store\/wp-json\/wp\/v2\/product\/28853","targetHints":{"allow":["GET"]}}],"collection":[{"href":"https:\/\/bodegaoutdoor.cl\/store\/wp-json\/wp\/v2\/product"}],"about":[{"href":"https:\/\/bodegaoutdoor.cl\/store\/wp-json\/wp\/v2\/types\/product"}],"replies":[{"embeddable":true,"href":"https:\/\/bodegaoutdoor.cl\/store\/wp-json\/wp\/v2\/comments?post=28853"}],"version-history":[{"count":1,"href":"https:\/\/bodegaoutdoor.cl\/store\/wp-json\/wp\/v2\/product\/28853\/revisions"}],"predecessor-version":[{"id":71071,"href":"https:\/\/bodegaoutdoor.cl\/store\/wp-json\/wp\/v2\/product\/28853\/revisions\/71071"}],"wp:featuredmedia":[{"embeddable":true,"href":"https:\/\/bodegaoutdoor.cl\/store\/wp-json\/wp\/v2\/media\/28860"}],"wp:attachment":[{"href":"https:\/\/bodegaoutdoor.cl\/store\/wp-json\/wp\/v2\/media?parent=28853"}],"wp:term":[{"taxonomy":"product_brand","embeddable":true,"href":"https:\/\/bodegaoutdoor.cl\/store\/wp-json\/wp\/v2\/product_brand?post=28853"},{"taxonomy":"product_cat","embeddable":true,"href":"https:\/\/bodegaoutdoor.cl\/store\/wp-json\/wp\/v2\/product_cat?post=28853"},{"taxonomy":"product_tag","embeddable":true,"href":"https:\/\/bodegaoutdoor.cl\/store\/wp-json\/wp\/v2\/product_tag?post=28853"}],"curies":[{"name":"wp","href":"https:\/\/api.w.org\/{rel}","templated":true}]}}