{"id":28935,"date":"2021-01-19T23:42:10","date_gmt":"2021-01-20T02:42:10","guid":{"rendered":"https:\/\/bodegaoutdoor.cl\/store\/?post_type=product&#038;p=28935"},"modified":"2023-05-04T19:19:04","modified_gmt":"2023-05-04T23:19:04","slug":"carpa-iglu-nautika-cherokee-5-6","status":"publish","type":"product","link":"https:\/\/bodegaoutdoor.cl\/store\/product\/carpa-iglu-nautika-cherokee-5-6\/","title":{"rendered":"Carpa Igl\u00fa Nautika Cherokee 5\/6"},"content":{"rendered":"<p>Esta carpa pertenece a la l\u00ednea Cherokee GT, que es la l\u00ednea de carpas premium de Nautika. Su dise\u00f1o de \u00faltima tecnolog\u00eda est\u00e1 enfocado en entregar un sue\u00f1o c\u00f3modo y reparador al usuario.<\/p>\n<p>Dentro de sus caracter\u00edsticas se encuentran su tela ultra fina respirable que permite ventilaci\u00f3n constante y su tela de mosquitero interior que evita el ingreso de cualquier tipo de insectos o mosquitos, garantizando un descanso sin interrupciones.<\/p>\n<p>En cuanto a sus atributos t\u00e9cnicos, su estructura de igl\u00fa posee gran estabilidad gracias a sus varillas de fibra de vidrio altamente flexibles y resistentes.<\/p>\n<p><strong>Caracter\u00edsticas Generales:<\/strong><\/p>\n<ul>\n<li>Capacidad para 5\/6 personas<\/li>\n<li>\u00c1bside especial con toldo<\/li>\n<li>Costuras selladas<\/li>\n<\/ul>\n<p><strong>Materiales:<\/strong><\/p>\n<ul>\n<li>Cubretecho: Poli\u00e9ster 190T impermeabilizado con Poliuretano en 2.500 mm de columna de agua<\/li>\n<li>Interior: Tela mosquitero ultra fina que evita la entrada de todo tipo de mosquitos e insectos.<\/li>\n<li>Piso: Polietileno de alta densidad, anti-hongo.<\/li>\n<li>Estructura: Varillas de fibra de vidrio compuesto tipo Flex Max (Roja) con tecnolog\u00eda Nano Fiber (Blanca), con diametro mayor que los convencionales.<\/li>\n<\/ul>\n<p><strong>Dimensiones:<\/strong><\/p>\n<ul>\n<li>Largo: 3.0 mts<\/li>\n<li>Ancho: 3.0 mts<\/li>\n<li>Alto: 1,80 mts<\/li>\n<li>Peso: 6,9 kilos.<\/li>\n<\/ul>\n<p><img fetchpriority=\"high\" decoding=\"async\" class=\"alignnone size-full wp-image-28937\" src=\"https:\/\/bodegaoutdoor.cl\/store\/wp-content\/uploads\/2021\/01\/productos_021907140000000.jpg\" alt=\"\" width=\"2000\" height=\"2000\" srcset=\"https:\/\/bodegaoutdoor.cl\/store\/wp-content\/uploads\/2021\/01\/productos_021907140000000.jpg 2000w, https:\/\/bodegaoutdoor.cl\/store\/wp-content\/uploads\/2021\/01\/productos_021907140000000-300x300.jpg 300w, https:\/\/bodegaoutdoor.cl\/store\/wp-content\/uploads\/2021\/01\/productos_021907140000000-100x100.jpg 100w, https:\/\/bodegaoutdoor.cl\/store\/wp-content\/uploads\/2021\/01\/productos_021907140000000-600x600.jpg 600w, https:\/\/bodegaoutdoor.cl\/store\/wp-content\/uploads\/2021\/01\/productos_021907140000000-150x150.jpg 150w, https:\/\/bodegaoutdoor.cl\/store\/wp-content\/uploads\/2021\/01\/productos_021907140000000-768x768.jpg 768w, https:\/\/bodegaoutdoor.cl\/store\/wp-content\/uploads\/2021\/01\/productos_021907140000000-1536x1536.jpg 1536w\" sizes=\"(max-width: 2000px) 100vw, 2000px\" \/><\/p>\n\n    <div class=\"xs_social_share_widget xs_share_url after_content \t\tmain_content  wslu-style-1 wslu-share-box-shaped wslu-fill-colored wslu-none wslu-share-horizontal wslu-theme-font-no wslu-main_content\">\n\n\t\t\n        <ul>\n\t\t\t        <\/ul>\n    <\/div> \n","protected":false},"excerpt":{"rendered":"<p>Esta carpa pertenece a la l\u00ednea Cherokee GT, que es la l\u00ednea de carpas premium de Nautika. Su dise\u00f1o de \u00faltima tecnolog\u00eda est\u00e1 enfocado en entregar un sue\u00f1o c\u00f3modo y reparador al usuario. Dentro de sus caracter\u00edsticas se encuentran su tela ultra fina respirable que permite ventilaci\u00f3n constante y su tela de mosquitero interior que [&hellip;]<\/p>\n","protected":false},"featured_media":28936,"comment_status":"open","ping_status":"closed","template":"","meta":{"jetpack_publicize_message":"","jetpack_publicize_feature_enabled":true,"jetpack_social_post_already_shared":true,"jetpack_social_options":{"image_generator_settings":{"template":"highway","enabled":false},"version":2}},"product_brand":[],"product_cat":[856,67],"product_tag":[483,2149],"class_list":{"0":"post-28935","1":"product","2":"type-product","3":"status-publish","4":"has-post-thumbnail","6":"product_cat-carpas-4-6-personas","7":"product_cat-carpas-camping","8":"product_tag-camping","9":"product_tag-carpa","11":"first","12":"instock","13":"sale","14":"taxable","15":"shipping-taxable","16":"purchasable","17":"product-type-simple"},"jetpack_publicize_connections":[],"jetpack_sharing_enabled":true,"_links":{"self":[{"href":"https:\/\/bodegaoutdoor.cl\/store\/wp-json\/wp\/v2\/product\/28935","targetHints":{"allow":["GET"]}}],"collection":[{"href":"https:\/\/bodegaoutdoor.cl\/store\/wp-json\/wp\/v2\/product"}],"about":[{"href":"https:\/\/bodegaoutdoor.cl\/store\/wp-json\/wp\/v2\/types\/product"}],"replies":[{"embeddable":true,"href":"https:\/\/bodegaoutdoor.cl\/store\/wp-json\/wp\/v2\/comments?post=28935"}],"version-history":[{"count":1,"href":"https:\/\/bodegaoutdoor.cl\/store\/wp-json\/wp\/v2\/product\/28935\/revisions"}],"predecessor-version":[{"id":62560,"href":"https:\/\/bodegaoutdoor.cl\/store\/wp-json\/wp\/v2\/product\/28935\/revisions\/62560"}],"wp:featuredmedia":[{"embeddable":true,"href":"https:\/\/bodegaoutdoor.cl\/store\/wp-json\/wp\/v2\/media\/28936"}],"wp:attachment":[{"href":"https:\/\/bodegaoutdoor.cl\/store\/wp-json\/wp\/v2\/media?parent=28935"}],"wp:term":[{"taxonomy":"product_brand","embeddable":true,"href":"https:\/\/bodegaoutdoor.cl\/store\/wp-json\/wp\/v2\/product_brand?post=28935"},{"taxonomy":"product_cat","embeddable":true,"href":"https:\/\/bodegaoutdoor.cl\/store\/wp-json\/wp\/v2\/product_cat?post=28935"},{"taxonomy":"product_tag","embeddable":true,"href":"https:\/\/bodegaoutdoor.cl\/store\/wp-json\/wp\/v2\/product_tag?post=28935"}],"curies":[{"name":"wp","href":"https:\/\/api.w.org\/{rel}","templated":true}]}}