{"id":29068,"date":"2021-01-27T16:43:41","date_gmt":"2021-01-27T19:43:41","guid":{"rendered":"https:\/\/bodegaoutdoor.cl\/store\/product\/gafas-de-esqui-capa-uv400-anti-fog-esqui-grande-mascara-gafas-de-sol-esqui-hombres-mujeres-snowboard\/"},"modified":"2023-05-04T19:19:03","modified_gmt":"2023-05-04T23:19:03","slug":"gafas-de-esqui-capa-uv400-anti-fog-esqui-grande-mascara-gafas-de-sol-esqui-hombres-mujeres-snowboard","status":"publish","type":"product","link":"https:\/\/bodegaoutdoor.cl\/store\/product\/gafas-de-esqui-capa-uv400-anti-fog-esqui-grande-mascara-gafas-de-sol-esqui-hombres-mujeres-snowboard\/","title":{"rendered":"Gafas de esqu\u00ed capa UV400 Anti-fog esqu\u00ed grande m\u00e1scara gafas de sol esqu\u00ed unisex Snowboard"},"content":{"rendered":"<p><span style=\"font-size: 14.0px;\"><img decoding=\"async\" title=\"Gafas de esqu\u00ed capa UV400 Anti-fog esqu\u00ed grande m\u00e1scara gafas de sol esqu\u00ed hombres mujeres Snowboard\" src=\"https:\/\/bodegaoutdoor.cl\/store\/wp-content\/uploads\/2021\/01\/29068-q1jo36.jpg\" alt=\"Gafas de esqu\u00ed capa UV400 Anti-fog esqu\u00ed grande m\u00e1scara gafas de sol esqu\u00ed hombres mujeres Snowboard\" width=\"710\" height=\"24\" \/><\/span><\/p>\n<h1><strong><span style=\"font-size: 16.0px;\"><span style=\"font-family: georgia , serif;\">Gafas de esqu\u00ed capa UV400 Anti-fog esqu\u00ed grande m\u00e1scara gafas de sol esqu\u00ed hombres mujeres Snowboard<\/span><\/span><\/strong><\/h1>\n<p><span style=\"font-size: 18.0px;\"><span style=\"font-family: times new roman , times , serif;\">Tipo de gafas: gafas de esqu\u00ed profesionales<br \/>\nAtributo \u00f3ptico de las lentes: protecci\u00f3n UV400, revestimiento de espejo<br \/>\nAncho de la lente: 24cm<br \/>\nAltura de la lente: 11cm<br \/>\nPeso: alrededor de 180g<br \/>\nMarcos material: TPU<br \/>\nLentes de material: PC<br \/>\nCertificaci\u00f3n: ISO9001&#8230; CE SGS DAS la FDA<br \/>\nUsando material TPU para el marco, el material tiene un excelente rendimiento flexible, por lo que no causar\u00e1 lesiones en el ojo cuando la superficie del espejo sea por el impacto.<br \/>\nUso de material de PC de moldeo por inyecci\u00f3n doble para lentes, que tiene resistencia a ara\u00f1azos, resistencia a impactos, corte UV, antiniebla y otras caracter\u00edsticas.<\/span><\/span><\/p>\n<p>El paquete incluye<br \/>\n1 * gafas de esqu\u00ed<br \/>\n1 * gafas bolsa<br \/>\n(Sin caja dura)<\/p>\n<p><span style=\"font-size: 14.0px;\"><img decoding=\"async\" title=\"Gafas de esqu\u00ed capa UV400 Anti-fog esqu\u00ed grande m\u00e1scara gafas de sol esqu\u00ed hombres mujeres Snowboard\" src=\"https:\/\/bodegaoutdoor.cl\/store\/wp-content\/uploads\/2021\/01\/29068-p8emdu.jpg\" alt=\"Gafas de esqu\u00ed capa UV400 Anti-fog esqu\u00ed grande m\u00e1scara gafas de sol esqu\u00ed hombres mujeres Snowboard\" width=\"710\" height=\"24\" \/><\/span><\/p>\n<p style=\"text-align: left; margin: 0;\"><img decoding=\"async\" title=\"Gafas de esqu\u00ed capa UV400 Anti-fog esqu\u00ed grande m\u00e1scara gafas de sol esqu\u00ed hombres mujeres Snowboard\" src=\"https:\/\/bodegaoutdoor.cl\/store\/wp-content\/uploads\/2021\/01\/29068-vu5and.jpg\" alt=\"Gafas de esqu\u00ed capa UV400 Anti-fog esqu\u00ed grande m\u00e1scara gafas de sol esqu\u00ed hombres mujeres Snowboard\" \/><img decoding=\"async\" title=\"Gafas de esqu\u00ed capa UV400 Anti-fog esqu\u00ed grande m\u00e1scara gafas de sol esqu\u00ed hombres mujeres Snowboard\" src=\"https:\/\/bodegaoutdoor.cl\/store\/wp-content\/uploads\/2021\/01\/29068-i26mld.jpg\" alt=\"Gafas de esqu\u00ed capa UV400 Anti-fog esqu\u00ed grande m\u00e1scara gafas de sol esqu\u00ed hombres mujeres Snowboard\" \/><img decoding=\"async\" title=\"Gafas de esqu\u00ed capa UV400 Anti-fog esqu\u00ed grande m\u00e1scara gafas de sol esqu\u00ed hombres mujeres Snowboard\" src=\"https:\/\/bodegaoutdoor.cl\/store\/wp-content\/uploads\/2021\/01\/29068-eywakm.jpg\" alt=\"Gafas de esqu\u00ed capa UV400 Anti-fog esqu\u00ed grande m\u00e1scara gafas de sol esqu\u00ed hombres mujeres Snowboard\" \/><img decoding=\"async\" title=\"Gafas de esqu\u00ed capa UV400 Anti-fog esqu\u00ed grande m\u00e1scara gafas de sol esqu\u00ed hombres mujeres Snowboard\" src=\"https:\/\/bodegaoutdoor.cl\/store\/wp-content\/uploads\/2021\/01\/29068-qnofzu.jpg\" alt=\"Gafas de esqu\u00ed capa UV400 Anti-fog esqu\u00ed grande m\u00e1scara gafas de sol esqu\u00ed hombres mujeres Snowboard\" \/><img decoding=\"async\" title=\"Gafas de esqu\u00ed capa UV400 Anti-fog esqu\u00ed grande m\u00e1scara gafas de sol esqu\u00ed hombres mujeres Snowboard\" src=\"https:\/\/bodegaoutdoor.cl\/store\/wp-content\/uploads\/2021\/01\/29068-48bmox.jpg\" alt=\"Gafas de esqu\u00ed capa UV400 Anti-fog esqu\u00ed grande m\u00e1scara gafas de sol esqu\u00ed hombres mujeres Snowboard\" \/><img decoding=\"async\" title=\"Gafas de esqu\u00ed capa UV400 Anti-fog esqu\u00ed grande m\u00e1scara gafas de sol esqu\u00ed hombres mujeres Snowboard\" src=\"https:\/\/bodegaoutdoor.cl\/store\/wp-content\/uploads\/2021\/01\/29068-ebfmp7.jpg\" alt=\"Gafas de esqu\u00ed capa UV400 Anti-fog esqu\u00ed grande m\u00e1scara gafas de sol esqu\u00ed hombres mujeres Snowboard\" \/><img decoding=\"async\" title=\"Gafas de esqu\u00ed capa UV400 Anti-fog esqu\u00ed grande m\u00e1scara gafas de sol esqu\u00ed hombres mujeres Snowboard\" src=\"https:\/\/bodegaoutdoor.cl\/store\/wp-content\/uploads\/2021\/01\/29068-u27zdv.jpg\" alt=\"Gafas de esqu\u00ed capa UV400 Anti-fog esqu\u00ed grande m\u00e1scara gafas de sol esqu\u00ed hombres mujeres Snowboard\" \/><img decoding=\"async\" title=\"Gafas de esqu\u00ed capa UV400 Anti-fog esqu\u00ed grande m\u00e1scara gafas de sol esqu\u00ed hombres mujeres Snowboard\" src=\"https:\/\/bodegaoutdoor.cl\/store\/wp-content\/uploads\/2021\/01\/29068-gzyvze.jpg\" alt=\"Gafas de esqu\u00ed capa UV400 Anti-fog esqu\u00ed grande m\u00e1scara gafas de sol esqu\u00ed hombres mujeres Snowboard\" \/><img decoding=\"async\" title=\"Gafas de esqu\u00ed capa UV400 Anti-fog esqu\u00ed grande m\u00e1scara gafas de sol esqu\u00ed hombres mujeres Snowboard\" src=\"https:\/\/bodegaoutdoor.cl\/store\/wp-content\/uploads\/2021\/01\/29068-5sd5cs.jpg\" alt=\"Gafas de esqu\u00ed capa UV400 Anti-fog esqu\u00ed grande m\u00e1scara gafas de sol esqu\u00ed hombres mujeres Snowboard\" \/><img decoding=\"async\" title=\"Gafas de esqu\u00ed capa UV400 Anti-fog esqu\u00ed grande m\u00e1scara gafas de sol esqu\u00ed hombres mujeres Snowboard\" src=\"https:\/\/bodegaoutdoor.cl\/store\/wp-content\/uploads\/2021\/01\/29068-jo3700.jpg\" alt=\"Gafas de esqu\u00ed capa UV400 Anti-fog esqu\u00ed grande m\u00e1scara gafas de sol esqu\u00ed hombres mujeres Snowboard\" \/><img decoding=\"async\" title=\"Gafas de esqu\u00ed capa UV400 Anti-fog esqu\u00ed grande m\u00e1scara gafas de sol esqu\u00ed hombres mujeres Snowboard\" src=\"https:\/\/bodegaoutdoor.cl\/store\/wp-content\/uploads\/2021\/01\/29068-6ve4i1.jpg\" alt=\"Gafas de esqu\u00ed capa UV400 Anti-fog esqu\u00ed grande m\u00e1scara gafas de sol esqu\u00ed hombres mujeres Snowboard\" \/><\/p>\n<div style=\"line-height: normal;\">\n<div><span style=\"font-size: 22.0px;\"><strong><span style=\"background-color: #ffff00;\">\u00a1Nuestra Promesa!<\/span><\/strong><\/span><\/div>\n<div>1. Prometemos que recibir\u00e1s el pedido una vez que termines el pago.<\/div>\n<div><\/div>\n<div>2. Una vez que el paquete se confirme perdido, te lo enviaremos de nuevo o Te reembolsaremos el dinero, no te preocupes.<strong>Si recibiste el art\u00edculo incorrecto, por favor toma una foto del paquete y del art\u00edculo que recibiste, entonces Cont\u00e1ctanos directamente<\/strong>\u00a1! Le daremos una buena soluci\u00f3n.<\/div>\n<div><\/div>\n<\/div>\n<div style=\"line-height: normal;\">\n<div style=\"font-size: 13.0px; border: 0.0px; font-family: arial; vertical-align: baseline; color: #000000; padding: 0.0px; margin: 0.0px; line-height: 16.0px;\">\n<div style=\"border: 0.0px; vertical-align: baseline; padding: 0.0px; margin: 0.0px;\">\n<div>\n<div><img decoding=\"async\" title=\"Gafas de esqu\u00ed capa UV400 Anti-fog esqu\u00ed grande m\u00e1scara gafas de sol esqu\u00ed hombres mujeres Snowboard\" src=\"https:\/\/bodegaoutdoor.cl\/store\/wp-content\/uploads\/2021\/01\/29068-nyxmuu.jpg\" alt=\"Gafas de esqu\u00ed capa UV400 Anti-fog esqu\u00ed grande m\u00e1scara gafas de sol esqu\u00ed hombres mujeres Snowboard\" width=\"700\" height=\"30\" \/><\/div>\n<div>\n<h1 style=\"color: #333333; font-family: arial , verdana , sans-serif;\"><\/h1>\n<\/div>\n<div><\/div>\n<div><\/div>\n<div><\/div>\n<div><\/div>\n<div><\/div>\n<div><\/div>\n<\/div>\n<div><\/div>\n<\/div>\n<div style=\"border: 0.0px; vertical-align: baseline; padding: 0.0px; text-align: center; margin: 0.0px;\"><\/div>\n<div style=\"border: 0.0px; vertical-align: baseline; padding: 0.0px; text-align: center; margin: 0.0px;\"><\/div>\n<div style=\"border: 0.0px; vertical-align: baseline; padding: 0.0px; text-align: center; margin: 0.0px;\"><\/div>\n<div style=\"border: 0.0px; vertical-align: baseline; padding: 0.0px; text-align: center; margin: 0.0px;\"><\/div>\n<\/div>\n<\/div>\n\n    <div class=\"xs_social_share_widget xs_share_url after_content \t\tmain_content  wslu-style-1 wslu-share-box-shaped wslu-fill-colored wslu-none wslu-share-horizontal wslu-theme-font-no wslu-main_content\">\n\n\t\t\n        <ul>\n\t\t\t        <\/ul>\n    <\/div> \n","protected":false},"excerpt":{"rendered":"<p>Gafas de esqu\u00ed capa UV400 Anti-fog esqu\u00ed grande m\u00e1scara gafas de sol esqu\u00ed hombres mujeres Snowboard Tipo de gafas: gafas de esqu\u00ed profesionales Atributo \u00f3ptico de las lentes: protecci\u00f3n UV400, revestimiento de espejo Ancho de la lente: 24cm Altura de la lente: 11cm Peso: alrededor de 180g Marcos material: TPU Lentes de material: PC Certificaci\u00f3n: [&hellip;]<\/p>\n","protected":false},"featured_media":29080,"comment_status":"open","ping_status":"closed","template":"","meta":{"jetpack_publicize_message":"","jetpack_publicize_feature_enabled":true,"jetpack_social_post_already_shared":true,"jetpack_social_options":{"image_generator_settings":{"template":"highway","enabled":false},"version":2}},"product_brand":[],"product_cat":[38],"product_tag":[2195,2197,517,2194,481,2196],"class_list":{"0":"post-29068","1":"product","2":"type-product","3":"status-publish","4":"has-post-thumbnail","6":"product_cat-lentes","7":"product_tag-ajustables","8":"product_tag-anti-fog","9":"product_tag-deportes","10":"product_tag-gafas","11":"product_tag-outdoor","12":"product_tag-sky","14":"first","15":"instock","16":"sale","17":"taxable","18":"shipping-taxable","19":"purchasable","20":"product-type-variable"},"jetpack_publicize_connections":[],"jetpack_sharing_enabled":true,"_links":{"self":[{"href":"https:\/\/bodegaoutdoor.cl\/store\/wp-json\/wp\/v2\/product\/29068","targetHints":{"allow":["GET"]}}],"collection":[{"href":"https:\/\/bodegaoutdoor.cl\/store\/wp-json\/wp\/v2\/product"}],"about":[{"href":"https:\/\/bodegaoutdoor.cl\/store\/wp-json\/wp\/v2\/types\/product"}],"replies":[{"embeddable":true,"href":"https:\/\/bodegaoutdoor.cl\/store\/wp-json\/wp\/v2\/comments?post=29068"}],"version-history":[{"count":2,"href":"https:\/\/bodegaoutdoor.cl\/store\/wp-json\/wp\/v2\/product\/29068\/revisions"}],"predecessor-version":[{"id":71067,"href":"https:\/\/bodegaoutdoor.cl\/store\/wp-json\/wp\/v2\/product\/29068\/revisions\/71067"}],"wp:featuredmedia":[{"embeddable":true,"href":"https:\/\/bodegaoutdoor.cl\/store\/wp-json\/wp\/v2\/media\/29080"}],"wp:attachment":[{"href":"https:\/\/bodegaoutdoor.cl\/store\/wp-json\/wp\/v2\/media?parent=29068"}],"wp:term":[{"taxonomy":"product_brand","embeddable":true,"href":"https:\/\/bodegaoutdoor.cl\/store\/wp-json\/wp\/v2\/product_brand?post=29068"},{"taxonomy":"product_cat","embeddable":true,"href":"https:\/\/bodegaoutdoor.cl\/store\/wp-json\/wp\/v2\/product_cat?post=29068"},{"taxonomy":"product_tag","embeddable":true,"href":"https:\/\/bodegaoutdoor.cl\/store\/wp-json\/wp\/v2\/product_tag?post=29068"}],"curies":[{"name":"wp","href":"https:\/\/api.w.org\/{rel}","templated":true}]}}