{"id":29284,"date":"2021-01-28T08:43:44","date_gmt":"2021-01-28T11:43:44","guid":{"rendered":"https:\/\/bodegaoutdoor.cl\/store\/product\/telescopio-portatil-de-150x53mm-linterna-telescopica-de-1800m-9900m-distancia-infrarroja-monocular-de-gran-angulo-para-senderismo-y-viajes\/"},"modified":"2023-05-04T19:19:03","modified_gmt":"2023-05-04T23:19:03","slug":"telescopio-portatil-de-150x53mm-linterna-telescopica-de-1800m-9900m-distancia-infrarroja-monocular-de-gran-angulo-para-senderismo-y-viajes","status":"publish","type":"product","link":"https:\/\/bodegaoutdoor.cl\/store\/product\/telescopio-portatil-de-150x53mm-linterna-telescopica-de-1800m-9900m-distancia-infrarroja-monocular-de-gran-angulo-para-senderismo-y-viajes\/","title":{"rendered":"Telescopio port\u00e1til de 150x53mm, linterna telesc\u00f3pica de 1800M\/9900M + distancia infrarroja, Monocular de gran \u00e1ngulo"},"content":{"rendered":"<div style=\"margin: 0 auto; max-width: 1000px;\">\n<p style=\"overflow: hidden; height: 1px; padding: 0; margin: 0;\">RM13681979102997084<\/p>\n<p>&nbsp;<\/p>\n<div style=\"margin-top: -45.81%;\">\n<div style=\"margin-left: 66.6666%; margin-top: -45.81%; width: 33.3333%;\"><\/div>\n<\/div>\n<\/div>\n<div><span style=\"font-size: 20px;\"><strong>150x53mm 1800 M\/9900 M linterna con br\u00fajula + distancia infrarroja visi\u00f3n nocturna de gran angular Monocular senderismo viaje telescopio port\u00e1til<br \/>\n<span style=\"background-color: #ffff33;\">Esta vista \u00fanicamente gafas tienen bajo nivel de luz Funci\u00f3n de visi\u00f3n nocturna<\/span><\/strong><\/span><\/div>\n<div>\n<div>\n<p>Descripci\u00f3n del producto<br \/>\nTama\u00f1o: 150x53mm<br \/>\nLente: 40mm 22mm<br \/>\nAmpliaci\u00f3n: 50x<br \/>\nCaracter\u00edsticas:<br \/>\n1. monocular de alta potencia: aumento de 12X con dise\u00f1o de lente de prisma BAK4, d\u00e1ndote un paisaje m\u00e1s claro y colorido.<br \/>\n2. Amplio campo de visi\u00f3n: La pel\u00edcula verde mejorada multicapa FMC aumenta la transmisi\u00f3n de luz para im\u00e1genes m\u00e1s brillantes y con mayor contraste.<br \/>\n3. F\u00e1cil de enfocar: se puede doblar para que coincida con la distancia de tus ojos, adecuado tanto para adultos como para ni\u00f1os.<br \/>\n4. Resistente al agua, el espejo est\u00e1 lleno de nitr\u00f3geno de alta pureza, resistente al agua y antiempa\u00f1amiento. Puede usarlo en un ambiente h\u00famedo y de d\u00eda lluvioso sin preocupaciones.<br \/>\n5. Equipado con un tr\u00edpode, control remoto y clip para tel\u00e9fono: Pon tus manos libres para ver la vista m\u00e1s hermosa a trav\u00e9s de tu tel\u00e9fono.<br \/>\n6. Con la br\u00fajula: una br\u00fajula en el monocular, nunca tendr\u00e1s que preocuparte de que te puedas perder en el viaje.<br \/>\n7. Visi\u00f3n de distancia adicional: la distancia visual m\u00e1s lejana puede ser de hasta 9900 m, es 20 veces m\u00e1s grande que otras c\u00e1maras normales.<br \/>\nConsejo c\u00e1lido:<br \/>\nVer el sol puede causar da\u00f1os permanentes en los ojos. No mires el Sol con este monocular o incluso a simple vista.<\/p>\n<p>El paquete incluye:<br \/>\nA1 x telescopio<br \/>\n1 x telescopio<br \/>\n1 x conector de objetivo<br \/>\n1 x pa\u00f1o de limpieza<br \/>\n1 x Clip<br \/>\n1 x bolsa<br \/>\n1 x cuerda de seguridad.<br \/>\n1 x Instrucciones de<br \/>\n1 x caja<\/p>\n<p><img decoding=\"async\" title=\"Telescopio port\u00e1til de 150x53mm, linterna telesc\u00f3pica de 1800M\/9900M + distancia infrarroja, Monocular de gran \u00e1ngulo para senderismo y viajes\" src=\"https:\/\/bodegaoutdoor.cl\/store\/wp-content\/uploads\/2021\/01\/29284-3w8lvk.jpg\" alt=\"Telescopio port\u00e1til de 150x53mm, linterna telesc\u00f3pica de 1800M\/9900M + distancia infrarroja, Monocular de gran \u00e1ngulo para senderismo y viajes\" \/> <img decoding=\"async\" title=\"Telescopio port\u00e1til de 150x53mm, linterna telesc\u00f3pica de 1800M\/9900M + distancia infrarroja, Monocular de gran \u00e1ngulo para senderismo y viajes\" src=\"https:\/\/bodegaoutdoor.cl\/store\/wp-content\/uploads\/2021\/01\/29284-fdrfga.jpg\" alt=\"Telescopio port\u00e1til de 150x53mm, linterna telesc\u00f3pica de 1800M\/9900M + distancia infrarroja, Monocular de gran \u00e1ngulo para senderismo y viajes\" \/><\/p>\n<table style=\"width: 1293.0px;\" align=\"center\">\n<tbody>\n<tr>\n<td>\n<div>\n<div style=\"font-family: arial; font-size: large;\">\n<div><\/div>\n<\/div>\n<\/div>\n<\/td>\n<\/tr>\n<\/tbody>\n<\/table>\n<p><img decoding=\"async\" title=\"Telescopio port\u00e1til de 150x53mm, linterna telesc\u00f3pica de 1800M\/9900M + distancia infrarroja, Monocular de gran \u00e1ngulo para senderismo y viajes\" src=\"https:\/\/bodegaoutdoor.cl\/store\/wp-content\/uploads\/2021\/01\/29284-nj6igz.jpg\" alt=\"Telescopio port\u00e1til de 150x53mm, linterna telesc\u00f3pica de 1800M\/9900M + distancia infrarroja, Monocular de gran \u00e1ngulo para senderismo y viajes\" \/><br \/>\n<img decoding=\"async\" style=\"width: 800px; height: 800px;\" title=\"Telescopio port\u00e1til de 150x53mm, linterna telesc\u00f3pica de 1800M\/9900M + distancia infrarroja, Monocular de gran \u00e1ngulo para senderismo y viajes\" src=\"https:\/\/bodegaoutdoor.cl\/store\/wp-content\/uploads\/2021\/01\/29284-quzyit.jpg\" alt=\"Telescopio port\u00e1til de 150x53mm, linterna telesc\u00f3pica de 1800M\/9900M + distancia infrarroja, Monocular de gran \u00e1ngulo para senderismo y viajes\" \/><br \/>\n<img decoding=\"async\" style=\"width: 800px; height: 800px;\" title=\"Telescopio port\u00e1til de 150x53mm, linterna telesc\u00f3pica de 1800M\/9900M + distancia infrarroja, Monocular de gran \u00e1ngulo para senderismo y viajes\" src=\"https:\/\/bodegaoutdoor.cl\/store\/wp-content\/uploads\/2021\/01\/29284-asvkwt.jpg\" alt=\"Telescopio port\u00e1til de 150x53mm, linterna telesc\u00f3pica de 1800M\/9900M + distancia infrarroja, Monocular de gran \u00e1ngulo para senderismo y viajes\" \/><img decoding=\"async\" title=\"Telescopio port\u00e1til de 150x53mm, linterna telesc\u00f3pica de 1800M\/9900M + distancia infrarroja, Monocular de gran \u00e1ngulo para senderismo y viajes\" src=\"https:\/\/bodegaoutdoor.cl\/store\/wp-content\/uploads\/2021\/01\/29284-himuin.jpg\" alt=\"Telescopio port\u00e1til de 150x53mm, linterna telesc\u00f3pica de 1800M\/9900M + distancia infrarroja, Monocular de gran \u00e1ngulo para senderismo y viajes\" \/><img decoding=\"async\" title=\"Telescopio port\u00e1til de 150x53mm, linterna telesc\u00f3pica de 1800M\/9900M + distancia infrarroja, Monocular de gran \u00e1ngulo para senderismo y viajes\" src=\"https:\/\/bodegaoutdoor.cl\/store\/wp-content\/uploads\/2021\/01\/29284-pyipee.jpg\" alt=\"Telescopio port\u00e1til de 150x53mm, linterna telesc\u00f3pica de 1800M\/9900M + distancia infrarroja, Monocular de gran \u00e1ngulo para senderismo y viajes\" \/><br \/>\n<img decoding=\"async\" style=\"width: 800px; height: 800px;\" title=\"Telescopio port\u00e1til de 150x53mm, linterna telesc\u00f3pica de 1800M\/9900M + distancia infrarroja, Monocular de gran \u00e1ngulo para senderismo y viajes\" src=\"https:\/\/bodegaoutdoor.cl\/store\/wp-content\/uploads\/2021\/01\/29284-sbkmg9.jpg\" alt=\"Telescopio port\u00e1til de 150x53mm, linterna telesc\u00f3pica de 1800M\/9900M + distancia infrarroja, Monocular de gran \u00e1ngulo para senderismo y viajes\" \/><img decoding=\"async\" title=\"Telescopio port\u00e1til de 150x53mm, linterna telesc\u00f3pica de 1800M\/9900M + distancia infrarroja, Monocular de gran \u00e1ngulo para senderismo y viajes\" src=\"https:\/\/bodegaoutdoor.cl\/store\/wp-content\/uploads\/2021\/01\/29284-krblzi.jpg\" alt=\"Telescopio port\u00e1til de 150x53mm, linterna telesc\u00f3pica de 1800M\/9900M + distancia infrarroja, Monocular de gran \u00e1ngulo para senderismo y viajes\" \/><img decoding=\"async\" title=\"Telescopio port\u00e1til de 150x53mm, linterna telesc\u00f3pica de 1800M\/9900M + distancia infrarroja, Monocular de gran \u00e1ngulo para senderismo y viajes\" src=\"https:\/\/bodegaoutdoor.cl\/store\/wp-content\/uploads\/2021\/01\/29284-duxxax.jpg\" alt=\"Telescopio port\u00e1til de 150x53mm, linterna telesc\u00f3pica de 1800M\/9900M + distancia infrarroja, Monocular de gran \u00e1ngulo para senderismo y viajes\" \/><\/p>\n<div><\/div>\n<\/div>\n<\/div>\n\n    <div class=\"xs_social_share_widget xs_share_url after_content \t\tmain_content  wslu-style-1 wslu-share-box-shaped wslu-fill-colored wslu-none wslu-share-horizontal wslu-theme-font-no wslu-main_content\">\n\n\t\t\n        <ul>\n\t\t\t        <\/ul>\n    <\/div> \n","protected":false},"excerpt":{"rendered":"<p>Despacho Gratis.<\/p>\n<p><span style=\"color: #ff0000;\"> Solo env\u00edo Internacional.<\/span><\/p>\n","protected":false},"featured_media":29287,"comment_status":"open","ping_status":"closed","template":"","meta":{"jetpack_publicize_message":"","jetpack_publicize_feature_enabled":true,"jetpack_social_post_already_shared":true,"jetpack_social_options":{"image_generator_settings":{"template":"highway","enabled":false},"version":2}},"product_brand":[],"product_cat":[15,64,35],"product_tag":[2202,1444],"class_list":{"0":"post-29284","1":"product","2":"type-product","3":"status-publish","4":"has-post-thumbnail","6":"product_cat-otros","7":"product_cat-accessories","8":"product_cat-iliminacion","9":"product_tag-monocular","10":"product_tag-zoom","12":"first","13":"outofstock","14":"sale","15":"taxable","16":"shipping-taxable","17":"purchasable","18":"product-type-variable"},"jetpack_publicize_connections":[],"jetpack_sharing_enabled":true,"_links":{"self":[{"href":"https:\/\/bodegaoutdoor.cl\/store\/wp-json\/wp\/v2\/product\/29284","targetHints":{"allow":["GET"]}}],"collection":[{"href":"https:\/\/bodegaoutdoor.cl\/store\/wp-json\/wp\/v2\/product"}],"about":[{"href":"https:\/\/bodegaoutdoor.cl\/store\/wp-json\/wp\/v2\/types\/product"}],"replies":[{"embeddable":true,"href":"https:\/\/bodegaoutdoor.cl\/store\/wp-json\/wp\/v2\/comments?post=29284"}],"version-history":[{"count":1,"href":"https:\/\/bodegaoutdoor.cl\/store\/wp-json\/wp\/v2\/product\/29284\/revisions"}],"predecessor-version":[{"id":71065,"href":"https:\/\/bodegaoutdoor.cl\/store\/wp-json\/wp\/v2\/product\/29284\/revisions\/71065"}],"wp:featuredmedia":[{"embeddable":true,"href":"https:\/\/bodegaoutdoor.cl\/store\/wp-json\/wp\/v2\/media\/29287"}],"wp:attachment":[{"href":"https:\/\/bodegaoutdoor.cl\/store\/wp-json\/wp\/v2\/media?parent=29284"}],"wp:term":[{"taxonomy":"product_brand","embeddable":true,"href":"https:\/\/bodegaoutdoor.cl\/store\/wp-json\/wp\/v2\/product_brand?post=29284"},{"taxonomy":"product_cat","embeddable":true,"href":"https:\/\/bodegaoutdoor.cl\/store\/wp-json\/wp\/v2\/product_cat?post=29284"},{"taxonomy":"product_tag","embeddable":true,"href":"https:\/\/bodegaoutdoor.cl\/store\/wp-json\/wp\/v2\/product_tag?post=29284"}],"curies":[{"name":"wp","href":"https:\/\/api.w.org\/{rel}","templated":true}]}}