{"id":33261,"date":"2021-03-17T11:28:18","date_gmt":"2021-03-17T14:28:18","guid":{"rendered":"https:\/\/bodegaoutdoor.cl\/store\/product\/lokmat-ataque-completamente-tactil-pantalla-reloj-deportivo-inteligente-con-rastreador-hombres-monitor-de-ritmo-cardiaco-sangre-presion-smartwatch-para-android-ios\/"},"modified":"2023-05-04T19:19:00","modified_gmt":"2023-05-04T23:19:00","slug":"reloj-deportivo-inteligente-monitor-de-ritmo-cardiaco-smartwatch-android-ios","status":"publish","type":"product","link":"https:\/\/bodegaoutdoor.cl\/store\/product\/reloj-deportivo-inteligente-monitor-de-ritmo-cardiaco-smartwatch-android-ios\/","title":{"rendered":"Reloj deportivo inteligente Monitor de ritmo card\u00edaco Smartwatch Android ios"},"content":{"rendered":"<p style=\"text-align: center\"><video style=\"max-width: 100%\" src=\"\/\/cloud.video.taobao.com\/play\/u\/3091922947\/p\/1\/e\/6\/t\/10301\/296382315631.mp4\" poster=\"https:\/\/ae01.alicdn.com\/kf\/H7a11f9fad5ed48c4a69b76503f903ea8G\/LOKMAT-ataque-completamente-t-ctil-pantalla-reloj-deportivo-inteligente-con-rastreador-hombres-Monitor-de-ritmo-card.jpg,https:\/\/ae01.alicdn.com\/kf\/H027a9c7d675c41ac9b897b274054eb72M\/LOKMAT-ataque-completamente-t-ctil-pantalla-reloj-deportivo-inteligente-con-rastreador-hombres-Monitor-de-ritmo-card.jpg,https:\/\/ae01.alicdn.com\/kf\/H581696c9c7b04716b22414b2036604cae\/LOKMAT-ataque-completamente-t-ctil-pantalla-reloj-deportivo-inteligente-con-rastreador-hombres-Monitor-de-ritmo-card.jpg,https:\/\/ae01.alicdn.com\/kf\/H28206c155d634fca9d36e7f3100b48c0y\/LOKMAT-ataque-completamente-t-ctil-pantalla-reloj-deportivo-inteligente-con-rastreador-hombres-Monitor-de-ritmo-card.jpg,https:\/\/ae01.alicdn.com\/kf\/Hc74360feef4c49e39710afbc11ebfcb1g\/LOKMAT-ataque-completamente-t-ctil-pantalla-reloj-deportivo-inteligente-con-rastreador-hombres-Monitor-de-ritmo-card.jpg,https:\/\/ae01.alicdn.com\/kf\/Hd21455aee39a4cb1983c38a45bf508359\/LOKMAT-ataque-completamente-t-ctil-pantalla-reloj-deportivo-inteligente-con-rastreador-hombres-Monitor-de-ritmo-card.jpg\" preload=\"auto\" controls=\"controls\" width=\"100%\" height=\"100%\"><\/video><\/p>\n<div><img decoding=\"async\" style=\"margin-bottom: 10px\" src=\"https:\/\/bodegaoutdoor.cl\/store\/wp-content\/uploads\/2021\/03\/33261-wmicla.jpg\" title=\"Reloj deportivo inteligente Monitor de ritmo card\u00edaco Smartwatch Android ios\" alt=\"Reloj deportivo inteligente Monitor de ritmo card\u00edaco Smartwatch Android ios\" \/><\/div>\n<div>\n<p style=\"font-family: 'OpenSans';color: #000;font-weight: 300;font-size: 14px;line-height: 20px;margin-bottom: 12px\">Pantalla: 1,28 &#8220;IPS Pantalla Completa<br \/>\nResoluci\u00f3n: 240*240<br \/>\nCapacidad de la bater\u00eda: bater\u00eda de pol\u00edmero de 230mAh<br \/>\nVida de la bater\u00eda:<br \/>\n(Uso Normal) 8-12 d\u00edas,<br \/>\n(Tiempo en espera) 12-25 d\u00edas<br \/>\nInformaci\u00f3n Pulsada: llamadas telef\u00f3nicas, mensajes, Twitter,Facebook,etc.<br \/>\nResistente al agua: resistencia al agua y al polvo est\u00e1ndar IP68<br \/>\nCompatible con OS : Android y IOS<br \/>\nCapacidad de personalizaci\u00f3n: sistema Android 4,4\/ios 8,0 y superior<br \/>\nM\u00e9todo de conexi\u00f3n: Smartphone conectado con la aplicaci\u00f3n a trav\u00e9s de Bluetooth 5,0.<br \/>\nAplicaci\u00f3n: FitCloudPro<br \/>\nModo deportivo: correr, caminar, escalar, ciclismo, baloncesto, f\u00fatbol<br \/>\nGarant\u00eda: Garant\u00eda de 1 a\u00f1o<\/p>\n<\/div>\n<div>\n<p style=\"font-family: 'OpenSans';color: #000;font-weight: 900;font-size: 20px;line-height: 28px;margin-bottom: 12px\">Excelente funci\u00f3n:<\/p>\n<p style=\"font-family: 'OpenSans';color: #000;font-weight: 300;font-size: 14px;line-height: 20px;margin-bottom: 12px\">Pod\u00f3metro, sue\u00f1o, clima, ritmo card\u00edaco, presi\u00f3n arterial, recordatorio de llamadas, Modo deportivo m\u00faltiple, cron\u00f3metro, Control de m\u00fasica, recordatorio de sedentarismo, recordatorio de agua, reloj despertador, pulsador de informaci\u00f3n<\/p>\n<\/div>\n<div>\n<p style=\"font-family: 'OpenSans';color: #000;font-weight: 900;font-size: 20px;line-height: 28px;margin-bottom: 12px\">Idiomas<\/p>\n<p style=\"font-family: 'OpenSans';color: #000;font-weight: 300;font-size: 14px;line-height: 20px;margin-bottom: 12px\">Idioma:<\/p>\n<p>Ingl\u00e9s, alem\u00e1n, ruso, espa\u00f1ol, portugu\u00e9s, franc\u00e9s, japon\u00e9s, italiano, polaco, vietnamita, holand\u00e9s, checo, dan\u00e9s, h\u00fangaro, sueco, vietnamita, sfpc, etc.<\/p>\n<p>Ver Idioma:<\/p>\n<p>Chino, ingl\u00e9s, alem\u00e1n, franc\u00e9s, italiano, espa\u00f1ol, japon\u00e9s, polaco, ruso, portugu\u00e9s, etc.<\/p>\n<\/div>\n<div><img decoding=\"async\" src=\"https:\/\/bodegaoutdoor.cl\/store\/wp-content\/uploads\/2021\/03\/33261-txk5m7.jpg\" title=\"Reloj deportivo inteligente Monitor de ritmo card\u00edaco Smartwatch Android ios\" alt=\"Reloj deportivo inteligente Monitor de ritmo card\u00edaco Smartwatch Android ios\" \/><img decoding=\"async\" src=\"https:\/\/bodegaoutdoor.cl\/store\/wp-content\/uploads\/2021\/03\/33261-dt0t8m.jpg\" title=\"Reloj deportivo inteligente Monitor de ritmo card\u00edaco Smartwatch Android ios\" alt=\"Reloj deportivo inteligente Monitor de ritmo card\u00edaco Smartwatch Android ios\" \/><img decoding=\"async\" src=\"https:\/\/bodegaoutdoor.cl\/store\/wp-content\/uploads\/2021\/03\/33261-s2h8mv.jpg\" title=\"Reloj deportivo inteligente Monitor de ritmo card\u00edaco Smartwatch Android ios\" alt=\"Reloj deportivo inteligente Monitor de ritmo card\u00edaco Smartwatch Android ios\" \/><img decoding=\"async\" src=\"https:\/\/bodegaoutdoor.cl\/store\/wp-content\/uploads\/2021\/03\/33261-ybtpjo.jpg\" title=\"Reloj deportivo inteligente Monitor de ritmo card\u00edaco Smartwatch Android ios\" alt=\"Reloj deportivo inteligente Monitor de ritmo card\u00edaco Smartwatch Android ios\" \/><img decoding=\"async\" src=\"https:\/\/bodegaoutdoor.cl\/store\/wp-content\/uploads\/2021\/03\/33261-cehx0b.jpg\" title=\"Reloj deportivo inteligente Monitor de ritmo card\u00edaco Smartwatch Android ios\" alt=\"Reloj deportivo inteligente Monitor de ritmo card\u00edaco Smartwatch Android ios\" \/><img decoding=\"async\" src=\"https:\/\/bodegaoutdoor.cl\/store\/wp-content\/uploads\/2021\/03\/33261-w1yrld.jpg\" title=\"Reloj deportivo inteligente Monitor de ritmo card\u00edaco Smartwatch Android ios\" alt=\"Reloj deportivo inteligente Monitor de ritmo card\u00edaco Smartwatch Android ios\" \/><img decoding=\"async\" src=\"https:\/\/bodegaoutdoor.cl\/store\/wp-content\/uploads\/2021\/03\/33261-vqylkv-scaled.jpg\" title=\"Reloj deportivo inteligente Monitor de ritmo card\u00edaco Smartwatch Android ios\" alt=\"Reloj deportivo inteligente Monitor de ritmo card\u00edaco Smartwatch Android ios\" \/><img decoding=\"async\" src=\"https:\/\/bodegaoutdoor.cl\/store\/wp-content\/uploads\/2021\/03\/33261-4b6khr.jpg\" title=\"Reloj deportivo inteligente Monitor de ritmo card\u00edaco Smartwatch Android ios\" alt=\"Reloj deportivo inteligente Monitor de ritmo card\u00edaco Smartwatch Android ios\" \/><img decoding=\"async\" src=\"https:\/\/bodegaoutdoor.cl\/store\/wp-content\/uploads\/2021\/03\/33261-ysglnk.jpg\" title=\"Reloj deportivo inteligente Monitor de ritmo card\u00edaco Smartwatch Android ios\" alt=\"Reloj deportivo inteligente Monitor de ritmo card\u00edaco Smartwatch Android ios\" \/><img decoding=\"async\" src=\"https:\/\/bodegaoutdoor.cl\/store\/wp-content\/uploads\/2021\/03\/33261-ohkdac.jpg\" title=\"Reloj deportivo inteligente Monitor de ritmo card\u00edaco Smartwatch Android ios\" alt=\"Reloj deportivo inteligente Monitor de ritmo card\u00edaco Smartwatch Android ios\" \/><\/div>\n<div><img decoding=\"async\" src=\"https:\/\/bodegaoutdoor.cl\/store\/wp-content\/uploads\/2021\/03\/33261-v7cktz.jpg\" title=\"Reloj deportivo inteligente Monitor de ritmo card\u00edaco Smartwatch Android ios\" alt=\"Reloj deportivo inteligente Monitor de ritmo card\u00edaco Smartwatch Android ios\" \/><img decoding=\"async\" src=\"https:\/\/bodegaoutdoor.cl\/store\/wp-content\/uploads\/2021\/03\/33261-nvfklk.jpg\" title=\"Reloj deportivo inteligente Monitor de ritmo card\u00edaco Smartwatch Android ios\" alt=\"Reloj deportivo inteligente Monitor de ritmo card\u00edaco Smartwatch Android ios\" \/><img decoding=\"async\" src=\"https:\/\/bodegaoutdoor.cl\/store\/wp-content\/uploads\/2021\/03\/33261-pihf3t.jpg\" title=\"Reloj deportivo inteligente Monitor de ritmo card\u00edaco Smartwatch Android ios\" alt=\"Reloj deportivo inteligente Monitor de ritmo card\u00edaco Smartwatch Android ios\" \/><img decoding=\"async\" src=\"https:\/\/bodegaoutdoor.cl\/store\/wp-content\/uploads\/2021\/03\/33261-yyvyum.jpg\" title=\"Reloj deportivo inteligente Monitor de ritmo card\u00edaco Smartwatch Android ios\" alt=\"Reloj deportivo inteligente Monitor de ritmo card\u00edaco Smartwatch Android ios\" \/><img decoding=\"async\" src=\"https:\/\/bodegaoutdoor.cl\/store\/wp-content\/uploads\/2021\/03\/33261-f2qxne.jpg\" title=\"Reloj deportivo inteligente Monitor de ritmo card\u00edaco Smartwatch Android ios\" alt=\"Reloj deportivo inteligente Monitor de ritmo card\u00edaco Smartwatch Android ios\" \/><img decoding=\"async\" src=\"https:\/\/bodegaoutdoor.cl\/store\/wp-content\/uploads\/2021\/03\/33261-fottkf.jpg\" title=\"Reloj deportivo inteligente Monitor de ritmo card\u00edaco Smartwatch Android ios\" alt=\"Reloj deportivo inteligente Monitor de ritmo card\u00edaco Smartwatch Android ios\" \/><img decoding=\"async\" src=\"https:\/\/bodegaoutdoor.cl\/store\/wp-content\/uploads\/2021\/03\/33261-a3zf8t.jpg\" title=\"Reloj deportivo inteligente Monitor de ritmo card\u00edaco Smartwatch Android ios\" alt=\"Reloj deportivo inteligente Monitor de ritmo card\u00edaco Smartwatch Android ios\" \/><img decoding=\"async\" src=\"https:\/\/bodegaoutdoor.cl\/store\/wp-content\/uploads\/2021\/03\/33261-8wm8m2.jpg\" title=\"Reloj deportivo inteligente Monitor de ritmo card\u00edaco Smartwatch Android ios\" alt=\"Reloj deportivo inteligente Monitor de ritmo card\u00edaco Smartwatch Android ios\" \/><\/div>\n\n    <div class=\"xs_social_share_widget xs_share_url after_content \t\tmain_content  wslu-style-1 wslu-share-box-shaped wslu-fill-colored wslu-none wslu-share-horizontal wslu-theme-font-no wslu-main_content\">\n\n\t\t\n        <ul>\n\t\t\t        <\/ul>\n    <\/div> \n","protected":false},"excerpt":{"rendered":"<h2><span style=\"color: #ff0000;font-family: 'arial black', sans-serif\"><em>Env\u00edo<strong>\u00a0Gratis a Tu Domicilio!<\/strong><\/em><\/span><\/h2>\n<pre><em><b>10 a 20 d\u00edas Aprox.<\/b><\/em><\/pre>\n","protected":false},"featured_media":38941,"comment_status":"open","ping_status":"closed","template":"","meta":{"jetpack_publicize_message":"","jetpack_publicize_feature_enabled":true,"jetpack_social_post_already_shared":true,"jetpack_social_options":{"image_generator_settings":{"template":"highway","enabled":false},"version":2}},"product_brand":[],"product_cat":[36],"product_tag":[486,2364,2365,829],"class_list":{"0":"post-33261","1":"product","2":"type-product","3":"status-publish","4":"has-post-thumbnail","6":"product_cat-relojes","7":"product_tag-reloj","8":"product_tag-smartwatch","9":"product_tag-water-resist","10":"product_tag-waterproof","12":"first","13":"instock","14":"sale","15":"taxable","16":"shipping-taxable","17":"purchasable","18":"product-type-variable"},"jetpack_publicize_connections":[],"jetpack_sharing_enabled":true,"_links":{"self":[{"href":"https:\/\/bodegaoutdoor.cl\/store\/wp-json\/wp\/v2\/product\/33261","targetHints":{"allow":["GET"]}}],"collection":[{"href":"https:\/\/bodegaoutdoor.cl\/store\/wp-json\/wp\/v2\/product"}],"about":[{"href":"https:\/\/bodegaoutdoor.cl\/store\/wp-json\/wp\/v2\/types\/product"}],"replies":[{"embeddable":true,"href":"https:\/\/bodegaoutdoor.cl\/store\/wp-json\/wp\/v2\/comments?post=33261"}],"version-history":[{"count":1,"href":"https:\/\/bodegaoutdoor.cl\/store\/wp-json\/wp\/v2\/product\/33261\/revisions"}],"predecessor-version":[{"id":71043,"href":"https:\/\/bodegaoutdoor.cl\/store\/wp-json\/wp\/v2\/product\/33261\/revisions\/71043"}],"wp:featuredmedia":[{"embeddable":true,"href":"https:\/\/bodegaoutdoor.cl\/store\/wp-json\/wp\/v2\/media\/38941"}],"wp:attachment":[{"href":"https:\/\/bodegaoutdoor.cl\/store\/wp-json\/wp\/v2\/media?parent=33261"}],"wp:term":[{"taxonomy":"product_brand","embeddable":true,"href":"https:\/\/bodegaoutdoor.cl\/store\/wp-json\/wp\/v2\/product_brand?post=33261"},{"taxonomy":"product_cat","embeddable":true,"href":"https:\/\/bodegaoutdoor.cl\/store\/wp-json\/wp\/v2\/product_cat?post=33261"},{"taxonomy":"product_tag","embeddable":true,"href":"https:\/\/bodegaoutdoor.cl\/store\/wp-json\/wp\/v2\/product_tag?post=33261"}],"curies":[{"name":"wp","href":"https:\/\/api.w.org\/{rel}","templated":true}]}}