{"id":3416,"date":"2020-07-14T03:01:55","date_gmt":"2020-07-14T03:01:55","guid":{"rendered":"https:\/\/bodegaoutdoor.cl\/store\/product\/camara-de-accion-original-drift-sport-cam-ghost-x-1080p-motocicleta-bicicleta-de-montana-bicicleta-larga-vida-util-bateria-casco-de-policia-cam-wifi\/"},"modified":"2023-05-04T19:19:42","modified_gmt":"2023-05-04T23:19:42","slug":"camara-de-accion-original-drift-sport-cam-ghost-x-1080p-motocicleta-bicicleta-de-montana-bicicleta-larga-vida-util-bateria-casco-de-policia-cam-wifi","status":"publish","type":"product","link":"https:\/\/bodegaoutdoor.cl\/store\/product\/camara-de-accion-original-drift-sport-cam-ghost-x-1080p-motocicleta-bicicleta-de-montana-bicicleta-larga-vida-util-bateria-casco-de-policia-cam-wifi\/","title":{"rendered":"C\u00e1mara de acci\u00f3n Original Drift Sport Cam Ghost X 1080P WiFi"},"content":{"rendered":"<p style=\"text-align: center;\"><video style=\"max-width: 100%;\" src=\"\/\/cloud.video.taobao.com\/play\/u\/1713540313\/p\/1\/e\/6\/t\/10301\/267941267439.mp4\" poster=\"https:\/\/ae01.alicdn.com\/kf\/H39d6a090aaf14138a14db2072475bebf1\/C-mara-de-acci-n-Original-Drift-Sport-Cam-Ghost-X-1080P-motocicleta-bicicleta-de-monta.jpg,https:\/\/ae01.alicdn.com\/kf\/HTB1dl.1qNWYBuNjy1zkq6xGGpXaF\/C-mara-de-acci-n-Original-Drift-Sport-Cam-Ghost-X-1080P-motocicleta-bicicleta-de-monta.jpg,https:\/\/ae01.alicdn.com\/kf\/H71d85efcd8d247a687185da5e93776123\/C-mara-de-acci-n-Original-Drift-Sport-Cam-Ghost-X-1080P-motocicleta-bicicleta-de-monta.jpg,https:\/\/ae01.alicdn.com\/kf\/H9e760bb49adc4fd989d9924dfaa52ed40\/C-mara-de-acci-n-Original-Drift-Sport-Cam-Ghost-X-1080P-motocicleta-bicicleta-de-monta.jpg,https:\/\/ae01.alicdn.com\/kf\/H338aaea12a3d42f4af72fd2afa04fc09O\/C-mara-de-acci-n-Original-Drift-Sport-Cam-Ghost-X-1080P-motocicleta-bicicleta-de-monta.jpg\" preload=\"auto\" controls=\"controls\" width=\"100%\" height=\"100%\"><\/video><\/p>\n<div><\/div>\n<div><a href=\"\/\/www.aliexpress.com\/item\/32860064296.html\"><img decoding=\"async\" title=\"C\u00e1mara de acci\u00f3n Original Drift Sport Cam Ghost X 1080P motocicleta bicicleta de monta\u00f1a bicicleta larga vida \u00fatil bater\u00eda casco de polic\u00eda Cam WiFi\" src=\"https:\/\/bodegaoutdoor.cl\/store\/wp-content\/uploads\/2020\/07\/3416-puhv3o.jpg\" alt=\"C\u00e1mara de acci\u00f3n Original Drift Sport Cam Ghost X 1080P motocicleta bicicleta de monta\u00f1a bicicleta larga vida \u00fatil bater\u00eda casco de polic\u00eda Cam WiFi\" \/><\/a><a href=\"\/\/drift.aliexpress.com\/store\/group\/Accessories\/2661157_504437508_2.html\"><img decoding=\"async\" title=\"C\u00e1mara de acci\u00f3n Original Drift Sport Cam Ghost X 1080P motocicleta bicicleta de monta\u00f1a bicicleta larga vida \u00fatil bater\u00eda casco de polic\u00eda Cam WiFi\" src=\"\/\/ae01.alicdn.com\/kf\/H92eb92d945604c9d90069cda75974351u.jpg\" alt=\"C\u00e1mara de acci\u00f3n Original Drift Sport Cam Ghost X 1080P motocicleta bicicleta de monta\u00f1a bicicleta larga vida \u00fatil bater\u00eda casco de polic\u00eda Cam WiFi\" \/><\/a><\/div>\n<div>\n<div>\n<p><span style=\"font-size: 16px;\"><strong><span style=\"font-family: arial, helvetica, sans-serif;\">Nota: el precio en AliExpress est\u00e1 exento de impuestos. Los impuestos y el IVA var\u00edan de diferentes pa\u00edses.<\/span><\/strong><\/span><\/p>\n<\/div>\n<\/div>\n<div><img decoding=\"async\" title=\"C\u00e1mara de acci\u00f3n Original Drift Sport Cam Ghost X 1080P motocicleta bicicleta de monta\u00f1a bicicleta larga vida \u00fatil bater\u00eda casco de polic\u00eda Cam WiFi\" src=\"https:\/\/bodegaoutdoor.cl\/store\/wp-content\/uploads\/2020\/07\/3416-pfpcyf.jpg\" alt=\"C\u00e1mara de acci\u00f3n Original Drift Sport Cam Ghost X 1080P motocicleta bicicleta de monta\u00f1a bicicleta larga vida \u00fatil bater\u00eda casco de polic\u00eda Cam WiFi\" \/><img decoding=\"async\" title=\"C\u00e1mara de acci\u00f3n Original Drift Sport Cam Ghost X 1080P motocicleta bicicleta de monta\u00f1a bicicleta larga vida \u00fatil bater\u00eda casco de polic\u00eda Cam WiFi\" src=\"https:\/\/bodegaoutdoor.cl\/store\/wp-content\/uploads\/2020\/07\/3416-te1gyr.jpg\" alt=\"C\u00e1mara de acci\u00f3n Original Drift Sport Cam Ghost X 1080P motocicleta bicicleta de monta\u00f1a bicicleta larga vida \u00fatil bater\u00eda casco de polic\u00eda Cam WiFi\" \/><img decoding=\"async\" title=\"C\u00e1mara de acci\u00f3n Original Drift Sport Cam Ghost X 1080P motocicleta bicicleta de monta\u00f1a bicicleta larga vida \u00fatil bater\u00eda casco de polic\u00eda Cam WiFi\" src=\"https:\/\/bodegaoutdoor.cl\/store\/wp-content\/uploads\/2020\/07\/3416-pt3x0l.jpg\" alt=\"C\u00e1mara de acci\u00f3n Original Drift Sport Cam Ghost X 1080P motocicleta bicicleta de monta\u00f1a bicicleta larga vida \u00fatil bater\u00eda casco de polic\u00eda Cam WiFi\" \/><img decoding=\"async\" title=\"C\u00e1mara de acci\u00f3n Original Drift Sport Cam Ghost X 1080P motocicleta bicicleta de monta\u00f1a bicicleta larga vida \u00fatil bater\u00eda casco de polic\u00eda Cam WiFi\" src=\"https:\/\/bodegaoutdoor.cl\/store\/wp-content\/uploads\/2020\/07\/3416-6piyfr.jpg\" alt=\"C\u00e1mara de acci\u00f3n Original Drift Sport Cam Ghost X 1080P motocicleta bicicleta de monta\u00f1a bicicleta larga vida \u00fatil bater\u00eda casco de polic\u00eda Cam WiFi\" \/><img decoding=\"async\" title=\"C\u00e1mara de acci\u00f3n Original Drift Sport Cam Ghost X 1080P motocicleta bicicleta de monta\u00f1a bicicleta larga vida \u00fatil bater\u00eda casco de polic\u00eda Cam WiFi\" src=\"https:\/\/bodegaoutdoor.cl\/store\/wp-content\/uploads\/2020\/07\/3416-yr3m3s.jpg\" alt=\"C\u00e1mara de acci\u00f3n Original Drift Sport Cam Ghost X 1080P motocicleta bicicleta de monta\u00f1a bicicleta larga vida \u00fatil bater\u00eda casco de polic\u00eda Cam WiFi\" \/><img decoding=\"async\" title=\"C\u00e1mara de acci\u00f3n Original Drift Sport Cam Ghost X 1080P motocicleta bicicleta de monta\u00f1a bicicleta larga vida \u00fatil bater\u00eda casco de polic\u00eda Cam WiFi\" src=\"https:\/\/bodegaoutdoor.cl\/store\/wp-content\/uploads\/2020\/07\/3416-4sf4a0.jpg\" alt=\"C\u00e1mara de acci\u00f3n Original Drift Sport Cam Ghost X 1080P motocicleta bicicleta de monta\u00f1a bicicleta larga vida \u00fatil bater\u00eda casco de polic\u00eda Cam WiFi\" \/><img decoding=\"async\" title=\"C\u00e1mara de acci\u00f3n Original Drift Sport Cam Ghost X 1080P motocicleta bicicleta de monta\u00f1a bicicleta larga vida \u00fatil bater\u00eda casco de polic\u00eda Cam WiFi\" src=\"https:\/\/bodegaoutdoor.cl\/store\/wp-content\/uploads\/2020\/07\/3416-nhqmtq.jpg\" alt=\"C\u00e1mara de acci\u00f3n Original Drift Sport Cam Ghost X 1080P motocicleta bicicleta de monta\u00f1a bicicleta larga vida \u00fatil bater\u00eda casco de polic\u00eda Cam WiFi\" \/><img decoding=\"async\" title=\"C\u00e1mara de acci\u00f3n Original Drift Sport Cam Ghost X 1080P motocicleta bicicleta de monta\u00f1a bicicleta larga vida \u00fatil bater\u00eda casco de polic\u00eda Cam WiFi\" src=\"https:\/\/bodegaoutdoor.cl\/store\/wp-content\/uploads\/2020\/07\/3416-mplfxk.jpg\" alt=\"C\u00e1mara de acci\u00f3n Original Drift Sport Cam Ghost X 1080P motocicleta bicicleta de monta\u00f1a bicicleta larga vida \u00fatil bater\u00eda casco de polic\u00eda Cam WiFi\" \/><img decoding=\"async\" title=\"C\u00e1mara de acci\u00f3n Original Drift Sport Cam Ghost X 1080P motocicleta bicicleta de monta\u00f1a bicicleta larga vida \u00fatil bater\u00eda casco de polic\u00eda Cam WiFi\" src=\"https:\/\/bodegaoutdoor.cl\/store\/wp-content\/uploads\/2020\/07\/3416-sva6ay.jpg\" alt=\"C\u00e1mara de acci\u00f3n Original Drift Sport Cam Ghost X 1080P motocicleta bicicleta de monta\u00f1a bicicleta larga vida \u00fatil bater\u00eda casco de polic\u00eda Cam WiFi\" \/><img decoding=\"async\" title=\"C\u00e1mara de acci\u00f3n Original Drift Sport Cam Ghost X 1080P motocicleta bicicleta de monta\u00f1a bicicleta larga vida \u00fatil bater\u00eda casco de polic\u00eda Cam WiFi\" src=\"https:\/\/bodegaoutdoor.cl\/store\/wp-content\/uploads\/2020\/07\/3416-nz4kcn.jpg\" alt=\"C\u00e1mara de acci\u00f3n Original Drift Sport Cam Ghost X 1080P motocicleta bicicleta de monta\u00f1a bicicleta larga vida \u00fatil bater\u00eda casco de polic\u00eda Cam WiFi\" \/><\/div>\n<div><img decoding=\"async\" title=\"C\u00e1mara de acci\u00f3n Original Drift Sport Cam Ghost X 1080P motocicleta bicicleta de monta\u00f1a bicicleta larga vida \u00fatil bater\u00eda casco de polic\u00eda Cam WiFi\" src=\"https:\/\/bodegaoutdoor.cl\/store\/wp-content\/uploads\/2020\/07\/3416-bfcvlk.jpg\" alt=\"C\u00e1mara de acci\u00f3n Original Drift Sport Cam Ghost X 1080P motocicleta bicicleta de monta\u00f1a bicicleta larga vida \u00fatil bater\u00eda casco de polic\u00eda Cam WiFi\" \/><img decoding=\"async\" title=\"C\u00e1mara de acci\u00f3n Original Drift Sport Cam Ghost X 1080P motocicleta bicicleta de monta\u00f1a bicicleta larga vida \u00fatil bater\u00eda casco de polic\u00eda Cam WiFi\" src=\"https:\/\/bodegaoutdoor.cl\/store\/wp-content\/uploads\/2020\/07\/3416-ekl7jb.jpg\" alt=\"C\u00e1mara de acci\u00f3n Original Drift Sport Cam Ghost X 1080P motocicleta bicicleta de monta\u00f1a bicicleta larga vida \u00fatil bater\u00eda casco de polic\u00eda Cam WiFi\" \/><img decoding=\"async\" title=\"C\u00e1mara de acci\u00f3n Original Drift Sport Cam Ghost X 1080P motocicleta bicicleta de monta\u00f1a bicicleta larga vida \u00fatil bater\u00eda casco de polic\u00eda Cam WiFi\" src=\"https:\/\/bodegaoutdoor.cl\/store\/wp-content\/uploads\/2020\/07\/3416-37cj5k.jpg\" alt=\"C\u00e1mara de acci\u00f3n Original Drift Sport Cam Ghost X 1080P motocicleta bicicleta de monta\u00f1a bicicleta larga vida \u00fatil bater\u00eda casco de polic\u00eda Cam WiFi\" \/><img decoding=\"async\" title=\"C\u00e1mara de acci\u00f3n Original Drift Sport Cam Ghost X 1080P motocicleta bicicleta de monta\u00f1a bicicleta larga vida \u00fatil bater\u00eda casco de polic\u00eda Cam WiFi\" src=\"https:\/\/bodegaoutdoor.cl\/store\/wp-content\/uploads\/2020\/07\/3416-jlgepu.jpg\" alt=\"C\u00e1mara de acci\u00f3n Original Drift Sport Cam Ghost X 1080P motocicleta bicicleta de monta\u00f1a bicicleta larga vida \u00fatil bater\u00eda casco de polic\u00eda Cam WiFi\" \/><img decoding=\"async\" title=\"C\u00e1mara de acci\u00f3n Original Drift Sport Cam Ghost X 1080P motocicleta bicicleta de monta\u00f1a bicicleta larga vida \u00fatil bater\u00eda casco de polic\u00eda Cam WiFi\" src=\"https:\/\/bodegaoutdoor.cl\/store\/wp-content\/uploads\/2020\/07\/3416-qwvmvq.jpg\" alt=\"C\u00e1mara de acci\u00f3n Original Drift Sport Cam Ghost X 1080P motocicleta bicicleta de monta\u00f1a bicicleta larga vida \u00fatil bater\u00eda casco de polic\u00eda Cam WiFi\" \/><img decoding=\"async\" title=\"C\u00e1mara de acci\u00f3n Original Drift Sport Cam Ghost X 1080P motocicleta bicicleta de monta\u00f1a bicicleta larga vida \u00fatil bater\u00eda casco de polic\u00eda Cam WiFi\" src=\"https:\/\/bodegaoutdoor.cl\/store\/wp-content\/uploads\/2020\/07\/3416-qy30jp.jpg\" alt=\"C\u00e1mara de acci\u00f3n Original Drift Sport Cam Ghost X 1080P motocicleta bicicleta de monta\u00f1a bicicleta larga vida \u00fatil bater\u00eda casco de polic\u00eda Cam WiFi\" \/><img decoding=\"async\" title=\"C\u00e1mara de acci\u00f3n Original Drift Sport Cam Ghost X 1080P motocicleta bicicleta de monta\u00f1a bicicleta larga vida \u00fatil bater\u00eda casco de polic\u00eda Cam WiFi\" src=\"https:\/\/bodegaoutdoor.cl\/store\/wp-content\/uploads\/2020\/07\/3416-f5u8x2.jpg\" alt=\"C\u00e1mara de acci\u00f3n Original Drift Sport Cam Ghost X 1080P motocicleta bicicleta de monta\u00f1a bicicleta larga vida \u00fatil bater\u00eda casco de polic\u00eda Cam WiFi\" \/><img decoding=\"async\" title=\"C\u00e1mara de acci\u00f3n Original Drift Sport Cam Ghost X 1080P motocicleta bicicleta de monta\u00f1a bicicleta larga vida \u00fatil bater\u00eda casco de polic\u00eda Cam WiFi\" src=\"https:\/\/bodegaoutdoor.cl\/store\/wp-content\/uploads\/2020\/07\/3416-szwhvu.jpg\" alt=\"C\u00e1mara de acci\u00f3n Original Drift Sport Cam Ghost X 1080P motocicleta bicicleta de monta\u00f1a bicicleta larga vida \u00fatil bater\u00eda casco de polic\u00eda Cam WiFi\" \/><img decoding=\"async\" title=\"C\u00e1mara de acci\u00f3n Original Drift Sport Cam Ghost X 1080P motocicleta bicicleta de monta\u00f1a bicicleta larga vida \u00fatil bater\u00eda casco de polic\u00eda Cam WiFi\" src=\"https:\/\/bodegaoutdoor.cl\/store\/wp-content\/uploads\/2020\/07\/3416-n9fj2n.jpg\" alt=\"C\u00e1mara de acci\u00f3n Original Drift Sport Cam Ghost X 1080P motocicleta bicicleta de monta\u00f1a bicicleta larga vida \u00fatil bater\u00eda casco de polic\u00eda Cam WiFi\" \/><\/div>\n<div><img decoding=\"async\" style=\"margin-bottom: 10px;\" title=\"C\u00e1mara de acci\u00f3n Original Drift Sport Cam Ghost X 1080P motocicleta bicicleta de monta\u00f1a bicicleta larga vida \u00fatil bater\u00eda casco de polic\u00eda Cam WiFi\" src=\"https:\/\/bodegaoutdoor.cl\/store\/wp-content\/uploads\/2020\/07\/3416-7reiad.jpg\" alt=\"C\u00e1mara de acci\u00f3n Original Drift Sport Cam Ghost X 1080P motocicleta bicicleta de monta\u00f1a bicicleta larga vida \u00fatil bater\u00eda casco de polic\u00eda Cam WiFi\" \/><\/div>\n<div><img decoding=\"async\" title=\"C\u00e1mara de acci\u00f3n Original Drift Sport Cam Ghost X 1080P motocicleta bicicleta de monta\u00f1a bicicleta larga vida \u00fatil bater\u00eda casco de polic\u00eda Cam WiFi\" src=\"https:\/\/bodegaoutdoor.cl\/store\/wp-content\/uploads\/2020\/07\/3416-edhyof.jpg\" alt=\"C\u00e1mara de acci\u00f3n Original Drift Sport Cam Ghost X 1080P motocicleta bicicleta de monta\u00f1a bicicleta larga vida \u00fatil bater\u00eda casco de polic\u00eda Cam WiFi\" \/><\/div>\n<div><img decoding=\"async\" title=\"C\u00e1mara de acci\u00f3n Original Drift Sport Cam Ghost X 1080P motocicleta bicicleta de monta\u00f1a bicicleta larga vida \u00fatil bater\u00eda casco de polic\u00eda Cam WiFi\" src=\"https:\/\/bodegaoutdoor.cl\/store\/wp-content\/uploads\/2020\/07\/3416-c1xkcr.jpg\" alt=\"C\u00e1mara de acci\u00f3n Original Drift Sport Cam Ghost X 1080P motocicleta bicicleta de monta\u00f1a bicicleta larga vida \u00fatil bater\u00eda casco de polic\u00eda Cam WiFi\" \/><\/div>\n<div><img decoding=\"async\" title=\"C\u00e1mara de acci\u00f3n Original Drift Sport Cam Ghost X 1080P motocicleta bicicleta de monta\u00f1a bicicleta larga vida \u00fatil bater\u00eda casco de polic\u00eda Cam WiFi\" src=\"https:\/\/bodegaoutdoor.cl\/store\/wp-content\/uploads\/2020\/07\/3416-tnfnmk.jpg\" alt=\"C\u00e1mara de acci\u00f3n Original Drift Sport Cam Ghost X 1080P motocicleta bicicleta de monta\u00f1a bicicleta larga vida \u00fatil bater\u00eda casco de polic\u00eda Cam WiFi\" \/><\/div>\n<div><img decoding=\"async\" title=\"C\u00e1mara de acci\u00f3n Original Drift Sport Cam Ghost X 1080P motocicleta bicicleta de monta\u00f1a bicicleta larga vida \u00fatil bater\u00eda casco de polic\u00eda Cam WiFi\" src=\"https:\/\/bodegaoutdoor.cl\/store\/wp-content\/uploads\/2020\/07\/3416-ouz7vv.jpg\" alt=\"C\u00e1mara de acci\u00f3n Original Drift Sport Cam Ghost X 1080P motocicleta bicicleta de monta\u00f1a bicicleta larga vida \u00fatil bater\u00eda casco de polic\u00eda Cam WiFi\" \/><\/div>\n<div><img decoding=\"async\" title=\"C\u00e1mara de acci\u00f3n Original Drift Sport Cam Ghost X 1080P motocicleta bicicleta de monta\u00f1a bicicleta larga vida \u00fatil bater\u00eda casco de polic\u00eda Cam WiFi\" src=\"https:\/\/bodegaoutdoor.cl\/store\/wp-content\/uploads\/2020\/07\/3416-dm8tif.jpg\" alt=\"C\u00e1mara de acci\u00f3n Original Drift Sport Cam Ghost X 1080P motocicleta bicicleta de monta\u00f1a bicicleta larga vida \u00fatil bater\u00eda casco de polic\u00eda Cam WiFi\" \/><\/div>\n<div><img decoding=\"async\" title=\"C\u00e1mara de acci\u00f3n Original Drift Sport Cam Ghost X 1080P motocicleta bicicleta de monta\u00f1a bicicleta larga vida \u00fatil bater\u00eda casco de polic\u00eda Cam WiFi\" src=\"https:\/\/bodegaoutdoor.cl\/store\/wp-content\/uploads\/2020\/07\/3416-uwelke.jpg\" alt=\"C\u00e1mara de acci\u00f3n Original Drift Sport Cam Ghost X 1080P motocicleta bicicleta de monta\u00f1a bicicleta larga vida \u00fatil bater\u00eda casco de polic\u00eda Cam WiFi\" \/><\/div>\n<div><img decoding=\"async\" title=\"C\u00e1mara de acci\u00f3n Original Drift Sport Cam Ghost X 1080P motocicleta bicicleta de monta\u00f1a bicicleta larga vida \u00fatil bater\u00eda casco de polic\u00eda Cam WiFi\" src=\"https:\/\/bodegaoutdoor.cl\/store\/wp-content\/uploads\/2020\/07\/3416-tf2i08.jpg\" alt=\"C\u00e1mara de acci\u00f3n Original Drift Sport Cam Ghost X 1080P motocicleta bicicleta de monta\u00f1a bicicleta larga vida \u00fatil bater\u00eda casco de polic\u00eda Cam WiFi\" \/><\/div>\n<div><img decoding=\"async\" title=\"C\u00e1mara de acci\u00f3n Original Drift Sport Cam Ghost X 1080P motocicleta bicicleta de monta\u00f1a bicicleta larga vida \u00fatil bater\u00eda casco de polic\u00eda Cam WiFi\" src=\"https:\/\/bodegaoutdoor.cl\/store\/wp-content\/uploads\/2020\/07\/3416-3qknh5.jpg\" alt=\"C\u00e1mara de acci\u00f3n Original Drift Sport Cam Ghost X 1080P motocicleta bicicleta de monta\u00f1a bicicleta larga vida \u00fatil bater\u00eda casco de polic\u00eda Cam WiFi\" \/><\/div>\n<div><img decoding=\"async\" title=\"C\u00e1mara de acci\u00f3n Original Drift Sport Cam Ghost X 1080P motocicleta bicicleta de monta\u00f1a bicicleta larga vida \u00fatil bater\u00eda casco de polic\u00eda Cam WiFi\" src=\"https:\/\/bodegaoutdoor.cl\/store\/wp-content\/uploads\/2020\/07\/3416-2qumwn.jpg\" alt=\"C\u00e1mara de acci\u00f3n Original Drift Sport Cam Ghost X 1080P motocicleta bicicleta de monta\u00f1a bicicleta larga vida \u00fatil bater\u00eda casco de polic\u00eda Cam WiFi\" \/><\/div>\n<div><\/div>\n\n    <div class=\"xs_social_share_widget xs_share_url after_content \t\tmain_content  wslu-style-1 wslu-share-box-shaped wslu-fill-colored wslu-none wslu-share-horizontal wslu-theme-font-no wslu-main_content\">\n\n\t\t\n        <ul>\n\t\t\t        <\/ul>\n    <\/div> \n","protected":false},"excerpt":{"rendered":"<p>Nota: el precio en AliExpress est\u00e1 exento de impuestos. Los impuestos y el IVA var\u00edan de diferentes pa\u00edses.<\/p>\n","protected":false},"featured_media":3429,"comment_status":"open","ping_status":"closed","template":"","meta":{"jetpack_publicize_message":"","jetpack_publicize_feature_enabled":true,"jetpack_social_post_already_shared":true,"jetpack_social_options":{"image_generator_settings":{"template":"highway","enabled":false},"version":2}},"product_brand":[],"product_cat":[32],"product_tag":[],"class_list":{"0":"post-3416","1":"product","2":"type-product","3":"status-publish","4":"has-post-thumbnail","6":"product_cat-camaras","8":"first","9":"instock","10":"sale","11":"taxable","12":"shipping-taxable","13":"purchasable","14":"product-type-variable"},"jetpack_publicize_connections":[],"jetpack_sharing_enabled":true,"_links":{"self":[{"href":"https:\/\/bodegaoutdoor.cl\/store\/wp-json\/wp\/v2\/product\/3416","targetHints":{"allow":["GET"]}}],"collection":[{"href":"https:\/\/bodegaoutdoor.cl\/store\/wp-json\/wp\/v2\/product"}],"about":[{"href":"https:\/\/bodegaoutdoor.cl\/store\/wp-json\/wp\/v2\/types\/product"}],"replies":[{"embeddable":true,"href":"https:\/\/bodegaoutdoor.cl\/store\/wp-json\/wp\/v2\/comments?post=3416"}],"version-history":[{"count":1,"href":"https:\/\/bodegaoutdoor.cl\/store\/wp-json\/wp\/v2\/product\/3416\/revisions"}],"predecessor-version":[{"id":71376,"href":"https:\/\/bodegaoutdoor.cl\/store\/wp-json\/wp\/v2\/product\/3416\/revisions\/71376"}],"wp:featuredmedia":[{"embeddable":true,"href":"https:\/\/bodegaoutdoor.cl\/store\/wp-json\/wp\/v2\/media\/3429"}],"wp:attachment":[{"href":"https:\/\/bodegaoutdoor.cl\/store\/wp-json\/wp\/v2\/media?parent=3416"}],"wp:term":[{"taxonomy":"product_brand","embeddable":true,"href":"https:\/\/bodegaoutdoor.cl\/store\/wp-json\/wp\/v2\/product_brand?post=3416"},{"taxonomy":"product_cat","embeddable":true,"href":"https:\/\/bodegaoutdoor.cl\/store\/wp-json\/wp\/v2\/product_cat?post=3416"},{"taxonomy":"product_tag","embeddable":true,"href":"https:\/\/bodegaoutdoor.cl\/store\/wp-json\/wp\/v2\/product_tag?post=3416"}],"curies":[{"name":"wp","href":"https:\/\/api.w.org\/{rel}","templated":true}]}}