{"id":34547,"date":"2021-03-21T12:36:19","date_gmt":"2021-03-21T15:36:19","guid":{"rendered":"https:\/\/bodegaoutdoor.cl\/store\/product\/210t-de-nylon-material-para-hamaca-durable-de-alta-calidad-seguridad-adulto-hamac-para-interior-colgante-para-exteriores-dormir-suave-extraible-hamak-cama\/"},"modified":"2023-05-04T19:19:00","modified_gmt":"2023-05-04T23:19:00","slug":"hamaca-1-plaza-hasta-150-kilos-portatil-outdoor","status":"publish","type":"product","link":"https:\/\/bodegaoutdoor.cl\/store\/product\/hamaca-1-plaza-hasta-150-kilos-portatil-outdoor\/","title":{"rendered":"Hamaca 1 plaza hasta 150 kilos port\u00e1til outdoor"},"content":{"rendered":"<div>\n<table style=\"border-spacing: 0px;width: 100%\" border=\"0\" cellspacing=\"-1\" cellpadding=\"-1\">\n<tbody>\n<tr>\n<td>\n<table style=\"border-spacing: 0px\" border=\"0\" cellspacing=\"0\" cellpadding=\"0\">\n<tbody>\n<tr>\n<td style=\"vertical-align: top\"><img decoding=\"async\" src=\"https:\/\/bodegaoutdoor.cl\/store\/wp-content\/uploads\/2021\/03\/34547-mcr9rm.jpg\" title=\"Hamaca 1 plaza hasta 150 kilos port\u00e1til outdoor\" alt=\"Hamaca 1 plaza hasta 150 kilos port\u00e1til outdoor\" \/><\/td>\n<\/tr>\n<\/tbody>\n<\/table>\n<\/td>\n<\/tr>\n<tr>\n<td>\n<table style=\"border-spacing: 0px\" border=\"0\" cellspacing=\"0\" cellpadding=\"0\">\n<tbody>\n<tr>\n<td style=\"vertical-align: top\"><img decoding=\"async\" src=\"https:\/\/bodegaoutdoor.cl\/store\/wp-content\/uploads\/2021\/03\/34547-iifi8d.jpg\" title=\"Hamaca 1 plaza hasta 150 kilos port\u00e1til outdoor\" alt=\"Hamaca 1 plaza hasta 150 kilos port\u00e1til outdoor\" \/><\/td>\n<\/tr>\n<\/tbody>\n<\/table>\n<\/td>\n<\/tr>\n<tr>\n<td>\n<table style=\"border-spacing: 0px\" border=\"0\" cellspacing=\"0\" cellpadding=\"0\">\n<tbody>\n<tr>\n<td style=\"vertical-align: top\"><img decoding=\"async\" src=\"https:\/\/bodegaoutdoor.cl\/store\/wp-content\/uploads\/2021\/03\/34547-32ff4k.jpg\" title=\"Hamaca 1 plaza hasta 150 kilos port\u00e1til outdoor\" alt=\"Hamaca 1 plaza hasta 150 kilos port\u00e1til outdoor\" \/><\/td>\n<\/tr>\n<\/tbody>\n<\/table>\n<\/td>\n<\/tr>\n<tr>\n<td>\n<table style=\"border-spacing: 0px\" border=\"0\" cellspacing=\"0\" cellpadding=\"0\">\n<tbody>\n<tr>\n<td style=\"vertical-align: top\"><img decoding=\"async\" src=\"https:\/\/bodegaoutdoor.cl\/store\/wp-content\/uploads\/2021\/03\/34547-aqvq6p.jpg\" title=\"Hamaca 1 plaza hasta 150 kilos port\u00e1til outdoor\" alt=\"Hamaca 1 plaza hasta 150 kilos port\u00e1til outdoor\" \/><\/td>\n<\/tr>\n<\/tbody>\n<\/table>\n<\/td>\n<\/tr>\n<tr>\n<td>\n<table style=\"border-spacing: 0px\" border=\"0\" cellspacing=\"0\" cellpadding=\"0\">\n<tbody>\n<tr>\n<td style=\"vertical-align: top\"><img decoding=\"async\" src=\"https:\/\/bodegaoutdoor.cl\/store\/wp-content\/uploads\/2021\/03\/34547-n1xvz1.jpg\" title=\"Hamaca 1 plaza hasta 150 kilos port\u00e1til outdoor\" alt=\"Hamaca 1 plaza hasta 150 kilos port\u00e1til outdoor\" \/><\/td>\n<\/tr>\n<\/tbody>\n<\/table>\n<\/td>\n<\/tr>\n<\/tbody>\n<\/table>\n<\/div>\n<div>\n<div>\n<p><span style=\"font-size: 24.0px\"><strong>210T de Nylon Material para hamaca Durable de alta calidad seguridad adulto Hamac para interior colgante para exteriores dormir suave extra\u00edble Hamak cama<\/strong><\/span><\/p>\n<p><span style=\"font-size: 16.0px\">Peso m\u00e1ximo del rodamiento: 200kg<\/span><\/p>\n<p><span style=\"font-size: 16.0px\">Peso: 360g<\/span><\/p>\n<p><span style=\"font-size: 16.0px\">Tama\u00f1o: 230*90cm<\/span><\/p>\n<p><span style=\"font-size: 16.0px\"><img decoding=\"async\" src=\"https:\/\/bodegaoutdoor.cl\/store\/wp-content\/uploads\/2021\/03\/34547-eenoey.jpg\" title=\"Hamaca 1 plaza hasta 150 kilos port\u00e1til outdoor\" alt=\"Hamaca 1 plaza hasta 150 kilos port\u00e1til outdoor\" \/><img decoding=\"async\" src=\"https:\/\/bodegaoutdoor.cl\/store\/wp-content\/uploads\/2021\/03\/34547-8deat3.jpg\" title=\"Hamaca 1 plaza hasta 150 kilos port\u00e1til outdoor\" alt=\"Hamaca 1 plaza hasta 150 kilos port\u00e1til outdoor\" \/><img decoding=\"async\" src=\"https:\/\/bodegaoutdoor.cl\/store\/wp-content\/uploads\/2021\/03\/34547-1xocku.jpg\" title=\"Hamaca 1 plaza hasta 150 kilos port\u00e1til outdoor\" alt=\"Hamaca 1 plaza hasta 150 kilos port\u00e1til outdoor\" \/><img decoding=\"async\" src=\"https:\/\/bodegaoutdoor.cl\/store\/wp-content\/uploads\/2021\/03\/34547-qlkdmu.jpg\" title=\"Hamaca 1 plaza hasta 150 kilos port\u00e1til outdoor\" alt=\"Hamaca 1 plaza hasta 150 kilos port\u00e1til outdoor\" \/><img decoding=\"async\" src=\"https:\/\/bodegaoutdoor.cl\/store\/wp-content\/uploads\/2021\/03\/34547-w1qjwe.jpg\" title=\"Hamaca 1 plaza hasta 150 kilos port\u00e1til outdoor\" alt=\"Hamaca 1 plaza hasta 150 kilos port\u00e1til outdoor\" \/><img decoding=\"async\" src=\"https:\/\/bodegaoutdoor.cl\/store\/wp-content\/uploads\/2021\/03\/34547-edsymq.jpg\" title=\"Hamaca 1 plaza hasta 150 kilos port\u00e1til outdoor\" alt=\"Hamaca 1 plaza hasta 150 kilos port\u00e1til outdoor\" \/><img decoding=\"async\" src=\"https:\/\/bodegaoutdoor.cl\/store\/wp-content\/uploads\/2021\/03\/34547-hfjcfi.jpg\" title=\"Hamaca 1 plaza hasta 150 kilos port\u00e1til outdoor\" alt=\"Hamaca 1 plaza hasta 150 kilos port\u00e1til outdoor\" \/><img decoding=\"async\" src=\"https:\/\/bodegaoutdoor.cl\/store\/wp-content\/uploads\/2021\/03\/34547-wbnsmb.jpg\" title=\"Hamaca 1 plaza hasta 150 kilos port\u00e1til outdoor\" alt=\"Hamaca 1 plaza hasta 150 kilos port\u00e1til outdoor\" \/><img decoding=\"async\" src=\"https:\/\/bodegaoutdoor.cl\/store\/wp-content\/uploads\/2021\/03\/34547-ammjs8.jpg\" title=\"Hamaca 1 plaza hasta 150 kilos port\u00e1til outdoor\" alt=\"Hamaca 1 plaza hasta 150 kilos port\u00e1til outdoor\" \/><\/span><\/p>\n<\/div>\n<\/div>\n<div>\n<table style=\"border-spacing: 0px;width: 100%\" border=\"0\" cellspacing=\"-1\" cellpadding=\"-1\">\n<tbody>\n<tr>\n<td><\/td>\n<\/tr>\n<tr>\n<td><\/td>\n<\/tr>\n<tr>\n<td><\/td>\n<\/tr>\n<\/tbody>\n<\/table>\n<\/div>\n\n    <div class=\"xs_social_share_widget xs_share_url after_content \t\tmain_content  wslu-style-1 wslu-share-box-shaped wslu-fill-colored wslu-none wslu-share-horizontal wslu-theme-font-no wslu-main_content\">\n\n\t\t\n        <ul>\n\t\t\t        <\/ul>\n    <\/div> \n","protected":false},"excerpt":{"rendered":"<p>210T de Nylon Material para hamaca Durable de alta calidad seguridad adulto Hamac para interior colgante para exteriores dormir suave extra\u00edble Hamak cama Peso m\u00e1ximo del rodamiento: 200kg Peso: 360g Tama\u00f1o: 230*90cm<\/p>\n","protected":false},"featured_media":38992,"comment_status":"open","ping_status":"closed","template":"","meta":{"jetpack_publicize_message":"","jetpack_publicize_feature_enabled":true,"jetpack_social_post_already_shared":true,"jetpack_social_options":{"image_generator_settings":{"template":"highway","enabled":false},"version":2}},"product_brand":[],"product_cat":[275],"product_tag":[],"class_list":{"0":"post-34547","1":"product","2":"type-product","3":"status-publish","4":"has-post-thumbnail","6":"product_cat-hamacas","8":"first","9":"instock","10":"sale","11":"taxable","12":"shipping-taxable","13":"purchasable","14":"product-type-variable"},"jetpack_publicize_connections":[],"jetpack_sharing_enabled":true,"_links":{"self":[{"href":"https:\/\/bodegaoutdoor.cl\/store\/wp-json\/wp\/v2\/product\/34547","targetHints":{"allow":["GET"]}}],"collection":[{"href":"https:\/\/bodegaoutdoor.cl\/store\/wp-json\/wp\/v2\/product"}],"about":[{"href":"https:\/\/bodegaoutdoor.cl\/store\/wp-json\/wp\/v2\/types\/product"}],"replies":[{"embeddable":true,"href":"https:\/\/bodegaoutdoor.cl\/store\/wp-json\/wp\/v2\/comments?post=34547"}],"version-history":[{"count":2,"href":"https:\/\/bodegaoutdoor.cl\/store\/wp-json\/wp\/v2\/product\/34547\/revisions"}],"predecessor-version":[{"id":71042,"href":"https:\/\/bodegaoutdoor.cl\/store\/wp-json\/wp\/v2\/product\/34547\/revisions\/71042"}],"wp:featuredmedia":[{"embeddable":true,"href":"https:\/\/bodegaoutdoor.cl\/store\/wp-json\/wp\/v2\/media\/38992"}],"wp:attachment":[{"href":"https:\/\/bodegaoutdoor.cl\/store\/wp-json\/wp\/v2\/media?parent=34547"}],"wp:term":[{"taxonomy":"product_brand","embeddable":true,"href":"https:\/\/bodegaoutdoor.cl\/store\/wp-json\/wp\/v2\/product_brand?post=34547"},{"taxonomy":"product_cat","embeddable":true,"href":"https:\/\/bodegaoutdoor.cl\/store\/wp-json\/wp\/v2\/product_cat?post=34547"},{"taxonomy":"product_tag","embeddable":true,"href":"https:\/\/bodegaoutdoor.cl\/store\/wp-json\/wp\/v2\/product_tag?post=34547"}],"curies":[{"name":"wp","href":"https:\/\/api.w.org\/{rel}","templated":true}]}}