{"id":34675,"date":"2021-03-21T18:14:16","date_gmt":"2021-03-21T21:14:16","guid":{"rendered":"https:\/\/bodegaoutdoor.cl\/store\/product\/hamaca-de-camping-con-mosquitera-doble-hamaca-de-viaje-para-mochilero-portatil-de-paracaidas\/"},"modified":"2023-05-04T19:19:00","modified_gmt":"2023-05-04T23:19:00","slug":"hamaca-de-camping-con-mosquitera-doble-hamaca-de-viaje-para-mochilero-portatil-de-paracaidas","status":"publish","type":"product","link":"https:\/\/bodegaoutdoor.cl\/store\/product\/hamaca-de-camping-con-mosquitera-doble-hamaca-de-viaje-para-mochilero-portatil-de-paracaidas\/","title":{"rendered":"Hamaca de Camping con mosquitera, doble hamaca de viaje, para mochilero, port\u00e1til, de paraca\u00eddas"},"content":{"rendered":"<div>\n<div>\n<div>\n<div>\n<div>\n<div>\n<p><span style=\"font-family: Comic Sans MS,cursive\"><span style=\"font-size: 20px\"><span style=\"color: #3498db\"><strong>Descripci\u00f3n del producto<\/strong><\/span><\/span><\/span><\/p>\n<p><span style=\"font-size: 14px\"><span style=\"font-family: Comic Sans MS,cursive\">Los nuestros est\u00e1n hechos de nailon de paraca\u00eddas 210T de alta calidad (\u00a1el mismo tipo que usan los buceadores!) este material extra suave pero s\u00faper fuerte le brinda la experiencia m\u00e1s c\u00f3moda y relajante de la historia.<\/span><\/span><\/p>\n<p>Ligero y compacto, para que puedas llevarlos a cualquier lugar.<\/p>\n<p>Todo lo que necesitas-estas hamacas definitivas vienen con mosquetones unidos a cada extremo y dos cuerdas de 8 pies para colgarlo (No 2 pies como otros). Si no sabes c\u00f3mo atar nudos, no te preocupes porque te enviaremos un correo electr\u00f3nico con instrucciones f\u00e1ciles despu\u00e9s de tu compra. Cu\u00e9lgalo en \u00e1rboles, postes o cualquier otra cosa resistente. Es fresco duradero y perfecto para viajes, camping, senderismo, playa, parque, porche, patio interior o cualquier otro lugar. Hombres, mujeres y ni\u00f1os aman nuestras hamacas.<\/p>\n<p>100% garant\u00eda de satisfacci\u00f3n, por lo que no tienes que preguntarnos si est\u00e1s arriesgando tu dinero que has ganado con esfuerzo. Si no te gusta, h\u00e1znoslo saber. Nos enorgullece mucho cuidar de nuestros incre\u00edbles clientes. \u00a1No nuestra palabra para Mira nuestros comentarios!<\/p>\n<p>\u00a1No vaciamos tu cartera para productos esenciales! Nos encanta el aire libre como t\u00fa y sabemos que el costo del engranaje realmente puede aumentar, por lo tanto, ofrecemos productos de la misma calidad que otras marcas conocidas por un precio mucho m\u00e1s asequible. Conf\u00ede en nosotros, \u00a1nuestro equipo es igual de bueno! Tambi\u00e9n es un gran regalo multifuncional y econ\u00f3mico para su mam\u00e1, pap\u00e1, hermana, novia, novio, hijo, hija o incluso el perro \ud83d\ude42<\/p>\n<p><strong><span style=\"font-size: 16px\">Cosas geniales sobre nuestras hamacas:<\/span><\/strong><br \/>\n* Muy c\u00f3modo y extra suave (tan suave como ENO-y s\u00ed lo comprobamos).<br \/>\n* Tela de nailon de paraca\u00eddas s\u00faper fuerte (Nailon 210T-\u00a1el mismo material que usan los buceadores!).<br \/>\n* EXTRA seguro porque tiene costuras de enclavamiento triple para que no se caiga<br \/>\n* Tiene todo lo que necesita para instalarlo y comenzar a relajarse ahora (juego de cuerdas n\u00e1uticas y 2 mosquetones de Acero Resistentes incluidos).<br \/>\n* \u00a1Sin complicaciones para colgar su hamaca porque NO necesita una sola herramienta!<\/p>\n<p><strong><span style=\"font-size: 16px\">Tama\u00f1o:<\/span><\/strong><br \/>\n102 pulgadas x 55 pulgadas<\/p>\n<p><strong><span style=\"font-size: 16px\">Paquete:<\/span><\/strong><br \/>\nUds hamaca<br \/>\nUds bolsas<br \/>\nUds cuerda<br \/>\nUds monta\u00f1ismo hebilla<br \/>\nUds suelo de u\u00f1as<br \/>\nUds viento cuerda<\/p>\n<p style=\"text-align: left;margin: 0\"><img decoding=\"async\" src=\"https:\/\/bodegaoutdoor.cl\/store\/wp-content\/uploads\/2021\/03\/34675-ynh3a1.jpg\" title=\"Hamaca de Camping con mosquitera, doble hamaca de viaje, para mochilero, port\u00e1til, de paraca\u00eddas\" alt=\"Hamaca de Camping con mosquitera, doble hamaca de viaje, para mochilero, port\u00e1til, de paraca\u00eddas\" \/><br \/>\n<img decoding=\"async\" src=\"https:\/\/bodegaoutdoor.cl\/store\/wp-content\/uploads\/2021\/03\/34675-jh7fgn.jpg\" title=\"Hamaca de Camping con mosquitera, doble hamaca de viaje, para mochilero, port\u00e1til, de paraca\u00eddas\" alt=\"Hamaca de Camping con mosquitera, doble hamaca de viaje, para mochilero, port\u00e1til, de paraca\u00eddas\" \/><img decoding=\"async\" src=\"https:\/\/bodegaoutdoor.cl\/store\/wp-content\/uploads\/2021\/03\/34675-dlqfuf.jpg\" title=\"Hamaca de Camping con mosquitera, doble hamaca de viaje, para mochilero, port\u00e1til, de paraca\u00eddas\" alt=\"Hamaca de Camping con mosquitera, doble hamaca de viaje, para mochilero, port\u00e1til, de paraca\u00eddas\" \/><img decoding=\"async\" src=\"https:\/\/bodegaoutdoor.cl\/store\/wp-content\/uploads\/2021\/03\/34675-hm7sfh.jpg\" title=\"Hamaca de Camping con mosquitera, doble hamaca de viaje, para mochilero, port\u00e1til, de paraca\u00eddas\" alt=\"Hamaca de Camping con mosquitera, doble hamaca de viaje, para mochilero, port\u00e1til, de paraca\u00eddas\" \/><img decoding=\"async\" src=\"https:\/\/bodegaoutdoor.cl\/store\/wp-content\/uploads\/2021\/03\/34675-2e98q0.jpg\" title=\"Hamaca de Camping con mosquitera, doble hamaca de viaje, para mochilero, port\u00e1til, de paraca\u00eddas\" alt=\"Hamaca de Camping con mosquitera, doble hamaca de viaje, para mochilero, port\u00e1til, de paraca\u00eddas\" \/><br \/>\n<img decoding=\"async\" src=\"https:\/\/bodegaoutdoor.cl\/store\/wp-content\/uploads\/2021\/03\/34675-ig6cii.jpg\" title=\"Hamaca de Camping con mosquitera, doble hamaca de viaje, para mochilero, port\u00e1til, de paraca\u00eddas\" alt=\"Hamaca de Camping con mosquitera, doble hamaca de viaje, para mochilero, port\u00e1til, de paraca\u00eddas\" \/><img decoding=\"async\" src=\"https:\/\/bodegaoutdoor.cl\/store\/wp-content\/uploads\/2021\/03\/34675-72irk6.jpg\" title=\"Hamaca de Camping con mosquitera, doble hamaca de viaje, para mochilero, port\u00e1til, de paraca\u00eddas\" alt=\"Hamaca de Camping con mosquitera, doble hamaca de viaje, para mochilero, port\u00e1til, de paraca\u00eddas\" \/><img decoding=\"async\" src=\"https:\/\/bodegaoutdoor.cl\/store\/wp-content\/uploads\/2021\/03\/34675-zcsqlr.jpg\" title=\"Hamaca de Camping con mosquitera, doble hamaca de viaje, para mochilero, port\u00e1til, de paraca\u00eddas\" alt=\"Hamaca de Camping con mosquitera, doble hamaca de viaje, para mochilero, port\u00e1til, de paraca\u00eddas\" \/><img decoding=\"async\" src=\"https:\/\/bodegaoutdoor.cl\/store\/wp-content\/uploads\/2021\/03\/34675-gtdybw.jpg\" title=\"Hamaca de Camping con mosquitera, doble hamaca de viaje, para mochilero, port\u00e1til, de paraca\u00eddas\" alt=\"Hamaca de Camping con mosquitera, doble hamaca de viaje, para mochilero, port\u00e1til, de paraca\u00eddas\" \/><img decoding=\"async\" src=\"https:\/\/bodegaoutdoor.cl\/store\/wp-content\/uploads\/2021\/03\/34675-izhrti.jpg\" title=\"Hamaca de Camping con mosquitera, doble hamaca de viaje, para mochilero, port\u00e1til, de paraca\u00eddas\" alt=\"Hamaca de Camping con mosquitera, doble hamaca de viaje, para mochilero, port\u00e1til, de paraca\u00eddas\" \/><br \/>\n<img decoding=\"async\" src=\"https:\/\/bodegaoutdoor.cl\/store\/wp-content\/uploads\/2021\/03\/34675-jh7fgn.jpg\" title=\"Hamaca de Camping con mosquitera, doble hamaca de viaje, para mochilero, port\u00e1til, de paraca\u00eddas\" alt=\"Hamaca de Camping con mosquitera, doble hamaca de viaje, para mochilero, port\u00e1til, de paraca\u00eddas\" \/><img decoding=\"async\" src=\"https:\/\/bodegaoutdoor.cl\/store\/wp-content\/uploads\/2021\/03\/34675-dlqfuf.jpg\" title=\"Hamaca de Camping con mosquitera, doble hamaca de viaje, para mochilero, port\u00e1til, de paraca\u00eddas\" alt=\"Hamaca de Camping con mosquitera, doble hamaca de viaje, para mochilero, port\u00e1til, de paraca\u00eddas\" \/><img decoding=\"async\" src=\"https:\/\/bodegaoutdoor.cl\/store\/wp-content\/uploads\/2021\/03\/34675-hm7sfh.jpg\" title=\"Hamaca de Camping con mosquitera, doble hamaca de viaje, para mochilero, port\u00e1til, de paraca\u00eddas\" alt=\"Hamaca de Camping con mosquitera, doble hamaca de viaje, para mochilero, port\u00e1til, de paraca\u00eddas\" \/><img decoding=\"async\" src=\"https:\/\/bodegaoutdoor.cl\/store\/wp-content\/uploads\/2021\/03\/34675-2e98q0.jpg\" title=\"Hamaca de Camping con mosquitera, doble hamaca de viaje, para mochilero, port\u00e1til, de paraca\u00eddas\" alt=\"Hamaca de Camping con mosquitera, doble hamaca de viaje, para mochilero, port\u00e1til, de paraca\u00eddas\" \/><img decoding=\"async\" src=\"https:\/\/bodegaoutdoor.cl\/store\/wp-content\/uploads\/2021\/03\/34675-dtf4mx.jpg\" title=\"Hamaca de Camping con mosquitera, doble hamaca de viaje, para mochilero, port\u00e1til, de paraca\u00eddas\" alt=\"Hamaca de Camping con mosquitera, doble hamaca de viaje, para mochilero, port\u00e1til, de paraca\u00eddas\" \/><br \/>\n<img decoding=\"async\" src=\"https:\/\/bodegaoutdoor.cl\/store\/wp-content\/uploads\/2021\/03\/34675-b7p0ve.jpg\" title=\"Hamaca de Camping con mosquitera, doble hamaca de viaje, para mochilero, port\u00e1til, de paraca\u00eddas\" alt=\"Hamaca de Camping con mosquitera, doble hamaca de viaje, para mochilero, port\u00e1til, de paraca\u00eddas\" \/><\/p>\n<\/div>\n<\/div>\n<div><\/div>\n<\/div>\n<div>\n<div>\n<div><\/div>\n<\/div>\n<\/div>\n<div>\n<div><\/div>\n<\/div>\n<\/div>\n<\/div>\n<\/div>\n\n    <div class=\"xs_social_share_widget xs_share_url after_content \t\tmain_content  wslu-style-1 wslu-share-box-shaped wslu-fill-colored wslu-none wslu-share-horizontal wslu-theme-font-no wslu-main_content\">\n\n\t\t\n        <ul>\n\t\t\t        <\/ul>\n    <\/div> \n","protected":false},"excerpt":{"rendered":"<p>Descripci\u00f3n del producto Los nuestros est\u00e1n hechos de nailon de paraca\u00eddas 210T de alta calidad (\u00a1el mismo tipo que usan los buceadores!) este material extra suave pero s\u00faper fuerte le brinda la experiencia m\u00e1s c\u00f3moda y relajante de la historia. Ligero y compacto, para que puedas llevarlos a cualquier lugar. Todo lo que necesitas-estas hamacas [&hellip;]<\/p>\n","protected":false},"featured_media":39028,"comment_status":"open","ping_status":"closed","template":"","meta":{"jetpack_publicize_message":"","jetpack_publicize_feature_enabled":true,"jetpack_social_post_already_shared":true,"jetpack_social_options":{"image_generator_settings":{"template":"highway","enabled":false},"version":2}},"product_brand":[],"product_cat":[275],"product_tag":[],"class_list":{"0":"post-34675","1":"product","2":"type-product","3":"status-publish","4":"has-post-thumbnail","6":"product_cat-hamacas","8":"first","9":"instock","10":"sale","11":"taxable","12":"shipping-taxable","13":"purchasable","14":"product-type-variable"},"jetpack_publicize_connections":[],"jetpack_sharing_enabled":true,"_links":{"self":[{"href":"https:\/\/bodegaoutdoor.cl\/store\/wp-json\/wp\/v2\/product\/34675","targetHints":{"allow":["GET"]}}],"collection":[{"href":"https:\/\/bodegaoutdoor.cl\/store\/wp-json\/wp\/v2\/product"}],"about":[{"href":"https:\/\/bodegaoutdoor.cl\/store\/wp-json\/wp\/v2\/types\/product"}],"replies":[{"embeddable":true,"href":"https:\/\/bodegaoutdoor.cl\/store\/wp-json\/wp\/v2\/comments?post=34675"}],"version-history":[{"count":1,"href":"https:\/\/bodegaoutdoor.cl\/store\/wp-json\/wp\/v2\/product\/34675\/revisions"}],"predecessor-version":[{"id":71041,"href":"https:\/\/bodegaoutdoor.cl\/store\/wp-json\/wp\/v2\/product\/34675\/revisions\/71041"}],"wp:featuredmedia":[{"embeddable":true,"href":"https:\/\/bodegaoutdoor.cl\/store\/wp-json\/wp\/v2\/media\/39028"}],"wp:attachment":[{"href":"https:\/\/bodegaoutdoor.cl\/store\/wp-json\/wp\/v2\/media?parent=34675"}],"wp:term":[{"taxonomy":"product_brand","embeddable":true,"href":"https:\/\/bodegaoutdoor.cl\/store\/wp-json\/wp\/v2\/product_brand?post=34675"},{"taxonomy":"product_cat","embeddable":true,"href":"https:\/\/bodegaoutdoor.cl\/store\/wp-json\/wp\/v2\/product_cat?post=34675"},{"taxonomy":"product_tag","embeddable":true,"href":"https:\/\/bodegaoutdoor.cl\/store\/wp-json\/wp\/v2\/product_tag?post=34675"}],"curies":[{"name":"wp","href":"https:\/\/api.w.org\/{rel}","templated":true}]}}