{"id":3754,"date":"2020-07-14T04:16:10","date_gmt":"2020-07-14T04:16:10","guid":{"rendered":"https:\/\/bodegaoutdoor.cl\/store\/product\/trvlwego-calido-invierno-de-los-hombres-pantalones-de-cascara-suave-de-viaje-a-prueba-de-agua-al-aire-libre-camping-y-senderismo-pantalones-de-lana-a-prueba-de-viento-de-esqui-pantalones\/"},"modified":"2023-05-04T19:19:41","modified_gmt":"2023-05-04T23:19:41","slug":"trvlwego-calido-invierno-de-los-hombres-pantalones-de-cascara-suave-de-viaje-a-prueba-de-agua-al-aire-libre-camping-y-senderismo-pantalones-de-lana-a-prueba-de-viento-de-esqui-pantalones","status":"publish","type":"product","link":"https:\/\/bodegaoutdoor.cl\/store\/product\/trvlwego-calido-invierno-de-los-hombres-pantalones-de-cascara-suave-de-viaje-a-prueba-de-agua-al-aire-libre-camping-y-senderismo-pantalones-de-lana-a-prueba-de-viento-de-esqui-pantalones\/","title":{"rendered":"Pantalones Softshell a prueba de agua Outdoor Monta\u00f1a"},"content":{"rendered":"<div><\/div>\n<div>\n<p style=\"font-family: 'OpenSans'; color: #000; font-weight: 900; font-size: 20px; line-height: 28px; margin-bottom: 12px;\">Detalles de los pantalones<\/p>\n<\/div>\n<div><img decoding=\"async\" title=\"TRVLWEGO c\u00e1lido invierno de los hombres pantalones de c\u00e1scara suave de viaje a prueba de agua al aire libre Camping y senderismo pantalones de lana a prueba de viento de esqu\u00ed Pantalones\" src=\"https:\/\/bodegaoutdoor.cl\/store\/wp-content\/uploads\/2020\/07\/3754-l0ax1h.jpg\" alt=\"TRVLWEGO c\u00e1lido invierno de los hombres pantalones de c\u00e1scara suave de viaje a prueba de agua al aire libre Camping y senderismo pantalones de lana a prueba de viento de esqu\u00ed Pantalones\" \/><\/div>\n<div><img decoding=\"async\" title=\"TRVLWEGO c\u00e1lido invierno de los hombres pantalones de c\u00e1scara suave de viaje a prueba de agua al aire libre Camping y senderismo pantalones de lana a prueba de viento de esqu\u00ed Pantalones\" src=\"https:\/\/bodegaoutdoor.cl\/store\/wp-content\/uploads\/2020\/07\/3754-1uov1k.jpg\" alt=\"TRVLWEGO c\u00e1lido invierno de los hombres pantalones de c\u00e1scara suave de viaje a prueba de agua al aire libre Camping y senderismo pantalones de lana a prueba de viento de esqu\u00ed Pantalones\" \/><\/div>\n<div>\n<p style=\"font-family: 'OpenSans'; color: #000; font-weight: 900; font-size: 20px; line-height: 28px; margin-bottom: 12px;\">Aqu\u00ed est\u00e1 la valoraci\u00f3n de los compradores de Hombres:<\/p>\n<p style=\"font-family: 'OpenSans'; color: #000; font-weight: 300; font-size: 14px; line-height: 20px; margin-bottom: 12px;\">Frank: altura 175 cm, peso 72 kg, cintura 83 cm ajuste &#8220;L&#8221;<br \/>\nCristo: altura 176 cm, peso 65 kg, ajuste &#8220;L&#8221;<br \/>\nBeck: altura 178 cm, peso 84 kg, ajuste &#8220;XL&#8221;<br \/>\nBob: altura 178 cm, peso 86 kg, cintura 95 cm ajuste &#8220;XXL&#8221;<br \/>\nEric: altura 176 cm, peso 85 kg, ajuste &#8220;XXL&#8221;<br \/>\nFactura: altura 172 cm, peso 84 kg, ajuste &#8220;XXL&#8221;<br \/>\nCarl: altura 168 cm, peso 82 kg, ajuste &#8220;XXL&#8221;<br \/>\nAdam: altura 187 cm, cintura 115 cm, ajuste &#8220;XXXL&#8221;<br \/>\nAlan: altura 180 cm, peso 90 kg, ajuste &#8220;XXXL&#8221;<\/p>\n<\/div>\n<div>\n<p style=\"font-family: 'OpenSans'; color: #000; font-weight: 300; font-size: 14px; line-height: 20px; margin-bottom: 12px;\">F\u00e1cil<br \/>\n\u2022 Puede devolver los art\u00edculos por cualquier raz\u00f3n a uno de nuestros almacenes locales, siempre que est\u00e9n sin usar, sin lavar y en su estado original, completo con el embalaje original, etiquetas, etc.<br \/>\n\u2022 Recuerde seleccionar &#8220;Retorno Local f\u00e1cil&#8221; como motivo de devoluci\u00f3n<br \/>\nR\u00e1pido<br \/>\n\u2022 Una vez recibido, procesaremos su solicitud de reembolso en 3 d\u00edas h\u00e1biles<br \/>\n\u2022 Los art\u00edculos ser\u00e1n procesados en un almac\u00e9n local, en lugar de ser enviados de vuelta a China<\/p>\n<\/div>\n<div><img decoding=\"async\" title=\"TRVLWEGO c\u00e1lido invierno de los hombres pantalones de c\u00e1scara suave de viaje a prueba de agua al aire libre Camping y senderismo pantalones de lana a prueba de viento de esqu\u00ed Pantalones\" src=\"https:\/\/bodegaoutdoor.cl\/store\/wp-content\/uploads\/2020\/07\/3754-oezr9e.jpg\" alt=\"TRVLWEGO c\u00e1lido invierno de los hombres pantalones de c\u00e1scara suave de viaje a prueba de agua al aire libre Camping y senderismo pantalones de lana a prueba de viento de esqu\u00ed Pantalones\" \/><\/div>\n<div><img decoding=\"async\" title=\"TRVLWEGO c\u00e1lido invierno de los hombres pantalones de c\u00e1scara suave de viaje a prueba de agua al aire libre Camping y senderismo pantalones de lana a prueba de viento de esqu\u00ed Pantalones\" src=\"https:\/\/bodegaoutdoor.cl\/store\/wp-content\/uploads\/2020\/07\/3754-tiprrc.jpg\" alt=\"TRVLWEGO c\u00e1lido invierno de los hombres pantalones de c\u00e1scara suave de viaje a prueba de agua al aire libre Camping y senderismo pantalones de lana a prueba de viento de esqu\u00ed Pantalones\" \/><\/div>\n<div><\/div>\n<div><\/div>\n<div><\/div>\n<div><\/div>\n\n    <div class=\"xs_social_share_widget xs_share_url after_content \t\tmain_content  wslu-style-1 wslu-share-box-shaped wslu-fill-colored wslu-none wslu-share-horizontal wslu-theme-font-no wslu-main_content\">\n\n\t\t\n        <ul>\n\t\t\t        <\/ul>\n    <\/div> \n","protected":false},"excerpt":{"rendered":"<p>Detalles de los pantalones Aqu\u00ed est\u00e1 la valoraci\u00f3n de los compradores de Hombres: Frank: altura 175 cm, peso 72 kg, cintura 83 cm ajuste &#8220;L&#8221; Cristo: altura 176 cm, peso 65 kg, ajuste &#8220;L&#8221; Beck: altura 178 cm, peso 84 kg, ajuste &#8220;XL&#8221; Bob: altura 178 cm, peso 86 kg, cintura 95 cm ajuste &#8220;XXL&#8221; [&hellip;]<\/p>\n","protected":false},"featured_media":3835,"comment_status":"open","ping_status":"closed","template":"","meta":{"jetpack_publicize_message":"","jetpack_publicize_feature_enabled":true,"jetpack_social_post_already_shared":true,"jetpack_social_options":{"image_generator_settings":{"template":"highway","enabled":false},"version":2}},"product_brand":[],"product_cat":[190,62],"product_tag":[],"class_list":{"0":"post-3754","1":"product","2":"type-product","3":"status-publish","4":"has-post-thumbnail","6":"product_cat-pantalones-hombre","7":"product_cat-vestuario-hombre","9":"first","10":"instock","11":"sale","12":"taxable","13":"shipping-taxable","14":"purchasable","15":"product-type-variable"},"jetpack_publicize_connections":[],"jetpack_sharing_enabled":true,"_links":{"self":[{"href":"https:\/\/bodegaoutdoor.cl\/store\/wp-json\/wp\/v2\/product\/3754","targetHints":{"allow":["GET"]}}],"collection":[{"href":"https:\/\/bodegaoutdoor.cl\/store\/wp-json\/wp\/v2\/product"}],"about":[{"href":"https:\/\/bodegaoutdoor.cl\/store\/wp-json\/wp\/v2\/types\/product"}],"replies":[{"embeddable":true,"href":"https:\/\/bodegaoutdoor.cl\/store\/wp-json\/wp\/v2\/comments?post=3754"}],"version-history":[{"count":2,"href":"https:\/\/bodegaoutdoor.cl\/store\/wp-json\/wp\/v2\/product\/3754\/revisions"}],"predecessor-version":[{"id":71371,"href":"https:\/\/bodegaoutdoor.cl\/store\/wp-json\/wp\/v2\/product\/3754\/revisions\/71371"}],"wp:featuredmedia":[{"embeddable":true,"href":"https:\/\/bodegaoutdoor.cl\/store\/wp-json\/wp\/v2\/media\/3835"}],"wp:attachment":[{"href":"https:\/\/bodegaoutdoor.cl\/store\/wp-json\/wp\/v2\/media?parent=3754"}],"wp:term":[{"taxonomy":"product_brand","embeddable":true,"href":"https:\/\/bodegaoutdoor.cl\/store\/wp-json\/wp\/v2\/product_brand?post=3754"},{"taxonomy":"product_cat","embeddable":true,"href":"https:\/\/bodegaoutdoor.cl\/store\/wp-json\/wp\/v2\/product_cat?post=3754"},{"taxonomy":"product_tag","embeddable":true,"href":"https:\/\/bodegaoutdoor.cl\/store\/wp-json\/wp\/v2\/product_tag?post=3754"}],"curies":[{"name":"wp","href":"https:\/\/api.w.org\/{rel}","templated":true}]}}