{"id":39467,"date":"2021-03-30T08:05:27","date_gmt":"2021-03-30T11:05:27","guid":{"rendered":"https:\/\/bodegaoutdoor.cl\/store\/product\/pavehawk-zapatillas-deportivas-para-hombre-trekking-al-aire-libre-zapatos-de-senderismo-de-cuero-impermeables-calzado-de-escalada-botas-militares-tacticas-del-ejercito\/"},"modified":"2023-05-04T19:19:00","modified_gmt":"2023-05-04T23:19:00","slug":"pavehawk-botas-tacticas-trekking-senderismo-de-cuero-impermeables","status":"publish","type":"product","link":"https:\/\/bodegaoutdoor.cl\/store\/product\/pavehawk-botas-tacticas-trekking-senderismo-de-cuero-impermeables\/","title":{"rendered":"PAVEHAWK-Botas tacticas Trekking  senderismo de cuero impermeables."},"content":{"rendered":"<p style=\"text-align: center;\"><video style=\"max-width: 100%;\" src=\"\/\/cloud.video.taobao.com\/play\/u\/489833241\/p\/1\/e\/6\/t\/10301\/218325823362.mp4\" poster=\"https:\/\/ae01.alicdn.com\/kf\/H1dc53886a34b4814a2f273e787ec6925D\/PAVEHAWK-Zapatillas-deportivas-para-hombre-Trekking-al-aire-libre-zapatos-de-senderismo-de-cuero-impermeables-calzado.jpg,https:\/\/ae01.alicdn.com\/kf\/H49d891ae48fb4c94895699fafbeafa24k\/PAVEHAWK-Zapatillas-deportivas-para-hombre-Trekking-al-aire-libre-zapatos-de-senderismo-de-cuero-impermeables-calzado.jpg,https:\/\/ae01.alicdn.com\/kf\/Hf628ffd909e64abc8d1e6a4b6f7915f8f\/PAVEHAWK-Zapatillas-deportivas-para-hombre-Trekking-al-aire-libre-zapatos-de-senderismo-de-cuero-impermeables-calzado.jpg,https:\/\/ae01.alicdn.com\/kf\/Hc1bef0ee0a55410998bbe9e09edfdce6G\/PAVEHAWK-Zapatillas-deportivas-para-hombre-Trekking-al-aire-libre-zapatos-de-senderismo-de-cuero-impermeables-calzado.jpg,https:\/\/ae01.alicdn.com\/kf\/H99b06a5926444226b40402dbb1010879d\/PAVEHAWK-Zapatillas-deportivas-para-hombre-Trekking-al-aire-libre-zapatos-de-senderismo-de-cuero-impermeables-calzado.jpg,https:\/\/ae01.alicdn.com\/kf\/Hbfe61928000b47208282213c562c9faft\/PAVEHAWK-Zapatillas-deportivas-para-hombre-Trekking-al-aire-libre-zapatos-de-senderismo-de-cuero-impermeables-calzado.jpg\" preload=\"auto\" controls=\"controls\" width=\"100%\" height=\"100%\"><\/video><\/p>\n<div><\/div>\n<div>\n<div>\n<div>\n<div>\n<div>\n<div>\n<div>\n<div>\n<div>\n<div>\n<div>\n<div>\n<div><\/div>\n<\/div>\n<div><\/div>\n<\/div>\n<div><\/div>\n<div>\n<div><\/div>\n<div>\n<div><\/div>\n<div>\n<div>\n<p><span style=\"font-size: 18.0px;\"><strong>PAVEHAWK botas militares t\u00e1cticas del ej\u00e9rcito de combate del desierto zapatos deportivos para hombres zapatillas de deporte.<\/strong><\/span><\/p>\n<p><span style=\"font-size: 18.0px;\"><strong>Lado de piel de becerro de alta calidad con cremallera<\/strong><\/span><\/p>\n<p><span style=\"font-size: 18.0px;\"><strong>Transpirable impermeable absorci\u00f3n de golpes antideslizante resistente al desgaste duradero<\/strong><\/span><\/p>\n<p><span style=\"font-size: 18.0px;\"><strong>Escalada, senderismo, Jogging, trabajo de senderismo<\/strong><\/span><\/p>\n<p style=\"margin: 0px 0px 12px; font-size: 20px; line-height: 28px; font-weight: 900; font-family: OpenSans;\">Talla de un c\u00f3digo m\u00e1s peque\u00f1a que la talla de EE. UU., talla europea.<\/p>\n<p style=\"margin: 0px 0px 12px; font-size: 14px; line-height: 20px; font-family: OpenSans;\" data-spm-anchor-id=\"a2g0o.detail.1000023.i2.56066e57RVM0C2\"><span style=\"font-size: 22px;\">Un c\u00f3digo m\u00e1s peque\u00f1o que la talla de EE. UU., talla europea. Por ejemplo, normalmente usa 41 EUR, pide 42 EUR.<\/span><\/p>\n<p><img decoding=\"async\" title=\"PAVEHAWK-Zapatillas deportivas para hombre Trekking al aire libre, zapatos de senderismo de cuero impermeables, calzado de escalada, botas militares t\u00e1cticas del ej\u00e9rcito\" src=\"https:\/\/bodegaoutdoor.cl\/store\/wp-content\/uploads\/2021\/03\/39467-5o1ekb.jpg\" alt=\"PAVEHAWK-Zapatillas deportivas para hombre Trekking al aire libre, zapatos de senderismo de cuero impermeables, calzado de escalada, botas militares t\u00e1cticas del ej\u00e9rcito\" \/><img decoding=\"async\" title=\"PAVEHAWK-Zapatillas deportivas para hombre Trekking al aire libre, zapatos de senderismo de cuero impermeables, calzado de escalada, botas militares t\u00e1cticas del ej\u00e9rcito\" src=\"https:\/\/bodegaoutdoor.cl\/store\/wp-content\/uploads\/2021\/03\/39467-lpdnzb.jpg\" alt=\"PAVEHAWK-Zapatillas deportivas para hombre Trekking al aire libre, zapatos de senderismo de cuero impermeables, calzado de escalada, botas militares t\u00e1cticas del ej\u00e9rcito\" \/><img decoding=\"async\" title=\"PAVEHAWK-Zapatillas deportivas para hombre Trekking al aire libre, zapatos de senderismo de cuero impermeables, calzado de escalada, botas militares t\u00e1cticas del ej\u00e9rcito\" src=\"https:\/\/bodegaoutdoor.cl\/store\/wp-content\/uploads\/2021\/03\/39467-rtwoeh.jpg\" alt=\"PAVEHAWK-Zapatillas deportivas para hombre Trekking al aire libre, zapatos de senderismo de cuero impermeables, calzado de escalada, botas militares t\u00e1cticas del ej\u00e9rcito\" \/><img decoding=\"async\" title=\"PAVEHAWK-Zapatillas deportivas para hombre Trekking al aire libre, zapatos de senderismo de cuero impermeables, calzado de escalada, botas militares t\u00e1cticas del ej\u00e9rcito\" src=\"https:\/\/bodegaoutdoor.cl\/store\/wp-content\/uploads\/2021\/03\/39467-eimdb2.jpg\" alt=\"PAVEHAWK-Zapatillas deportivas para hombre Trekking al aire libre, zapatos de senderismo de cuero impermeables, calzado de escalada, botas militares t\u00e1cticas del ej\u00e9rcito\" \/><img decoding=\"async\" title=\"PAVEHAWK-Zapatillas deportivas para hombre Trekking al aire libre, zapatos de senderismo de cuero impermeables, calzado de escalada, botas militares t\u00e1cticas del ej\u00e9rcito\" src=\"https:\/\/bodegaoutdoor.cl\/store\/wp-content\/uploads\/2021\/03\/39467-9pbnnr.jpg\" alt=\"PAVEHAWK-Zapatillas deportivas para hombre Trekking al aire libre, zapatos de senderismo de cuero impermeables, calzado de escalada, botas militares t\u00e1cticas del ej\u00e9rcito\" \/><img decoding=\"async\" title=\"PAVEHAWK-Zapatillas deportivas para hombre Trekking al aire libre, zapatos de senderismo de cuero impermeables, calzado de escalada, botas militares t\u00e1cticas del ej\u00e9rcito\" src=\"https:\/\/bodegaoutdoor.cl\/store\/wp-content\/uploads\/2021\/03\/39467-zlybsg.jpg\" alt=\"PAVEHAWK-Zapatillas deportivas para hombre Trekking al aire libre, zapatos de senderismo de cuero impermeables, calzado de escalada, botas militares t\u00e1cticas del ej\u00e9rcito\" \/><img decoding=\"async\" title=\"PAVEHAWK-Zapatillas deportivas para hombre Trekking al aire libre, zapatos de senderismo de cuero impermeables, calzado de escalada, botas militares t\u00e1cticas del ej\u00e9rcito\" src=\"https:\/\/bodegaoutdoor.cl\/store\/wp-content\/uploads\/2021\/03\/39467-kzhwrh.jpg\" alt=\"PAVEHAWK-Zapatillas deportivas para hombre Trekking al aire libre, zapatos de senderismo de cuero impermeables, calzado de escalada, botas militares t\u00e1cticas del ej\u00e9rcito\" \/><img decoding=\"async\" title=\"PAVEHAWK-Zapatillas deportivas para hombre Trekking al aire libre, zapatos de senderismo de cuero impermeables, calzado de escalada, botas militares t\u00e1cticas del ej\u00e9rcito\" src=\"https:\/\/bodegaoutdoor.cl\/store\/wp-content\/uploads\/2021\/03\/39467-miylob.jpg\" alt=\"PAVEHAWK-Zapatillas deportivas para hombre Trekking al aire libre, zapatos de senderismo de cuero impermeables, calzado de escalada, botas militares t\u00e1cticas del ej\u00e9rcito\" \/><img decoding=\"async\" title=\"PAVEHAWK-Zapatillas deportivas para hombre Trekking al aire libre, zapatos de senderismo de cuero impermeables, calzado de escalada, botas militares t\u00e1cticas del ej\u00e9rcito\" src=\"https:\/\/bodegaoutdoor.cl\/store\/wp-content\/uploads\/2021\/03\/39467-mbfrsh.jpg\" alt=\"PAVEHAWK-Zapatillas deportivas para hombre Trekking al aire libre, zapatos de senderismo de cuero impermeables, calzado de escalada, botas militares t\u00e1cticas del ej\u00e9rcito\" \/><img decoding=\"async\" title=\"PAVEHAWK-Zapatillas deportivas para hombre Trekking al aire libre, zapatos de senderismo de cuero impermeables, calzado de escalada, botas militares t\u00e1cticas del ej\u00e9rcito\" src=\"https:\/\/bodegaoutdoor.cl\/store\/wp-content\/uploads\/2021\/03\/39467-qtu1x6.jpg\" alt=\"PAVEHAWK-Zapatillas deportivas para hombre Trekking al aire libre, zapatos de senderismo de cuero impermeables, calzado de escalada, botas militares t\u00e1cticas del ej\u00e9rcito\" \/><img decoding=\"async\" title=\"PAVEHAWK-Zapatillas deportivas para hombre Trekking al aire libre, zapatos de senderismo de cuero impermeables, calzado de escalada, botas militares t\u00e1cticas del ej\u00e9rcito\" src=\"https:\/\/bodegaoutdoor.cl\/store\/wp-content\/uploads\/2021\/03\/39467-izm923.jpg\" alt=\"PAVEHAWK-Zapatillas deportivas para hombre Trekking al aire libre, zapatos de senderismo de cuero impermeables, calzado de escalada, botas militares t\u00e1cticas del ej\u00e9rcito\" \/><img decoding=\"async\" title=\"PAVEHAWK-Zapatillas deportivas para hombre Trekking al aire libre, zapatos de senderismo de cuero impermeables, calzado de escalada, botas militares t\u00e1cticas del ej\u00e9rcito\" src=\"https:\/\/bodegaoutdoor.cl\/store\/wp-content\/uploads\/2021\/03\/39467-chqpjc.jpg\" alt=\"PAVEHAWK-Zapatillas deportivas para hombre Trekking al aire libre, zapatos de senderismo de cuero impermeables, calzado de escalada, botas militares t\u00e1cticas del ej\u00e9rcito\" \/><img decoding=\"async\" title=\"PAVEHAWK-Zapatillas deportivas para hombre Trekking al aire libre, zapatos de senderismo de cuero impermeables, calzado de escalada, botas militares t\u00e1cticas del ej\u00e9rcito\" src=\"https:\/\/bodegaoutdoor.cl\/store\/wp-content\/uploads\/2021\/03\/39467-b28u2b.jpg\" alt=\"PAVEHAWK-Zapatillas deportivas para hombre Trekking al aire libre, zapatos de senderismo de cuero impermeables, calzado de escalada, botas militares t\u00e1cticas del ej\u00e9rcito\" \/><img decoding=\"async\" title=\"PAVEHAWK-Zapatillas deportivas para hombre Trekking al aire libre, zapatos de senderismo de cuero impermeables, calzado de escalada, botas militares t\u00e1cticas del ej\u00e9rcito\" src=\"https:\/\/bodegaoutdoor.cl\/store\/wp-content\/uploads\/2021\/03\/39467-kjyroj.jpg\" alt=\"PAVEHAWK-Zapatillas deportivas para hombre Trekking al aire libre, zapatos de senderismo de cuero impermeables, calzado de escalada, botas militares t\u00e1cticas del ej\u00e9rcito\" \/><img decoding=\"async\" title=\"PAVEHAWK-Zapatillas deportivas para hombre Trekking al aire libre, zapatos de senderismo de cuero impermeables, calzado de escalada, botas militares t\u00e1cticas del ej\u00e9rcito\" src=\"https:\/\/bodegaoutdoor.cl\/store\/wp-content\/uploads\/2021\/03\/39467-twlat3.jpg\" alt=\"PAVEHAWK-Zapatillas deportivas para hombre Trekking al aire libre, zapatos de senderismo de cuero impermeables, calzado de escalada, botas militares t\u00e1cticas del ej\u00e9rcito\" \/><img decoding=\"async\" title=\"PAVEHAWK-Zapatillas deportivas para hombre Trekking al aire libre, zapatos de senderismo de cuero impermeables, calzado de escalada, botas militares t\u00e1cticas del ej\u00e9rcito\" src=\"https:\/\/bodegaoutdoor.cl\/store\/wp-content\/uploads\/2021\/03\/39467-b5lrox.jpg\" alt=\"PAVEHAWK-Zapatillas deportivas para hombre Trekking al aire libre, zapatos de senderismo de cuero impermeables, calzado de escalada, botas militares t\u00e1cticas del ej\u00e9rcito\" \/><img decoding=\"async\" title=\"PAVEHAWK-Zapatillas deportivas para hombre Trekking al aire libre, zapatos de senderismo de cuero impermeables, calzado de escalada, botas militares t\u00e1cticas del ej\u00e9rcito\" src=\"https:\/\/bodegaoutdoor.cl\/store\/wp-content\/uploads\/2021\/03\/39467-o5ryif.jpg\" alt=\"PAVEHAWK-Zapatillas deportivas para hombre Trekking al aire libre, zapatos de senderismo de cuero impermeables, calzado de escalada, botas militares t\u00e1cticas del ej\u00e9rcito\" \/><img decoding=\"async\" title=\"PAVEHAWK-Zapatillas deportivas para hombre Trekking al aire libre, zapatos de senderismo de cuero impermeables, calzado de escalada, botas militares t\u00e1cticas del ej\u00e9rcito\" src=\"https:\/\/bodegaoutdoor.cl\/store\/wp-content\/uploads\/2021\/03\/39467-cq85zy.jpg\" alt=\"PAVEHAWK-Zapatillas deportivas para hombre Trekking al aire libre, zapatos de senderismo de cuero impermeables, calzado de escalada, botas militares t\u00e1cticas del ej\u00e9rcito\" \/><img decoding=\"async\" title=\"PAVEHAWK-Zapatillas deportivas para hombre Trekking al aire libre, zapatos de senderismo de cuero impermeables, calzado de escalada, botas militares t\u00e1cticas del ej\u00e9rcito\" src=\"https:\/\/bodegaoutdoor.cl\/store\/wp-content\/uploads\/2021\/03\/39467-w473ei.jpg\" alt=\"PAVEHAWK-Zapatillas deportivas para hombre Trekking al aire libre, zapatos de senderismo de cuero impermeables, calzado de escalada, botas militares t\u00e1cticas del ej\u00e9rcito\" \/><\/p>\n<\/div>\n<\/div>\n<div><\/div>\n<\/div>\n<div><\/div>\n<\/div>\n<div><\/div>\n<div>\n<div><\/div>\n<div>\n<div><\/div>\n<\/div>\n<\/div>\n<\/div>\n<\/div>\n<\/div>\n<\/div>\n<\/div>\n<\/div>\n<\/div>\n<\/div>\n<\/div>\n<\/div>\n\n    <div class=\"xs_social_share_widget xs_share_url after_content \t\tmain_content  wslu-style-1 wslu-share-box-shaped wslu-fill-colored wslu-none wslu-share-horizontal wslu-theme-font-no wslu-main_content\">\n\n\t\t\n        <ul>\n\t\t\t        <\/ul>\n    <\/div> \n","protected":false},"excerpt":{"rendered":"<p>PAVEHAWK botas militares t\u00e1cticas del ej\u00e9rcito de combate del desierto zapatos deportivos para hombres zapatillas de deporte. Lado de piel de becerro de alta calidad con cremallera Transpirable impermeable absorci\u00f3n de golpes antideslizante resistente al desgaste duradero Escalada, senderismo, Jogging, trabajo de senderismo Talla de un c\u00f3digo m\u00e1s peque\u00f1a que la talla de EE. UU., [&hellip;]<\/p>\n","protected":false},"featured_media":39524,"comment_status":"open","ping_status":"closed","template":"","meta":{"jetpack_publicize_message":"","jetpack_publicize_feature_enabled":true,"jetpack_social_post_already_shared":true,"jetpack_social_options":{"image_generator_settings":{"template":"highway","enabled":false},"version":2}},"product_brand":[],"product_cat":[41],"product_tag":[],"class_list":{"0":"post-39467","1":"product","2":"type-product","3":"status-publish","4":"has-post-thumbnail","6":"product_cat-calzado","8":"first","9":"instock","10":"sale","11":"taxable","12":"shipping-taxable","13":"purchasable","14":"product-type-variable"},"jetpack_publicize_connections":[],"jetpack_sharing_enabled":true,"_links":{"self":[{"href":"https:\/\/bodegaoutdoor.cl\/store\/wp-json\/wp\/v2\/product\/39467","targetHints":{"allow":["GET"]}}],"collection":[{"href":"https:\/\/bodegaoutdoor.cl\/store\/wp-json\/wp\/v2\/product"}],"about":[{"href":"https:\/\/bodegaoutdoor.cl\/store\/wp-json\/wp\/v2\/types\/product"}],"replies":[{"embeddable":true,"href":"https:\/\/bodegaoutdoor.cl\/store\/wp-json\/wp\/v2\/comments?post=39467"}],"version-history":[{"count":2,"href":"https:\/\/bodegaoutdoor.cl\/store\/wp-json\/wp\/v2\/product\/39467\/revisions"}],"predecessor-version":[{"id":71038,"href":"https:\/\/bodegaoutdoor.cl\/store\/wp-json\/wp\/v2\/product\/39467\/revisions\/71038"}],"wp:featuredmedia":[{"embeddable":true,"href":"https:\/\/bodegaoutdoor.cl\/store\/wp-json\/wp\/v2\/media\/39524"}],"wp:attachment":[{"href":"https:\/\/bodegaoutdoor.cl\/store\/wp-json\/wp\/v2\/media?parent=39467"}],"wp:term":[{"taxonomy":"product_brand","embeddable":true,"href":"https:\/\/bodegaoutdoor.cl\/store\/wp-json\/wp\/v2\/product_brand?post=39467"},{"taxonomy":"product_cat","embeddable":true,"href":"https:\/\/bodegaoutdoor.cl\/store\/wp-json\/wp\/v2\/product_cat?post=39467"},{"taxonomy":"product_tag","embeddable":true,"href":"https:\/\/bodegaoutdoor.cl\/store\/wp-json\/wp\/v2\/product_tag?post=39467"}],"curies":[{"name":"wp","href":"https:\/\/api.w.org\/{rel}","templated":true}]}}