{"id":39750,"date":"2021-04-01T07:17:22","date_gmt":"2021-04-01T10:17:22","guid":{"rendered":"https:\/\/bodegaoutdoor.cl\/store\/product\/pantalones-militares-de-camuflaje-para-hombre-pantalon-tactico-elastico-con-multiples-bolsillos-para-deportes-al-aire-libre-de-talla-grande\/"},"modified":"2024-02-25T17:38:35","modified_gmt":"2024-02-25T20:38:35","slug":"pantalones-militares-de-camuflaje-para-hombre-pantalon-tactico-elastico-con-multiples-bolsillos-para-deportes-al-aire-libre-de-talla-grande","status":"publish","type":"product","link":"https:\/\/bodegaoutdoor.cl\/store\/product\/pantalones-militares-de-camuflaje-para-hombre-pantalon-tactico-elastico-con-multiples-bolsillos-para-deportes-al-aire-libre-de-talla-grande\/","title":{"rendered":"Pantalones militares t\u00e1ctico el\u00e1stico con m\u00faltiples bolsillos para deportes Outdoor"},"content":{"rendered":"<p style=\"text-align: center;\"><video style=\"max-width: 100%;\" src=\"\/\/cloud.video.taobao.com\/play\/u\/1680755066\/p\/1\/e\/6\/t\/10301\/277849335133.mp4\" poster=\"https:\/\/ae01.alicdn.com\/kf\/Hd54655a7b6cc4764bc37666ded7ec479n\/Mege-Pantalones-t-cticos-militares-para-hombre-ropa-de-trabajo-pantalones-de-combate-Airsoft-Paintball-pierna.jpg,https:\/\/ae01.alicdn.com\/kf\/H9ab7109f2a5d4064806430e15dd2215cq\/Mege-Pantalones-t-cticos-militares-para-hombre-ropa-de-trabajo-pantalones-de-combate-Airsoft-Paintball-pierna.jpg,https:\/\/ae01.alicdn.com\/kf\/H4ed650c64ba4487982031c66e4a1af68V\/Mege-Pantalones-t-cticos-militares-para-hombre-ropa-de-trabajo-pantalones-de-combate-Airsoft-Paintball-pierna.jpg,https:\/\/ae01.alicdn.com\/kf\/H5d45ffcc89f44cd289a852c6ac9fd55dO\/Mege-Pantalones-t-cticos-militares-para-hombre-ropa-de-trabajo-pantalones-de-combate-Airsoft-Paintball-pierna.jpg,https:\/\/ae01.alicdn.com\/kf\/H5eaee887e2be4c61a4ff71ecaa7048e48\/Mege-Pantalones-t-cticos-militares-para-hombre-ropa-de-trabajo-pantalones-de-combate-Airsoft-Paintball-pierna.jpg,https:\/\/ae01.alicdn.com\/kf\/H3deca306fb2a4dd683d4b5b665eb3da4E\/Mege-Pantalones-t-cticos-militares-para-hombre-ropa-de-trabajo-pantalones-de-combate-Airsoft-Paintball-pierna.jpg\" preload=\"auto\" controls=\"controls\" width=\"100%\" height=\"100%\"><\/video><\/p>\n<div><\/div>\n<div><img decoding=\"async\" style=\"margin-bottom: 10px;\" title=\"Pantalones militares de camuflaje para hombre, pantal\u00f3n t\u00e1ctico el\u00e1stico con m\u00faltiples bolsillos para deportes al aire libre, de talla grande\" src=\"https:\/\/bodegaoutdoor.cl\/store\/wp-content\/uploads\/2021\/04\/39750-f6jwjb.jpg\" alt=\"Pantalones militares de camuflaje para hombre, pantal\u00f3n t\u00e1ctico el\u00e1stico con m\u00faltiples bolsillos para deportes al aire libre, de talla grande\" \/><\/div>\n<div>\n<p style=\"font-family: 'OpenSans'; color: #000; font-weight: 900; font-size: 20px; line-height: 28px; margin-bottom: 12px;\">Exhibici\u00f3n del producto<\/p>\n<p><img decoding=\"async\" title=\"Pantalones militares de camuflaje para hombre, pantal\u00f3n t\u00e1ctico el\u00e1stico con m\u00faltiples bolsillos para deportes al aire libre, de talla grande\" src=\"https:\/\/bodegaoutdoor.cl\/store\/wp-content\/uploads\/2021\/04\/39750-zrzq1o.jpg\" alt=\"Pantalones militares de camuflaje para hombre, pantal\u00f3n t\u00e1ctico el\u00e1stico con m\u00faltiples bolsillos para deportes al aire libre, de talla grande\" \/><img decoding=\"async\" title=\"Pantalones militares de camuflaje para hombre, pantal\u00f3n t\u00e1ctico el\u00e1stico con m\u00faltiples bolsillos para deportes al aire libre, de talla grande\" src=\"https:\/\/bodegaoutdoor.cl\/store\/wp-content\/uploads\/2021\/04\/39750-ikvtz0.jpg\" alt=\"Pantalones militares de camuflaje para hombre, pantal\u00f3n t\u00e1ctico el\u00e1stico con m\u00faltiples bolsillos para deportes al aire libre, de talla grande\" \/><img decoding=\"async\" title=\"Pantalones militares de camuflaje para hombre, pantal\u00f3n t\u00e1ctico el\u00e1stico con m\u00faltiples bolsillos para deportes al aire libre, de talla grande\" src=\"https:\/\/bodegaoutdoor.cl\/store\/wp-content\/uploads\/2021\/04\/39750-e3uyun.jpg\" alt=\"Pantalones militares de camuflaje para hombre, pantal\u00f3n t\u00e1ctico el\u00e1stico con m\u00faltiples bolsillos para deportes al aire libre, de talla grande\" \/><img decoding=\"async\" title=\"Pantalones militares de camuflaje para hombre, pantal\u00f3n t\u00e1ctico el\u00e1stico con m\u00faltiples bolsillos para deportes al aire libre, de talla grande\" src=\"https:\/\/bodegaoutdoor.cl\/store\/wp-content\/uploads\/2021\/04\/39750-pfomy8.jpg\" alt=\"Pantalones militares de camuflaje para hombre, pantal\u00f3n t\u00e1ctico el\u00e1stico con m\u00faltiples bolsillos para deportes al aire libre, de talla grande\" \/><img decoding=\"async\" title=\"Pantalones militares de camuflaje para hombre, pantal\u00f3n t\u00e1ctico el\u00e1stico con m\u00faltiples bolsillos para deportes al aire libre, de talla grande\" src=\"https:\/\/bodegaoutdoor.cl\/store\/wp-content\/uploads\/2021\/04\/39750-t8tupu.jpg\" alt=\"Pantalones militares de camuflaje para hombre, pantal\u00f3n t\u00e1ctico el\u00e1stico con m\u00faltiples bolsillos para deportes al aire libre, de talla grande\" \/><img decoding=\"async\" title=\"Pantalones militares de camuflaje para hombre, pantal\u00f3n t\u00e1ctico el\u00e1stico con m\u00faltiples bolsillos para deportes al aire libre, de talla grande\" src=\"https:\/\/bodegaoutdoor.cl\/store\/wp-content\/uploads\/2021\/04\/39750-vhcikf.jpg\" alt=\"Pantalones militares de camuflaje para hombre, pantal\u00f3n t\u00e1ctico el\u00e1stico con m\u00faltiples bolsillos para deportes al aire libre, de talla grande\" \/><img decoding=\"async\" title=\"Pantalones militares de camuflaje para hombre, pantal\u00f3n t\u00e1ctico el\u00e1stico con m\u00faltiples bolsillos para deportes al aire libre, de talla grande\" src=\"https:\/\/bodegaoutdoor.cl\/store\/wp-content\/uploads\/2021\/04\/39750-yonjvg.jpg\" alt=\"Pantalones militares de camuflaje para hombre, pantal\u00f3n t\u00e1ctico el\u00e1stico con m\u00faltiples bolsillos para deportes al aire libre, de talla grande\" \/><img decoding=\"async\" title=\"Pantalones militares de camuflaje para hombre, pantal\u00f3n t\u00e1ctico el\u00e1stico con m\u00faltiples bolsillos para deportes al aire libre, de talla grande\" src=\"https:\/\/bodegaoutdoor.cl\/store\/wp-content\/uploads\/2021\/04\/39750-oihro6.jpg\" alt=\"Pantalones militares de camuflaje para hombre, pantal\u00f3n t\u00e1ctico el\u00e1stico con m\u00faltiples bolsillos para deportes al aire libre, de talla grande\" \/><img decoding=\"async\" title=\"Pantalones militares de camuflaje para hombre, pantal\u00f3n t\u00e1ctico el\u00e1stico con m\u00faltiples bolsillos para deportes al aire libre, de talla grande\" src=\"https:\/\/bodegaoutdoor.cl\/store\/wp-content\/uploads\/2021\/04\/39750-ndlbdt.jpg\" alt=\"Pantalones militares de camuflaje para hombre, pantal\u00f3n t\u00e1ctico el\u00e1stico con m\u00faltiples bolsillos para deportes al aire libre, de talla grande\" \/><\/p>\n<\/div>\n<div><img decoding=\"async\" style=\"margin-bottom: 10px;\" title=\"Pantalones militares de camuflaje para hombre, pantal\u00f3n t\u00e1ctico el\u00e1stico con m\u00faltiples bolsillos para deportes al aire libre, de talla grande\" src=\"https:\/\/bodegaoutdoor.cl\/store\/wp-content\/uploads\/2021\/04\/39750-go6iwt.jpg\" alt=\"Pantalones militares de camuflaje para hombre, pantal\u00f3n t\u00e1ctico el\u00e1stico con m\u00faltiples bolsillos para deportes al aire libre, de talla grande\" \/><img decoding=\"async\" title=\"Pantalones militares de camuflaje para hombre, pantal\u00f3n t\u00e1ctico el\u00e1stico con m\u00faltiples bolsillos para deportes al aire libre, de talla grande\" src=\"https:\/\/bodegaoutdoor.cl\/store\/wp-content\/uploads\/2021\/04\/39750-kq1uih.jpg\" alt=\"Pantalones militares de camuflaje para hombre, pantal\u00f3n t\u00e1ctico el\u00e1stico con m\u00faltiples bolsillos para deportes al aire libre, de talla grande\" \/><img decoding=\"async\" title=\"Pantalones militares de camuflaje para hombre, pantal\u00f3n t\u00e1ctico el\u00e1stico con m\u00faltiples bolsillos para deportes al aire libre, de talla grande\" src=\"https:\/\/bodegaoutdoor.cl\/store\/wp-content\/uploads\/2021\/04\/39750-5mhrr9.jpg\" alt=\"Pantalones militares de camuflaje para hombre, pantal\u00f3n t\u00e1ctico el\u00e1stico con m\u00faltiples bolsillos para deportes al aire libre, de talla grande\" \/><img decoding=\"async\" title=\"Pantalones militares de camuflaje para hombre, pantal\u00f3n t\u00e1ctico el\u00e1stico con m\u00faltiples bolsillos para deportes al aire libre, de talla grande\" src=\"https:\/\/bodegaoutdoor.cl\/store\/wp-content\/uploads\/2021\/04\/39750-1nk8q0.jpg\" alt=\"Pantalones militares de camuflaje para hombre, pantal\u00f3n t\u00e1ctico el\u00e1stico con m\u00faltiples bolsillos para deportes al aire libre, de talla grande\" \/><\/div>\n\n    <div class=\"xs_social_share_widget xs_share_url after_content \t\tmain_content  wslu-style-1 wslu-share-box-shaped wslu-fill-colored wslu-none wslu-share-horizontal wslu-theme-font-no wslu-main_content\">\n\n\t\t\n        <ul>\n\t\t\t        <\/ul>\n    <\/div> \n","protected":false},"excerpt":{"rendered":"<p>Exhibici\u00f3n del producto<\/p>\n","protected":false},"featured_media":39787,"comment_status":"open","ping_status":"closed","template":"","meta":{"jetpack_publicize_message":"","jetpack_publicize_feature_enabled":true,"jetpack_social_post_already_shared":true,"jetpack_social_options":{"image_generator_settings":{"template":"highway","enabled":false},"version":2}},"product_brand":[],"product_cat":[190,62],"product_tag":[],"class_list":{"0":"post-39750","1":"product","2":"type-product","3":"status-publish","4":"has-post-thumbnail","6":"product_cat-pantalones-hombre","7":"product_cat-vestuario-hombre","9":"first","10":"instock","11":"sale","12":"taxable","13":"shipping-taxable","14":"purchasable","15":"product-type-variable"},"jetpack_publicize_connections":[],"jetpack_sharing_enabled":true,"_links":{"self":[{"href":"https:\/\/bodegaoutdoor.cl\/store\/wp-json\/wp\/v2\/product\/39750","targetHints":{"allow":["GET"]}}],"collection":[{"href":"https:\/\/bodegaoutdoor.cl\/store\/wp-json\/wp\/v2\/product"}],"about":[{"href":"https:\/\/bodegaoutdoor.cl\/store\/wp-json\/wp\/v2\/types\/product"}],"replies":[{"embeddable":true,"href":"https:\/\/bodegaoutdoor.cl\/store\/wp-json\/wp\/v2\/comments?post=39750"}],"version-history":[{"count":2,"href":"https:\/\/bodegaoutdoor.cl\/store\/wp-json\/wp\/v2\/product\/39750\/revisions"}],"predecessor-version":[{"id":71035,"href":"https:\/\/bodegaoutdoor.cl\/store\/wp-json\/wp\/v2\/product\/39750\/revisions\/71035"}],"wp:featuredmedia":[{"embeddable":true,"href":"https:\/\/bodegaoutdoor.cl\/store\/wp-json\/wp\/v2\/media\/39787"}],"wp:attachment":[{"href":"https:\/\/bodegaoutdoor.cl\/store\/wp-json\/wp\/v2\/media?parent=39750"}],"wp:term":[{"taxonomy":"product_brand","embeddable":true,"href":"https:\/\/bodegaoutdoor.cl\/store\/wp-json\/wp\/v2\/product_brand?post=39750"},{"taxonomy":"product_cat","embeddable":true,"href":"https:\/\/bodegaoutdoor.cl\/store\/wp-json\/wp\/v2\/product_cat?post=39750"},{"taxonomy":"product_tag","embeddable":true,"href":"https:\/\/bodegaoutdoor.cl\/store\/wp-json\/wp\/v2\/product_tag?post=39750"}],"curies":[{"name":"wp","href":"https:\/\/api.w.org\/{rel}","templated":true}]}}