{"id":40041,"date":"2021-04-02T17:34:50","date_gmt":"2021-04-02T20:34:50","guid":{"rendered":"https:\/\/bodegaoutdoor.cl\/store\/product\/kernuap-cargador-plegable-de-celulas-solares-mochila-con-panel-solar-puerto-usb-dual-para-bateria-de-telefono\/"},"modified":"2023-05-04T19:18:59","modified_gmt":"2023-05-04T23:18:59","slug":"kernuap-cargador-plegable-de-celulas-solares-mochila-con-panel-solar-puerto-usb-dual-para-bateria-de-telefono","status":"publish","type":"product","link":"https:\/\/bodegaoutdoor.cl\/store\/product\/kernuap-cargador-plegable-de-celulas-solares-mochila-con-panel-solar-puerto-usb-dual-para-bateria-de-telefono\/","title":{"rendered":"KERNUAP-cargador plegable de c\u00e9lulas solares, mochila con Panel Solar, puerto USB Dual para bater\u00eda de tel\u00e9fono"},"content":{"rendered":"<div><span style=\"font-family: times new roman , times , serif;\"><span style=\"font-size: 18.0px;\"><u><span style=\"color: #c00000;\">Caracter\u00edsticas:<\/span><\/u><\/span><\/span><\/div>\n<div>\n<div><span style=\"font-size: 16.0px;\"><span style=\"font-family: times new roman , times , serif;\">Potencia m\u00e1xima: 21W<\/span><\/span><\/div>\n<div><span style=\"font-size: 16.0px;\"><span style=\"font-family: times new roman , times , serif;\">Interfaz de salida: USB Doble<\/span><\/span><\/div>\n<div><span style=\"font-size: 16.0px;\"><span style=\"font-family: times new roman , times , serif;\">Material: tela fabricada con PET + PVC impermeable<\/span><\/span><\/div>\n<div><span style=\"font-size: 16.0px;\"><span style=\"font-family: times new roman , times , serif;\">Voltaje de salida: 4,8-5,2 V aprox.<\/span><\/span><\/div>\n<div><span style=\"font-size: 16.0px;\"><span style=\"font-family: times new roman , times , serif;\">Corriente de salida: 3.5A m\u00e1x.<\/span><\/span><\/div>\n<div><span style=\"font-size: 16.0px;\"><span style=\"font-family: times new roman , times , serif;\">Tama\u00f1o:<\/span><\/span><\/div>\n<div><span style=\"font-size: 16.0px;\"><span style=\"font-family: times new roman , times , serif;\">Tama\u00f1o Plegable: 290mm x 170mm x 30mm<\/span><\/span><\/div>\n<div><span style=\"font-size: 16.0px;\"><span style=\"font-family: times new roman , times , serif;\">Tama\u00f1o abierto: 700mm x 170mm x 16mm<\/span><\/span><\/div>\n<div><span style=\"font-size: 16.0px;\"><span style=\"font-family: times new roman , times , serif;\">Peso: 0,57 KG<\/span><\/span><\/div>\n<div><span style=\"font-size: 16.0px;\"><span style=\"font-family: times new roman , times , serif;\">Adecuado para: tel\u00e9fonos m\u00f3viles\/c\u00e1mara Digital\/MP3 \/ MP4\/PDA \/ GPS, etc.<\/span><\/span><\/div>\n<div><span style=\"font-size: 16.0px;\"><span style=\"font-family: times new roman , times , serif;\">Paquete<\/span><\/span><\/div>\n<div><span style=\"font-size: 16.0px;\"><span style=\"font-family: times new roman , times , serif;\">1x21W Cargador Solar<\/span><\/span><\/div>\n<div><span style=\"font-size: 16.0px;\"><span style=\"font-family: times new roman , times , serif;\">4 x mosquetones para conectar el cargador Solar a tus mochilas<\/span><\/span><\/div>\n<div><span style=\"font-size: 16.0px;\"><span style=\"font-family: times new roman , times , serif;\">1 x Manual del usuario<\/span><\/span><\/div>\n<\/div>\n<div><img decoding=\"async\" title=\"KERNUAP-cargador plegable de c\u00e9lulas solares, mochila con Panel Solar, puerto USB Dual para bater\u00eda de tel\u00e9fono\" src=\"https:\/\/bodegaoutdoor.cl\/store\/wp-content\/uploads\/2021\/04\/40041-xepzyn.jpg\" alt=\"KERNUAP-cargador plegable de c\u00e9lulas solares, mochila con Panel Solar, puerto USB Dual para bater\u00eda de tel\u00e9fono\" \/><br \/>\n<img decoding=\"async\" title=\"KERNUAP-cargador plegable de c\u00e9lulas solares, mochila con Panel Solar, puerto USB Dual para bater\u00eda de tel\u00e9fono\" src=\"https:\/\/bodegaoutdoor.cl\/store\/wp-content\/uploads\/2021\/04\/40041-qq9ine.jpg\" alt=\"KERNUAP-cargador plegable de c\u00e9lulas solares, mochila con Panel Solar, puerto USB Dual para bater\u00eda de tel\u00e9fono\" \/><br \/>\n<img decoding=\"async\" title=\"KERNUAP-cargador plegable de c\u00e9lulas solares, mochila con Panel Solar, puerto USB Dual para bater\u00eda de tel\u00e9fono\" src=\"https:\/\/bodegaoutdoor.cl\/store\/wp-content\/uploads\/2021\/04\/40041-jm3rvy.jpg\" alt=\"KERNUAP-cargador plegable de c\u00e9lulas solares, mochila con Panel Solar, puerto USB Dual para bater\u00eda de tel\u00e9fono\" \/><br \/>\n<img decoding=\"async\" title=\"KERNUAP-cargador plegable de c\u00e9lulas solares, mochila con Panel Solar, puerto USB Dual para bater\u00eda de tel\u00e9fono\" src=\"https:\/\/bodegaoutdoor.cl\/store\/wp-content\/uploads\/2021\/04\/40041-2fjo2f.jpg\" alt=\"KERNUAP-cargador plegable de c\u00e9lulas solares, mochila con Panel Solar, puerto USB Dual para bater\u00eda de tel\u00e9fono\" \/><\/div>\n<div><\/div>\n<div><\/div>\n<div>\n<\/div>\n\n    <div class=\"xs_social_share_widget xs_share_url after_content \t\tmain_content  wslu-style-1 wslu-share-box-shaped wslu-fill-colored wslu-none wslu-share-horizontal wslu-theme-font-no wslu-main_content\">\n\n\t\t\n        <ul>\n\t\t\t        <\/ul>\n    <\/div> \n","protected":false},"excerpt":{"rendered":"<p>Caracter\u00edsticas: Potencia m\u00e1xima: 21W Interfaz de salida: USB Doble Material: tela fabricada con PET + PVC impermeable Voltaje de salida: 4,8-5,2 V aprox. Corriente de salida: 3.5A m\u00e1x. Tama\u00f1o: Tama\u00f1o Plegable: 290mm x 170mm x 30mm Tama\u00f1o abierto: 700mm x 170mm x 16mm Peso: 0,57 KG Adecuado para: tel\u00e9fonos m\u00f3viles\/c\u00e1mara Digital\/MP3 \/ MP4\/PDA \/ GPS, [&hellip;]<\/p>\n","protected":false},"featured_media":40056,"comment_status":"open","ping_status":"closed","template":"","meta":{"jetpack_publicize_message":"","jetpack_publicize_feature_enabled":true,"jetpack_social_post_already_shared":true,"jetpack_social_options":{"image_generator_settings":{"template":"highway","enabled":false},"version":2}},"product_brand":[],"product_cat":[15],"product_tag":[],"class_list":{"0":"post-40041","1":"product","2":"type-product","3":"status-publish","4":"has-post-thumbnail","6":"product_cat-otros","8":"first","9":"instock","10":"sale","11":"taxable","12":"shipping-taxable","13":"purchasable","14":"product-type-simple"},"jetpack_publicize_connections":[],"jetpack_sharing_enabled":true,"_links":{"self":[{"href":"https:\/\/bodegaoutdoor.cl\/store\/wp-json\/wp\/v2\/product\/40041","targetHints":{"allow":["GET"]}}],"collection":[{"href":"https:\/\/bodegaoutdoor.cl\/store\/wp-json\/wp\/v2\/product"}],"about":[{"href":"https:\/\/bodegaoutdoor.cl\/store\/wp-json\/wp\/v2\/types\/product"}],"replies":[{"embeddable":true,"href":"https:\/\/bodegaoutdoor.cl\/store\/wp-json\/wp\/v2\/comments?post=40041"}],"version-history":[{"count":2,"href":"https:\/\/bodegaoutdoor.cl\/store\/wp-json\/wp\/v2\/product\/40041\/revisions"}],"predecessor-version":[{"id":71033,"href":"https:\/\/bodegaoutdoor.cl\/store\/wp-json\/wp\/v2\/product\/40041\/revisions\/71033"}],"wp:featuredmedia":[{"embeddable":true,"href":"https:\/\/bodegaoutdoor.cl\/store\/wp-json\/wp\/v2\/media\/40056"}],"wp:attachment":[{"href":"https:\/\/bodegaoutdoor.cl\/store\/wp-json\/wp\/v2\/media?parent=40041"}],"wp:term":[{"taxonomy":"product_brand","embeddable":true,"href":"https:\/\/bodegaoutdoor.cl\/store\/wp-json\/wp\/v2\/product_brand?post=40041"},{"taxonomy":"product_cat","embeddable":true,"href":"https:\/\/bodegaoutdoor.cl\/store\/wp-json\/wp\/v2\/product_cat?post=40041"},{"taxonomy":"product_tag","embeddable":true,"href":"https:\/\/bodegaoutdoor.cl\/store\/wp-json\/wp\/v2\/product_tag?post=40041"}],"curies":[{"name":"wp","href":"https:\/\/api.w.org\/{rel}","templated":true}]}}