{"id":4059,"date":"2020-07-16T04:33:08","date_gmt":"2020-07-16T04:33:08","guid":{"rendered":"https:\/\/bodegaoutdoor.cl\/store\/product\/nuevos-pantalones-deportivos-de-secado-rapido-anti-uv-para-exterior-para-mujer-para-acampada-escalada-senderismo-transpirables-ligeros-pesca-senderismo\/"},"modified":"2023-05-04T19:19:41","modified_gmt":"2023-05-04T23:19:41","slug":"pantalones-deportivos-de-secado-rapido-anti-uv-desmontable-mujer","status":"publish","type":"product","link":"https:\/\/bodegaoutdoor.cl\/store\/product\/pantalones-deportivos-de-secado-rapido-anti-uv-desmontable-mujer\/","title":{"rendered":"Pantalones deportivos de secado r\u00e1pido Anti-uv  Desmontable Mujer"},"content":{"rendered":"<p>El cl\u00e1sico modelo cargo con la opci\u00f3n de convertirse en short. Elaborado en un resistente tejido Ripstop de secado r\u00e1pido y con protecci\u00f3n UPS 50. Para uso casual y actividades al aire libre, como caminata.<\/p>\n<p>&nbsp;<\/p>\n<ul>\n<li>Pantalon secado rapido con piernas desmontables<\/li>\n<li>Pretina elasticada, que puede expandir la cintura hasta 8cm aprox. sobre las medidas de referencia.<\/li>\n<li>Protecci\u00f3n solar UPF 50.<\/li>\n<li>Exterior: 100% nylon ripstop.<\/li>\n<li>Tratamiento antimicrobiano.<\/li>\n<li>Respirable.<\/li>\n<li>Modelo cargo 5 bolsillos.<\/li>\n<li>Boton para cerrar.<\/li>\n<li>Fabricacion: China.<\/li>\n<\/ul>\n<p><strong>Ventajas:<\/strong><\/p>\n<ul>\n<li><em>Respirable<\/em><\/li>\n<li><em>Ripstop<\/em><\/li>\n<li><em>Secado R\u00e1pido<\/em><\/li>\n<li><em>Protecci\u00f3n Solar<\/em><\/li>\n<li><em>Resistente<\/em><\/li>\n<\/ul>\n<p><img decoding=\"async\" src=\"https:\/\/bodegaoutdoor.cl\/store\/wp-content\/uploads\/2020\/07\/mujer-PANTALON-TREKKING-DESMONTABLE-510x510-1.jpg\" \/><\/p>\n\n    <div class=\"xs_social_share_widget xs_share_url after_content \t\tmain_content  wslu-style-1 wslu-share-box-shaped wslu-fill-colored wslu-none wslu-share-horizontal wslu-theme-font-no wslu-main_content\">\n\n\t\t\n        <ul>\n\t\t\t        <\/ul>\n    <\/div> \n","protected":false},"excerpt":{"rendered":"<p>El cl\u00e1sico modelo cargo con la opci\u00f3n de convertirse en short. Elaborado en un resistente tejido Ripstop de secado r\u00e1pido y con protecci\u00f3n UPS 50. Para uso casual y actividades al aire libre, como caminata. &nbsp; Pantalon secado rapido con piernas desmontables Pretina elasticada, que puede expandir la cintura hasta 8cm aprox. sobre las medidas [&hellip;]<\/p>\n","protected":false},"featured_media":12601,"comment_status":"open","ping_status":"closed","template":"","meta":{"jetpack_publicize_message":"","jetpack_publicize_feature_enabled":true,"jetpack_social_post_already_shared":true,"jetpack_social_options":{"image_generator_settings":{"template":"highway","enabled":false},"version":2}},"product_brand":[],"product_cat":[303,63],"product_tag":[],"class_list":{"0":"post-4059","1":"product","2":"type-product","3":"status-publish","4":"has-post-thumbnail","6":"product_cat-pantalon-mujer","7":"product_cat-vestuario-mujer","9":"first","10":"instock","11":"sale","12":"taxable","13":"shipping-taxable","14":"purchasable","15":"product-type-variable"},"jetpack_publicize_connections":[],"jetpack_sharing_enabled":true,"_links":{"self":[{"href":"https:\/\/bodegaoutdoor.cl\/store\/wp-json\/wp\/v2\/product\/4059","targetHints":{"allow":["GET"]}}],"collection":[{"href":"https:\/\/bodegaoutdoor.cl\/store\/wp-json\/wp\/v2\/product"}],"about":[{"href":"https:\/\/bodegaoutdoor.cl\/store\/wp-json\/wp\/v2\/types\/product"}],"replies":[{"embeddable":true,"href":"https:\/\/bodegaoutdoor.cl\/store\/wp-json\/wp\/v2\/comments?post=4059"}],"version-history":[{"count":2,"href":"https:\/\/bodegaoutdoor.cl\/store\/wp-json\/wp\/v2\/product\/4059\/revisions"}],"predecessor-version":[{"id":71369,"href":"https:\/\/bodegaoutdoor.cl\/store\/wp-json\/wp\/v2\/product\/4059\/revisions\/71369"}],"wp:featuredmedia":[{"embeddable":true,"href":"https:\/\/bodegaoutdoor.cl\/store\/wp-json\/wp\/v2\/media\/12601"}],"wp:attachment":[{"href":"https:\/\/bodegaoutdoor.cl\/store\/wp-json\/wp\/v2\/media?parent=4059"}],"wp:term":[{"taxonomy":"product_brand","embeddable":true,"href":"https:\/\/bodegaoutdoor.cl\/store\/wp-json\/wp\/v2\/product_brand?post=4059"},{"taxonomy":"product_cat","embeddable":true,"href":"https:\/\/bodegaoutdoor.cl\/store\/wp-json\/wp\/v2\/product_cat?post=4059"},{"taxonomy":"product_tag","embeddable":true,"href":"https:\/\/bodegaoutdoor.cl\/store\/wp-json\/wp\/v2\/product_tag?post=4059"}],"curies":[{"name":"wp","href":"https:\/\/api.w.org\/{rel}","templated":true}]}}