{"id":41157,"date":"2021-04-05T20:33:27","date_gmt":"2021-04-06T00:33:27","guid":{"rendered":"https:\/\/bodegaoutdoor.cl\/store\/product\/pantalones-tacticos-de-mezclilla-para-hombre-pantalones-de-cintura-elastica-de-combate-militar-varios-bolsillos-vaqueros-tacticos\/"},"modified":"2023-05-04T19:18:59","modified_gmt":"2023-05-04T23:18:59","slug":"pantalones-tacticos-de-mezclilla-para-hombre-varios-bolsillos-diseno-mezclilla","status":"publish","type":"product","link":"https:\/\/bodegaoutdoor.cl\/store\/product\/pantalones-tacticos-de-mezclilla-para-hombre-varios-bolsillos-diseno-mezclilla\/","title":{"rendered":"Pantalones t\u00e1cticos de mezclilla para hombre, varios bolsillos, dise\u00f1o mezclilla"},"content":{"rendered":"<p style=\"text-align: center;\"><video style=\"max-width: 100%;\" src=\"\/\/cloud.video.taobao.com\/play\/u\/3077973382\/p\/1\/e\/6\/t\/10301\/280478185213.mp4\" poster=\"https:\/\/ae01.alicdn.com\/kf\/H776807e09f0e42afb924d320dea59283K\/Pantalones-t-cticos-de-mezclilla-para-hombre-pantalones-de-cintura-el-stica-de-combate-militar-varios.jpg,https:\/\/ae01.alicdn.com\/kf\/H48ab11e5b342459eb78c2e9b69ff8ce8J\/Pantalones-t-cticos-de-mezclilla-para-hombre-pantalones-de-cintura-el-stica-de-combate-militar-varios.jpg,https:\/\/ae01.alicdn.com\/kf\/He3a7857c425f4ea4ba99ba338d0f6849v\/Pantalones-t-cticos-de-mezclilla-para-hombre-pantalones-de-cintura-el-stica-de-combate-militar-varios.jpg,https:\/\/ae01.alicdn.com\/kf\/H669061321de149e5b66af484ce053deau\/Pantalones-t-cticos-de-mezclilla-para-hombre-pantalones-de-cintura-el-stica-de-combate-militar-varios.jpg,https:\/\/ae01.alicdn.com\/kf\/He0a163a049b5418eb59bb0f98272afc0U\/Pantalones-t-cticos-de-mezclilla-para-hombre-pantalones-de-cintura-el-stica-de-combate-militar-varios.jpg,https:\/\/ae01.alicdn.com\/kf\/Hf859c4ca9abe44cb9cf154f6c5c6cfaf3\/Pantalones-t-cticos-de-mezclilla-para-hombre-pantalones-de-cintura-el-stica-de-combate-militar-varios.jpg\" preload=\"auto\" controls=\"controls\" width=\"100%\" height=\"100%\"><\/video><\/p>\n<div>\n<div><\/div>\n<p><img decoding=\"async\" style=\"width: 790px;\" title=\"Pantalones t\u00e1cticos de mezclilla para hombre, pantalones de cintura el\u00e1stica de combate militar, varios bolsillos, Vaqueros t\u00e1cticos\" src=\"https:\/\/bodegaoutdoor.cl\/store\/wp-content\/uploads\/2021\/04\/41157-kbytcg.jpg\" alt=\"Pantalones t\u00e1cticos de mezclilla para hombre, pantalones de cintura el\u00e1stica de combate militar, varios bolsillos, Vaqueros t\u00e1cticos\" \/><img decoding=\"async\" style=\"width: 790px;\" title=\"Pantalones t\u00e1cticos de mezclilla para hombre, pantalones de cintura el\u00e1stica de combate militar, varios bolsillos, Vaqueros t\u00e1cticos\" src=\"https:\/\/bodegaoutdoor.cl\/store\/wp-content\/uploads\/2021\/04\/41157-xkhaw6.jpg\" alt=\"Pantalones t\u00e1cticos de mezclilla para hombre, pantalones de cintura el\u00e1stica de combate militar, varios bolsillos, Vaqueros t\u00e1cticos\" \/><img decoding=\"async\" style=\"width: 790px;\" title=\"Pantalones t\u00e1cticos de mezclilla para hombre, pantalones de cintura el\u00e1stica de combate militar, varios bolsillos, Vaqueros t\u00e1cticos\" src=\"https:\/\/bodegaoutdoor.cl\/store\/wp-content\/uploads\/2021\/04\/41157-tbcuox.jpg\" alt=\"Pantalones t\u00e1cticos de mezclilla para hombre, pantalones de cintura el\u00e1stica de combate militar, varios bolsillos, Vaqueros t\u00e1cticos\" \/><img decoding=\"async\" style=\"width: 790px;\" title=\"Pantalones t\u00e1cticos de mezclilla para hombre, pantalones de cintura el\u00e1stica de combate militar, varios bolsillos, Vaqueros t\u00e1cticos\" src=\"https:\/\/bodegaoutdoor.cl\/store\/wp-content\/uploads\/2021\/04\/41157-xtudj3.jpg\" alt=\"Pantalones t\u00e1cticos de mezclilla para hombre, pantalones de cintura el\u00e1stica de combate militar, varios bolsillos, Vaqueros t\u00e1cticos\" \/><img decoding=\"async\" style=\"width: 790px;\" title=\"Pantalones t\u00e1cticos de mezclilla para hombre, pantalones de cintura el\u00e1stica de combate militar, varios bolsillos, Vaqueros t\u00e1cticos\" src=\"https:\/\/bodegaoutdoor.cl\/store\/wp-content\/uploads\/2021\/04\/41157-gugzbf.jpg\" alt=\"Pantalones t\u00e1cticos de mezclilla para hombre, pantalones de cintura el\u00e1stica de combate militar, varios bolsillos, Vaqueros t\u00e1cticos\" \/><img decoding=\"async\" style=\"width: 790px;\" title=\"Pantalones t\u00e1cticos de mezclilla para hombre, pantalones de cintura el\u00e1stica de combate militar, varios bolsillos, Vaqueros t\u00e1cticos\" src=\"https:\/\/bodegaoutdoor.cl\/store\/wp-content\/uploads\/2021\/04\/41157-xx4ny2.jpg\" alt=\"Pantalones t\u00e1cticos de mezclilla para hombre, pantalones de cintura el\u00e1stica de combate militar, varios bolsillos, Vaqueros t\u00e1cticos\" \/><img decoding=\"async\" style=\"width: 790px;\" title=\"Pantalones t\u00e1cticos de mezclilla para hombre, pantalones de cintura el\u00e1stica de combate militar, varios bolsillos, Vaqueros t\u00e1cticos\" src=\"https:\/\/bodegaoutdoor.cl\/store\/wp-content\/uploads\/2021\/04\/41157-cj88ss.jpg\" alt=\"Pantalones t\u00e1cticos de mezclilla para hombre, pantalones de cintura el\u00e1stica de combate militar, varios bolsillos, Vaqueros t\u00e1cticos\" \/><img decoding=\"async\" style=\"width: 790px;\" title=\"Pantalones t\u00e1cticos de mezclilla para hombre, pantalones de cintura el\u00e1stica de combate militar, varios bolsillos, Vaqueros t\u00e1cticos\" src=\"https:\/\/bodegaoutdoor.cl\/store\/wp-content\/uploads\/2021\/04\/41157-u6h5xn.jpg\" alt=\"Pantalones t\u00e1cticos de mezclilla para hombre, pantalones de cintura el\u00e1stica de combate militar, varios bolsillos, Vaqueros t\u00e1cticos\" \/><img decoding=\"async\" style=\"width: 790px;\" title=\"Pantalones t\u00e1cticos de mezclilla para hombre, pantalones de cintura el\u00e1stica de combate militar, varios bolsillos, Vaqueros t\u00e1cticos\" src=\"https:\/\/bodegaoutdoor.cl\/store\/wp-content\/uploads\/2021\/04\/41157-pb6blw.jpg\" alt=\"Pantalones t\u00e1cticos de mezclilla para hombre, pantalones de cintura el\u00e1stica de combate militar, varios bolsillos, Vaqueros t\u00e1cticos\" \/><img decoding=\"async\" style=\"width: 790px;\" title=\"Pantalones t\u00e1cticos de mezclilla para hombre, pantalones de cintura el\u00e1stica de combate militar, varios bolsillos, Vaqueros t\u00e1cticos\" src=\"https:\/\/bodegaoutdoor.cl\/store\/wp-content\/uploads\/2021\/04\/41157-xrduo2.jpg\" alt=\"Pantalones t\u00e1cticos de mezclilla para hombre, pantalones de cintura el\u00e1stica de combate militar, varios bolsillos, Vaqueros t\u00e1cticos\" \/><img decoding=\"async\" style=\"width: 790px;\" title=\"Pantalones t\u00e1cticos de mezclilla para hombre, pantalones de cintura el\u00e1stica de combate militar, varios bolsillos, Vaqueros t\u00e1cticos\" src=\"https:\/\/bodegaoutdoor.cl\/store\/wp-content\/uploads\/2021\/04\/41157-6zf1n2.jpg\" alt=\"Pantalones t\u00e1cticos de mezclilla para hombre, pantalones de cintura el\u00e1stica de combate militar, varios bolsillos, Vaqueros t\u00e1cticos\" \/><\/p>\n<\/div>\n\n    <div class=\"xs_social_share_widget xs_share_url after_content \t\tmain_content  wslu-style-1 wslu-share-box-shaped wslu-fill-colored wslu-none wslu-share-horizontal wslu-theme-font-no wslu-main_content\">\n\n\t\t\n        <ul>\n\t\t\t        <\/ul>\n    <\/div> \n","protected":false},"excerpt":{"rendered":"","protected":false},"featured_media":41198,"comment_status":"open","ping_status":"closed","template":"","meta":{"jetpack_publicize_message":"","jetpack_publicize_feature_enabled":true,"jetpack_social_post_already_shared":true,"jetpack_social_options":{"image_generator_settings":{"template":"highway","enabled":false},"version":2}},"product_brand":[],"product_cat":[190,62],"product_tag":[],"class_list":{"0":"post-41157","1":"product","2":"type-product","3":"status-publish","4":"has-post-thumbnail","6":"product_cat-pantalones-hombre","7":"product_cat-vestuario-hombre","9":"first","10":"instock","11":"sale","12":"taxable","13":"shipping-taxable","14":"purchasable","15":"product-type-variable"},"jetpack_publicize_connections":[],"jetpack_sharing_enabled":true,"_links":{"self":[{"href":"https:\/\/bodegaoutdoor.cl\/store\/wp-json\/wp\/v2\/product\/41157","targetHints":{"allow":["GET"]}}],"collection":[{"href":"https:\/\/bodegaoutdoor.cl\/store\/wp-json\/wp\/v2\/product"}],"about":[{"href":"https:\/\/bodegaoutdoor.cl\/store\/wp-json\/wp\/v2\/types\/product"}],"replies":[{"embeddable":true,"href":"https:\/\/bodegaoutdoor.cl\/store\/wp-json\/wp\/v2\/comments?post=41157"}],"version-history":[{"count":2,"href":"https:\/\/bodegaoutdoor.cl\/store\/wp-json\/wp\/v2\/product\/41157\/revisions"}],"predecessor-version":[{"id":71029,"href":"https:\/\/bodegaoutdoor.cl\/store\/wp-json\/wp\/v2\/product\/41157\/revisions\/71029"}],"wp:featuredmedia":[{"embeddable":true,"href":"https:\/\/bodegaoutdoor.cl\/store\/wp-json\/wp\/v2\/media\/41198"}],"wp:attachment":[{"href":"https:\/\/bodegaoutdoor.cl\/store\/wp-json\/wp\/v2\/media?parent=41157"}],"wp:term":[{"taxonomy":"product_brand","embeddable":true,"href":"https:\/\/bodegaoutdoor.cl\/store\/wp-json\/wp\/v2\/product_brand?post=41157"},{"taxonomy":"product_cat","embeddable":true,"href":"https:\/\/bodegaoutdoor.cl\/store\/wp-json\/wp\/v2\/product_cat?post=41157"},{"taxonomy":"product_tag","embeddable":true,"href":"https:\/\/bodegaoutdoor.cl\/store\/wp-json\/wp\/v2\/product_tag?post=41157"}],"curies":[{"name":"wp","href":"https:\/\/api.w.org\/{rel}","templated":true}]}}