{"id":42439,"date":"2021-04-17T18:52:01","date_gmt":"2021-04-17T22:52:01","guid":{"rendered":"https:\/\/bodegaoutdoor.cl\/store\/product\/west-biking-linterna-frontal-para-bicicleta-resistente-al-agua-de-350lm-alarma-de-soporte-campana-solar-recargable-via-usb-con-soporte-de-bocina\/"},"modified":"2023-05-04T19:18:57","modified_gmt":"2023-05-04T23:18:57","slug":"linterna-solar-frontal-para-bicicleta-resistente-al-agua-de-350lm-recargable-via-usb-con-bocina-impermeable","status":"publish","type":"product","link":"https:\/\/bodegaoutdoor.cl\/store\/product\/linterna-solar-frontal-para-bicicleta-resistente-al-agua-de-350lm-recargable-via-usb-con-bocina-impermeable\/","title":{"rendered":"Linterna Solar  frontal para bicicleta, resistente al agua, de 350LM, recargable v\u00eda USB, con bocina y Power Bank"},"content":{"rendered":"<p style=\"text-align: center;\"><video style=\"max-width: 100%;\" src=\"\/\/cloud.video.taobao.com\/play\/u\/2207259712803\/p\/1\/e\/6\/t\/10301\/272364575544.mp4\" poster=\"https:\/\/ae01.alicdn.com\/kf\/H9f01c05ca36340cbb78229c2247cefeaL\/WEST-BIKING-linterna-frontal-para-bicicleta-resistente-al-agua-de-350LM-alarma-de-soporte-campana-Solar.jpg,https:\/\/ae01.alicdn.com\/kf\/Hccb690b3264046c3b6a37c9f13c47662n\/WEST-BIKING-linterna-frontal-para-bicicleta-resistente-al-agua-de-350LM-alarma-de-soporte-campana-Solar.jpg,https:\/\/ae01.alicdn.com\/kf\/H2d5597b6b47b4560ac1b08235a4bb223d\/WEST-BIKING-linterna-frontal-para-bicicleta-resistente-al-agua-de-350LM-alarma-de-soporte-campana-Solar.jpg,https:\/\/ae01.alicdn.com\/kf\/H174c278d2e734135952cf1b6e28322c24\/WEST-BIKING-linterna-frontal-para-bicicleta-resistente-al-agua-de-350LM-alarma-de-soporte-campana-Solar.jpg,https:\/\/ae01.alicdn.com\/kf\/H561f1e5d4a0d4f39a66e56749aa67959S\/WEST-BIKING-linterna-frontal-para-bicicleta-resistente-al-agua-de-350LM-alarma-de-soporte-campana-Solar.jpg,https:\/\/ae01.alicdn.com\/kf\/H16e31b8a277d4806a8a9c7718c7f2936G\/WEST-BIKING-linterna-frontal-para-bicicleta-resistente-al-agua-de-350LM-alarma-de-soporte-campana-Solar.jpg\" preload=\"auto\" controls=\"controls\" width=\"100%\" height=\"100%\"><\/video><\/p>\n<div>\n<div>\n<div><\/div>\n<\/div>\n<div><\/div>\n<div>\n<div><\/div>\n<div>\n<div style=\"padding: 15px; border: solid 1px #aeaeae;\">Bicicleta de ciclismo occidental impermeable 350LM faro alarma de soporte campana Solar USB recargable bicicleta linterna frontal con soporte de bocina equipo de ciclismo<br \/>\nCaracter\u00edstica:<br \/>\n1. Resistencia al agua: IPX-4<br \/>\n2, peso ligero<br \/>\n3. panel Solar para carga o carga USB<br \/>\n4. Funci\u00f3n de activaci\u00f3n inteligente<br \/>\n5. Se puede utilizar como bater\u00eda recargable, cargador de repuesto y campana el\u00e9ctricaEspecificaci\u00f3n:<br \/>\nMaterial: ABS<br \/>\nColor: Negro<br \/>\nPeso bruto: aproximadamente 105g, 205g (conjunto)<br \/>\nTama\u00f1o: alrededor de 11X4X3cm\/X pulgadas (largo X ancho X Alto)<br \/>\nBrillo: 350LM<br \/>\nRango m\u00e1ximo: aproximadamente 200m\/656.16ft<br \/>\nPatr\u00f3n del anillo: 5 modos<br \/>\nColor de la luz: blanco<br \/>\nBater\u00eda: 2000mAh<br \/>\nModo de faro: 4 modos (fuerte\/Medio\/SOS\/Flash)<br \/>\nFuerte tiempo de retenci\u00f3n de la luz: 2-3 horasNota:<br \/>\n1. Debido a la diferencia del monitor y efecto de la luz, el color real del art\u00edculo puede ser ligeramente diferente al color mostrado en las im\u00e1genes. \u00a1Gracias!<br \/>\n2. Permite una desviaci\u00f3n de medici\u00f3n de 1-3cm debido a la medici\u00f3n manual.<\/div>\n<div><img decoding=\"async\" title=\"WEST BIKING-linterna frontal para bicicleta, resistente al agua, de 350LM, alarma de soporte, campana Solar recargable v\u00eda USB, con soporte de bocina\" src=\"https:\/\/bodegaoutdoor.cl\/store\/wp-content\/uploads\/2021\/04\/42439-y28irl.jpg\" alt=\"WEST BIKING-linterna frontal para bicicleta, resistente al agua, de 350LM, alarma de soporte, campana Solar recargable v\u00eda USB, con soporte de bocina\" \/><\/div>\n<div style=\"padding: 15px; border: solid 1px #aeaeae;\">1 X Faro de bicicleta<br \/>\n1 X Cable de carga USB<br \/>\n1 X bocina de bicicleta<br \/>\n1 X marco fijo<\/div>\n<p><img decoding=\"async\" title=\"WEST BIKING-linterna frontal para bicicleta, resistente al agua, de 350LM, alarma de soporte, campana Solar recargable v\u00eda USB, con soporte de bocina\" src=\"https:\/\/bodegaoutdoor.cl\/store\/wp-content\/uploads\/2021\/04\/42439-3edccc.jpg\" alt=\"WEST BIKING-linterna frontal para bicicleta, resistente al agua, de 350LM, alarma de soporte, campana Solar recargable v\u00eda USB, con soporte de bocina\" \/><\/p>\n<div style=\"text-align: center;\"><img decoding=\"async\" title=\"WEST BIKING-linterna frontal para bicicleta, resistente al agua, de 350LM, alarma de soporte, campana Solar recargable v\u00eda USB, con soporte de bocina\" src=\"https:\/\/bodegaoutdoor.cl\/store\/wp-content\/uploads\/2021\/04\/42439-gdnss1.jpg\" alt=\"WEST BIKING-linterna frontal para bicicleta, resistente al agua, de 350LM, alarma de soporte, campana Solar recargable v\u00eda USB, con soporte de bocina\" width=\"798px\" \/> <img decoding=\"async\" title=\"WEST BIKING-linterna frontal para bicicleta, resistente al agua, de 350LM, alarma de soporte, campana Solar recargable v\u00eda USB, con soporte de bocina\" src=\"https:\/\/bodegaoutdoor.cl\/store\/wp-content\/uploads\/2021\/04\/42439-jwz1qp.jpg\" alt=\"WEST BIKING-linterna frontal para bicicleta, resistente al agua, de 350LM, alarma de soporte, campana Solar recargable v\u00eda USB, con soporte de bocina\" width=\"798px\" \/> <img decoding=\"async\" title=\"WEST BIKING-linterna frontal para bicicleta, resistente al agua, de 350LM, alarma de soporte, campana Solar recargable v\u00eda USB, con soporte de bocina\" src=\"https:\/\/bodegaoutdoor.cl\/store\/wp-content\/uploads\/2021\/04\/42439-woebuu.jpg\" alt=\"WEST BIKING-linterna frontal para bicicleta, resistente al agua, de 350LM, alarma de soporte, campana Solar recargable v\u00eda USB, con soporte de bocina\" width=\"798px\" \/> <img decoding=\"async\" title=\"WEST BIKING-linterna frontal para bicicleta, resistente al agua, de 350LM, alarma de soporte, campana Solar recargable v\u00eda USB, con soporte de bocina\" src=\"https:\/\/bodegaoutdoor.cl\/store\/wp-content\/uploads\/2021\/04\/42439-nvl99u.jpg\" alt=\"WEST BIKING-linterna frontal para bicicleta, resistente al agua, de 350LM, alarma de soporte, campana Solar recargable v\u00eda USB, con soporte de bocina\" width=\"798px\" \/> <img decoding=\"async\" title=\"WEST BIKING-linterna frontal para bicicleta, resistente al agua, de 350LM, alarma de soporte, campana Solar recargable v\u00eda USB, con soporte de bocina\" src=\"https:\/\/bodegaoutdoor.cl\/store\/wp-content\/uploads\/2021\/04\/42439-m1cxwd.jpg\" alt=\"WEST BIKING-linterna frontal para bicicleta, resistente al agua, de 350LM, alarma de soporte, campana Solar recargable v\u00eda USB, con soporte de bocina\" width=\"798px\" \/> <img decoding=\"async\" title=\"WEST BIKING-linterna frontal para bicicleta, resistente al agua, de 350LM, alarma de soporte, campana Solar recargable v\u00eda USB, con soporte de bocina\" src=\"https:\/\/bodegaoutdoor.cl\/store\/wp-content\/uploads\/2021\/04\/42439-eavyf3.jpg\" alt=\"WEST BIKING-linterna frontal para bicicleta, resistente al agua, de 350LM, alarma de soporte, campana Solar recargable v\u00eda USB, con soporte de bocina\" width=\"798px\" \/> <img decoding=\"async\" title=\"WEST BIKING-linterna frontal para bicicleta, resistente al agua, de 350LM, alarma de soporte, campana Solar recargable v\u00eda USB, con soporte de bocina\" src=\"https:\/\/bodegaoutdoor.cl\/store\/wp-content\/uploads\/2021\/04\/42439-kvtw7t.jpg\" alt=\"WEST BIKING-linterna frontal para bicicleta, resistente al agua, de 350LM, alarma de soporte, campana Solar recargable v\u00eda USB, con soporte de bocina\" width=\"798px\" \/> <img decoding=\"async\" title=\"WEST BIKING-linterna frontal para bicicleta, resistente al agua, de 350LM, alarma de soporte, campana Solar recargable v\u00eda USB, con soporte de bocina\" src=\"https:\/\/bodegaoutdoor.cl\/store\/wp-content\/uploads\/2021\/04\/42439-ywfrps.jpg\" alt=\"WEST BIKING-linterna frontal para bicicleta, resistente al agua, de 350LM, alarma de soporte, campana Solar recargable v\u00eda USB, con soporte de bocina\" width=\"798px\" \/><\/div>\n<div>\n<p>&nbsp;<\/p>\n<\/div>\n<\/div>\n<\/div>\n<\/div>\n\n    <div class=\"xs_social_share_widget xs_share_url after_content \t\tmain_content  wslu-style-1 wslu-share-box-shaped wslu-fill-colored wslu-none wslu-share-horizontal wslu-theme-font-no wslu-main_content\">\n\n\t\t\n        <ul>\n\t\t\t        <\/ul>\n    <\/div> \n","protected":false},"excerpt":{"rendered":"<p>Bicicleta de ciclismo occidental impermeable 350LM faro alarma de soporte campana Solar USB recargable bicicleta linterna frontal con soporte de bocina equipo de ciclismo Caracter\u00edstica: 1. Resistencia al agua: IPX-4 2, peso ligero 3. panel Solar para carga o carga USB 4. Funci\u00f3n de activaci\u00f3n inteligente 5. Se puede utilizar como bater\u00eda recargable, cargador de [&hellip;]<\/p>\n","protected":false},"featured_media":42453,"comment_status":"open","ping_status":"closed","template":"","meta":{"jetpack_publicize_message":"","jetpack_publicize_feature_enabled":true,"jetpack_social_post_already_shared":true,"jetpack_social_options":{"image_generator_settings":{"template":"highway","enabled":false},"version":2}},"product_brand":[],"product_cat":[35],"product_tag":[2587,2588,1282,482,2592,2590,2589,2591],"class_list":{"0":"post-42439","1":"product","2":"type-product","3":"status-publish","4":"has-post-thumbnail","6":"product_cat-iliminacion","7":"product_tag-bocina","8":"product_tag-frontal","9":"product_tag-impermeable","10":"product_tag-linterna","11":"product_tag-powerbank","12":"product_tag-recargable","13":"product_tag-solar","14":"product_tag-usb","16":"first","17":"instock","18":"sale","19":"taxable","20":"shipping-taxable","21":"purchasable","22":"product-type-variable"},"jetpack_publicize_connections":[],"jetpack_sharing_enabled":true,"_links":{"self":[{"href":"https:\/\/bodegaoutdoor.cl\/store\/wp-json\/wp\/v2\/product\/42439","targetHints":{"allow":["GET"]}}],"collection":[{"href":"https:\/\/bodegaoutdoor.cl\/store\/wp-json\/wp\/v2\/product"}],"about":[{"href":"https:\/\/bodegaoutdoor.cl\/store\/wp-json\/wp\/v2\/types\/product"}],"replies":[{"embeddable":true,"href":"https:\/\/bodegaoutdoor.cl\/store\/wp-json\/wp\/v2\/comments?post=42439"}],"version-history":[{"count":2,"href":"https:\/\/bodegaoutdoor.cl\/store\/wp-json\/wp\/v2\/product\/42439\/revisions"}],"predecessor-version":[{"id":71017,"href":"https:\/\/bodegaoutdoor.cl\/store\/wp-json\/wp\/v2\/product\/42439\/revisions\/71017"}],"wp:featuredmedia":[{"embeddable":true,"href":"https:\/\/bodegaoutdoor.cl\/store\/wp-json\/wp\/v2\/media\/42453"}],"wp:attachment":[{"href":"https:\/\/bodegaoutdoor.cl\/store\/wp-json\/wp\/v2\/media?parent=42439"}],"wp:term":[{"taxonomy":"product_brand","embeddable":true,"href":"https:\/\/bodegaoutdoor.cl\/store\/wp-json\/wp\/v2\/product_brand?post=42439"},{"taxonomy":"product_cat","embeddable":true,"href":"https:\/\/bodegaoutdoor.cl\/store\/wp-json\/wp\/v2\/product_cat?post=42439"},{"taxonomy":"product_tag","embeddable":true,"href":"https:\/\/bodegaoutdoor.cl\/store\/wp-json\/wp\/v2\/product_tag?post=42439"}],"curies":[{"name":"wp","href":"https:\/\/api.w.org\/{rel}","templated":true}]}}