{"id":4572,"date":"2020-07-16T20:37:41","date_gmt":"2020-07-16T20:37:41","guid":{"rendered":"https:\/\/bodegaoutdoor.cl\/store\/product\/botas-tacticas-de-combate-para-hombre-zapatos-de-senderismo-impermeables-zapatillas-de-montanismo-zapatillas-antideslizantes-a-prueba-de-golpes-para-hombre-botas-de-caza-de-invierno\/"},"modified":"2023-05-04T19:19:40","modified_gmt":"2023-05-04T23:19:40","slug":"botas-tacticas-de-combate-para-hombre-zapatos-de-senderismo-impermeables-zapatillas-de-montanismo-zapatillas-antideslizantes-a-prueba-de-golpes-para-hombre-botas-de-caza-de-invierno","status":"publish","type":"product","link":"https:\/\/bodegaoutdoor.cl\/store\/product\/botas-tacticas-de-combate-para-hombre-zapatos-de-senderismo-impermeables-zapatillas-de-montanismo-zapatillas-antideslizantes-a-prueba-de-golpes-para-hombre-botas-de-caza-de-invierno\/","title":{"rendered":"Botas t\u00e1cticas Outdoor, senderismo impermeables, monta\u00f1ismo, antideslizantes"},"content":{"rendered":"<p style=\"text-align: center;\"><video style=\"max-width: 100%;\" src=\"\/\/cloud.video.taobao.com\/play\/u\/4235484400\/p\/1\/e\/6\/t\/10301\/240904053035.mp4\" poster=\"https:\/\/ae01.alicdn.com\/kf\/Ha3253f1336e54037aeadd46da181171fG\/Botas-t-cticas-de-combate-para-hombre-zapatos-de-senderismo-impermeables-zapatillas-de-monta-ismo-zapatillas.jpg,https:\/\/ae01.alicdn.com\/kf\/H3bd4965d423b4572873ec77d75ee8be3K\/Botas-t-cticas-de-combate-para-hombre-zapatos-de-senderismo-impermeables-zapatillas-de-monta-ismo-zapatillas.jpg,https:\/\/ae01.alicdn.com\/kf\/H7e88435675e64005872bf4aac713ef1bL\/Botas-t-cticas-de-combate-para-hombre-zapatos-de-senderismo-impermeables-zapatillas-de-monta-ismo-zapatillas.jpg,https:\/\/ae01.alicdn.com\/kf\/H0b303f5619444c1c9d4fe16a28a7f2b0j\/Botas-t-cticas-de-combate-para-hombre-zapatos-de-senderismo-impermeables-zapatillas-de-monta-ismo-zapatillas.jpg,https:\/\/ae01.alicdn.com\/kf\/H1adb2677e83844a98a59138834f2c65fh\/Botas-t-cticas-de-combate-para-hombre-zapatos-de-senderismo-impermeables-zapatillas-de-monta-ismo-zapatillas.jpg,https:\/\/ae01.alicdn.com\/kf\/H890d273a302e439a98c6e7febd73661es\/Botas-t-cticas-de-combate-para-hombre-zapatos-de-senderismo-impermeables-zapatillas-de-monta-ismo-zapatillas.jpg\" preload=\"auto\" controls=\"controls\" width=\"100%\" height=\"100%\"><\/video><\/p>\n<div>\n<div>\n<div>\n<div>\n<div>\n<div>\n<div>\n<div>\n<div>\n<div>\n<div>\n<p style=\"font-family: 'OpenSans'; color: #000; font-weight: 300; font-size: 14px; line-height: 20px; margin-bottom: 12px;\">Botas t\u00e1cticas de combate para hombre, zapatos de senderismo impermeables, zapatillas de monta\u00f1ismo, zapatillas antideslizantes a prueba de golpes, Botas de invierno para hombres, Botas de caza<\/p>\n<\/div>\n<div>\n<p style=\"font-family: 'OpenSans'; color: #000; font-weight: 300; font-size: 14px; line-height: 20px; margin-bottom: 12px;\">Aviso:<\/p>\n<\/div>\n<div>\n<p style=\"font-family: 'OpenSans'; color: #000; font-weight: 300; font-size: 14px; line-height: 20px; margin-bottom: 12px;\">1. La talla de EE. UU. O La talla europea puede ser diferente con tu pa\u00eds, elige la talla solo de acuerdo con la longitud de tu pie.<\/p>\n<\/div>\n<div>\n<p style=\"font-family: 'OpenSans'; color: #000; font-weight: 300; font-size: 14px; line-height: 20px; margin-bottom: 12px;\">2. Si tu pie es grueso o ancho, te sugerimos que elijas una talla m\u00e1s grande, si no est\u00e1s seguro, por favor, p\u00f3ngase en contacto con nosotros.<\/p>\n<\/div>\n<div>\n<p style=\"font-family: 'OpenSans'; color: #000; font-weight: 300; font-size: 14px; line-height: 20px; margin-bottom: 12px;\">3. Para pasar su Aduana local m\u00e1s r\u00e1pido, embalaremos los zapatos &#8220;sin caja&#8221;, por favor comprenda.<\/p>\n<\/div>\n<div>\n<p style=\"font-family: 'OpenSans'; color: #000; font-weight: 300; font-size: 14px; line-height: 20px; margin-bottom: 12px;\">4. Comprueba si la informaci\u00f3n de tu pedido es correcta, incluyendo el nombre del destinatario, la direcci\u00f3n de env\u00edo, el tel\u00e9fono y el c\u00f3digo postal.<\/p>\n<\/div>\n<div>\n<p style=\"font-family: 'OpenSans'; color: #000; font-weight: 300; font-size: 14px; line-height: 20px; margin-bottom: 12px;\">5. Si hay alg\u00fan problema durante el proceso de compra, el tiempo de env\u00edo o despu\u00e9s de recibir el art\u00edculo, no dude en contactarnos.<\/p>\n<\/div>\n<div><img decoding=\"async\" style=\"margin-bottom: 10px;\" title=\"Botas t\u00e1cticas de combate para hombre, zapatos de senderismo impermeables, zapatillas de monta\u00f1ismo, zapatillas antideslizantes a prueba de golpes para hombre, Botas de caza de invierno\" src=\"https:\/\/bodegaoutdoor.cl\/store\/wp-content\/uploads\/2020\/07\/4572-nccqjq.jpg\" alt=\"Botas t\u00e1cticas de combate para hombre, zapatos de senderismo impermeables, zapatillas de monta\u00f1ismo, zapatillas antideslizantes a prueba de golpes para hombre, Botas de caza de invierno\" \/><\/div>\n<div><img decoding=\"async\" style=\"margin-bottom: 10px;\" title=\"Botas t\u00e1cticas de combate para hombre, zapatos de senderismo impermeables, zapatillas de monta\u00f1ismo, zapatillas antideslizantes a prueba de golpes para hombre, Botas de caza de invierno\" src=\"https:\/\/bodegaoutdoor.cl\/store\/wp-content\/uploads\/2020\/07\/4572-ahyanj.jpg\" alt=\"Botas t\u00e1cticas de combate para hombre, zapatos de senderismo impermeables, zapatillas de monta\u00f1ismo, zapatillas antideslizantes a prueba de golpes para hombre, Botas de caza de invierno\" \/><img decoding=\"async\" style=\"margin-bottom: 10px;\" title=\"Botas t\u00e1cticas de combate para hombre, zapatos de senderismo impermeables, zapatillas de monta\u00f1ismo, zapatillas antideslizantes a prueba de golpes para hombre, Botas de caza de invierno\" src=\"https:\/\/bodegaoutdoor.cl\/store\/wp-content\/uploads\/2020\/07\/4572-tbqhed.jpg\" alt=\"Botas t\u00e1cticas de combate para hombre, zapatos de senderismo impermeables, zapatillas de monta\u00f1ismo, zapatillas antideslizantes a prueba de golpes para hombre, Botas de caza de invierno\" \/><img decoding=\"async\" style=\"margin-bottom: 10px;\" title=\"Botas t\u00e1cticas de combate para hombre, zapatos de senderismo impermeables, zapatillas de monta\u00f1ismo, zapatillas antideslizantes a prueba de golpes para hombre, Botas de caza de invierno\" src=\"https:\/\/bodegaoutdoor.cl\/store\/wp-content\/uploads\/2020\/07\/4572-gr2qmv.jpg\" alt=\"Botas t\u00e1cticas de combate para hombre, zapatos de senderismo impermeables, zapatillas de monta\u00f1ismo, zapatillas antideslizantes a prueba de golpes para hombre, Botas de caza de invierno\" \/><img decoding=\"async\" style=\"margin-bottom: 10px;\" title=\"Botas t\u00e1cticas de combate para hombre, zapatos de senderismo impermeables, zapatillas de monta\u00f1ismo, zapatillas antideslizantes a prueba de golpes para hombre, Botas de caza de invierno\" src=\"https:\/\/bodegaoutdoor.cl\/store\/wp-content\/uploads\/2020\/07\/4572-h2shne.jpg\" alt=\"Botas t\u00e1cticas de combate para hombre, zapatos de senderismo impermeables, zapatillas de monta\u00f1ismo, zapatillas antideslizantes a prueba de golpes para hombre, Botas de caza de invierno\" \/><img decoding=\"async\" style=\"margin-bottom: 10px;\" title=\"Botas t\u00e1cticas de combate para hombre, zapatos de senderismo impermeables, zapatillas de monta\u00f1ismo, zapatillas antideslizantes a prueba de golpes para hombre, Botas de caza de invierno\" src=\"https:\/\/bodegaoutdoor.cl\/store\/wp-content\/uploads\/2020\/07\/4572-gxyr5r.jpg\" alt=\"Botas t\u00e1cticas de combate para hombre, zapatos de senderismo impermeables, zapatillas de monta\u00f1ismo, zapatillas antideslizantes a prueba de golpes para hombre, Botas de caza de invierno\" \/><img decoding=\"async\" style=\"margin-bottom: 10px;\" title=\"Botas t\u00e1cticas de combate para hombre, zapatos de senderismo impermeables, zapatillas de monta\u00f1ismo, zapatillas antideslizantes a prueba de golpes para hombre, Botas de caza de invierno\" src=\"https:\/\/bodegaoutdoor.cl\/store\/wp-content\/uploads\/2020\/07\/4572-lxjnsu.jpg\" alt=\"Botas t\u00e1cticas de combate para hombre, zapatos de senderismo impermeables, zapatillas de monta\u00f1ismo, zapatillas antideslizantes a prueba de golpes para hombre, Botas de caza de invierno\" \/><img decoding=\"async\" style=\"margin-bottom: 10px;\" title=\"Botas t\u00e1cticas de combate para hombre, zapatos de senderismo impermeables, zapatillas de monta\u00f1ismo, zapatillas antideslizantes a prueba de golpes para hombre, Botas de caza de invierno\" src=\"https:\/\/bodegaoutdoor.cl\/store\/wp-content\/uploads\/2020\/07\/4572-dcqosc.jpg\" alt=\"Botas t\u00e1cticas de combate para hombre, zapatos de senderismo impermeables, zapatillas de monta\u00f1ismo, zapatillas antideslizantes a prueba de golpes para hombre, Botas de caza de invierno\" \/><img decoding=\"async\" style=\"margin-bottom: 10px;\" title=\"Botas t\u00e1cticas de combate para hombre, zapatos de senderismo impermeables, zapatillas de monta\u00f1ismo, zapatillas antideslizantes a prueba de golpes para hombre, Botas de caza de invierno\" src=\"https:\/\/bodegaoutdoor.cl\/store\/wp-content\/uploads\/2020\/07\/4572-rzfhir.jpg\" alt=\"Botas t\u00e1cticas de combate para hombre, zapatos de senderismo impermeables, zapatillas de monta\u00f1ismo, zapatillas antideslizantes a prueba de golpes para hombre, Botas de caza de invierno\" \/><img decoding=\"async\" style=\"margin-bottom: 10px;\" title=\"Botas t\u00e1cticas de combate para hombre, zapatos de senderismo impermeables, zapatillas de monta\u00f1ismo, zapatillas antideslizantes a prueba de golpes para hombre, Botas de caza de invierno\" src=\"https:\/\/bodegaoutdoor.cl\/store\/wp-content\/uploads\/2020\/07\/4572-sq6lfq.jpg\" alt=\"Botas t\u00e1cticas de combate para hombre, zapatos de senderismo impermeables, zapatillas de monta\u00f1ismo, zapatillas antideslizantes a prueba de golpes para hombre, Botas de caza de invierno\" \/><img decoding=\"async\" style=\"margin-bottom: 10px;\" title=\"Botas t\u00e1cticas de combate para hombre, zapatos de senderismo impermeables, zapatillas de monta\u00f1ismo, zapatillas antideslizantes a prueba de golpes para hombre, Botas de caza de invierno\" src=\"https:\/\/bodegaoutdoor.cl\/store\/wp-content\/uploads\/2020\/07\/4572-5u3xt5.jpg\" alt=\"Botas t\u00e1cticas de combate para hombre, zapatos de senderismo impermeables, zapatillas de monta\u00f1ismo, zapatillas antideslizantes a prueba de golpes para hombre, Botas de caza de invierno\" \/><img decoding=\"async\" style=\"margin-bottom: 10px;\" title=\"Botas t\u00e1cticas de combate para hombre, zapatos de senderismo impermeables, zapatillas de monta\u00f1ismo, zapatillas antideslizantes a prueba de golpes para hombre, Botas de caza de invierno\" src=\"https:\/\/bodegaoutdoor.cl\/store\/wp-content\/uploads\/2020\/07\/4572-3pxvgr.jpg\" alt=\"Botas t\u00e1cticas de combate para hombre, zapatos de senderismo impermeables, zapatillas de monta\u00f1ismo, zapatillas antideslizantes a prueba de golpes para hombre, Botas de caza de invierno\" \/><img decoding=\"async\" style=\"margin-bottom: 10px;\" title=\"Botas t\u00e1cticas de combate para hombre, zapatos de senderismo impermeables, zapatillas de monta\u00f1ismo, zapatillas antideslizantes a prueba de golpes para hombre, Botas de caza de invierno\" src=\"https:\/\/bodegaoutdoor.cl\/store\/wp-content\/uploads\/2020\/07\/4572-u3stci.jpg\" alt=\"Botas t\u00e1cticas de combate para hombre, zapatos de senderismo impermeables, zapatillas de monta\u00f1ismo, zapatillas antideslizantes a prueba de golpes para hombre, Botas de caza de invierno\" \/><img decoding=\"async\" style=\"margin-bottom: 10px;\" title=\"Botas t\u00e1cticas de combate para hombre, zapatos de senderismo impermeables, zapatillas de monta\u00f1ismo, zapatillas antideslizantes a prueba de golpes para hombre, Botas de caza de invierno\" src=\"https:\/\/bodegaoutdoor.cl\/store\/wp-content\/uploads\/2020\/07\/4572-z08erf.jpg\" alt=\"Botas t\u00e1cticas de combate para hombre, zapatos de senderismo impermeables, zapatillas de monta\u00f1ismo, zapatillas antideslizantes a prueba de golpes para hombre, Botas de caza de invierno\" \/><img decoding=\"async\" style=\"margin-bottom: 10px;\" title=\"Botas t\u00e1cticas de combate para hombre, zapatos de senderismo impermeables, zapatillas de monta\u00f1ismo, zapatillas antideslizantes a prueba de golpes para hombre, Botas de caza de invierno\" src=\"https:\/\/bodegaoutdoor.cl\/store\/wp-content\/uploads\/2020\/07\/4572-wvgqci.jpg\" alt=\"Botas t\u00e1cticas de combate para hombre, zapatos de senderismo impermeables, zapatillas de monta\u00f1ismo, zapatillas antideslizantes a prueba de golpes para hombre, Botas de caza de invierno\" \/><img decoding=\"async\" style=\"margin-bottom: 10px;\" title=\"Botas t\u00e1cticas de combate para hombre, zapatos de senderismo impermeables, zapatillas de monta\u00f1ismo, zapatillas antideslizantes a prueba de golpes para hombre, Botas de caza de invierno\" src=\"https:\/\/bodegaoutdoor.cl\/store\/wp-content\/uploads\/2020\/07\/4572-uneseo.jpg\" alt=\"Botas t\u00e1cticas de combate para hombre, zapatos de senderismo impermeables, zapatillas de monta\u00f1ismo, zapatillas antideslizantes a prueba de golpes para hombre, Botas de caza de invierno\" \/><img decoding=\"async\" style=\"margin-bottom: 10px;\" title=\"Botas t\u00e1cticas de combate para hombre, zapatos de senderismo impermeables, zapatillas de monta\u00f1ismo, zapatillas antideslizantes a prueba de golpes para hombre, Botas de caza de invierno\" src=\"https:\/\/bodegaoutdoor.cl\/store\/wp-content\/uploads\/2020\/07\/4572-hpfmd7.jpg\" alt=\"Botas t\u00e1cticas de combate para hombre, zapatos de senderismo impermeables, zapatillas de monta\u00f1ismo, zapatillas antideslizantes a prueba de golpes para hombre, Botas de caza de invierno\" \/><img decoding=\"async\" style=\"margin-bottom: 10px;\" title=\"Botas t\u00e1cticas de combate para hombre, zapatos de senderismo impermeables, zapatillas de monta\u00f1ismo, zapatillas antideslizantes a prueba de golpes para hombre, Botas de caza de invierno\" src=\"https:\/\/bodegaoutdoor.cl\/store\/wp-content\/uploads\/2020\/07\/4572-1dywei.jpg\" alt=\"Botas t\u00e1cticas de combate para hombre, zapatos de senderismo impermeables, zapatillas de monta\u00f1ismo, zapatillas antideslizantes a prueba de golpes para hombre, Botas de caza de invierno\" \/><img decoding=\"async\" style=\"margin-bottom: 10px;\" title=\"Botas t\u00e1cticas de combate para hombre, zapatos de senderismo impermeables, zapatillas de monta\u00f1ismo, zapatillas antideslizantes a prueba de golpes para hombre, Botas de caza de invierno\" src=\"https:\/\/bodegaoutdoor.cl\/store\/wp-content\/uploads\/2020\/07\/4572-4aqjel.jpg\" alt=\"Botas t\u00e1cticas de combate para hombre, zapatos de senderismo impermeables, zapatillas de monta\u00f1ismo, zapatillas antideslizantes a prueba de golpes para hombre, Botas de caza de invierno\" \/><img decoding=\"async\" style=\"margin-bottom: 10px;\" title=\"Botas t\u00e1cticas de combate para hombre, zapatos de senderismo impermeables, zapatillas de monta\u00f1ismo, zapatillas antideslizantes a prueba de golpes para hombre, Botas de caza de invierno\" src=\"https:\/\/bodegaoutdoor.cl\/store\/wp-content\/uploads\/2020\/07\/4572-rmfksv.jpg\" alt=\"Botas t\u00e1cticas de combate para hombre, zapatos de senderismo impermeables, zapatillas de monta\u00f1ismo, zapatillas antideslizantes a prueba de golpes para hombre, Botas de caza de invierno\" \/><img decoding=\"async\" style=\"margin-bottom: 10px;\" title=\"Botas t\u00e1cticas de combate para hombre, zapatos de senderismo impermeables, zapatillas de monta\u00f1ismo, zapatillas antideslizantes a prueba de golpes para hombre, Botas de caza de invierno\" src=\"https:\/\/bodegaoutdoor.cl\/store\/wp-content\/uploads\/2020\/07\/4572-pdwvhy.jpg\" alt=\"Botas t\u00e1cticas de combate para hombre, zapatos de senderismo impermeables, zapatillas de monta\u00f1ismo, zapatillas antideslizantes a prueba de golpes para hombre, Botas de caza de invierno\" \/><img decoding=\"async\" style=\"margin-bottom: 10px;\" title=\"Botas t\u00e1cticas de combate para hombre, zapatos de senderismo impermeables, zapatillas de monta\u00f1ismo, zapatillas antideslizantes a prueba de golpes para hombre, Botas de caza de invierno\" src=\"https:\/\/bodegaoutdoor.cl\/store\/wp-content\/uploads\/2020\/07\/4572-leqech.jpg\" alt=\"Botas t\u00e1cticas de combate para hombre, zapatos de senderismo impermeables, zapatillas de monta\u00f1ismo, zapatillas antideslizantes a prueba de golpes para hombre, Botas de caza de invierno\" \/><img decoding=\"async\" style=\"margin-bottom: 10px;\" title=\"Botas t\u00e1cticas de combate para hombre, zapatos de senderismo impermeables, zapatillas de monta\u00f1ismo, zapatillas antideslizantes a prueba de golpes para hombre, Botas de caza de invierno\" src=\"https:\/\/bodegaoutdoor.cl\/store\/wp-content\/uploads\/2020\/07\/4572-5qhmwg.jpg\" alt=\"Botas t\u00e1cticas de combate para hombre, zapatos de senderismo impermeables, zapatillas de monta\u00f1ismo, zapatillas antideslizantes a prueba de golpes para hombre, Botas de caza de invierno\" \/><img decoding=\"async\" style=\"margin-bottom: 10px;\" title=\"Botas t\u00e1cticas de combate para hombre, zapatos de senderismo impermeables, zapatillas de monta\u00f1ismo, zapatillas antideslizantes a prueba de golpes para hombre, Botas de caza de invierno\" src=\"https:\/\/bodegaoutdoor.cl\/store\/wp-content\/uploads\/2020\/07\/4572-cpbod9.jpg\" alt=\"Botas t\u00e1cticas de combate para hombre, zapatos de senderismo impermeables, zapatillas de monta\u00f1ismo, zapatillas antideslizantes a prueba de golpes para hombre, Botas de caza de invierno\" \/><img decoding=\"async\" style=\"margin-bottom: 10px;\" title=\"Botas t\u00e1cticas de combate para hombre, zapatos de senderismo impermeables, zapatillas de monta\u00f1ismo, zapatillas antideslizantes a prueba de golpes para hombre, Botas de caza de invierno\" src=\"https:\/\/bodegaoutdoor.cl\/store\/wp-content\/uploads\/2020\/07\/4572-martpy.jpg\" alt=\"Botas t\u00e1cticas de combate para hombre, zapatos de senderismo impermeables, zapatillas de monta\u00f1ismo, zapatillas antideslizantes a prueba de golpes para hombre, Botas de caza de invierno\" \/><img decoding=\"async\" style=\"margin-bottom: 10px;\" title=\"Botas t\u00e1cticas de combate para hombre, zapatos de senderismo impermeables, zapatillas de monta\u00f1ismo, zapatillas antideslizantes a prueba de golpes para hombre, Botas de caza de invierno\" src=\"https:\/\/bodegaoutdoor.cl\/store\/wp-content\/uploads\/2020\/07\/4572-udhvsi.jpg\" alt=\"Botas t\u00e1cticas de combate para hombre, zapatos de senderismo impermeables, zapatillas de monta\u00f1ismo, zapatillas antideslizantes a prueba de golpes para hombre, Botas de caza de invierno\" \/><img decoding=\"async\" style=\"margin-bottom: 10px;\" title=\"Botas t\u00e1cticas de combate para hombre, zapatos de senderismo impermeables, zapatillas de monta\u00f1ismo, zapatillas antideslizantes a prueba de golpes para hombre, Botas de caza de invierno\" src=\"https:\/\/bodegaoutdoor.cl\/store\/wp-content\/uploads\/2020\/07\/4572-tl0rei.jpg\" alt=\"Botas t\u00e1cticas de combate para hombre, zapatos de senderismo impermeables, zapatillas de monta\u00f1ismo, zapatillas antideslizantes a prueba de golpes para hombre, Botas de caza de invierno\" \/><img decoding=\"async\" style=\"margin-bottom: 10px;\" title=\"Botas t\u00e1cticas de combate para hombre, zapatos de senderismo impermeables, zapatillas de monta\u00f1ismo, zapatillas antideslizantes a prueba de golpes para hombre, Botas de caza de invierno\" src=\"https:\/\/bodegaoutdoor.cl\/store\/wp-content\/uploads\/2020\/07\/4572-5eeycq.jpg\" alt=\"Botas t\u00e1cticas de combate para hombre, zapatos de senderismo impermeables, zapatillas de monta\u00f1ismo, zapatillas antideslizantes a prueba de golpes para hombre, Botas de caza de invierno\" \/><img decoding=\"async\" style=\"margin-bottom: 10px;\" title=\"Botas t\u00e1cticas de combate para hombre, zapatos de senderismo impermeables, zapatillas de monta\u00f1ismo, zapatillas antideslizantes a prueba de golpes para hombre, Botas de caza de invierno\" src=\"https:\/\/bodegaoutdoor.cl\/store\/wp-content\/uploads\/2020\/07\/4572-sw8yhw.jpg\" alt=\"Botas t\u00e1cticas de combate para hombre, zapatos de senderismo impermeables, zapatillas de monta\u00f1ismo, zapatillas antideslizantes a prueba de golpes para hombre, Botas de caza de invierno\" \/><img decoding=\"async\" style=\"margin-bottom: 10px;\" title=\"Botas t\u00e1cticas de combate para hombre, zapatos de senderismo impermeables, zapatillas de monta\u00f1ismo, zapatillas antideslizantes a prueba de golpes para hombre, Botas de caza de invierno\" src=\"https:\/\/bodegaoutdoor.cl\/store\/wp-content\/uploads\/2020\/07\/4572-l64ylc.jpg\" alt=\"Botas t\u00e1cticas de combate para hombre, zapatos de senderismo impermeables, zapatillas de monta\u00f1ismo, zapatillas antideslizantes a prueba de golpes para hombre, Botas de caza de invierno\" \/><img decoding=\"async\" style=\"margin-bottom: 10px;\" title=\"Botas t\u00e1cticas de combate para hombre, zapatos de senderismo impermeables, zapatillas de monta\u00f1ismo, zapatillas antideslizantes a prueba de golpes para hombre, Botas de caza de invierno\" src=\"https:\/\/bodegaoutdoor.cl\/store\/wp-content\/uploads\/2020\/07\/4572-dwuhuy.jpg\" alt=\"Botas t\u00e1cticas de combate para hombre, zapatos de senderismo impermeables, zapatillas de monta\u00f1ismo, zapatillas antideslizantes a prueba de golpes para hombre, Botas de caza de invierno\" \/><img decoding=\"async\" style=\"margin-bottom: 10px;\" title=\"Botas t\u00e1cticas de combate para hombre, zapatos de senderismo impermeables, zapatillas de monta\u00f1ismo, zapatillas antideslizantes a prueba de golpes para hombre, Botas de caza de invierno\" src=\"https:\/\/bodegaoutdoor.cl\/store\/wp-content\/uploads\/2020\/07\/4572-dsxlnz.jpg\" alt=\"Botas t\u00e1cticas de combate para hombre, zapatos de senderismo impermeables, zapatillas de monta\u00f1ismo, zapatillas antideslizantes a prueba de golpes para hombre, Botas de caza de invierno\" \/><img decoding=\"async\" style=\"margin-bottom: 10px;\" title=\"Botas t\u00e1cticas de combate para hombre, zapatos de senderismo impermeables, zapatillas de monta\u00f1ismo, zapatillas antideslizantes a prueba de golpes para hombre, Botas de caza de invierno\" src=\"https:\/\/bodegaoutdoor.cl\/store\/wp-content\/uploads\/2020\/07\/4572-xkn3sq.jpg\" alt=\"Botas t\u00e1cticas de combate para hombre, zapatos de senderismo impermeables, zapatillas de monta\u00f1ismo, zapatillas antideslizantes a prueba de golpes para hombre, Botas de caza de invierno\" \/><img decoding=\"async\" style=\"margin-bottom: 10px;\" title=\"Botas t\u00e1cticas de combate para hombre, zapatos de senderismo impermeables, zapatillas de monta\u00f1ismo, zapatillas antideslizantes a prueba de golpes para hombre, Botas de caza de invierno\" src=\"https:\/\/bodegaoutdoor.cl\/store\/wp-content\/uploads\/2020\/07\/4572-8otr0d.jpg\" alt=\"Botas t\u00e1cticas de combate para hombre, zapatos de senderismo impermeables, zapatillas de monta\u00f1ismo, zapatillas antideslizantes a prueba de golpes para hombre, Botas de caza de invierno\" \/><img decoding=\"async\" style=\"margin-bottom: 10px;\" title=\"Botas t\u00e1cticas de combate para hombre, zapatos de senderismo impermeables, zapatillas de monta\u00f1ismo, zapatillas antideslizantes a prueba de golpes para hombre, Botas de caza de invierno\" src=\"https:\/\/bodegaoutdoor.cl\/store\/wp-content\/uploads\/2020\/07\/4572-owj1av.jpg\" alt=\"Botas t\u00e1cticas de combate para hombre, zapatos de senderismo impermeables, zapatillas de monta\u00f1ismo, zapatillas antideslizantes a prueba de golpes para hombre, Botas de caza de invierno\" \/><\/div>\n<\/div>\n<\/div>\n<\/div>\n<\/div>\n<\/div>\n<\/div>\n<\/div>\n<\/div>\n<\/div>\n<\/div>\n\n    <div class=\"xs_social_share_widget xs_share_url after_content \t\tmain_content  wslu-style-1 wslu-share-box-shaped wslu-fill-colored wslu-none wslu-share-horizontal wslu-theme-font-no wslu-main_content\">\n\n\t\t\n        <ul>\n\t\t\t        <\/ul>\n    <\/div> \n","protected":false},"excerpt":{"rendered":"<p><span style=\"color: #ff0000;\"><strong>SOLO ENVIO INTERNACIONAL<\/strong><\/span><\/p>\n","protected":false},"featured_media":4636,"comment_status":"open","ping_status":"closed","template":"","meta":{"jetpack_publicize_message":"","jetpack_publicize_feature_enabled":true,"jetpack_social_post_already_shared":true,"jetpack_social_options":{"image_generator_settings":{"template":"highway","enabled":false},"version":2}},"product_brand":[],"product_cat":[41,43],"product_tag":[1447,156,481],"class_list":{"0":"post-4572","1":"product","2":"type-product","3":"status-publish","4":"has-post-thumbnail","6":"product_cat-calzado","7":"product_cat-calzado-hombre","8":"product_tag-botas","9":"product_tag-calzado","10":"product_tag-outdoor","12":"first","13":"instock","14":"sale","15":"taxable","16":"shipping-taxable","17":"purchasable","18":"product-type-variable"},"jetpack_publicize_connections":[],"jetpack_sharing_enabled":true,"_links":{"self":[{"href":"https:\/\/bodegaoutdoor.cl\/store\/wp-json\/wp\/v2\/product\/4572","targetHints":{"allow":["GET"]}}],"collection":[{"href":"https:\/\/bodegaoutdoor.cl\/store\/wp-json\/wp\/v2\/product"}],"about":[{"href":"https:\/\/bodegaoutdoor.cl\/store\/wp-json\/wp\/v2\/types\/product"}],"replies":[{"embeddable":true,"href":"https:\/\/bodegaoutdoor.cl\/store\/wp-json\/wp\/v2\/comments?post=4572"}],"version-history":[{"count":2,"href":"https:\/\/bodegaoutdoor.cl\/store\/wp-json\/wp\/v2\/product\/4572\/revisions"}],"predecessor-version":[{"id":71365,"href":"https:\/\/bodegaoutdoor.cl\/store\/wp-json\/wp\/v2\/product\/4572\/revisions\/71365"}],"wp:featuredmedia":[{"embeddable":true,"href":"https:\/\/bodegaoutdoor.cl\/store\/wp-json\/wp\/v2\/media\/4636"}],"wp:attachment":[{"href":"https:\/\/bodegaoutdoor.cl\/store\/wp-json\/wp\/v2\/media?parent=4572"}],"wp:term":[{"taxonomy":"product_brand","embeddable":true,"href":"https:\/\/bodegaoutdoor.cl\/store\/wp-json\/wp\/v2\/product_brand?post=4572"},{"taxonomy":"product_cat","embeddable":true,"href":"https:\/\/bodegaoutdoor.cl\/store\/wp-json\/wp\/v2\/product_cat?post=4572"},{"taxonomy":"product_tag","embeddable":true,"href":"https:\/\/bodegaoutdoor.cl\/store\/wp-json\/wp\/v2\/product_tag?post=4572"}],"curies":[{"name":"wp","href":"https:\/\/api.w.org\/{rel}","templated":true}]}}