{"id":45733,"date":"2021-06-04T13:21:43","date_gmt":"2021-06-04T17:21:43","guid":{"rendered":"https:\/\/bodegaoutdoor.cl\/store\/product\/poncho-para-senderismo-3-en-1-impermeable-lona-con-capucha-poncho-de-caza-tienda-de-campana-al-aire-libre-alfombrilla-toldo-refugio\/"},"modified":"2023-05-04T19:18:57","modified_gmt":"2023-05-04T23:18:57","slug":"poncho-para-senderismo-3-en-1-impermeable-lona-con-capucha-poncho-de-caza-tienda-de-campana-al-aire-libre-alfombrilla-toldo-refugio","status":"publish","type":"product","link":"https:\/\/bodegaoutdoor.cl\/store\/product\/poncho-para-senderismo-3-en-1-impermeable-lona-con-capucha-poncho-de-caza-tienda-de-campana-al-aire-libre-alfombrilla-toldo-refugio\/","title":{"rendered":"Poncho para senderismo 3 en 1, impermeable, lona con capucha, Poncho de caza, tienda de campa\u00f1a al aire libre, alfombrilla toldo, refugio"},"content":{"rendered":"<div>\n<div>\n<div>\n<div>\n<div>\n<div>\n<div>\n<div>\n<div>\n<div>\n<div style=\"background: #eeeeee; border: 1px solid #cccccc; padding: 5px 10px;\"><span style=\"font-size: 20px;\"><strong><span style=\"color: #3498db;\">Descripci\u00f3n del producto<\/span><\/strong><\/span><\/div>\n<p style=\"text-align: left; margin: 0;\">3 en 1 Poncho para senderismo abrigo de lluvia mochila lona impermeable con capucha caza Poncho Camping al aire libre tienda alfombrilla toldo refugio<\/p>\n<p><span style=\"font-family: Georgia,serif;\"><span style=\"font-size: 14px;\">Poncho de lluvia de camuflaje con capucha Ripstop impermeable t\u00e1ctico militar multiusos para hombres y mujeres<br \/>\nChubasquero militar de camuflaje con capucha hecho de nailon resistente al agua de alta calidad. Este poncho ripstop es 100% resistente al agua y se llama ripstop debido al tejido especial que atraviesa el material. Originalmente es un tejido de material de dise\u00f1o militar que se utiliza en muchas telas y aplicaciones. Tambi\u00e9n permite que el material sea m\u00e1s ligero sin perder fuerza. Un art\u00edculo multifunci\u00f3n tiene ojales en el dobladillo para usarlo como refugio o l\u00e1mina de tierra,. Y presione los tacos en los lados para usarlo como funda de saco de dormir o incluso como poncho.<\/span><\/span><\/p>\n<p><span style=\"font-size: 16px;\"><strong>Lista de paquetes:<\/strong><\/span><br \/>\n1x Poncho de lluvia<br \/>\n1 x bolso a juego<\/p>\n<p>Material: nailon ripstop 100% resistente al agua<br \/>\nTama\u00f1o: aprox. Dimensiones: 55 &#8220;x 41&#8221;;, longitud: 86 &#8220;, ancho: 57&#8221; (cuando est\u00e1 completamente extendido)<\/p>\n<p><span style=\"font-size: 16px;\"><strong>Caracter\u00edsticas:<\/strong><\/span><br \/>\n\u00dasalo como refugio de emergencia o saco de dormir cuando se usa como Poncho militar, te protege A ti y A tu mochila del viento pesado y la lluvia, impermeable todo en uno f\u00e1cil de llevar.<br \/>\nMulti prop\u00f3sito no solo se puede utilizar como impermeable, es una tienda de campa\u00f1a, esteras a prueba de humedad, impermeable, refugio no se moja, cambio de esteras soleado, con una cuerda para hacer un peque\u00f1o toldo,. \u00a1Evitar el sol!<br \/>\nRespetuoso con el medio ambiente, no t\u00f3xico, resistente al desgaste, c\u00f3modo, sin desinfecci\u00f3n, con el tiempo envejecido, rendimiento impermeable, efecto de camuflaje es evidente.<br \/>\nVarios aplicaci\u00f3n El poncho impermeable es ideal para supervivencia, Camping, pesca, caza, militar, t\u00e1ctico y todas las dem\u00e1s actividades al aire libre, as\u00ed como disfraces de Halloween.<\/p>\n<p><span style=\"font-size: 16px;\"><strong>C\u00e1lido recordatorio<\/strong><\/span><br \/>\nPuede haber una peque\u00f1a diferencia de color debido al monitor, La C\u00e1mara u otros factores, consulte el art\u00edculo f\u00edsico.<br \/>\nConsulta la medida. Se permite un peque\u00f1o error de medici\u00f3n en el rango normal.<\/p>\n<p><img decoding=\"async\" title=\"Poncho para senderismo 3 en 1, impermeable, lona con capucha, Poncho de caza, tienda de campa\u00f1a al aire libre, alfombrilla toldo, refugio\" src=\"https:\/\/bodegaoutdoor.cl\/store\/wp-content\/uploads\/2021\/06\/45733-1f6okc.jpg\" alt=\"Poncho para senderismo 3 en 1, impermeable, lona con capucha, Poncho de caza, tienda de campa\u00f1a al aire libre, alfombrilla toldo, refugio\" \/><img decoding=\"async\" title=\"Poncho para senderismo 3 en 1, impermeable, lona con capucha, Poncho de caza, tienda de campa\u00f1a al aire libre, alfombrilla toldo, refugio\" src=\"https:\/\/bodegaoutdoor.cl\/store\/wp-content\/uploads\/2021\/06\/45733-elplqc.jpg\" alt=\"Poncho para senderismo 3 en 1, impermeable, lona con capucha, Poncho de caza, tienda de campa\u00f1a al aire libre, alfombrilla toldo, refugio\" \/><img decoding=\"async\" title=\"Poncho para senderismo 3 en 1, impermeable, lona con capucha, Poncho de caza, tienda de campa\u00f1a al aire libre, alfombrilla toldo, refugio\" src=\"https:\/\/bodegaoutdoor.cl\/store\/wp-content\/uploads\/2021\/06\/45733-bbuyaz.jpg\" alt=\"Poncho para senderismo 3 en 1, impermeable, lona con capucha, Poncho de caza, tienda de campa\u00f1a al aire libre, alfombrilla toldo, refugio\" \/><img decoding=\"async\" title=\"Poncho para senderismo 3 en 1, impermeable, lona con capucha, Poncho de caza, tienda de campa\u00f1a al aire libre, alfombrilla toldo, refugio\" src=\"https:\/\/bodegaoutdoor.cl\/store\/wp-content\/uploads\/2021\/06\/45733-4ydwie.jpg\" alt=\"Poncho para senderismo 3 en 1, impermeable, lona con capucha, Poncho de caza, tienda de campa\u00f1a al aire libre, alfombrilla toldo, refugio\" \/><img decoding=\"async\" title=\"Poncho para senderismo 3 en 1, impermeable, lona con capucha, Poncho de caza, tienda de campa\u00f1a al aire libre, alfombrilla toldo, refugio\" src=\"https:\/\/bodegaoutdoor.cl\/store\/wp-content\/uploads\/2021\/06\/45733-ngzrlp.jpg\" alt=\"Poncho para senderismo 3 en 1, impermeable, lona con capucha, Poncho de caza, tienda de campa\u00f1a al aire libre, alfombrilla toldo, refugio\" \/><br \/>\n<img decoding=\"async\" title=\"Poncho para senderismo 3 en 1, impermeable, lona con capucha, Poncho de caza, tienda de campa\u00f1a al aire libre, alfombrilla toldo, refugio\" src=\"https:\/\/bodegaoutdoor.cl\/store\/wp-content\/uploads\/2021\/06\/45733-i2sarr.jpg\" alt=\"Poncho para senderismo 3 en 1, impermeable, lona con capucha, Poncho de caza, tienda de campa\u00f1a al aire libre, alfombrilla toldo, refugio\" \/><img decoding=\"async\" title=\"Poncho para senderismo 3 en 1, impermeable, lona con capucha, Poncho de caza, tienda de campa\u00f1a al aire libre, alfombrilla toldo, refugio\" src=\"https:\/\/bodegaoutdoor.cl\/store\/wp-content\/uploads\/2021\/06\/45733-ewg0mb.jpg\" alt=\"Poncho para senderismo 3 en 1, impermeable, lona con capucha, Poncho de caza, tienda de campa\u00f1a al aire libre, alfombrilla toldo, refugio\" \/><br \/>\n<img decoding=\"async\" style=\"width: 800px;\" title=\"Poncho para senderismo 3 en 1, impermeable, lona con capucha, Poncho de caza, tienda de campa\u00f1a al aire libre, alfombrilla toldo, refugio\" src=\"https:\/\/bodegaoutdoor.cl\/store\/wp-content\/uploads\/2021\/06\/45733-z3n1o3.jpg\" alt=\"Poncho para senderismo 3 en 1, impermeable, lona con capucha, Poncho de caza, tienda de campa\u00f1a al aire libre, alfombrilla toldo, refugio\" \/><img decoding=\"async\" style=\"width: 800px;\" title=\"Poncho para senderismo 3 en 1, impermeable, lona con capucha, Poncho de caza, tienda de campa\u00f1a al aire libre, alfombrilla toldo, refugio\" src=\"https:\/\/bodegaoutdoor.cl\/store\/wp-content\/uploads\/2021\/06\/45733-40nz1z.jpg\" alt=\"Poncho para senderismo 3 en 1, impermeable, lona con capucha, Poncho de caza, tienda de campa\u00f1a al aire libre, alfombrilla toldo, refugio\" \/><img decoding=\"async\" style=\"width: 800px;\" title=\"Poncho para senderismo 3 en 1, impermeable, lona con capucha, Poncho de caza, tienda de campa\u00f1a al aire libre, alfombrilla toldo, refugio\" src=\"https:\/\/bodegaoutdoor.cl\/store\/wp-content\/uploads\/2021\/06\/45733-5859dv.jpg\" alt=\"Poncho para senderismo 3 en 1, impermeable, lona con capucha, Poncho de caza, tienda de campa\u00f1a al aire libre, alfombrilla toldo, refugio\" \/><img decoding=\"async\" style=\"width: 800px;\" title=\"Poncho para senderismo 3 en 1, impermeable, lona con capucha, Poncho de caza, tienda de campa\u00f1a al aire libre, alfombrilla toldo, refugio\" src=\"https:\/\/bodegaoutdoor.cl\/store\/wp-content\/uploads\/2021\/06\/45733-xedgor.jpg\" alt=\"Poncho para senderismo 3 en 1, impermeable, lona con capucha, Poncho de caza, tienda de campa\u00f1a al aire libre, alfombrilla toldo, refugio\" \/><img decoding=\"async\" style=\"width: 800px;\" title=\"Poncho para senderismo 3 en 1, impermeable, lona con capucha, Poncho de caza, tienda de campa\u00f1a al aire libre, alfombrilla toldo, refugio\" src=\"https:\/\/bodegaoutdoor.cl\/store\/wp-content\/uploads\/2021\/06\/45733-vsl4fj.jpg\" alt=\"Poncho para senderismo 3 en 1, impermeable, lona con capucha, Poncho de caza, tienda de campa\u00f1a al aire libre, alfombrilla toldo, refugio\" \/><\/p>\n<\/div>\n<\/div>\n<\/div>\n<\/div>\n<\/div>\n<\/div>\n<\/div>\n<\/div>\n<\/div>\n<\/div>\n\n    <div class=\"xs_social_share_widget xs_share_url after_content \t\tmain_content  wslu-style-1 wslu-share-box-shaped wslu-fill-colored wslu-none wslu-share-horizontal wslu-theme-font-no wslu-main_content\">\n\n\t\t\n        <ul>\n\t\t\t        <\/ul>\n    <\/div> \n","protected":false},"excerpt":{"rendered":"<p>Descripci\u00f3n del producto 3 en 1 Poncho para senderismo abrigo de lluvia mochila lona impermeable con capucha caza Poncho Camping al aire libre tienda alfombrilla toldo refugio Poncho de lluvia de camuflaje con capucha Ripstop impermeable t\u00e1ctico militar multiusos para hombres y mujeres Chubasquero militar de camuflaje con capucha hecho de nailon resistente al agua [&hellip;]<\/p>\n","protected":false},"featured_media":45739,"comment_status":"open","ping_status":"closed","template":"","meta":{"jetpack_publicize_message":"","jetpack_publicize_feature_enabled":true,"jetpack_social_post_already_shared":true,"jetpack_social_options":{"image_generator_settings":{"template":"highway","enabled":false},"version":2}},"product_brand":[],"product_cat":[15],"product_tag":[1282,2640],"class_list":{"0":"post-45733","1":"product","2":"type-product","3":"status-publish","4":"has-post-thumbnail","6":"product_cat-otros","7":"product_tag-impermeable","8":"product_tag-poncho","10":"first","11":"instock","12":"sale","13":"taxable","14":"shipping-taxable","15":"purchasable","16":"product-type-variable"},"jetpack_publicize_connections":[],"jetpack_sharing_enabled":true,"_links":{"self":[{"href":"https:\/\/bodegaoutdoor.cl\/store\/wp-json\/wp\/v2\/product\/45733","targetHints":{"allow":["GET"]}}],"collection":[{"href":"https:\/\/bodegaoutdoor.cl\/store\/wp-json\/wp\/v2\/product"}],"about":[{"href":"https:\/\/bodegaoutdoor.cl\/store\/wp-json\/wp\/v2\/types\/product"}],"replies":[{"embeddable":true,"href":"https:\/\/bodegaoutdoor.cl\/store\/wp-json\/wp\/v2\/comments?post=45733"}],"version-history":[{"count":2,"href":"https:\/\/bodegaoutdoor.cl\/store\/wp-json\/wp\/v2\/product\/45733\/revisions"}],"predecessor-version":[{"id":71014,"href":"https:\/\/bodegaoutdoor.cl\/store\/wp-json\/wp\/v2\/product\/45733\/revisions\/71014"}],"wp:featuredmedia":[{"embeddable":true,"href":"https:\/\/bodegaoutdoor.cl\/store\/wp-json\/wp\/v2\/media\/45739"}],"wp:attachment":[{"href":"https:\/\/bodegaoutdoor.cl\/store\/wp-json\/wp\/v2\/media?parent=45733"}],"wp:term":[{"taxonomy":"product_brand","embeddable":true,"href":"https:\/\/bodegaoutdoor.cl\/store\/wp-json\/wp\/v2\/product_brand?post=45733"},{"taxonomy":"product_cat","embeddable":true,"href":"https:\/\/bodegaoutdoor.cl\/store\/wp-json\/wp\/v2\/product_cat?post=45733"},{"taxonomy":"product_tag","embeddable":true,"href":"https:\/\/bodegaoutdoor.cl\/store\/wp-json\/wp\/v2\/product_tag?post=45733"}],"curies":[{"name":"wp","href":"https:\/\/api.w.org\/{rel}","templated":true}]}}