{"id":46186,"date":"2021-06-12T23:56:31","date_gmt":"2021-06-13T03:56:31","guid":{"rendered":"https:\/\/bodegaoutdoor.cl\/store\/product\/led-inalambrico-ciclismo-chaleco-15l-mtb-bicicleta-de-luz-led-de-intermitente-chaleco-bicicleta-advertencia-reflectante-camisetas-y-control-remoto\/"},"modified":"2023-05-04T19:18:56","modified_gmt":"2023-05-04T23:18:56","slug":"chaleco-led-inalambrico-ciclismo-15l-mtb-con-luz-advertencia-reflectante-camisetas-y-control-remoto","status":"publish","type":"product","link":"https:\/\/bodegaoutdoor.cl\/store\/product\/chaleco-led-inalambrico-ciclismo-15l-mtb-con-luz-advertencia-reflectante-camisetas-y-control-remoto\/","title":{"rendered":"chaleco LED inal\u00e1mbrico ciclismo 15L MTB con Luz advertencia reflectante camisetas y Control remoto"},"content":{"rendered":"<div>\n<div>\n<p><span style=\"font-size: 18px;\">Puntos de bala:<\/span><br \/>\n<span style=\"font-size: 18px;\">1. Indicador de direcci\u00f3n: Este accesorio LED reflectante para bicicleta est\u00e1 equipado con tiras reflectantes y luces LED. El LED responder\u00e1 a la se\u00f1al recibida del mando a distancia, lo que le recordar\u00e1 a los pasajeros y conductores que no se alejen de usted.<\/span><br \/>\n<span style=\"font-size: 18px;\">2 \u3001 f\u00e1cil de montar: Este accesorio de bolsa reflectante LED se puede montar f\u00e1cilmente en su propia mochila de ciclismo. Es solo un panel de espuma que se sujeta a una mochila de bicicleta. Absolutamente un complemento perfecto para Ciclismo de Carretera.<\/span><br \/>\n<span style=\"font-size: 18px;\">3. Control remoto inal\u00e1mbrico: control inal\u00e1mbrico, uso seguro al montar. Ate o monte el transmisor inal\u00e1mbrico en la bicicleta, por lo que nunca tiene que quitar las manos del manillar. Se puede utilizar como luz de se\u00f1al de giro para bicicleta inal\u00e1mbrica.<\/span><br \/>\n<span style=\"font-size: 18px;\">4. 4 se\u00f1ales LED disponibles: tiene 4 se\u00f1ales LED: izquierda, derecha, adelante, parada, desde intermitentes hasta se\u00f1ales de emergencia, para recordar a los controladores para mantener su distancia.<\/span><br \/>\n<span style=\"font-size: 18px;\">5. Bater\u00eda recargable USB: se recarga desde su ordenador o cualquier dispositivo con puerto USB, no m\u00e1s dinero perdido en las bater\u00edas de nuevo.<\/span><br \/>\n<span style=\"font-size: 18px;\">Caracter\u00edsticas:<\/span><br \/>\n<span style=\"font-size: 18px;\">Control remoto inal\u00e1mbrico, tela de nailon impermeable, carga USB (incluye cable de carga).<\/span><\/p>\n<p><span style=\"font-size: 18px;\">Especificaci\u00f3n:<\/span><br \/>\n<span style=\"font-size: 18px;\">Nombre: mochila iluminada LED de Control remoto de 15L<\/span><br \/>\n<span style=\"font-size: 18px;\">Tama\u00f1o (aprox.): longitud 400mm\/15,75 pulgadas; Ancho 250mm\/9,84 pulgadas; Altura 150mm\/5,90 pulgadas<\/span><br \/>\n<span style=\"font-size: 18px;\">Peso: aproximadamente 260g<\/span><br \/>\n<span style=\"font-size: 18px;\">Capacidad: 15l<\/span><br \/>\n<span style=\"font-size: 18px;\">Color: Negro<\/span><br \/>\n<span style=\"font-size: 18px;\">Material: POLI\u00c9STER + nailon impermeable<\/span><br \/>\n<span style=\"font-size: 18px;\">Cuentas de l\u00e1mpara: 30 luces LED (incluyendo luces indicadoras de carga)<\/span><br \/>\n<span style=\"font-size: 18px;\">Tablero de luz: 85*70mm panel de luz de pantalla luminosa<\/span><br \/>\n<span style=\"font-size: 18px;\">Bater\u00eda: bater\u00eda de litio recargable de 500 mAh (integrada)<\/span><\/p>\n<p><span style=\"font-size: 18px;\">Lista de embalaje:<\/span><br \/>\n<span style=\"font-size: 18px;\">Mochila iluminada LED con Control remoto 1X15L<\/span><br \/>\n<span style=\"font-size: 18px;\">1XRemote Control<\/span><br \/>\n<span style=\"font-size: 18px;\">1xManual<\/span><\/p>\n<p><span style=\"font-size: 18px;\">1x Cable de carga USB<\/span><\/p>\n<p><span style=\"font-size: 18px;\"><img decoding=\"async\" title=\"LED inal\u00e1mbrico ciclismo chaleco 15L MTB bicicleta de luz LED de intermitente chaleco bicicleta advertencia reflectante camisetas y Control remoto\" src=\"https:\/\/bodegaoutdoor.cl\/store\/wp-content\/uploads\/2021\/06\/46186-6hpuu5.jpg\" alt=\"LED inal\u00e1mbrico ciclismo chaleco 15L MTB bicicleta de luz LED de intermitente chaleco bicicleta advertencia reflectante camisetas y Control remoto\" \/><img decoding=\"async\" title=\"LED inal\u00e1mbrico ciclismo chaleco 15L MTB bicicleta de luz LED de intermitente chaleco bicicleta advertencia reflectante camisetas y Control remoto\" src=\"https:\/\/bodegaoutdoor.cl\/store\/wp-content\/uploads\/2021\/06\/46186-bmy4ul.jpg\" alt=\"LED inal\u00e1mbrico ciclismo chaleco 15L MTB bicicleta de luz LED de intermitente chaleco bicicleta advertencia reflectante camisetas y Control remoto\" \/><img decoding=\"async\" title=\"LED inal\u00e1mbrico ciclismo chaleco 15L MTB bicicleta de luz LED de intermitente chaleco bicicleta advertencia reflectante camisetas y Control remoto\" src=\"https:\/\/bodegaoutdoor.cl\/store\/wp-content\/uploads\/2021\/06\/46186-lgy4hd.jpg\" alt=\"LED inal\u00e1mbrico ciclismo chaleco 15L MTB bicicleta de luz LED de intermitente chaleco bicicleta advertencia reflectante camisetas y Control remoto\" \/><img decoding=\"async\" title=\"LED inal\u00e1mbrico ciclismo chaleco 15L MTB bicicleta de luz LED de intermitente chaleco bicicleta advertencia reflectante camisetas y Control remoto\" src=\"https:\/\/bodegaoutdoor.cl\/store\/wp-content\/uploads\/2021\/06\/46186-cdaufs.jpg\" alt=\"LED inal\u00e1mbrico ciclismo chaleco 15L MTB bicicleta de luz LED de intermitente chaleco bicicleta advertencia reflectante camisetas y Control remoto\" \/><img decoding=\"async\" title=\"LED inal\u00e1mbrico ciclismo chaleco 15L MTB bicicleta de luz LED de intermitente chaleco bicicleta advertencia reflectante camisetas y Control remoto\" src=\"https:\/\/bodegaoutdoor.cl\/store\/wp-content\/uploads\/2021\/06\/46186-frhs1z.jpg\" alt=\"LED inal\u00e1mbrico ciclismo chaleco 15L MTB bicicleta de luz LED de intermitente chaleco bicicleta advertencia reflectante camisetas y Control remoto\" \/><img decoding=\"async\" title=\"LED inal\u00e1mbrico ciclismo chaleco 15L MTB bicicleta de luz LED de intermitente chaleco bicicleta advertencia reflectante camisetas y Control remoto\" src=\"https:\/\/bodegaoutdoor.cl\/store\/wp-content\/uploads\/2021\/06\/46186-1srpt1.jpg\" alt=\"LED inal\u00e1mbrico ciclismo chaleco 15L MTB bicicleta de luz LED de intermitente chaleco bicicleta advertencia reflectante camisetas y Control remoto\" \/><img decoding=\"async\" title=\"LED inal\u00e1mbrico ciclismo chaleco 15L MTB bicicleta de luz LED de intermitente chaleco bicicleta advertencia reflectante camisetas y Control remoto\" src=\"https:\/\/bodegaoutdoor.cl\/store\/wp-content\/uploads\/2021\/06\/46186-2gobml.jpg\" alt=\"LED inal\u00e1mbrico ciclismo chaleco 15L MTB bicicleta de luz LED de intermitente chaleco bicicleta advertencia reflectante camisetas y Control remoto\" \/><img decoding=\"async\" title=\"LED inal\u00e1mbrico ciclismo chaleco 15L MTB bicicleta de luz LED de intermitente chaleco bicicleta advertencia reflectante camisetas y Control remoto\" src=\"https:\/\/bodegaoutdoor.cl\/store\/wp-content\/uploads\/2021\/06\/46186-cvknsb.jpg\" alt=\"LED inal\u00e1mbrico ciclismo chaleco 15L MTB bicicleta de luz LED de intermitente chaleco bicicleta advertencia reflectante camisetas y Control remoto\" \/><img decoding=\"async\" title=\"LED inal\u00e1mbrico ciclismo chaleco 15L MTB bicicleta de luz LED de intermitente chaleco bicicleta advertencia reflectante camisetas y Control remoto\" src=\"https:\/\/bodegaoutdoor.cl\/store\/wp-content\/uploads\/2021\/06\/46186-uq1d7x.jpg\" alt=\"LED inal\u00e1mbrico ciclismo chaleco 15L MTB bicicleta de luz LED de intermitente chaleco bicicleta advertencia reflectante camisetas y Control remoto\" \/><br \/>\n<\/span><\/p>\n<\/div>\n<\/div>\n\n    <div class=\"xs_social_share_widget xs_share_url after_content \t\tmain_content  wslu-style-1 wslu-share-box-shaped wslu-fill-colored wslu-none wslu-share-horizontal wslu-theme-font-no wslu-main_content\">\n\n\t\t\n        <ul>\n\t\t\t        <\/ul>\n    <\/div> \n","protected":false},"excerpt":{"rendered":"<p>Puntos de bala: 1. Indicador de direcci\u00f3n: Este accesorio LED reflectante para bicicleta est\u00e1 equipado con tiras reflectantes y luces LED. El LED responder\u00e1 a la se\u00f1al recibida del mando a distancia, lo que le recordar\u00e1 a los pasajeros y conductores que no se alejen de usted. 2 \u3001 f\u00e1cil de montar: Este accesorio de [&hellip;]<\/p>\n","protected":false},"featured_media":46190,"comment_status":"open","ping_status":"closed","template":"","meta":{"jetpack_publicize_message":"","jetpack_publicize_feature_enabled":true,"jetpack_social_post_already_shared":true,"jetpack_social_options":{"image_generator_settings":{"template":"highway","enabled":false},"version":2}},"product_brand":[],"product_cat":[195],"product_tag":[],"class_list":{"0":"post-46186","1":"product","2":"type-product","3":"status-publish","4":"has-post-thumbnail","6":"product_cat-mochilas","8":"first","9":"instock","10":"sale","11":"taxable","12":"shipping-taxable","13":"purchasable","14":"product-type-variable"},"jetpack_publicize_connections":[],"jetpack_sharing_enabled":true,"_links":{"self":[{"href":"https:\/\/bodegaoutdoor.cl\/store\/wp-json\/wp\/v2\/product\/46186","targetHints":{"allow":["GET"]}}],"collection":[{"href":"https:\/\/bodegaoutdoor.cl\/store\/wp-json\/wp\/v2\/product"}],"about":[{"href":"https:\/\/bodegaoutdoor.cl\/store\/wp-json\/wp\/v2\/types\/product"}],"replies":[{"embeddable":true,"href":"https:\/\/bodegaoutdoor.cl\/store\/wp-json\/wp\/v2\/comments?post=46186"}],"version-history":[{"count":2,"href":"https:\/\/bodegaoutdoor.cl\/store\/wp-json\/wp\/v2\/product\/46186\/revisions"}],"predecessor-version":[{"id":71011,"href":"https:\/\/bodegaoutdoor.cl\/store\/wp-json\/wp\/v2\/product\/46186\/revisions\/71011"}],"wp:featuredmedia":[{"embeddable":true,"href":"https:\/\/bodegaoutdoor.cl\/store\/wp-json\/wp\/v2\/media\/46190"}],"wp:attachment":[{"href":"https:\/\/bodegaoutdoor.cl\/store\/wp-json\/wp\/v2\/media?parent=46186"}],"wp:term":[{"taxonomy":"product_brand","embeddable":true,"href":"https:\/\/bodegaoutdoor.cl\/store\/wp-json\/wp\/v2\/product_brand?post=46186"},{"taxonomy":"product_cat","embeddable":true,"href":"https:\/\/bodegaoutdoor.cl\/store\/wp-json\/wp\/v2\/product_cat?post=46186"},{"taxonomy":"product_tag","embeddable":true,"href":"https:\/\/bodegaoutdoor.cl\/store\/wp-json\/wp\/v2\/product_tag?post=46186"}],"curies":[{"name":"wp","href":"https:\/\/api.w.org\/{rel}","templated":true}]}}