{"id":46259,"date":"2021-06-20T09:36:10","date_gmt":"2021-06-20T13:36:10","guid":{"rendered":"https:\/\/bodegaoutdoor.cl\/store\/product\/militar-para-hombre-camuflaje-tactico-camiseta-de-manga-larga-de-algodon-transpirable-combate-rana-camisa-hombres-entrenamiento-camisas\/"},"modified":"2023-05-04T19:18:56","modified_gmt":"2023-05-04T23:18:56","slug":"camiseta-de-manga-larga-de-algodon-transpirable-combate-militar-para-hombre-camuflaje-tactico","status":"publish","type":"product","link":"https:\/\/bodegaoutdoor.cl\/store\/product\/camiseta-de-manga-larga-de-algodon-transpirable-combate-militar-para-hombre-camuflaje-tactico\/","title":{"rendered":"Camiseta de manga larga de algod\u00f3n transpirable combate Militar para hombre camuflaje t\u00e1ctico"},"content":{"rendered":"<div style=\"margin: 0.0px; vertical-align: baseline; border: 0.0px; padding: 0.0px;\">\n<p style=\"text-align: center; margin: 0.0px; font-family: arial; color: #000000; vertical-align: baseline; border: 0.0px; padding: 0.0px;\"><strong style=\"font-weight: bold;\"><span style=\"line-height: 27.0px; margin: 0.0px; font-size: 18.0px; vertical-align: baseline; border: 0.0px; padding: 0.0px;\"><span style=\"margin: 0.0px; color: #ff0000; vertical-align: baseline; border: 0.0px; padding: 0.0px;\"><span style=\"line-height: 33.0px; margin: 0.0px; font-size: 22.0px; vertical-align: baseline; border: 0.0px; padding: 0.0px;\"><span style=\"line-height: 27.0px; margin: 0.0px; font-size: 18.0px; vertical-align: baseline; border: 0.0px; padding: 0.0px;\">Utilizamos tama\u00f1o asi\u00e1tico, generalmente 2-3 tama\u00f1os m\u00e1s peque\u00f1os que el tama\u00f1o estadounidense\/europeo.<\/span><\/span><\/span><\/span><\/strong><\/p>\n<p style=\"text-align: center; margin: 0.0px; font-family: arial; color: #000000; vertical-align: baseline; border: 0.0px; padding: 0.0px;\"><span style=\"line-height: 18.0px; margin: 0.0px; color: #ff0000; vertical-align: baseline; border: 0.0px; padding: 0.0px;\"><span style=\"line-height: 27.0px; margin: 0.0px; font-size: 18.0px; vertical-align: baseline; border: 0.0px; padding: 0.0px;\"><span style=\"margin: 0.0px; color: #000000; vertical-align: baseline; border: 0.0px; padding: 0.0px;\"><strong style=\"font-weight: bold;\">Si no est\u00e1s seguro de la talla<span style=\"margin: 0.0px; color: #ff0000; vertical-align: baseline; border: 0.0px; padding: 0.0px;\"><span style=\"margin: 0.0px; color: #000000; vertical-align: baseline; border: 0.0px; padding: 0.0px;\">(Consulte la valoraci\u00f3n de los compradores)<\/span><\/span><br \/>\nD\u00edganos la altura\/peso\/pecho\/manga\/hombro.<\/strong><\/span><\/span><\/span><\/p>\n<\/div>\n<p align=\"center\"><img decoding=\"async\" title=\"Militar para hombre camuflaje t\u00e1ctico Camiseta de manga larga de algod\u00f3n transpirable combate Rana camisa hombres entrenamiento camisas\" src=\"https:\/\/bodegaoutdoor.cl\/store\/wp-content\/uploads\/2021\/06\/46259-uhk86q.jpg\" alt=\"Militar para hombre camuflaje t\u00e1ctico Camiseta de manga larga de algod\u00f3n transpirable combate Rana camisa hombres entrenamiento camisas\" width=\"960\" \/><\/p>\n<p align=\"center\"><span style=\"font-family: arial; font-size: 14.0px;\"><strong>Error de medici\u00f3n Manual dentro de 1-3 cm, prevalece en clase. 1 pulgada (pulg.) = 2,54 cm<\/strong><\/span><\/p>\n<p><img decoding=\"async\" title=\"Militar para hombre camuflaje t\u00e1ctico Camiseta de manga larga de algod\u00f3n transpirable combate Rana camisa hombres entrenamiento camisas\" src=\"https:\/\/bodegaoutdoor.cl\/store\/wp-content\/uploads\/2021\/06\/46259-o8zrjv.jpg\" alt=\"Militar para hombre camuflaje t\u00e1ctico Camiseta de manga larga de algod\u00f3n transpirable combate Rana camisa hombres entrenamiento camisas\" \/><\/p>\n<p><img decoding=\"async\" title=\"Militar para hombre camuflaje t\u00e1ctico Camiseta de manga larga de algod\u00f3n transpirable combate Rana camisa hombres entrenamiento camisas\" src=\"https:\/\/bodegaoutdoor.cl\/store\/wp-content\/uploads\/2021\/06\/46259-aavak7.jpg\" alt=\"Militar para hombre camuflaje t\u00e1ctico Camiseta de manga larga de algod\u00f3n transpirable combate Rana camisa hombres entrenamiento camisas\" width=\"960\" \/><\/p>\n<p><img decoding=\"async\" title=\"Militar para hombre camuflaje t\u00e1ctico Camiseta de manga larga de algod\u00f3n transpirable combate Rana camisa hombres entrenamiento camisas\" src=\"https:\/\/bodegaoutdoor.cl\/store\/wp-content\/uploads\/2021\/06\/46259-t2uzlo.jpg\" alt=\"Militar para hombre camuflaje t\u00e1ctico Camiseta de manga larga de algod\u00f3n transpirable combate Rana camisa hombres entrenamiento camisas\" width=\"790\" \/><\/p>\n<p><img decoding=\"async\" title=\"Militar para hombre camuflaje t\u00e1ctico Camiseta de manga larga de algod\u00f3n transpirable combate Rana camisa hombres entrenamiento camisas\" src=\"https:\/\/bodegaoutdoor.cl\/store\/wp-content\/uploads\/2021\/06\/46259-hchcwv.jpg\" alt=\"Militar para hombre camuflaje t\u00e1ctico Camiseta de manga larga de algod\u00f3n transpirable combate Rana camisa hombres entrenamiento camisas\" width=\"790\" \/><\/p>\n<p><img decoding=\"async\" title=\"Militar para hombre camuflaje t\u00e1ctico Camiseta de manga larga de algod\u00f3n transpirable combate Rana camisa hombres entrenamiento camisas\" src=\"https:\/\/bodegaoutdoor.cl\/store\/wp-content\/uploads\/2021\/06\/46259-p5taaf.jpg\" alt=\"Militar para hombre camuflaje t\u00e1ctico Camiseta de manga larga de algod\u00f3n transpirable combate Rana camisa hombres entrenamiento camisas\" width=\"790\" \/><\/p>\n<p><img decoding=\"async\" title=\"Militar para hombre camuflaje t\u00e1ctico Camiseta de manga larga de algod\u00f3n transpirable combate Rana camisa hombres entrenamiento camisas\" src=\"https:\/\/bodegaoutdoor.cl\/store\/wp-content\/uploads\/2021\/06\/46259-1b4zjw.jpg\" alt=\"Militar para hombre camuflaje t\u00e1ctico Camiseta de manga larga de algod\u00f3n transpirable combate Rana camisa hombres entrenamiento camisas\" width=\"790\" \/><\/p>\n<p><img decoding=\"async\" title=\"Militar para hombre camuflaje t\u00e1ctico Camiseta de manga larga de algod\u00f3n transpirable combate Rana camisa hombres entrenamiento camisas\" src=\"https:\/\/bodegaoutdoor.cl\/store\/wp-content\/uploads\/2021\/06\/46259-zdw01v.jpg\" alt=\"Militar para hombre camuflaje t\u00e1ctico Camiseta de manga larga de algod\u00f3n transpirable combate Rana camisa hombres entrenamiento camisas\" width=\"790\" \/><\/p>\n<p><img decoding=\"async\" title=\"Militar para hombre camuflaje t\u00e1ctico Camiseta de manga larga de algod\u00f3n transpirable combate Rana camisa hombres entrenamiento camisas\" src=\"https:\/\/bodegaoutdoor.cl\/store\/wp-content\/uploads\/2021\/06\/46259-lvn3jr.jpg\" alt=\"Militar para hombre camuflaje t\u00e1ctico Camiseta de manga larga de algod\u00f3n transpirable combate Rana camisa hombres entrenamiento camisas\" width=\"790\" \/><\/p>\n<p><img decoding=\"async\" title=\"Militar para hombre camuflaje t\u00e1ctico Camiseta de manga larga de algod\u00f3n transpirable combate Rana camisa hombres entrenamiento camisas\" src=\"https:\/\/bodegaoutdoor.cl\/store\/wp-content\/uploads\/2021\/06\/46259-vemojk.jpg\" alt=\"Militar para hombre camuflaje t\u00e1ctico Camiseta de manga larga de algod\u00f3n transpirable combate Rana camisa hombres entrenamiento camisas\" width=\"790\" \/><\/p>\n<p><img decoding=\"async\" title=\"Militar para hombre camuflaje t\u00e1ctico Camiseta de manga larga de algod\u00f3n transpirable combate Rana camisa hombres entrenamiento camisas\" src=\"https:\/\/bodegaoutdoor.cl\/store\/wp-content\/uploads\/2021\/06\/46259-ffukia.jpg\" alt=\"Militar para hombre camuflaje t\u00e1ctico Camiseta de manga larga de algod\u00f3n transpirable combate Rana camisa hombres entrenamiento camisas\" width=\"790\" \/><\/p>\n<p style=\"text-align: center;\"><img decoding=\"async\" title=\"Militar para hombre camuflaje t\u00e1ctico Camiseta de manga larga de algod\u00f3n transpirable combate Rana camisa hombres entrenamiento camisas\" src=\"https:\/\/bodegaoutdoor.cl\/store\/wp-content\/uploads\/2021\/06\/46259-e1hk9x.jpg\" alt=\"Militar para hombre camuflaje t\u00e1ctico Camiseta de manga larga de algod\u00f3n transpirable combate Rana camisa hombres entrenamiento camisas\" width=\"790\" \/><\/p>\n<p style=\"text-align: center;\"><img decoding=\"async\" title=\"Militar para hombre camuflaje t\u00e1ctico Camiseta de manga larga de algod\u00f3n transpirable combate Rana camisa hombres entrenamiento camisas\" src=\"https:\/\/bodegaoutdoor.cl\/store\/wp-content\/uploads\/2021\/06\/46259-jtiwx7.jpg\" alt=\"Militar para hombre camuflaje t\u00e1ctico Camiseta de manga larga de algod\u00f3n transpirable combate Rana camisa hombres entrenamiento camisas\" width=\"790\" \/><\/p>\n<p><img decoding=\"async\" title=\"Militar para hombre camuflaje t\u00e1ctico Camiseta de manga larga de algod\u00f3n transpirable combate Rana camisa hombres entrenamiento camisas\" src=\"https:\/\/bodegaoutdoor.cl\/store\/wp-content\/uploads\/2021\/06\/46259-cg0ihl.jpg\" alt=\"Militar para hombre camuflaje t\u00e1ctico Camiseta de manga larga de algod\u00f3n transpirable combate Rana camisa hombres entrenamiento camisas\" width=\"790\" \/><\/p>\n<p style=\"text-align: center;\"><img decoding=\"async\" title=\"Militar para hombre camuflaje t\u00e1ctico Camiseta de manga larga de algod\u00f3n transpirable combate Rana camisa hombres entrenamiento camisas\" src=\"https:\/\/bodegaoutdoor.cl\/store\/wp-content\/uploads\/2021\/06\/46259-zqi3ke.jpg\" alt=\"Militar para hombre camuflaje t\u00e1ctico Camiseta de manga larga de algod\u00f3n transpirable combate Rana camisa hombres entrenamiento camisas\" width=\"790\" \/><\/p>\n<p><img decoding=\"async\" title=\"Militar para hombre camuflaje t\u00e1ctico Camiseta de manga larga de algod\u00f3n transpirable combate Rana camisa hombres entrenamiento camisas\" src=\"https:\/\/bodegaoutdoor.cl\/store\/wp-content\/uploads\/2021\/06\/46259-ljbkv3.jpg\" alt=\"Militar para hombre camuflaje t\u00e1ctico Camiseta de manga larga de algod\u00f3n transpirable combate Rana camisa hombres entrenamiento camisas\" width=\"790\" \/><\/p>\n<p><img decoding=\"async\" title=\"Militar para hombre camuflaje t\u00e1ctico Camiseta de manga larga de algod\u00f3n transpirable combate Rana camisa hombres entrenamiento camisas\" src=\"https:\/\/bodegaoutdoor.cl\/store\/wp-content\/uploads\/2021\/06\/46259-1brdxf.jpg\" alt=\"Militar para hombre camuflaje t\u00e1ctico Camiseta de manga larga de algod\u00f3n transpirable combate Rana camisa hombres entrenamiento camisas\" width=\"790\" \/><\/p>\n<p><img decoding=\"async\" title=\"Militar para hombre camuflaje t\u00e1ctico Camiseta de manga larga de algod\u00f3n transpirable combate Rana camisa hombres entrenamiento camisas\" src=\"https:\/\/bodegaoutdoor.cl\/store\/wp-content\/uploads\/2021\/06\/46259-gxg4h2.jpg\" alt=\"Militar para hombre camuflaje t\u00e1ctico Camiseta de manga larga de algod\u00f3n transpirable combate Rana camisa hombres entrenamiento camisas\" width=\"790\" \/><\/p>\n<p><img decoding=\"async\" title=\"Militar para hombre camuflaje t\u00e1ctico Camiseta de manga larga de algod\u00f3n transpirable combate Rana camisa hombres entrenamiento camisas\" src=\"https:\/\/bodegaoutdoor.cl\/store\/wp-content\/uploads\/2021\/06\/46259-ebdgi6.jpg\" alt=\"Militar para hombre camuflaje t\u00e1ctico Camiseta de manga larga de algod\u00f3n transpirable combate Rana camisa hombres entrenamiento camisas\" width=\"790\" \/><\/p>\n<p style=\"text-align: center;\"><img decoding=\"async\" title=\"Militar para hombre camuflaje t\u00e1ctico Camiseta de manga larga de algod\u00f3n transpirable combate Rana camisa hombres entrenamiento camisas\" src=\"https:\/\/bodegaoutdoor.cl\/store\/wp-content\/uploads\/2021\/06\/46259-i7ccr3.jpg\" alt=\"Militar para hombre camuflaje t\u00e1ctico Camiseta de manga larga de algod\u00f3n transpirable combate Rana camisa hombres entrenamiento camisas\" width=\"790\" \/><\/p>\n<p style=\"text-align: center;\"><img decoding=\"async\" title=\"Militar para hombre camuflaje t\u00e1ctico Camiseta de manga larga de algod\u00f3n transpirable combate Rana camisa hombres entrenamiento camisas\" src=\"https:\/\/bodegaoutdoor.cl\/store\/wp-content\/uploads\/2021\/06\/46259-mf836f.jpg\" alt=\"Militar para hombre camuflaje t\u00e1ctico Camiseta de manga larga de algod\u00f3n transpirable combate Rana camisa hombres entrenamiento camisas\" width=\"790\" \/><\/p>\n\n    <div class=\"xs_social_share_widget xs_share_url after_content \t\tmain_content  wslu-style-1 wslu-share-box-shaped wslu-fill-colored wslu-none wslu-share-horizontal wslu-theme-font-no wslu-main_content\">\n\n\t\t\n        <ul>\n\t\t\t        <\/ul>\n    <\/div> \n","protected":false},"excerpt":{"rendered":"<p>Utilizamos tama\u00f1o asi\u00e1tico, generalmente 2-3 tama\u00f1os m\u00e1s peque\u00f1os que el tama\u00f1o estadounidense\/europeo. Si no est\u00e1s seguro de la talla(Consulte la valoraci\u00f3n de los compradores) D\u00edganos la altura\/peso\/pecho\/manga\/hombro. Error de medici\u00f3n Manual dentro de 1-3 cm, prevalece en clase. 1 pulgada (pulg.) = 2,54 cm<\/p>\n","protected":false},"featured_media":46308,"comment_status":"open","ping_status":"closed","template":"","meta":{"jetpack_publicize_message":"","jetpack_publicize_feature_enabled":true,"jetpack_social_post_already_shared":true,"jetpack_social_options":{"image_generator_settings":{"template":"highway","enabled":false},"version":2}},"product_brand":[],"product_cat":[1436],"product_tag":[],"class_list":{"0":"post-46259","1":"product","2":"type-product","3":"status-publish","4":"has-post-thumbnail","6":"product_cat-poleras-camisas","8":"first","9":"instock","10":"sale","11":"taxable","12":"shipping-taxable","13":"purchasable","14":"product-type-variable"},"jetpack_publicize_connections":[],"jetpack_sharing_enabled":true,"_links":{"self":[{"href":"https:\/\/bodegaoutdoor.cl\/store\/wp-json\/wp\/v2\/product\/46259","targetHints":{"allow":["GET"]}}],"collection":[{"href":"https:\/\/bodegaoutdoor.cl\/store\/wp-json\/wp\/v2\/product"}],"about":[{"href":"https:\/\/bodegaoutdoor.cl\/store\/wp-json\/wp\/v2\/types\/product"}],"replies":[{"embeddable":true,"href":"https:\/\/bodegaoutdoor.cl\/store\/wp-json\/wp\/v2\/comments?post=46259"}],"version-history":[{"count":2,"href":"https:\/\/bodegaoutdoor.cl\/store\/wp-json\/wp\/v2\/product\/46259\/revisions"}],"predecessor-version":[{"id":71009,"href":"https:\/\/bodegaoutdoor.cl\/store\/wp-json\/wp\/v2\/product\/46259\/revisions\/71009"}],"wp:featuredmedia":[{"embeddable":true,"href":"https:\/\/bodegaoutdoor.cl\/store\/wp-json\/wp\/v2\/media\/46308"}],"wp:attachment":[{"href":"https:\/\/bodegaoutdoor.cl\/store\/wp-json\/wp\/v2\/media?parent=46259"}],"wp:term":[{"taxonomy":"product_brand","embeddable":true,"href":"https:\/\/bodegaoutdoor.cl\/store\/wp-json\/wp\/v2\/product_brand?post=46259"},{"taxonomy":"product_cat","embeddable":true,"href":"https:\/\/bodegaoutdoor.cl\/store\/wp-json\/wp\/v2\/product_cat?post=46259"},{"taxonomy":"product_tag","embeddable":true,"href":"https:\/\/bodegaoutdoor.cl\/store\/wp-json\/wp\/v2\/product_tag?post=46259"}],"curies":[{"name":"wp","href":"https:\/\/api.w.org\/{rel}","templated":true}]}}