{"id":46553,"date":"2021-07-17T10:55:06","date_gmt":"2021-07-17T14:55:06","guid":{"rendered":"https:\/\/bodegaoutdoor.cl\/store\/product\/baofeng-walkie-talkie-bf-888s-estacion-de-radio-portatil-5w-transmisor-de-radio-2-unidades\/"},"modified":"2023-06-09T19:22:51","modified_gmt":"2023-06-09T23:22:51","slug":"baofeng-walkie-talkie-bf-888s-estacion-de-radio-portatil-5w-transmisor-de-radio-2-unidades","status":"publish","type":"product","link":"https:\/\/bodegaoutdoor.cl\/store\/product\/baofeng-walkie-talkie-bf-888s-estacion-de-radio-portatil-5w-transmisor-de-radio-2-unidades\/","title":{"rendered":"Baofeng-Walkie Talkie BF-888S, estaci\u00f3n de radio port\u00e1til, 5W, transmisor de radio, 2 unidades"},"content":{"rendered":"<div>\n<div><\/div>\n<div>\n<p style=\"text-align: center;\" align=\"center\"><strong><span style=\"font-size: 20px;\">2 unids\/set baofeng BF-888S Walkie Talkie Radio port\u00e1til BF888s 5W 16CH UHF 400-470MHz BF 888S Comunicador transmisor transceptor de radio walkie talkies<\/span><\/strong><\/p>\n<div><\/div>\n<div>\n<div style=\"font-size: 13.3333px;\">\n<div><\/div>\n<\/div>\n<\/div>\n<p><strong><span style=\"font-size: 16px;\">Las funciones<\/span><\/strong><\/p>\n<div><span style=\"font-size: 16px;\">-50 CTCSS\/105 CDCSS<\/span><\/div>\n<div><span style=\"font-size: 16px;\">-Funci\u00f3n VOX<\/span><\/div>\n<div><span style=\"font-size: 16px;\">-Instrucci\u00f3n de voz<\/span><\/div>\n<div><span style=\"font-size: 16px;\">-PC de programaci\u00f3n<\/span><\/div>\n<div><span style=\"font-size: 16px;\">-Alarma de emergencia<\/span><\/div>\n<div><span style=\"font-size: 16px;\">-De Carga inteligente<\/span><\/div>\n<div><span style=\"font-size: 16px;\">-Ahorro de bater\u00eda<\/span><\/div>\n<div><span style=\"font-size: 16px;\">-Alerta de bajo voltaje<\/span><\/div>\n<div><span style=\"font-size: 16px;\">-Temporizador de tiempo de espera<\/span><\/div>\n<div><span style=\"font-size: 16px;\">-Luz de la antorcha<\/span><\/div>\n<div><\/div>\n<div><span style=\"font-size: 13.3333px; font-family: arial, helvetica;\"><strong><span style=\"font-size: 16px;\">Las especificaciones<\/span><\/strong><\/span><\/div>\n<div style=\"font-family: arial, helvetica; font-size: 13.3333px;\"><span style=\"font-size: 16px;\">Modelo: Baofeg BF-888S<\/span><\/div>\n<div style=\"font-family: arial, helvetica; font-size: 13.3333px;\"><span style=\"font-size: 16px;\">Rango de frecuencia UHF 400-470MHz<\/span><\/div>\n<div style=\"font-family: arial, helvetica; font-size: 13.3333px;\"><span style=\"font-size: 16px;\">La capacidad de canal: 16<\/span><\/div>\n<div style=\"font-family: arial, helvetica; font-size: 13.3333px;\"><span style=\"font-size: 16px;\">Espaciado de canales: 25 KHz<\/span><\/div>\n<div style=\"font-family: arial, helvetica; font-size: 13.3333px;\"><span style=\"font-size: 16px;\">Voltaje de funcionamiento: 3,7 V<\/span><\/div>\n<div style=\"font-family: arial, helvetica; font-size: 13.3333px;\"><span style=\"font-size: 16px;\">Bater\u00eda: 1500MAh Li-ion<\/span><\/div>\n<div style=\"font-family: arial, helvetica; font-size: 13.3333px;\"><span style=\"font-size: 16px;\">Duraci\u00f3n de la bater\u00eda (ciclo de trabajo 5-5-90) alrededor de 8 horas<\/span><\/div>\n<div style=\"font-family: arial, helvetica; font-size: 13.3333px;\"><span style=\"font-size: 16px;\">Estabilidad de frecuencia: plusmn2.5ppm<\/span><\/div>\n<div style=\"font-family: arial, helvetica; font-size: 13.3333px;\"><span style=\"font-size: 16px;\">Temperatura de funcionamiento: -30 grados-+ 60 grados<\/span><\/div>\n<div style=\"font-family: arial, helvetica; font-size: 13.3333px;\"><span style=\"font-size: 16px;\">Impedancia de la antena: 50Omega<\/span><\/div>\n<div style=\"font-family: arial, helvetica; font-size: 13.3333px;\"><span style=\"font-size: 16px;\">Comunicaci\u00f3n alcance alrededor de 6km<\/span><\/div>\n<div style=\"font-family: arial, helvetica; font-size: 13.3333px;\"><span style=\"font-size: 16px;\">Dimensiones con bater\u00eda, sin antena: (LxWxH) 120mm x 58mm x 33 mm.<\/span><\/div>\n<div style=\"font-family: arial, helvetica; font-size: 13.3333px;\"><span style=\"font-size: 16px;\">Peso (con bater\u00eda\/antena) 175g<\/span><\/div>\n<div style=\"font-family: arial, helvetica; font-size: 13.3333px;\"><span style=\"font-size: 16px;\">Funci\u00f3n FM: NO<\/span><\/div>\n<div style=\"font-family: arial, helvetica; font-size: 13.3333px;\"><span style=\"font-size: 16px;\">Scrambler:No<\/span><\/div>\n<div style=\"font-family: arial, helvetica; font-size: 13.3333px;\"><\/div>\n<div style=\"font-family: arial, helvetica; font-size: 13.3333px;\"><span style=\"font-size: 16px;\">2 x BAOFENG Radio BF-888S<\/span><\/div>\n<div style=\"font-family: arial, helvetica; font-size: 13.3333px;\"><span style=\"font-size: 16px;\">1&#215;3,7 V 1500mAh Li-Ion bater\u00eda<\/span><\/div>\n<div style=\"font-family: arial, helvetica; font-size: 13.3333px;\"><span style=\"font-size: 16px;\">1 x antena (400-470MHz)<\/span><\/div>\n<div style=\"font-family: arial, helvetica; font-size: 13.3333px;\"><span style=\"font-size: 16px;\">1 x Clip de cintur\u00f3n<\/span><\/div>\n<div style=\"font-family: arial, helvetica; font-size: 13.3333px;\"><span style=\"font-size: 16px;\">1 cargador de pared<\/span><\/div>\n<div><\/div>\n<p>&nbsp;<\/p>\n<p><img decoding=\"async\" title=\"Baofeng-Walkie Talkie BF-888S, estaci\u00f3n de radio port\u00e1til, 5W, transmisor de radio, 2 unidades\" src=\"https:\/\/bodegaoutdoor.cl\/store\/wp-content\/uploads\/2021\/07\/46553-mhcswx.jpg\" alt=\"Baofeng-Walkie Talkie BF-888S, estaci\u00f3n de radio port\u00e1til, 5W, transmisor de radio, 2 unidades\" \/><img fetchpriority=\"high\" decoding=\"async\" title=\"Baofeng-Walkie Talkie BF-888S, estaci\u00f3n de radio port\u00e1til, 5W, transmisor de radio, 2 unidades\" src=\"https:\/\/bodegaoutdoor.cl\/store\/wp-content\/uploads\/2021\/07\/46553-rqflr3.jpg\" alt=\"Baofeng-Walkie Talkie BF-888S, estaci\u00f3n de radio port\u00e1til, 5W, transmisor de radio, 2 unidades\" width=\"900\" height=\"880\" \/><\/p>\n<p>&nbsp;<\/p>\n<p><img decoding=\"async\" title=\"Baofeng-Walkie Talkie BF-888S, estaci\u00f3n de radio port\u00e1til, 5W, transmisor de radio, 2 unidades\" src=\"https:\/\/bodegaoutdoor.cl\/store\/wp-content\/uploads\/2021\/07\/46553-dpgh0u.jpg\" alt=\"Baofeng-Walkie Talkie BF-888S, estaci\u00f3n de radio port\u00e1til, 5W, transmisor de radio, 2 unidades\" \/><img decoding=\"async\" title=\"Baofeng-Walkie Talkie BF-888S, estaci\u00f3n de radio port\u00e1til, 5W, transmisor de radio, 2 unidades\" src=\"https:\/\/bodegaoutdoor.cl\/store\/wp-content\/uploads\/2021\/07\/46553-ne8iu6.jpg\" alt=\"Baofeng-Walkie Talkie BF-888S, estaci\u00f3n de radio port\u00e1til, 5W, transmisor de radio, 2 unidades\" \/><\/p>\n<p>&nbsp;<\/p>\n<p><img decoding=\"async\" title=\"Baofeng-Walkie Talkie BF-888S, estaci\u00f3n de radio port\u00e1til, 5W, transmisor de radio, 2 unidades\" src=\"https:\/\/bodegaoutdoor.cl\/store\/wp-content\/uploads\/2021\/07\/46553-6rbrxo.jpg\" alt=\"Baofeng-Walkie Talkie BF-888S, estaci\u00f3n de radio port\u00e1til, 5W, transmisor de radio, 2 unidades\" width=\"900\" height=\"1000\" \/><\/p>\n<p><img decoding=\"async\" title=\"Baofeng-Walkie Talkie BF-888S, estaci\u00f3n de radio port\u00e1til, 5W, transmisor de radio, 2 unidades\" src=\"https:\/\/bodegaoutdoor.cl\/store\/wp-content\/uploads\/2021\/07\/46553-troml3.jpg\" alt=\"Baofeng-Walkie Talkie BF-888S, estaci\u00f3n de radio port\u00e1til, 5W, transmisor de radio, 2 unidades\" width=\"900\" height=\"890\" \/><img loading=\"lazy\" decoding=\"async\" title=\"Baofeng-Walkie Talkie BF-888S, estaci\u00f3n de radio port\u00e1til, 5W, transmisor de radio, 2 unidades\" src=\"https:\/\/bodegaoutdoor.cl\/store\/wp-content\/uploads\/2021\/07\/46553-kjlddw.jpg\" alt=\"Baofeng-Walkie Talkie BF-888S, estaci\u00f3n de radio port\u00e1til, 5W, transmisor de radio, 2 unidades\" width=\"900\" height=\"900\" \/><img decoding=\"async\" title=\"Baofeng-Walkie Talkie BF-888S, estaci\u00f3n de radio port\u00e1til, 5W, transmisor de radio, 2 unidades\" src=\"https:\/\/bodegaoutdoor.cl\/store\/wp-content\/uploads\/2021\/07\/46553-rykyll.jpg\" alt=\"Baofeng-Walkie Talkie BF-888S, estaci\u00f3n de radio port\u00e1til, 5W, transmisor de radio, 2 unidades\" \/><\/p>\n<p>&nbsp;<\/p>\n<p>&nbsp;<\/p>\n<p>&nbsp;<\/p>\n<div style=\"font-size: 13.3333px;\">\n<div><\/div>\n<div><\/div>\n<\/div>\n<p>&nbsp;<\/p>\n<p>&nbsp;<\/p>\n<\/div>\n<div><\/div>\n<p>&nbsp;<\/p>\n<\/div>\n\n    <div class=\"xs_social_share_widget xs_share_url after_content \t\tmain_content  wslu-style-1 wslu-share-box-shaped wslu-fill-colored wslu-none wslu-share-horizontal wslu-theme-font-no wslu-main_content\">\n\n\t\t\n        <ul>\n\t\t\t        <\/ul>\n    <\/div> \n","protected":false},"excerpt":{"rendered":"<p>2 unids\/set baofeng BF-888S Walkie Talkie Radio port\u00e1til BF888s 5W 16CH UHF 400-470MHz BF 888S Comunicador transmisor transceptor de radio walkie talkies Las funciones -50 CTCSS\/105 CDCSS -Funci\u00f3n VOX -Instrucci\u00f3n de voz -PC de programaci\u00f3n -Alarma de emergencia -De Carga inteligente -Ahorro de bater\u00eda -Alerta de bajo voltaje -Temporizador de tiempo de espera -Luz de [&hellip;]<\/p>\n","protected":false},"featured_media":46578,"comment_status":"open","ping_status":"closed","template":"","meta":{"jetpack_publicize_message":"","jetpack_publicize_feature_enabled":true,"jetpack_social_post_already_shared":true,"jetpack_social_options":{"image_generator_settings":{"template":"highway","enabled":false},"version":2}},"product_brand":[],"product_cat":[222],"product_tag":[2658,2657],"class_list":{"0":"post-46553","1":"product","2":"type-product","3":"status-publish","4":"has-post-thumbnail","6":"product_cat-telefonos","7":"product_tag-telefono","8":"product_tag-walkie-talkie","10":"first","11":"instock","12":"sale","13":"taxable","14":"shipping-taxable","15":"purchasable","16":"product-type-variable"},"jetpack_publicize_connections":[],"jetpack_sharing_enabled":true,"_links":{"self":[{"href":"https:\/\/bodegaoutdoor.cl\/store\/wp-json\/wp\/v2\/product\/46553","targetHints":{"allow":["GET"]}}],"collection":[{"href":"https:\/\/bodegaoutdoor.cl\/store\/wp-json\/wp\/v2\/product"}],"about":[{"href":"https:\/\/bodegaoutdoor.cl\/store\/wp-json\/wp\/v2\/types\/product"}],"replies":[{"embeddable":true,"href":"https:\/\/bodegaoutdoor.cl\/store\/wp-json\/wp\/v2\/comments?post=46553"}],"version-history":[{"count":2,"href":"https:\/\/bodegaoutdoor.cl\/store\/wp-json\/wp\/v2\/product\/46553\/revisions"}],"predecessor-version":[{"id":71007,"href":"https:\/\/bodegaoutdoor.cl\/store\/wp-json\/wp\/v2\/product\/46553\/revisions\/71007"}],"wp:featuredmedia":[{"embeddable":true,"href":"https:\/\/bodegaoutdoor.cl\/store\/wp-json\/wp\/v2\/media\/46578"}],"wp:attachment":[{"href":"https:\/\/bodegaoutdoor.cl\/store\/wp-json\/wp\/v2\/media?parent=46553"}],"wp:term":[{"taxonomy":"product_brand","embeddable":true,"href":"https:\/\/bodegaoutdoor.cl\/store\/wp-json\/wp\/v2\/product_brand?post=46553"},{"taxonomy":"product_cat","embeddable":true,"href":"https:\/\/bodegaoutdoor.cl\/store\/wp-json\/wp\/v2\/product_cat?post=46553"},{"taxonomy":"product_tag","embeddable":true,"href":"https:\/\/bodegaoutdoor.cl\/store\/wp-json\/wp\/v2\/product_tag?post=46553"}],"curies":[{"name":"wp","href":"https:\/\/api.w.org\/{rel}","templated":true}]}}