{"id":46818,"date":"2021-08-16T13:08:07","date_gmt":"2021-08-16T17:08:07","guid":{"rendered":"https:\/\/bodegaoutdoor.cl\/store\/product\/swiss-army-fold-cuchillo-de-engranaje-edc-herramienta-multiusos-multifuncion-de-bolsillo-para-campamento-al-aire-libre\/"},"modified":"2023-05-04T19:18:56","modified_gmt":"2023-05-04T23:18:56","slug":"swiss-army-fold-herramienta-multiusos-multifuncion-de-bolsillo-para-campamento-outdoor-sos","status":"publish","type":"product","link":"https:\/\/bodegaoutdoor.cl\/store\/product\/swiss-army-fold-herramienta-multiusos-multifuncion-de-bolsillo-para-campamento-outdoor-sos\/","title":{"rendered":"Swiss Army-Fold Herramienta multiusos multifunci\u00f3n de bolsillo para campamento Outdoor SOS"},"content":{"rendered":"<p style=\"text-align: center;\"><video style=\"max-width: 100%;\" src=\"\/\/cloud.video.taobao.com\/play\/u\/2211286638902\/p\/1\/e\/6\/t\/10301\/318384472667.mp4\" poster=\"https:\/\/ae01.alicdn.com\/kf\/H739bce5bb4784ae8be87821695a213acd\/Swiss-Army-Fold-cuchillo-de-engranaje-Edc-herramienta-multiusos-multifunci-n-de-bolsillo-para-campamento-al.jpg,https:\/\/ae01.alicdn.com\/kf\/Hda0fe7d4ff0a4ddcbaa4b9c0962a7767T\/Swiss-Army-Fold-cuchillo-de-engranaje-Edc-herramienta-multiusos-multifunci-n-de-bolsillo-para-campamento-al.jpg,https:\/\/ae01.alicdn.com\/kf\/He00e149f214a4d49bdeef67b10918889o\/Swiss-Army-Fold-cuchillo-de-engranaje-Edc-herramienta-multiusos-multifunci-n-de-bolsillo-para-campamento-al.jpg,https:\/\/ae01.alicdn.com\/kf\/Hb08738bdb91340578b2e99dbf11ea653y\/Swiss-Army-Fold-cuchillo-de-engranaje-Edc-herramienta-multiusos-multifunci-n-de-bolsillo-para-campamento-al.jpg,https:\/\/ae01.alicdn.com\/kf\/He5b35f3701854cafa135e1853e0b3d61i\/Swiss-Army-Fold-cuchillo-de-engranaje-Edc-herramienta-multiusos-multifunci-n-de-bolsillo-para-campamento-al.jpg,https:\/\/ae01.alicdn.com\/kf\/Ha5bb52147a32420e8e051321b9163d19W\/Swiss-Army-Fold-cuchillo-de-engranaje-Edc-herramienta-multiusos-multifunci-n-de-bolsillo-para-campamento-al.jpg\" preload=\"auto\" controls=\"controls\" width=\"100%\" height=\"100%\"><\/video><\/p>\n<div>\n<div>\n<p>Caracter\u00edsticas principales:<\/p>\n<p>El dise\u00f1o del juego de Cuchillos plegables multifuncional puede adaptarse a diferentes demandas al aire libre; El dise\u00f1o del mango del cuchillo de fibra de pl\u00e1stico suave no solo proporciona una apariencia elegante sino moderna y tambi\u00e9n una buena sensaci\u00f3n en la mano;<\/p>\n<p>Plegado 17 en 1 incluye 30 funciones b\u00e1sicas:<\/p>\n<p>1. Cuchillo grande, 2. Cuchillo 3 Tire de un sacacorchos, 4. Abridor de latas, 5. Destornillador peque\u00f1o: tambi\u00e9n se puede utilizar para tornillos Phillips, 6. Abridor, adjunto, 7. Destornillador grande, 8. Ranura para pelado de cables, 9. Cono de perforaci\u00f3n, 10. Llavero, 11. Dados 12 \u00a1Palillo de dientes 13! Tijeras 14 Sierra de madera, 15. Cuchillo a escala, 16. \u00a1Descarga 17! Regla (cm y pulgadas),18. Limas de u\u00f1as, adjunta, 19. P\u00faas de acero, 20. Removedor de u\u00f1as, 21. Sierra 22 Destornillador en miniatura, 23. \u00a1Cinceles para madera 24! Alicates 25 Cortadores de alambre, 26. Herramienta de extracci\u00f3n de cables, 27. Destornillador Phillips, 28. Lupa, 29. \u00a1Destornillador para gafas 30! Anillo de llave<\/p>\n<p align=\"left\"><img decoding=\"async\" style=\"margin: 0px; padding: 0px; max-width: 100%;\" src=\"https:\/\/bodegaoutdoor.cl\/store\/wp-content\/uploads\/2021\/08\/46818-xstw49.jpg\" \/><img decoding=\"async\" style=\"margin: 0px; padding: 0px; max-width: 100%;\" src=\"https:\/\/bodegaoutdoor.cl\/store\/wp-content\/uploads\/2021\/08\/46818-utsw8x.jpg\" \/><img decoding=\"async\" style=\"margin: 0px; padding: 0px; max-width: 100%;\" src=\"https:\/\/bodegaoutdoor.cl\/store\/wp-content\/uploads\/2021\/08\/46818-yfczrx.jpg\" \/><img decoding=\"async\" style=\"margin: 0px; padding: 0px; max-width: 100%;\" src=\"\/\/ae01.alicdn.com\/kf\/H10bd8cb1a72b4c478a4c1203d385f21d6.jpg?width=800&amp;height=800&amp;hash=1600\" \/><img decoding=\"async\" style=\"margin: 0px; padding: 0px; max-width: 100%;\" src=\"\/\/ae01.alicdn.com\/kf\/H7c89a0e7b57c4a209352248bdfaf5d46I.jpg?width=800&amp;height=980&amp;hash=1780\" \/><img decoding=\"async\" style=\"margin: 0px; padding: 0px; max-width: 100%;\" src=\"\/\/ae01.alicdn.com\/kf\/H637b450f5915406ebedea6587450c27ct.jpg?width=800&amp;height=548&amp;hash=1348\" \/><img decoding=\"async\" style=\"margin: 0px; padding: 0px; max-width: 100%;\" src=\"\/\/ae01.alicdn.com\/kf\/H12d1aac006694f73a870d447211c45ead.jpg?width=800&amp;height=506&amp;hash=1306\" \/><img decoding=\"async\" style=\"margin: 0px; padding: 0px; max-width: 100%;\" src=\"\/\/ae01.alicdn.com\/kf\/H04f506b2c53f4517a6bf3483f68d97dbm.jpg?width=800&amp;height=519&amp;hash=1319\" \/><img decoding=\"async\" style=\"margin: 0px; padding: 0px; max-width: 100%;\" src=\"\/\/ae01.alicdn.com\/kf\/Hf260ae190c9242b68c50a1ec7260b4bbZ.jpg?width=800&amp;height=519&amp;hash=1319\" \/><img decoding=\"async\" style=\"margin: 0px; padding: 0px; max-width: 100%;\" src=\"\/\/ae01.alicdn.com\/kf\/H38004bb25bfb40d4a3925e23894a24ddf.jpg?width=800&amp;height=533&amp;hash=1333\" \/><img decoding=\"async\" style=\"margin: 0px; padding: 0px; max-width: 100%;\" src=\"\/\/ae01.alicdn.com\/kf\/Hd69fb431326a4a84ac6d7532f35689cdn.jpg?width=800&amp;height=533&amp;hash=1333\" \/><\/p>\n<\/div>\n<\/div>\n\n    <div class=\"xs_social_share_widget xs_share_url after_content \t\tmain_content  wslu-style-1 wslu-share-box-shaped wslu-fill-colored wslu-none wslu-share-horizontal wslu-theme-font-no wslu-main_content\">\n\n\t\t\n        <ul>\n\t\t\t        <\/ul>\n    <\/div> \n","protected":false},"excerpt":{"rendered":"<div class=\"woocommerce-product-details__short-description\">\n<div class=\"woocommerce-product-details__short-description\">\n<div class=\"woocommerce-product-details__short-description\">\n<div class=\"woocommerce-product-details__short-description\">\n<div class=\"woocommerce-product-details__short-description\">\n<div class=\"woocommerce-product-details__short-description\">\n<div class=\"woocommerce-product-details__short-description\">\n<div class=\"woocommerce-product-details__short-description\">\n<div class=\"woocommerce-product-details__short-description\">\n<div class=\"woocommerce-product-details__short-description\">\n<p><span style=\"color: #ff0000;\">PRECIO MAYOR M\u00cdNIMO 3 UNIDADES\u00a0 $ 6.000 c\/u<\/span><\/p>\n<\/div>\n<\/div>\n<\/div>\n<\/div>\n<\/div>\n<\/div>\n<\/div>\n<\/div>\n<\/div>\n<\/div>\n","protected":false},"featured_media":46821,"comment_status":"open","ping_status":"closed","template":"","meta":{"jetpack_publicize_message":"","jetpack_publicize_feature_enabled":true,"jetpack_social_post_already_shared":true,"jetpack_social_options":{"image_generator_settings":{"template":"highway","enabled":false},"version":2}},"product_brand":[],"product_cat":[15],"product_tag":[],"class_list":{"0":"post-46818","1":"product","2":"type-product","3":"status-publish","4":"has-post-thumbnail","6":"product_cat-otros","8":"first","9":"instock","10":"sale","11":"taxable","12":"shipping-taxable","13":"purchasable","14":"product-type-variable"},"jetpack_publicize_connections":[],"jetpack_sharing_enabled":true,"_links":{"self":[{"href":"https:\/\/bodegaoutdoor.cl\/store\/wp-json\/wp\/v2\/product\/46818","targetHints":{"allow":["GET"]}}],"collection":[{"href":"https:\/\/bodegaoutdoor.cl\/store\/wp-json\/wp\/v2\/product"}],"about":[{"href":"https:\/\/bodegaoutdoor.cl\/store\/wp-json\/wp\/v2\/types\/product"}],"replies":[{"embeddable":true,"href":"https:\/\/bodegaoutdoor.cl\/store\/wp-json\/wp\/v2\/comments?post=46818"}],"version-history":[{"count":1,"href":"https:\/\/bodegaoutdoor.cl\/store\/wp-json\/wp\/v2\/product\/46818\/revisions"}],"predecessor-version":[{"id":71003,"href":"https:\/\/bodegaoutdoor.cl\/store\/wp-json\/wp\/v2\/product\/46818\/revisions\/71003"}],"wp:featuredmedia":[{"embeddable":true,"href":"https:\/\/bodegaoutdoor.cl\/store\/wp-json\/wp\/v2\/media\/46821"}],"wp:attachment":[{"href":"https:\/\/bodegaoutdoor.cl\/store\/wp-json\/wp\/v2\/media?parent=46818"}],"wp:term":[{"taxonomy":"product_brand","embeddable":true,"href":"https:\/\/bodegaoutdoor.cl\/store\/wp-json\/wp\/v2\/product_brand?post=46818"},{"taxonomy":"product_cat","embeddable":true,"href":"https:\/\/bodegaoutdoor.cl\/store\/wp-json\/wp\/v2\/product_cat?post=46818"},{"taxonomy":"product_tag","embeddable":true,"href":"https:\/\/bodegaoutdoor.cl\/store\/wp-json\/wp\/v2\/product_tag?post=46818"}],"curies":[{"name":"wp","href":"https:\/\/api.w.org\/{rel}","templated":true}]}}