{"id":46839,"date":"2021-08-16T19:49:45","date_gmt":"2021-08-16T23:49:45","guid":{"rendered":"https:\/\/bodegaoutdoor.cl\/store\/product\/koep-gorra-de-beisbol-de-camuflaje-punisher-para-hombre-sombrero-para-jungla-airsoft-senderismo-tactico-novedad-de-2021\/"},"modified":"2023-05-04T19:18:56","modified_gmt":"2023-05-04T23:18:56","slug":"gorra-jockey-diseno-camuflaje-punisher-airsoft","status":"publish","type":"product","link":"https:\/\/bodegaoutdoor.cl\/store\/product\/gorra-jockey-diseno-camuflaje-punisher-airsoft\/","title":{"rendered":"Gorra Jockey dise\u00f1o camuflaje Punisher Airsoft"},"content":{"rendered":"<div>\n<div><\/div>\n<div>\n<p style=\"font-family: OpenSans; font-size: 14px; font-weight: 300; line-height: 20px; margin-bottom: 12px;\">KOEP 2021 nueva gorra de b\u00e9isbol camuflaje Punisher gorras de pesca hombres camuflaje al aire libre sombrero para jungla Airsoft t\u00e1ctico senderismo Casquette sombreros<\/p>\n<\/div>\n<div>\n<p style=\"font-family: OpenSans; font-size: 14px; font-weight: 300; line-height: 20px; margin-bottom: 12px;\">DETALLES:<\/p>\n<\/div>\n<div>\n<p style=\"font-family: OpenSans; font-size: 14px; font-weight: 300; line-height: 20px; margin-bottom: 12px;\">Tama\u00f1o: talla \u00fanica<\/p>\n<\/div>\n<div>\n<p style=\"font-family: OpenSans; font-size: 14px; font-weight: 300; line-height: 20px; margin-bottom: 12px;\">Peso: alrededor de 75-90g<\/p>\n<\/div>\n<div>\n<p style=\"font-family: OpenSans; font-size: 14px; font-weight: 300; line-height: 20px; margin-bottom: 12px;\">Circunferencia del sombrero: 56-60cm<\/p>\n<\/div>\n<div>\n<p style=\"font-family: OpenSans; font-size: 14px; font-weight: 300; line-height: 20px; margin-bottom: 12px;\">Material: algod\u00f3n, poli\u00e9ster<\/p>\n<\/div>\n<div>\n<p style=\"font-family: OpenSans; font-size: 14px; font-weight: 300; line-height: 20px; margin-bottom: 12px;\">G\u00e9nero: Unisex<\/p>\n<\/div>\n<div><img decoding=\"async\" title=\"KOEP-gorra de b\u00e9isbol de camuflaje Punisher para hombre, sombrero para jungla, Airsoft, senderismo t\u00e1ctico, novedad de 2021\" src=\"https:\/\/bodegaoutdoor.cl\/store\/wp-content\/uploads\/2021\/08\/46839-affriq.jpg\" alt=\"KOEP-gorra de b\u00e9isbol de camuflaje Punisher para hombre, sombrero para jungla, Airsoft, senderismo t\u00e1ctico, novedad de 2021\" \/><\/div>\n<div><img decoding=\"async\" title=\"KOEP-gorra de b\u00e9isbol de camuflaje Punisher para hombre, sombrero para jungla, Airsoft, senderismo t\u00e1ctico, novedad de 2021\" src=\"https:\/\/bodegaoutdoor.cl\/store\/wp-content\/uploads\/2021\/08\/46839-rpcx4h.jpg\" alt=\"KOEP-gorra de b\u00e9isbol de camuflaje Punisher para hombre, sombrero para jungla, Airsoft, senderismo t\u00e1ctico, novedad de 2021\" \/><img decoding=\"async\" title=\"KOEP-gorra de b\u00e9isbol de camuflaje Punisher para hombre, sombrero para jungla, Airsoft, senderismo t\u00e1ctico, novedad de 2021\" src=\"https:\/\/bodegaoutdoor.cl\/store\/wp-content\/uploads\/2021\/08\/46839-orkbnn.jpg\" alt=\"KOEP-gorra de b\u00e9isbol de camuflaje Punisher para hombre, sombrero para jungla, Airsoft, senderismo t\u00e1ctico, novedad de 2021\" \/><img decoding=\"async\" title=\"KOEP-gorra de b\u00e9isbol de camuflaje Punisher para hombre, sombrero para jungla, Airsoft, senderismo t\u00e1ctico, novedad de 2021\" src=\"https:\/\/bodegaoutdoor.cl\/store\/wp-content\/uploads\/2021\/08\/46839-pnrxs7.jpg\" alt=\"KOEP-gorra de b\u00e9isbol de camuflaje Punisher para hombre, sombrero para jungla, Airsoft, senderismo t\u00e1ctico, novedad de 2021\" \/><img decoding=\"async\" title=\"KOEP-gorra de b\u00e9isbol de camuflaje Punisher para hombre, sombrero para jungla, Airsoft, senderismo t\u00e1ctico, novedad de 2021\" src=\"https:\/\/bodegaoutdoor.cl\/store\/wp-content\/uploads\/2021\/08\/46839-gkafjq.jpg\" alt=\"KOEP-gorra de b\u00e9isbol de camuflaje Punisher para hombre, sombrero para jungla, Airsoft, senderismo t\u00e1ctico, novedad de 2021\" \/><img decoding=\"async\" title=\"KOEP-gorra de b\u00e9isbol de camuflaje Punisher para hombre, sombrero para jungla, Airsoft, senderismo t\u00e1ctico, novedad de 2021\" src=\"https:\/\/bodegaoutdoor.cl\/store\/wp-content\/uploads\/2021\/08\/46839-7wia5e.jpg\" alt=\"KOEP-gorra de b\u00e9isbol de camuflaje Punisher para hombre, sombrero para jungla, Airsoft, senderismo t\u00e1ctico, novedad de 2021\" \/><img decoding=\"async\" title=\"KOEP-gorra de b\u00e9isbol de camuflaje Punisher para hombre, sombrero para jungla, Airsoft, senderismo t\u00e1ctico, novedad de 2021\" src=\"https:\/\/bodegaoutdoor.cl\/store\/wp-content\/uploads\/2021\/08\/46839-84e6r9.jpg\" alt=\"KOEP-gorra de b\u00e9isbol de camuflaje Punisher para hombre, sombrero para jungla, Airsoft, senderismo t\u00e1ctico, novedad de 2021\" \/><\/div>\n<div><img decoding=\"async\" title=\"KOEP-gorra de b\u00e9isbol de camuflaje Punisher para hombre, sombrero para jungla, Airsoft, senderismo t\u00e1ctico, novedad de 2021\" src=\"https:\/\/bodegaoutdoor.cl\/store\/wp-content\/uploads\/2021\/08\/46839-yo7uzp.jpg\" alt=\"KOEP-gorra de b\u00e9isbol de camuflaje Punisher para hombre, sombrero para jungla, Airsoft, senderismo t\u00e1ctico, novedad de 2021\" \/><img decoding=\"async\" title=\"KOEP-gorra de b\u00e9isbol de camuflaje Punisher para hombre, sombrero para jungla, Airsoft, senderismo t\u00e1ctico, novedad de 2021\" src=\"https:\/\/bodegaoutdoor.cl\/store\/wp-content\/uploads\/2021\/08\/46839-b8jkup.jpg\" alt=\"KOEP-gorra de b\u00e9isbol de camuflaje Punisher para hombre, sombrero para jungla, Airsoft, senderismo t\u00e1ctico, novedad de 2021\" \/><img decoding=\"async\" title=\"KOEP-gorra de b\u00e9isbol de camuflaje Punisher para hombre, sombrero para jungla, Airsoft, senderismo t\u00e1ctico, novedad de 2021\" src=\"https:\/\/bodegaoutdoor.cl\/store\/wp-content\/uploads\/2021\/08\/46839-1jgfzt.jpg\" alt=\"KOEP-gorra de b\u00e9isbol de camuflaje Punisher para hombre, sombrero para jungla, Airsoft, senderismo t\u00e1ctico, novedad de 2021\" \/><img decoding=\"async\" title=\"KOEP-gorra de b\u00e9isbol de camuflaje Punisher para hombre, sombrero para jungla, Airsoft, senderismo t\u00e1ctico, novedad de 2021\" src=\"https:\/\/bodegaoutdoor.cl\/store\/wp-content\/uploads\/2021\/08\/46839-xyyop1.jpg\" alt=\"KOEP-gorra de b\u00e9isbol de camuflaje Punisher para hombre, sombrero para jungla, Airsoft, senderismo t\u00e1ctico, novedad de 2021\" \/><img decoding=\"async\" title=\"KOEP-gorra de b\u00e9isbol de camuflaje Punisher para hombre, sombrero para jungla, Airsoft, senderismo t\u00e1ctico, novedad de 2021\" src=\"https:\/\/bodegaoutdoor.cl\/store\/wp-content\/uploads\/2021\/08\/46839-0ntb3y.jpg\" alt=\"KOEP-gorra de b\u00e9isbol de camuflaje Punisher para hombre, sombrero para jungla, Airsoft, senderismo t\u00e1ctico, novedad de 2021\" \/><img decoding=\"async\" title=\"KOEP-gorra de b\u00e9isbol de camuflaje Punisher para hombre, sombrero para jungla, Airsoft, senderismo t\u00e1ctico, novedad de 2021\" src=\"https:\/\/bodegaoutdoor.cl\/store\/wp-content\/uploads\/2021\/08\/46839-nwr9kw.jpg\" alt=\"KOEP-gorra de b\u00e9isbol de camuflaje Punisher para hombre, sombrero para jungla, Airsoft, senderismo t\u00e1ctico, novedad de 2021\" \/><\/div>\n<div><\/div>\n<p>&nbsp;<\/p>\n<\/div>\n\n    <div class=\"xs_social_share_widget xs_share_url after_content \t\tmain_content  wslu-style-1 wslu-share-box-shaped wslu-fill-colored wslu-none wslu-share-horizontal wslu-theme-font-no wslu-main_content\">\n\n\t\t\n        <ul>\n\t\t\t        <\/ul>\n    <\/div> \n","protected":false},"excerpt":{"rendered":"<p>KOEP 2021 nueva gorra de b\u00e9isbol camuflaje Punisher gorras de pesca hombres camuflaje al aire libre sombrero para jungla Airsoft t\u00e1ctico senderismo Casquette sombreros DETALLES: Tama\u00f1o: talla \u00fanica Peso: alrededor de 75-90g Circunferencia del sombrero: 56-60cm Material: algod\u00f3n, poli\u00e9ster G\u00e9nero: Unisex &nbsp;<\/p>\n","protected":false},"featured_media":46851,"comment_status":"open","ping_status":"closed","template":"","meta":{"jetpack_publicize_message":"","jetpack_publicize_feature_enabled":true,"jetpack_social_post_already_shared":true,"jetpack_social_options":{"image_generator_settings":{"template":"highway","enabled":false},"version":2}},"product_brand":[],"product_cat":[15],"product_tag":[],"class_list":{"0":"post-46839","1":"product","2":"type-product","3":"status-publish","4":"has-post-thumbnail","6":"product_cat-otros","8":"first","9":"instock","10":"sale","11":"taxable","12":"shipping-taxable","13":"purchasable","14":"product-type-variable"},"jetpack_publicize_connections":[],"jetpack_sharing_enabled":true,"_links":{"self":[{"href":"https:\/\/bodegaoutdoor.cl\/store\/wp-json\/wp\/v2\/product\/46839","targetHints":{"allow":["GET"]}}],"collection":[{"href":"https:\/\/bodegaoutdoor.cl\/store\/wp-json\/wp\/v2\/product"}],"about":[{"href":"https:\/\/bodegaoutdoor.cl\/store\/wp-json\/wp\/v2\/types\/product"}],"replies":[{"embeddable":true,"href":"https:\/\/bodegaoutdoor.cl\/store\/wp-json\/wp\/v2\/comments?post=46839"}],"version-history":[{"count":2,"href":"https:\/\/bodegaoutdoor.cl\/store\/wp-json\/wp\/v2\/product\/46839\/revisions"}],"predecessor-version":[{"id":71002,"href":"https:\/\/bodegaoutdoor.cl\/store\/wp-json\/wp\/v2\/product\/46839\/revisions\/71002"}],"wp:featuredmedia":[{"embeddable":true,"href":"https:\/\/bodegaoutdoor.cl\/store\/wp-json\/wp\/v2\/media\/46851"}],"wp:attachment":[{"href":"https:\/\/bodegaoutdoor.cl\/store\/wp-json\/wp\/v2\/media?parent=46839"}],"wp:term":[{"taxonomy":"product_brand","embeddable":true,"href":"https:\/\/bodegaoutdoor.cl\/store\/wp-json\/wp\/v2\/product_brand?post=46839"},{"taxonomy":"product_cat","embeddable":true,"href":"https:\/\/bodegaoutdoor.cl\/store\/wp-json\/wp\/v2\/product_cat?post=46839"},{"taxonomy":"product_tag","embeddable":true,"href":"https:\/\/bodegaoutdoor.cl\/store\/wp-json\/wp\/v2\/product_tag?post=46839"}],"curies":[{"name":"wp","href":"https:\/\/api.w.org\/{rel}","templated":true}]}}