{"id":46919,"date":"2021-08-29T23:27:44","date_gmt":"2021-08-30T03:27:44","guid":{"rendered":"https:\/\/bodegaoutdoor.cl\/store\/product\/vemar-gafas-de-esqui-para-motocicleta-lentes-para-motocross-ciclismo-snowboard\/"},"modified":"2023-05-04T19:18:55","modified_gmt":"2023-05-04T23:18:55","slug":"gafas-de-esqui-para-motocicleta-motocross-ciclismo-snowboard-outdoor-proteccion","status":"publish","type":"product","link":"https:\/\/bodegaoutdoor.cl\/store\/product\/gafas-de-esqui-para-motocicleta-motocross-ciclismo-snowboard-outdoor-proteccion\/","title":{"rendered":"Gafas de esqu\u00ed para motocicleta, Motocross, ciclismo, Snowboard Outdoor Protecci\u00f3n"},"content":{"rendered":"<p style=\"text-align: center;\"><video style=\"max-width: 100%;\" src=\"\/\/cloud.video.taobao.com\/play\/u\/4242788428\/p\/1\/e\/6\/t\/10301\/321885577752.mp4\" poster=\"https:\/\/ae01.alicdn.com\/kf\/H7d6371ab0bb34362894d5d14ada34c0d2\/VEMAR-Gafas-de-esqu-para-motocicleta-lentes-para-Motocross-ciclismo-Snowboard.jpg,https:\/\/ae01.alicdn.com\/kf\/H52f7e6438b1d447491bfd8de184c38071\/VEMAR-Gafas-de-esqu-para-motocicleta-lentes-para-Motocross-ciclismo-Snowboard.jpg,https:\/\/ae01.alicdn.com\/kf\/H21e8a5795ff5425abe59e494187409f7b\/VEMAR-Gafas-de-esqu-para-motocicleta-lentes-para-Motocross-ciclismo-Snowboard.jpg,https:\/\/ae01.alicdn.com\/kf\/H51785f0e12ad45fda1f06c062c2793caS\/VEMAR-Gafas-de-esqu-para-motocicleta-lentes-para-Motocross-ciclismo-Snowboard.jpg,https:\/\/ae01.alicdn.com\/kf\/H6122d7149e304045b057d2b2e69521bdZ\/VEMAR-Gafas-de-esqu-para-motocicleta-lentes-para-Motocross-ciclismo-Snowboard.jpg,https:\/\/ae01.alicdn.com\/kf\/H2d300ca2a31343cb9e258c162380dd33g\/VEMAR-Gafas-de-esqu-para-motocicleta-lentes-para-Motocross-ciclismo-Snowboard.jpg\" preload=\"auto\" controls=\"controls\" width=\"100%\" height=\"100%\"><\/video><\/p>\n<div>\n<div>\n<div>\n<div>\n<div><\/div>\n<div><span style=\"font-size: 14px; font-family: arial;\"><strong>Caracter\u00edsticas:<\/strong><\/span><\/div>\n<p><span style=\"font-size: 14px; font-family: arial;\">Antivaho y a prueba de polvo, la protecci\u00f3n UV protege al m\u00e1ximo sus ojos.<br \/>\nPl\u00e1stico TPU importado, elasticidad de alta resistencia que reduce la deformaci\u00f3n o cualquier rotura.<br \/>\nLa lente tiene buena antiniebla, antiimpacto y antiara\u00f1azos y 100% anti-UV.<br \/>\nEstilo de moda con un ajuste excepcional y visi\u00f3n perif\u00e9rica.<br \/>\nLas bandas anchas confort silicona se ajustan al agarre de las gafas en los cascos, sujetan las gafas de forma segura en su lugar.<br \/>\nCorrea ajustable para cualquier casco.<br \/>\nAcolchado de esponja de tres capas alrededor del borde exterior para a\u00f1adir comodidad.<br \/>\nV\u00edas A\u00e9reas ventiladas alrededor del marco para optimizar el flujo de aire sobre el interior de la lente.<br \/>\nLas mejores gafas para carreras de motocross, esqu\u00ed, snowboard, etc.<\/span><\/p>\n<div><\/div>\n<p><span style=\"font-size: 14px; font-family: arial;\"><strong>Especificaciones:<\/strong><\/span><\/p>\n<p><span style=\"font-size: 14px;\"><span style=\"font-family: arial;\">Marca: VEMAR<\/span><\/span><span style=\"font-size: 14px;\"><br \/>\n<\/span><span style=\"font-size: 14px;\"><span style=\"font-family: arial;\">Nombre del producto: MJ16<\/span><\/span><\/p>\n<p><span style=\"font-size: 14px;\"><span style=\"font-family: arial;\">Peso: 0,2 KG<\/span><\/span><span style=\"font-size: 14px;\"><br \/>\n<\/span><span style=\"font-size: 14px;\"><span style=\"font-family: arial;\">Color: Pel\u00edcula de color, pel\u00edcula blanca<\/span><\/span><span style=\"font-size: 14px;\"><br \/>\n<\/span><span style=\"font-size: 14px;\"><span style=\"font-family: arial;\">Material: poliuretano pl\u00e1stico TPU<\/span><\/span><span style=\"font-size: 14px;\"><br \/>\n<\/span><span style=\"font-size: 14px;\"><span style=\"font-family: arial;\">Funciones: a prueba de viento, polvo, a prueba de golpes<\/span><\/span><span style=\"font-size: 14px;\"><br \/>\n<\/span><span style=\"font-size: 14px;\"><span style=\"font-family: arial;\">\u00c1mbito de aplicaci\u00f3n: ciclismo, cross-country, esqu\u00ed<\/span><\/span><\/p>\n<div><\/div>\n<p><span style=\"font-size: 14px; font-family: arial;\"><strong>El paquete incluye:<\/strong><\/span><br \/>\n<span style=\"font-size: 14px; font-family: arial;\">1 X gafas de moto<\/span><\/p>\n<p><img decoding=\"async\" style=\"width: 1000px;\" title=\"VEMAR-Gafas de esqu\u00ed para motocicleta, lentes para Motocross, ciclismo, Snowboard\" src=\"https:\/\/bodegaoutdoor.cl\/store\/wp-content\/uploads\/2021\/08\/46919-ivo2wu.jpg\" alt=\"VEMAR-Gafas de esqu\u00ed para motocicleta, lentes para Motocross, ciclismo, Snowboard\" width=\"1000px\" \/><\/p>\n<p><img decoding=\"async\" style=\"width: 1000px;\" title=\"VEMAR-Gafas de esqu\u00ed para motocicleta, lentes para Motocross, ciclismo, Snowboard\" src=\"https:\/\/bodegaoutdoor.cl\/store\/wp-content\/uploads\/2021\/08\/46919-9gvsk8.jpg\" alt=\"VEMAR-Gafas de esqu\u00ed para motocicleta, lentes para Motocross, ciclismo, Snowboard\" width=\"1000px\" \/><\/p>\n<p><img decoding=\"async\" style=\"width: 1000px;\" title=\"VEMAR-Gafas de esqu\u00ed para motocicleta, lentes para Motocross, ciclismo, Snowboard\" src=\"https:\/\/bodegaoutdoor.cl\/store\/wp-content\/uploads\/2021\/08\/46919-em0sto.jpg\" alt=\"VEMAR-Gafas de esqu\u00ed para motocicleta, lentes para Motocross, ciclismo, Snowboard\" width=\"1000px\" \/><\/p>\n<p><img decoding=\"async\" style=\"width: 1000px;\" title=\"VEMAR-Gafas de esqu\u00ed para motocicleta, lentes para Motocross, ciclismo, Snowboard\" src=\"https:\/\/bodegaoutdoor.cl\/store\/wp-content\/uploads\/2021\/08\/46919-vroumc.jpg\" alt=\"VEMAR-Gafas de esqu\u00ed para motocicleta, lentes para Motocross, ciclismo, Snowboard\" width=\"1000px\" \/><\/p>\n<p><img decoding=\"async\" style=\"width: 1000px;\" title=\"VEMAR-Gafas de esqu\u00ed para motocicleta, lentes para Motocross, ciclismo, Snowboard\" src=\"https:\/\/bodegaoutdoor.cl\/store\/wp-content\/uploads\/2021\/08\/46919-ae2mad.jpg\" alt=\"VEMAR-Gafas de esqu\u00ed para motocicleta, lentes para Motocross, ciclismo, Snowboard\" width=\"1000px\" \/><\/p>\n<p><img decoding=\"async\" style=\"width: 1000px;\" title=\"VEMAR-Gafas de esqu\u00ed para motocicleta, lentes para Motocross, ciclismo, Snowboard\" src=\"https:\/\/bodegaoutdoor.cl\/store\/wp-content\/uploads\/2021\/08\/46919-w6dwnl.jpg\" alt=\"VEMAR-Gafas de esqu\u00ed para motocicleta, lentes para Motocross, ciclismo, Snowboard\" width=\"1000px\" \/><\/p>\n<p><img decoding=\"async\" style=\"width: 1000px;\" title=\"VEMAR-Gafas de esqu\u00ed para motocicleta, lentes para Motocross, ciclismo, Snowboard\" src=\"https:\/\/bodegaoutdoor.cl\/store\/wp-content\/uploads\/2021\/08\/46919-6mivvz.jpg\" alt=\"VEMAR-Gafas de esqu\u00ed para motocicleta, lentes para Motocross, ciclismo, Snowboard\" width=\"1000px\" \/><\/p>\n<p><img decoding=\"async\" style=\"width: 1000px;\" title=\"VEMAR-Gafas de esqu\u00ed para motocicleta, lentes para Motocross, ciclismo, Snowboard\" src=\"https:\/\/bodegaoutdoor.cl\/store\/wp-content\/uploads\/2021\/08\/46919-n1uggw.jpg\" alt=\"VEMAR-Gafas de esqu\u00ed para motocicleta, lentes para Motocross, ciclismo, Snowboard\" width=\"1000px\" \/><\/p>\n<p><img decoding=\"async\" style=\"width: 1000px;\" title=\"VEMAR-Gafas de esqu\u00ed para motocicleta, lentes para Motocross, ciclismo, Snowboard\" src=\"https:\/\/bodegaoutdoor.cl\/store\/wp-content\/uploads\/2021\/08\/46919-zecgnd.jpg\" alt=\"VEMAR-Gafas de esqu\u00ed para motocicleta, lentes para Motocross, ciclismo, Snowboard\" width=\"1000px\" \/><\/p>\n<p><img decoding=\"async\" style=\"width: 1000px;\" title=\"VEMAR-Gafas de esqu\u00ed para motocicleta, lentes para Motocross, ciclismo, Snowboard\" src=\"https:\/\/bodegaoutdoor.cl\/store\/wp-content\/uploads\/2021\/08\/46919-d8yhnz.jpg\" alt=\"VEMAR-Gafas de esqu\u00ed para motocicleta, lentes para Motocross, ciclismo, Snowboard\" width=\"1000px\" \/><\/p>\n<p><img decoding=\"async\" style=\"width: 1000px;\" title=\"VEMAR-Gafas de esqu\u00ed para motocicleta, lentes para Motocross, ciclismo, Snowboard\" src=\"https:\/\/bodegaoutdoor.cl\/store\/wp-content\/uploads\/2021\/08\/46919-ienptc.jpg\" alt=\"VEMAR-Gafas de esqu\u00ed para motocicleta, lentes para Motocross, ciclismo, Snowboard\" width=\"1000px\" \/><\/p>\n<p><img decoding=\"async\" style=\"width: 1000px;\" title=\"VEMAR-Gafas de esqu\u00ed para motocicleta, lentes para Motocross, ciclismo, Snowboard\" src=\"https:\/\/bodegaoutdoor.cl\/store\/wp-content\/uploads\/2021\/08\/46919-ve7oe4.jpg\" alt=\"VEMAR-Gafas de esqu\u00ed para motocicleta, lentes para Motocross, ciclismo, Snowboard\" width=\"1000px\" \/><\/p>\n<p><img decoding=\"async\" style=\"width: 1000px;\" title=\"VEMAR-Gafas de esqu\u00ed para motocicleta, lentes para Motocross, ciclismo, Snowboard\" src=\"https:\/\/bodegaoutdoor.cl\/store\/wp-content\/uploads\/2021\/08\/46919-eekbo6.jpg\" alt=\"VEMAR-Gafas de esqu\u00ed para motocicleta, lentes para Motocross, ciclismo, Snowboard\" width=\"1000px\" \/><\/p>\n<p><img decoding=\"async\" style=\"width: 1000px;\" title=\"VEMAR-Gafas de esqu\u00ed para motocicleta, lentes para Motocross, ciclismo, Snowboard\" src=\"https:\/\/bodegaoutdoor.cl\/store\/wp-content\/uploads\/2021\/08\/46919-wyhdth.jpg\" alt=\"VEMAR-Gafas de esqu\u00ed para motocicleta, lentes para Motocross, ciclismo, Snowboard\" width=\"1000px\" \/><\/p>\n<p><img decoding=\"async\" style=\"width: 1000px;\" title=\"VEMAR-Gafas de esqu\u00ed para motocicleta, lentes para Motocross, ciclismo, Snowboard\" src=\"https:\/\/bodegaoutdoor.cl\/store\/wp-content\/uploads\/2021\/08\/46919-p8tlaz.jpg\" alt=\"VEMAR-Gafas de esqu\u00ed para motocicleta, lentes para Motocross, ciclismo, Snowboard\" width=\"1000px\" \/><\/p>\n<p><img decoding=\"async\" style=\"width: 1000px;\" title=\"VEMAR-Gafas de esqu\u00ed para motocicleta, lentes para Motocross, ciclismo, Snowboard\" src=\"https:\/\/bodegaoutdoor.cl\/store\/wp-content\/uploads\/2021\/08\/46919-0zshvk.jpg\" alt=\"VEMAR-Gafas de esqu\u00ed para motocicleta, lentes para Motocross, ciclismo, Snowboard\" width=\"1000px\" \/><\/p>\n<p><img decoding=\"async\" style=\"width: 1000px;\" title=\"VEMAR-Gafas de esqu\u00ed para motocicleta, lentes para Motocross, ciclismo, Snowboard\" src=\"https:\/\/bodegaoutdoor.cl\/store\/wp-content\/uploads\/2021\/08\/46919-mhrjyz.jpg\" alt=\"VEMAR-Gafas de esqu\u00ed para motocicleta, lentes para Motocross, ciclismo, Snowboard\" width=\"1000px\" \/><\/p>\n<div><\/div>\n<\/div>\n<\/div>\n<p>&nbsp;<\/p>\n<\/div>\n<\/div>\n\n    <div class=\"xs_social_share_widget xs_share_url after_content \t\tmain_content  wslu-style-1 wslu-share-box-shaped wslu-fill-colored wslu-none wslu-share-horizontal wslu-theme-font-no wslu-main_content\">\n\n\t\t\n        <ul>\n\t\t\t        <\/ul>\n    <\/div> \n","protected":false},"excerpt":{"rendered":"<div class=\"woocommerce-product-details__short-description\">\n<div class=\"woocommerce-product-details__short-description\">\n<div class=\"woocommerce-product-details__short-description\">\n<div class=\"woocommerce-product-details__short-description\">\n<div class=\"woocommerce-product-details__short-description\">\n<p><span style=\"color: #ff0000;\">PRECIO MAYOR M\u00cdNIMO 3 UNIDADES\u00a0 $ 13.000 c\/u<\/span><\/p>\n<\/div>\n<\/div>\n<\/div>\n<\/div>\n<\/div>\n","protected":false},"featured_media":46943,"comment_status":"open","ping_status":"closed","template":"","meta":{"jetpack_publicize_message":"","jetpack_publicize_feature_enabled":true,"jetpack_social_post_already_shared":true,"jetpack_social_options":{"image_generator_settings":{"template":"highway","enabled":false},"version":2}},"product_brand":[],"product_cat":[38],"product_tag":[2729,2194,1606],"class_list":{"0":"post-46919","1":"product","2":"type-product","3":"status-publish","4":"has-post-thumbnail","6":"product_cat-lentes","7":"product_tag-antiparra","8":"product_tag-gafas","9":"product_tag-moto","11":"first","12":"instock","13":"taxable","14":"shipping-taxable","15":"purchasable","16":"product-type-variable"},"jetpack_publicize_connections":[],"jetpack_sharing_enabled":true,"_links":{"self":[{"href":"https:\/\/bodegaoutdoor.cl\/store\/wp-json\/wp\/v2\/product\/46919","targetHints":{"allow":["GET"]}}],"collection":[{"href":"https:\/\/bodegaoutdoor.cl\/store\/wp-json\/wp\/v2\/product"}],"about":[{"href":"https:\/\/bodegaoutdoor.cl\/store\/wp-json\/wp\/v2\/types\/product"}],"replies":[{"embeddable":true,"href":"https:\/\/bodegaoutdoor.cl\/store\/wp-json\/wp\/v2\/comments?post=46919"}],"version-history":[{"count":2,"href":"https:\/\/bodegaoutdoor.cl\/store\/wp-json\/wp\/v2\/product\/46919\/revisions"}],"predecessor-version":[{"id":71001,"href":"https:\/\/bodegaoutdoor.cl\/store\/wp-json\/wp\/v2\/product\/46919\/revisions\/71001"}],"wp:featuredmedia":[{"embeddable":true,"href":"https:\/\/bodegaoutdoor.cl\/store\/wp-json\/wp\/v2\/media\/46943"}],"wp:attachment":[{"href":"https:\/\/bodegaoutdoor.cl\/store\/wp-json\/wp\/v2\/media?parent=46919"}],"wp:term":[{"taxonomy":"product_brand","embeddable":true,"href":"https:\/\/bodegaoutdoor.cl\/store\/wp-json\/wp\/v2\/product_brand?post=46919"},{"taxonomy":"product_cat","embeddable":true,"href":"https:\/\/bodegaoutdoor.cl\/store\/wp-json\/wp\/v2\/product_cat?post=46919"},{"taxonomy":"product_tag","embeddable":true,"href":"https:\/\/bodegaoutdoor.cl\/store\/wp-json\/wp\/v2\/product_tag?post=46919"}],"curies":[{"name":"wp","href":"https:\/\/api.w.org\/{rel}","templated":true}]}}