{"id":47299,"date":"2021-08-30T16:38:05","date_gmt":"2021-08-30T20:38:05","guid":{"rendered":"https:\/\/bodegaoutdoor.cl\/store\/product\/aholdtech-casco-ligero-nij-iiia-3a-mich-ms02-camara-de-corte-bajo-ajuste-dial-epic-liner-a-prueba-de-balas-casco-balistico-para-policia-del-ejercito\/"},"modified":"2023-05-04T19:18:55","modified_gmt":"2023-05-04T23:18:55","slug":"aholdtech-casco-ligero-nij-iiia-3a-mich-ms02-camara-de-corte-bajo-ajuste-dial-epic-liner-a-prueba-de-balas-casco-balistico-para-policia-del-ejercito","status":"publish","type":"product","link":"https:\/\/bodegaoutdoor.cl\/store\/product\/aholdtech-casco-ligero-nij-iiia-3a-mich-ms02-camara-de-corte-bajo-ajuste-dial-epic-liner-a-prueba-de-balas-casco-balistico-para-policia-del-ejercito\/","title":{"rendered":"Casco ligero NIJ IIIA 3A MICH MS02, ajuste Dial EPIC Liner, a prueba de balas, casco bal\u00edstico para polic\u00eda del ej\u00e9rcito"},"content":{"rendered":"<p style=\"text-align: center;\"><video style=\"max-width: 100%;\" src=\"\/\/cloud.video.taobao.com\/play\/u\/1874031951\/p\/1\/e\/6\/t\/10301\/300175171035.mp4\" poster=\"https:\/\/ae01.alicdn.com\/kf\/H6d1df73fd4d3463eb11b7be29fd423f1V\/AHOLDTECH-casco-ligero-NIJ-IIIA-3A-MICH-MS02-c-mara-de-corte-bajo-ajuste-Dial-EPIC.jpg,https:\/\/ae01.alicdn.com\/kf\/He2dd48d6ef2246319eab49f51d3946e9y\/AHOLDTECH-casco-ligero-NIJ-IIIA-3A-MICH-MS02-c-mara-de-corte-bajo-ajuste-Dial-EPIC.jpg,https:\/\/ae01.alicdn.com\/kf\/H0eef504c414b4bf196ffa9ef5c4db6f9v\/AHOLDTECH-casco-ligero-NIJ-IIIA-3A-MICH-MS02-c-mara-de-corte-bajo-ajuste-Dial-EPIC.jpg,https:\/\/ae01.alicdn.com\/kf\/H2c3e0146c8544bb9a0f705e8da6c539bG\/AHOLDTECH-casco-ligero-NIJ-IIIA-3A-MICH-MS02-c-mara-de-corte-bajo-ajuste-Dial-EPIC.jpg,https:\/\/ae01.alicdn.com\/kf\/H8f6798f6e2ca4fd995d694cf549f2b3cq\/AHOLDTECH-casco-ligero-NIJ-IIIA-3A-MICH-MS02-c-mara-de-corte-bajo-ajuste-Dial-EPIC.jpg,https:\/\/ae01.alicdn.com\/kf\/H0dd32c8399524b3aaca6447e9002d672X\/AHOLDTECH-casco-ligero-NIJ-IIIA-3A-MICH-MS02-c-mara-de-corte-bajo-ajuste-Dial-EPIC.jpg\" preload=\"auto\" controls=\"controls\" width=\"100%\" height=\"100%\"><\/video><\/p>\n<div>\n<div>\n<div>\n<div>\n<div id=\"278502887290\" data-previewurl=\"\/\/img.alicdn.com\/imgextra\/i2\/6000000007886\/O1CN01hKGTdq287pzmq4uA1_!!6000000007886-0-tbvideo.jpg\"><\/div>\n<\/div>\n<\/div>\n<div>\n<p style=\"font-family: OpenSans; font-size: 20px; font-weight: 900; line-height: 28px; margin-bottom: 12px;\">Par\u00e1metros del producto<\/p>\n<p style=\"font-family: OpenSans; font-size: 14px; font-weight: 300; line-height: 20px; margin-bottom: 12px;\">Modelo: ATBH-M-S02<br \/>\nESTILO: corte bajo\/MICH con sistema de uso mejorado<br \/>\nNivel: NIJ 0106,01 IIIA (seg\u00fan NIJ 0106,01 y NIJ 0108,01).<br \/>\nMaterial: UHMWPE o aramida<br \/>\nTama\u00f1o: Grande, se adapta a la circunferencia de la cabeza de 57-60cm<br \/>\nPeso: &lt;1,45Kg\/3.19lb (fabricado por UHMWPE).<br \/>\nRetenci\u00f3n: sistema de ajuste mec\u00e1nico tipo Dial de 360 grados compuesto por Cable de acero inoxidable de alta resistencia, que se puede ajustar y soltar con una mano.<br \/>\nSuspensi\u00f3n: almohadillas de espuma de doble capa para proporcionar un ajuste seguro y un uso c\u00f3modo.<br \/>\nColor: verde oliva, negro mate, bronceado en el desierto, Etc.<br \/>\nHebillas: Hecho de Nylon + POE, con funci\u00f3n de liberaci\u00f3n r\u00e1pida f\u00e1cil de ajustar.<br \/>\nGarant\u00eda: garant\u00eda de una vida \u00fatil de 5 a\u00f1os a partir de la fecha de emisi\u00f3n.<br \/>\nCertificado de prueba: laboratorio bal\u00edstico certificado NIJ.<\/p>\n<\/div>\n<div>\n<p style=\"font-family: OpenSans; font-size: 20px; font-weight: 900; line-height: 28px; margin-bottom: 12px;\">Caracter\u00edsticas del producto<\/p>\n<p style=\"font-family: OpenSans; font-size: 14px; font-weight: 300; line-height: 20px; margin-bottom: 12px;\">1 NIJ nivel IIIA 9mm FMJ y Magnum 44 SJHP<br \/>\n2. Hecho de UHMW-PE para una protecci\u00f3n ligera<br \/>\n3. Resistente al agua, los rayos UV, la corrosi\u00f3n y las goteos<br \/>\n4. Sistema de almohadilla Interior para una comodidad excepcional y m\u00e1xima reducci\u00f3n de ruido<\/p>\n<\/div>\n<div>\n<p style=\"font-family: OpenSans; font-size: 20px; font-weight: 900; line-height: 28px; margin-bottom: 12px;\">Defensa de nivel<\/p>\n<p style=\"font-family: OpenSans; font-size: 14px; font-weight: 300; line-height: 20px; margin-bottom: 12px;\">Este casco a prueba de balas puede proporcionar una protecci\u00f3n del nivel IIIA de acuerdo con el est\u00e1ndar NIJ-0101,06<br \/>\n9mm FMJ RN 1400 Fps (428 m\/s)<br \/>\n357 SIG FMJ FN 1470 Fps (448 m\/s)<br \/>\n44 Mag SJHP 1430 Fps (436 m\/s)<\/p>\n<\/div>\n<div>\n<p style=\"font-family: OpenSans; font-size: 20px; font-weight: 900; line-height: 28px; margin-bottom: 12px;\">Nuestros certificados<\/p>\n<p style=\"font-family: OpenSans; font-size: 14px; font-weight: 300; line-height: 20px; margin-bottom: 12px;\">Hasta ahora, nuestros productos han sido probados en HP White, NTS, filigra-rdc, China-Red Flag y otros famosos Laboratorios Bal\u00edsticos y han pasado la prueba. Todos nuestros productos a prueba de balas organizar\u00e1n pruebas estrictas a prueba de balas. Si desea consultar el informe de prueba correspondiente, p\u00f3ngase en contacto con nuestro servicio de atenci\u00f3n al cliente.<br \/>\nEn la actualidad, nuestra serie de productos de protecci\u00f3n personal ha pasado el est\u00e1ndar de sistema de gesti\u00f3n de calidad del producto ISO9001: 2015. Puede estar seguro de comprar y ofrecemos un servicio posventa de calidad.<\/p>\n<\/div>\n<div>\n<p style=\"font-family: OpenSans; font-size: 20px; font-weight: 900; line-height: 28px; margin-bottom: 12px;\">Podemos proporcionar productos bal\u00edsticos personalizados para mayoristas y empresas, cont\u00e1ctenos: info@aholdtech.com, www.aholdtech.com<\/p>\n<\/div>\n<div><img decoding=\"async\" title=\"AHOLDTECH-casco ligero NIJ IIIA 3A MICH MS02, c\u00e1mara de corte bajo, ajuste Dial EPIC Liner, a prueba de balas, casco bal\u00edstico para polic\u00eda del ej\u00e9rcito\" src=\"https:\/\/bodegaoutdoor.cl\/store\/wp-content\/uploads\/2021\/08\/47299-s8oyey-scaled.jpg\" alt=\"AHOLDTECH-casco ligero NIJ IIIA 3A MICH MS02, c\u00e1mara de corte bajo, ajuste Dial EPIC Liner, a prueba de balas, casco bal\u00edstico para polic\u00eda del ej\u00e9rcito\" \/><\/div>\n<div><img decoding=\"async\" title=\"AHOLDTECH-casco ligero NIJ IIIA 3A MICH MS02, c\u00e1mara de corte bajo, ajuste Dial EPIC Liner, a prueba de balas, casco bal\u00edstico para polic\u00eda del ej\u00e9rcito\" src=\"https:\/\/bodegaoutdoor.cl\/store\/wp-content\/uploads\/2021\/08\/47299-lmro4c-scaled.jpg\" alt=\"AHOLDTECH-casco ligero NIJ IIIA 3A MICH MS02, c\u00e1mara de corte bajo, ajuste Dial EPIC Liner, a prueba de balas, casco bal\u00edstico para polic\u00eda del ej\u00e9rcito\" \/><img decoding=\"async\" title=\"AHOLDTECH-casco ligero NIJ IIIA 3A MICH MS02, c\u00e1mara de corte bajo, ajuste Dial EPIC Liner, a prueba de balas, casco bal\u00edstico para polic\u00eda del ej\u00e9rcito\" src=\"https:\/\/bodegaoutdoor.cl\/store\/wp-content\/uploads\/2021\/08\/47299-bxp9hi.jpg\" alt=\"AHOLDTECH-casco ligero NIJ IIIA 3A MICH MS02, c\u00e1mara de corte bajo, ajuste Dial EPIC Liner, a prueba de balas, casco bal\u00edstico para polic\u00eda del ej\u00e9rcito\" \/><img decoding=\"async\" title=\"AHOLDTECH-casco ligero NIJ IIIA 3A MICH MS02, c\u00e1mara de corte bajo, ajuste Dial EPIC Liner, a prueba de balas, casco bal\u00edstico para polic\u00eda del ej\u00e9rcito\" src=\"https:\/\/bodegaoutdoor.cl\/store\/wp-content\/uploads\/2021\/08\/47299-1u97ew.jpg\" alt=\"AHOLDTECH-casco ligero NIJ IIIA 3A MICH MS02, c\u00e1mara de corte bajo, ajuste Dial EPIC Liner, a prueba de balas, casco bal\u00edstico para polic\u00eda del ej\u00e9rcito\" \/><img decoding=\"async\" title=\"AHOLDTECH-casco ligero NIJ IIIA 3A MICH MS02, c\u00e1mara de corte bajo, ajuste Dial EPIC Liner, a prueba de balas, casco bal\u00edstico para polic\u00eda del ej\u00e9rcito\" src=\"https:\/\/bodegaoutdoor.cl\/store\/wp-content\/uploads\/2021\/08\/47299-kbumhy.jpg\" alt=\"AHOLDTECH-casco ligero NIJ IIIA 3A MICH MS02, c\u00e1mara de corte bajo, ajuste Dial EPIC Liner, a prueba de balas, casco bal\u00edstico para polic\u00eda del ej\u00e9rcito\" \/><img decoding=\"async\" title=\"AHOLDTECH-casco ligero NIJ IIIA 3A MICH MS02, c\u00e1mara de corte bajo, ajuste Dial EPIC Liner, a prueba de balas, casco bal\u00edstico para polic\u00eda del ej\u00e9rcito\" src=\"https:\/\/bodegaoutdoor.cl\/store\/wp-content\/uploads\/2021\/08\/47299-f2s2y1.jpg\" alt=\"AHOLDTECH-casco ligero NIJ IIIA 3A MICH MS02, c\u00e1mara de corte bajo, ajuste Dial EPIC Liner, a prueba de balas, casco bal\u00edstico para polic\u00eda del ej\u00e9rcito\" \/><img decoding=\"async\" title=\"AHOLDTECH-casco ligero NIJ IIIA 3A MICH MS02, c\u00e1mara de corte bajo, ajuste Dial EPIC Liner, a prueba de balas, casco bal\u00edstico para polic\u00eda del ej\u00e9rcito\" src=\"https:\/\/bodegaoutdoor.cl\/store\/wp-content\/uploads\/2021\/08\/47299-nibmuk.jpg\" alt=\"AHOLDTECH-casco ligero NIJ IIIA 3A MICH MS02, c\u00e1mara de corte bajo, ajuste Dial EPIC Liner, a prueba de balas, casco bal\u00edstico para polic\u00eda del ej\u00e9rcito\" \/><img decoding=\"async\" title=\"AHOLDTECH-casco ligero NIJ IIIA 3A MICH MS02, c\u00e1mara de corte bajo, ajuste Dial EPIC Liner, a prueba de balas, casco bal\u00edstico para polic\u00eda del ej\u00e9rcito\" src=\"https:\/\/bodegaoutdoor.cl\/store\/wp-content\/uploads\/2021\/08\/47299-inn3jd-scaled.jpg\" alt=\"AHOLDTECH-casco ligero NIJ IIIA 3A MICH MS02, c\u00e1mara de corte bajo, ajuste Dial EPIC Liner, a prueba de balas, casco bal\u00edstico para polic\u00eda del ej\u00e9rcito\" \/><img decoding=\"async\" title=\"AHOLDTECH-casco ligero NIJ IIIA 3A MICH MS02, c\u00e1mara de corte bajo, ajuste Dial EPIC Liner, a prueba de balas, casco bal\u00edstico para polic\u00eda del ej\u00e9rcito\" src=\"https:\/\/bodegaoutdoor.cl\/store\/wp-content\/uploads\/2021\/08\/47299-uou6ge.jpg\" alt=\"AHOLDTECH-casco ligero NIJ IIIA 3A MICH MS02, c\u00e1mara de corte bajo, ajuste Dial EPIC Liner, a prueba de balas, casco bal\u00edstico para polic\u00eda del ej\u00e9rcito\" \/><\/div>\n<div><img decoding=\"async\" style=\"margin-bottom: 10px;\" title=\"AHOLDTECH-casco ligero NIJ IIIA 3A MICH MS02, c\u00e1mara de corte bajo, ajuste Dial EPIC Liner, a prueba de balas, casco bal\u00edstico para polic\u00eda del ej\u00e9rcito\" src=\"https:\/\/bodegaoutdoor.cl\/store\/wp-content\/uploads\/2021\/08\/47299-x4nlja.jpg\" alt=\"AHOLDTECH-casco ligero NIJ IIIA 3A MICH MS02, c\u00e1mara de corte bajo, ajuste Dial EPIC Liner, a prueba de balas, casco bal\u00edstico para polic\u00eda del ej\u00e9rcito\" \/><img decoding=\"async\" style=\"margin-bottom: 10px;\" title=\"AHOLDTECH-casco ligero NIJ IIIA 3A MICH MS02, c\u00e1mara de corte bajo, ajuste Dial EPIC Liner, a prueba de balas, casco bal\u00edstico para polic\u00eda del ej\u00e9rcito\" src=\"https:\/\/bodegaoutdoor.cl\/store\/wp-content\/uploads\/2021\/08\/47299-2hqa2w.jpg\" alt=\"AHOLDTECH-casco ligero NIJ IIIA 3A MICH MS02, c\u00e1mara de corte bajo, ajuste Dial EPIC Liner, a prueba de balas, casco bal\u00edstico para polic\u00eda del ej\u00e9rcito\" \/><img decoding=\"async\" title=\"AHOLDTECH-casco ligero NIJ IIIA 3A MICH MS02, c\u00e1mara de corte bajo, ajuste Dial EPIC Liner, a prueba de balas, casco bal\u00edstico para polic\u00eda del ej\u00e9rcito\" src=\"https:\/\/bodegaoutdoor.cl\/store\/wp-content\/uploads\/2021\/08\/47299-ijizbu-scaled.jpg\" alt=\"AHOLDTECH-casco ligero NIJ IIIA 3A MICH MS02, c\u00e1mara de corte bajo, ajuste Dial EPIC Liner, a prueba de balas, casco bal\u00edstico para polic\u00eda del ej\u00e9rcito\" \/><\/div>\n<p>&nbsp;<\/p>\n<\/div>\n<\/div>\n\n    <div class=\"xs_social_share_widget xs_share_url after_content \t\tmain_content  wslu-style-1 wslu-share-box-shaped wslu-fill-colored wslu-none wslu-share-horizontal wslu-theme-font-no wslu-main_content\">\n\n\t\t\n        <ul>\n\t\t\t        <\/ul>\n    <\/div> \n","protected":false},"excerpt":{"rendered":"<p>Par\u00e1metros del producto Modelo: ATBH-M-S02 ESTILO: corte bajo\/MICH con sistema de uso mejorado Nivel: NIJ 0106,01 IIIA (seg\u00fan NIJ 0106,01 y NIJ 0108,01). Material: UHMWPE o aramida Tama\u00f1o: Grande, se adapta a la circunferencia de la cabeza de 57-60cm Peso: &lt;1,45Kg\/3.19lb (fabricado por UHMWPE). Retenci\u00f3n: sistema de ajuste mec\u00e1nico tipo Dial de 360 grados compuesto [&hellip;]<\/p>\n","protected":false},"featured_media":47303,"comment_status":"open","ping_status":"closed","template":"","meta":{"jetpack_publicize_message":"","jetpack_publicize_feature_enabled":true,"jetpack_social_post_already_shared":true,"jetpack_social_options":{"image_generator_settings":{"template":"highway","enabled":false},"version":2}},"product_brand":[],"product_cat":[1978],"product_tag":[2741,2031,1286,1448,2742,2044],"class_list":{"0":"post-47299","1":"product","2":"type-product","3":"status-publish","4":"has-post-thumbnail","6":"product_cat-cascos","7":"product_tag-antibalas","8":"product_tag-casco","9":"product_tag-ejercito","10":"product_tag-policia","11":"product_tag-policial","12":"product_tag-tactico","14":"first","15":"instock","16":"taxable","17":"shipping-taxable","18":"purchasable","19":"product-type-variable"},"jetpack_publicize_connections":[],"jetpack_sharing_enabled":true,"_links":{"self":[{"href":"https:\/\/bodegaoutdoor.cl\/store\/wp-json\/wp\/v2\/product\/47299","targetHints":{"allow":["GET"]}}],"collection":[{"href":"https:\/\/bodegaoutdoor.cl\/store\/wp-json\/wp\/v2\/product"}],"about":[{"href":"https:\/\/bodegaoutdoor.cl\/store\/wp-json\/wp\/v2\/types\/product"}],"replies":[{"embeddable":true,"href":"https:\/\/bodegaoutdoor.cl\/store\/wp-json\/wp\/v2\/comments?post=47299"}],"version-history":[{"count":1,"href":"https:\/\/bodegaoutdoor.cl\/store\/wp-json\/wp\/v2\/product\/47299\/revisions"}],"predecessor-version":[{"id":70999,"href":"https:\/\/bodegaoutdoor.cl\/store\/wp-json\/wp\/v2\/product\/47299\/revisions\/70999"}],"wp:featuredmedia":[{"embeddable":true,"href":"https:\/\/bodegaoutdoor.cl\/store\/wp-json\/wp\/v2\/media\/47303"}],"wp:attachment":[{"href":"https:\/\/bodegaoutdoor.cl\/store\/wp-json\/wp\/v2\/media?parent=47299"}],"wp:term":[{"taxonomy":"product_brand","embeddable":true,"href":"https:\/\/bodegaoutdoor.cl\/store\/wp-json\/wp\/v2\/product_brand?post=47299"},{"taxonomy":"product_cat","embeddable":true,"href":"https:\/\/bodegaoutdoor.cl\/store\/wp-json\/wp\/v2\/product_cat?post=47299"},{"taxonomy":"product_tag","embeddable":true,"href":"https:\/\/bodegaoutdoor.cl\/store\/wp-json\/wp\/v2\/product_tag?post=47299"}],"curies":[{"name":"wp","href":"https:\/\/api.w.org\/{rel}","templated":true}]}}