{"id":47633,"date":"2021-09-01T12:51:47","date_gmt":"2021-09-01T16:51:47","guid":{"rendered":"https:\/\/bodegaoutdoor.cl\/store\/product\/camiseta-de-manga-larga-de-ciclismo-para-hombre-jersey-de-manga-larga-con-rayas-azules-para-ciclismo-de-montana-y-motocross-secado-rapido-2021\/"},"modified":"2023-05-04T19:18:55","modified_gmt":"2023-05-04T23:18:55","slug":"camiseta-de-manga-larga-de-ciclismo-para-hombre-jersey-de-manga-larga-con-rayas-azules-para-ciclismo-de-montana-y-motocross-secado-rapido-2021","status":"publish","type":"product","link":"https:\/\/bodegaoutdoor.cl\/store\/product\/camiseta-de-manga-larga-de-ciclismo-para-hombre-jersey-de-manga-larga-con-rayas-azules-para-ciclismo-de-montana-y-motocross-secado-rapido-2021\/","title":{"rendered":"Camiseta de manga larga de ciclismo para hombre, Jersey de manga larga con rayas azules para ciclismo de monta\u00f1a y Motocross, secado r\u00e1pido"},"content":{"rendered":"<p style=\"margin-top: 5.0000pt; margin-bottom: 5.0000pt; margin-left: 18.0000pt;\"><span style=\"font-size: 10.5000pt;\"><span style=\"font-family: Calibri;\">Deporte tipo: ciclismo:<\/span><\/span><\/p>\n<p style=\"margin-top: 5.0000pt; margin-bottom: 5.0000pt; margin-left: 18.0000pt;\"><span style=\"font-size: 10.5000pt;\"><span style=\"font-family: Calibri;\">Temporada: primavera, verano, oto\u00f1o<\/span><\/span><\/p>\n<p style=\"margin-top: 5.0000pt; margin-bottom: 5.0000pt; margin-left: 18.0000pt;\"><span style=\"font-size: 10.5000pt;\"><span style=\"font-family: Calibri;\">Tipo de tela: Jersey<\/span><\/span><\/p>\n<p style=\"margin-top: 5.0000pt; margin-bottom: 5.0000pt; margin-left: 18.0000pt;\"><span style=\"font-size: 10.5000pt;\"><span style=\"font-family: Calibri;\">Longitud de la cremallera:<\/span><\/span><span style=\"font-size: 10.5000pt;\">No de la cremallera<\/span><\/p>\n<p style=\"margin-top: 5.0000pt; margin-bottom: 5.0000pt; margin-left: 18.0000pt;\"><span style=\"font-size: 10.5000pt;\"><span style=\"font-family: Calibri;\">Ajuste: se adapta a la talla, tome su talla normal<\/span><\/span><\/p>\n<p style=\"margin-top: 5.0000pt; margin-bottom: 5.0000pt; margin-left: 18.0000pt;\"><span style=\"font-size: 10.5000pt;\"><span style=\"font-family: Calibri;\">G\u00e9nero: hombres<\/span><\/span><\/p>\n<p style=\"margin-top: 5.0000pt; margin-bottom: 5.0000pt; margin-left: 18.0000pt;\"><span style=\"font-size: 10.5000pt;\"><span style=\"font-family: Calibri;\">Caracter\u00edsticas: transpirable, antisudor, secado r\u00e1pido<\/span><\/span><\/p>\n<p style=\"margin-top: 5.0000pt; margin-bottom: 5.0000pt; margin-left: 18.0000pt;\"><span style=\"font-size: 10.5000pt;\"><span style=\"font-family: Calibri;\">Material: Material de poli\u00e9ster<\/span><\/span><\/p>\n<p style=\"margin-top: 5.0000pt; margin-bottom: 5.0000pt; margin-left: 18.0000pt;\"><span style=\"font-size: 10.5000pt;\"><span style=\"font-family: Calibri;\">Longitud de la manga (cm):<\/span><\/span><span style=\"font-size: 10.5000pt;\">Mucho tiempo<\/span><\/p>\n<p style=\"margin-top: 5.0000pt; margin-bottom: 5.0000pt; margin-left: 18.0000pt;\"><span style=\"font-size: 10.5000pt;\"><span style=\"font-family: Calibri;\">Tama\u00f1o:<\/span><\/span><span style=\"font-size: 10.5000pt;\">XS<\/span><span style=\"font-size: 10.5000pt;\"><span style=\"font-family: Calibri;\">S, M, L, XL, 2XL 3XL<\/span><\/span><span style=\"font-size: 10.5000pt;\">4XL<br \/>\n<img decoding=\"async\" title=\"Camiseta de manga larga de ciclismo para hombre, Jersey de manga larga con rayas azules para ciclismo de monta\u00f1a y Motocross, secado r\u00e1pido, 2021\" src=\"https:\/\/bodegaoutdoor.cl\/store\/wp-content\/uploads\/2021\/09\/47633-cys1br.jpg\" alt=\"Camiseta de manga larga de ciclismo para hombre, Jersey de manga larga con rayas azules para ciclismo de monta\u00f1a y Motocross, secado r\u00e1pido, 2021\" \/><img decoding=\"async\" title=\"Camiseta de manga larga de ciclismo para hombre, Jersey de manga larga con rayas azules para ciclismo de monta\u00f1a y Motocross, secado r\u00e1pido, 2021\" src=\"https:\/\/bodegaoutdoor.cl\/store\/wp-content\/uploads\/2021\/09\/47633-bmnpqn.jpg\" alt=\"Camiseta de manga larga de ciclismo para hombre, Jersey de manga larga con rayas azules para ciclismo de monta\u00f1a y Motocross, secado r\u00e1pido, 2021\" \/><img decoding=\"async\" title=\"Camiseta de manga larga de ciclismo para hombre, Jersey de manga larga con rayas azules para ciclismo de monta\u00f1a y Motocross, secado r\u00e1pido, 2021\" src=\"https:\/\/bodegaoutdoor.cl\/store\/wp-content\/uploads\/2021\/09\/47633-lwxlo4.jpg\" alt=\"Camiseta de manga larga de ciclismo para hombre, Jersey de manga larga con rayas azules para ciclismo de monta\u00f1a y Motocross, secado r\u00e1pido, 2021\" \/><img decoding=\"async\" title=\"Camiseta de manga larga de ciclismo para hombre, Jersey de manga larga con rayas azules para ciclismo de monta\u00f1a y Motocross, secado r\u00e1pido, 2021\" src=\"https:\/\/bodegaoutdoor.cl\/store\/wp-content\/uploads\/2021\/09\/47633-emiaaa.jpg\" alt=\"Camiseta de manga larga de ciclismo para hombre, Jersey de manga larga con rayas azules para ciclismo de monta\u00f1a y Motocross, secado r\u00e1pido, 2021\" \/><img decoding=\"async\" title=\"Camiseta de manga larga de ciclismo para hombre, Jersey de manga larga con rayas azules para ciclismo de monta\u00f1a y Motocross, secado r\u00e1pido, 2021\" src=\"https:\/\/bodegaoutdoor.cl\/store\/wp-content\/uploads\/2021\/09\/47633-uurfyo.jpg\" alt=\"Camiseta de manga larga de ciclismo para hombre, Jersey de manga larga con rayas azules para ciclismo de monta\u00f1a y Motocross, secado r\u00e1pido, 2021\" \/><\/span><\/p>\n\n    <div class=\"xs_social_share_widget xs_share_url after_content \t\tmain_content  wslu-style-1 wslu-share-box-shaped wslu-fill-colored wslu-none wslu-share-horizontal wslu-theme-font-no wslu-main_content\">\n\n\t\t\n        <ul>\n\t\t\t        <\/ul>\n    <\/div> \n","protected":false},"excerpt":{"rendered":"<p>Deporte tipo: ciclismo: Temporada: primavera, verano, oto\u00f1o Tipo de tela: Jersey Longitud de la cremallera:No de la cremallera Ajuste: se adapta a la talla, tome su talla normal G\u00e9nero: hombres Caracter\u00edsticas: transpirable, antisudor, secado r\u00e1pido Material: Material de poli\u00e9ster Longitud de la manga (cm):Mucho tiempo Tama\u00f1o:XSS, M, L, XL, 2XL 3XL4XL<\/p>\n","protected":false},"featured_media":47658,"comment_status":"open","ping_status":"closed","template":"","meta":{"jetpack_publicize_message":"","jetpack_publicize_feature_enabled":true,"jetpack_social_post_already_shared":true,"jetpack_social_options":{"image_generator_settings":{"template":"highway","enabled":false},"version":2}},"product_brand":[],"product_cat":[1436],"product_tag":[1296,2797,1440,1456],"class_list":{"0":"post-47633","1":"product","2":"type-product","3":"status-publish","4":"has-post-thumbnail","6":"product_cat-poleras-camisas","7":"product_tag-ciclismo","8":"product_tag-motocross","9":"product_tag-polera","10":"product_tag-secado-rapido","12":"first","13":"instock","14":"taxable","15":"shipping-taxable","16":"purchasable","17":"product-type-variable"},"jetpack_publicize_connections":[],"jetpack_sharing_enabled":true,"_links":{"self":[{"href":"https:\/\/bodegaoutdoor.cl\/store\/wp-json\/wp\/v2\/product\/47633","targetHints":{"allow":["GET"]}}],"collection":[{"href":"https:\/\/bodegaoutdoor.cl\/store\/wp-json\/wp\/v2\/product"}],"about":[{"href":"https:\/\/bodegaoutdoor.cl\/store\/wp-json\/wp\/v2\/types\/product"}],"replies":[{"embeddable":true,"href":"https:\/\/bodegaoutdoor.cl\/store\/wp-json\/wp\/v2\/comments?post=47633"}],"version-history":[{"count":2,"href":"https:\/\/bodegaoutdoor.cl\/store\/wp-json\/wp\/v2\/product\/47633\/revisions"}],"predecessor-version":[{"id":70996,"href":"https:\/\/bodegaoutdoor.cl\/store\/wp-json\/wp\/v2\/product\/47633\/revisions\/70996"}],"wp:featuredmedia":[{"embeddable":true,"href":"https:\/\/bodegaoutdoor.cl\/store\/wp-json\/wp\/v2\/media\/47658"}],"wp:attachment":[{"href":"https:\/\/bodegaoutdoor.cl\/store\/wp-json\/wp\/v2\/media?parent=47633"}],"wp:term":[{"taxonomy":"product_brand","embeddable":true,"href":"https:\/\/bodegaoutdoor.cl\/store\/wp-json\/wp\/v2\/product_brand?post=47633"},{"taxonomy":"product_cat","embeddable":true,"href":"https:\/\/bodegaoutdoor.cl\/store\/wp-json\/wp\/v2\/product_cat?post=47633"},{"taxonomy":"product_tag","embeddable":true,"href":"https:\/\/bodegaoutdoor.cl\/store\/wp-json\/wp\/v2\/product_tag?post=47633"}],"curies":[{"name":"wp","href":"https:\/\/api.w.org\/{rel}","templated":true}]}}