{"id":47771,"date":"2021-09-01T13:38:07","date_gmt":"2021-09-01T17:38:07","guid":{"rendered":"https:\/\/bodegaoutdoor.cl\/store\/product\/herobiker-armadura-de-carroceria-de-motocicleta-chaleco-de-moto-de-motocross-protector-de-pecho-trasero-equipo-de-proteccion-para-bicicleta-todoterreno\/"},"modified":"2023-05-04T19:18:54","modified_gmt":"2023-05-04T23:18:54","slug":"herobiker-armadura-de-carroceria-de-motocicleta-chaleco-de-moto-de-motocross-protector-de-pecho-trasero-equipo-de-proteccion-para-bicicleta-todoterreno","status":"publish","type":"product","link":"https:\/\/bodegaoutdoor.cl\/store\/product\/herobiker-armadura-de-carroceria-de-motocicleta-chaleco-de-moto-de-motocross-protector-de-pecho-trasero-equipo-de-proteccion-para-bicicleta-todoterreno\/","title":{"rendered":"Chaleco de Moto de Motocross, de pecho y trasero, equipo de protecci\u00f3n"},"content":{"rendered":"<p style=\"text-align: center;\"><video style=\"max-width: 100%;\" src=\"\/\/cloud.video.taobao.com\/play\/u\/2606490458\/p\/1\/e\/6\/t\/10301\/319682582420.mp4\" poster=\"https:\/\/ae01.alicdn.com\/kf\/H446eabdbe32f4ebdba457e045c6a6493u\/HEROBIKER-armadura-de-carrocer-a-de-motocicleta-Chaleco-de-Moto-de-Motocross-Protector-de-pecho-trasero.jpg,https:\/\/ae01.alicdn.com\/kf\/H17d494fc0b3947a78fb272147d730556H\/HEROBIKER-armadura-de-carrocer-a-de-motocicleta-Chaleco-de-Moto-de-Motocross-Protector-de-pecho-trasero.jpg,https:\/\/ae01.alicdn.com\/kf\/He04e75c3d2234ef4934c2025739de407Z\/HEROBIKER-armadura-de-carrocer-a-de-motocicleta-Chaleco-de-Moto-de-Motocross-Protector-de-pecho-trasero.jpg,https:\/\/ae01.alicdn.com\/kf\/H80c8f888d628428a93adcbf445d64065R\/HEROBIKER-armadura-de-carrocer-a-de-motocicleta-Chaleco-de-Moto-de-Motocross-Protector-de-pecho-trasero.jpg,https:\/\/ae01.alicdn.com\/kf\/H0eb755ea34cd43d5bded24b0f9885760T\/HEROBIKER-armadura-de-carrocer-a-de-motocicleta-Chaleco-de-Moto-de-Motocross-Protector-de-pecho-trasero.jpg,https:\/\/ae01.alicdn.com\/kf\/H68467bf550fb4e999207dba3fe074581P\/HEROBIKER-armadura-de-carrocer-a-de-motocicleta-Chaleco-de-Moto-de-Motocross-Protector-de-pecho-trasero.jpg\" preload=\"auto\" controls=\"controls\" width=\"100%\" height=\"100%\"><\/video><\/p>\n<div>\n<div>\n<div>\n<div>\n<div>\n<div>\n<div>\n<div>\n<div>\n<div>\n<div>\n<div>\n<div>\n<div>\n<p><span style=\"font-size: 14.0px; color: #ff0000;\"><span style=\"font-size: 14.0px; font-family: arial; color: #000000;\">\u00a0<\/span><\/span><\/p>\n<\/div>\n<\/div>\n<div><\/div>\n<\/div>\n<div><\/div>\n<\/div>\n<div><\/div>\n<\/div>\n<div><\/div>\n<\/div>\n<div><\/div>\n<\/div>\n<div><\/div>\n<\/div>\n<div><\/div>\n<div>\n<div>\n<div>\n<div>\n<div>\n<div>\n<div>\n<div>\n<div>\n<div>\n<div>\n<div>\n<div>\n<div>\n<p><span style=\"font-size: 14.0px; color: #ff0000;\"><span style=\"font-size: 14.0px; font-family: arial; color: #000000;\"><strong>Caracter\u00edsticas:<\/strong><\/span><br \/>\n<span style=\"font-size: 14.0px; font-family: arial; color: #000000;\">Material especial, anticolisi\u00f3n, antica\u00edda, antipresi\u00f3n, flexible y resistente.<\/span><br \/>\n<span style=\"font-size: 14.0px; font-family: arial; color: #000000;\">Correa de cinta m\u00e1gica en el hombro, aj\u00fastala a la mejor posici\u00f3n seg\u00fan tu propio cuerpo.<\/span><br \/>\n<span style=\"font-size: 14.0px; font-family: arial; color: #000000;\">Hebilla ajustable, ajusta la tensi\u00f3n del dobladillo del protector del pecho, f\u00e1cil de llevar y quitar.<\/span><br \/>\n<span style=\"font-size: 14.0px; font-family: arial; color: #000000;\">Dise\u00f1o hueco transpirable, que le da un disfrute c\u00f3modo incluso en el verano caluroso.<\/span><br \/>\n<span style=\"font-size: 14.0px; font-family: arial; color: #000000;\">Dise\u00f1o de hombro antideslizante, dif\u00edcil de caer en la conducci\u00f3n.<\/span><br \/>\n<span style=\"font-size: 14.0px; font-family: arial; color: #000000;\">Hebilla de Metal, fija el protector; extra\u00edble y f\u00e1cil de limpiar.<\/span><br \/>\n<span style=\"font-size: 14.0px; font-family: arial; color: #000000;\">Material especial, anticolisi\u00f3n, antica\u00edda, antipresi\u00f3n, flexible y resistente.<\/span><\/span><\/p>\n<p><span style=\"font-size: 14.0px; color: #ff0000;\"><span style=\"font-size: 14.0px; font-family: arial; color: #000000;\"><strong>Especificaci\u00f3n:<\/strong><\/span><br \/>\n<span style=\"font-size: 14.0px; font-family: arial; color: #000000;\">Nombre: Armadura<\/span><br \/>\n<span style=\"font-size: 14.0px; font-family: arial; color: #000000;\">Marca: HEROBIKE<\/span><br \/>\n<span style=\"font-size: 14.0px; font-family: arial; color: #000000;\">Condici\u00f3n: nuevo<\/span><br \/>\n<span style=\"font-size: 14.0px; font-family: arial; color: #000000;\">G\u00e9nero: Unisex<\/span><br \/>\n<span style=\"font-size: 14.0px; font-family: arial; color: #000000;\">Material: 50% polipropileno, 25% polietileno, 17% poli\u00e9ster, 8% otro.<\/span><br \/>\n<span style=\"font-size: 14.0px; font-family: arial; color: #000000;\">Color: negro, blanco<\/span><br \/>\n<span style=\"font-size: 14.0px; font-family: arial; color: #000000;\">Talla: talla \u00fanica para todos (para adultos)<\/span><br \/>\n<span style=\"font-size: 14.0px; font-family: arial; color: #000000;\">Aplicaci\u00f3n: Motocross, equitaci\u00f3n, ciclismo, patinaje, scooter, escalada y muchas actividades al aire libre<\/span><br \/>\n<\/span><\/p>\n<p><span style=\"font-size: 14.0px; color: #ff0000;\"><span style=\"font-size: 14.0px; font-family: arial; color: #000000;\"><strong>El paquete incluye:<\/strong><\/span><br \/>\n<span style=\"font-size: 14.0px; font-family: arial; color: #000000;\">1 x de la motocicleta de la armadura<\/span><\/span><\/p>\n<p>&nbsp;<\/p>\n<p><img decoding=\"async\" title=\"HEROBIKER-armadura de carrocer\u00eda de motocicleta, Chaleco de Moto de Motocross, Protector de pecho trasero, equipo de protecci\u00f3n para bicicleta todoterreno\" src=\"https:\/\/bodegaoutdoor.cl\/store\/wp-content\/uploads\/2021\/09\/47771-5lhwh1.jpg\" alt=\"HEROBIKER-armadura de carrocer\u00eda de motocicleta, Chaleco de Moto de Motocross, Protector de pecho trasero, equipo de protecci\u00f3n para bicicleta todoterreno\" width=\"1000\" \/><\/p>\n<p>&nbsp;<\/p>\n<p>&nbsp;<\/p>\n<p><span style=\"font-size: 14.0px; color: #ff0000;\"><img decoding=\"async\" title=\"HEROBIKER-armadura de carrocer\u00eda de motocicleta, Chaleco de Moto de Motocross, Protector de pecho trasero, equipo de protecci\u00f3n para bicicleta todoterreno\" src=\"https:\/\/bodegaoutdoor.cl\/store\/wp-content\/uploads\/2021\/09\/47771-yuxnez.jpg\" alt=\"HEROBIKER-armadura de carrocer\u00eda de motocicleta, Chaleco de Moto de Motocross, Protector de pecho trasero, equipo de protecci\u00f3n para bicicleta todoterreno\" width=\"1000\" \/><\/span><\/p>\n<p><span style=\"font-size: 14.0px; color: #ff0000;\"><img decoding=\"async\" title=\"HEROBIKER-armadura de carrocer\u00eda de motocicleta, Chaleco de Moto de Motocross, Protector de pecho trasero, equipo de protecci\u00f3n para bicicleta todoterreno\" src=\"https:\/\/bodegaoutdoor.cl\/store\/wp-content\/uploads\/2021\/09\/47771-ymc0w3.jpg\" alt=\"HEROBIKER-armadura de carrocer\u00eda de motocicleta, Chaleco de Moto de Motocross, Protector de pecho trasero, equipo de protecci\u00f3n para bicicleta todoterreno\" width=\"1000\" \/><\/span><\/p>\n<p><span style=\"font-size: 14.0px; color: #ff0000;\"><img decoding=\"async\" title=\"HEROBIKER-armadura de carrocer\u00eda de motocicleta, Chaleco de Moto de Motocross, Protector de pecho trasero, equipo de protecci\u00f3n para bicicleta todoterreno\" src=\"https:\/\/bodegaoutdoor.cl\/store\/wp-content\/uploads\/2021\/09\/47771-p11xbg.jpg\" alt=\"HEROBIKER-armadura de carrocer\u00eda de motocicleta, Chaleco de Moto de Motocross, Protector de pecho trasero, equipo de protecci\u00f3n para bicicleta todoterreno\" width=\"1000\" \/><\/span><\/p>\n<p><span style=\"font-size: 14.0px; color: #ff0000;\"><img decoding=\"async\" title=\"HEROBIKER-armadura de carrocer\u00eda de motocicleta, Chaleco de Moto de Motocross, Protector de pecho trasero, equipo de protecci\u00f3n para bicicleta todoterreno\" src=\"https:\/\/bodegaoutdoor.cl\/store\/wp-content\/uploads\/2021\/09\/47771-urgjtu.jpg\" alt=\"HEROBIKER-armadura de carrocer\u00eda de motocicleta, Chaleco de Moto de Motocross, Protector de pecho trasero, equipo de protecci\u00f3n para bicicleta todoterreno\" width=\"1000\" \/><\/span><\/p>\n<p><span style=\"font-size: 14.0px; color: #ff0000;\"><img decoding=\"async\" title=\"HEROBIKER-armadura de carrocer\u00eda de motocicleta, Chaleco de Moto de Motocross, Protector de pecho trasero, equipo de protecci\u00f3n para bicicleta todoterreno\" src=\"https:\/\/bodegaoutdoor.cl\/store\/wp-content\/uploads\/2021\/09\/47771-uiqoxa.jpg\" alt=\"HEROBIKER-armadura de carrocer\u00eda de motocicleta, Chaleco de Moto de Motocross, Protector de pecho trasero, equipo de protecci\u00f3n para bicicleta todoterreno\" width=\"1000\" \/><\/span><\/p>\n<p><span style=\"font-size: 14.0px; color: #ff0000;\"><img decoding=\"async\" title=\"HEROBIKER-armadura de carrocer\u00eda de motocicleta, Chaleco de Moto de Motocross, Protector de pecho trasero, equipo de protecci\u00f3n para bicicleta todoterreno\" src=\"https:\/\/bodegaoutdoor.cl\/store\/wp-content\/uploads\/2021\/09\/47771-d04crr.jpg\" alt=\"HEROBIKER-armadura de carrocer\u00eda de motocicleta, Chaleco de Moto de Motocross, Protector de pecho trasero, equipo de protecci\u00f3n para bicicleta todoterreno\" width=\"1000\" \/><\/span><\/p>\n<p><span style=\"font-size: 14.0px; color: #ff0000;\"><img decoding=\"async\" title=\"HEROBIKER-armadura de carrocer\u00eda de motocicleta, Chaleco de Moto de Motocross, Protector de pecho trasero, equipo de protecci\u00f3n para bicicleta todoterreno\" src=\"https:\/\/bodegaoutdoor.cl\/store\/wp-content\/uploads\/2021\/09\/47771-bfnhmn.jpg\" alt=\"HEROBIKER-armadura de carrocer\u00eda de motocicleta, Chaleco de Moto de Motocross, Protector de pecho trasero, equipo de protecci\u00f3n para bicicleta todoterreno\" width=\"1000\" \/><\/span><\/p>\n<p><span style=\"font-size: 14.0px; color: #ff0000;\"><img decoding=\"async\" title=\"HEROBIKER-armadura de carrocer\u00eda de motocicleta, Chaleco de Moto de Motocross, Protector de pecho trasero, equipo de protecci\u00f3n para bicicleta todoterreno\" src=\"https:\/\/bodegaoutdoor.cl\/store\/wp-content\/uploads\/2021\/09\/47771-8ztdkn.jpg\" alt=\"HEROBIKER-armadura de carrocer\u00eda de motocicleta, Chaleco de Moto de Motocross, Protector de pecho trasero, equipo de protecci\u00f3n para bicicleta todoterreno\" width=\"1000\" \/><\/span><\/p>\n<p><span style=\"font-size: 14.0px; color: #ff0000;\"><img decoding=\"async\" title=\"HEROBIKER-armadura de carrocer\u00eda de motocicleta, Chaleco de Moto de Motocross, Protector de pecho trasero, equipo de protecci\u00f3n para bicicleta todoterreno\" src=\"https:\/\/bodegaoutdoor.cl\/store\/wp-content\/uploads\/2021\/09\/47771-r9tm8b.jpg\" alt=\"HEROBIKER-armadura de carrocer\u00eda de motocicleta, Chaleco de Moto de Motocross, Protector de pecho trasero, equipo de protecci\u00f3n para bicicleta todoterreno\" width=\"1000\" \/><\/span><\/p>\n<p><span style=\"font-size: 14.0px; color: #ff0000;\">\u00a0<\/span><\/p>\n<\/div>\n<\/div>\n<div><\/div>\n<\/div>\n<\/div>\n<div><\/div>\n<\/div>\n<\/div>\n<div><\/div>\n<\/div>\n<\/div>\n<div><\/div>\n<\/div>\n<\/div>\n<div><\/div>\n<\/div>\n<\/div>\n<div><\/div>\n<\/div>\n<\/div>\n<div><\/div>\n<div>\n<div><\/div>\n<div>\n<div><\/div>\n<div>\n<div><\/div>\n<div>\n<div><\/div>\n<div>\n<div><\/div>\n<div>\n<div><\/div>\n<div>\n<div><\/div>\n<\/div>\n<\/div>\n<\/div>\n<\/div>\n<\/div>\n<\/div>\n<\/div>\n<\/div>\n<\/div>\n<\/div>\n<\/div>\n<\/div>\n<\/div>\n\n    <div class=\"xs_social_share_widget xs_share_url after_content \t\tmain_content  wslu-style-1 wslu-share-box-shaped wslu-fill-colored wslu-none wslu-share-horizontal wslu-theme-font-no wslu-main_content\">\n\n\t\t\n        <ul>\n\t\t\t        <\/ul>\n    <\/div> \n","protected":false},"excerpt":{"rendered":"<p>\u00a0 Caracter\u00edsticas: Material especial, anticolisi\u00f3n, antica\u00edda, antipresi\u00f3n, flexible y resistente. Correa de cinta m\u00e1gica en el hombro, aj\u00fastala a la mejor posici\u00f3n seg\u00fan tu propio cuerpo. Hebilla ajustable, ajusta la tensi\u00f3n del dobladillo del protector del pecho, f\u00e1cil de llevar y quitar. Dise\u00f1o hueco transpirable, que le da un disfrute c\u00f3modo incluso en el verano [&hellip;]<\/p>\n","protected":false},"featured_media":47779,"comment_status":"open","ping_status":"closed","template":"","meta":{"jetpack_publicize_message":"","jetpack_publicize_feature_enabled":true,"jetpack_social_post_already_shared":true,"jetpack_social_options":{"image_generator_settings":{"template":"highway","enabled":false},"version":2}},"product_brand":[],"product_cat":[1159],"product_tag":[],"class_list":{"0":"post-47771","1":"product","2":"type-product","3":"status-publish","4":"has-post-thumbnail","6":"product_cat-protecciones","8":"first","9":"instock","10":"taxable","11":"shipping-taxable","12":"purchasable","13":"product-type-variable"},"jetpack_publicize_connections":[],"jetpack_sharing_enabled":true,"_links":{"self":[{"href":"https:\/\/bodegaoutdoor.cl\/store\/wp-json\/wp\/v2\/product\/47771","targetHints":{"allow":["GET"]}}],"collection":[{"href":"https:\/\/bodegaoutdoor.cl\/store\/wp-json\/wp\/v2\/product"}],"about":[{"href":"https:\/\/bodegaoutdoor.cl\/store\/wp-json\/wp\/v2\/types\/product"}],"replies":[{"embeddable":true,"href":"https:\/\/bodegaoutdoor.cl\/store\/wp-json\/wp\/v2\/comments?post=47771"}],"version-history":[{"count":2,"href":"https:\/\/bodegaoutdoor.cl\/store\/wp-json\/wp\/v2\/product\/47771\/revisions"}],"predecessor-version":[{"id":70994,"href":"https:\/\/bodegaoutdoor.cl\/store\/wp-json\/wp\/v2\/product\/47771\/revisions\/70994"}],"wp:featuredmedia":[{"embeddable":true,"href":"https:\/\/bodegaoutdoor.cl\/store\/wp-json\/wp\/v2\/media\/47779"}],"wp:attachment":[{"href":"https:\/\/bodegaoutdoor.cl\/store\/wp-json\/wp\/v2\/media?parent=47771"}],"wp:term":[{"taxonomy":"product_brand","embeddable":true,"href":"https:\/\/bodegaoutdoor.cl\/store\/wp-json\/wp\/v2\/product_brand?post=47771"},{"taxonomy":"product_cat","embeddable":true,"href":"https:\/\/bodegaoutdoor.cl\/store\/wp-json\/wp\/v2\/product_cat?post=47771"},{"taxonomy":"product_tag","embeddable":true,"href":"https:\/\/bodegaoutdoor.cl\/store\/wp-json\/wp\/v2\/product_tag?post=47771"}],"curies":[{"name":"wp","href":"https:\/\/api.w.org\/{rel}","templated":true}]}}