{"id":47822,"date":"2021-09-01T16:05:26","date_gmt":"2021-09-01T20:05:26","guid":{"rendered":"https:\/\/bodegaoutdoor.cl\/store\/product\/calcetines-deportivos-profesionales-para-hombre-y-mujer-medias-transpirables-para-escalada-senderismo-caminar-y-correr\/"},"modified":"2023-05-04T19:18:54","modified_gmt":"2023-05-04T23:18:54","slug":"calcetines-deportivos-profesionales-para-hombre-y-mujer-medias-transpirables-para-escalada-senderismo-caminar-y-correr","status":"publish","type":"product","link":"https:\/\/bodegaoutdoor.cl\/store\/product\/calcetines-deportivos-profesionales-para-hombre-y-mujer-medias-transpirables-para-escalada-senderismo-caminar-y-correr\/","title":{"rendered":"Calcetines deportivos profesionales para hombre y mujer, medias transpirables para escalada, senderismo deportes"},"content":{"rendered":"<div>\n<div>\n<div>\n<div style=\"overflow: hidden; height: 0px;\">Modname = ckeditor<\/div>\n<div>\n<p><span style=\"font-size: 16px;\">Tama\u00f1o: 40-45<br \/>\nMaterial: Coolmax\/Nylon<br \/>\nApto para todos los deportes<br \/>\nSecado r\u00e1pido y buena calidad,<br \/>\nSi el art\u00edculo tiene problemas despu\u00e9s de recibirlo, por favor p\u00f3ngase en contacto conmigo a tiempo, har\u00e9 todo lo posible para resolverlo por Usted<\/span><\/p>\n<p><img decoding=\"async\" title=\"Calcetines deportivos profesionales para hombre y mujer, medias transpirables para escalada, senderismo, caminar y correr\" src=\"https:\/\/bodegaoutdoor.cl\/store\/wp-content\/uploads\/2021\/09\/47822-ofgzju.jpg\" alt=\"Calcetines deportivos profesionales para hombre y mujer, medias transpirables para escalada, senderismo, caminar y correr\" \/><img decoding=\"async\" title=\"Calcetines deportivos profesionales para hombre y mujer, medias transpirables para escalada, senderismo, caminar y correr\" src=\"https:\/\/bodegaoutdoor.cl\/store\/wp-content\/uploads\/2021\/09\/47822-idp0i9.jpg\" alt=\"Calcetines deportivos profesionales para hombre y mujer, medias transpirables para escalada, senderismo, caminar y correr\" \/><img decoding=\"async\" title=\"Calcetines deportivos profesionales para hombre y mujer, medias transpirables para escalada, senderismo, caminar y correr\" src=\"https:\/\/bodegaoutdoor.cl\/store\/wp-content\/uploads\/2021\/09\/47822-sehpzh.jpg\" alt=\"Calcetines deportivos profesionales para hombre y mujer, medias transpirables para escalada, senderismo, caminar y correr\" \/><img decoding=\"async\" title=\"Calcetines deportivos profesionales para hombre y mujer, medias transpirables para escalada, senderismo, caminar y correr\" src=\"https:\/\/bodegaoutdoor.cl\/store\/wp-content\/uploads\/2021\/09\/47822-sibqop.jpg\" alt=\"Calcetines deportivos profesionales para hombre y mujer, medias transpirables para escalada, senderismo, caminar y correr\" \/><img decoding=\"async\" title=\"Calcetines deportivos profesionales para hombre y mujer, medias transpirables para escalada, senderismo, caminar y correr\" src=\"https:\/\/bodegaoutdoor.cl\/store\/wp-content\/uploads\/2021\/09\/47822-hqavyi.jpg\" alt=\"Calcetines deportivos profesionales para hombre y mujer, medias transpirables para escalada, senderismo, caminar y correr\" \/><img decoding=\"async\" title=\"Calcetines deportivos profesionales para hombre y mujer, medias transpirables para escalada, senderismo, caminar y correr\" src=\"https:\/\/bodegaoutdoor.cl\/store\/wp-content\/uploads\/2021\/09\/47822-hcylfi.jpg\" alt=\"Calcetines deportivos profesionales para hombre y mujer, medias transpirables para escalada, senderismo, caminar y correr\" \/><img decoding=\"async\" title=\"Calcetines deportivos profesionales para hombre y mujer, medias transpirables para escalada, senderismo, caminar y correr\" src=\"https:\/\/bodegaoutdoor.cl\/store\/wp-content\/uploads\/2021\/09\/47822-tfjhqd.jpg\" alt=\"Calcetines deportivos profesionales para hombre y mujer, medias transpirables para escalada, senderismo, caminar y correr\" \/><img decoding=\"async\" title=\"Calcetines deportivos profesionales para hombre y mujer, medias transpirables para escalada, senderismo, caminar y correr\" src=\"https:\/\/bodegaoutdoor.cl\/store\/wp-content\/uploads\/2021\/09\/47822-yg5fjl.jpg\" alt=\"Calcetines deportivos profesionales para hombre y mujer, medias transpirables para escalada, senderismo, caminar y correr\" \/><img decoding=\"async\" title=\"Calcetines deportivos profesionales para hombre y mujer, medias transpirables para escalada, senderismo, caminar y correr\" src=\"https:\/\/bodegaoutdoor.cl\/store\/wp-content\/uploads\/2021\/09\/47822-gcveuk.jpg\" alt=\"Calcetines deportivos profesionales para hombre y mujer, medias transpirables para escalada, senderismo, caminar y correr\" \/><img decoding=\"async\" title=\"Calcetines deportivos profesionales para hombre y mujer, medias transpirables para escalada, senderismo, caminar y correr\" src=\"https:\/\/bodegaoutdoor.cl\/store\/wp-content\/uploads\/2021\/09\/47822-pyhvg5.jpg\" alt=\"Calcetines deportivos profesionales para hombre y mujer, medias transpirables para escalada, senderismo, caminar y correr\" \/><img decoding=\"async\" title=\"Calcetines deportivos profesionales para hombre y mujer, medias transpirables para escalada, senderismo, caminar y correr\" src=\"https:\/\/bodegaoutdoor.cl\/store\/wp-content\/uploads\/2021\/09\/47822-xlbjgq.jpg\" alt=\"Calcetines deportivos profesionales para hombre y mujer, medias transpirables para escalada, senderismo, caminar y correr\" \/><img decoding=\"async\" title=\"Calcetines deportivos profesionales para hombre y mujer, medias transpirables para escalada, senderismo, caminar y correr\" src=\"https:\/\/bodegaoutdoor.cl\/store\/wp-content\/uploads\/2021\/09\/47822-m15jzc.jpg\" alt=\"Calcetines deportivos profesionales para hombre y mujer, medias transpirables para escalada, senderismo, caminar y correr\" \/><\/p>\n<\/div>\n<\/div>\n<p>&nbsp;<\/p>\n<\/div>\n<\/div>\n\n    <div class=\"xs_social_share_widget xs_share_url after_content \t\tmain_content  wslu-style-1 wslu-share-box-shaped wslu-fill-colored wslu-none wslu-share-horizontal wslu-theme-font-no wslu-main_content\">\n\n\t\t\n        <ul>\n\t\t\t        <\/ul>\n    <\/div> \n","protected":false},"excerpt":{"rendered":"<p>Modname = ckeditor Tama\u00f1o: 40-45 Material: Coolmax\/Nylon Apto para todos los deportes Secado r\u00e1pido y buena calidad, Si el art\u00edculo tiene problemas despu\u00e9s de recibirlo, por favor p\u00f3ngase en contacto conmigo a tiempo, har\u00e9 todo lo posible para resolverlo por Usted &nbsp;<\/p>\n","protected":false},"featured_media":47847,"comment_status":"open","ping_status":"closed","template":"","meta":{"jetpack_publicize_message":"","jetpack_publicize_feature_enabled":true,"jetpack_social_post_already_shared":true,"jetpack_social_options":{"image_generator_settings":{"template":"highway","enabled":false},"version":2}},"product_brand":[],"product_cat":[897],"product_tag":[],"class_list":{"0":"post-47822","1":"product","2":"type-product","3":"status-publish","4":"has-post-thumbnail","6":"product_cat-calcetines","8":"first","9":"instock","10":"sale","11":"taxable","12":"shipping-taxable","13":"purchasable","14":"product-type-variable"},"jetpack_publicize_connections":[],"jetpack_sharing_enabled":true,"_links":{"self":[{"href":"https:\/\/bodegaoutdoor.cl\/store\/wp-json\/wp\/v2\/product\/47822","targetHints":{"allow":["GET"]}}],"collection":[{"href":"https:\/\/bodegaoutdoor.cl\/store\/wp-json\/wp\/v2\/product"}],"about":[{"href":"https:\/\/bodegaoutdoor.cl\/store\/wp-json\/wp\/v2\/types\/product"}],"replies":[{"embeddable":true,"href":"https:\/\/bodegaoutdoor.cl\/store\/wp-json\/wp\/v2\/comments?post=47822"}],"version-history":[{"count":2,"href":"https:\/\/bodegaoutdoor.cl\/store\/wp-json\/wp\/v2\/product\/47822\/revisions"}],"predecessor-version":[{"id":70993,"href":"https:\/\/bodegaoutdoor.cl\/store\/wp-json\/wp\/v2\/product\/47822\/revisions\/70993"}],"wp:featuredmedia":[{"embeddable":true,"href":"https:\/\/bodegaoutdoor.cl\/store\/wp-json\/wp\/v2\/media\/47847"}],"wp:attachment":[{"href":"https:\/\/bodegaoutdoor.cl\/store\/wp-json\/wp\/v2\/media?parent=47822"}],"wp:term":[{"taxonomy":"product_brand","embeddable":true,"href":"https:\/\/bodegaoutdoor.cl\/store\/wp-json\/wp\/v2\/product_brand?post=47822"},{"taxonomy":"product_cat","embeddable":true,"href":"https:\/\/bodegaoutdoor.cl\/store\/wp-json\/wp\/v2\/product_cat?post=47822"},{"taxonomy":"product_tag","embeddable":true,"href":"https:\/\/bodegaoutdoor.cl\/store\/wp-json\/wp\/v2\/product_tag?post=47822"}],"curies":[{"name":"wp","href":"https:\/\/api.w.org\/{rel}","templated":true}]}}