{"id":48035,"date":"2021-09-27T10:30:48","date_gmt":"2021-09-27T13:30:48","guid":{"rendered":"https:\/\/bodegaoutdoor.cl\/store\/product\/cycplus-ordenador-para-bicicleta-con-gps-velocimetro-inalambrico-accesorios-para-bicicleta-resistente-al-agua-odometro\/"},"modified":"2023-05-04T19:18:54","modified_gmt":"2023-05-04T23:18:54","slug":"cycplus-ordenador-para-bicicleta-con-gps-velocimetro-inalambrico-accesorios-para-bicicleta-resistente-al-agua-odometro","status":"publish","type":"product","link":"https:\/\/bodegaoutdoor.cl\/store\/product\/cycplus-ordenador-para-bicicleta-con-gps-velocimetro-inalambrico-accesorios-para-bicicleta-resistente-al-agua-odometro\/","title":{"rendered":"CYCPLUS-Computador para bicicleta con GPS, veloc\u00edmetro inal\u00e1mbrico, accesorios para bicicleta, resistente al agua, od\u00f3metro"},"content":{"rendered":"<div>\n<div>\n<p><span style=\"font-size: 20px; font-family: OpenSans;\">\u00a1! Nota: Este dispositivo GPS no tiene la aplicaci\u00f3n y no admite ninguna conexi\u00f3n adicional de dispositivo, como el sensor de cadencia y frecuencia card\u00edaca.<\/span><\/p>\n<p>&nbsp;<\/p>\n<p>CYCPLUS Ordenador de bicicleta GPS veloc\u00edmetro inal\u00e1mbrico accesorios de bicicleta impermeable ciclismo Ciclocomputador od\u00f3metro<\/p>\n<p>&nbsp;<\/p>\n<p><span style=\"font-size: 14px; font-family: OpenSans;\">Tama\u00f1o del producto: 55*55*22mm<\/span><br \/>\n<span style=\"font-size: 14px; font-family: OpenSans;\">Peso del producto: 52g<\/span><br \/>\n<span style=\"font-size: 14px; font-family: OpenSans;\">Bater\u00eda: 600mAh<\/span><br \/>\n<span style=\"font-size: 14px; font-family: OpenSans;\">Modo de carga: Micro USB<\/span><br \/>\n<span style=\"font-size: 14px; font-family: OpenSans;\">Duraci\u00f3n de la bater\u00eda: 20 horas<\/span><br \/>\n<span style=\"font-size: 14px; font-family: OpenSans;\">Tiempo de carga: 2 horas<\/span><br \/>\n<span style=\"font-size: 14px; font-family: OpenSans;\">Resistente al agua: IPX6<\/span><\/p>\n<p><span style=\"font-size: 14px; font-family: OpenSans;\">1. Este cron\u00f3metro inal\u00e1mbrico admite la medici\u00f3n de velocidad en tiempo real por GPS y muestra la velocidad, datos m\u00e1x. o promedio.<\/span><br \/>\n<span style=\"font-size: 14px; font-family: OpenSans;\">2. Muestra el tiempo de conducci\u00f3n, la distancia de conducci\u00f3n, el tiempo total de conducci\u00f3n, el kilometraje total de conducci\u00f3n, el reloj y la altitud actual.<\/span><br \/>\n<span style=\"font-size: 14px; font-family: OpenSans;\">3. Admite configurar ODO, reloj, unidad y reinicio.<\/span><br \/>\n<span style=\"font-size: 14px; font-family: OpenSans;\">4. Ser\u00e1 el modo de suspensi\u00f3n si no hay ninguna operaci\u00f3n dentro de 10 minutos, y el arranque de nuevo guardar\u00e1 estos datos de conducci\u00f3n.<\/span><\/p>\n<p>&nbsp;<\/p>\n<p><img decoding=\"async\" title=\"CYCPLUS-ordenador para bicicleta con GPS, veloc\u00edmetro inal\u00e1mbrico, accesorios para bicicleta, resistente al agua, od\u00f3metro\" src=\"https:\/\/bodegaoutdoor.cl\/store\/wp-content\/uploads\/2021\/09\/48035-kemtih.jpg\" alt=\"CYCPLUS-ordenador para bicicleta con GPS, veloc\u00edmetro inal\u00e1mbrico, accesorios para bicicleta, resistente al agua, od\u00f3metro\" \/><img decoding=\"async\" title=\"CYCPLUS-ordenador para bicicleta con GPS, veloc\u00edmetro inal\u00e1mbrico, accesorios para bicicleta, resistente al agua, od\u00f3metro\" src=\"https:\/\/bodegaoutdoor.cl\/store\/wp-content\/uploads\/2021\/09\/48035-davgfi.jpg\" alt=\"CYCPLUS-ordenador para bicicleta con GPS, veloc\u00edmetro inal\u00e1mbrico, accesorios para bicicleta, resistente al agua, od\u00f3metro\" \/><\/p>\n<p><img decoding=\"async\" title=\"CYCPLUS-ordenador para bicicleta con GPS, veloc\u00edmetro inal\u00e1mbrico, accesorios para bicicleta, resistente al agua, od\u00f3metro\" src=\"https:\/\/bodegaoutdoor.cl\/store\/wp-content\/uploads\/2021\/09\/48035-ygaech.jpg\" alt=\"CYCPLUS-ordenador para bicicleta con GPS, veloc\u00edmetro inal\u00e1mbrico, accesorios para bicicleta, resistente al agua, od\u00f3metro\" \/><img decoding=\"async\" title=\"CYCPLUS-ordenador para bicicleta con GPS, veloc\u00edmetro inal\u00e1mbrico, accesorios para bicicleta, resistente al agua, od\u00f3metro\" src=\"https:\/\/bodegaoutdoor.cl\/store\/wp-content\/uploads\/2021\/09\/48035-4wfh1l.jpg\" alt=\"CYCPLUS-ordenador para bicicleta con GPS, veloc\u00edmetro inal\u00e1mbrico, accesorios para bicicleta, resistente al agua, od\u00f3metro\" \/><\/p>\n<\/div>\n<\/div>\n\n    <div class=\"xs_social_share_widget xs_share_url after_content \t\tmain_content  wslu-style-1 wslu-share-box-shaped wslu-fill-colored wslu-none wslu-share-horizontal wslu-theme-font-no wslu-main_content\">\n\n\t\t\n        <ul>\n\t\t\t        <\/ul>\n    <\/div> \n","protected":false},"excerpt":{"rendered":"<p>\u00a1! Nota: Este dispositivo GPS no tiene la aplicaci\u00f3n y no admite ninguna conexi\u00f3n adicional de dispositivo, como el sensor de cadencia y frecuencia card\u00edaca. &nbsp; CYCPLUS Ordenador de bicicleta GPS veloc\u00edmetro inal\u00e1mbrico accesorios de bicicleta impermeable ciclismo Ciclocomputador od\u00f3metro &nbsp; Tama\u00f1o del producto: 55*55*22mm Peso del producto: 52g Bater\u00eda: 600mAh Modo de carga: Micro [&hellip;]<\/p>\n","protected":false},"featured_media":48038,"comment_status":"open","ping_status":"closed","template":"","meta":{"jetpack_publicize_message":"","jetpack_publicize_feature_enabled":true,"jetpack_social_post_already_shared":true,"jetpack_social_options":{"image_generator_settings":{"template":"highway","enabled":false},"version":2}},"product_brand":[],"product_cat":[1295],"product_tag":[1296,2830,2831],"class_list":{"0":"post-48035","1":"product","2":"type-product","3":"status-publish","4":"has-post-thumbnail","6":"product_cat-ciclismo","7":"product_tag-ciclismo","8":"product_tag-gps","9":"product_tag-velocimetro","11":"first","12":"instock","13":"sale","14":"taxable","15":"shipping-taxable","16":"purchasable","17":"product-type-variable"},"jetpack_publicize_connections":[],"jetpack_sharing_enabled":true,"_links":{"self":[{"href":"https:\/\/bodegaoutdoor.cl\/store\/wp-json\/wp\/v2\/product\/48035","targetHints":{"allow":["GET"]}}],"collection":[{"href":"https:\/\/bodegaoutdoor.cl\/store\/wp-json\/wp\/v2\/product"}],"about":[{"href":"https:\/\/bodegaoutdoor.cl\/store\/wp-json\/wp\/v2\/types\/product"}],"replies":[{"embeddable":true,"href":"https:\/\/bodegaoutdoor.cl\/store\/wp-json\/wp\/v2\/comments?post=48035"}],"version-history":[{"count":2,"href":"https:\/\/bodegaoutdoor.cl\/store\/wp-json\/wp\/v2\/product\/48035\/revisions"}],"predecessor-version":[{"id":70991,"href":"https:\/\/bodegaoutdoor.cl\/store\/wp-json\/wp\/v2\/product\/48035\/revisions\/70991"}],"wp:featuredmedia":[{"embeddable":true,"href":"https:\/\/bodegaoutdoor.cl\/store\/wp-json\/wp\/v2\/media\/48038"}],"wp:attachment":[{"href":"https:\/\/bodegaoutdoor.cl\/store\/wp-json\/wp\/v2\/media?parent=48035"}],"wp:term":[{"taxonomy":"product_brand","embeddable":true,"href":"https:\/\/bodegaoutdoor.cl\/store\/wp-json\/wp\/v2\/product_brand?post=48035"},{"taxonomy":"product_cat","embeddable":true,"href":"https:\/\/bodegaoutdoor.cl\/store\/wp-json\/wp\/v2\/product_cat?post=48035"},{"taxonomy":"product_tag","embeddable":true,"href":"https:\/\/bodegaoutdoor.cl\/store\/wp-json\/wp\/v2\/product_tag?post=48035"}],"curies":[{"name":"wp","href":"https:\/\/api.w.org\/{rel}","templated":true}]}}