{"id":4877,"date":"2020-07-17T04:55:53","date_gmt":"2020-07-17T04:55:53","guid":{"rendered":"https:\/\/bodegaoutdoor.cl\/store\/product\/mochila-militar-de-40l-para-acampada-para-hombre-estilo-militar-tactico-molle-para-escalada-senderismo-y-exteriores-tas-deportivas-xa714wa\/"},"modified":"2023-05-04T19:19:40","modified_gmt":"2023-05-04T23:19:40","slug":"mochila-militar-de-40l-para-acampada-para-hombre-estilo-militar-tactico-molle-para-escalada-senderismo-y-exteriores-tas-deportivas-xa714wa","status":"publish","type":"product","link":"https:\/\/bodegaoutdoor.cl\/store\/product\/mochila-militar-de-40l-para-acampada-para-hombre-estilo-militar-tactico-molle-para-escalada-senderismo-y-exteriores-tas-deportivas-xa714wa\/","title":{"rendered":"Mochila militar De 40L Outdoor, t\u00e1ctico, Molle, senderismo"},"content":{"rendered":"<p style=\"text-align: center;\"><video style=\"max-width: 100%;\" src=\"\/\/cloud.video.taobao.com\/play\/u\/1609885269\/p\/1\/e\/6\/t\/10301\/229700060905.mp4\" poster=\"https:\/\/ae01.alicdn.com\/kf\/H370828aa484f4f0ba7c694a3ea811a9df\/Mochila-militar-De-40L-para-acampada-para-hombre-estilo-militar-t-ctico-Molle-para-escalada-senderismo.jpg,https:\/\/ae01.alicdn.com\/kf\/HTB12Fh4avvsK1RjSspdq6AZepXag\/Mochila-militar-De-40L-para-acampada-para-hombre-estilo-militar-t-ctico-Molle-para-escalada-senderismo.jpg,https:\/\/ae01.alicdn.com\/kf\/H590595b44bb647669854447fedd917e9V\/Mochila-militar-De-40L-para-acampada-para-hombre-estilo-militar-t-ctico-Molle-para-escalada-senderismo.jpg,https:\/\/ae01.alicdn.com\/kf\/HTB1OPhxapzsK1Rjy1Xbq6xOaFXaR\/Mochila-militar-De-40L-para-acampada-para-hombre-estilo-militar-t-ctico-Molle-para-escalada-senderismo.jpg,https:\/\/ae01.alicdn.com\/kf\/HTB19FhtaEvrK1RjSspcq6zzSXXaH\/Mochila-militar-De-40L-para-acampada-para-hombre-estilo-militar-t-ctico-Molle-para-escalada-senderismo.jpg,https:\/\/ae01.alicdn.com\/kf\/H13949d73e5824f71b69817c8ccb7a832i\/Mochila-militar-De-40L-para-acampada-para-hombre-estilo-militar-t-ctico-Molle-para-escalada-senderismo.jpg\" preload=\"auto\" controls=\"controls\" width=\"100%\" height=\"100%\"><\/video><\/p>\n<div><\/div>\n<div>\n<div>\n<p><img decoding=\"async\" title=\"Mochila militar De 40L para acampada, para hombre, estilo militar t\u00e1ctico, Molle, para escalada, senderismo y exteriores, Tas deportivas XA714WA\" src=\"https:\/\/bodegaoutdoor.cl\/store\/wp-content\/uploads\/2020\/07\/4877-ho39en.jpg\" alt=\"Mochila militar De 40L para acampada, para hombre, estilo militar t\u00e1ctico, Molle, para escalada, senderismo y exteriores, Tas deportivas XA714WA\" width=\"957\" height=\"34\" \/><\/p>\n<div style=\"margin: 0.0px; padding: 0.0px; border: 0.0px; font-family: arial , helvetica;\"><span style=\"color: #000000; font-family: arial , helvetica , sans-serif; font-size: 16.0px;\">Material: Oxford impermeable de alta calidad<\/span><\/div>\n<div style=\"margin: 0.0px; padding: 0.0px; border: 0.0px; font-family: arial , helvetica;\"><span style=\"font-size: 16.0px;\"><span style=\"font-family: arial , helvetica , sans-serif;\"><span style=\"color: #000000;\">Forro de poli\u00e9ster: Poli\u00e9ster<\/span><\/span><\/span><\/div>\n<div style=\"margin: 0.0px; padding: 0.0px; border: 0.0px; font-family: arial , helvetica;\"><span style=\"font-size: 16.0px;\"><span style=\"font-family: arial , helvetica , sans-serif;\"><span style=\"color: #000000;\">Color: Negro verde del Ej\u00e9rcito de la selva Digital selva camuflaje CP ACU desierto Digital caqui<\/span><\/span><\/span><\/div>\n<div style=\"margin: 0.0px; padding: 0.0px; border: 0.0px; font-family: arial , helvetica;\"><span style=\"font-size: 16.0px;\">Tama\u00f1o: 50 cmX31 cmX16cm(HXLXW)<\/span><\/div>\n<div style=\"margin: 0.0px; padding: 0.0px; border: 0.0px; font-family: arial , helvetica;\"><span style=\"font-size: 16.0px;\">Uso: bolso de hombro t\u00e1ctico, molle bolso cruzado del sistema del ej\u00e9rcito militar, mochila de escalada, mochila<\/span><\/div>\n<div style=\"margin: 0.0px; padding: 0.0px; border: 0.0px; font-family: arial , helvetica;\"><span style=\"font-size: 16.0px;\">Ocasi\u00f3n: camping, senderismo, caza, pesca, trekking, escalada en monta\u00f1a<\/span><\/div>\n<div style=\"margin: 0.0px; padding: 0.0px; border: 0.0px; font-family: arial , helvetica;\"><\/div>\n<div style=\"margin: 0.0px; padding: 0.0px; border: 0.0px; font-family: arial , helvetica;\"><img decoding=\"async\" title=\"Mochila militar De 40L para acampada, para hombre, estilo militar t\u00e1ctico, Molle, para escalada, senderismo y exteriores, Tas deportivas XA714WA\" src=\"https:\/\/bodegaoutdoor.cl\/store\/wp-content\/uploads\/2020\/07\/4877-4u3gvr.jpg\" alt=\"Mochila militar De 40L para acampada, para hombre, estilo militar t\u00e1ctico, Molle, para escalada, senderismo y exteriores, Tas deportivas XA714WA\" \/><\/div>\n<div style=\"margin: 0.0px; padding: 0.0px; border: 0.0px; font-family: arial , helvetica;\"><\/div>\n<p style=\"margin: 0.0px; padding: 0.0px; border: 0.0px; font-family: arial , helvetica;\"><span style=\"font-size: 16.0px;\"><span style=\"font-family: arial , helvetica , sans-serif;\"><span style=\"color: #ff0000;\">Nota: Debido al impacto de la iluminaci\u00f3n y a las diferentes pantallas que se muestran, el color es un poco diferente, pero es como<\/span><\/span><\/span><\/p>\n<p><span style=\"font-size: 16.0px;\"><span style=\"font-family: arial , helvetica , sans-serif;\"><span style=\"color: #ff0000;\">Puede haber una diferencia de 1-2cm debido a la medici\u00f3n manual. Gracias.<\/span><\/span><\/span><\/p>\n<p><span style=\"font-size: 16.0px;\"><span style=\"font-family: arial , helvetica , sans-serif;\"><span style=\"color: #ff0000;\">1 pulgada = 2,54 cm 1cm = 0,39 pulgadas<\/span><\/span><\/span><\/p>\n<p><img decoding=\"async\" title=\"Mochila militar De 40L para acampada, para hombre, estilo militar t\u00e1ctico, Molle, para escalada, senderismo y exteriores, Tas deportivas XA714WA\" src=\"https:\/\/bodegaoutdoor.cl\/store\/wp-content\/uploads\/2020\/07\/4877-oqhcxb.jpg\" alt=\"Mochila militar De 40L para acampada, para hombre, estilo militar t\u00e1ctico, Molle, para escalada, senderismo y exteriores, Tas deportivas XA714WA\" width=\"957\" height=\"34\" \/><\/p>\n<p><img decoding=\"async\" title=\"Mochila militar De 40L para acampada, para hombre, estilo militar t\u00e1ctico, Molle, para escalada, senderismo y exteriores, Tas deportivas XA714WA\" src=\"https:\/\/bodegaoutdoor.cl\/store\/wp-content\/uploads\/2020\/07\/4877-mpdvyv.jpg\" alt=\"Mochila militar De 40L para acampada, para hombre, estilo militar t\u00e1ctico, Molle, para escalada, senderismo y exteriores, Tas deportivas XA714WA\" \/><\/p>\n<p><img decoding=\"async\" title=\"Mochila militar De 40L para acampada, para hombre, estilo militar t\u00e1ctico, Molle, para escalada, senderismo y exteriores, Tas deportivas XA714WA\" src=\"https:\/\/bodegaoutdoor.cl\/store\/wp-content\/uploads\/2020\/07\/4877-u7zm8s.jpg\" alt=\"Mochila militar De 40L para acampada, para hombre, estilo militar t\u00e1ctico, Molle, para escalada, senderismo y exteriores, Tas deportivas XA714WA\" \/><\/p>\n<p><img decoding=\"async\" title=\"Mochila militar De 40L para acampada, para hombre, estilo militar t\u00e1ctico, Molle, para escalada, senderismo y exteriores, Tas deportivas XA714WA\" src=\"https:\/\/bodegaoutdoor.cl\/store\/wp-content\/uploads\/2020\/07\/4877-3dd1y4.jpg\" alt=\"Mochila militar De 40L para acampada, para hombre, estilo militar t\u00e1ctico, Molle, para escalada, senderismo y exteriores, Tas deportivas XA714WA\" \/><\/p>\n<p><img decoding=\"async\" title=\"Mochila militar De 40L para acampada, para hombre, estilo militar t\u00e1ctico, Molle, para escalada, senderismo y exteriores, Tas deportivas XA714WA\" src=\"https:\/\/bodegaoutdoor.cl\/store\/wp-content\/uploads\/2020\/07\/4877-6ee6hc.jpg\" alt=\"Mochila militar De 40L para acampada, para hombre, estilo militar t\u00e1ctico, Molle, para escalada, senderismo y exteriores, Tas deportivas XA714WA\" \/><img decoding=\"async\" title=\"Mochila militar De 40L para acampada, para hombre, estilo militar t\u00e1ctico, Molle, para escalada, senderismo y exteriores, Tas deportivas XA714WA\" src=\"https:\/\/bodegaoutdoor.cl\/store\/wp-content\/uploads\/2020\/07\/4877-drs3vz.jpg\" alt=\"Mochila militar De 40L para acampada, para hombre, estilo militar t\u00e1ctico, Molle, para escalada, senderismo y exteriores, Tas deportivas XA714WA\" \/><img decoding=\"async\" title=\"Mochila militar De 40L para acampada, para hombre, estilo militar t\u00e1ctico, Molle, para escalada, senderismo y exteriores, Tas deportivas XA714WA\" src=\"https:\/\/bodegaoutdoor.cl\/store\/wp-content\/uploads\/2020\/07\/4877-ec6nyt.jpg\" alt=\"Mochila militar De 40L para acampada, para hombre, estilo militar t\u00e1ctico, Molle, para escalada, senderismo y exteriores, Tas deportivas XA714WA\" \/><img decoding=\"async\" title=\"Mochila militar De 40L para acampada, para hombre, estilo militar t\u00e1ctico, Molle, para escalada, senderismo y exteriores, Tas deportivas XA714WA\" src=\"https:\/\/bodegaoutdoor.cl\/store\/wp-content\/uploads\/2020\/07\/4877-nbabbl.jpg\" alt=\"Mochila militar De 40L para acampada, para hombre, estilo militar t\u00e1ctico, Molle, para escalada, senderismo y exteriores, Tas deportivas XA714WA\" \/><img decoding=\"async\" title=\"Mochila militar De 40L para acampada, para hombre, estilo militar t\u00e1ctico, Molle, para escalada, senderismo y exteriores, Tas deportivas XA714WA\" src=\"https:\/\/bodegaoutdoor.cl\/store\/wp-content\/uploads\/2020\/07\/4877-3wpfw0.jpg\" alt=\"Mochila militar De 40L para acampada, para hombre, estilo militar t\u00e1ctico, Molle, para escalada, senderismo y exteriores, Tas deportivas XA714WA\" \/><\/p>\n<p><img decoding=\"async\" title=\"Mochila militar De 40L para acampada, para hombre, estilo militar t\u00e1ctico, Molle, para escalada, senderismo y exteriores, Tas deportivas XA714WA\" src=\"https:\/\/bodegaoutdoor.cl\/store\/wp-content\/uploads\/2020\/07\/4877-d2ffsi.jpg\" alt=\"Mochila militar De 40L para acampada, para hombre, estilo militar t\u00e1ctico, Molle, para escalada, senderismo y exteriores, Tas deportivas XA714WA\" \/><img decoding=\"async\" title=\"Mochila militar De 40L para acampada, para hombre, estilo militar t\u00e1ctico, Molle, para escalada, senderismo y exteriores, Tas deportivas XA714WA\" src=\"https:\/\/bodegaoutdoor.cl\/store\/wp-content\/uploads\/2020\/07\/4877-wmrrqd.jpg\" alt=\"Mochila militar De 40L para acampada, para hombre, estilo militar t\u00e1ctico, Molle, para escalada, senderismo y exteriores, Tas deportivas XA714WA\" \/><img decoding=\"async\" title=\"Mochila militar De 40L para acampada, para hombre, estilo militar t\u00e1ctico, Molle, para escalada, senderismo y exteriores, Tas deportivas XA714WA\" src=\"https:\/\/bodegaoutdoor.cl\/store\/wp-content\/uploads\/2020\/07\/4877-xwdhxa.jpg\" alt=\"Mochila militar De 40L para acampada, para hombre, estilo militar t\u00e1ctico, Molle, para escalada, senderismo y exteriores, Tas deportivas XA714WA\" \/><img decoding=\"async\" title=\"Mochila militar De 40L para acampada, para hombre, estilo militar t\u00e1ctico, Molle, para escalada, senderismo y exteriores, Tas deportivas XA714WA\" src=\"https:\/\/bodegaoutdoor.cl\/store\/wp-content\/uploads\/2020\/07\/4877-wcgpok.jpg\" alt=\"Mochila militar De 40L para acampada, para hombre, estilo militar t\u00e1ctico, Molle, para escalada, senderismo y exteriores, Tas deportivas XA714WA\" \/><img decoding=\"async\" title=\"Mochila militar De 40L para acampada, para hombre, estilo militar t\u00e1ctico, Molle, para escalada, senderismo y exteriores, Tas deportivas XA714WA\" src=\"https:\/\/bodegaoutdoor.cl\/store\/wp-content\/uploads\/2020\/07\/4877-9imbvf.jpg\" alt=\"Mochila militar De 40L para acampada, para hombre, estilo militar t\u00e1ctico, Molle, para escalada, senderismo y exteriores, Tas deportivas XA714WA\" \/><img decoding=\"async\" title=\"Mochila militar De 40L para acampada, para hombre, estilo militar t\u00e1ctico, Molle, para escalada, senderismo y exteriores, Tas deportivas XA714WA\" src=\"https:\/\/bodegaoutdoor.cl\/store\/wp-content\/uploads\/2020\/07\/4877-pixesx.jpg\" alt=\"Mochila militar De 40L para acampada, para hombre, estilo militar t\u00e1ctico, Molle, para escalada, senderismo y exteriores, Tas deportivas XA714WA\" \/><img decoding=\"async\" title=\"Mochila militar De 40L para acampada, para hombre, estilo militar t\u00e1ctico, Molle, para escalada, senderismo y exteriores, Tas deportivas XA714WA\" src=\"https:\/\/bodegaoutdoor.cl\/store\/wp-content\/uploads\/2020\/07\/4877-oz3edm.jpg\" alt=\"Mochila militar De 40L para acampada, para hombre, estilo militar t\u00e1ctico, Molle, para escalada, senderismo y exteriores, Tas deportivas XA714WA\" \/><img decoding=\"async\" title=\"Mochila militar De 40L para acampada, para hombre, estilo militar t\u00e1ctico, Molle, para escalada, senderismo y exteriores, Tas deportivas XA714WA\" src=\"https:\/\/bodegaoutdoor.cl\/store\/wp-content\/uploads\/2020\/07\/4877-o6xpm8.jpg\" alt=\"Mochila militar De 40L para acampada, para hombre, estilo militar t\u00e1ctico, Molle, para escalada, senderismo y exteriores, Tas deportivas XA714WA\" \/><img decoding=\"async\" title=\"Mochila militar De 40L para acampada, para hombre, estilo militar t\u00e1ctico, Molle, para escalada, senderismo y exteriores, Tas deportivas XA714WA\" src=\"https:\/\/bodegaoutdoor.cl\/store\/wp-content\/uploads\/2020\/07\/4877-azrs6h.jpg\" alt=\"Mochila militar De 40L para acampada, para hombre, estilo militar t\u00e1ctico, Molle, para escalada, senderismo y exteriores, Tas deportivas XA714WA\" \/><img decoding=\"async\" title=\"Mochila militar De 40L para acampada, para hombre, estilo militar t\u00e1ctico, Molle, para escalada, senderismo y exteriores, Tas deportivas XA714WA\" src=\"https:\/\/bodegaoutdoor.cl\/store\/wp-content\/uploads\/2020\/07\/4877-kfczby.jpg\" alt=\"Mochila militar De 40L para acampada, para hombre, estilo militar t\u00e1ctico, Molle, para escalada, senderismo y exteriores, Tas deportivas XA714WA\" \/><img decoding=\"async\" title=\"Mochila militar De 40L para acampada, para hombre, estilo militar t\u00e1ctico, Molle, para escalada, senderismo y exteriores, Tas deportivas XA714WA\" src=\"https:\/\/bodegaoutdoor.cl\/store\/wp-content\/uploads\/2020\/07\/4877-etnrql.jpg\" alt=\"Mochila militar De 40L para acampada, para hombre, estilo militar t\u00e1ctico, Molle, para escalada, senderismo y exteriores, Tas deportivas XA714WA\" \/><img decoding=\"async\" title=\"Mochila militar De 40L para acampada, para hombre, estilo militar t\u00e1ctico, Molle, para escalada, senderismo y exteriores, Tas deportivas XA714WA\" src=\"https:\/\/bodegaoutdoor.cl\/store\/wp-content\/uploads\/2020\/07\/4877-k9phih.jpg\" alt=\"Mochila militar De 40L para acampada, para hombre, estilo militar t\u00e1ctico, Molle, para escalada, senderismo y exteriores, Tas deportivas XA714WA\" \/><img decoding=\"async\" title=\"Mochila militar De 40L para acampada, para hombre, estilo militar t\u00e1ctico, Molle, para escalada, senderismo y exteriores, Tas deportivas XA714WA\" src=\"https:\/\/bodegaoutdoor.cl\/store\/wp-content\/uploads\/2020\/07\/4877-khyrq6.jpg\" alt=\"Mochila militar De 40L para acampada, para hombre, estilo militar t\u00e1ctico, Molle, para escalada, senderismo y exteriores, Tas deportivas XA714WA\" \/><img decoding=\"async\" title=\"Mochila militar De 40L para acampada, para hombre, estilo militar t\u00e1ctico, Molle, para escalada, senderismo y exteriores, Tas deportivas XA714WA\" src=\"https:\/\/bodegaoutdoor.cl\/store\/wp-content\/uploads\/2020\/07\/4877-zi8jaa.jpg\" alt=\"Mochila militar De 40L para acampada, para hombre, estilo militar t\u00e1ctico, Molle, para escalada, senderismo y exteriores, Tas deportivas XA714WA\" \/><img decoding=\"async\" title=\"Mochila militar De 40L para acampada, para hombre, estilo militar t\u00e1ctico, Molle, para escalada, senderismo y exteriores, Tas deportivas XA714WA\" src=\"https:\/\/bodegaoutdoor.cl\/store\/wp-content\/uploads\/2020\/07\/4877-vlcnq5.jpg\" alt=\"Mochila militar De 40L para acampada, para hombre, estilo militar t\u00e1ctico, Molle, para escalada, senderismo y exteriores, Tas deportivas XA714WA\" \/><img decoding=\"async\" title=\"Mochila militar De 40L para acampada, para hombre, estilo militar t\u00e1ctico, Molle, para escalada, senderismo y exteriores, Tas deportivas XA714WA\" src=\"https:\/\/bodegaoutdoor.cl\/store\/wp-content\/uploads\/2020\/07\/4877-aedljl.jpg\" alt=\"Mochila militar De 40L para acampada, para hombre, estilo militar t\u00e1ctico, Molle, para escalada, senderismo y exteriores, Tas deportivas XA714WA\" \/><img decoding=\"async\" title=\"Mochila militar De 40L para acampada, para hombre, estilo militar t\u00e1ctico, Molle, para escalada, senderismo y exteriores, Tas deportivas XA714WA\" src=\"https:\/\/bodegaoutdoor.cl\/store\/wp-content\/uploads\/2020\/07\/4877-ci7uhd.jpg\" alt=\"Mochila militar De 40L para acampada, para hombre, estilo militar t\u00e1ctico, Molle, para escalada, senderismo y exteriores, Tas deportivas XA714WA\" \/><img decoding=\"async\" title=\"Mochila militar De 40L para acampada, para hombre, estilo militar t\u00e1ctico, Molle, para escalada, senderismo y exteriores, Tas deportivas XA714WA\" src=\"https:\/\/bodegaoutdoor.cl\/store\/wp-content\/uploads\/2020\/07\/4877-uoft48.jpg\" alt=\"Mochila militar De 40L para acampada, para hombre, estilo militar t\u00e1ctico, Molle, para escalada, senderismo y exteriores, Tas deportivas XA714WA\" \/><img decoding=\"async\" title=\"Mochila militar De 40L para acampada, para hombre, estilo militar t\u00e1ctico, Molle, para escalada, senderismo y exteriores, Tas deportivas XA714WA\" src=\"https:\/\/bodegaoutdoor.cl\/store\/wp-content\/uploads\/2020\/07\/4877-vvqzes.jpg\" alt=\"Mochila militar De 40L para acampada, para hombre, estilo militar t\u00e1ctico, Molle, para escalada, senderismo y exteriores, Tas deportivas XA714WA\" \/><\/p>\n<\/div>\n<\/div>\n<div><\/div>\n\n    <div class=\"xs_social_share_widget xs_share_url after_content \t\tmain_content  wslu-style-1 wslu-share-box-shaped wslu-fill-colored wslu-none wslu-share-horizontal wslu-theme-font-no wslu-main_content\">\n\n\t\t\n        <ul>\n\t\t\t        <\/ul>\n    <\/div> \n","protected":false},"excerpt":{"rendered":"<p>Material: Oxford impermeable de alta calidad Forro de poli\u00e9ster: Poli\u00e9ster Color: Negro verde del Ej\u00e9rcito de la selva Digital selva camuflaje CP ACU desierto Digital caqui Tama\u00f1o: 50 cmX31 cmX16cm(HXLXW) Uso: bolso de hombro t\u00e1ctico, molle bolso cruzado del sistema del ej\u00e9rcito militar, mochila de escalada, mochila Ocasi\u00f3n: camping, senderismo, caza, pesca, trekking, escalada en [&hellip;]<\/p>\n","protected":false},"featured_media":4887,"comment_status":"open","ping_status":"closed","template":"","meta":{"jetpack_publicize_message":"","jetpack_publicize_feature_enabled":true,"jetpack_social_post_already_shared":true,"jetpack_social_options":{"image_generator_settings":{"template":"highway","enabled":false},"version":2}},"product_brand":[],"product_cat":[195,273],"product_tag":[],"class_list":{"0":"post-4877","1":"product","2":"type-product","3":"status-publish","4":"has-post-thumbnail","6":"product_cat-mochilas","7":"product_cat-mochilas-30-60-litros","9":"first","10":"instock","11":"sale","12":"taxable","13":"shipping-taxable","14":"purchasable","15":"product-type-variable"},"jetpack_publicize_connections":[],"jetpack_sharing_enabled":true,"_links":{"self":[{"href":"https:\/\/bodegaoutdoor.cl\/store\/wp-json\/wp\/v2\/product\/4877","targetHints":{"allow":["GET"]}}],"collection":[{"href":"https:\/\/bodegaoutdoor.cl\/store\/wp-json\/wp\/v2\/product"}],"about":[{"href":"https:\/\/bodegaoutdoor.cl\/store\/wp-json\/wp\/v2\/types\/product"}],"replies":[{"embeddable":true,"href":"https:\/\/bodegaoutdoor.cl\/store\/wp-json\/wp\/v2\/comments?post=4877"}],"version-history":[{"count":2,"href":"https:\/\/bodegaoutdoor.cl\/store\/wp-json\/wp\/v2\/product\/4877\/revisions"}],"predecessor-version":[{"id":71363,"href":"https:\/\/bodegaoutdoor.cl\/store\/wp-json\/wp\/v2\/product\/4877\/revisions\/71363"}],"wp:featuredmedia":[{"embeddable":true,"href":"https:\/\/bodegaoutdoor.cl\/store\/wp-json\/wp\/v2\/media\/4887"}],"wp:attachment":[{"href":"https:\/\/bodegaoutdoor.cl\/store\/wp-json\/wp\/v2\/media?parent=4877"}],"wp:term":[{"taxonomy":"product_brand","embeddable":true,"href":"https:\/\/bodegaoutdoor.cl\/store\/wp-json\/wp\/v2\/product_brand?post=4877"},{"taxonomy":"product_cat","embeddable":true,"href":"https:\/\/bodegaoutdoor.cl\/store\/wp-json\/wp\/v2\/product_cat?post=4877"},{"taxonomy":"product_tag","embeddable":true,"href":"https:\/\/bodegaoutdoor.cl\/store\/wp-json\/wp\/v2\/product_tag?post=4877"}],"curies":[{"name":"wp","href":"https:\/\/api.w.org\/{rel}","templated":true}]}}