{"id":49064,"date":"2021-11-11T16:56:10","date_gmt":"2021-11-11T19:56:10","guid":{"rendered":"https:\/\/bodegaoutdoor.cl\/store\/product\/northedge-reloj-inteligente-gps-para-correr-deportivo-resistente-al-agua-con-llamadas-telefonicas-brujula-de-ritmo-cardiaco-y-altitud\/"},"modified":"2023-05-04T19:18:53","modified_gmt":"2023-05-04T23:18:53","slug":"northedge-reloj-inteligente-gps-para-correr-deportivo-resistente-al-agua-con-llamadas-telefonicas-brujula-de-ritmo-cardiaco-y-altitud","status":"publish","type":"product","link":"https:\/\/bodegaoutdoor.cl\/store\/product\/northedge-reloj-inteligente-gps-para-correr-deportivo-resistente-al-agua-con-llamadas-telefonicas-brujula-de-ritmo-cardiaco-y-altitud\/","title":{"rendered":"Northedge- Reloj inteligente GPS, deportivo, resistente al agua, con llamadas telef\u00f3nicas, br\u00fajula de ritmo card\u00edaco y altitud"},"content":{"rendered":"<p style=\"text-align: center;\"><video style=\"max-width: 100%;\" src=\"\/\/cloud.video.taobao.com\/play\/u\/2288661296\/p\/1\/e\/6\/t\/10301\/273230122616.mp4\" poster=\"https:\/\/ae01.alicdn.com\/kf\/H7fb7bd28890d4eda94043533e624739e1\/Northedge-reloj-inteligente-GPS-para-correr-deportivo-resistente-al-agua-con-llamadas-telef-nicas-br-jula.jpg,https:\/\/ae01.alicdn.com\/kf\/Hab278f7613c04f5899f050f6e2f847efN\/Northedge-reloj-inteligente-GPS-para-correr-deportivo-resistente-al-agua-con-llamadas-telef-nicas-br-jula.jpg,https:\/\/ae01.alicdn.com\/kf\/He791de6ea1fc472c83bdf2eb03a78f42m\/Northedge-reloj-inteligente-GPS-para-correr-deportivo-resistente-al-agua-con-llamadas-telef-nicas-br-jula.jpg,https:\/\/ae01.alicdn.com\/kf\/Hcb4ce34cdca44ad89a6ed9dc31a1f8383\/Northedge-reloj-inteligente-GPS-para-correr-deportivo-resistente-al-agua-con-llamadas-telef-nicas-br-jula.jpg,https:\/\/ae01.alicdn.com\/kf\/H06d55053d03a4727b108cf1e23b5217fm\/Northedge-reloj-inteligente-GPS-para-correr-deportivo-resistente-al-agua-con-llamadas-telef-nicas-br-jula.jpg,https:\/\/ae01.alicdn.com\/kf\/H3c3d0e3ebdda44738f7405f1e1eb5f50p\/Northedge-reloj-inteligente-GPS-para-correr-deportivo-resistente-al-agua-con-llamadas-telef-nicas-br-jula.jpg\" preload=\"auto\" controls=\"controls\" width=\"100%\" height=\"100%\"><\/video><\/p>\n<div>\n<div>\n<div><\/div>\n<div>\n<div>\n<div><\/div>\n<div>\n<p style=\"font-family: OpenSans; font-size: 20px; font-weight: 900; line-height: 28px; margin-bottom: 12px;\">Preguntas frecuentes (FAQ)<\/p>\n<\/div>\n<div>\n<p style=\"font-family: OpenSans; font-size: 20px; font-weight: 900; line-height: 28px; margin-bottom: 12px;\">P1: \u00bfes la frecuencia card\u00edaca u otra funci\u00f3n precisa?<\/p>\n<p style=\"font-family: OpenSans; font-size: 14px; font-weight: 300; line-height: 20px; margin-bottom: 12px;\">R1: Es solo un asistente de Deportes y Salud, no puede ser visto como equipo m\u00e9dico.<\/p>\n<\/div>\n<div>\n<p style=\"font-family: OpenSans; font-size: 20px; font-weight: 900; line-height: 28px; margin-bottom: 12px;\">P2: \u00bfel reloj es resistente al agua? \u00bfSe puede nadar en el mar?<\/p>\n<p style=\"font-family: OpenSans; font-size: 14px; font-weight: 300; line-height: 20px; margin-bottom: 12px;\">R2: Este reloj es a prueba de agua IP67, no puede nadar ni tomar una ducha. Y tambi\u00e9n no se puede nadar en el mar.<\/p>\n<\/div>\n<div>\n<p style=\"font-family: OpenSans; font-size: 20px; font-weight: 900; line-height: 28px; margin-bottom: 12px;\">P3: \u00bfpor qu\u00e9 la aplicaci\u00f3n &#8220;Smart Time&#8221; no encuentra el reloj y no puede combinarlo?<\/p>\n<p style=\"font-family: OpenSans; font-size: 14px; font-weight: 300; line-height: 20px; margin-bottom: 12px;\">A3: 1. El manual del reloj tiene un c\u00f3digo QR para la aplicaci\u00f3n, puedes escanearlo y descargarlo.<br \/>\n2. Reiniciar el reloj inteligente.<br \/>\n3. Enciende el tel\u00e9fono Bluetooth. Enciende el reloj Bluetooth, haz clic en &#8220;Buscar nuevo dispositivo&#8221; y luego el reloj Busca un tel\u00e9fono Bluetooth, haz clic para colgarlo.<br \/>\n4. Abre la aplicaci\u00f3n, haz clic en &#8220;Conectar a dispositivo&#8221; para conectarla con el reloj inteligente y confirma que se conecta.<\/p>\n<\/div>\n<div>\n<p style=\"font-family: OpenSans; font-size: 20px; font-weight: 900; line-height: 28px; margin-bottom: 12px;\">P4: \u00bfPor qu\u00e9 mi reloj no puede conectar el GPS?<\/p>\n<p style=\"font-family: OpenSans; font-size: 14px; font-weight: 300; line-height: 20px; margin-bottom: 12px;\">R4: El GPS necesita ser conectado al aire libre, lejos del bosque o edificio alto, la se\u00f1al del GPS ser\u00e1 m\u00e1s fuerte.<\/p>\n<\/div>\n<div>\n<p style=\"font-family: OpenSans; font-size: 20px; font-weight: 900; line-height: 28px; margin-bottom: 12px;\">P5: \u00bfcu\u00e1nto tiempo puede usar la bater\u00eda?<\/p>\n<p style=\"font-family: OpenSans; font-size: 14px; font-weight: 300; line-height: 20px; margin-bottom: 12px;\">R5: el reloj necesita cargar 2-3 horas, puede usar alrededor de 2-4 d\u00edas, si siempre abre el GPS solo puede usar alrededor de 8 horas.<\/p>\n<\/div>\n<div>\n<p style=\"font-family: OpenSans; font-size: 20px; font-weight: 900; line-height: 28px; margin-bottom: 12px;\">P6: \u00bfPuedo correr sin mi tel\u00e9fono m\u00f3vil? \u00bfEl GPS registra los datos del ejercicio?<\/p>\n<p style=\"font-family: OpenSans; font-size: 14px; font-weight: 300; line-height: 20px; margin-bottom: 12px;\">R6: Este reloj tiene un GPS integrado y no requiere un tel\u00e9fono m\u00f3vil. Una vez que el reloj est\u00e1 conectado al GPS, puede grabar los datos de ejercicio: Tiempo de ejercicio\/calor\u00edas\/pasos\/distancia\/frecuencia card\u00edaca.<\/p>\n<\/div>\n<div>\n<p style=\"font-family: OpenSans; font-size: 20px; font-weight: 900; line-height: 28px; margin-bottom: 12px;\">P7: \u00bfCu\u00e1l es la aplicaci\u00f3n del reloj? \u00bfEl reloj admite notificaciones de mensajes?<\/p>\n<p style=\"font-family: OpenSans; font-size: 14px; font-weight: 300; line-height: 20px; margin-bottom: 12px;\">A7: el nombre de la aplicaci\u00f3n del reloj es Smart-Time pro, despu\u00e9s de conectar la aplicaci\u00f3n bluetooth del tel\u00e9fono, puede soportar Mensajes\/recordatorios del tel\u00e9fono, responder llamadas, escuchar m\u00fasica. Pero no se puede conectar auriculares Bluetooth.<\/p>\n<\/div>\n<div><img decoding=\"async\" title=\"Northedge-reloj inteligente GPS para correr, deportivo, resistente al agua, con llamadas telef\u00f3nicas, br\u00fajula de ritmo card\u00edaco y altitud\" src=\"https:\/\/bodegaoutdoor.cl\/store\/wp-content\/uploads\/2021\/11\/49064-oqvcvp.jpg\" alt=\"Northedge-reloj inteligente GPS para correr, deportivo, resistente al agua, con llamadas telef\u00f3nicas, br\u00fajula de ritmo card\u00edaco y altitud\" \/><\/div>\n<div>\n<p style=\"font-family: OpenSans; font-size: 20px; font-weight: 900; line-height: 28px; margin-bottom: 12px;\">GPS\/ritmo card\u00edaco\/modo deportivo\/br\u00fajula<\/p>\n<div><img decoding=\"async\" title=\"Northedge-reloj inteligente GPS para correr, deportivo, resistente al agua, con llamadas telef\u00f3nicas, br\u00fajula de ritmo card\u00edaco y altitud\" src=\"https:\/\/bodegaoutdoor.cl\/store\/wp-content\/uploads\/2021\/11\/49064-rf4nt0.jpg\" alt=\"Northedge-reloj inteligente GPS para correr, deportivo, resistente al agua, con llamadas telef\u00f3nicas, br\u00fajula de ritmo card\u00edaco y altitud\" \/><\/div>\n<\/div>\n<div>\n<p style=\"font-family: OpenSans; font-size: 20px; font-weight: 900; line-height: 28px; margin-bottom: 12px;\">Las funciones<\/p>\n<p style=\"font-family: OpenSans; font-size: 14px; font-weight: 300; line-height: 20px; margin-bottom: 12px;\">Alt\u00edmetro\/bar\u00f3metro\/br\u00fajula\/ritmo card\u00edaco\/presi\u00f3n arterial\/kilometraje\/pod\u00f3metro\/calor\u00edas\/temporizador\/ritmo\/mensaje\/carga r\u00e1pida\/m\u00fasica\/recordatorio de sedentarismo\/clima<\/p>\n<div><img decoding=\"async\" style=\"margin-bottom: 10px;\" title=\"Northedge-reloj inteligente GPS para correr, deportivo, resistente al agua, con llamadas telef\u00f3nicas, br\u00fajula de ritmo card\u00edaco y altitud\" src=\"https:\/\/bodegaoutdoor.cl\/store\/wp-content\/uploads\/2021\/11\/49064-kswrn2.jpg\" alt=\"Northedge-reloj inteligente GPS para correr, deportivo, resistente al agua, con llamadas telef\u00f3nicas, br\u00fajula de ritmo card\u00edaco y altitud\" \/><\/div>\n<\/div>\n<div>\n<p style=\"font-family: OpenSans; font-size: 20px; font-weight: 900; line-height: 28px; margin-bottom: 12px;\">Al aire libre de senderismo<\/p>\n<p style=\"font-family: OpenSans; font-size: 14px; font-weight: 300; line-height: 20px; margin-bottom: 12px;\">GPS\/kilometraje\/br\u00fajula\/clima\/sensor incorporado<\/p>\n<p>Br\u00fajula<br \/>\nMantiene una orientaci\u00f3n precisa en todo momento<\/p>\n<p>El tiempo<br \/>\nReal-tine tiempo<br \/>\nSin miedo a entornos agresivos<\/p>\n<\/div>\n<div><img decoding=\"async\" style=\"margin-bottom: 10px;\" title=\"Northedge-reloj inteligente GPS para correr, deportivo, resistente al agua, con llamadas telef\u00f3nicas, br\u00fajula de ritmo card\u00edaco y altitud\" src=\"https:\/\/bodegaoutdoor.cl\/store\/wp-content\/uploads\/2021\/11\/49064-gjhg3n.jpg\" alt=\"Northedge-reloj inteligente GPS para correr, deportivo, resistente al agua, con llamadas telef\u00f3nicas, br\u00fajula de ritmo card\u00edaco y altitud\" \/><\/div>\n<div>\n<p style=\"font-family: OpenSans; font-size: 20px; font-weight: 900; line-height: 28px; margin-bottom: 12px;\">Al aire libre Adverture viajes<\/p>\n<p style=\"font-family: OpenSans; font-size: 14px; font-weight: 300; line-height: 20px; margin-bottom: 12px;\">GPS\/kilometraje\/br\u00fajula\/bar\u00f3metro\/alt\u00edmetro<\/p>\n<p>Bar\u00f3metro<br \/>\nMant\u00e9n un ojo en la presi\u00f3n del aire Cuando exploras al aire libre<\/p>\n<p>Alt\u00edmetro<br \/>\nAgarre de la altura en cualquier momento y escalar el pico con fuerza<\/p>\n<div><img decoding=\"async\" style=\"margin-bottom: 10px;\" title=\"Northedge-reloj inteligente GPS para correr, deportivo, resistente al agua, con llamadas telef\u00f3nicas, br\u00fajula de ritmo card\u00edaco y altitud\" src=\"https:\/\/bodegaoutdoor.cl\/store\/wp-content\/uploads\/2021\/11\/49064-zdozau.jpg\" alt=\"Northedge-reloj inteligente GPS para correr, deportivo, resistente al agua, con llamadas telef\u00f3nicas, br\u00fajula de ritmo card\u00edaco y altitud\" \/><\/div>\n<\/div>\n<div>\n<p style=\"font-family: OpenSans; font-size: 20px; font-weight: 900; line-height: 28px; margin-bottom: 12px;\">Al aire libre correr<\/p>\n<p style=\"font-family: OpenSans; font-size: 14px; font-weight: 300; line-height: 20px; margin-bottom: 12px;\">Coraz\u00f3n de<br \/>\nDomine los cambios en el ritmo card\u00edaco del ejercicio<\/p>\n<p>Medidas<br \/>\nRegistra con precisi\u00f3n el n\u00famero de pasos a caminar<\/p>\n<p>La presi\u00f3n arterial<br \/>\nDomine la din\u00e1mica de la presi\u00f3n arterial y ajuste el ritmo del ejercicio<\/p>\n<div><img decoding=\"async\" style=\"margin-bottom: 10px;\" title=\"Northedge-reloj inteligente GPS para correr, deportivo, resistente al agua, con llamadas telef\u00f3nicas, br\u00fajula de ritmo card\u00edaco y altitud\" src=\"https:\/\/bodegaoutdoor.cl\/store\/wp-content\/uploads\/2021\/11\/49064-nm2lep.jpg\" alt=\"Northedge-reloj inteligente GPS para correr, deportivo, resistente al agua, con llamadas telef\u00f3nicas, br\u00fajula de ritmo card\u00edaco y altitud\" \/><\/div>\n<\/div>\n<div>\n<p style=\"font-family: OpenSans; font-size: 20px; font-weight: 900; line-height: 28px; margin-bottom: 12px;\">Modo del deporte<\/p>\n<p style=\"font-family: OpenSans; font-size: 14px; font-weight: 300; line-height: 20px; margin-bottom: 12px;\">Tiempo\/frecuencia card\u00edaca\/Paso\/ritmo\/distancia\/frecuencia de ejercicio<\/p>\n<p>Interior, exterior, bicicleta, escalada, Marat\u00f3n<\/p>\n<p>Tiempo<br \/>\nRegistro de tiempo de ejercicio<\/p>\n<p>Calor\u00edas<br \/>\nGraba calor\u00edas quemadas durante el ejercicio<\/p>\n<p>Ritmo<br \/>\nCon precisi\u00f3n medir el ejercicio ritmo<\/p>\n<p>Distancia<br \/>\nRegistro de distancia de movimiento<\/p>\n<div><img decoding=\"async\" style=\"margin-bottom: 10px;\" title=\"Northedge-reloj inteligente GPS para correr, deportivo, resistente al agua, con llamadas telef\u00f3nicas, br\u00fajula de ritmo card\u00edaco y altitud\" src=\"https:\/\/bodegaoutdoor.cl\/store\/wp-content\/uploads\/2021\/11\/49064-wf0xm3.jpg\" alt=\"Northedge-reloj inteligente GPS para correr, deportivo, resistente al agua, con llamadas telef\u00f3nicas, br\u00fajula de ritmo card\u00edaco y altitud\" \/><\/div>\n<\/div>\n<div>\n<p style=\"font-family: OpenSans; font-size: 20px; font-weight: 900; line-height: 28px; margin-bottom: 12px;\">Funci\u00f3n de recordatorio<\/p>\n<p style=\"font-family: OpenSans; font-size: 14px; font-weight: 300; line-height: 20px; margin-bottom: 12px;\">Recordatorio pr\u00e1ctico diario, m\u00e1s \u00edntimo de usar<\/p>\n<p>Recordatorio sedentario<br \/>\nMENSAJE<br \/>\nM\u00fasica<br \/>\nLlamada entrante<\/p>\n<div><img decoding=\"async\" style=\"margin-bottom: 10px;\" title=\"Northedge-reloj inteligente GPS para correr, deportivo, resistente al agua, con llamadas telef\u00f3nicas, br\u00fajula de ritmo card\u00edaco y altitud\" src=\"https:\/\/bodegaoutdoor.cl\/store\/wp-content\/uploads\/2021\/11\/49064-j2vdy0.jpg\" alt=\"Northedge-reloj inteligente GPS para correr, deportivo, resistente al agua, con llamadas telef\u00f3nicas, br\u00fajula de ritmo card\u00edaco y altitud\" \/><\/div>\n<\/div>\n<div>\n<p style=\"font-family: OpenSans; font-size: 20px; font-weight: 900; line-height: 28px; margin-bottom: 12px;\">Visible en la noche<\/p>\n<p style=\"font-family: OpenSans; font-size: 14px; font-weight: 300; line-height: 20px; margin-bottom: 12px;\">Luz trasera clara por la noche, sin miedo a los darkenss<\/p>\n<div><img decoding=\"async\" style=\"margin-bottom: 10px;\" title=\"Northedge-reloj inteligente GPS para correr, deportivo, resistente al agua, con llamadas telef\u00f3nicas, br\u00fajula de ritmo card\u00edaco y altitud\" src=\"https:\/\/bodegaoutdoor.cl\/store\/wp-content\/uploads\/2021\/11\/49064-jgnvjj.jpg\" alt=\"Northedge-reloj inteligente GPS para correr, deportivo, resistente al agua, con llamadas telef\u00f3nicas, br\u00fajula de ritmo card\u00edaco y altitud\" \/><\/div>\n<\/div>\n<div>\n<p style=\"font-family: OpenSans; font-size: 14px; font-weight: 300; line-height: 20px; margin-bottom: 12px;\">Modo de<br \/>\nRegistra autom\u00e1ticamente la duraci\u00f3n del sue\u00f1o y determinar la profundidad del sue\u00f1o<\/p>\n<p>Conexi\u00f3n Bluetooth app<br \/>\nSe puede ver m\u00e1s informaci\u00f3n en la aplicaci\u00f3n<\/p>\n<div><img decoding=\"async\" style=\"margin-bottom: 10px;\" title=\"Northedge-reloj inteligente GPS para correr, deportivo, resistente al agua, con llamadas telef\u00f3nicas, br\u00fajula de ritmo card\u00edaco y altitud\" src=\"https:\/\/bodegaoutdoor.cl\/store\/wp-content\/uploads\/2021\/11\/49064-okodqv.jpg\" alt=\"Northedge-reloj inteligente GPS para correr, deportivo, resistente al agua, con llamadas telef\u00f3nicas, br\u00fajula de ritmo card\u00edaco y altitud\" \/><img decoding=\"async\" style=\"margin-bottom: 10px;\" title=\"Northedge-reloj inteligente GPS para correr, deportivo, resistente al agua, con llamadas telef\u00f3nicas, br\u00fajula de ritmo card\u00edaco y altitud\" src=\"https:\/\/bodegaoutdoor.cl\/store\/wp-content\/uploads\/2021\/11\/49064-0me00l.jpg\" alt=\"Northedge-reloj inteligente GPS para correr, deportivo, resistente al agua, con llamadas telef\u00f3nicas, br\u00fajula de ritmo card\u00edaco y altitud\" \/><\/div>\n<\/div>\n<div>\n<p style=\"font-family: OpenSans; font-size: 20px; font-weight: 900; line-height: 28px; margin-bottom: 12px;\">Par\u00e1metro del producto<\/p>\n<p style=\"font-family: OpenSans; font-size: 14px; font-weight: 300; line-height: 20px; margin-bottom: 12px;\">Marca: el borde norte<br \/>\nDimensiones: 49x16mm<br \/>\nPeso neto: 65g<br \/>\nCaja del reloj: ASB + PC<br \/>\nBisel: metro<br \/>\nBanda de reloj:<\/p>\n<div><img decoding=\"async\" style=\"margin-bottom: 10px;\" title=\"Northedge-reloj inteligente GPS para correr, deportivo, resistente al agua, con llamadas telef\u00f3nicas, br\u00fajula de ritmo card\u00edaco y altitud\" src=\"https:\/\/bodegaoutdoor.cl\/store\/wp-content\/uploads\/2021\/11\/49064-nrpwra.jpg\" alt=\"Northedge-reloj inteligente GPS para correr, deportivo, resistente al agua, con llamadas telef\u00f3nicas, br\u00fajula de ritmo card\u00edaco y altitud\" \/><\/div>\n<\/div>\n<p>&nbsp;<\/p>\n<\/div>\n<\/div>\n<div><\/div>\n<p>&nbsp;<\/p>\n<\/div>\n<\/div>\n\n    <div class=\"xs_social_share_widget xs_share_url after_content \t\tmain_content  wslu-style-1 wslu-share-box-shaped wslu-fill-colored wslu-none wslu-share-horizontal wslu-theme-font-no wslu-main_content\">\n\n\t\t\n        <ul>\n\t\t\t        <\/ul>\n    <\/div> \n","protected":false},"excerpt":{"rendered":"<p>Preguntas frecuentes (FAQ) P1: \u00bfes la frecuencia card\u00edaca u otra funci\u00f3n precisa? R1: Es solo un asistente de Deportes y Salud, no puede ser visto como equipo m\u00e9dico. P2: \u00bfel reloj es resistente al agua? \u00bfSe puede nadar en el mar? R2: Este reloj es a prueba de agua IP67, no puede nadar ni tomar [&hellip;]<\/p>\n","protected":false},"featured_media":49079,"comment_status":"open","ping_status":"closed","template":"","meta":{"jetpack_publicize_message":"","jetpack_publicize_feature_enabled":true,"jetpack_social_post_already_shared":true,"jetpack_social_options":{"image_generator_settings":{"template":"highway","enabled":false},"version":2}},"product_brand":[],"product_cat":[36],"product_tag":[2830,2937,481,486,2364],"class_list":{"0":"post-49064","1":"product","2":"type-product","3":"status-publish","4":"has-post-thumbnail","6":"product_cat-relojes","7":"product_tag-gps","8":"product_tag-inteligente","9":"product_tag-outdoor","10":"product_tag-reloj","11":"product_tag-smartwatch","13":"first","14":"instock","15":"taxable","16":"shipping-taxable","17":"purchasable","18":"product-type-variable"},"jetpack_publicize_connections":[],"jetpack_sharing_enabled":true,"_links":{"self":[{"href":"https:\/\/bodegaoutdoor.cl\/store\/wp-json\/wp\/v2\/product\/49064","targetHints":{"allow":["GET"]}}],"collection":[{"href":"https:\/\/bodegaoutdoor.cl\/store\/wp-json\/wp\/v2\/product"}],"about":[{"href":"https:\/\/bodegaoutdoor.cl\/store\/wp-json\/wp\/v2\/types\/product"}],"replies":[{"embeddable":true,"href":"https:\/\/bodegaoutdoor.cl\/store\/wp-json\/wp\/v2\/comments?post=49064"}],"version-history":[{"count":2,"href":"https:\/\/bodegaoutdoor.cl\/store\/wp-json\/wp\/v2\/product\/49064\/revisions"}],"predecessor-version":[{"id":70988,"href":"https:\/\/bodegaoutdoor.cl\/store\/wp-json\/wp\/v2\/product\/49064\/revisions\/70988"}],"wp:featuredmedia":[{"embeddable":true,"href":"https:\/\/bodegaoutdoor.cl\/store\/wp-json\/wp\/v2\/media\/49079"}],"wp:attachment":[{"href":"https:\/\/bodegaoutdoor.cl\/store\/wp-json\/wp\/v2\/media?parent=49064"}],"wp:term":[{"taxonomy":"product_brand","embeddable":true,"href":"https:\/\/bodegaoutdoor.cl\/store\/wp-json\/wp\/v2\/product_brand?post=49064"},{"taxonomy":"product_cat","embeddable":true,"href":"https:\/\/bodegaoutdoor.cl\/store\/wp-json\/wp\/v2\/product_cat?post=49064"},{"taxonomy":"product_tag","embeddable":true,"href":"https:\/\/bodegaoutdoor.cl\/store\/wp-json\/wp\/v2\/product_tag?post=49064"}],"curies":[{"name":"wp","href":"https:\/\/api.w.org\/{rel}","templated":true}]}}