{"id":49072,"date":"2021-11-11T16:56:15","date_gmt":"2021-11-11T19:56:15","guid":{"rendered":"https:\/\/bodegaoutdoor.cl\/store\/product\/north-edge-reloj-digital-militar-para-hombre-pulsera-electronica-a-la-moda-para-correr-deportes-natacion-resistente-al-agua-hasta-50m\/"},"modified":"2025-07-12T13:58:58","modified_gmt":"2025-07-12T17:58:58","slug":"north-edge-reloj-digital-militar-para-hombre-pulsera-electronica-a-la-moda-para-correr-deportes-natacion-resistente-al-agua-hasta-50m","status":"publish","type":"product","link":"https:\/\/bodegaoutdoor.cl\/store\/product\/north-edge-reloj-digital-militar-para-hombre-pulsera-electronica-a-la-moda-para-correr-deportes-natacion-resistente-al-agua-hasta-50m\/","title":{"rendered":"NORTH EDGE- Reloj Digital militar para hombre,  deportes, nataci\u00f3n, resistente al agua hasta 50M"},"content":{"rendered":"<p style=\"text-align: center;\"><video style=\"max-width: 100%;\" src=\"\/\/cloud.video.taobao.com\/play\/u\/2288661296\/p\/1\/e\/6\/t\/10301\/279849862414.mp4\" poster=\"https:\/\/ae01.alicdn.com\/kf\/Ha0ec3a54fbef48d5920d8c8503c44d511\/NORTH-EDGE-reloj-Digital-militar-para-hombre-pulsera-electr-nica-a-la-moda-para-correr-deportes.jpg,https:\/\/ae01.alicdn.com\/kf\/Hf863a542a0ce442bab6383cefcde675fz\/NORTH-EDGE-reloj-Digital-militar-para-hombre-pulsera-electr-nica-a-la-moda-para-correr-deportes.jpg,https:\/\/ae01.alicdn.com\/kf\/Haf4e1e14a1d84d2cb5554f6b5bfaca3e7\/NORTH-EDGE-reloj-Digital-militar-para-hombre-pulsera-electr-nica-a-la-moda-para-correr-deportes.jpg,https:\/\/ae01.alicdn.com\/kf\/Hf79f87cd08b542e8908b215b66313afao\/NORTH-EDGE-reloj-Digital-militar-para-hombre-pulsera-electr-nica-a-la-moda-para-correr-deportes.jpg,https:\/\/ae01.alicdn.com\/kf\/Hc1ea01fadd5641c19c5e0b6e48bf0f879\/NORTH-EDGE-reloj-Digital-militar-para-hombre-pulsera-electr-nica-a-la-moda-para-correr-deportes.jpg,https:\/\/ae01.alicdn.com\/kf\/H5d4feb80504045dabae59a93df528198I\/NORTH-EDGE-reloj-Digital-militar-para-hombre-pulsera-electr-nica-a-la-moda-para-correr-deportes.jpg\" preload=\"auto\" controls=\"controls\" width=\"100%\" height=\"100%\"><\/video><\/p>\n<div>\n<div>\n<div><\/div>\n<div>\n<div>\n<div><\/div>\n<div>\n<p style=\"font-family: OpenSans; font-size: 20px; font-weight: 900; line-height: 28px; margin-bottom: 12px;\">Marte funci\u00f3n<\/p>\n<p style=\"font-family: OpenSans; font-size: 14px; font-weight: 300; line-height: 20px; margin-bottom: 12px;\">1. Resistente al agua 50M<br \/>\n2. Luz solar Visible<br \/>\nFSTN\/la vista<br \/>\nConfiguraci\u00f3n de 3,12\/24 horas<br \/>\n4. Paso, distancia, calor\u00edas, tiempo<br \/>\n5. Despertador, despertador por hora<br \/>\n6 cron\u00f3metro<br \/>\n7 cuenta atr\u00e1s reloj<br \/>\n8 La segunda vez<br \/>\n9. Recordatorio de bater\u00eda inferior<br \/>\n10. EL retroiluminaci\u00f3n<br \/>\n11 Ligero<br \/>\n12 A prueba de golpes a prueba<br \/>\n13 Calendario autom\u00e1tico<\/p>\n<\/div>\n<div>\n<p style=\"font-family: OpenSans; font-size: 20px; font-weight: 900; line-height: 28px; margin-bottom: 12px;\">Marte especificaciones<\/p>\n<p style=\"font-family: OpenSans; font-size: 14px; font-weight: 300; line-height: 20px; margin-bottom: 12px;\">Tama\u00f1o: 22x44x15mm<br \/>\nRed Peso: 48g<br \/>\nMaterial de la pantalla: Plexiglases<br \/>\nMaterial de la caja del reloj: Material ABS<br \/>\nTipo de pantalla: pantalla FSTN<br \/>\nMaterial de la Correa: TPU<br \/>\nSensor: Aceler\u00f3metro<br \/>\nResistente al agua: 50M<\/p>\n<\/div>\n<div><img decoding=\"async\" style=\"margin-bottom: 10px;\" title=\"NORTH EDGE-reloj Digital militar para hombre, pulsera electr\u00f3nica a la moda para correr, deportes, nataci\u00f3n, resistente al agua hasta 50M\" src=\"https:\/\/bodegaoutdoor.cl\/store\/wp-content\/uploads\/2021\/11\/49072-quec3c.jpg\" alt=\"NORTH EDGE-reloj Digital militar para hombre, pulsera electr\u00f3nica a la moda para correr, deportes, nataci\u00f3n, resistente al agua hasta 50M\" \/><img decoding=\"async\" title=\"NORTH EDGE-reloj Digital militar para hombre, pulsera electr\u00f3nica a la moda para correr, deportes, nataci\u00f3n, resistente al agua hasta 50M\" src=\"https:\/\/bodegaoutdoor.cl\/store\/wp-content\/uploads\/2021\/11\/49072-rpkjst.jpg\" alt=\"NORTH EDGE-reloj Digital militar para hombre, pulsera electr\u00f3nica a la moda para correr, deportes, nataci\u00f3n, resistente al agua hasta 50M\" \/><\/div>\n<div>\n<p style=\"font-family: OpenSans; font-size: 20px; font-weight: 900; line-height: 28px; margin-bottom: 12px;\">Luz peso<\/p>\n<p style=\"font-family: OpenSans; font-size: 14px; font-weight: 300; line-height: 20px; margin-bottom: 12px;\">Peso solo 48g<br \/>\nAporta una experiencia c\u00f3moda y ligera<\/p>\n<div><img decoding=\"async\" style=\"margin-bottom: 10px;\" title=\"NORTH EDGE-reloj Digital militar para hombre, pulsera electr\u00f3nica a la moda para correr, deportes, nataci\u00f3n, resistente al agua hasta 50M\" src=\"https:\/\/bodegaoutdoor.cl\/store\/wp-content\/uploads\/2021\/11\/49072-ytv3dd.jpg\" alt=\"NORTH EDGE-reloj Digital militar para hombre, pulsera electr\u00f3nica a la moda para correr, deportes, nataci\u00f3n, resistente al agua hasta 50M\" \/><\/div>\n<\/div>\n<div>\n<p style=\"font-family: OpenSans; font-size: 20px; font-weight: 900; line-height: 28px; margin-bottom: 12px;\">FSTN pantalla<\/p>\n<p style=\"font-family: OpenSans; font-size: 14px; font-weight: 300; line-height: 20px; margin-bottom: 12px;\">La tecnolog\u00eda FSTN reduce eficazmente el consumo de energ\u00eda<br \/>\nLa pantalla es claramente visible bajo luz fuerte.<\/p>\n<div><img decoding=\"async\" style=\"margin-bottom: 10px;\" title=\"NORTH EDGE-reloj Digital militar para hombre, pulsera electr\u00f3nica a la moda para correr, deportes, nataci\u00f3n, resistente al agua hasta 50M\" src=\"https:\/\/bodegaoutdoor.cl\/store\/wp-content\/uploads\/2021\/11\/49072-ouhpv1.jpg\" alt=\"NORTH EDGE-reloj Digital militar para hombre, pulsera electr\u00f3nica a la moda para correr, deportes, nataci\u00f3n, resistente al agua hasta 50M\" \/><\/div>\n<\/div>\n<div>\n<p style=\"font-family: OpenSans; font-size: 20px; font-weight: 900; line-height: 28px; margin-bottom: 12px;\">Modo del deporte<\/p>\n<p style=\"font-family: OpenSans; font-size: 14px; font-weight: 300; line-height: 20px; margin-bottom: 12px;\">Corriendo a tiempo<br \/>\nPod\u00f3metro<br \/>\nCalor\u00edas<br \/>\nDistancia<\/p>\n<div><img decoding=\"async\" style=\"margin-bottom: 10px;\" title=\"NORTH EDGE-reloj Digital militar para hombre, pulsera electr\u00f3nica a la moda para correr, deportes, nataci\u00f3n, resistente al agua hasta 50M\" src=\"https:\/\/bodegaoutdoor.cl\/store\/wp-content\/uploads\/2021\/11\/49072-multrv.jpg\" alt=\"NORTH EDGE-reloj Digital militar para hombre, pulsera electr\u00f3nica a la moda para correr, deportes, nataci\u00f3n, resistente al agua hasta 50M\" \/><\/div>\n<\/div>\n<div>\n<p style=\"font-family: OpenSans; font-size: 20px; font-weight: 900; line-height: 28px; margin-bottom: 12px;\">La funci\u00f3n de hora<\/p>\n<p style=\"font-family: OpenSans; font-size: 14px; font-weight: 300; line-height: 20px; margin-bottom: 12px;\">M\u00e1s Conveniente uso diario<\/p>\n<p>Tiempo<br \/>\nConfiguraci\u00f3n de alarma<br \/>\nCuenta regresiva<br \/>\nCiudad Dual tiempo<\/p>\n<div><img decoding=\"async\" style=\"margin-bottom: 10px;\" title=\"NORTH EDGE-reloj Digital militar para hombre, pulsera electr\u00f3nica a la moda para correr, deportes, nataci\u00f3n, resistente al agua hasta 50M\" src=\"https:\/\/bodegaoutdoor.cl\/store\/wp-content\/uploads\/2021\/11\/49072-5dx5mx.jpg\" alt=\"NORTH EDGE-reloj Digital militar para hombre, pulsera electr\u00f3nica a la moda para correr, deportes, nataci\u00f3n, resistente al agua hasta 50M\" \/><\/div>\n<\/div>\n<div>\n<p style=\"font-family: OpenSans; font-size: 20px; font-weight: 900; line-height: 28px; margin-bottom: 12px;\">Impermeable<\/p>\n<p style=\"font-family: OpenSans; font-size: 14px; font-weight: 300; line-height: 20px; margin-bottom: 12px;\">Resistencia al agua hasta 50 metros<br \/>\nNo hay miedo a los problemas subacu\u00e1ticos<br \/>\nM\u00e1s Divertido<\/p>\n<div><img decoding=\"async\" style=\"margin-bottom: 10px;\" title=\"NORTH EDGE-reloj Digital militar para hombre, pulsera electr\u00f3nica a la moda para correr, deportes, nataci\u00f3n, resistente al agua hasta 50M\" src=\"https:\/\/bodegaoutdoor.cl\/store\/wp-content\/uploads\/2021\/11\/49072-wqd3d8.jpg\" alt=\"NORTH EDGE-reloj Digital militar para hombre, pulsera electr\u00f3nica a la moda para correr, deportes, nataci\u00f3n, resistente al agua hasta 50M\" \/><img decoding=\"async\" style=\"margin-bottom: 10px;\" title=\"NORTH EDGE-reloj Digital militar para hombre, pulsera electr\u00f3nica a la moda para correr, deportes, nataci\u00f3n, resistente al agua hasta 50M\" src=\"https:\/\/bodegaoutdoor.cl\/store\/wp-content\/uploads\/2021\/11\/49072-ksc1tn.jpg\" alt=\"NORTH EDGE-reloj Digital militar para hombre, pulsera electr\u00f3nica a la moda para correr, deportes, nataci\u00f3n, resistente al agua hasta 50M\" \/><img decoding=\"async\" style=\"margin-bottom: 10px;\" title=\"NORTH EDGE-reloj Digital militar para hombre, pulsera electr\u00f3nica a la moda para correr, deportes, nataci\u00f3n, resistente al agua hasta 50M\" src=\"https:\/\/bodegaoutdoor.cl\/store\/wp-content\/uploads\/2021\/11\/49072-9q6avs.jpg\" alt=\"NORTH EDGE-reloj Digital militar para hombre, pulsera electr\u00f3nica a la moda para correr, deportes, nataci\u00f3n, resistente al agua hasta 50M\" \/><\/div>\n<\/div>\n<div><\/div>\n<div><\/div>\n<\/div>\n<\/div>\n<div><\/div>\n<p>&nbsp;<\/p>\n<\/div>\n<\/div>\n\n    <div class=\"xs_social_share_widget xs_share_url after_content \t\tmain_content  wslu-style-1 wslu-share-box-shaped wslu-fill-colored wslu-none wslu-share-horizontal wslu-theme-font-no wslu-main_content\">\n\n\t\t\n        <ul>\n\t\t\t        <\/ul>\n    <\/div> \n","protected":false},"excerpt":{"rendered":"<p>Marte funci\u00f3n 1. Resistente al agua 50M 2. Luz solar Visible FSTN\/la vista Configuraci\u00f3n de 3,12\/24 horas 4. Paso, distancia, calor\u00edas, tiempo 5. Despertador, despertador por hora 6 cron\u00f3metro 7 cuenta atr\u00e1s reloj 8 La segunda vez 9. Recordatorio de bater\u00eda inferior 10. EL retroiluminaci\u00f3n 11 Ligero 12 A prueba de golpes a prueba 13 [&hellip;]<\/p>\n","protected":false},"featured_media":49120,"comment_status":"open","ping_status":"closed","template":"","meta":{"jetpack_publicize_message":"","jetpack_publicize_feature_enabled":true,"jetpack_social_post_already_shared":true,"jetpack_social_options":{"image_generator_settings":{"template":"highway","enabled":false},"version":2}},"product_brand":[],"product_cat":[36],"product_tag":[486],"class_list":{"0":"post-49072","1":"product","2":"type-product","3":"status-publish","4":"has-post-thumbnail","6":"product_cat-relojes","7":"product_tag-reloj","9":"first","10":"instock","11":"taxable","12":"shipping-taxable","13":"purchasable","14":"product-type-variable"},"jetpack_publicize_connections":[],"jetpack_sharing_enabled":true,"_links":{"self":[{"href":"https:\/\/bodegaoutdoor.cl\/store\/wp-json\/wp\/v2\/product\/49072","targetHints":{"allow":["GET"]}}],"collection":[{"href":"https:\/\/bodegaoutdoor.cl\/store\/wp-json\/wp\/v2\/product"}],"about":[{"href":"https:\/\/bodegaoutdoor.cl\/store\/wp-json\/wp\/v2\/types\/product"}],"replies":[{"embeddable":true,"href":"https:\/\/bodegaoutdoor.cl\/store\/wp-json\/wp\/v2\/comments?post=49072"}],"version-history":[{"count":2,"href":"https:\/\/bodegaoutdoor.cl\/store\/wp-json\/wp\/v2\/product\/49072\/revisions"}],"predecessor-version":[{"id":70987,"href":"https:\/\/bodegaoutdoor.cl\/store\/wp-json\/wp\/v2\/product\/49072\/revisions\/70987"}],"wp:featuredmedia":[{"embeddable":true,"href":"https:\/\/bodegaoutdoor.cl\/store\/wp-json\/wp\/v2\/media\/49120"}],"wp:attachment":[{"href":"https:\/\/bodegaoutdoor.cl\/store\/wp-json\/wp\/v2\/media?parent=49072"}],"wp:term":[{"taxonomy":"product_brand","embeddable":true,"href":"https:\/\/bodegaoutdoor.cl\/store\/wp-json\/wp\/v2\/product_brand?post=49072"},{"taxonomy":"product_cat","embeddable":true,"href":"https:\/\/bodegaoutdoor.cl\/store\/wp-json\/wp\/v2\/product_cat?post=49072"},{"taxonomy":"product_tag","embeddable":true,"href":"https:\/\/bodegaoutdoor.cl\/store\/wp-json\/wp\/v2\/product_tag?post=49072"}],"curies":[{"name":"wp","href":"https:\/\/api.w.org\/{rel}","templated":true}]}}