{"id":49073,"date":"2021-11-11T16:56:15","date_gmt":"2021-11-11T19:56:15","guid":{"rendered":"https:\/\/bodegaoutdoor.cl\/store\/product\/north-edge-reloj-inteligente-deportivo-para-hombre-dispositivo-resistente-al-agua-hasta-50m-con-control-del-ritmo-cardiaco-y-bluetooth-compatible-con-android-e-ios\/"},"modified":"2024-07-17T13:20:21","modified_gmt":"2024-07-17T17:20:21","slug":"north-edge-reloj-inteligente-deportivo-para-hombre-dispositivo-resistente-al-agua-hasta-50m-con-control-del-ritmo-cardiaco-y-bluetooth-compatible-con-android-e-ios","status":"publish","type":"product","link":"https:\/\/bodegaoutdoor.cl\/store\/product\/north-edge-reloj-inteligente-deportivo-para-hombre-dispositivo-resistente-al-agua-hasta-50m-con-control-del-ritmo-cardiaco-y-bluetooth-compatible-con-android-e-ios\/","title":{"rendered":"NORTH EDGE-reloj inteligente deportivo para hombre, dispositivo resistente al agua hasta 50M, con control del ritmo card\u00edaco y Bluetooth, compatible con Android e IOS"},"content":{"rendered":"<p style=\"text-align: center;\"><video style=\"max-width: 100%;\" src=\"\/\/cloud.video.taobao.com\/play\/u\/2288661296\/p\/1\/e\/6\/t\/10301\/272908666741.mp4\" poster=\"https:\/\/ae01.alicdn.com\/kf\/Haf78d5dac6b6496ab70118f7555e4c38a\/NORTH-EDGE-reloj-inteligente-deportivo-para-hombre-dispositivo-resistente-al-agua-hasta-50M-con-control-del.jpg,https:\/\/ae01.alicdn.com\/kf\/Hdd8476f94e5b4a1393600b155a7eed2ci\/NORTH-EDGE-reloj-inteligente-deportivo-para-hombre-dispositivo-resistente-al-agua-hasta-50M-con-control-del.jpg,https:\/\/ae01.alicdn.com\/kf\/Hb275470fb3784ad3ba0885c62453a412W\/NORTH-EDGE-reloj-inteligente-deportivo-para-hombre-dispositivo-resistente-al-agua-hasta-50M-con-control-del.jpg,https:\/\/ae01.alicdn.com\/kf\/H1ef92f6ae0a8407fad375c4558ba20314\/NORTH-EDGE-reloj-inteligente-deportivo-para-hombre-dispositivo-resistente-al-agua-hasta-50M-con-control-del.jpg,https:\/\/ae01.alicdn.com\/kf\/H67721b0c947b4e50976c904d44fe7776w\/NORTH-EDGE-reloj-inteligente-deportivo-para-hombre-dispositivo-resistente-al-agua-hasta-50M-con-control-del.jpg,https:\/\/ae01.alicdn.com\/kf\/H921cde37979d48758a585770e7c5e9f9r\/NORTH-EDGE-reloj-inteligente-deportivo-para-hombre-dispositivo-resistente-al-agua-hasta-50M-con-control-del.jpg\" preload=\"auto\" controls=\"controls\" width=\"100%\" height=\"100%\"><\/video><\/p>\n<div>\n<div>\n<div><\/div>\n<div>\n<div>\n<div><\/div>\n<div>\n<div>\n<div>\n<p style=\"font-family: OpenSans; font-size: 20px; font-weight: 900; line-height: 28px; margin-bottom: 12px;\">Funci\u00f3n<\/p>\n<p style=\"font-family: OpenSans; font-size: 14px; font-weight: 300; line-height: 20px; margin-bottom: 12px;\">1, vidrio flotado t\u00e1ctil<br \/>\n2, pod\u00f3metro, cal\u00f3rico quemado, pista de distancia<br \/>\n3, monitor de ritmo card\u00edaco<br \/>\n4, predicci\u00f3n del tiempo y temperatura (informaci\u00f3n de la aplicaci\u00f3n)<br \/>\n5 \u3001 visualizaci\u00f3n de la hora<br \/>\n6, recordatorio de alarma, temporizador, cron\u00f3metro<br \/>\n7 \u3001 recordar sedentario<br \/>\n8 \u3001 monitor de sue\u00f1o<br \/>\n9, control remoto de la c\u00e1mara<br \/>\nTel\u00e9fono M\u00f3vil 10, Seek<br \/>\n11, men\u00fa de Interruptor t\u00e1ctil<br \/>\n12, introducir informaci\u00f3n: Recordatorio de llamada, mensaje corto, QQ, Wechat, Facebook, Twitter, correo electr\u00f3nico<br \/>\n13, APP\/APK compatible con varios idiomas<br \/>\n14, compatible con conexi\u00f3n bluetooth<br \/>\n15, levanta la pantalla brillante de tu mano (configuraci\u00f3n en la aplicaci\u00f3n)<\/p>\n<div><img decoding=\"async\" title=\"NORTH EDGE-reloj inteligente deportivo para hombre, dispositivo resistente al agua hasta 50M, con control del ritmo card\u00edaco y Bluetooth, compatible con Android e IOS\" src=\"https:\/\/bodegaoutdoor.cl\/store\/wp-content\/uploads\/2021\/11\/49073-kj1py3.jpg\" alt=\"NORTH EDGE-reloj inteligente deportivo para hombre, dispositivo resistente al agua hasta 50M, con control del ritmo card\u00edaco y Bluetooth, compatible con Android e IOS\" \/><img decoding=\"async\" title=\"NORTH EDGE-reloj inteligente deportivo para hombre, dispositivo resistente al agua hasta 50M, con control del ritmo card\u00edaco y Bluetooth, compatible con Android e IOS\" src=\"https:\/\/bodegaoutdoor.cl\/store\/wp-content\/uploads\/2021\/11\/49073-fu3yct.jpg\" alt=\"NORTH EDGE-reloj inteligente deportivo para hombre, dispositivo resistente al agua hasta 50M, con control del ritmo card\u00edaco y Bluetooth, compatible con Android e IOS\" \/><\/div>\n<\/div>\n<div>\n<p style=\"font-family: OpenSans; font-size: 20px; font-weight: 900; line-height: 28px; margin-bottom: 12px;\">Flotador contacto<\/p>\n<p style=\"font-family: OpenSans; font-size: 14px; font-weight: 300; line-height: 20px; margin-bottom: 12px;\">Toca el lado 3 horas para cambiar las funciones<\/p>\n<div><img decoding=\"async\" title=\"NORTH EDGE-reloj inteligente deportivo para hombre, dispositivo resistente al agua hasta 50M, con control del ritmo card\u00edaco y Bluetooth, compatible con Android e IOS\" src=\"https:\/\/bodegaoutdoor.cl\/store\/wp-content\/uploads\/2021\/11\/49073-jhjzpu.jpg\" alt=\"NORTH EDGE-reloj inteligente deportivo para hombre, dispositivo resistente al agua hasta 50M, con control del ritmo card\u00edaco y Bluetooth, compatible con Android e IOS\" \/><\/div>\n<\/div>\n<div>\n<p style=\"font-family: OpenSans; font-size: 20px; font-weight: 900; line-height: 28px; margin-bottom: 12px;\">Informaci\u00f3n de modo<\/p>\n<p style=\"font-family: OpenSans; font-size: 14px; font-weight: 300; line-height: 20px; margin-bottom: 12px;\">Encontrar tel\u00e9fono m\u00f3vil<br \/>\nRecordatorio sedentario<br \/>\nRecordatorio de mensaje<\/p>\n<div><img decoding=\"async\" title=\"NORTH EDGE-reloj inteligente deportivo para hombre, dispositivo resistente al agua hasta 50M, con control del ritmo card\u00edaco y Bluetooth, compatible con Android e IOS\" src=\"https:\/\/bodegaoutdoor.cl\/store\/wp-content\/uploads\/2021\/11\/49073-obqz91.jpg\" alt=\"NORTH EDGE-reloj inteligente deportivo para hombre, dispositivo resistente al agua hasta 50M, con control del ritmo card\u00edaco y Bluetooth, compatible con Android e IOS\" \/><\/div>\n<\/div>\n<div>\n<p style=\"font-family: OpenSans; font-size: 20px; font-weight: 900; line-height: 28px; margin-bottom: 12px;\">Modo del deporte<\/p>\n<p style=\"font-family: OpenSans; font-size: 14px; font-weight: 300; line-height: 20px; margin-bottom: 12px;\">Coraz\u00f3n de<br \/>\nDistancia<br \/>\nCalor\u00edas<br \/>\nPod\u00f3metro<\/p>\n<div><img decoding=\"async\" title=\"NORTH EDGE-reloj inteligente deportivo para hombre, dispositivo resistente al agua hasta 50M, con control del ritmo card\u00edaco y Bluetooth, compatible con Android e IOS\" src=\"https:\/\/bodegaoutdoor.cl\/store\/wp-content\/uploads\/2021\/11\/49073-cxctd4.jpg\" alt=\"NORTH EDGE-reloj inteligente deportivo para hombre, dispositivo resistente al agua hasta 50M, con control del ritmo card\u00edaco y Bluetooth, compatible con Android e IOS\" \/><\/div>\n<\/div>\n<div>\n<p style=\"font-family: OpenSans; font-size: 20px; font-weight: 900; line-height: 28px; margin-bottom: 12px;\">Satisface todas tus necesidades de aventura<\/p>\n<p style=\"font-family: OpenSans; font-size: 14px; font-weight: 300; line-height: 20px; margin-bottom: 12px;\">El tiempo<br \/>\nLa temperatura del aire<br \/>\nCron\u00f3metro<br \/>\nC\u00e1mara del tel\u00e9fono m\u00f3vil de control<\/p>\n<div><img decoding=\"async\" title=\"NORTH EDGE-reloj inteligente deportivo para hombre, dispositivo resistente al agua hasta 50M, con control del ritmo card\u00edaco y Bluetooth, compatible con Android e IOS\" src=\"https:\/\/bodegaoutdoor.cl\/store\/wp-content\/uploads\/2021\/11\/49073-rh5lv1.jpg\" alt=\"NORTH EDGE-reloj inteligente deportivo para hombre, dispositivo resistente al agua hasta 50M, con control del ritmo card\u00edaco y Bluetooth, compatible con Android e IOS\" \/><\/div>\n<\/div>\n<div>\n<p style=\"font-family: OpenSans; font-size: 20px; font-weight: 900; line-height: 28px; margin-bottom: 12px;\">Luz negra<\/p>\n<p style=\"font-family: OpenSans; font-size: 14px; font-weight: 300; line-height: 20px; margin-bottom: 12px;\">Visible en la noche<\/p>\n<div><img decoding=\"async\" title=\"NORTH EDGE-reloj inteligente deportivo para hombre, dispositivo resistente al agua hasta 50M, con control del ritmo card\u00edaco y Bluetooth, compatible con Android e IOS\" src=\"https:\/\/bodegaoutdoor.cl\/store\/wp-content\/uploads\/2021\/11\/49073-w1hopn.jpg\" alt=\"NORTH EDGE-reloj inteligente deportivo para hombre, dispositivo resistente al agua hasta 50M, con control del ritmo card\u00edaco y Bluetooth, compatible con Android e IOS\" \/><\/div>\n<\/div>\n<div>\n<p style=\"font-family: OpenSans; font-size: 20px; font-weight: 900; line-height: 28px; margin-bottom: 12px;\">Sincronizaci\u00f3n de datos app<\/p>\n<div><img decoding=\"async\" title=\"NORTH EDGE-reloj inteligente deportivo para hombre, dispositivo resistente al agua hasta 50M, con control del ritmo card\u00edaco y Bluetooth, compatible con Android e IOS\" src=\"https:\/\/bodegaoutdoor.cl\/store\/wp-content\/uploads\/2021\/11\/49073-ufakqt.jpg\" alt=\"NORTH EDGE-reloj inteligente deportivo para hombre, dispositivo resistente al agua hasta 50M, con control del ritmo card\u00edaco y Bluetooth, compatible con Android e IOS\" \/><\/div>\n<\/div>\n<div>\n<p style=\"font-family: OpenSans; font-size: 20px; font-weight: 900; line-height: 28px; margin-bottom: 12px;\">Las especificaciones<\/p>\n<div><img decoding=\"async\" title=\"NORTH EDGE-reloj inteligente deportivo para hombre, dispositivo resistente al agua hasta 50M, con control del ritmo card\u00edaco y Bluetooth, compatible con Android e IOS\" src=\"https:\/\/bodegaoutdoor.cl\/store\/wp-content\/uploads\/2021\/11\/49073-r7m56p.jpg\" alt=\"NORTH EDGE-reloj inteligente deportivo para hombre, dispositivo resistente al agua hasta 50M, con control del ritmo card\u00edaco y Bluetooth, compatible con Android e IOS\" \/><\/div>\n<\/div>\n<div><img decoding=\"async\" title=\"NORTH EDGE-reloj inteligente deportivo para hombre, dispositivo resistente al agua hasta 50M, con control del ritmo card\u00edaco y Bluetooth, compatible con Android e IOS\" src=\"https:\/\/bodegaoutdoor.cl\/store\/wp-content\/uploads\/2021\/11\/49073-dinome.jpg\" alt=\"NORTH EDGE-reloj inteligente deportivo para hombre, dispositivo resistente al agua hasta 50M, con control del ritmo card\u00edaco y Bluetooth, compatible con Android e IOS\" \/><img decoding=\"async\" title=\"NORTH EDGE-reloj inteligente deportivo para hombre, dispositivo resistente al agua hasta 50M, con control del ritmo card\u00edaco y Bluetooth, compatible con Android e IOS\" src=\"https:\/\/bodegaoutdoor.cl\/store\/wp-content\/uploads\/2021\/11\/49073-tldv2p.jpg\" alt=\"NORTH EDGE-reloj inteligente deportivo para hombre, dispositivo resistente al agua hasta 50M, con control del ritmo card\u00edaco y Bluetooth, compatible con Android e IOS\" \/><img decoding=\"async\" title=\"NORTH EDGE-reloj inteligente deportivo para hombre, dispositivo resistente al agua hasta 50M, con control del ritmo card\u00edaco y Bluetooth, compatible con Android e IOS\" src=\"https:\/\/bodegaoutdoor.cl\/store\/wp-content\/uploads\/2021\/11\/49073-l8sqhu.jpg\" alt=\"NORTH EDGE-reloj inteligente deportivo para hombre, dispositivo resistente al agua hasta 50M, con control del ritmo card\u00edaco y Bluetooth, compatible con Android e IOS\" \/><\/div>\n<p>&nbsp;<\/p>\n<\/div>\n<\/div>\n<p>&nbsp;<\/p>\n<\/div>\n<\/div>\n<div><\/div>\n<p>&nbsp;<\/p>\n<\/div>\n<\/div>\n\n    <div class=\"xs_social_share_widget xs_share_url after_content \t\tmain_content  wslu-style-1 wslu-share-box-shaped wslu-fill-colored wslu-none wslu-share-horizontal wslu-theme-font-no wslu-main_content\">\n\n\t\t\n        <ul>\n\t\t\t        <\/ul>\n    <\/div> \n","protected":false},"excerpt":{"rendered":"<p>Funci\u00f3n 1, vidrio flotado t\u00e1ctil 2, pod\u00f3metro, cal\u00f3rico quemado, pista de distancia 3, monitor de ritmo card\u00edaco 4, predicci\u00f3n del tiempo y temperatura (informaci\u00f3n de la aplicaci\u00f3n) 5 \u3001 visualizaci\u00f3n de la hora 6, recordatorio de alarma, temporizador, cron\u00f3metro 7 \u3001 recordar sedentario 8 \u3001 monitor de sue\u00f1o 9, control remoto de la c\u00e1mara Tel\u00e9fono [&hellip;]<\/p>\n","protected":false},"featured_media":49139,"comment_status":"open","ping_status":"closed","template":"","meta":{"jetpack_publicize_message":"","jetpack_publicize_feature_enabled":true,"jetpack_social_post_already_shared":true,"jetpack_social_options":{"image_generator_settings":{"template":"highway","enabled":false},"version":2}},"product_brand":[],"product_cat":[36],"product_tag":[486,2364],"class_list":{"0":"post-49073","1":"product","2":"type-product","3":"status-publish","4":"has-post-thumbnail","6":"product_cat-relojes","7":"product_tag-reloj","8":"product_tag-smartwatch","10":"first","11":"instock","12":"sale","13":"taxable","14":"shipping-taxable","15":"purchasable","16":"product-type-variable"},"jetpack_publicize_connections":[],"jetpack_sharing_enabled":true,"_links":{"self":[{"href":"https:\/\/bodegaoutdoor.cl\/store\/wp-json\/wp\/v2\/product\/49073","targetHints":{"allow":["GET"]}}],"collection":[{"href":"https:\/\/bodegaoutdoor.cl\/store\/wp-json\/wp\/v2\/product"}],"about":[{"href":"https:\/\/bodegaoutdoor.cl\/store\/wp-json\/wp\/v2\/types\/product"}],"replies":[{"embeddable":true,"href":"https:\/\/bodegaoutdoor.cl\/store\/wp-json\/wp\/v2\/comments?post=49073"}],"version-history":[{"count":2,"href":"https:\/\/bodegaoutdoor.cl\/store\/wp-json\/wp\/v2\/product\/49073\/revisions"}],"predecessor-version":[{"id":70986,"href":"https:\/\/bodegaoutdoor.cl\/store\/wp-json\/wp\/v2\/product\/49073\/revisions\/70986"}],"wp:featuredmedia":[{"embeddable":true,"href":"https:\/\/bodegaoutdoor.cl\/store\/wp-json\/wp\/v2\/media\/49139"}],"wp:attachment":[{"href":"https:\/\/bodegaoutdoor.cl\/store\/wp-json\/wp\/v2\/media?parent=49073"}],"wp:term":[{"taxonomy":"product_brand","embeddable":true,"href":"https:\/\/bodegaoutdoor.cl\/store\/wp-json\/wp\/v2\/product_brand?post=49073"},{"taxonomy":"product_cat","embeddable":true,"href":"https:\/\/bodegaoutdoor.cl\/store\/wp-json\/wp\/v2\/product_cat?post=49073"},{"taxonomy":"product_tag","embeddable":true,"href":"https:\/\/bodegaoutdoor.cl\/store\/wp-json\/wp\/v2\/product_tag?post=49073"}],"curies":[{"name":"wp","href":"https:\/\/api.w.org\/{rel}","templated":true}]}}