{"id":49546,"date":"2021-11-11T17:29:42","date_gmt":"2021-11-11T20:29:42","guid":{"rendered":"https:\/\/bodegaoutdoor.cl\/store\/product\/botas-de-invierno-para-hombre-botas-de-nieve-antideslizantes-de-felpa-calidas-para-hombre-zapatos-de-senderismo-de-camuflaje-impermeables-al-aire-libre-de-alta-calidad-para-hombre-montana\/"},"modified":"2024-04-15T17:31:29","modified_gmt":"2024-04-15T21:31:29","slug":"calzado-botin-antideslizantes-zapatos-de-senderismo-impermeables-alta-calidad-montana-outdoor","status":"publish","type":"product","link":"https:\/\/bodegaoutdoor.cl\/store\/product\/calzado-botin-antideslizantes-zapatos-de-senderismo-impermeables-alta-calidad-montana-outdoor\/","title":{"rendered":"Calzado Botin antideslizantes  zapatos de senderismo  impermeables alta calidad monta\u00f1a Outdoor"},"content":{"rendered":"<p style=\"text-align: center;\"><video style=\"max-width: 100%;\" src=\"\/\/cloud.video.taobao.com\/play\/u\/2210012358104\/p\/1\/e\/6\/t\/10301\/306629947030.mp4\" poster=\"https:\/\/ae01.alicdn.com\/kf\/H88120e49562047e1b4bfb44b88f4ec9ep\/Botas-de-invierno-para-hombre-botas-de-nieve-antideslizantes-de-felpa-c-lidas-para-hombre-zapatos.jpg,https:\/\/ae01.alicdn.com\/kf\/H2ff2a33aeea040938799fe3bb41389d5J\/Botas-de-invierno-para-hombre-botas-de-nieve-antideslizantes-de-felpa-c-lidas-para-hombre-zapatos.jpg,https:\/\/ae01.alicdn.com\/kf\/Hed2989797ff84fef8c21bf2efb954df2G\/Botas-de-invierno-para-hombre-botas-de-nieve-antideslizantes-de-felpa-c-lidas-para-hombre-zapatos.jpg,https:\/\/ae01.alicdn.com\/kf\/H0d54e958a9aa4085981516782cfbb79a2\/Botas-de-invierno-para-hombre-botas-de-nieve-antideslizantes-de-felpa-c-lidas-para-hombre-zapatos.jpg,https:\/\/ae01.alicdn.com\/kf\/Hd353c21559354fccb889756b0bc42616Q\/Botas-de-invierno-para-hombre-botas-de-nieve-antideslizantes-de-felpa-c-lidas-para-hombre-zapatos.jpg,https:\/\/ae01.alicdn.com\/kf\/H180034f5dca845cfbbb56e857b31af2er\/Botas-de-invierno-para-hombre-botas-de-nieve-antideslizantes-de-felpa-c-lidas-para-hombre-zapatos.jpg\" preload=\"auto\" controls=\"controls\" width=\"100%\" height=\"100%\"><\/video><\/p>\n<div>\n<div>\n<div><\/div>\n<p><strong>Aviso m\u00e1s amable e importante:<\/strong><\/p>\n<p>Antes de hacer el pedido, debe tener cuidado para medir la longitud de sus pies (De tal\u00f3n a dedo del pie). A continuaci\u00f3n, Elija el tama\u00f1o correspondiente de acuerdo con la longitud de su pie en nuestra tabla de tallas. Si tiene alguna pregunta, cont\u00e1ctenos.<\/p>\n<div>\n<div>\n<p><u><strong>Descripci\u00f3n del producto<\/strong><\/u><\/p>\n<table style=\"border-collapse: collapse; width: 100%;\" border=\"1\">\n<colgroup>\n<col width=\"17.77%\" \/>\n<col width=\"82.22999999999999%\" \/><\/colgroup>\n<tbody>\n<tr>\n<td style=\"text-align: left; width: 135.662px;\" align=\"left\"><span style=\"font-size: 16px;\"><strong><span style=\"font-family: arial, helvetica, sans-serif;\">Tipo de producto:<\/span><\/strong><\/span><\/td>\n<td style=\"text-align: left; width: 554.485px; height: 35px;\" align=\"left\"><span style=\"font-size: 18px; font-family: arial, helvetica, sans-serif;\">Botas de invierno para hombre, botas de senderismo, botas de nieve<\/span><\/td>\n<\/tr>\n<tr>\n<td style=\"text-align: left; width: 135.662px;\" rowspan=\"4\" align=\"left\"><span style=\"font-size: 16px;\"><strong><span style=\"font-family: arial, helvetica, sans-serif;\">Material:<\/span><\/strong><\/span><\/td>\n<td style=\"text-align: left; width: 554.485px; height: 35px;\" align=\"left\"><span style=\"font-size: 18px; font-family: arial, helvetica, sans-serif;\">Parte superior: S<\/span><span style=\"font-size: 18px; font-family: arial, helvetica, sans-serif;\">Ynthetic a prueba de agua<\/span><\/td>\n<\/tr>\n<tr>\n<td style=\"text-align: left; width: 554.485px; height: 35px;\" align=\"left\"><span style=\"font-size: 18px; font-family: arial, helvetica, sans-serif;\">Entresuela: EVA<\/span><\/td>\n<\/tr>\n<tr>\n<td style=\"text-align: left; width: 554.485px; height: 35px;\" align=\"left\"><span style=\"font-size: 18px; font-family: arial, helvetica, sans-serif;\">Suela exterior:<\/span><span style=\"font-size: 18px; font-family: arial, helvetica, sans-serif;\">MD, goma<\/span><\/td>\n<\/tr>\n<tr>\n<td style=\"text-align: left; width: 554.485px; height: 35px;\" align=\"left\"><span style=\"font-size: 18px; font-family: arial, helvetica, sans-serif;\">Forro: Felpa<\/span><\/td>\n<\/tr>\n<tr>\n<td style=\"text-align: left; width: 135.662px;\" align=\"left\"><span style=\"font-size: 16px;\"><strong><span style=\"font-family: arial, helvetica, sans-serif;\">Tama\u00f1o:<\/span><\/strong><\/span><\/td>\n<td style=\"text-align: left; width: 554.485px; height: 35px;\" align=\"left\"><span style=\"font-size: 18px; font-family: arial, helvetica, sans-serif;\">40-48 EUR<\/span><\/td>\n<\/tr>\n<tr>\n<td style=\"text-align: left; width: 135.662px;\" align=\"left\"><span style=\"font-size: 16px;\"><strong><span style=\"font-family: arial, helvetica, sans-serif;\">Colores:<\/span><\/strong><\/span><\/td>\n<td style=\"text-align: left; width: 554.485px; height: 35px;\" align=\"left\"><span style=\"font-size: 18px; font-family: arial, helvetica, sans-serif;\">Negro, rojo\/negro, gris, Camuflaje, verde oscuro<\/span><\/td>\n<\/tr>\n<tr>\n<td style=\"text-align: left; width: 135.662px;\" align=\"left\"><span style=\"font-size: 16px;\"><strong><span style=\"font-family: arial, helvetica, sans-serif;\">Estaciones:<\/span><\/strong><\/span><\/td>\n<td style=\"text-align: left; width: 554.485px; height: 35px;\" align=\"left\"><span style=\"font-size: 18px; font-family: arial, helvetica, sans-serif;\">Primavera, oto\u00f1o, invierno<\/span><\/td>\n<\/tr>\n<\/tbody>\n<\/table>\n<p><img decoding=\"async\" title=\"Botas de invierno para hombre, botas de nieve antideslizantes de felpa c\u00e1lidas para hombre, zapatos de senderismo de camuflaje impermeables al aire libre de alta calidad para hombre, monta\u00f1a\" src=\"https:\/\/bodegaoutdoor.cl\/store\/wp-content\/uploads\/2021\/11\/49546-9anggw.jpg\" alt=\"Botas de invierno para hombre, botas de nieve antideslizantes de felpa c\u00e1lidas para hombre, zapatos de senderismo de camuflaje impermeables al aire libre de alta calidad para hombre, monta\u00f1a\" \/><img decoding=\"async\" title=\"Botas de invierno para hombre, botas de nieve antideslizantes de felpa c\u00e1lidas para hombre, zapatos de senderismo de camuflaje impermeables al aire libre de alta calidad para hombre, monta\u00f1a\" src=\"https:\/\/bodegaoutdoor.cl\/store\/wp-content\/uploads\/2021\/11\/49546-g77kvn.jpg\" alt=\"Botas de invierno para hombre, botas de nieve antideslizantes de felpa c\u00e1lidas para hombre, zapatos de senderismo de camuflaje impermeables al aire libre de alta calidad para hombre, monta\u00f1a\" \/><img decoding=\"async\" title=\"Botas de invierno para hombre, botas de nieve antideslizantes de felpa c\u00e1lidas para hombre, zapatos de senderismo de camuflaje impermeables al aire libre de alta calidad para hombre, monta\u00f1a\" src=\"https:\/\/bodegaoutdoor.cl\/store\/wp-content\/uploads\/2021\/11\/49546-rwnd85.jpg\" alt=\"Botas de invierno para hombre, botas de nieve antideslizantes de felpa c\u00e1lidas para hombre, zapatos de senderismo de camuflaje impermeables al aire libre de alta calidad para hombre, monta\u00f1a\" \/><img decoding=\"async\" title=\"Botas de invierno para hombre, botas de nieve antideslizantes de felpa c\u00e1lidas para hombre, zapatos de senderismo de camuflaje impermeables al aire libre de alta calidad para hombre, monta\u00f1a\" src=\"https:\/\/bodegaoutdoor.cl\/store\/wp-content\/uploads\/2021\/11\/49546-b28eet.jpg\" alt=\"Botas de invierno para hombre, botas de nieve antideslizantes de felpa c\u00e1lidas para hombre, zapatos de senderismo de camuflaje impermeables al aire libre de alta calidad para hombre, monta\u00f1a\" \/><img decoding=\"async\" title=\"Botas de invierno para hombre, botas de nieve antideslizantes de felpa c\u00e1lidas para hombre, zapatos de senderismo de camuflaje impermeables al aire libre de alta calidad para hombre, monta\u00f1a\" src=\"https:\/\/bodegaoutdoor.cl\/store\/wp-content\/uploads\/2021\/11\/49546-rzmt1j.jpg\" alt=\"Botas de invierno para hombre, botas de nieve antideslizantes de felpa c\u00e1lidas para hombre, zapatos de senderismo de camuflaje impermeables al aire libre de alta calidad para hombre, monta\u00f1a\" \/><img decoding=\"async\" title=\"Botas de invierno para hombre, botas de nieve antideslizantes de felpa c\u00e1lidas para hombre, zapatos de senderismo de camuflaje impermeables al aire libre de alta calidad para hombre, monta\u00f1a\" src=\"https:\/\/bodegaoutdoor.cl\/store\/wp-content\/uploads\/2021\/11\/49546-85mzxi.jpg\" alt=\"Botas de invierno para hombre, botas de nieve antideslizantes de felpa c\u00e1lidas para hombre, zapatos de senderismo de camuflaje impermeables al aire libre de alta calidad para hombre, monta\u00f1a\" \/><img decoding=\"async\" title=\"Botas de invierno para hombre, botas de nieve antideslizantes de felpa c\u00e1lidas para hombre, zapatos de senderismo de camuflaje impermeables al aire libre de alta calidad para hombre, monta\u00f1a\" src=\"https:\/\/bodegaoutdoor.cl\/store\/wp-content\/uploads\/2021\/11\/49546-jkkfga.jpg\" alt=\"Botas de invierno para hombre, botas de nieve antideslizantes de felpa c\u00e1lidas para hombre, zapatos de senderismo de camuflaje impermeables al aire libre de alta calidad para hombre, monta\u00f1a\" \/><img decoding=\"async\" title=\"Botas de invierno para hombre, botas de nieve antideslizantes de felpa c\u00e1lidas para hombre, zapatos de senderismo de camuflaje impermeables al aire libre de alta calidad para hombre, monta\u00f1a\" src=\"https:\/\/bodegaoutdoor.cl\/store\/wp-content\/uploads\/2021\/11\/49546-1jjgm6.jpg\" alt=\"Botas de invierno para hombre, botas de nieve antideslizantes de felpa c\u00e1lidas para hombre, zapatos de senderismo de camuflaje impermeables al aire libre de alta calidad para hombre, monta\u00f1a\" \/><img decoding=\"async\" title=\"Botas de invierno para hombre, botas de nieve antideslizantes de felpa c\u00e1lidas para hombre, zapatos de senderismo de camuflaje impermeables al aire libre de alta calidad para hombre, monta\u00f1a\" src=\"https:\/\/bodegaoutdoor.cl\/store\/wp-content\/uploads\/2021\/11\/49546-ygxbrr.jpg\" alt=\"Botas de invierno para hombre, botas de nieve antideslizantes de felpa c\u00e1lidas para hombre, zapatos de senderismo de camuflaje impermeables al aire libre de alta calidad para hombre, monta\u00f1a\" \/><img decoding=\"async\" title=\"Botas de invierno para hombre, botas de nieve antideslizantes de felpa c\u00e1lidas para hombre, zapatos de senderismo de camuflaje impermeables al aire libre de alta calidad para hombre, monta\u00f1a\" src=\"https:\/\/bodegaoutdoor.cl\/store\/wp-content\/uploads\/2021\/11\/49546-bsgljm.jpg\" alt=\"Botas de invierno para hombre, botas de nieve antideslizantes de felpa c\u00e1lidas para hombre, zapatos de senderismo de camuflaje impermeables al aire libre de alta calidad para hombre, monta\u00f1a\" \/><img decoding=\"async\" title=\"Botas de invierno para hombre, botas de nieve antideslizantes de felpa c\u00e1lidas para hombre, zapatos de senderismo de camuflaje impermeables al aire libre de alta calidad para hombre, monta\u00f1a\" src=\"https:\/\/bodegaoutdoor.cl\/store\/wp-content\/uploads\/2021\/11\/49546-rcwalz.jpg\" alt=\"Botas de invierno para hombre, botas de nieve antideslizantes de felpa c\u00e1lidas para hombre, zapatos de senderismo de camuflaje impermeables al aire libre de alta calidad para hombre, monta\u00f1a\" \/><img decoding=\"async\" title=\"Botas de invierno para hombre, botas de nieve antideslizantes de felpa c\u00e1lidas para hombre, zapatos de senderismo de camuflaje impermeables al aire libre de alta calidad para hombre, monta\u00f1a\" src=\"https:\/\/bodegaoutdoor.cl\/store\/wp-content\/uploads\/2021\/11\/49546-hrgozy.jpg\" alt=\"Botas de invierno para hombre, botas de nieve antideslizantes de felpa c\u00e1lidas para hombre, zapatos de senderismo de camuflaje impermeables al aire libre de alta calidad para hombre, monta\u00f1a\" \/><img decoding=\"async\" title=\"Botas de invierno para hombre, botas de nieve antideslizantes de felpa c\u00e1lidas para hombre, zapatos de senderismo de camuflaje impermeables al aire libre de alta calidad para hombre, monta\u00f1a\" src=\"https:\/\/bodegaoutdoor.cl\/store\/wp-content\/uploads\/2021\/11\/49546-hqrpgk.jpg\" alt=\"Botas de invierno para hombre, botas de nieve antideslizantes de felpa c\u00e1lidas para hombre, zapatos de senderismo de camuflaje impermeables al aire libre de alta calidad para hombre, monta\u00f1a\" \/><img decoding=\"async\" title=\"Botas de invierno para hombre, botas de nieve antideslizantes de felpa c\u00e1lidas para hombre, zapatos de senderismo de camuflaje impermeables al aire libre de alta calidad para hombre, monta\u00f1a\" src=\"https:\/\/bodegaoutdoor.cl\/store\/wp-content\/uploads\/2021\/11\/49546-4ttv0z.jpg\" alt=\"Botas de invierno para hombre, botas de nieve antideslizantes de felpa c\u00e1lidas para hombre, zapatos de senderismo de camuflaje impermeables al aire libre de alta calidad para hombre, monta\u00f1a\" \/><img decoding=\"async\" title=\"Botas de invierno para hombre, botas de nieve antideslizantes de felpa c\u00e1lidas para hombre, zapatos de senderismo de camuflaje impermeables al aire libre de alta calidad para hombre, monta\u00f1a\" src=\"https:\/\/bodegaoutdoor.cl\/store\/wp-content\/uploads\/2021\/11\/49546-kjquhm.jpg\" alt=\"Botas de invierno para hombre, botas de nieve antideslizantes de felpa c\u00e1lidas para hombre, zapatos de senderismo de camuflaje impermeables al aire libre de alta calidad para hombre, monta\u00f1a\" \/><img decoding=\"async\" title=\"Botas de invierno para hombre, botas de nieve antideslizantes de felpa c\u00e1lidas para hombre, zapatos de senderismo de camuflaje impermeables al aire libre de alta calidad para hombre, monta\u00f1a\" src=\"https:\/\/bodegaoutdoor.cl\/store\/wp-content\/uploads\/2021\/11\/49546-cziaej.jpg\" alt=\"Botas de invierno para hombre, botas de nieve antideslizantes de felpa c\u00e1lidas para hombre, zapatos de senderismo de camuflaje impermeables al aire libre de alta calidad para hombre, monta\u00f1a\" \/><img decoding=\"async\" title=\"Botas de invierno para hombre, botas de nieve antideslizantes de felpa c\u00e1lidas para hombre, zapatos de senderismo de camuflaje impermeables al aire libre de alta calidad para hombre, monta\u00f1a\" src=\"https:\/\/bodegaoutdoor.cl\/store\/wp-content\/uploads\/2021\/11\/49546-os6ksj.jpg\" alt=\"Botas de invierno para hombre, botas de nieve antideslizantes de felpa c\u00e1lidas para hombre, zapatos de senderismo de camuflaje impermeables al aire libre de alta calidad para hombre, monta\u00f1a\" \/><img decoding=\"async\" title=\"Botas de invierno para hombre, botas de nieve antideslizantes de felpa c\u00e1lidas para hombre, zapatos de senderismo de camuflaje impermeables al aire libre de alta calidad para hombre, monta\u00f1a\" src=\"https:\/\/bodegaoutdoor.cl\/store\/wp-content\/uploads\/2021\/11\/49546-leti0s.jpg\" alt=\"Botas de invierno para hombre, botas de nieve antideslizantes de felpa c\u00e1lidas para hombre, zapatos de senderismo de camuflaje impermeables al aire libre de alta calidad para hombre, monta\u00f1a\" \/><img decoding=\"async\" title=\"Botas de invierno para hombre, botas de nieve antideslizantes de felpa c\u00e1lidas para hombre, zapatos de senderismo de camuflaje impermeables al aire libre de alta calidad para hombre, monta\u00f1a\" src=\"https:\/\/bodegaoutdoor.cl\/store\/wp-content\/uploads\/2021\/11\/49546-a2xecf.jpg\" alt=\"Botas de invierno para hombre, botas de nieve antideslizantes de felpa c\u00e1lidas para hombre, zapatos de senderismo de camuflaje impermeables al aire libre de alta calidad para hombre, monta\u00f1a\" \/><img decoding=\"async\" title=\"Botas de invierno para hombre, botas de nieve antideslizantes de felpa c\u00e1lidas para hombre, zapatos de senderismo de camuflaje impermeables al aire libre de alta calidad para hombre, monta\u00f1a\" src=\"https:\/\/bodegaoutdoor.cl\/store\/wp-content\/uploads\/2021\/11\/49546-9j4zbg.jpg\" alt=\"Botas de invierno para hombre, botas de nieve antideslizantes de felpa c\u00e1lidas para hombre, zapatos de senderismo de camuflaje impermeables al aire libre de alta calidad para hombre, monta\u00f1a\" \/><img decoding=\"async\" title=\"Botas de invierno para hombre, botas de nieve antideslizantes de felpa c\u00e1lidas para hombre, zapatos de senderismo de camuflaje impermeables al aire libre de alta calidad para hombre, monta\u00f1a\" src=\"https:\/\/bodegaoutdoor.cl\/store\/wp-content\/uploads\/2021\/11\/49546-gawi7z.jpg\" alt=\"Botas de invierno para hombre, botas de nieve antideslizantes de felpa c\u00e1lidas para hombre, zapatos de senderismo de camuflaje impermeables al aire libre de alta calidad para hombre, monta\u00f1a\" \/><img decoding=\"async\" title=\"Botas de invierno para hombre, botas de nieve antideslizantes de felpa c\u00e1lidas para hombre, zapatos de senderismo de camuflaje impermeables al aire libre de alta calidad para hombre, monta\u00f1a\" src=\"https:\/\/bodegaoutdoor.cl\/store\/wp-content\/uploads\/2021\/11\/49546-dlkrki.jpg\" alt=\"Botas de invierno para hombre, botas de nieve antideslizantes de felpa c\u00e1lidas para hombre, zapatos de senderismo de camuflaje impermeables al aire libre de alta calidad para hombre, monta\u00f1a\" \/><img decoding=\"async\" title=\"Botas de invierno para hombre, botas de nieve antideslizantes de felpa c\u00e1lidas para hombre, zapatos de senderismo de camuflaje impermeables al aire libre de alta calidad para hombre, monta\u00f1a\" src=\"https:\/\/bodegaoutdoor.cl\/store\/wp-content\/uploads\/2021\/11\/49546-b40vws.jpg\" alt=\"Botas de invierno para hombre, botas de nieve antideslizantes de felpa c\u00e1lidas para hombre, zapatos de senderismo de camuflaje impermeables al aire libre de alta calidad para hombre, monta\u00f1a\" \/><\/p>\n<\/div>\n<\/div>\n<p>&nbsp;<\/p>\n<\/div>\n<\/div>\n\n    <div class=\"xs_social_share_widget xs_share_url after_content \t\tmain_content  wslu-style-1 wslu-share-box-shaped wslu-fill-colored wslu-none wslu-share-horizontal wslu-theme-font-no wslu-main_content\">\n\n\t\t\n        <ul>\n\t\t\t        <\/ul>\n    <\/div> \n","protected":false},"excerpt":{"rendered":"<div class=\"woocommerce-product-details__short-description\">\n<div class=\"woocommerce-product-details__short-description\">\n<div class=\"woocommerce-product-details__short-description\">\n<div class=\"woocommerce-product-details__short-description\">\n<div class=\"woocommerce-product-details__short-description\">\n<div class=\"woocommerce-product-details__short-description\">\n<div class=\"woocommerce-product-details__short-description\">\n<div class=\"woocommerce-product-details__short-description\">\n<div class=\"woocommerce-product-details__short-description\">\n<div class=\"woocommerce-product-details__short-description\">\n<div class=\"woocommerce-product-details__short-description\">\n<p><span style=\"color: #ff0000;\">PRECIO MAYOR M\u00cdNIMO 3 UNIDADES\u00a0 $ 55.000 c\/u<\/span><\/p>\n<\/div>\n<\/div>\n<\/div>\n<\/div>\n<\/div>\n<\/div>\n<\/div>\n<\/div>\n<\/div>\n<\/div>\n<p class=\"price\">\n<\/div>\n<p class=\"price\">\n","protected":false},"featured_media":49592,"comment_status":"open","ping_status":"closed","template":"","meta":{"jetpack_publicize_message":"","jetpack_publicize_feature_enabled":true,"jetpack_social_post_already_shared":true,"jetpack_social_options":{"image_generator_settings":{"template":"highway","enabled":false},"version":2}},"product_brand":[],"product_cat":[41],"product_tag":[156,2899,1282,481,829],"class_list":{"0":"post-49546","1":"product","2":"type-product","3":"status-publish","4":"has-post-thumbnail","6":"product_cat-calzado","7":"product_tag-calzado","8":"product_tag-camuflado","9":"product_tag-impermeable","10":"product_tag-outdoor","11":"product_tag-waterproof","13":"first","14":"instock","15":"taxable","16":"shipping-taxable","17":"purchasable","18":"product-type-variable"},"jetpack_publicize_connections":[],"jetpack_sharing_enabled":true,"_links":{"self":[{"href":"https:\/\/bodegaoutdoor.cl\/store\/wp-json\/wp\/v2\/product\/49546","targetHints":{"allow":["GET"]}}],"collection":[{"href":"https:\/\/bodegaoutdoor.cl\/store\/wp-json\/wp\/v2\/product"}],"about":[{"href":"https:\/\/bodegaoutdoor.cl\/store\/wp-json\/wp\/v2\/types\/product"}],"replies":[{"embeddable":true,"href":"https:\/\/bodegaoutdoor.cl\/store\/wp-json\/wp\/v2\/comments?post=49546"}],"version-history":[{"count":2,"href":"https:\/\/bodegaoutdoor.cl\/store\/wp-json\/wp\/v2\/product\/49546\/revisions"}],"predecessor-version":[{"id":70985,"href":"https:\/\/bodegaoutdoor.cl\/store\/wp-json\/wp\/v2\/product\/49546\/revisions\/70985"}],"wp:featuredmedia":[{"embeddable":true,"href":"https:\/\/bodegaoutdoor.cl\/store\/wp-json\/wp\/v2\/media\/49592"}],"wp:attachment":[{"href":"https:\/\/bodegaoutdoor.cl\/store\/wp-json\/wp\/v2\/media?parent=49546"}],"wp:term":[{"taxonomy":"product_brand","embeddable":true,"href":"https:\/\/bodegaoutdoor.cl\/store\/wp-json\/wp\/v2\/product_brand?post=49546"},{"taxonomy":"product_cat","embeddable":true,"href":"https:\/\/bodegaoutdoor.cl\/store\/wp-json\/wp\/v2\/product_cat?post=49546"},{"taxonomy":"product_tag","embeddable":true,"href":"https:\/\/bodegaoutdoor.cl\/store\/wp-json\/wp\/v2\/product_tag?post=49546"}],"curies":[{"name":"wp","href":"https:\/\/api.w.org\/{rel}","templated":true}]}}