{"id":4973,"date":"2020-07-17T05:46:38","date_gmt":"2020-07-17T05:46:38","guid":{"rendered":"https:\/\/bodegaoutdoor.cl\/store\/product\/north-edge-podometro-calorias-bluetooth-hombres-relojes-deportivos-deteccion-de-distancia-reloj-digital-correr-natacion-reloj-de-pulsera\/"},"modified":"2023-05-04T19:19:40","modified_gmt":"2023-05-04T23:19:40","slug":"north-edge-podometro-calorias-bluetooth-hombres-relojes-deportivos-deteccion-de-distancia-reloj-digital-correr-natacion-reloj-de-pulsera","status":"publish","type":"product","link":"https:\/\/bodegaoutdoor.cl\/store\/product\/north-edge-podometro-calorias-bluetooth-hombres-relojes-deportivos-deteccion-de-distancia-reloj-digital-correr-natacion-reloj-de-pulsera\/","title":{"rendered":"Reloj pod\u00f3metro Bluetooth deportivos nataci\u00f3n Outdoor"},"content":{"rendered":"<div><\/div>\n<div>\n<div>\n<div><strong><span style=\"font-size: 20px;\">Caracter\u00edstica<\/span><\/strong><\/div>\n<div><\/div>\n<div><span style=\"font-size: 14px;\">1. Impermeable 100 M<\/span><\/div>\n<div><span style=\"font-size: 14px;\">2. Vidrio templado (resistente a los ara\u00f1azos)<\/span><\/div>\n<div><span style=\"font-size: 14px;\">3. Luz solar-Visible<\/span><span style=\"font-size: 14px;\">FSTN\/la vista<\/span><\/div>\n<div><span style=\"font-size: 14px;\">4 LED retroiluminada<\/span><\/div>\n<div><span style=\"font-size: 14px;\">5 sensor de la gravedad de la<\/span><\/div>\n<div><span style=\"font-size: 14px;\">6 bater\u00eda CR2432<\/span><\/div>\n<div><span style=\"font-size: 14px;\">7. 33 meses de tiempo de espera<\/span><\/div>\n<div><span style=\"font-size: 14px;\">8 Bluetooth 4,0<\/span><\/div>\n<div><span style=\"font-size: 14px;\">9 Android y IOS compatibilidad<\/span><\/div>\n<div><span style=\"font-size: 14px;\">10. Almacenamiento de fecha de movimiento<\/span><\/div>\n<div><span style=\"font-size: 14px;\">11 Registro de actividad durante todo el d\u00eda<\/span><\/div>\n<div><span style=\"font-size: 14px;\">12 Recordatorio de Llamada entrante\/recordatorio de informaci\u00f3n<\/span><\/div>\n<div><span style=\"font-size: 14px;\">13 Masa de la quema de calor\u00edas de seguimiento<\/span><\/div>\n<div><span style=\"font-size: 14px;\">14 A poca distancia a pie<\/span><\/div>\n<div><span style=\"font-size: 14px;\">15 La fecha de hoy<\/span><\/div>\n<div><span style=\"font-size: 14px;\">16 Configuraci\u00f3n de alarma<\/span><\/div>\n<div><span style=\"font-size: 14px;\">17 Cron\u00f3metro<\/span><\/div>\n<div><span style=\"font-size: 14px;\">18 C\u00e1mara de Control Remoto<span id=\"kse-bm-29S\"> <\/span> Control:Controla la c\u00e1mara de tu tel\u00e9fono a trav\u00e9s de Bluetooth<\/span> <span id=\"kse-bm-29E\"> <\/span><\/div>\n<div><span style=\"font-size: 14px;\">19 intercambio Social<\/span><\/div>\n<div><span style=\"font-size: 14px;\">&#8212;&#8212;&#8212;&#8212;&#8212;&#8212;&#8212;&#8212;&#8212;&#8212;&#8212;&#8212;&#8212;&#8212;&#8212;&#8212;&#8212;&#8212;&#8212;&#8212;&#8212;&#8212;&#8212;&#8212;&#8212;&#8212;&#8212;&#8212;&#8212;&#8212;&#8212;&#8212;&#8212;&#8212;&#8212;&#8212;&#8212;&#8212;&#8212;&#8212;&#8212;&#8212;&#8212;&#8212;&#8212;&#8212;&#8212;&#8212;&#8212;&#8212;&#8212;&#8212;&#8212;&#8212;&#8212;&#8212;&#8212;&#8212;&#8212;&#8212;&#8212;&#8212;&#8212;-<\/span><\/div>\n<div><span style=\"font-size: 14px;\"><img decoding=\"async\" title=\"NORTH EDGE pod\u00f3metro calor\u00edas Bluetooth hombres relojes deportivos detecci\u00f3n de distancia reloj Digital correr nataci\u00f3n reloj de pulsera\" src=\"https:\/\/bodegaoutdoor.cl\/store\/wp-content\/uploads\/2020\/07\/4973-znm7ph.jpg\" alt=\"NORTH EDGE pod\u00f3metro calor\u00edas Bluetooth hombres relojes deportivos detecci\u00f3n de distancia reloj Digital correr nataci\u00f3n reloj de pulsera\" \/><img decoding=\"async\" title=\"NORTH EDGE pod\u00f3metro calor\u00edas Bluetooth hombres relojes deportivos detecci\u00f3n de distancia reloj Digital correr nataci\u00f3n reloj de pulsera\" src=\"https:\/\/bodegaoutdoor.cl\/store\/wp-content\/uploads\/2020\/07\/4973-t0rzkt.jpg\" alt=\"NORTH EDGE pod\u00f3metro calor\u00edas Bluetooth hombres relojes deportivos detecci\u00f3n de distancia reloj Digital correr nataci\u00f3n reloj de pulsera\" \/><img decoding=\"async\" title=\"NORTH EDGE pod\u00f3metro calor\u00edas Bluetooth hombres relojes deportivos detecci\u00f3n de distancia reloj Digital correr nataci\u00f3n reloj de pulsera\" src=\"https:\/\/bodegaoutdoor.cl\/store\/wp-content\/uploads\/2020\/07\/4973-fzou7v.jpg\" alt=\"NORTH EDGE pod\u00f3metro calor\u00edas Bluetooth hombres relojes deportivos detecci\u00f3n de distancia reloj Digital correr nataci\u00f3n reloj de pulsera\" \/><img decoding=\"async\" title=\"NORTH EDGE pod\u00f3metro calor\u00edas Bluetooth hombres relojes deportivos detecci\u00f3n de distancia reloj Digital correr nataci\u00f3n reloj de pulsera\" src=\"https:\/\/bodegaoutdoor.cl\/store\/wp-content\/uploads\/2020\/07\/4973-4i0u8q.jpg\" alt=\"NORTH EDGE pod\u00f3metro calor\u00edas Bluetooth hombres relojes deportivos detecci\u00f3n de distancia reloj Digital correr nataci\u00f3n reloj de pulsera\" \/><img decoding=\"async\" title=\"NORTH EDGE pod\u00f3metro calor\u00edas Bluetooth hombres relojes deportivos detecci\u00f3n de distancia reloj Digital correr nataci\u00f3n reloj de pulsera\" src=\"https:\/\/bodegaoutdoor.cl\/store\/wp-content\/uploads\/2020\/07\/4973-jtiycr.jpg\" alt=\"NORTH EDGE pod\u00f3metro calor\u00edas Bluetooth hombres relojes deportivos detecci\u00f3n de distancia reloj Digital correr nataci\u00f3n reloj de pulsera\" \/><img decoding=\"async\" title=\"NORTH EDGE pod\u00f3metro calor\u00edas Bluetooth hombres relojes deportivos detecci\u00f3n de distancia reloj Digital correr nataci\u00f3n reloj de pulsera\" src=\"https:\/\/bodegaoutdoor.cl\/store\/wp-content\/uploads\/2020\/07\/4973-ndknoy.jpg\" alt=\"NORTH EDGE pod\u00f3metro calor\u00edas Bluetooth hombres relojes deportivos detecci\u00f3n de distancia reloj Digital correr nataci\u00f3n reloj de pulsera\" \/><img decoding=\"async\" title=\"NORTH EDGE pod\u00f3metro calor\u00edas Bluetooth hombres relojes deportivos detecci\u00f3n de distancia reloj Digital correr nataci\u00f3n reloj de pulsera\" src=\"https:\/\/bodegaoutdoor.cl\/store\/wp-content\/uploads\/2020\/07\/4973-9tmpdg.jpg\" alt=\"NORTH EDGE pod\u00f3metro calor\u00edas Bluetooth hombres relojes deportivos detecci\u00f3n de distancia reloj Digital correr nataci\u00f3n reloj de pulsera\" \/><img decoding=\"async\" title=\"NORTH EDGE pod\u00f3metro calor\u00edas Bluetooth hombres relojes deportivos detecci\u00f3n de distancia reloj Digital correr nataci\u00f3n reloj de pulsera\" src=\"https:\/\/bodegaoutdoor.cl\/store\/wp-content\/uploads\/2020\/07\/4973-hqeepz.jpg\" alt=\"NORTH EDGE pod\u00f3metro calor\u00edas Bluetooth hombres relojes deportivos detecci\u00f3n de distancia reloj Digital correr nataci\u00f3n reloj de pulsera\" \/><img decoding=\"async\" title=\"NORTH EDGE pod\u00f3metro calor\u00edas Bluetooth hombres relojes deportivos detecci\u00f3n de distancia reloj Digital correr nataci\u00f3n reloj de pulsera\" src=\"https:\/\/bodegaoutdoor.cl\/store\/wp-content\/uploads\/2020\/07\/4973-ps9bx1.jpg\" alt=\"NORTH EDGE pod\u00f3metro calor\u00edas Bluetooth hombres relojes deportivos detecci\u00f3n de distancia reloj Digital correr nataci\u00f3n reloj de pulsera\" \/><img decoding=\"async\" title=\"NORTH EDGE pod\u00f3metro calor\u00edas Bluetooth hombres relojes deportivos detecci\u00f3n de distancia reloj Digital correr nataci\u00f3n reloj de pulsera\" src=\"https:\/\/bodegaoutdoor.cl\/store\/wp-content\/uploads\/2020\/07\/4973-bvnk50.jpg\" alt=\"NORTH EDGE pod\u00f3metro calor\u00edas Bluetooth hombres relojes deportivos detecci\u00f3n de distancia reloj Digital correr nataci\u00f3n reloj de pulsera\" \/><img decoding=\"async\" title=\"NORTH EDGE pod\u00f3metro calor\u00edas Bluetooth hombres relojes deportivos detecci\u00f3n de distancia reloj Digital correr nataci\u00f3n reloj de pulsera\" src=\"https:\/\/bodegaoutdoor.cl\/store\/wp-content\/uploads\/2020\/07\/4973-yicuoj.jpg\" alt=\"NORTH EDGE pod\u00f3metro calor\u00edas Bluetooth hombres relojes deportivos detecci\u00f3n de distancia reloj Digital correr nataci\u00f3n reloj de pulsera\" \/><\/span><\/div>\n<\/div>\n<\/div>\n\n    <div class=\"xs_social_share_widget xs_share_url after_content \t\tmain_content  wslu-style-1 wslu-share-box-shaped wslu-fill-colored wslu-none wslu-share-horizontal wslu-theme-font-no wslu-main_content\">\n\n\t\t\n        <ul>\n\t\t\t        <\/ul>\n    <\/div> \n","protected":false},"excerpt":{"rendered":"<p>Caracter\u00edstica 1. Impermeable 100 M 2. Vidrio templado (resistente a los ara\u00f1azos) 3. Luz solar-VisibleFSTN\/la vista 4 LED retroiluminada 5 sensor de la gravedad de la 6 bater\u00eda CR2432 7. 33 meses de tiempo de espera 8 Bluetooth 4,0 9 Android y IOS compatibilidad 10. Almacenamiento de fecha de movimiento 11 Registro de actividad durante [&hellip;]<\/p>\n","protected":false},"featured_media":4975,"comment_status":"open","ping_status":"closed","template":"","meta":{"jetpack_publicize_message":"","jetpack_publicize_feature_enabled":true,"jetpack_social_post_already_shared":true,"jetpack_social_options":{"image_generator_settings":{"template":"highway","enabled":false},"version":2}},"product_brand":[],"product_cat":[36],"product_tag":[],"class_list":{"0":"post-4973","1":"product","2":"type-product","3":"status-publish","4":"has-post-thumbnail","6":"product_cat-relojes","8":"first","9":"instock","10":"sale","11":"taxable","12":"shipping-taxable","13":"purchasable","14":"product-type-variable"},"jetpack_publicize_connections":[],"jetpack_sharing_enabled":true,"_links":{"self":[{"href":"https:\/\/bodegaoutdoor.cl\/store\/wp-json\/wp\/v2\/product\/4973","targetHints":{"allow":["GET"]}}],"collection":[{"href":"https:\/\/bodegaoutdoor.cl\/store\/wp-json\/wp\/v2\/product"}],"about":[{"href":"https:\/\/bodegaoutdoor.cl\/store\/wp-json\/wp\/v2\/types\/product"}],"replies":[{"embeddable":true,"href":"https:\/\/bodegaoutdoor.cl\/store\/wp-json\/wp\/v2\/comments?post=4973"}],"version-history":[{"count":2,"href":"https:\/\/bodegaoutdoor.cl\/store\/wp-json\/wp\/v2\/product\/4973\/revisions"}],"predecessor-version":[{"id":71361,"href":"https:\/\/bodegaoutdoor.cl\/store\/wp-json\/wp\/v2\/product\/4973\/revisions\/71361"}],"wp:featuredmedia":[{"embeddable":true,"href":"https:\/\/bodegaoutdoor.cl\/store\/wp-json\/wp\/v2\/media\/4975"}],"wp:attachment":[{"href":"https:\/\/bodegaoutdoor.cl\/store\/wp-json\/wp\/v2\/media?parent=4973"}],"wp:term":[{"taxonomy":"product_brand","embeddable":true,"href":"https:\/\/bodegaoutdoor.cl\/store\/wp-json\/wp\/v2\/product_brand?post=4973"},{"taxonomy":"product_cat","embeddable":true,"href":"https:\/\/bodegaoutdoor.cl\/store\/wp-json\/wp\/v2\/product_cat?post=4973"},{"taxonomy":"product_tag","embeddable":true,"href":"https:\/\/bodegaoutdoor.cl\/store\/wp-json\/wp\/v2\/product_tag?post=4973"}],"curies":[{"name":"wp","href":"https:\/\/api.w.org\/{rel}","templated":true}]}}