{"id":4993,"date":"2020-07-17T05:55:01","date_gmt":"2020-07-17T05:55:01","guid":{"rendered":"https:\/\/bodegaoutdoor.cl\/store\/product\/conjuntos-de-ropa-interior-para-hombre-de-motocicleta-ropa-deportiva-transpirable-de-secado-rapido-capas-base-apretado-largo-tops-y-pantalones-ropa-deportiva-ropa-interior\/"},"modified":"2023-05-04T19:19:40","modified_gmt":"2023-05-04T23:19:40","slug":"conjuntos-de-ropa-interior-para-hombre-de-motocicleta-ropa-deportiva-transpirable-de-secado-rapido-capas-base-apretado-largo-tops-y-pantalones-ropa-deportiva-ropa-interior","status":"publish","type":"product","link":"https:\/\/bodegaoutdoor.cl\/store\/product\/conjuntos-de-ropa-interior-para-hombre-de-motocicleta-ropa-deportiva-transpirable-de-secado-rapido-capas-base-apretado-largo-tops-y-pantalones-ropa-deportiva-ropa-interior\/","title":{"rendered":"Conjunto interior hombre  deportiva Compresi\u00f3n transpirable de secado r\u00e1pido"},"content":{"rendered":"<p style=\"text-align: center;\"><video style=\"max-width: 100%;\" src=\"\/\/cloud.video.taobao.com\/play\/u\/17380996424\/p\/1\/e\/6\/t\/10301\/246697458945.mp4\" poster=\"https:\/\/ae01.alicdn.com\/kf\/H8cc20554a3bb4818a79d0c54711ca362u\/Conjuntos-de-ropa-interior-para-hombre-de-motocicleta-ropa-deportiva-transpirable-de-secado-r-pido-capas.jpg,https:\/\/ae01.alicdn.com\/kf\/H87c3c47f39224a24ba0e9f0806fe01e7a\/Conjuntos-de-ropa-interior-para-hombre-de-motocicleta-ropa-deportiva-transpirable-de-secado-r-pido-capas.jpg,https:\/\/ae01.alicdn.com\/kf\/Haabb0208ac38432da652b2c87ecd01c5I\/Conjuntos-de-ropa-interior-para-hombre-de-motocicleta-ropa-deportiva-transpirable-de-secado-r-pido-capas.jpg,https:\/\/ae01.alicdn.com\/kf\/H685003cf552a420a8743f4624bd143235\/Conjuntos-de-ropa-interior-para-hombre-de-motocicleta-ropa-deportiva-transpirable-de-secado-r-pido-capas.jpg\" preload=\"auto\" controls=\"controls\" width=\"100%\" height=\"100%\"><\/video><\/p>\n<div><\/div>\n<div>\n<div>\n<div id=\"246836519784\" data-previewurl=\"\/\/img.alicdn.com\/imgextra\/i3\/6000000002570\/O1CN01hFCRh01Ur6SurzVhN_!!6000000002570-0-tbvideo.jpg\"><\/div>\n<\/div>\n<\/div>\n<div>\n<p style=\"font-family: 'OpenSans'; color: #000; font-weight: 900; font-size: 20px; line-height: 28px; margin-bottom: 12px;\">Especificaciones:<\/p>\n<p style=\"font-family: 'OpenSans'; color: #000; font-weight: 300; font-size: 14px; line-height: 20px; margin-bottom: 12px;\">Material: POLI\u00c9STER + 85% spandex 15%<br \/>\nTemporada: primavera, verano, Oto\u00f1o e Invierno<br \/>\nAplicable: motocicleta y bicicleta<br \/>\nC\u00f3mo usarlo: ll\u00e9valo dentro de la chaqueta como ropa interior de capa base<\/p>\n<\/div>\n<div>\n<p style=\"font-family: 'OpenSans'; color: #000; font-weight: 900; font-size: 20px; line-height: 28px; margin-bottom: 12px;\">Caracter\u00edsticas:<\/p>\n<p style=\"font-family: 'OpenSans'; color: #000; font-weight: 300; font-size: 14px; line-height: 20px; margin-bottom: 12px;\">1. Rendimiento h\u00famedo y seco: Hecho de tela de alta calidad, con el mejor rendimiento de secado r\u00e1pido y absorci\u00f3n de humedad<br \/>\n2. Alta compresi\u00f3n el\u00e1stica: dise\u00f1ada espec\u00edficamente para motociclistas que buscan compresi\u00f3n del cuerpo superior, la tela se utiliza junto con Spandex para lograr la m\u00e1xima compresi\u00f3n, comodidad y flexibilidad<br \/>\n3 mantente fresco en verano: en verano, es de secado r\u00e1pido, absorbe la humedad y transpirable para mantenerlo fresco durante el ciclismo o cuando la temperatura exterior es alta, mientras reduce la fatiga, por lo que es una capa base ideal para ciclismo durante todo el d\u00eda<br \/>\n4 mantiene el calor en invierno: en invierno, use ropa interior en la chaqueta al aire libre como una capa base de aislamiento, reduzca el consumo de energ\u00eda debido a los temblores musculares, mant\u00e9ngalo caliente din\u00e1micamente, Y proporciona un excelente equilibrio de transpirabilidad y aislamiento t\u00e9rmico para montar en bicicleta<br \/>\n5. Adecuado para montar en motocicleta\/bicicleta<\/p>\n<\/div>\n<div><img decoding=\"async\" title=\"Conjuntos de ropa interior para hombre de motocicleta ropa deportiva transpirable de secado r\u00e1pido capas Base apretado largo Tops y pantalones ropa deportiva ropa interior\" src=\"https:\/\/bodegaoutdoor.cl\/store\/wp-content\/uploads\/2020\/07\/4993-ipuh7w.jpg\" alt=\"Conjuntos de ropa interior para hombre de motocicleta ropa deportiva transpirable de secado r\u00e1pido capas Base apretado largo Tops y pantalones ropa deportiva ropa interior\" \/><img decoding=\"async\" title=\"Conjuntos de ropa interior para hombre de motocicleta ropa deportiva transpirable de secado r\u00e1pido capas Base apretado largo Tops y pantalones ropa deportiva ropa interior\" src=\"https:\/\/bodegaoutdoor.cl\/store\/wp-content\/uploads\/2020\/07\/4993-rbbyvv.jpg\" alt=\"Conjuntos de ropa interior para hombre de motocicleta ropa deportiva transpirable de secado r\u00e1pido capas Base apretado largo Tops y pantalones ropa deportiva ropa interior\" \/><\/div>\n<div>\n<p style=\"font-family: 'OpenSans'; color: #000; font-weight: 900; font-size: 20px; line-height: 28px; margin-bottom: 12px;\">Especificaciones:<\/p>\n<p style=\"font-family: 'OpenSans'; color: #000; font-weight: 300; font-size: 14px; line-height: 20px; margin-bottom: 12px;\">Marca: hierro JIA&#8217;S<br \/>\nCondici\u00f3n: nuevo<br \/>\nColor: rojo, gris, verde, azul<br \/>\nMaterial: Material de poli\u00e9ster<br \/>\nTama\u00f1o: M L XL XXL<\/p>\n<\/div>\n<div><img decoding=\"async\" title=\"Conjuntos de ropa interior para hombre de motocicleta ropa deportiva transpirable de secado r\u00e1pido capas Base apretado largo Tops y pantalones ropa deportiva ropa interior\" src=\"https:\/\/bodegaoutdoor.cl\/store\/wp-content\/uploads\/2020\/07\/4993-5zw0mm.jpg\" alt=\"Conjuntos de ropa interior para hombre de motocicleta ropa deportiva transpirable de secado r\u00e1pido capas Base apretado largo Tops y pantalones ropa deportiva ropa interior\" \/><\/div>\n<div><img decoding=\"async\" title=\"Conjuntos de ropa interior para hombre de motocicleta ropa deportiva transpirable de secado r\u00e1pido capas Base apretado largo Tops y pantalones ropa deportiva ropa interior\" src=\"https:\/\/bodegaoutdoor.cl\/store\/wp-content\/uploads\/2020\/07\/4993-9mzogp.jpg\" alt=\"Conjuntos de ropa interior para hombre de motocicleta ropa deportiva transpirable de secado r\u00e1pido capas Base apretado largo Tops y pantalones ropa deportiva ropa interior\" \/><img decoding=\"async\" title=\"Conjuntos de ropa interior para hombre de motocicleta ropa deportiva transpirable de secado r\u00e1pido capas Base apretado largo Tops y pantalones ropa deportiva ropa interior\" src=\"https:\/\/bodegaoutdoor.cl\/store\/wp-content\/uploads\/2020\/07\/4993-dahrwy.jpg\" alt=\"Conjuntos de ropa interior para hombre de motocicleta ropa deportiva transpirable de secado r\u00e1pido capas Base apretado largo Tops y pantalones ropa deportiva ropa interior\" \/><img decoding=\"async\" title=\"Conjuntos de ropa interior para hombre de motocicleta ropa deportiva transpirable de secado r\u00e1pido capas Base apretado largo Tops y pantalones ropa deportiva ropa interior\" src=\"https:\/\/bodegaoutdoor.cl\/store\/wp-content\/uploads\/2020\/07\/4993-plyfoo.jpg\" alt=\"Conjuntos de ropa interior para hombre de motocicleta ropa deportiva transpirable de secado r\u00e1pido capas Base apretado largo Tops y pantalones ropa deportiva ropa interior\" \/><img decoding=\"async\" title=\"Conjuntos de ropa interior para hombre de motocicleta ropa deportiva transpirable de secado r\u00e1pido capas Base apretado largo Tops y pantalones ropa deportiva ropa interior\" src=\"https:\/\/bodegaoutdoor.cl\/store\/wp-content\/uploads\/2020\/07\/4993-x9mavy.jpg\" alt=\"Conjuntos de ropa interior para hombre de motocicleta ropa deportiva transpirable de secado r\u00e1pido capas Base apretado largo Tops y pantalones ropa deportiva ropa interior\" \/><img decoding=\"async\" title=\"Conjuntos de ropa interior para hombre de motocicleta ropa deportiva transpirable de secado r\u00e1pido capas Base apretado largo Tops y pantalones ropa deportiva ropa interior\" src=\"https:\/\/bodegaoutdoor.cl\/store\/wp-content\/uploads\/2020\/07\/4993-dnbhdh.jpg\" alt=\"Conjuntos de ropa interior para hombre de motocicleta ropa deportiva transpirable de secado r\u00e1pido capas Base apretado largo Tops y pantalones ropa deportiva ropa interior\" \/><img decoding=\"async\" title=\"Conjuntos de ropa interior para hombre de motocicleta ropa deportiva transpirable de secado r\u00e1pido capas Base apretado largo Tops y pantalones ropa deportiva ropa interior\" src=\"https:\/\/bodegaoutdoor.cl\/store\/wp-content\/uploads\/2020\/07\/4993-xvcyte.jpg\" alt=\"Conjuntos de ropa interior para hombre de motocicleta ropa deportiva transpirable de secado r\u00e1pido capas Base apretado largo Tops y pantalones ropa deportiva ropa interior\" \/><img decoding=\"async\" title=\"Conjuntos de ropa interior para hombre de motocicleta ropa deportiva transpirable de secado r\u00e1pido capas Base apretado largo Tops y pantalones ropa deportiva ropa interior\" src=\"https:\/\/bodegaoutdoor.cl\/store\/wp-content\/uploads\/2020\/07\/4993-liipy5.jpg\" alt=\"Conjuntos de ropa interior para hombre de motocicleta ropa deportiva transpirable de secado r\u00e1pido capas Base apretado largo Tops y pantalones ropa deportiva ropa interior\" \/><img decoding=\"async\" title=\"Conjuntos de ropa interior para hombre de motocicleta ropa deportiva transpirable de secado r\u00e1pido capas Base apretado largo Tops y pantalones ropa deportiva ropa interior\" src=\"https:\/\/bodegaoutdoor.cl\/store\/wp-content\/uploads\/2020\/07\/4993-rwhzqz.jpg\" alt=\"Conjuntos de ropa interior para hombre de motocicleta ropa deportiva transpirable de secado r\u00e1pido capas Base apretado largo Tops y pantalones ropa deportiva ropa interior\" \/><img decoding=\"async\" title=\"Conjuntos de ropa interior para hombre de motocicleta ropa deportiva transpirable de secado r\u00e1pido capas Base apretado largo Tops y pantalones ropa deportiva ropa interior\" src=\"https:\/\/bodegaoutdoor.cl\/store\/wp-content\/uploads\/2020\/07\/4993-uyqmpl.jpg\" alt=\"Conjuntos de ropa interior para hombre de motocicleta ropa deportiva transpirable de secado r\u00e1pido capas Base apretado largo Tops y pantalones ropa deportiva ropa interior\" \/><\/div>\n<div><\/div>\n\n    <div class=\"xs_social_share_widget xs_share_url after_content \t\tmain_content  wslu-style-1 wslu-share-box-shaped wslu-fill-colored wslu-none wslu-share-horizontal wslu-theme-font-no wslu-main_content\">\n\n\t\t\n        <ul>\n\t\t\t        <\/ul>\n    <\/div> \n","protected":false},"excerpt":{"rendered":"<p>Especificaciones: Material: POLI\u00c9STER + 85% spandex 15% Temporada: primavera, verano, Oto\u00f1o e Invierno Aplicable: motocicleta y bicicleta C\u00f3mo usarlo: ll\u00e9valo dentro de la chaqueta como ropa interior de capa base Caracter\u00edsticas: 1. Rendimiento h\u00famedo y seco: Hecho de tela de alta calidad, con el mejor rendimiento de secado r\u00e1pido y absorci\u00f3n de humedad 2. Alta [&hellip;]<\/p>\n","protected":false},"featured_media":5044,"comment_status":"open","ping_status":"closed","template":"","meta":{"jetpack_publicize_message":"","jetpack_publicize_feature_enabled":true,"jetpack_social_post_already_shared":true,"jetpack_social_options":{"image_generator_settings":{"template":"highway","enabled":false},"version":2}},"product_brand":[],"product_cat":[71,62],"product_tag":[516,519,517,520,157,481,515,518],"class_list":{"0":"post-4993","1":"product","2":"type-product","3":"status-publish","4":"has-post-thumbnail","6":"product_cat-hombre-primera","7":"product_cat-vestuario-hombre","8":"product_tag-compresion","9":"product_tag-conjunto","10":"product_tag-deportes","11":"product_tag-despacho-gratis","12":"product_tag-hombre","13":"product_tag-outdoor","14":"product_tag-primera-capa","15":"product_tag-vestuario","17":"first","18":"instock","19":"sale","20":"taxable","21":"shipping-taxable","22":"purchasable","23":"product-type-variable"},"jetpack_publicize_connections":[],"jetpack_sharing_enabled":true,"_links":{"self":[{"href":"https:\/\/bodegaoutdoor.cl\/store\/wp-json\/wp\/v2\/product\/4993","targetHints":{"allow":["GET"]}}],"collection":[{"href":"https:\/\/bodegaoutdoor.cl\/store\/wp-json\/wp\/v2\/product"}],"about":[{"href":"https:\/\/bodegaoutdoor.cl\/store\/wp-json\/wp\/v2\/types\/product"}],"replies":[{"embeddable":true,"href":"https:\/\/bodegaoutdoor.cl\/store\/wp-json\/wp\/v2\/comments?post=4993"}],"version-history":[{"count":2,"href":"https:\/\/bodegaoutdoor.cl\/store\/wp-json\/wp\/v2\/product\/4993\/revisions"}],"predecessor-version":[{"id":71360,"href":"https:\/\/bodegaoutdoor.cl\/store\/wp-json\/wp\/v2\/product\/4993\/revisions\/71360"}],"wp:featuredmedia":[{"embeddable":true,"href":"https:\/\/bodegaoutdoor.cl\/store\/wp-json\/wp\/v2\/media\/5044"}],"wp:attachment":[{"href":"https:\/\/bodegaoutdoor.cl\/store\/wp-json\/wp\/v2\/media?parent=4993"}],"wp:term":[{"taxonomy":"product_brand","embeddable":true,"href":"https:\/\/bodegaoutdoor.cl\/store\/wp-json\/wp\/v2\/product_brand?post=4993"},{"taxonomy":"product_cat","embeddable":true,"href":"https:\/\/bodegaoutdoor.cl\/store\/wp-json\/wp\/v2\/product_cat?post=4993"},{"taxonomy":"product_tag","embeddable":true,"href":"https:\/\/bodegaoutdoor.cl\/store\/wp-json\/wp\/v2\/product_tag?post=4993"}],"curies":[{"name":"wp","href":"https:\/\/api.w.org\/{rel}","templated":true}]}}