{"id":50143,"date":"2021-11-17T15:55:22","date_gmt":"2021-11-17T18:55:22","guid":{"rendered":"https:\/\/bodegaoutdoor.cl\/store\/product\/mochila-ultraligera-informal-para-deportes-al-aire-libre-bolsa-de-agua-para-acampar-correr-hidratacion-senderismo-y-montar\/"},"modified":"2023-05-04T19:18:53","modified_gmt":"2023-05-04T23:18:53","slug":"mochila-ultraligera-para-deportes-al-aire-libre-bolsa-de-agua-para-acampar-trail-running-hidratacion-senderismo-y-montana","status":"publish","type":"product","link":"https:\/\/bodegaoutdoor.cl\/store\/product\/mochila-ultraligera-para-deportes-al-aire-libre-bolsa-de-agua-para-acampar-trail-running-hidratacion-senderismo-y-montana\/","title":{"rendered":"Mochila ultraligera para deportes al aire libre, bolsa de agua para acampar, Trail, running, hidrataci\u00f3n, senderismo y monta\u00f1a"},"content":{"rendered":"<div>\n<div>\n<p style=\"text-align: center;\"><span style=\"font-family: tahoma,geneva,sans-serif;\"><span style=\"font-size: 24px;\">Mochila de ciclismo para deportes al aire libre Casual de 8L, bolsa de agua para Camping ultraligera, mochila de hidrataci\u00f3n, mochila de senderismo y ciclismo<\/span><\/span><\/p>\n<div>\n<p style=\"font-family: OpenSans; font-size: 14px; font-weight: 300; line-height: 20px; margin-bottom: 12px;\">Especificaci\u00f3n:<\/p>\n<p>Modelo: 697<br \/>\nNombre: mochila de ciclismo al aire libre<br \/>\nTejido: nailon repelente al agua<br \/>\nTama\u00f1o: ver imagen de arriba<br \/>\nColor: Multicolor opcional<br \/>\nPeso de la correa del hombro: 0,24 kg<br \/>\nCapacidad: 8L<br \/>\nTemporada adecuada: cuatro estaciones<br \/>\nOcasiones aplicables: deportes, senderismo, escalada, viajes, exteriores, etc.<\/p>\n<p>Contenido del paquete:<br \/>\n1x mochila ciclismo<\/p>\n<\/div>\n<div><img decoding=\"async\" title=\"Mochila ultraligera informal para deportes al aire libre, bolsa de agua para acampar, correr, hidrataci\u00f3n, senderismo y montar\" src=\"https:\/\/bodegaoutdoor.cl\/store\/wp-content\/uploads\/2021\/11\/50143-gbrnxz.jpg\" alt=\"Mochila ultraligera informal para deportes al aire libre, bolsa de agua para acampar, correr, hidrataci\u00f3n, senderismo y montar\" \/><img decoding=\"async\" title=\"Mochila ultraligera informal para deportes al aire libre, bolsa de agua para acampar, correr, hidrataci\u00f3n, senderismo y montar\" src=\"https:\/\/bodegaoutdoor.cl\/store\/wp-content\/uploads\/2021\/11\/50143-dngzbr.jpg\" alt=\"Mochila ultraligera informal para deportes al aire libre, bolsa de agua para acampar, correr, hidrataci\u00f3n, senderismo y montar\" \/><img decoding=\"async\" title=\"Mochila ultraligera informal para deportes al aire libre, bolsa de agua para acampar, correr, hidrataci\u00f3n, senderismo y montar\" src=\"https:\/\/bodegaoutdoor.cl\/store\/wp-content\/uploads\/2021\/11\/50143-pikchf.jpg\" alt=\"Mochila ultraligera informal para deportes al aire libre, bolsa de agua para acampar, correr, hidrataci\u00f3n, senderismo y montar\" \/><img decoding=\"async\" title=\"Mochila ultraligera informal para deportes al aire libre, bolsa de agua para acampar, correr, hidrataci\u00f3n, senderismo y montar\" src=\"https:\/\/bodegaoutdoor.cl\/store\/wp-content\/uploads\/2021\/11\/50143-jktbwo.jpg\" alt=\"Mochila ultraligera informal para deportes al aire libre, bolsa de agua para acampar, correr, hidrataci\u00f3n, senderismo y montar\" \/><img decoding=\"async\" title=\"Mochila ultraligera informal para deportes al aire libre, bolsa de agua para acampar, correr, hidrataci\u00f3n, senderismo y montar\" src=\"https:\/\/bodegaoutdoor.cl\/store\/wp-content\/uploads\/2021\/11\/50143-kfdxji.jpg\" alt=\"Mochila ultraligera informal para deportes al aire libre, bolsa de agua para acampar, correr, hidrataci\u00f3n, senderismo y montar\" \/><img decoding=\"async\" title=\"Mochila ultraligera informal para deportes al aire libre, bolsa de agua para acampar, correr, hidrataci\u00f3n, senderismo y montar\" src=\"https:\/\/bodegaoutdoor.cl\/store\/wp-content\/uploads\/2021\/11\/50143-qbse1d.jpg\" alt=\"Mochila ultraligera informal para deportes al aire libre, bolsa de agua para acampar, correr, hidrataci\u00f3n, senderismo y montar\" \/><img decoding=\"async\" title=\"Mochila ultraligera informal para deportes al aire libre, bolsa de agua para acampar, correr, hidrataci\u00f3n, senderismo y montar\" src=\"https:\/\/bodegaoutdoor.cl\/store\/wp-content\/uploads\/2021\/11\/50143-zns3xm.jpg\" alt=\"Mochila ultraligera informal para deportes al aire libre, bolsa de agua para acampar, correr, hidrataci\u00f3n, senderismo y montar\" \/><img decoding=\"async\" title=\"Mochila ultraligera informal para deportes al aire libre, bolsa de agua para acampar, correr, hidrataci\u00f3n, senderismo y montar\" src=\"https:\/\/bodegaoutdoor.cl\/store\/wp-content\/uploads\/2021\/11\/50143-gxnf7s.jpg\" alt=\"Mochila ultraligera informal para deportes al aire libre, bolsa de agua para acampar, correr, hidrataci\u00f3n, senderismo y montar\" \/><img decoding=\"async\" title=\"Mochila ultraligera informal para deportes al aire libre, bolsa de agua para acampar, correr, hidrataci\u00f3n, senderismo y montar\" src=\"https:\/\/bodegaoutdoor.cl\/store\/wp-content\/uploads\/2021\/11\/50143-ohqh3v.jpg\" alt=\"Mochila ultraligera informal para deportes al aire libre, bolsa de agua para acampar, correr, hidrataci\u00f3n, senderismo y montar\" \/><img decoding=\"async\" title=\"Mochila ultraligera informal para deportes al aire libre, bolsa de agua para acampar, correr, hidrataci\u00f3n, senderismo y montar\" src=\"https:\/\/bodegaoutdoor.cl\/store\/wp-content\/uploads\/2021\/11\/50143-zfqosh.jpg\" alt=\"Mochila ultraligera informal para deportes al aire libre, bolsa de agua para acampar, correr, hidrataci\u00f3n, senderismo y montar\" \/><\/div>\n<div><img decoding=\"async\" title=\"Mochila ultraligera informal para deportes al aire libre, bolsa de agua para acampar, correr, hidrataci\u00f3n, senderismo y montar\" src=\"https:\/\/bodegaoutdoor.cl\/store\/wp-content\/uploads\/2021\/11\/50143-mwnhaq.jpg\" alt=\"Mochila ultraligera informal para deportes al aire libre, bolsa de agua para acampar, correr, hidrataci\u00f3n, senderismo y montar\" \/><img decoding=\"async\" title=\"Mochila ultraligera informal para deportes al aire libre, bolsa de agua para acampar, correr, hidrataci\u00f3n, senderismo y montar\" src=\"https:\/\/bodegaoutdoor.cl\/store\/wp-content\/uploads\/2021\/11\/50143-nnxe22.jpg\" alt=\"Mochila ultraligera informal para deportes al aire libre, bolsa de agua para acampar, correr, hidrataci\u00f3n, senderismo y montar\" \/><img decoding=\"async\" title=\"Mochila ultraligera informal para deportes al aire libre, bolsa de agua para acampar, correr, hidrataci\u00f3n, senderismo y montar\" src=\"https:\/\/bodegaoutdoor.cl\/store\/wp-content\/uploads\/2021\/11\/50143-8bq0mi.jpg\" alt=\"Mochila ultraligera informal para deportes al aire libre, bolsa de agua para acampar, correr, hidrataci\u00f3n, senderismo y montar\" \/><img decoding=\"async\" title=\"Mochila ultraligera informal para deportes al aire libre, bolsa de agua para acampar, correr, hidrataci\u00f3n, senderismo y montar\" src=\"https:\/\/bodegaoutdoor.cl\/store\/wp-content\/uploads\/2021\/11\/50143-96vb5q.jpg\" alt=\"Mochila ultraligera informal para deportes al aire libre, bolsa de agua para acampar, correr, hidrataci\u00f3n, senderismo y montar\" \/><img decoding=\"async\" title=\"Mochila ultraligera informal para deportes al aire libre, bolsa de agua para acampar, correr, hidrataci\u00f3n, senderismo y montar\" src=\"https:\/\/bodegaoutdoor.cl\/store\/wp-content\/uploads\/2021\/11\/50143-5sdyrx.jpg\" alt=\"Mochila ultraligera informal para deportes al aire libre, bolsa de agua para acampar, correr, hidrataci\u00f3n, senderismo y montar\" \/><img decoding=\"async\" title=\"Mochila ultraligera informal para deportes al aire libre, bolsa de agua para acampar, correr, hidrataci\u00f3n, senderismo y montar\" src=\"https:\/\/bodegaoutdoor.cl\/store\/wp-content\/uploads\/2021\/11\/50143-r3hpil.jpg\" alt=\"Mochila ultraligera informal para deportes al aire libre, bolsa de agua para acampar, correr, hidrataci\u00f3n, senderismo y montar\" \/><img decoding=\"async\" title=\"Mochila ultraligera informal para deportes al aire libre, bolsa de agua para acampar, correr, hidrataci\u00f3n, senderismo y montar\" src=\"https:\/\/bodegaoutdoor.cl\/store\/wp-content\/uploads\/2021\/11\/50143-so9cah.jpg\" alt=\"Mochila ultraligera informal para deportes al aire libre, bolsa de agua para acampar, correr, hidrataci\u00f3n, senderismo y montar\" \/><img decoding=\"async\" title=\"Mochila ultraligera informal para deportes al aire libre, bolsa de agua para acampar, correr, hidrataci\u00f3n, senderismo y montar\" src=\"https:\/\/bodegaoutdoor.cl\/store\/wp-content\/uploads\/2021\/11\/50143-uilepb.jpg\" alt=\"Mochila ultraligera informal para deportes al aire libre, bolsa de agua para acampar, correr, hidrataci\u00f3n, senderismo y montar\" \/><img decoding=\"async\" title=\"Mochila ultraligera informal para deportes al aire libre, bolsa de agua para acampar, correr, hidrataci\u00f3n, senderismo y montar\" src=\"https:\/\/bodegaoutdoor.cl\/store\/wp-content\/uploads\/2021\/11\/50143-tm20w6.jpg\" alt=\"Mochila ultraligera informal para deportes al aire libre, bolsa de agua para acampar, correr, hidrataci\u00f3n, senderismo y montar\" \/><img decoding=\"async\" title=\"Mochila ultraligera informal para deportes al aire libre, bolsa de agua para acampar, correr, hidrataci\u00f3n, senderismo y montar\" src=\"https:\/\/bodegaoutdoor.cl\/store\/wp-content\/uploads\/2021\/11\/50143-7ecnrp.jpg\" alt=\"Mochila ultraligera informal para deportes al aire libre, bolsa de agua para acampar, correr, hidrataci\u00f3n, senderismo y montar\" \/><\/div>\n<div><img decoding=\"async\" title=\"Mochila ultraligera informal para deportes al aire libre, bolsa de agua para acampar, correr, hidrataci\u00f3n, senderismo y montar\" src=\"https:\/\/bodegaoutdoor.cl\/store\/wp-content\/uploads\/2021\/11\/50143-bsnub5.jpg\" alt=\"Mochila ultraligera informal para deportes al aire libre, bolsa de agua para acampar, correr, hidrataci\u00f3n, senderismo y montar\" \/><img decoding=\"async\" title=\"Mochila ultraligera informal para deportes al aire libre, bolsa de agua para acampar, correr, hidrataci\u00f3n, senderismo y montar\" src=\"https:\/\/bodegaoutdoor.cl\/store\/wp-content\/uploads\/2021\/11\/50143-arga9u.jpg\" alt=\"Mochila ultraligera informal para deportes al aire libre, bolsa de agua para acampar, correr, hidrataci\u00f3n, senderismo y montar\" \/><img decoding=\"async\" title=\"Mochila ultraligera informal para deportes al aire libre, bolsa de agua para acampar, correr, hidrataci\u00f3n, senderismo y montar\" src=\"https:\/\/bodegaoutdoor.cl\/store\/wp-content\/uploads\/2021\/11\/50143-6edny3.jpg\" alt=\"Mochila ultraligera informal para deportes al aire libre, bolsa de agua para acampar, correr, hidrataci\u00f3n, senderismo y montar\" \/><img decoding=\"async\" title=\"Mochila ultraligera informal para deportes al aire libre, bolsa de agua para acampar, correr, hidrataci\u00f3n, senderismo y montar\" src=\"https:\/\/bodegaoutdoor.cl\/store\/wp-content\/uploads\/2021\/11\/50143-czqrax.jpg\" alt=\"Mochila ultraligera informal para deportes al aire libre, bolsa de agua para acampar, correr, hidrataci\u00f3n, senderismo y montar\" \/><img decoding=\"async\" title=\"Mochila ultraligera informal para deportes al aire libre, bolsa de agua para acampar, correr, hidrataci\u00f3n, senderismo y montar\" src=\"https:\/\/bodegaoutdoor.cl\/store\/wp-content\/uploads\/2021\/11\/50143-qn0964.jpg\" alt=\"Mochila ultraligera informal para deportes al aire libre, bolsa de agua para acampar, correr, hidrataci\u00f3n, senderismo y montar\" \/><img decoding=\"async\" title=\"Mochila ultraligera informal para deportes al aire libre, bolsa de agua para acampar, correr, hidrataci\u00f3n, senderismo y montar\" src=\"https:\/\/bodegaoutdoor.cl\/store\/wp-content\/uploads\/2021\/11\/50143-a2gidm.jpg\" alt=\"Mochila ultraligera informal para deportes al aire libre, bolsa de agua para acampar, correr, hidrataci\u00f3n, senderismo y montar\" \/><img decoding=\"async\" title=\"Mochila ultraligera informal para deportes al aire libre, bolsa de agua para acampar, correr, hidrataci\u00f3n, senderismo y montar\" src=\"https:\/\/bodegaoutdoor.cl\/store\/wp-content\/uploads\/2021\/11\/50143-wep9jz.jpg\" alt=\"Mochila ultraligera informal para deportes al aire libre, bolsa de agua para acampar, correr, hidrataci\u00f3n, senderismo y montar\" \/><img decoding=\"async\" title=\"Mochila ultraligera informal para deportes al aire libre, bolsa de agua para acampar, correr, hidrataci\u00f3n, senderismo y montar\" src=\"https:\/\/bodegaoutdoor.cl\/store\/wp-content\/uploads\/2021\/11\/50143-a03ozs.jpg\" alt=\"Mochila ultraligera informal para deportes al aire libre, bolsa de agua para acampar, correr, hidrataci\u00f3n, senderismo y montar\" \/><img decoding=\"async\" title=\"Mochila ultraligera informal para deportes al aire libre, bolsa de agua para acampar, correr, hidrataci\u00f3n, senderismo y montar\" src=\"https:\/\/bodegaoutdoor.cl\/store\/wp-content\/uploads\/2021\/11\/50143-yjwu7x.jpg\" alt=\"Mochila ultraligera informal para deportes al aire libre, bolsa de agua para acampar, correr, hidrataci\u00f3n, senderismo y montar\" \/><img decoding=\"async\" title=\"Mochila ultraligera informal para deportes al aire libre, bolsa de agua para acampar, correr, hidrataci\u00f3n, senderismo y montar\" src=\"https:\/\/bodegaoutdoor.cl\/store\/wp-content\/uploads\/2021\/11\/50143-qo4ian.jpg\" alt=\"Mochila ultraligera informal para deportes al aire libre, bolsa de agua para acampar, correr, hidrataci\u00f3n, senderismo y montar\" \/><\/div>\n<div><img decoding=\"async\" title=\"Mochila ultraligera informal para deportes al aire libre, bolsa de agua para acampar, correr, hidrataci\u00f3n, senderismo y montar\" src=\"https:\/\/bodegaoutdoor.cl\/store\/wp-content\/uploads\/2021\/11\/50143-08hkvu.jpg\" alt=\"Mochila ultraligera informal para deportes al aire libre, bolsa de agua para acampar, correr, hidrataci\u00f3n, senderismo y montar\" \/><img decoding=\"async\" title=\"Mochila ultraligera informal para deportes al aire libre, bolsa de agua para acampar, correr, hidrataci\u00f3n, senderismo y montar\" src=\"https:\/\/bodegaoutdoor.cl\/store\/wp-content\/uploads\/2021\/11\/50143-rxnuuk.jpg\" alt=\"Mochila ultraligera informal para deportes al aire libre, bolsa de agua para acampar, correr, hidrataci\u00f3n, senderismo y montar\" \/><img decoding=\"async\" title=\"Mochila ultraligera informal para deportes al aire libre, bolsa de agua para acampar, correr, hidrataci\u00f3n, senderismo y montar\" src=\"https:\/\/bodegaoutdoor.cl\/store\/wp-content\/uploads\/2021\/11\/50143-rsq0mf.jpg\" alt=\"Mochila ultraligera informal para deportes al aire libre, bolsa de agua para acampar, correr, hidrataci\u00f3n, senderismo y montar\" \/><img decoding=\"async\" title=\"Mochila ultraligera informal para deportes al aire libre, bolsa de agua para acampar, correr, hidrataci\u00f3n, senderismo y montar\" src=\"https:\/\/bodegaoutdoor.cl\/store\/wp-content\/uploads\/2021\/11\/50143-kjmzbr.jpg\" alt=\"Mochila ultraligera informal para deportes al aire libre, bolsa de agua para acampar, correr, hidrataci\u00f3n, senderismo y montar\" \/><img decoding=\"async\" title=\"Mochila ultraligera informal para deportes al aire libre, bolsa de agua para acampar, correr, hidrataci\u00f3n, senderismo y montar\" src=\"https:\/\/bodegaoutdoor.cl\/store\/wp-content\/uploads\/2021\/11\/50143-8szsgy.jpg\" alt=\"Mochila ultraligera informal para deportes al aire libre, bolsa de agua para acampar, correr, hidrataci\u00f3n, senderismo y montar\" \/><img decoding=\"async\" title=\"Mochila ultraligera informal para deportes al aire libre, bolsa de agua para acampar, correr, hidrataci\u00f3n, senderismo y montar\" src=\"https:\/\/bodegaoutdoor.cl\/store\/wp-content\/uploads\/2021\/11\/50143-huifjc.jpg\" alt=\"Mochila ultraligera informal para deportes al aire libre, bolsa de agua para acampar, correr, hidrataci\u00f3n, senderismo y montar\" \/><img decoding=\"async\" title=\"Mochila ultraligera informal para deportes al aire libre, bolsa de agua para acampar, correr, hidrataci\u00f3n, senderismo y montar\" src=\"https:\/\/bodegaoutdoor.cl\/store\/wp-content\/uploads\/2021\/11\/50143-8pungg.jpg\" alt=\"Mochila ultraligera informal para deportes al aire libre, bolsa de agua para acampar, correr, hidrataci\u00f3n, senderismo y montar\" \/><img decoding=\"async\" title=\"Mochila ultraligera informal para deportes al aire libre, bolsa de agua para acampar, correr, hidrataci\u00f3n, senderismo y montar\" src=\"https:\/\/bodegaoutdoor.cl\/store\/wp-content\/uploads\/2021\/11\/50143-tps1yx.jpg\" alt=\"Mochila ultraligera informal para deportes al aire libre, bolsa de agua para acampar, correr, hidrataci\u00f3n, senderismo y montar\" \/><img decoding=\"async\" title=\"Mochila ultraligera informal para deportes al aire libre, bolsa de agua para acampar, correr, hidrataci\u00f3n, senderismo y montar\" src=\"https:\/\/bodegaoutdoor.cl\/store\/wp-content\/uploads\/2021\/11\/50143-wdcfan.jpg\" alt=\"Mochila ultraligera informal para deportes al aire libre, bolsa de agua para acampar, correr, hidrataci\u00f3n, senderismo y montar\" \/><img decoding=\"async\" title=\"Mochila ultraligera informal para deportes al aire libre, bolsa de agua para acampar, correr, hidrataci\u00f3n, senderismo y montar\" src=\"https:\/\/bodegaoutdoor.cl\/store\/wp-content\/uploads\/2021\/11\/50143-cfrv2s.jpg\" alt=\"Mochila ultraligera informal para deportes al aire libre, bolsa de agua para acampar, correr, hidrataci\u00f3n, senderismo y montar\" \/><\/div>\n<div><img decoding=\"async\" title=\"Mochila ultraligera informal para deportes al aire libre, bolsa de agua para acampar, correr, hidrataci\u00f3n, senderismo y montar\" src=\"https:\/\/bodegaoutdoor.cl\/store\/wp-content\/uploads\/2021\/11\/50143-ppz5wm.jpg\" alt=\"Mochila ultraligera informal para deportes al aire libre, bolsa de agua para acampar, correr, hidrataci\u00f3n, senderismo y montar\" \/><img decoding=\"async\" title=\"Mochila ultraligera informal para deportes al aire libre, bolsa de agua para acampar, correr, hidrataci\u00f3n, senderismo y montar\" src=\"https:\/\/bodegaoutdoor.cl\/store\/wp-content\/uploads\/2021\/11\/50143-i7tzzl.jpg\" alt=\"Mochila ultraligera informal para deportes al aire libre, bolsa de agua para acampar, correr, hidrataci\u00f3n, senderismo y montar\" \/><img decoding=\"async\" title=\"Mochila ultraligera informal para deportes al aire libre, bolsa de agua para acampar, correr, hidrataci\u00f3n, senderismo y montar\" src=\"https:\/\/bodegaoutdoor.cl\/store\/wp-content\/uploads\/2021\/11\/50143-aue2vj.jpg\" alt=\"Mochila ultraligera informal para deportes al aire libre, bolsa de agua para acampar, correr, hidrataci\u00f3n, senderismo y montar\" \/><img decoding=\"async\" title=\"Mochila ultraligera informal para deportes al aire libre, bolsa de agua para acampar, correr, hidrataci\u00f3n, senderismo y montar\" src=\"https:\/\/bodegaoutdoor.cl\/store\/wp-content\/uploads\/2021\/11\/50143-orsesu.jpg\" alt=\"Mochila ultraligera informal para deportes al aire libre, bolsa de agua para acampar, correr, hidrataci\u00f3n, senderismo y montar\" \/><img decoding=\"async\" title=\"Mochila ultraligera informal para deportes al aire libre, bolsa de agua para acampar, correr, hidrataci\u00f3n, senderismo y montar\" src=\"https:\/\/bodegaoutdoor.cl\/store\/wp-content\/uploads\/2021\/11\/50143-hzna94.jpg\" alt=\"Mochila ultraligera informal para deportes al aire libre, bolsa de agua para acampar, correr, hidrataci\u00f3n, senderismo y montar\" \/><\/div>\n<\/div>\n<\/div>\n\n    <div class=\"xs_social_share_widget xs_share_url after_content \t\tmain_content  wslu-style-1 wslu-share-box-shaped wslu-fill-colored wslu-none wslu-share-horizontal wslu-theme-font-no wslu-main_content\">\n\n\t\t\n        <ul>\n\t\t\t        <\/ul>\n    <\/div> \n","protected":false},"excerpt":{"rendered":"<p>Mochila de ciclismo para deportes al aire libre Casual de 8L, bolsa de agua para Camping ultraligera, mochila de hidrataci\u00f3n, mochila de senderismo y ciclismo Especificaci\u00f3n: Modelo: 697 Nombre: mochila de ciclismo al aire libre Tejido: nailon repelente al agua Tama\u00f1o: ver imagen de arriba Color: Multicolor opcional Peso de la correa del hombro: 0,24 [&hellip;]<\/p>\n","protected":false},"featured_media":50168,"comment_status":"open","ping_status":"closed","template":"","meta":{"jetpack_publicize_message":"","jetpack_publicize_feature_enabled":true,"jetpack_social_post_already_shared":true,"jetpack_social_options":{"image_generator_settings":{"template":"highway","enabled":false},"version":2}},"product_brand":[],"product_cat":[195,238],"product_tag":[1442,1399,1477,2161],"class_list":{"0":"post-50143","1":"product","2":"type-product","3":"status-publish","4":"has-post-thumbnail","6":"product_cat-mochilas","7":"product_cat-mochilas-10-30-litros","8":"product_tag-hidratacion","9":"product_tag-mochila","10":"product_tag-running","11":"product_tag-trail","13":"first","14":"instock","15":"sale","16":"taxable","17":"shipping-taxable","18":"purchasable","19":"product-type-variable"},"jetpack_publicize_connections":[],"jetpack_sharing_enabled":true,"_links":{"self":[{"href":"https:\/\/bodegaoutdoor.cl\/store\/wp-json\/wp\/v2\/product\/50143","targetHints":{"allow":["GET"]}}],"collection":[{"href":"https:\/\/bodegaoutdoor.cl\/store\/wp-json\/wp\/v2\/product"}],"about":[{"href":"https:\/\/bodegaoutdoor.cl\/store\/wp-json\/wp\/v2\/types\/product"}],"replies":[{"embeddable":true,"href":"https:\/\/bodegaoutdoor.cl\/store\/wp-json\/wp\/v2\/comments?post=50143"}],"version-history":[{"count":2,"href":"https:\/\/bodegaoutdoor.cl\/store\/wp-json\/wp\/v2\/product\/50143\/revisions"}],"predecessor-version":[{"id":70983,"href":"https:\/\/bodegaoutdoor.cl\/store\/wp-json\/wp\/v2\/product\/50143\/revisions\/70983"}],"wp:featuredmedia":[{"embeddable":true,"href":"https:\/\/bodegaoutdoor.cl\/store\/wp-json\/wp\/v2\/media\/50168"}],"wp:attachment":[{"href":"https:\/\/bodegaoutdoor.cl\/store\/wp-json\/wp\/v2\/media?parent=50143"}],"wp:term":[{"taxonomy":"product_brand","embeddable":true,"href":"https:\/\/bodegaoutdoor.cl\/store\/wp-json\/wp\/v2\/product_brand?post=50143"},{"taxonomy":"product_cat","embeddable":true,"href":"https:\/\/bodegaoutdoor.cl\/store\/wp-json\/wp\/v2\/product_cat?post=50143"},{"taxonomy":"product_tag","embeddable":true,"href":"https:\/\/bodegaoutdoor.cl\/store\/wp-json\/wp\/v2\/product_tag?post=50143"}],"curies":[{"name":"wp","href":"https:\/\/api.w.org\/{rel}","templated":true}]}}