{"id":50439,"date":"2021-11-26T23:02:19","date_gmt":"2021-11-27T02:02:19","guid":{"rendered":"https:\/\/bodegaoutdoor.cl\/store\/?post_type=product&#038;p=50439"},"modified":"2023-05-04T19:18:52","modified_gmt":"2023-05-04T23:18:52","slug":"west-biking-bolsa-de-equipaje-para-bicicleta-de-montana-3-en-1-resistente-al-agua-de-gran-capacidad-para-viaje-nuevo","status":"publish","type":"product","link":"https:\/\/bodegaoutdoor.cl\/store\/product\/west-biking-bolsa-de-equipaje-para-bicicleta-de-montana-3-en-1-resistente-al-agua-de-gran-capacidad-para-viaje-nuevo\/","title":{"rendered":"West Biking &#8211; Alforja Bolso de equipaje para bicicleta, 3 en 1, resistente al agua, de gran capacidad, para viaje"},"content":{"rendered":"<p style=\"text-align: center;\"><video style=\"max-width: 100%;\" src=\"\/\/cloud.video.taobao.com\/play\/u\/3960416779\/p\/1\/e\/6\/t\/10301\/328420354868.mp4\" poster=\"https:\/\/ae01.alicdn.com\/kf\/He1f59b1e357f41ba9bc4190f3e9b7a49D\/West-Biking-Bolsa-de-equipaje-para-bicicleta-de-monta-a-3-en-1-resistente-al-agua.jpg,https:\/\/ae01.alicdn.com\/kf\/H06a790943ab0488cb4e3950c3a8d8711Z\/West-Biking-Bolsa-de-equipaje-para-bicicleta-de-monta-a-3-en-1-resistente-al-agua.jpg,https:\/\/ae01.alicdn.com\/kf\/H0b9503cd6d3449a7bac1d0fabe68afdd0\/West-Biking-Bolsa-de-equipaje-para-bicicleta-de-monta-a-3-en-1-resistente-al-agua.jpg,https:\/\/ae01.alicdn.com\/kf\/Hf8903663b2a34daaa6c63bd451b33f6at\/West-Biking-Bolsa-de-equipaje-para-bicicleta-de-monta-a-3-en-1-resistente-al-agua.jpg,https:\/\/ae01.alicdn.com\/kf\/H488869c5cec648ec9b05903d37e7dcb0X\/West-Biking-Bolsa-de-equipaje-para-bicicleta-de-monta-a-3-en-1-resistente-al-agua.jpg,https:\/\/ae01.alicdn.com\/kf\/H8ca119359ebd4e99b482910f6cd665f4K\/West-Biking-Bolsa-de-equipaje-para-bicicleta-de-monta-a-3-en-1-resistente-al-agua.jpg\" preload=\"auto\" controls=\"controls\" width=\"100%\" height=\"100%\"><\/video><\/p>\n<div>\n<p style=\"font-family: OpenSans; font-size: 20px; font-weight: 900; line-height: 28px; margin-bottom: 12px;\">Bolsa para maletero de bicicleta de 20-35L mejorada:<\/p>\n<\/div>\n<div><img decoding=\"async\" title=\"West Biking-Bolsa de equipaje para bicicleta de monta\u00f1a, 3 en 1, resistente al agua, de gran capacidad, para viaje, nuevo\" src=\"https:\/\/bodegaoutdoor.cl\/store\/wp-content\/uploads\/2021\/11\/50439-dxkmaq.jpg\" alt=\"West Biking-Bolsa de equipaje para bicicleta de monta\u00f1a, 3 en 1, resistente al agua, de gran capacidad, para viaje, nuevo\" \/> <img decoding=\"async\" title=\"West Biking-Bolsa de equipaje para bicicleta de monta\u00f1a, 3 en 1, resistente al agua, de gran capacidad, para viaje, nuevo\" src=\"https:\/\/bodegaoutdoor.cl\/store\/wp-content\/uploads\/2021\/11\/50439-rw6zmv.jpg\" alt=\"West Biking-Bolsa de equipaje para bicicleta de monta\u00f1a, 3 en 1, resistente al agua, de gran capacidad, para viaje, nuevo\" \/> <img decoding=\"async\" title=\"West Biking-Bolsa de equipaje para bicicleta de monta\u00f1a, 3 en 1, resistente al agua, de gran capacidad, para viaje, nuevo\" src=\"https:\/\/bodegaoutdoor.cl\/store\/wp-content\/uploads\/2021\/11\/50439-l0cwyj.jpg\" alt=\"West Biking-Bolsa de equipaje para bicicleta de monta\u00f1a, 3 en 1, resistente al agua, de gran capacidad, para viaje, nuevo\" \/> <img decoding=\"async\" title=\"West Biking-Bolsa de equipaje para bicicleta de monta\u00f1a, 3 en 1, resistente al agua, de gran capacidad, para viaje, nuevo\" src=\"https:\/\/bodegaoutdoor.cl\/store\/wp-content\/uploads\/2021\/11\/50439-imjzj6.jpg\" alt=\"West Biking-Bolsa de equipaje para bicicleta de monta\u00f1a, 3 en 1, resistente al agua, de gran capacidad, para viaje, nuevo\" \/> <img decoding=\"async\" title=\"West Biking-Bolsa de equipaje para bicicleta de monta\u00f1a, 3 en 1, resistente al agua, de gran capacidad, para viaje, nuevo\" src=\"https:\/\/bodegaoutdoor.cl\/store\/wp-content\/uploads\/2021\/11\/50439-j258mk.jpg\" alt=\"West Biking-Bolsa de equipaje para bicicleta de monta\u00f1a, 3 en 1, resistente al agua, de gran capacidad, para viaje, nuevo\" \/> <img decoding=\"async\" title=\"West Biking-Bolsa de equipaje para bicicleta de monta\u00f1a, 3 en 1, resistente al agua, de gran capacidad, para viaje, nuevo\" src=\"https:\/\/bodegaoutdoor.cl\/store\/wp-content\/uploads\/2021\/11\/50439-hjleeb.jpg\" alt=\"West Biking-Bolsa de equipaje para bicicleta de monta\u00f1a, 3 en 1, resistente al agua, de gran capacidad, para viaje, nuevo\" \/> <img decoding=\"async\" title=\"West Biking-Bolsa de equipaje para bicicleta de monta\u00f1a, 3 en 1, resistente al agua, de gran capacidad, para viaje, nuevo\" src=\"https:\/\/bodegaoutdoor.cl\/store\/wp-content\/uploads\/2021\/11\/50439-zqqa6e.jpg\" alt=\"West Biking-Bolsa de equipaje para bicicleta de monta\u00f1a, 3 en 1, resistente al agua, de gran capacidad, para viaje, nuevo\" \/> <img decoding=\"async\" title=\"West Biking-Bolsa de equipaje para bicicleta de monta\u00f1a, 3 en 1, resistente al agua, de gran capacidad, para viaje, nuevo\" src=\"https:\/\/bodegaoutdoor.cl\/store\/wp-content\/uploads\/2021\/11\/50439-qpahlu.jpg\" alt=\"West Biking-Bolsa de equipaje para bicicleta de monta\u00f1a, 3 en 1, resistente al agua, de gran capacidad, para viaje, nuevo\" \/> <img decoding=\"async\" title=\"West Biking-Bolsa de equipaje para bicicleta de monta\u00f1a, 3 en 1, resistente al agua, de gran capacidad, para viaje, nuevo\" src=\"https:\/\/bodegaoutdoor.cl\/store\/wp-content\/uploads\/2021\/11\/50439-6ppevc.jpg\" alt=\"West Biking-Bolsa de equipaje para bicicleta de monta\u00f1a, 3 en 1, resistente al agua, de gran capacidad, para viaje, nuevo\" \/> <img decoding=\"async\" title=\"West Biking-Bolsa de equipaje para bicicleta de monta\u00f1a, 3 en 1, resistente al agua, de gran capacidad, para viaje, nuevo\" src=\"https:\/\/bodegaoutdoor.cl\/store\/wp-content\/uploads\/2021\/11\/50439-kncasz.jpg\" alt=\"West Biking-Bolsa de equipaje para bicicleta de monta\u00f1a, 3 en 1, resistente al agua, de gran capacidad, para viaje, nuevo\" \/> <img decoding=\"async\" title=\"West Biking-Bolsa de equipaje para bicicleta de monta\u00f1a, 3 en 1, resistente al agua, de gran capacidad, para viaje, nuevo\" src=\"https:\/\/bodegaoutdoor.cl\/store\/wp-content\/uploads\/2021\/11\/50439-xjyi6n.jpg\" alt=\"West Biking-Bolsa de equipaje para bicicleta de monta\u00f1a, 3 en 1, resistente al agua, de gran capacidad, para viaje, nuevo\" \/> <img decoding=\"async\" title=\"West Biking-Bolsa de equipaje para bicicleta de monta\u00f1a, 3 en 1, resistente al agua, de gran capacidad, para viaje, nuevo\" src=\"https:\/\/bodegaoutdoor.cl\/store\/wp-content\/uploads\/2021\/11\/50439-kfnxqp.jpg\" alt=\"West Biking-Bolsa de equipaje para bicicleta de monta\u00f1a, 3 en 1, resistente al agua, de gran capacidad, para viaje, nuevo\" \/><\/div>\n<div><img decoding=\"async\" title=\"West Biking-Bolsa de equipaje para bicicleta de monta\u00f1a, 3 en 1, resistente al agua, de gran capacidad, para viaje, nuevo\" src=\"https:\/\/bodegaoutdoor.cl\/store\/wp-content\/uploads\/2021\/11\/50439-8pdctz.jpg\" alt=\"West Biking-Bolsa de equipaje para bicicleta de monta\u00f1a, 3 en 1, resistente al agua, de gran capacidad, para viaje, nuevo\" \/> <img decoding=\"async\" title=\"West Biking-Bolsa de equipaje para bicicleta de monta\u00f1a, 3 en 1, resistente al agua, de gran capacidad, para viaje, nuevo\" src=\"https:\/\/bodegaoutdoor.cl\/store\/wp-content\/uploads\/2021\/11\/50439-ldoj9s.jpg\" alt=\"West Biking-Bolsa de equipaje para bicicleta de monta\u00f1a, 3 en 1, resistente al agua, de gran capacidad, para viaje, nuevo\" \/> <img decoding=\"async\" title=\"West Biking-Bolsa de equipaje para bicicleta de monta\u00f1a, 3 en 1, resistente al agua, de gran capacidad, para viaje, nuevo\" src=\"https:\/\/bodegaoutdoor.cl\/store\/wp-content\/uploads\/2021\/11\/50439-nvloxi.jpg\" alt=\"West Biking-Bolsa de equipaje para bicicleta de monta\u00f1a, 3 en 1, resistente al agua, de gran capacidad, para viaje, nuevo\" \/><\/div>\n<div>\n<p style=\"font-family: OpenSans; font-size: 20px; font-weight: 900; line-height: 28px; margin-bottom: 12px;\">Bolsa para maletero de bicicleta estilo b\u00e1sico 10-25L<\/p>\n<\/div>\n<div>\n<p style=\"font-family: OpenSans; font-size: 14px; font-weight: 300; line-height: 20px; margin-bottom: 12px;\">Par\u00e1metros del producto<br \/>\nArt\u00edculo: bolsa trasera para bicicleta<br \/>\nTama\u00f1o: 30*23*17cm<br \/>\nVolumen: 10-25 L (escalable)<br \/>\nColor: negro, gris, caqui<br \/>\nMaterial: Calidad de lona<br \/>\nEl paquete incluye: bolsa, cubierta para la lluvia, correa para el hombro<\/p>\n<\/div>\n<div><img decoding=\"async\" title=\"West Biking-Bolsa de equipaje para bicicleta de monta\u00f1a, 3 en 1, resistente al agua, de gran capacidad, para viaje, nuevo\" src=\"https:\/\/bodegaoutdoor.cl\/store\/wp-content\/uploads\/2021\/11\/50439-ank6qk.jpg\" alt=\"West Biking-Bolsa de equipaje para bicicleta de monta\u00f1a, 3 en 1, resistente al agua, de gran capacidad, para viaje, nuevo\" \/><\/div>\n<div>\n<p style=\"font-family: OpenSans; font-size: 14px; font-weight: 300; line-height: 20px; margin-bottom: 12px;\">Con asa de transporte y correa de hombro ajustable, se puede utilizar como bolso de mano o bolso de hombro. La capacidad de almacenamiento de 10-25L proporciona un gran espacio para sus art\u00edculos.<\/p>\n<\/div>\n<div><img decoding=\"async\" title=\"West Biking-Bolsa de equipaje para bicicleta de monta\u00f1a, 3 en 1, resistente al agua, de gran capacidad, para viaje, nuevo\" src=\"https:\/\/bodegaoutdoor.cl\/store\/wp-content\/uploads\/2021\/11\/50439-lpcpog.jpg\" alt=\"West Biking-Bolsa de equipaje para bicicleta de monta\u00f1a, 3 en 1, resistente al agua, de gran capacidad, para viaje, nuevo\" \/><\/div>\n<div>\n<p style=\"font-family: OpenSans; font-size: 14px; font-weight: 300; line-height: 20px; margin-bottom: 12px;\">Con asa de transporte y correa de hombro ajustable, se puede utilizar como bolso de mano o bolso de hombro. La capacidad de almacenamiento de 10-25L proporciona un gran espacio para sus art\u00edculos.<\/p>\n<\/div>\n<div><img decoding=\"async\" title=\"West Biking-Bolsa de equipaje para bicicleta de monta\u00f1a, 3 en 1, resistente al agua, de gran capacidad, para viaje, nuevo\" src=\"https:\/\/bodegaoutdoor.cl\/store\/wp-content\/uploads\/2021\/11\/50439-fxfoo2.jpg\" alt=\"West Biking-Bolsa de equipaje para bicicleta de monta\u00f1a, 3 en 1, resistente al agua, de gran capacidad, para viaje, nuevo\" \/><\/div>\n<div><img decoding=\"async\" title=\"West Biking-Bolsa de equipaje para bicicleta de monta\u00f1a, 3 en 1, resistente al agua, de gran capacidad, para viaje, nuevo\" src=\"https:\/\/bodegaoutdoor.cl\/store\/wp-content\/uploads\/2021\/11\/50439-0zrcp5.jpg\" alt=\"West Biking-Bolsa de equipaje para bicicleta de monta\u00f1a, 3 en 1, resistente al agua, de gran capacidad, para viaje, nuevo\" \/><\/div>\n<div>\n<p style=\"font-family: OpenSans; font-size: 14px; font-weight: 300; line-height: 20px; margin-bottom: 12px;\">Dise\u00f1o Convertible: es una bolsa de viaje para equipaje, tambi\u00e9n una bolsa de carga para bicicleta.<\/p>\n<\/div>\n<div><img decoding=\"async\" style=\"margin-bottom: 10px;\" title=\"West Biking-Bolsa de equipaje para bicicleta de monta\u00f1a, 3 en 1, resistente al agua, de gran capacidad, para viaje, nuevo\" src=\"https:\/\/bodegaoutdoor.cl\/store\/wp-content\/uploads\/2021\/11\/50439-hcwnoh.jpg\" alt=\"West Biking-Bolsa de equipaje para bicicleta de monta\u00f1a, 3 en 1, resistente al agua, de gran capacidad, para viaje, nuevo\" \/><\/div>\n<div><img decoding=\"async\" style=\"margin-bottom: 10px;\" title=\"West Biking-Bolsa de equipaje para bicicleta de monta\u00f1a, 3 en 1, resistente al agua, de gran capacidad, para viaje, nuevo\" src=\"https:\/\/bodegaoutdoor.cl\/store\/wp-content\/uploads\/2021\/11\/50439-u32soq.jpg\" alt=\"West Biking-Bolsa de equipaje para bicicleta de monta\u00f1a, 3 en 1, resistente al agua, de gran capacidad, para viaje, nuevo\" \/><\/div>\n<div>\n<p style=\"font-family: OpenSans; font-size: 14px; font-weight: 300; line-height: 20px; margin-bottom: 12px;\">La tira reflectante aumenta la visibilidad nocturna y la percha en la tira puede sostener una luz trasera que tambi\u00e9n puede mejorar la seguridad en ciclismo por la noche.<\/p>\n<\/div>\n<div><img decoding=\"async\" title=\"West Biking-Bolsa de equipaje para bicicleta de monta\u00f1a, 3 en 1, resistente al agua, de gran capacidad, para viaje, nuevo\" src=\"https:\/\/bodegaoutdoor.cl\/store\/wp-content\/uploads\/2021\/11\/50439-i95j0z.jpg\" alt=\"West Biking-Bolsa de equipaje para bicicleta de monta\u00f1a, 3 en 1, resistente al agua, de gran capacidad, para viaje, nuevo\" \/><\/div>\n<div><img decoding=\"async\" title=\"West Biking-Bolsa de equipaje para bicicleta de monta\u00f1a, 3 en 1, resistente al agua, de gran capacidad, para viaje, nuevo\" src=\"https:\/\/bodegaoutdoor.cl\/store\/wp-content\/uploads\/2021\/11\/50439-x6dfnt.jpg\" alt=\"West Biking-Bolsa de equipaje para bicicleta de monta\u00f1a, 3 en 1, resistente al agua, de gran capacidad, para viaje, nuevo\" \/><\/div>\n<div><img decoding=\"async\" title=\"West Biking-Bolsa de equipaje para bicicleta de monta\u00f1a, 3 en 1, resistente al agua, de gran capacidad, para viaje, nuevo\" src=\"https:\/\/bodegaoutdoor.cl\/store\/wp-content\/uploads\/2021\/11\/50439-vo3e5d.jpg\" alt=\"West Biking-Bolsa de equipaje para bicicleta de monta\u00f1a, 3 en 1, resistente al agua, de gran capacidad, para viaje, nuevo\" \/><\/div>\n<div><img decoding=\"async\" title=\"West Biking-Bolsa de equipaje para bicicleta de monta\u00f1a, 3 en 1, resistente al agua, de gran capacidad, para viaje, nuevo\" src=\"https:\/\/bodegaoutdoor.cl\/store\/wp-content\/uploads\/2021\/11\/50439-eq1shu.jpg\" alt=\"West Biking-Bolsa de equipaje para bicicleta de monta\u00f1a, 3 en 1, resistente al agua, de gran capacidad, para viaje, nuevo\" \/><\/div>\n\n    <div class=\"xs_social_share_widget xs_share_url after_content \t\tmain_content  wslu-style-1 wslu-share-box-shaped wslu-fill-colored wslu-none wslu-share-horizontal wslu-theme-font-no wslu-main_content\">\n\n\t\t\n        <ul>\n\t\t\t        <\/ul>\n    <\/div> \n","protected":false},"excerpt":{"rendered":"<p>Bolsa para maletero de bicicleta de 20-35L mejorada: Bolsa para maletero de bicicleta estilo b\u00e1sico 10-25L Par\u00e1metros del producto Art\u00edculo: bolsa trasera para bicicleta Tama\u00f1o: 30*23*17cm Volumen: 10-25 L (escalable) Color: negro, gris, caqui Material: Calidad de lona El paquete incluye: bolsa, cubierta para la lluvia, correa para el hombro Con asa de transporte y [&hellip;]<\/p>\n","protected":false},"featured_media":50444,"comment_status":"open","ping_status":"closed","template":"","meta":{"jetpack_publicize_message":"","jetpack_publicize_feature_enabled":true,"jetpack_social_post_already_shared":true,"jetpack_social_options":{"image_generator_settings":{"template":"highway","enabled":false},"version":2}},"product_brand":[],"product_cat":[15,274,195],"product_tag":[2938,2940,1607,2939],"class_list":{"0":"post-50439","1":"product","2":"type-product","3":"status-publish","4":"has-post-thumbnail","6":"product_cat-otros","7":"product_cat-bananos-otros","8":"product_cat-mochilas","9":"product_tag-alforja","10":"product_tag-bicicleta","11":"product_tag-bolso","12":"product_tag-equipaje","14":"first","15":"instock","16":"taxable","17":"shipping-taxable","18":"purchasable","19":"product-type-variable"},"jetpack_publicize_connections":[],"jetpack_sharing_enabled":true,"_links":{"self":[{"href":"https:\/\/bodegaoutdoor.cl\/store\/wp-json\/wp\/v2\/product\/50439","targetHints":{"allow":["GET"]}}],"collection":[{"href":"https:\/\/bodegaoutdoor.cl\/store\/wp-json\/wp\/v2\/product"}],"about":[{"href":"https:\/\/bodegaoutdoor.cl\/store\/wp-json\/wp\/v2\/types\/product"}],"replies":[{"embeddable":true,"href":"https:\/\/bodegaoutdoor.cl\/store\/wp-json\/wp\/v2\/comments?post=50439"}],"version-history":[{"count":2,"href":"https:\/\/bodegaoutdoor.cl\/store\/wp-json\/wp\/v2\/product\/50439\/revisions"}],"predecessor-version":[{"id":70980,"href":"https:\/\/bodegaoutdoor.cl\/store\/wp-json\/wp\/v2\/product\/50439\/revisions\/70980"}],"wp:featuredmedia":[{"embeddable":true,"href":"https:\/\/bodegaoutdoor.cl\/store\/wp-json\/wp\/v2\/media\/50444"}],"wp:attachment":[{"href":"https:\/\/bodegaoutdoor.cl\/store\/wp-json\/wp\/v2\/media?parent=50439"}],"wp:term":[{"taxonomy":"product_brand","embeddable":true,"href":"https:\/\/bodegaoutdoor.cl\/store\/wp-json\/wp\/v2\/product_brand?post=50439"},{"taxonomy":"product_cat","embeddable":true,"href":"https:\/\/bodegaoutdoor.cl\/store\/wp-json\/wp\/v2\/product_cat?post=50439"},{"taxonomy":"product_tag","embeddable":true,"href":"https:\/\/bodegaoutdoor.cl\/store\/wp-json\/wp\/v2\/product_tag?post=50439"}],"curies":[{"name":"wp","href":"https:\/\/api.w.org\/{rel}","templated":true}]}}