{"id":50733,"date":"2021-12-09T18:18:17","date_gmt":"2021-12-09T21:18:17","guid":{"rendered":"https:\/\/bodegaoutdoor.cl\/store\/product\/yonsub-traje-de-neopreno-unisex-para-hombre-y-mujer-traje-de-buceo-con-capucha-de-3mm-para-esnorquel-natacion-pesca\/"},"modified":"2023-05-04T19:18:52","modified_gmt":"2023-05-04T23:18:52","slug":"yonsub-traje-de-neopreno-unisex-para-hombre-y-mujer-traje-de-buceo-con-capucha-de-3mm-para-esnorquel-natacion-pesca","status":"publish","type":"product","link":"https:\/\/bodegaoutdoor.cl\/store\/product\/yonsub-traje-de-neopreno-unisex-para-hombre-y-mujer-traje-de-buceo-con-capucha-de-3mm-para-esnorquel-natacion-pesca\/","title":{"rendered":"Yonsub-traje de neopreno Unisex para hombre y mujer, traje de buceo con capucha de 3mm, para esn\u00f3rquel, nataci\u00f3n, pesca"},"content":{"rendered":"<div>\n<div>\n<p style=\"font-family: Helvetica, arial, sans-serif; font-size: 12px; font-weight: 400; letter-spacing: normal; text-align: start;\" align=\"start\"><strong>Descripci\u00f3n:<\/strong><\/p>\n<p style=\"font-family: Helvetica, arial, sans-serif; font-size: 12px; font-weight: 400; letter-spacing: normal; text-align: start;\" align=\"start\">Traje de buceo de 3mm para hombre y mujer, traje de neopreno de una pieza con capucha, traje de buceo de longitud completa.<br \/>\nDise\u00f1o con cremallera frontal, f\u00e1cil de llevar.<br \/>\nAnti-puntura proporciona la mejor protecci\u00f3n y mantiene tu contra ara\u00f1azos y picaduras para dar una experiencia de buceo maravillosa.<br \/>\nMantente caliente, agradable a la piel, suave, transpirable y ligero, te hace sentir c\u00f3modo.<br \/>\nAdecuado para nadar, vadear, surfear, esn\u00f3rquel, etc.<\/p>\n<p style=\"font-family: Helvetica, arial, sans-serif; font-size: 12px; font-weight: 400; letter-spacing: normal; text-align: start;\" align=\"start\"><strong>Especificaci\u00f3n:<\/strong><\/p>\n<p style=\"font-family: Helvetica, arial, sans-serif; font-size: 12px; font-weight: 400; letter-spacing: normal; text-align: start;\" align=\"start\">Material: neopreno<\/p>\n<p style=\"font-family: Helvetica, arial, sans-serif; font-size: 12px; font-weight: 400; letter-spacing: normal; text-align: start;\" align=\"start\"><strong>Tama\u00f1o carta:<\/strong><\/p>\n<p style=\"font-family: Helvetica, arial, sans-serif; font-size: 12px; font-weight: 400; letter-spacing: normal; text-align: start;\" align=\"start\">S: Longitud de La Manga: 67cm\/26,38 pulgadas, busto: 87cm\/34,25 pulgadas, cintura: 74cm\/29,13 pulgadas, para peso: menor o igual a 61kg, para altura: 160-165cm<br \/>\nM: Longitud de La Manga: 69,5 cm\/27,36 pulgadas, busto: 92cm\/36,22 pulgadas, cintura: 78cm\/30,71 pulgadas, para peso: 62-68kg, para altura: 165-170cm<br \/>\nL: Longitud de La Manga: 72cm\/28,35 pulgadas, busto: 97cm\/38,19 pulgadas, cintura: 82cm\/32,28 pulgadas, para peso: 69-77kg, para altura: 170-175cm<br \/>\nXL: Longitud de La Manga: 74,5 cm\/29,33 pulgadas, busto: 102cm\/40,16 pulgadas, cintura: 86cm\/33,86 pulgadas, para peso: 77-83kg, para altura: 175-180cm<br \/>\n2XL: Longitud de La Manga: 77cm\/30,31 pulgadas, busto: 107cm\/42,13 pulgadas, cintura: 90cm\/35,43 pulgadas, para peso: 83-89kg, para altura: 180-185cm<br \/>\n3XL: Longitud de La Manga: 79,5 cm\/31,30 pulgadas, busto: 112cm\/44,09 pulgadas, cintura: 94cm\/37,01 pulgadas, para peso: 90-96kg, para altura: 185-190cm<\/p>\n<p style=\"font-family: Helvetica, arial, sans-serif; font-size: 12px; font-weight: 400; letter-spacing: normal; text-align: start;\" align=\"start\"><strong>El paquete incluye:<\/strong><\/p>\n<p style=\"font-family: Helvetica, arial, sans-serif; font-size: 12px; font-weight: 400; letter-spacing: normal; text-align: start;\" align=\"start\">1 pieza traje de buceo<\/p>\n<p style=\"font-family: Helvetica, arial, sans-serif; font-size: 12px; font-weight: 400; letter-spacing: normal; text-align: start;\" align=\"start\"><strong>Nota:<\/strong><\/p>\n<p style=\"font-family: Helvetica, arial, sans-serif; font-size: 12px; font-weight: 400; letter-spacing: normal; text-align: start;\" align=\"start\">1. Permite un peque\u00f1o error debido a la medici\u00f3n manual.<br \/>\n2. Debido a la diferencia entre diferentes monitores, la imagen puede no reflejar el color real del art\u00edculo.<br \/>\n3. \u00a1Te deseo una maravillosa compra en l\u00ednea!<\/p>\n<p style=\"font-family: Helvetica, arial, sans-serif; font-size: 12px; font-weight: 400; letter-spacing: normal; text-align: start;\" align=\"start\"><img decoding=\"async\" title=\"Yonsub-traje de neopreno Unisex para hombre y mujer, traje de buceo con capucha de 3mm, para esn\u00f3rquel, nataci\u00f3n, pesca\" src=\"https:\/\/bodegaoutdoor.cl\/store\/wp-content\/uploads\/2021\/12\/50733-psf6tl.jpg\" alt=\"Yonsub-traje de neopreno Unisex para hombre y mujer, traje de buceo con capucha de 3mm, para esn\u00f3rquel, nataci\u00f3n, pesca\" \/><img decoding=\"async\" title=\"Yonsub-traje de neopreno Unisex para hombre y mujer, traje de buceo con capucha de 3mm, para esn\u00f3rquel, nataci\u00f3n, pesca\" src=\"https:\/\/bodegaoutdoor.cl\/store\/wp-content\/uploads\/2021\/12\/50733-v7ru4j.jpg\" alt=\"Yonsub-traje de neopreno Unisex para hombre y mujer, traje de buceo con capucha de 3mm, para esn\u00f3rquel, nataci\u00f3n, pesca\" \/><img decoding=\"async\" title=\"Yonsub-traje de neopreno Unisex para hombre y mujer, traje de buceo con capucha de 3mm, para esn\u00f3rquel, nataci\u00f3n, pesca\" src=\"https:\/\/bodegaoutdoor.cl\/store\/wp-content\/uploads\/2021\/12\/50733-7vlj3u.jpg\" alt=\"Yonsub-traje de neopreno Unisex para hombre y mujer, traje de buceo con capucha de 3mm, para esn\u00f3rquel, nataci\u00f3n, pesca\" \/><img decoding=\"async\" title=\"Yonsub-traje de neopreno Unisex para hombre y mujer, traje de buceo con capucha de 3mm, para esn\u00f3rquel, nataci\u00f3n, pesca\" src=\"https:\/\/bodegaoutdoor.cl\/store\/wp-content\/uploads\/2021\/12\/50733-ynubgv.jpg\" alt=\"Yonsub-traje de neopreno Unisex para hombre y mujer, traje de buceo con capucha de 3mm, para esn\u00f3rquel, nataci\u00f3n, pesca\" \/><img decoding=\"async\" title=\"Yonsub-traje de neopreno Unisex para hombre y mujer, traje de buceo con capucha de 3mm, para esn\u00f3rquel, nataci\u00f3n, pesca\" src=\"https:\/\/bodegaoutdoor.cl\/store\/wp-content\/uploads\/2021\/12\/50733-wxdrzo.jpg\" alt=\"Yonsub-traje de neopreno Unisex para hombre y mujer, traje de buceo con capucha de 3mm, para esn\u00f3rquel, nataci\u00f3n, pesca\" \/><img decoding=\"async\" title=\"Yonsub-traje de neopreno Unisex para hombre y mujer, traje de buceo con capucha de 3mm, para esn\u00f3rquel, nataci\u00f3n, pesca\" src=\"https:\/\/bodegaoutdoor.cl\/store\/wp-content\/uploads\/2021\/12\/50733-xlzbqn.jpg\" alt=\"Yonsub-traje de neopreno Unisex para hombre y mujer, traje de buceo con capucha de 3mm, para esn\u00f3rquel, nataci\u00f3n, pesca\" \/><\/p>\n<p>&nbsp;<\/p>\n<\/div>\n<\/div>\n\n    <div class=\"xs_social_share_widget xs_share_url after_content \t\tmain_content  wslu-style-1 wslu-share-box-shaped wslu-fill-colored wslu-none wslu-share-horizontal wslu-theme-font-no wslu-main_content\">\n\n\t\t\n        <ul>\n\t\t\t        <\/ul>\n    <\/div> \n","protected":false},"excerpt":{"rendered":"<p>Descripci\u00f3n: Traje de buceo de 3mm para hombre y mujer, traje de neopreno de una pieza con capucha, traje de buceo de longitud completa. Dise\u00f1o con cremallera frontal, f\u00e1cil de llevar. Anti-puntura proporciona la mejor protecci\u00f3n y mantiene tu contra ara\u00f1azos y picaduras para dar una experiencia de buceo maravillosa. Mantente caliente, agradable a la [&hellip;]<\/p>\n","protected":false},"featured_media":50740,"comment_status":"open","ping_status":"closed","template":"","meta":{"jetpack_publicize_message":"","jetpack_publicize_feature_enabled":true,"jetpack_social_post_already_shared":true,"jetpack_social_options":{"image_generator_settings":{"template":"highway","enabled":false},"version":2}},"product_brand":[],"product_cat":[15],"product_tag":[],"class_list":{"0":"post-50733","1":"product","2":"type-product","3":"status-publish","4":"has-post-thumbnail","6":"product_cat-otros","8":"first","9":"instock","10":"taxable","11":"shipping-taxable","12":"purchasable","13":"product-type-variable"},"jetpack_publicize_connections":[],"jetpack_sharing_enabled":true,"_links":{"self":[{"href":"https:\/\/bodegaoutdoor.cl\/store\/wp-json\/wp\/v2\/product\/50733","targetHints":{"allow":["GET"]}}],"collection":[{"href":"https:\/\/bodegaoutdoor.cl\/store\/wp-json\/wp\/v2\/product"}],"about":[{"href":"https:\/\/bodegaoutdoor.cl\/store\/wp-json\/wp\/v2\/types\/product"}],"replies":[{"embeddable":true,"href":"https:\/\/bodegaoutdoor.cl\/store\/wp-json\/wp\/v2\/comments?post=50733"}],"version-history":[{"count":2,"href":"https:\/\/bodegaoutdoor.cl\/store\/wp-json\/wp\/v2\/product\/50733\/revisions"}],"predecessor-version":[{"id":70977,"href":"https:\/\/bodegaoutdoor.cl\/store\/wp-json\/wp\/v2\/product\/50733\/revisions\/70977"}],"wp:featuredmedia":[{"embeddable":true,"href":"https:\/\/bodegaoutdoor.cl\/store\/wp-json\/wp\/v2\/media\/50740"}],"wp:attachment":[{"href":"https:\/\/bodegaoutdoor.cl\/store\/wp-json\/wp\/v2\/media?parent=50733"}],"wp:term":[{"taxonomy":"product_brand","embeddable":true,"href":"https:\/\/bodegaoutdoor.cl\/store\/wp-json\/wp\/v2\/product_brand?post=50733"},{"taxonomy":"product_cat","embeddable":true,"href":"https:\/\/bodegaoutdoor.cl\/store\/wp-json\/wp\/v2\/product_cat?post=50733"},{"taxonomy":"product_tag","embeddable":true,"href":"https:\/\/bodegaoutdoor.cl\/store\/wp-json\/wp\/v2\/product_tag?post=50733"}],"curies":[{"name":"wp","href":"https:\/\/api.w.org\/{rel}","templated":true}]}}