{"id":5075,"date":"2020-07-17T05:59:56","date_gmt":"2020-07-17T05:59:56","guid":{"rendered":"https:\/\/bodegaoutdoor.cl\/store\/product\/15l-molle-mochila-tactica-800d-oxford-militar-bicicleta-y-senderismo-mochilas-deportes-al-aire-libre-ciclismo-camping-bolsa-ejercito-xa568\/"},"modified":"2024-03-27T08:45:11","modified_gmt":"2024-03-27T11:45:11","slug":"15l-molle-mochila-tactica-800d-oxford-militar-bicicleta-y-senderismo-mochilas-deportes-al-aire-libre-ciclismo-camping-bolsa-ejercito-xa568","status":"publish","type":"product","link":"https:\/\/bodegaoutdoor.cl\/store\/product\/15l-molle-mochila-tactica-800d-oxford-militar-bicicleta-y-senderismo-mochilas-deportes-al-aire-libre-ciclismo-camping-bolsa-ejercito-xa568\/","title":{"rendered":"15L Molle mochila t\u00e1ctica 800D Oxford militar bicicleta y senderismo mochilas deportes al aire libre ciclismo Camping bolsa ej\u00e9rcito XA568"},"content":{"rendered":"<p style=\"text-align: center;\"><video style=\"max-width: 100%;\" src=\"\/\/cloud.video.taobao.com\/play\/u\/1609885269\/p\/1\/e\/6\/t\/10301\/236719567167.mp4\" poster=\"https:\/\/ae01.alicdn.com\/kf\/He08c0e3e3b384534b88c98dcc05c5d26H\/15L-Molle-mochila-t-ctica-800D-Oxford-militar-bicicleta-y-senderismo-mochilas-deportes-al-aire-libre.jpg,https:\/\/ae01.alicdn.com\/kf\/Hcdf3619441dc4cc4a14a3d0f13dff169m\/15L-Molle-mochila-t-ctica-800D-Oxford-militar-bicicleta-y-senderismo-mochilas-deportes-al-aire-libre.jpg,https:\/\/ae01.alicdn.com\/kf\/Hf44c59ca30e54a4c9d1b81f46a36a2c81\/15L-Molle-mochila-t-ctica-800D-Oxford-militar-bicicleta-y-senderismo-mochilas-deportes-al-aire-libre.jpg,https:\/\/ae01.alicdn.com\/kf\/HTB1WkVtQXXXXXXdXXXXq6xXFXXXg\/15L-Molle-mochila-t-ctica-800D-Oxford-militar-bicicleta-y-senderismo-mochilas-deportes-al-aire-libre.jpg,https:\/\/ae01.alicdn.com\/kf\/HTB1YGcWPVXXXXaqaXXXq6xXFXXX7\/15L-Molle-mochila-t-ctica-800D-Oxford-militar-bicicleta-y-senderismo-mochilas-deportes-al-aire-libre.jpg,https:\/\/ae01.alicdn.com\/kf\/HTB1rLXiQXXXXXa3XpXXq6xXFXXXW\/15L-Molle-mochila-t-ctica-800D-Oxford-militar-bicicleta-y-senderismo-mochilas-deportes-al-aire-libre.jpg\" preload=\"auto\" controls=\"controls\" width=\"100%\" height=\"100%\"><\/video><\/p>\n<div>\n<div>\n<div style=\"text-align: center;\"><\/div>\n<\/div>\n<div><\/div>\n<div>\n<div>\n<div>\n<p style=\"text-align: center;\"><img decoding=\"async\" title=\"15L Molle mochila t\u00e1ctica 800D Oxford militar bicicleta y senderismo mochilas deportes al aire libre ciclismo Camping bolsa ej\u00e9rcito XA568\" src=\"https:\/\/bodegaoutdoor.cl\/store\/wp-content\/uploads\/2020\/07\/5075-7mzntf.jpg\" alt=\"15L Molle mochila t\u00e1ctica 800D Oxford militar bicicleta y senderismo mochilas deportes al aire libre ciclismo Camping bolsa ej\u00e9rcito XA568\" \/><\/p>\n<div>\n<p><span style=\"font-size: 16.0px;\">Material: 800D de la tela de Oxford<\/span><\/p>\n<p><span style=\"font-size: 16.0px;\">Capacidad: 15L<\/span><\/p>\n<p><span style=\"font-size: 16.0px;\">Tama\u00f1o: 42cm x 21 fitness | Rodillos de espuma | Balones suizos | Rehabilitaci\u00f3n y ejercicio f\u00edsico | Pilates | En vivomed cm(HxLxW)<\/span><\/p>\n<p><span style=\"font-size: 16.0px;\">Uso: Mochila deportiva para el aire libre para ciclismo, correr, viajar. camping senderismo militar. Aletas, mochilas de senderismo<\/span><\/p>\n<p><img decoding=\"async\" title=\"15L Molle mochila t\u00e1ctica 800D Oxford militar bicicleta y senderismo mochilas deportes al aire libre ciclismo Camping bolsa ej\u00e9rcito XA568\" src=\"https:\/\/bodegaoutdoor.cl\/store\/wp-content\/uploads\/2020\/07\/5075-xztrxe.jpg\" alt=\"15L Molle mochila t\u00e1ctica 800D Oxford militar bicicleta y senderismo mochilas deportes al aire libre ciclismo Camping bolsa ej\u00e9rcito XA568\" \/><\/p>\n<p><span style=\"color: #ff0000;\"><span style=\"font-size: 16.0px;\">Nota:<br \/>\n-Debido a los diferentes lotes de producci\u00f3n, los detalles del producto pueden ser un poco diferentes. Si te importa la diferencia, c\u00f3mprala cuidadosamente.<\/span><\/span><\/p>\n<p>-Puede haber una diferencia de 1-3CM debido a la medici\u00f3n manual.<br \/>\n(1 pulgada = 2,54 cm,1 cm = 0,39 pulgadas)<\/p>\n<p>-Debido a las diferentes pantallas y luces, la imagen puede no reflejar el color real del art\u00edculo. Gracias por su comprensi\u00f3n.<\/p>\n<\/div>\n<p style=\"text-align: center;\"><img decoding=\"async\" title=\"15L Molle mochila t\u00e1ctica 800D Oxford militar bicicleta y senderismo mochilas deportes al aire libre ciclismo Camping bolsa ej\u00e9rcito XA568\" src=\"https:\/\/bodegaoutdoor.cl\/store\/wp-content\/uploads\/2020\/07\/5075-zc8p3s.jpg\" alt=\"15L Molle mochila t\u00e1ctica 800D Oxford militar bicicleta y senderismo mochilas deportes al aire libre ciclismo Camping bolsa ej\u00e9rcito XA568\" \/><\/p>\n<div style=\"text-align: center;\"><img decoding=\"async\" title=\"15L Molle mochila t\u00e1ctica 800D Oxford militar bicicleta y senderismo mochilas deportes al aire libre ciclismo Camping bolsa ej\u00e9rcito XA568\" src=\"https:\/\/bodegaoutdoor.cl\/store\/wp-content\/uploads\/2020\/07\/5075-ccjt8r.jpg\" alt=\"15L Molle mochila t\u00e1ctica 800D Oxford militar bicicleta y senderismo mochilas deportes al aire libre ciclismo Camping bolsa ej\u00e9rcito XA568\" \/><img decoding=\"async\" title=\"15L Molle mochila t\u00e1ctica 800D Oxford militar bicicleta y senderismo mochilas deportes al aire libre ciclismo Camping bolsa ej\u00e9rcito XA568\" src=\"https:\/\/bodegaoutdoor.cl\/store\/wp-content\/uploads\/2020\/07\/5075-9kclxr.jpg\" alt=\"15L Molle mochila t\u00e1ctica 800D Oxford militar bicicleta y senderismo mochilas deportes al aire libre ciclismo Camping bolsa ej\u00e9rcito XA568\" \/><img decoding=\"async\" title=\"15L Molle mochila t\u00e1ctica 800D Oxford militar bicicleta y senderismo mochilas deportes al aire libre ciclismo Camping bolsa ej\u00e9rcito XA568\" src=\"https:\/\/bodegaoutdoor.cl\/store\/wp-content\/uploads\/2020\/07\/5075-longoy.jpg\" alt=\"15L Molle mochila t\u00e1ctica 800D Oxford militar bicicleta y senderismo mochilas deportes al aire libre ciclismo Camping bolsa ej\u00e9rcito XA568\" \/><br \/>\n<img decoding=\"async\" title=\"15L Molle mochila t\u00e1ctica 800D Oxford militar bicicleta y senderismo mochilas deportes al aire libre ciclismo Camping bolsa ej\u00e9rcito XA568\" src=\"https:\/\/bodegaoutdoor.cl\/store\/wp-content\/uploads\/2020\/07\/5075-wbkqzo.jpg\" alt=\"15L Molle mochila t\u00e1ctica 800D Oxford militar bicicleta y senderismo mochilas deportes al aire libre ciclismo Camping bolsa ej\u00e9rcito XA568\" \/> <img decoding=\"async\" title=\"15L Molle mochila t\u00e1ctica 800D Oxford militar bicicleta y senderismo mochilas deportes al aire libre ciclismo Camping bolsa ej\u00e9rcito XA568\" src=\"https:\/\/bodegaoutdoor.cl\/store\/wp-content\/uploads\/2020\/07\/5075-1ugndo.jpg\" alt=\"15L Molle mochila t\u00e1ctica 800D Oxford militar bicicleta y senderismo mochilas deportes al aire libre ciclismo Camping bolsa ej\u00e9rcito XA568\" \/><br \/>\n<img decoding=\"async\" title=\"15L Molle mochila t\u00e1ctica 800D Oxford militar bicicleta y senderismo mochilas deportes al aire libre ciclismo Camping bolsa ej\u00e9rcito XA568\" src=\"https:\/\/bodegaoutdoor.cl\/store\/wp-content\/uploads\/2020\/07\/5075-xn6abn.jpg\" alt=\"15L Molle mochila t\u00e1ctica 800D Oxford militar bicicleta y senderismo mochilas deportes al aire libre ciclismo Camping bolsa ej\u00e9rcito XA568\" \/><br \/>\n<img decoding=\"async\" title=\"15L Molle mochila t\u00e1ctica 800D Oxford militar bicicleta y senderismo mochilas deportes al aire libre ciclismo Camping bolsa ej\u00e9rcito XA568\" src=\"https:\/\/bodegaoutdoor.cl\/store\/wp-content\/uploads\/2020\/07\/5075-cs8o8a.jpg\" alt=\"15L Molle mochila t\u00e1ctica 800D Oxford militar bicicleta y senderismo mochilas deportes al aire libre ciclismo Camping bolsa ej\u00e9rcito XA568\" \/><br \/>\n<img decoding=\"async\" title=\"15L Molle mochila t\u00e1ctica 800D Oxford militar bicicleta y senderismo mochilas deportes al aire libre ciclismo Camping bolsa ej\u00e9rcito XA568\" src=\"https:\/\/bodegaoutdoor.cl\/store\/wp-content\/uploads\/2020\/07\/5075-3vfebx.jpg\" alt=\"15L Molle mochila t\u00e1ctica 800D Oxford militar bicicleta y senderismo mochilas deportes al aire libre ciclismo Camping bolsa ej\u00e9rcito XA568\" \/> <img decoding=\"async\" title=\"15L Molle mochila t\u00e1ctica 800D Oxford militar bicicleta y senderismo mochilas deportes al aire libre ciclismo Camping bolsa ej\u00e9rcito XA568\" src=\"https:\/\/bodegaoutdoor.cl\/store\/wp-content\/uploads\/2020\/07\/5075-cr9u8k.jpg\" alt=\"15L Molle mochila t\u00e1ctica 800D Oxford militar bicicleta y senderismo mochilas deportes al aire libre ciclismo Camping bolsa ej\u00e9rcito XA568\" \/><\/div>\n<div style=\"text-align: center;\"><img decoding=\"async\" title=\"15L Molle mochila t\u00e1ctica 800D Oxford militar bicicleta y senderismo mochilas deportes al aire libre ciclismo Camping bolsa ej\u00e9rcito XA568\" src=\"https:\/\/bodegaoutdoor.cl\/store\/wp-content\/uploads\/2020\/07\/5075-uuqwv2.jpg\" alt=\"15L Molle mochila t\u00e1ctica 800D Oxford militar bicicleta y senderismo mochilas deportes al aire libre ciclismo Camping bolsa ej\u00e9rcito XA568\" \/><br \/>\n<img decoding=\"async\" title=\"15L Molle mochila t\u00e1ctica 800D Oxford militar bicicleta y senderismo mochilas deportes al aire libre ciclismo Camping bolsa ej\u00e9rcito XA568\" src=\"https:\/\/bodegaoutdoor.cl\/store\/wp-content\/uploads\/2020\/07\/5075-kdgxzf.jpg\" alt=\"15L Molle mochila t\u00e1ctica 800D Oxford militar bicicleta y senderismo mochilas deportes al aire libre ciclismo Camping bolsa ej\u00e9rcito XA568\" \/><br \/>\n<img decoding=\"async\" title=\"15L Molle mochila t\u00e1ctica 800D Oxford militar bicicleta y senderismo mochilas deportes al aire libre ciclismo Camping bolsa ej\u00e9rcito XA568\" src=\"https:\/\/bodegaoutdoor.cl\/store\/wp-content\/uploads\/2020\/07\/5075-unkkuj.jpg\" alt=\"15L Molle mochila t\u00e1ctica 800D Oxford militar bicicleta y senderismo mochilas deportes al aire libre ciclismo Camping bolsa ej\u00e9rcito XA568\" \/><br \/>\n<img decoding=\"async\" title=\"15L Molle mochila t\u00e1ctica 800D Oxford militar bicicleta y senderismo mochilas deportes al aire libre ciclismo Camping bolsa ej\u00e9rcito XA568\" src=\"https:\/\/bodegaoutdoor.cl\/store\/wp-content\/uploads\/2020\/07\/5075-3p4mjr.jpg\" alt=\"15L Molle mochila t\u00e1ctica 800D Oxford militar bicicleta y senderismo mochilas deportes al aire libre ciclismo Camping bolsa ej\u00e9rcito XA568\" \/><br \/>\n<img decoding=\"async\" title=\"15L Molle mochila t\u00e1ctica 800D Oxford militar bicicleta y senderismo mochilas deportes al aire libre ciclismo Camping bolsa ej\u00e9rcito XA568\" src=\"https:\/\/bodegaoutdoor.cl\/store\/wp-content\/uploads\/2020\/07\/5075-hlcigb.jpg\" alt=\"15L Molle mochila t\u00e1ctica 800D Oxford militar bicicleta y senderismo mochilas deportes al aire libre ciclismo Camping bolsa ej\u00e9rcito XA568\" \/><br \/>\n<img decoding=\"async\" title=\"15L Molle mochila t\u00e1ctica 800D Oxford militar bicicleta y senderismo mochilas deportes al aire libre ciclismo Camping bolsa ej\u00e9rcito XA568\" src=\"https:\/\/bodegaoutdoor.cl\/store\/wp-content\/uploads\/2020\/07\/5075-tq0fdr.jpg\" alt=\"15L Molle mochila t\u00e1ctica 800D Oxford militar bicicleta y senderismo mochilas deportes al aire libre ciclismo Camping bolsa ej\u00e9rcito XA568\" \/><br \/>\n<img decoding=\"async\" title=\"15L Molle mochila t\u00e1ctica 800D Oxford militar bicicleta y senderismo mochilas deportes al aire libre ciclismo Camping bolsa ej\u00e9rcito XA568\" src=\"https:\/\/bodegaoutdoor.cl\/store\/wp-content\/uploads\/2020\/07\/5075-ai5l7i.jpg\" alt=\"15L Molle mochila t\u00e1ctica 800D Oxford militar bicicleta y senderismo mochilas deportes al aire libre ciclismo Camping bolsa ej\u00e9rcito XA568\" \/><br \/>\n<img decoding=\"async\" title=\"15L Molle mochila t\u00e1ctica 800D Oxford militar bicicleta y senderismo mochilas deportes al aire libre ciclismo Camping bolsa ej\u00e9rcito XA568\" src=\"https:\/\/bodegaoutdoor.cl\/store\/wp-content\/uploads\/2020\/07\/5075-avc3hg.jpg\" alt=\"15L Molle mochila t\u00e1ctica 800D Oxford militar bicicleta y senderismo mochilas deportes al aire libre ciclismo Camping bolsa ej\u00e9rcito XA568\" \/><br \/>\n<img decoding=\"async\" title=\"15L Molle mochila t\u00e1ctica 800D Oxford militar bicicleta y senderismo mochilas deportes al aire libre ciclismo Camping bolsa ej\u00e9rcito XA568\" src=\"https:\/\/bodegaoutdoor.cl\/store\/wp-content\/uploads\/2020\/07\/5075-5ju9oa.jpg\" alt=\"15L Molle mochila t\u00e1ctica 800D Oxford militar bicicleta y senderismo mochilas deportes al aire libre ciclismo Camping bolsa ej\u00e9rcito XA568\" \/> <img decoding=\"async\" title=\"15L Molle mochila t\u00e1ctica 800D Oxford militar bicicleta y senderismo mochilas deportes al aire libre ciclismo Camping bolsa ej\u00e9rcito XA568\" src=\"https:\/\/bodegaoutdoor.cl\/store\/wp-content\/uploads\/2020\/07\/5075-fyggqi.jpg\" alt=\"15L Molle mochila t\u00e1ctica 800D Oxford militar bicicleta y senderismo mochilas deportes al aire libre ciclismo Camping bolsa ej\u00e9rcito XA568\" \/> <img decoding=\"async\" title=\"15L Molle mochila t\u00e1ctica 800D Oxford militar bicicleta y senderismo mochilas deportes al aire libre ciclismo Camping bolsa ej\u00e9rcito XA568\" src=\"https:\/\/bodegaoutdoor.cl\/store\/wp-content\/uploads\/2020\/07\/5075-7llsgv.jpg\" alt=\"15L Molle mochila t\u00e1ctica 800D Oxford militar bicicleta y senderismo mochilas deportes al aire libre ciclismo Camping bolsa ej\u00e9rcito XA568\" \/> <img decoding=\"async\" title=\"15L Molle mochila t\u00e1ctica 800D Oxford militar bicicleta y senderismo mochilas deportes al aire libre ciclismo Camping bolsa ej\u00e9rcito XA568\" src=\"https:\/\/bodegaoutdoor.cl\/store\/wp-content\/uploads\/2020\/07\/5075-w4tesh.jpg\" alt=\"15L Molle mochila t\u00e1ctica 800D Oxford militar bicicleta y senderismo mochilas deportes al aire libre ciclismo Camping bolsa ej\u00e9rcito XA568\" \/> <img decoding=\"async\" title=\"15L Molle mochila t\u00e1ctica 800D Oxford militar bicicleta y senderismo mochilas deportes al aire libre ciclismo Camping bolsa ej\u00e9rcito XA568\" src=\"https:\/\/bodegaoutdoor.cl\/store\/wp-content\/uploads\/2020\/07\/5075-gidxp6.jpg\" alt=\"15L Molle mochila t\u00e1ctica 800D Oxford militar bicicleta y senderismo mochilas deportes al aire libre ciclismo Camping bolsa ej\u00e9rcito XA568\" \/> <img decoding=\"async\" title=\"15L Molle mochila t\u00e1ctica 800D Oxford militar bicicleta y senderismo mochilas deportes al aire libre ciclismo Camping bolsa ej\u00e9rcito XA568\" src=\"https:\/\/bodegaoutdoor.cl\/store\/wp-content\/uploads\/2020\/07\/5075-7jm8lo.jpg\" alt=\"15L Molle mochila t\u00e1ctica 800D Oxford militar bicicleta y senderismo mochilas deportes al aire libre ciclismo Camping bolsa ej\u00e9rcito XA568\" \/> <img decoding=\"async\" title=\"15L Molle mochila t\u00e1ctica 800D Oxford militar bicicleta y senderismo mochilas deportes al aire libre ciclismo Camping bolsa ej\u00e9rcito XA568\" src=\"https:\/\/bodegaoutdoor.cl\/store\/wp-content\/uploads\/2020\/07\/5075-l4mnm9.jpg\" alt=\"15L Molle mochila t\u00e1ctica 800D Oxford militar bicicleta y senderismo mochilas deportes al aire libre ciclismo Camping bolsa ej\u00e9rcito XA568\" \/> <img decoding=\"async\" title=\"15L Molle mochila t\u00e1ctica 800D Oxford militar bicicleta y senderismo mochilas deportes al aire libre ciclismo Camping bolsa ej\u00e9rcito XA568\" src=\"https:\/\/bodegaoutdoor.cl\/store\/wp-content\/uploads\/2020\/07\/5075-e9kogr.jpg\" alt=\"15L Molle mochila t\u00e1ctica 800D Oxford militar bicicleta y senderismo mochilas deportes al aire libre ciclismo Camping bolsa ej\u00e9rcito XA568\" \/> <img decoding=\"async\" title=\"15L Molle mochila t\u00e1ctica 800D Oxford militar bicicleta y senderismo mochilas deportes al aire libre ciclismo Camping bolsa ej\u00e9rcito XA568\" src=\"https:\/\/bodegaoutdoor.cl\/store\/wp-content\/uploads\/2020\/07\/5075-9omgoh.jpg\" alt=\"15L Molle mochila t\u00e1ctica 800D Oxford militar bicicleta y senderismo mochilas deportes al aire libre ciclismo Camping bolsa ej\u00e9rcito XA568\" \/><\/div>\n<p><img decoding=\"async\" style=\"text-align: center;\" title=\"15L Molle mochila t\u00e1ctica 800D Oxford militar bicicleta y senderismo mochilas deportes al aire libre ciclismo Camping bolsa ej\u00e9rcito XA568\" src=\"https:\/\/bodegaoutdoor.cl\/store\/wp-content\/uploads\/2020\/07\/5075-oxugv9.jpg\" alt=\"15L Molle mochila t\u00e1ctica 800D Oxford militar bicicleta y senderismo mochilas deportes al aire libre ciclismo Camping bolsa ej\u00e9rcito XA568\" \/><br \/>\n<img decoding=\"async\" style=\"text-align: center;\" title=\"15L Molle mochila t\u00e1ctica 800D Oxford militar bicicleta y senderismo mochilas deportes al aire libre ciclismo Camping bolsa ej\u00e9rcito XA568\" src=\"https:\/\/bodegaoutdoor.cl\/store\/wp-content\/uploads\/2020\/07\/5075-ugvcuj.jpg\" alt=\"15L Molle mochila t\u00e1ctica 800D Oxford militar bicicleta y senderismo mochilas deportes al aire libre ciclismo Camping bolsa ej\u00e9rcito XA568\" \/><br \/>\n<img decoding=\"async\" style=\"text-align: center;\" title=\"15L Molle mochila t\u00e1ctica 800D Oxford militar bicicleta y senderismo mochilas deportes al aire libre ciclismo Camping bolsa ej\u00e9rcito XA568\" src=\"https:\/\/bodegaoutdoor.cl\/store\/wp-content\/uploads\/2020\/07\/5075-frd6zx.jpg\" alt=\"15L Molle mochila t\u00e1ctica 800D Oxford militar bicicleta y senderismo mochilas deportes al aire libre ciclismo Camping bolsa ej\u00e9rcito XA568\" \/><\/p>\n<p><img decoding=\"async\" style=\"text-align: center;\" title=\"15L Molle mochila t\u00e1ctica 800D Oxford militar bicicleta y senderismo mochilas deportes al aire libre ciclismo Camping bolsa ej\u00e9rcito XA568\" src=\"https:\/\/bodegaoutdoor.cl\/store\/wp-content\/uploads\/2020\/07\/5075-su1qbd.jpg\" alt=\"15L Molle mochila t\u00e1ctica 800D Oxford militar bicicleta y senderismo mochilas deportes al aire libre ciclismo Camping bolsa ej\u00e9rcito XA568\" \/><br \/>\n<img decoding=\"async\" style=\"text-align: center;\" title=\"15L Molle mochila t\u00e1ctica 800D Oxford militar bicicleta y senderismo mochilas deportes al aire libre ciclismo Camping bolsa ej\u00e9rcito XA568\" src=\"https:\/\/bodegaoutdoor.cl\/store\/wp-content\/uploads\/2020\/07\/5075-5fonik.jpg\" alt=\"15L Molle mochila t\u00e1ctica 800D Oxford militar bicicleta y senderismo mochilas deportes al aire libre ciclismo Camping bolsa ej\u00e9rcito XA568\" \/><\/p>\n<div style=\"text-align: center;\"><\/div>\n<div style=\"text-align: center;\"><span style=\"color: #ffffff;\"><span style=\"background-color: #ffffff;\">Mochila ultraligera para bicicleta de monta\u00f1a, paquete de hidrataci\u00f3n, Mochila de agua para ciclismo, bicicleta, senderismo, escalada, mochila para montar, equipo de suspensi\u00f3n al aire libre, mochila de conducci\u00f3n al aire libre, bicicleta, ciclismo<\/span><\/span><\/div>\n<div style=\"text-align: center;\"><\/div>\n<\/div>\n<\/div>\n<\/div>\n<div><\/div>\n<div>\n<div><\/div>\n<\/div>\n<h1 style=\"margin: 0.0px; padding: 10.0px 20.0px 0.0px; border: 0.0px; font-weight: 400; font-size: 16.0px; line-height: 22.0px; font-family: arial , helvetica , sans-serif; vertical-align: baseline; color: #000000;\"><span style=\"color: #ffffff;\"><span style=\"font-family: arial , helvetica , sans-serif;\"><span style=\"font-size: 8.0px;\">Bolsa deportiva de nailon impermeable para exteriores, mochila militar t\u00e1ctica 3P para acampada, escalada y ciclismo, para hombres y mujeres, mochilas secas<\/span><\/span><\/span><\/h1>\n<\/div>\n\n    <div class=\"xs_social_share_widget xs_share_url after_content \t\tmain_content  wslu-style-1 wslu-share-box-shaped wslu-fill-colored wslu-none wslu-share-horizontal wslu-theme-font-no wslu-main_content\">\n\n\t\t\n        <ul>\n\t\t\t        <\/ul>\n    <\/div> \n","protected":false},"excerpt":{"rendered":"<p>Material: 800D de la tela de Oxford Capacidad: 15L Tama\u00f1o: 42cm x 21 fitness | Rodillos de espuma | Balones suizos | Rehabilitaci\u00f3n y ejercicio f\u00edsico | Pilates | En vivomed cm(HxLxW) Uso: Mochila deportiva para el aire libre para ciclismo, correr, viajar. camping senderismo militar. Aletas, mochilas de senderismo Nota: -Debido a los diferentes [&hellip;]<\/p>\n","protected":false},"featured_media":5085,"comment_status":"open","ping_status":"closed","template":"","meta":{"jetpack_publicize_message":"","jetpack_publicize_feature_enabled":true,"jetpack_social_post_already_shared":true,"jetpack_social_options":{"image_generator_settings":{"template":"highway","enabled":false},"version":2}},"product_brand":[],"product_cat":[195,238],"product_tag":[],"class_list":{"0":"post-5075","1":"product","2":"type-product","3":"status-publish","4":"has-post-thumbnail","6":"product_cat-mochilas","7":"product_cat-mochilas-10-30-litros","9":"first","10":"instock","11":"sale","12":"taxable","13":"shipping-taxable","14":"purchasable","15":"product-type-variable"},"jetpack_publicize_connections":[],"jetpack_sharing_enabled":true,"_links":{"self":[{"href":"https:\/\/bodegaoutdoor.cl\/store\/wp-json\/wp\/v2\/product\/5075","targetHints":{"allow":["GET"]}}],"collection":[{"href":"https:\/\/bodegaoutdoor.cl\/store\/wp-json\/wp\/v2\/product"}],"about":[{"href":"https:\/\/bodegaoutdoor.cl\/store\/wp-json\/wp\/v2\/types\/product"}],"replies":[{"embeddable":true,"href":"https:\/\/bodegaoutdoor.cl\/store\/wp-json\/wp\/v2\/comments?post=5075"}],"version-history":[{"count":1,"href":"https:\/\/bodegaoutdoor.cl\/store\/wp-json\/wp\/v2\/product\/5075\/revisions"}],"predecessor-version":[{"id":71359,"href":"https:\/\/bodegaoutdoor.cl\/store\/wp-json\/wp\/v2\/product\/5075\/revisions\/71359"}],"wp:featuredmedia":[{"embeddable":true,"href":"https:\/\/bodegaoutdoor.cl\/store\/wp-json\/wp\/v2\/media\/5085"}],"wp:attachment":[{"href":"https:\/\/bodegaoutdoor.cl\/store\/wp-json\/wp\/v2\/media?parent=5075"}],"wp:term":[{"taxonomy":"product_brand","embeddable":true,"href":"https:\/\/bodegaoutdoor.cl\/store\/wp-json\/wp\/v2\/product_brand?post=5075"},{"taxonomy":"product_cat","embeddable":true,"href":"https:\/\/bodegaoutdoor.cl\/store\/wp-json\/wp\/v2\/product_cat?post=5075"},{"taxonomy":"product_tag","embeddable":true,"href":"https:\/\/bodegaoutdoor.cl\/store\/wp-json\/wp\/v2\/product_tag?post=5075"}],"curies":[{"name":"wp","href":"https:\/\/api.w.org\/{rel}","templated":true}]}}