{"id":50757,"date":"2021-12-10T11:56:53","date_gmt":"2021-12-10T14:56:53","guid":{"rendered":"https:\/\/bodegaoutdoor.cl\/store\/product\/comaxsun-gafas-polarizadas-profesionales-para-ciclismo-lentes-de-sol-deportivas-uv-400-tr90-para-conducir-pescar-al-aire-libre\/"},"modified":"2024-02-18T20:58:24","modified_gmt":"2024-02-18T23:58:24","slug":"gafas-polarizadas-profesionales-lentes-de-sol-deportivas-uv-400-tr90","status":"publish","type":"product","link":"https:\/\/bodegaoutdoor.cl\/store\/product\/gafas-polarizadas-profesionales-lentes-de-sol-deportivas-uv-400-tr90\/","title":{"rendered":"Gafas polarizadas profesionales, lentes de sol deportivas UV 400 Tr90"},"content":{"rendered":"<p style=\"text-align: center;\"><video style=\"max-width: 100%;\" src=\"\/\/cloud.video.taobao.com\/play\/u\/1764160452\/p\/1\/e\/6\/t\/10301\/284289867950.mp4\" poster=\"https:\/\/ae01.alicdn.com\/kf\/H930fd27fbc5d46d4b5dab889722179a1c\/COMAXSUN-Gafas-polarizadas-profesionales-para-ciclismo-lentes-de-sol-deportivas-UV-400-Tr90-para-conducir-pescar.jpg,https:\/\/ae01.alicdn.com\/kf\/H15cad804f37b4157bc2a02acc2ee94e1a\/COMAXSUN-Gafas-polarizadas-profesionales-para-ciclismo-lentes-de-sol-deportivas-UV-400-Tr90-para-conducir-pescar.jpg,https:\/\/ae01.alicdn.com\/kf\/HLB1SSmYKbrpK1RjSZTEq6AWAVXaI\/COMAXSUN-Gafas-polarizadas-profesionales-para-ciclismo-lentes-de-sol-deportivas-UV-400-Tr90-para-conducir-pescar.jpg,https:\/\/ae01.alicdn.com\/kf\/HLB1PaOYKgHqK1RjSZFPq6AwapXaN\/COMAXSUN-Gafas-polarizadas-profesionales-para-ciclismo-lentes-de-sol-deportivas-UV-400-Tr90-para-conducir-pescar.jpg,https:\/\/ae01.alicdn.com\/kf\/HLB1qsiVKmzqK1RjSZFjq6zlCFXa1\/COMAXSUN-Gafas-polarizadas-profesionales-para-ciclismo-lentes-de-sol-deportivas-UV-400-Tr90-para-conducir-pescar.jpg,https:\/\/ae01.alicdn.com\/kf\/HLB1tYGOKgTqK1RjSZPhq6xfOFXad\/COMAXSUN-Gafas-polarizadas-profesionales-para-ciclismo-lentes-de-sol-deportivas-UV-400-Tr90-para-conducir-pescar.jpg\" preload=\"auto\" controls=\"controls\" width=\"100%\" height=\"100%\"><\/video><\/p>\n<div>\n<div><\/div>\n<div>\n<p style=\"font-family: OpenSans; font-size: 20px; font-weight: 900; line-height: 28px; margin-bottom: 12px;\">Hay dos tipos de lentes<\/p>\n<p style=\"font-family: OpenSans; font-size: 14px; font-weight: 300; line-height: 20px; margin-bottom: 12px;\">Estilo 1 y estilo 3: Lente polarizada, estilo 2: lente fotocr\u00f3mica polarizada<\/p>\n<div><img decoding=\"async\" title=\"COMAXSUN-Gafas polarizadas profesionales para ciclismo, lentes de sol deportivas UV 400 Tr90 para conducir, pescar al aire libre\" src=\"https:\/\/bodegaoutdoor.cl\/store\/wp-content\/uploads\/2021\/12\/50757-yiqd5e.jpg\" alt=\"COMAXSUN-Gafas polarizadas profesionales para ciclismo, lentes de sol deportivas UV 400 Tr90 para conducir, pescar al aire libre\" \/><\/div>\n<\/div>\n<div>\n<p style=\"font-family: OpenSans; font-size: 14px; font-weight: 300; line-height: 20px; margin-bottom: 12px;\">Nota: La tasa de decoloraci\u00f3n est\u00e1 relacionada con la intensidad de la luz ultravioleta y la temperatura. (si la intensidad UV y la temperatura son bajas, la velocidad de decoloraci\u00f3n ser\u00e1 m\u00e1s lenta)<\/p>\n<\/div>\n<div>\n<p style=\"font-family: OpenSans; font-size: 14px; font-weight: 300; line-height: 20px; margin-bottom: 12px;\">Material: PC (lente), pmct (marco)<\/p>\n<p>Incluye: 1 funda para gafas y 1 bolsa para gafas<br \/>\n1 pa\u00f1o para gafas<br \/>\n1 montura de gafas<br \/>\n1 cuerda para gafas 1 Marco para lente miop\u00eda<br \/>\n1 l\u00e1mina de prueba polarizada<br \/>\n1 par de lentes<\/p>\n<div><img decoding=\"async\" title=\"COMAXSUN-Gafas polarizadas profesionales para ciclismo, lentes de sol deportivas UV 400 Tr90 para conducir, pescar al aire libre\" src=\"https:\/\/bodegaoutdoor.cl\/store\/wp-content\/uploads\/2021\/12\/50757-dovdnr.jpg\" alt=\"COMAXSUN-Gafas polarizadas profesionales para ciclismo, lentes de sol deportivas UV 400 Tr90 para conducir, pescar al aire libre\" \/><\/div>\n<\/div>\n<div>\n<p style=\"font-family: OpenSans; font-size: 14px; font-weight: 300; line-height: 20px; margin-bottom: 12px;\">Incluye<\/p>\n<div><img decoding=\"async\" title=\"COMAXSUN-Gafas polarizadas profesionales para ciclismo, lentes de sol deportivas UV 400 Tr90 para conducir, pescar al aire libre\" src=\"https:\/\/bodegaoutdoor.cl\/store\/wp-content\/uploads\/2021\/12\/50757-u55jkm.jpg\" alt=\"COMAXSUN-Gafas polarizadas profesionales para ciclismo, lentes de sol deportivas UV 400 Tr90 para conducir, pescar al aire libre\" \/><\/div>\n<\/div>\n<div>\n<p style=\"font-family: OpenSans; font-size: 14px; font-weight: 300; line-height: 20px; margin-bottom: 12px;\">ULTRA ligero<\/p>\n<\/div>\n<div><img decoding=\"async\" title=\"COMAXSUN-Gafas polarizadas profesionales para ciclismo, lentes de sol deportivas UV 400 Tr90 para conducir, pescar al aire libre\" src=\"https:\/\/bodegaoutdoor.cl\/store\/wp-content\/uploads\/2021\/12\/50757-on0kyl.jpg\" alt=\"COMAXSUN-Gafas polarizadas profesionales para ciclismo, lentes de sol deportivas UV 400 Tr90 para conducir, pescar al aire libre\" \/><\/div>\n<div>\n<p style=\"font-family: OpenSans; font-size: 14px; font-weight: 300; line-height: 20px; margin-bottom: 12px;\">La lente miop\u00eda se puede conectar detr\u00e1s de las gafas de sol.<\/p>\n<\/div>\n<div><img decoding=\"async\" title=\"COMAXSUN-Gafas polarizadas profesionales para ciclismo, lentes de sol deportivas UV 400 Tr90 para conducir, pescar al aire libre\" src=\"https:\/\/bodegaoutdoor.cl\/store\/wp-content\/uploads\/2021\/12\/50757-0sqrss.jpg\" alt=\"COMAXSUN-Gafas polarizadas profesionales para ciclismo, lentes de sol deportivas UV 400 Tr90 para conducir, pescar al aire libre\" \/><\/div>\n<div>\n<p style=\"font-family: OpenSans; font-size: 14px; font-weight: 300; line-height: 20px; margin-bottom: 12px;\">Estilo 1 (cristales polarizados) Color de la montura: negro mate amarillo<\/p>\n<\/div>\n<div><img decoding=\"async\" title=\"COMAXSUN-Gafas polarizadas profesionales para ciclismo, lentes de sol deportivas UV 400 Tr90 para conducir, pescar al aire libre\" src=\"https:\/\/bodegaoutdoor.cl\/store\/wp-content\/uploads\/2021\/12\/50757-sxh4ae.jpg\" alt=\"COMAXSUN-Gafas polarizadas profesionales para ciclismo, lentes de sol deportivas UV 400 Tr90 para conducir, pescar al aire libre\" \/><\/div>\n<div><img decoding=\"async\" title=\"COMAXSUN-Gafas polarizadas profesionales para ciclismo, lentes de sol deportivas UV 400 Tr90 para conducir, pescar al aire libre\" src=\"https:\/\/bodegaoutdoor.cl\/store\/wp-content\/uploads\/2021\/12\/50757-w0wh2f.jpg\" alt=\"COMAXSUN-Gafas polarizadas profesionales para ciclismo, lentes de sol deportivas UV 400 Tr90 para conducir, pescar al aire libre\" \/><\/div>\n<div><img decoding=\"async\" title=\"COMAXSUN-Gafas polarizadas profesionales para ciclismo, lentes de sol deportivas UV 400 Tr90 para conducir, pescar al aire libre\" src=\"https:\/\/bodegaoutdoor.cl\/store\/wp-content\/uploads\/2021\/12\/50757-fobfbi.jpg\" alt=\"COMAXSUN-Gafas polarizadas profesionales para ciclismo, lentes de sol deportivas UV 400 Tr90 para conducir, pescar al aire libre\" \/><\/div>\n<div><img decoding=\"async\" title=\"COMAXSUN-Gafas polarizadas profesionales para ciclismo, lentes de sol deportivas UV 400 Tr90 para conducir, pescar al aire libre\" src=\"https:\/\/bodegaoutdoor.cl\/store\/wp-content\/uploads\/2021\/12\/50757-guhtws.jpg\" alt=\"COMAXSUN-Gafas polarizadas profesionales para ciclismo, lentes de sol deportivas UV 400 Tr90 para conducir, pescar al aire libre\" \/><\/div>\n<div><img decoding=\"async\" title=\"COMAXSUN-Gafas polarizadas profesionales para ciclismo, lentes de sol deportivas UV 400 Tr90 para conducir, pescar al aire libre\" src=\"https:\/\/bodegaoutdoor.cl\/store\/wp-content\/uploads\/2021\/12\/50757-0t1peo.jpg\" alt=\"COMAXSUN-Gafas polarizadas profesionales para ciclismo, lentes de sol deportivas UV 400 Tr90 para conducir, pescar al aire libre\" \/><\/div>\n<div>\n<p style=\"font-family: OpenSans; font-size: 14px; font-weight: 300; line-height: 20px; margin-bottom: 12px;\">Estilo 1 (cristales polarizados) Color de la montura: negro blanco<\/p>\n<\/div>\n<div><img decoding=\"async\" title=\"COMAXSUN-Gafas polarizadas profesionales para ciclismo, lentes de sol deportivas UV 400 Tr90 para conducir, pescar al aire libre\" src=\"https:\/\/bodegaoutdoor.cl\/store\/wp-content\/uploads\/2021\/12\/50757-5q1hyw.jpg\" alt=\"COMAXSUN-Gafas polarizadas profesionales para ciclismo, lentes de sol deportivas UV 400 Tr90 para conducir, pescar al aire libre\" \/><\/div>\n<div><img decoding=\"async\" title=\"COMAXSUN-Gafas polarizadas profesionales para ciclismo, lentes de sol deportivas UV 400 Tr90 para conducir, pescar al aire libre\" src=\"https:\/\/bodegaoutdoor.cl\/store\/wp-content\/uploads\/2021\/12\/50757-16ywwo.jpg\" alt=\"COMAXSUN-Gafas polarizadas profesionales para ciclismo, lentes de sol deportivas UV 400 Tr90 para conducir, pescar al aire libre\" \/><\/div>\n<div><img decoding=\"async\" title=\"COMAXSUN-Gafas polarizadas profesionales para ciclismo, lentes de sol deportivas UV 400 Tr90 para conducir, pescar al aire libre\" src=\"https:\/\/bodegaoutdoor.cl\/store\/wp-content\/uploads\/2021\/12\/50757-ygzkpn.jpg\" alt=\"COMAXSUN-Gafas polarizadas profesionales para ciclismo, lentes de sol deportivas UV 400 Tr90 para conducir, pescar al aire libre\" \/><\/div>\n<div><img decoding=\"async\" title=\"COMAXSUN-Gafas polarizadas profesionales para ciclismo, lentes de sol deportivas UV 400 Tr90 para conducir, pescar al aire libre\" src=\"https:\/\/bodegaoutdoor.cl\/store\/wp-content\/uploads\/2021\/12\/50757-m3otgs.jpg\" alt=\"COMAXSUN-Gafas polarizadas profesionales para ciclismo, lentes de sol deportivas UV 400 Tr90 para conducir, pescar al aire libre\" \/><\/div>\n<div><img decoding=\"async\" title=\"COMAXSUN-Gafas polarizadas profesionales para ciclismo, lentes de sol deportivas UV 400 Tr90 para conducir, pescar al aire libre\" src=\"https:\/\/bodegaoutdoor.cl\/store\/wp-content\/uploads\/2021\/12\/50757-t803pd.jpg\" alt=\"COMAXSUN-Gafas polarizadas profesionales para ciclismo, lentes de sol deportivas UV 400 Tr90 para conducir, pescar al aire libre\" \/><\/div>\n<div>\n<p style=\"font-family: OpenSans; font-size: 14px; font-weight: 300; line-height: 20px; margin-bottom: 12px;\">Estilo 1 (cristales polarizados) Color de la montura: negro mate blanco<\/p>\n<\/div>\n<div><img decoding=\"async\" title=\"COMAXSUN-Gafas polarizadas profesionales para ciclismo, lentes de sol deportivas UV 400 Tr90 para conducir, pescar al aire libre\" src=\"https:\/\/bodegaoutdoor.cl\/store\/wp-content\/uploads\/2021\/12\/50757-kxijlx.jpg\" alt=\"COMAXSUN-Gafas polarizadas profesionales para ciclismo, lentes de sol deportivas UV 400 Tr90 para conducir, pescar al aire libre\" \/><\/div>\n<div><img decoding=\"async\" title=\"COMAXSUN-Gafas polarizadas profesionales para ciclismo, lentes de sol deportivas UV 400 Tr90 para conducir, pescar al aire libre\" src=\"https:\/\/bodegaoutdoor.cl\/store\/wp-content\/uploads\/2021\/12\/50757-crvxeq.jpg\" alt=\"COMAXSUN-Gafas polarizadas profesionales para ciclismo, lentes de sol deportivas UV 400 Tr90 para conducir, pescar al aire libre\" \/><\/div>\n<div><img decoding=\"async\" title=\"COMAXSUN-Gafas polarizadas profesionales para ciclismo, lentes de sol deportivas UV 400 Tr90 para conducir, pescar al aire libre\" src=\"https:\/\/bodegaoutdoor.cl\/store\/wp-content\/uploads\/2021\/12\/50757-hfdf70.jpg\" alt=\"COMAXSUN-Gafas polarizadas profesionales para ciclismo, lentes de sol deportivas UV 400 Tr90 para conducir, pescar al aire libre\" \/><\/div>\n<div><img decoding=\"async\" title=\"COMAXSUN-Gafas polarizadas profesionales para ciclismo, lentes de sol deportivas UV 400 Tr90 para conducir, pescar al aire libre\" src=\"https:\/\/bodegaoutdoor.cl\/store\/wp-content\/uploads\/2021\/12\/50757-4jl6gs.jpg\" alt=\"COMAXSUN-Gafas polarizadas profesionales para ciclismo, lentes de sol deportivas UV 400 Tr90 para conducir, pescar al aire libre\" \/><\/div>\n<div>\n<p style=\"font-family: OpenSans; font-size: 14px; font-weight: 300; line-height: 20px; margin-bottom: 12px;\">Estilo 1 (cristales polarizados) Color de la montura: negro rojo<\/p>\n<div><img decoding=\"async\" title=\"COMAXSUN-Gafas polarizadas profesionales para ciclismo, lentes de sol deportivas UV 400 Tr90 para conducir, pescar al aire libre\" src=\"https:\/\/bodegaoutdoor.cl\/store\/wp-content\/uploads\/2021\/12\/50757-gm17zh.jpg\" alt=\"COMAXSUN-Gafas polarizadas profesionales para ciclismo, lentes de sol deportivas UV 400 Tr90 para conducir, pescar al aire libre\" \/><img decoding=\"async\" title=\"COMAXSUN-Gafas polarizadas profesionales para ciclismo, lentes de sol deportivas UV 400 Tr90 para conducir, pescar al aire libre\" src=\"https:\/\/bodegaoutdoor.cl\/store\/wp-content\/uploads\/2021\/12\/50757-bcourb.jpg\" alt=\"COMAXSUN-Gafas polarizadas profesionales para ciclismo, lentes de sol deportivas UV 400 Tr90 para conducir, pescar al aire libre\" \/><\/div>\n<\/div>\n<div>\n<p style=\"font-family: OpenSans; font-size: 14px; font-weight: 300; line-height: 20px; margin-bottom: 12px;\">Estilo 2 (cristales fotocr\u00f3micos polarizados) Color de la montura: negro blanco<\/p>\n<p>Nota: La tasa de decoloraci\u00f3n est\u00e1 relacionada con la intensidad de la luz ultravioleta y la temperatura. (si la intensidad UV y la temperatura son bajas, la velocidad de decoloraci\u00f3n ser\u00e1 m\u00e1s lenta)<\/p>\n<div><img decoding=\"async\" title=\"COMAXSUN-Gafas polarizadas profesionales para ciclismo, lentes de sol deportivas UV 400 Tr90 para conducir, pescar al aire libre\" src=\"https:\/\/bodegaoutdoor.cl\/store\/wp-content\/uploads\/2021\/12\/50757-o9yetd.jpg\" alt=\"COMAXSUN-Gafas polarizadas profesionales para ciclismo, lentes de sol deportivas UV 400 Tr90 para conducir, pescar al aire libre\" \/><\/div>\n<\/div>\n<div>\n<p style=\"font-family: OpenSans; font-size: 14px; font-weight: 300; line-height: 20px; margin-bottom: 12px;\">Estilo 2 (cristales fotocr\u00f3micos polarizados) Color de la montura: negro blanco<\/p>\n<p>Nota: La tasa de decoloraci\u00f3n est\u00e1 relacionada con la intensidad de la luz ultravioleta y la temperatura. (si la intensidad UV y la temperatura son bajas, la velocidad de decoloraci\u00f3n ser\u00e1 m\u00e1s lenta)<\/p>\n<div><img decoding=\"async\" title=\"COMAXSUN-Gafas polarizadas profesionales para ciclismo, lentes de sol deportivas UV 400 Tr90 para conducir, pescar al aire libre\" src=\"https:\/\/bodegaoutdoor.cl\/store\/wp-content\/uploads\/2021\/12\/50757-o9yetd.jpg\" alt=\"COMAXSUN-Gafas polarizadas profesionales para ciclismo, lentes de sol deportivas UV 400 Tr90 para conducir, pescar al aire libre\" \/><\/div>\n<\/div>\n<div>\n<p style=\"font-family: OpenSans; font-size: 14px; font-weight: 300; line-height: 20px; margin-bottom: 12px;\">Estilo 3 (cristales polarizados) Color de la montura: negro rojo (sin montura de miop\u00eda)<\/p>\n<\/div>\n<div><img decoding=\"async\" title=\"COMAXSUN-Gafas polarizadas profesionales para ciclismo, lentes de sol deportivas UV 400 Tr90 para conducir, pescar al aire libre\" src=\"https:\/\/bodegaoutdoor.cl\/store\/wp-content\/uploads\/2021\/12\/50757-smaz9s.jpg\" alt=\"COMAXSUN-Gafas polarizadas profesionales para ciclismo, lentes de sol deportivas UV 400 Tr90 para conducir, pescar al aire libre\" \/><\/div>\n<div><img decoding=\"async\" title=\"COMAXSUN-Gafas polarizadas profesionales para ciclismo, lentes de sol deportivas UV 400 Tr90 para conducir, pescar al aire libre\" src=\"https:\/\/bodegaoutdoor.cl\/store\/wp-content\/uploads\/2021\/12\/50757-f2d5xd.jpg\" alt=\"COMAXSUN-Gafas polarizadas profesionales para ciclismo, lentes de sol deportivas UV 400 Tr90 para conducir, pescar al aire libre\" \/><\/div>\n<div><img decoding=\"async\" title=\"COMAXSUN-Gafas polarizadas profesionales para ciclismo, lentes de sol deportivas UV 400 Tr90 para conducir, pescar al aire libre\" src=\"https:\/\/bodegaoutdoor.cl\/store\/wp-content\/uploads\/2021\/12\/50757-nneoeq.jpg\" alt=\"COMAXSUN-Gafas polarizadas profesionales para ciclismo, lentes de sol deportivas UV 400 Tr90 para conducir, pescar al aire libre\" \/><\/div>\n<div><img decoding=\"async\" title=\"COMAXSUN-Gafas polarizadas profesionales para ciclismo, lentes de sol deportivas UV 400 Tr90 para conducir, pescar al aire libre\" src=\"https:\/\/bodegaoutdoor.cl\/store\/wp-content\/uploads\/2021\/12\/50757-yt7sym.jpg\" alt=\"COMAXSUN-Gafas polarizadas profesionales para ciclismo, lentes de sol deportivas UV 400 Tr90 para conducir, pescar al aire libre\" \/><\/div>\n<div>\n<p style=\"font-family: OpenSans; font-size: 14px; font-weight: 300; line-height: 20px; margin-bottom: 12px;\">Para evitar que las gafas se deslicen del lazo de la diadema, dobla los brazos antes de dejar que se cuelguen en el pecho.<\/p>\n<\/div>\n<div><img decoding=\"async\" title=\"COMAXSUN-Gafas polarizadas profesionales para ciclismo, lentes de sol deportivas UV 400 Tr90 para conducir, pescar al aire libre\" src=\"https:\/\/bodegaoutdoor.cl\/store\/wp-content\/uploads\/2021\/12\/50757-sga1dk.jpg\" alt=\"COMAXSUN-Gafas polarizadas profesionales para ciclismo, lentes de sol deportivas UV 400 Tr90 para conducir, pescar al aire libre\" \/><\/div>\n<div>\n<p style=\"font-family: OpenSans; font-size: 14px; font-weight: 300; line-height: 20px; margin-bottom: 12px;\">Las gafas incluyen tarjeta de prueba<\/p>\n<\/div>\n<div><img decoding=\"async\" title=\"COMAXSUN-Gafas polarizadas profesionales para ciclismo, lentes de sol deportivas UV 400 Tr90 para conducir, pescar al aire libre\" src=\"https:\/\/bodegaoutdoor.cl\/store\/wp-content\/uploads\/2021\/12\/50757-o8t2th.jpg\" alt=\"COMAXSUN-Gafas polarizadas profesionales para ciclismo, lentes de sol deportivas UV 400 Tr90 para conducir, pescar al aire libre\" \/><\/div>\n<div>\n<p style=\"font-family: OpenSans; font-size: 14px; font-weight: 300; line-height: 20px; margin-bottom: 12px;\">Contraste de polarizaci\u00f3n<\/p>\n<\/div>\n<div><img decoding=\"async\" title=\"COMAXSUN-Gafas polarizadas profesionales para ciclismo, lentes de sol deportivas UV 400 Tr90 para conducir, pescar al aire libre\" src=\"https:\/\/bodegaoutdoor.cl\/store\/wp-content\/uploads\/2021\/12\/50757-rdn9ru.jpg\" alt=\"COMAXSUN-Gafas polarizadas profesionales para ciclismo, lentes de sol deportivas UV 400 Tr90 para conducir, pescar al aire libre\" \/><\/div>\n<div>\n<p style=\"font-family: OpenSans; font-size: 14px; font-weight: 300; line-height: 20px; margin-bottom: 12px;\">Medidas del producto<\/p>\n<\/div>\n<div><img decoding=\"async\" title=\"COMAXSUN-Gafas polarizadas profesionales para ciclismo, lentes de sol deportivas UV 400 Tr90 para conducir, pescar al aire libre\" src=\"https:\/\/bodegaoutdoor.cl\/store\/wp-content\/uploads\/2021\/12\/50757-t5kazl.jpg\" alt=\"COMAXSUN-Gafas polarizadas profesionales para ciclismo, lentes de sol deportivas UV 400 Tr90 para conducir, pescar al aire libre\" \/><\/div>\n<div><img decoding=\"async\" title=\"COMAXSUN-Gafas polarizadas profesionales para ciclismo, lentes de sol deportivas UV 400 Tr90 para conducir, pescar al aire libre\" src=\"https:\/\/bodegaoutdoor.cl\/store\/wp-content\/uploads\/2021\/12\/50757-rowrx8.jpg\" alt=\"COMAXSUN-Gafas polarizadas profesionales para ciclismo, lentes de sol deportivas UV 400 Tr90 para conducir, pescar al aire libre\" \/><\/div>\n<\/div>\n\n    <div class=\"xs_social_share_widget xs_share_url after_content \t\tmain_content  wslu-style-1 wslu-share-box-shaped wslu-fill-colored wslu-none wslu-share-horizontal wslu-theme-font-no wslu-main_content\">\n\n\t\t\n        <ul>\n\t\t\t        <\/ul>\n    <\/div> \n","protected":false},"excerpt":{"rendered":"<p>Hay dos tipos de lentes Estilo 1 y estilo 3: Lente polarizada, estilo 2: lente fotocr\u00f3mica polarizada Nota: La tasa de decoloraci\u00f3n est\u00e1 relacionada con la intensidad de la luz ultravioleta y la temperatura. (si la intensidad UV y la temperatura son bajas, la velocidad de decoloraci\u00f3n ser\u00e1 m\u00e1s lenta) Material: PC (lente), pmct (marco) [&hellip;]<\/p>\n","protected":false},"featured_media":50770,"comment_status":"open","ping_status":"closed","template":"","meta":{"jetpack_publicize_message":"","jetpack_publicize_feature_enabled":true,"jetpack_social_post_already_shared":true,"jetpack_social_options":{"image_generator_settings":{"template":"highway","enabled":false},"version":2}},"product_brand":[],"product_cat":[38],"product_tag":[1296,2194,2215,2973],"class_list":{"0":"post-50757","1":"product","2":"type-product","3":"status-publish","4":"has-post-thumbnail","6":"product_cat-lentes","7":"product_tag-ciclismo","8":"product_tag-gafas","9":"product_tag-lentes","10":"product_tag-polarizadas","12":"first","13":"instock","14":"taxable","15":"shipping-taxable","16":"purchasable","17":"product-type-variable"},"jetpack_publicize_connections":[],"jetpack_sharing_enabled":true,"_links":{"self":[{"href":"https:\/\/bodegaoutdoor.cl\/store\/wp-json\/wp\/v2\/product\/50757","targetHints":{"allow":["GET"]}}],"collection":[{"href":"https:\/\/bodegaoutdoor.cl\/store\/wp-json\/wp\/v2\/product"}],"about":[{"href":"https:\/\/bodegaoutdoor.cl\/store\/wp-json\/wp\/v2\/types\/product"}],"replies":[{"embeddable":true,"href":"https:\/\/bodegaoutdoor.cl\/store\/wp-json\/wp\/v2\/comments?post=50757"}],"version-history":[{"count":2,"href":"https:\/\/bodegaoutdoor.cl\/store\/wp-json\/wp\/v2\/product\/50757\/revisions"}],"predecessor-version":[{"id":70976,"href":"https:\/\/bodegaoutdoor.cl\/store\/wp-json\/wp\/v2\/product\/50757\/revisions\/70976"}],"wp:featuredmedia":[{"embeddable":true,"href":"https:\/\/bodegaoutdoor.cl\/store\/wp-json\/wp\/v2\/media\/50770"}],"wp:attachment":[{"href":"https:\/\/bodegaoutdoor.cl\/store\/wp-json\/wp\/v2\/media?parent=50757"}],"wp:term":[{"taxonomy":"product_brand","embeddable":true,"href":"https:\/\/bodegaoutdoor.cl\/store\/wp-json\/wp\/v2\/product_brand?post=50757"},{"taxonomy":"product_cat","embeddable":true,"href":"https:\/\/bodegaoutdoor.cl\/store\/wp-json\/wp\/v2\/product_cat?post=50757"},{"taxonomy":"product_tag","embeddable":true,"href":"https:\/\/bodegaoutdoor.cl\/store\/wp-json\/wp\/v2\/product_tag?post=50757"}],"curies":[{"name":"wp","href":"https:\/\/api.w.org\/{rel}","templated":true}]}}