{"id":51017,"date":"2021-12-13T11:16:39","date_gmt":"2021-12-13T14:16:39","guid":{"rendered":"https:\/\/bodegaoutdoor.cl\/store\/product\/conector-de-rotor-giratorio-de-oscilacion-de-roca-al-aire-libre-dispositivo-rotacional-mas-seguro-rueda-universal-en-forma-de-8-para-escalada-rescate-de-rappel-en-roca\/"},"modified":"2023-05-04T19:18:51","modified_gmt":"2023-05-04T23:18:51","slug":"conector-de-rotor-giratorio-de-oscilacion-de-roca-al-aire-libre-dispositivo-rotacional-mas-seguro-rueda-universal-en-forma-de-8-para-escalada-rescate-de-rappel-en-roca","status":"publish","type":"product","link":"https:\/\/bodegaoutdoor.cl\/store\/product\/conector-de-rotor-giratorio-de-oscilacion-de-roca-al-aire-libre-dispositivo-rotacional-mas-seguro-rueda-universal-en-forma-de-8-para-escalada-rescate-de-rappel-en-roca\/","title":{"rendered":"Conector de Rotor giratorio de oscilaci\u00f3n de roca al aire libre,  rotacional m\u00e1s seguro, rueda Universal en forma de 8 escalada, rescate rappel en roca"},"content":{"rendered":"<p style=\"text-align: center;\"><video style=\"max-width: 100%;\" src=\"\/\/cloud.video.taobao.com\/play\/u\/2211100467055\/p\/1\/e\/6\/t\/10301\/328317584252.mp4\" poster=\"https:\/\/ae01.alicdn.com\/kf\/H9c057b92d8b44ce8b63e99b8a673312eV\/Conector-de-Rotor-giratorio-de-oscilaci-n-de-roca-al-aire-libre-dispositivo-rotacional-m-s.jpg,https:\/\/ae01.alicdn.com\/kf\/H7ed003c3e05348bd8a709daef5da857bt\/Conector-de-Rotor-giratorio-de-oscilaci-n-de-roca-al-aire-libre-dispositivo-rotacional-m-s.jpg,https:\/\/ae01.alicdn.com\/kf\/H1644aba14787420cbf77c040119a85b8V\/Conector-de-Rotor-giratorio-de-oscilaci-n-de-roca-al-aire-libre-dispositivo-rotacional-m-s.jpg,https:\/\/ae01.alicdn.com\/kf\/Hbf1b3f6f92cf43929c020a3c2a71dfe7s\/Conector-de-Rotor-giratorio-de-oscilaci-n-de-roca-al-aire-libre-dispositivo-rotacional-m-s.jpg,https:\/\/ae01.alicdn.com\/kf\/H70f113b76a7d4edc8e9b6f3f5818cc003\/Conector-de-Rotor-giratorio-de-oscilaci-n-de-roca-al-aire-libre-dispositivo-rotacional-m-s.jpg,https:\/\/ae01.alicdn.com\/kf\/H8bed2a476778431eb865fde6cba528dcR\/Conector-de-Rotor-giratorio-de-oscilaci-n-de-roca-al-aire-libre-dispositivo-rotacional-m-s.jpg\" preload=\"auto\" controls=\"controls\" width=\"100%\" height=\"100%\"><\/video><\/p>\n<div>\n<div><\/div>\n<div>\n<div><img decoding=\"async\" title=\"Conector de Rotor giratorio de oscilaci\u00f3n de roca al aire libre, dispositivo rotacional m\u00e1s seguro, rueda Universal en forma de 8 para escalada, rescate de rappel en roca\" src=\"https:\/\/bodegaoutdoor.cl\/store\/wp-content\/uploads\/2021\/12\/51017-ne3zvn.jpg\" alt=\"Conector de Rotor giratorio de oscilaci\u00f3n de roca al aire libre, dispositivo rotacional m\u00e1s seguro, rueda Universal en forma de 8 para escalada, rescate de rappel en roca\" \/><\/div>\n<div>\n<div><\/div>\n<p><img decoding=\"async\" title=\"Conector de Rotor giratorio de oscilaci\u00f3n de roca al aire libre, dispositivo rotacional m\u00e1s seguro, rueda Universal en forma de 8 para escalada, rescate de rappel en roca\" src=\"https:\/\/bodegaoutdoor.cl\/store\/wp-content\/uploads\/2021\/12\/51017-9avpis.jpg\" alt=\"Conector de Rotor giratorio de oscilaci\u00f3n de roca al aire libre, dispositivo rotacional m\u00e1s seguro, rueda Universal en forma de 8 para escalada, rescate de rappel en roca\" \/><\/p>\n<div><\/div>\n<p align=\"start\"><span style=\"font-size: 16px; font-family: arial, helvetica, sans-serif;\"><strong>MATERIAL de alta calidad<\/strong><\/span><\/p>\n<p align=\"start\"><span style=\"font-size: 16px; font-family: arial, helvetica, sans-serif;\">Hecho de aleaci\u00f3n de aluminio de aviaci\u00f3n 7075, nuestro giratorio oscilante presenta alta resistencia, gran portabilidad y excelente durabilidad. Procesado por tratamiento de superficie anodizado profesional con aspecto suave, el dispositivo de rotaci\u00f3n de seguridad no se oxidar\u00e1 ni corroer\u00e1 f\u00e1cilmente para brindarle un per\u00edodo de servicio m\u00e1s largo.<\/span><\/p>\n<p align=\"start\"><span style=\"font-size: 16px; font-family: arial, helvetica, sans-serif;\"><strong>Giratorio de grado INDUSTRIAL<\/strong><\/span><\/p>\n<p align=\"start\"><span style=\"font-size: 16px; font-family: arial, helvetica, sans-serif;\">El giratorio del rotador proporciona un movimiento sin restricciones con una acci\u00f3n giratoria suave, sin ninguna fricci\u00f3n ni ruido. Rotaci\u00f3n sin fricci\u00f3n de 360 \u00b0, se puede utilizar con cuerdas est\u00e1ticas y din\u00e1micas colocadas entre una carga y una cuerda o cable, o funciona con cualquier oscilaci\u00f3n.<\/span><\/p>\n<p align=\"start\"><strong><span style=\"font-size: 16px; font-family: arial, helvetica, sans-serif;\">Seguro y duradero<\/span><\/strong><\/p>\n<p align=\"start\"><span style=\"font-size: 16px; font-family: arial, helvetica, sans-serif;\">Fuerza de rotura: 30kN (3000 kg). Hace que la fuerza sea m\u00e1s estable y uniforme cuando se suspende. Hay rodamientos dentro del conector giratorio, que pueden evitar eficazmente que la cuerda se tuerza y anuda. Es ligero y f\u00e1cil de llevar, proporciona comodidad para su viaje a escalada, columpios de yoga, columpios de hamaca y otras actividades de interior o exterior.<\/span><\/p>\n<p align=\"start\"><span style=\"font-size: 16px; font-family: arial, helvetica, sans-serif;\"><strong>Amplias aplicaciones<\/strong><\/span><\/p>\n<p align=\"start\"><span style=\"font-size: 16px; font-family: arial, helvetica, sans-serif;\">Nuestro gancho giratorio swing tiene como objetivo acompa\u00f1arle en aventuras deportivas, funciona bien en escalada en roca, columpio, columpios de yoga, exploraci\u00f3n, trabajo a\u00e9reo, rescate y otros trabajos. Tambi\u00e9n es popular para todos los ni\u00f1os para aparejo y colgar, como columpios colgantes, Columpio de \u00e1rbol o en cualquier lugar que necesite ser suspendido.<\/span><\/p>\n<div><\/div>\n<p><span style=\"font-size: 16px; font-family: arial, helvetica, sans-serif;\"><strong>Especificaciones:<\/strong><\/span><\/p>\n<p><span style=\"font-size: 16px; font-family: arial, helvetica, sans-serif;\">Material de aleaci\u00f3n de aluminio y magnesio de aviaci\u00f3n, peso ligero, alta resistencia<\/span><\/p>\n<p><span style=\"font-size: 16px; font-family: arial, helvetica, sans-serif;\">El proceso de forjado en caliente y anodizado hace que los productos sean brillantes, suaves y sin rebabas.<\/span><\/p>\n<p><span style=\"font-size: 16px; font-family: arial, helvetica, sans-serif;\">Es adecuado para yoga a\u00e9reo, cintur\u00f3n de vitalidad, escalada en roca, escalada de monta\u00f1a.<\/span><\/p>\n<div><\/div>\n<p><span style=\"font-size: 16px; font-family: arial, helvetica, sans-serif;\">Nombre del art\u00edculo: cuerda giratoria<\/span><\/p>\n<p><span style=\"font-size: 16px; font-family: arial, helvetica, sans-serif;\">Material: aluminio de aviaci\u00f3n 7075, acero inoxidable<\/span><\/p>\n<p><span style=\"font-size: 16px; font-family: arial, helvetica, sans-serif;\">Fuerza de tracci\u00f3n: 30kN<\/span><\/p>\n<p><span style=\"font-size: 16px; font-family: arial, helvetica, sans-serif;\">Caracter\u00edsticas: dise\u00f1o giratorio de 360 grados, f\u00e1cil de usar, ligero, duradero<\/span><\/p>\n<div><\/div>\n<p><strong><span style=\"font-size: 16px; font-family: arial, helvetica, sans-serif;\">Notas:<\/span><\/strong><\/p>\n<p><span style=\"font-size: 16px; font-family: arial, helvetica, sans-serif;\">Debido a la luz y a la diferencia de ajuste de la pantalla, el color del art\u00edculo puede ser ligeramente diferente al de las im\u00e1genes.<\/span><\/p>\n<p><span style=\"font-size: 16px; font-family: arial, helvetica, sans-serif;\">Permita una ligera diferencia de dimensi\u00f3n debido a las diferentes medidas manuales.<\/span><\/p>\n<div><\/div>\n<p><strong><span style=\"font-size: 16px; font-family: arial, helvetica, sans-serif;\">El paquete incluye<\/span><\/strong><span style=\"font-size: 16px; font-family: arial, helvetica, sans-serif;\">1 x cuerda giratoria<\/span><\/p>\n<p>&nbsp;<\/p>\n<p><img decoding=\"async\" title=\"Conector de Rotor giratorio de oscilaci\u00f3n de roca al aire libre, dispositivo rotacional m\u00e1s seguro, rueda Universal en forma de 8 para escalada, rescate de rappel en roca\" src=\"https:\/\/bodegaoutdoor.cl\/store\/wp-content\/uploads\/2021\/12\/51017-udaj8i.jpg\" alt=\"Conector de Rotor giratorio de oscilaci\u00f3n de roca al aire libre, dispositivo rotacional m\u00e1s seguro, rueda Universal en forma de 8 para escalada, rescate de rappel en roca\" \/><\/p>\n<p><img fetchpriority=\"high\" decoding=\"async\" title=\"Conector de Rotor giratorio de oscilaci\u00f3n de roca al aire libre, dispositivo rotacional m\u00e1s seguro, rueda Universal en forma de 8 para escalada, rescate de rappel en roca\" src=\"https:\/\/bodegaoutdoor.cl\/store\/wp-content\/uploads\/2021\/12\/51017-6aw6zf.jpg\" alt=\"Conector de Rotor giratorio de oscilaci\u00f3n de roca al aire libre, dispositivo rotacional m\u00e1s seguro, rueda Universal en forma de 8 para escalada, rescate de rappel en roca\" width=\"944\" height=\"944\" \/><img decoding=\"async\" title=\"Conector de Rotor giratorio de oscilaci\u00f3n de roca al aire libre, dispositivo rotacional m\u00e1s seguro, rueda Universal en forma de 8 para escalada, rescate de rappel en roca\" src=\"https:\/\/bodegaoutdoor.cl\/store\/wp-content\/uploads\/2021\/12\/51017-evfto4.jpg\" alt=\"Conector de Rotor giratorio de oscilaci\u00f3n de roca al aire libre, dispositivo rotacional m\u00e1s seguro, rueda Universal en forma de 8 para escalada, rescate de rappel en roca\" width=\"944\" height=\"944\" \/><img decoding=\"async\" title=\"Conector de Rotor giratorio de oscilaci\u00f3n de roca al aire libre, dispositivo rotacional m\u00e1s seguro, rueda Universal en forma de 8 para escalada, rescate de rappel en roca\" src=\"https:\/\/bodegaoutdoor.cl\/store\/wp-content\/uploads\/2021\/12\/51017-3ajt9n.jpg\" alt=\"Conector de Rotor giratorio de oscilaci\u00f3n de roca al aire libre, dispositivo rotacional m\u00e1s seguro, rueda Universal en forma de 8 para escalada, rescate de rappel en roca\" width=\"944\" height=\"944\" \/><img loading=\"lazy\" decoding=\"async\" title=\"Conector de Rotor giratorio de oscilaci\u00f3n de roca al aire libre, dispositivo rotacional m\u00e1s seguro, rueda Universal en forma de 8 para escalada, rescate de rappel en roca\" src=\"https:\/\/bodegaoutdoor.cl\/store\/wp-content\/uploads\/2021\/12\/51017-8exlh1.jpg\" alt=\"Conector de Rotor giratorio de oscilaci\u00f3n de roca al aire libre, dispositivo rotacional m\u00e1s seguro, rueda Universal en forma de 8 para escalada, rescate de rappel en roca\" width=\"944\" height=\"944\" \/><img loading=\"lazy\" decoding=\"async\" title=\"Conector de Rotor giratorio de oscilaci\u00f3n de roca al aire libre, dispositivo rotacional m\u00e1s seguro, rueda Universal en forma de 8 para escalada, rescate de rappel en roca\" src=\"https:\/\/bodegaoutdoor.cl\/store\/wp-content\/uploads\/2021\/12\/51017-tqoyye.jpg\" alt=\"Conector de Rotor giratorio de oscilaci\u00f3n de roca al aire libre, dispositivo rotacional m\u00e1s seguro, rueda Universal en forma de 8 para escalada, rescate de rappel en roca\" width=\"944\" height=\"944\" \/><img loading=\"lazy\" decoding=\"async\" title=\"Conector de Rotor giratorio de oscilaci\u00f3n de roca al aire libre, dispositivo rotacional m\u00e1s seguro, rueda Universal en forma de 8 para escalada, rescate de rappel en roca\" src=\"https:\/\/bodegaoutdoor.cl\/store\/wp-content\/uploads\/2021\/12\/51017-g3lmys.jpg\" alt=\"Conector de Rotor giratorio de oscilaci\u00f3n de roca al aire libre, dispositivo rotacional m\u00e1s seguro, rueda Universal en forma de 8 para escalada, rescate de rappel en roca\" width=\"944\" height=\"944\" \/><img loading=\"lazy\" decoding=\"async\" title=\"Conector de Rotor giratorio de oscilaci\u00f3n de roca al aire libre, dispositivo rotacional m\u00e1s seguro, rueda Universal en forma de 8 para escalada, rescate de rappel en roca\" src=\"https:\/\/bodegaoutdoor.cl\/store\/wp-content\/uploads\/2021\/12\/51017-sjc3ku.jpg\" alt=\"Conector de Rotor giratorio de oscilaci\u00f3n de roca al aire libre, dispositivo rotacional m\u00e1s seguro, rueda Universal en forma de 8 para escalada, rescate de rappel en roca\" width=\"944\" height=\"944\" \/><img decoding=\"async\" title=\"Conector de Rotor giratorio de oscilaci\u00f3n de roca al aire libre, dispositivo rotacional m\u00e1s seguro, rueda Universal en forma de 8 para escalada, rescate de rappel en roca\" src=\"https:\/\/bodegaoutdoor.cl\/store\/wp-content\/uploads\/2021\/12\/51017-vahism.jpg\" alt=\"Conector de Rotor giratorio de oscilaci\u00f3n de roca al aire libre, dispositivo rotacional m\u00e1s seguro, rueda Universal en forma de 8 para escalada, rescate de rappel en roca\" \/><img decoding=\"async\" title=\"Conector de Rotor giratorio de oscilaci\u00f3n de roca al aire libre, dispositivo rotacional m\u00e1s seguro, rueda Universal en forma de 8 para escalada, rescate de rappel en roca\" src=\"https:\/\/bodegaoutdoor.cl\/store\/wp-content\/uploads\/2021\/12\/51017-eflthv.jpg\" alt=\"Conector de Rotor giratorio de oscilaci\u00f3n de roca al aire libre, dispositivo rotacional m\u00e1s seguro, rueda Universal en forma de 8 para escalada, rescate de rappel en roca\" \/><img decoding=\"async\" title=\"Conector de Rotor giratorio de oscilaci\u00f3n de roca al aire libre, dispositivo rotacional m\u00e1s seguro, rueda Universal en forma de 8 para escalada, rescate de rappel en roca\" src=\"https:\/\/bodegaoutdoor.cl\/store\/wp-content\/uploads\/2021\/12\/51017-t3j6nh.jpg\" alt=\"Conector de Rotor giratorio de oscilaci\u00f3n de roca al aire libre, dispositivo rotacional m\u00e1s seguro, rueda Universal en forma de 8 para escalada, rescate de rappel en roca\" \/><img decoding=\"async\" title=\"Conector de Rotor giratorio de oscilaci\u00f3n de roca al aire libre, dispositivo rotacional m\u00e1s seguro, rueda Universal en forma de 8 para escalada, rescate de rappel en roca\" src=\"https:\/\/bodegaoutdoor.cl\/store\/wp-content\/uploads\/2021\/12\/51017-m116rs.jpg\" alt=\"Conector de Rotor giratorio de oscilaci\u00f3n de roca al aire libre, dispositivo rotacional m\u00e1s seguro, rueda Universal en forma de 8 para escalada, rescate de rappel en roca\" \/><img loading=\"lazy\" decoding=\"async\" title=\"Conector de Rotor giratorio de oscilaci\u00f3n de roca al aire libre, dispositivo rotacional m\u00e1s seguro, rueda Universal en forma de 8 para escalada, rescate de rappel en roca\" src=\"https:\/\/bodegaoutdoor.cl\/store\/wp-content\/uploads\/2021\/12\/51017-k1xhrb.jpg\" alt=\"Conector de Rotor giratorio de oscilaci\u00f3n de roca al aire libre, dispositivo rotacional m\u00e1s seguro, rueda Universal en forma de 8 para escalada, rescate de rappel en roca\" width=\"944\" height=\"944\" \/><img loading=\"lazy\" decoding=\"async\" title=\"Conector de Rotor giratorio de oscilaci\u00f3n de roca al aire libre, dispositivo rotacional m\u00e1s seguro, rueda Universal en forma de 8 para escalada, rescate de rappel en roca\" src=\"https:\/\/bodegaoutdoor.cl\/store\/wp-content\/uploads\/2021\/12\/51017-tpezym.jpg\" alt=\"Conector de Rotor giratorio de oscilaci\u00f3n de roca al aire libre, dispositivo rotacional m\u00e1s seguro, rueda Universal en forma de 8 para escalada, rescate de rappel en roca\" width=\"944\" height=\"944\" \/><img loading=\"lazy\" decoding=\"async\" title=\"Conector de Rotor giratorio de oscilaci\u00f3n de roca al aire libre, dispositivo rotacional m\u00e1s seguro, rueda Universal en forma de 8 para escalada, rescate de rappel en roca\" src=\"https:\/\/bodegaoutdoor.cl\/store\/wp-content\/uploads\/2021\/12\/51017-dxpfow.jpg\" alt=\"Conector de Rotor giratorio de oscilaci\u00f3n de roca al aire libre, dispositivo rotacional m\u00e1s seguro, rueda Universal en forma de 8 para escalada, rescate de rappel en roca\" width=\"944\" height=\"944\" \/><img loading=\"lazy\" decoding=\"async\" title=\"Conector de Rotor giratorio de oscilaci\u00f3n de roca al aire libre, dispositivo rotacional m\u00e1s seguro, rueda Universal en forma de 8 para escalada, rescate de rappel en roca\" src=\"https:\/\/bodegaoutdoor.cl\/store\/wp-content\/uploads\/2021\/12\/51017-xpuyuy.jpg\" alt=\"Conector de Rotor giratorio de oscilaci\u00f3n de roca al aire libre, dispositivo rotacional m\u00e1s seguro, rueda Universal en forma de 8 para escalada, rescate de rappel en roca\" width=\"944\" height=\"944\" \/><img loading=\"lazy\" decoding=\"async\" title=\"Conector de Rotor giratorio de oscilaci\u00f3n de roca al aire libre, dispositivo rotacional m\u00e1s seguro, rueda Universal en forma de 8 para escalada, rescate de rappel en roca\" src=\"https:\/\/bodegaoutdoor.cl\/store\/wp-content\/uploads\/2021\/12\/51017-lopsv3.jpg\" alt=\"Conector de Rotor giratorio de oscilaci\u00f3n de roca al aire libre, dispositivo rotacional m\u00e1s seguro, rueda Universal en forma de 8 para escalada, rescate de rappel en roca\" width=\"944\" height=\"944\" \/><img loading=\"lazy\" decoding=\"async\" title=\"Conector de Rotor giratorio de oscilaci\u00f3n de roca al aire libre, dispositivo rotacional m\u00e1s seguro, rueda Universal en forma de 8 para escalada, rescate de rappel en roca\" src=\"https:\/\/bodegaoutdoor.cl\/store\/wp-content\/uploads\/2021\/12\/51017-ylopxa.jpg\" alt=\"Conector de Rotor giratorio de oscilaci\u00f3n de roca al aire libre, dispositivo rotacional m\u00e1s seguro, rueda Universal en forma de 8 para escalada, rescate de rappel en roca\" width=\"944\" height=\"944\" \/><\/p>\n<p><img loading=\"lazy\" decoding=\"async\" title=\"Conector de Rotor giratorio de oscilaci\u00f3n de roca al aire libre, dispositivo rotacional m\u00e1s seguro, rueda Universal en forma de 8 para escalada, rescate de rappel en roca\" src=\"https:\/\/bodegaoutdoor.cl\/store\/wp-content\/uploads\/2021\/12\/51017-ctv9u9.jpg\" alt=\"Conector de Rotor giratorio de oscilaci\u00f3n de roca al aire libre, dispositivo rotacional m\u00e1s seguro, rueda Universal en forma de 8 para escalada, rescate de rappel en roca\" width=\"944\" height=\"944\" \/><img loading=\"lazy\" decoding=\"async\" title=\"Conector de Rotor giratorio de oscilaci\u00f3n de roca al aire libre, dispositivo rotacional m\u00e1s seguro, rueda Universal en forma de 8 para escalada, rescate de rappel en roca\" src=\"https:\/\/bodegaoutdoor.cl\/store\/wp-content\/uploads\/2021\/12\/51017-va9un1.jpg\" alt=\"Conector de Rotor giratorio de oscilaci\u00f3n de roca al aire libre, dispositivo rotacional m\u00e1s seguro, rueda Universal en forma de 8 para escalada, rescate de rappel en roca\" width=\"944\" height=\"944\" \/><\/p>\n<p style=\"text-align: center;\" align=\"center\">\n<p>&nbsp;<\/p>\n<p>&nbsp;<\/p>\n<\/div>\n<div><\/div>\n<\/div>\n<p>&nbsp;<\/p>\n<\/div>\n\n    <div class=\"xs_social_share_widget xs_share_url after_content \t\tmain_content  wslu-style-1 wslu-share-box-shaped wslu-fill-colored wslu-none wslu-share-horizontal wslu-theme-font-no wslu-main_content\">\n\n\t\t\n        <ul>\n\t\t\t        <\/ul>\n    <\/div> \n","protected":false},"excerpt":{"rendered":"<p>MATERIAL de alta calidad Hecho de aleaci\u00f3n de aluminio de aviaci\u00f3n 7075, nuestro giratorio oscilante presenta alta resistencia, gran portabilidad y excelente durabilidad. Procesado por tratamiento de superficie anodizado profesional con aspecto suave, el dispositivo de rotaci\u00f3n de seguridad no se oxidar\u00e1 ni corroer\u00e1 f\u00e1cilmente para brindarle un per\u00edodo de servicio m\u00e1s largo. Giratorio de [&hellip;]<\/p>\n","protected":false},"featured_media":51023,"comment_status":"open","ping_status":"closed","template":"","meta":{"jetpack_publicize_message":"","jetpack_publicize_feature_enabled":true,"jetpack_social_post_already_shared":true,"jetpack_social_options":{"image_generator_settings":{"template":"highway","enabled":false},"version":2}},"product_brand":[],"product_cat":[15],"product_tag":[2983,2982],"class_list":{"0":"post-51017","1":"product","2":"type-product","3":"status-publish","4":"has-post-thumbnail","6":"product_cat-otros","7":"product_tag-accesorios","8":"product_tag-escalada","10":"first","11":"instock","12":"taxable","13":"shipping-taxable","14":"purchasable","15":"product-type-variable"},"jetpack_publicize_connections":[],"jetpack_sharing_enabled":true,"_links":{"self":[{"href":"https:\/\/bodegaoutdoor.cl\/store\/wp-json\/wp\/v2\/product\/51017","targetHints":{"allow":["GET"]}}],"collection":[{"href":"https:\/\/bodegaoutdoor.cl\/store\/wp-json\/wp\/v2\/product"}],"about":[{"href":"https:\/\/bodegaoutdoor.cl\/store\/wp-json\/wp\/v2\/types\/product"}],"replies":[{"embeddable":true,"href":"https:\/\/bodegaoutdoor.cl\/store\/wp-json\/wp\/v2\/comments?post=51017"}],"version-history":[{"count":2,"href":"https:\/\/bodegaoutdoor.cl\/store\/wp-json\/wp\/v2\/product\/51017\/revisions"}],"predecessor-version":[{"id":70972,"href":"https:\/\/bodegaoutdoor.cl\/store\/wp-json\/wp\/v2\/product\/51017\/revisions\/70972"}],"wp:featuredmedia":[{"embeddable":true,"href":"https:\/\/bodegaoutdoor.cl\/store\/wp-json\/wp\/v2\/media\/51023"}],"wp:attachment":[{"href":"https:\/\/bodegaoutdoor.cl\/store\/wp-json\/wp\/v2\/media?parent=51017"}],"wp:term":[{"taxonomy":"product_brand","embeddable":true,"href":"https:\/\/bodegaoutdoor.cl\/store\/wp-json\/wp\/v2\/product_brand?post=51017"},{"taxonomy":"product_cat","embeddable":true,"href":"https:\/\/bodegaoutdoor.cl\/store\/wp-json\/wp\/v2\/product_cat?post=51017"},{"taxonomy":"product_tag","embeddable":true,"href":"https:\/\/bodegaoutdoor.cl\/store\/wp-json\/wp\/v2\/product_tag?post=51017"}],"curies":[{"name":"wp","href":"https:\/\/api.w.org\/{rel}","templated":true}]}}