{"id":51196,"date":"2021-12-13T16:55:30","date_gmt":"2021-12-13T19:55:30","guid":{"rendered":"https:\/\/bodegaoutdoor.cl\/store\/product\/polea-deslizante-ninja-para-deslizamiento-de-ninos-con-mosqueton-obstaculos-ninja-warrior-para-patio-trasero-gran-oferta\/"},"modified":"2025-01-04T17:42:07","modified_gmt":"2025-01-04T20:42:07","slug":"polea-mosqueton-deslizante-ninja-obstaculos-ninja-warrior","status":"publish","type":"product","link":"https:\/\/bodegaoutdoor.cl\/store\/product\/polea-mosqueton-deslizante-ninja-obstaculos-ninja-warrior\/","title":{"rendered":"Polea mosquet\u00f3n deslizante Ninja, obst\u00e1culos Ninja Warrior"},"content":{"rendered":"<p style=\"text-align: center;\"><video style=\"max-width: 100%;\" src=\"\/\/cloud.video.taobao.com\/play\/u\/2211100467055\/p\/1\/e\/6\/t\/10301\/329387831431.mp4\" poster=\"https:\/\/ae01.alicdn.com\/kf\/H305827488cc945d6b01235ebcc5023495\/Polea-deslizante-Ninja-para-deslizamiento-de-ni-os-con-mosquet-n-obst-culos-Ninja-Warrior-para.jpg,https:\/\/ae01.alicdn.com\/kf\/Hec9fe07a605b4aafb0934d15d4feabear\/Polea-deslizante-Ninja-para-deslizamiento-de-ni-os-con-mosquet-n-obst-culos-Ninja-Warrior-para.jpg,https:\/\/ae01.alicdn.com\/kf\/H928a6f47da1c4570a6a9ead5efd04bf7o\/Polea-deslizante-Ninja-para-deslizamiento-de-ni-os-con-mosquet-n-obst-culos-Ninja-Warrior-para.jpg,https:\/\/ae01.alicdn.com\/kf\/Hca4de5e001b34f60bfc805adeda708f64\/Polea-deslizante-Ninja-para-deslizamiento-de-ni-os-con-mosquet-n-obst-culos-Ninja-Warrior-para.jpg,https:\/\/ae01.alicdn.com\/kf\/Ha1f897374bd2418f81bdf15064bf19b1v\/Polea-deslizante-Ninja-para-deslizamiento-de-ni-os-con-mosquet-n-obst-culos-Ninja-Warrior-para.jpg,https:\/\/ae01.alicdn.com\/kf\/H308eb57e3e5f44519407e4fa0a6cf759p\/Polea-deslizante-Ninja-para-deslizamiento-de-ni-os-con-mosquet-n-obst-culos-Ninja-Warrior-para.jpg\" preload=\"auto\" controls=\"controls\" width=\"100%\" height=\"100%\"><\/video><\/p>\n<div><\/div>\n<div>\n<div>\n<div>\n<p><img decoding=\"async\" title=\"Polea deslizante Ninja para deslizamiento de ni\u00f1os, con mosquet\u00f3n, obst\u00e1culos Ninja Warrior, para patio trasero, gran oferta\" src=\"https:\/\/bodegaoutdoor.cl\/store\/wp-content\/uploads\/2021\/12\/51196-gvtwet.jpg\" alt=\"Polea deslizante Ninja para deslizamiento de ni\u00f1os, con mosquet\u00f3n, obst\u00e1culos Ninja Warrior, para patio trasero, gran oferta\" \/><\/p>\n<div><\/div>\n<p><span style=\"font-size: 16px; font-family: arial, helvetica, sans-serif;\"><strong>Descripci\u00f3n del producto:<\/strong><\/span><span style=\"font-size: 16px; font-family: arial, helvetica, sans-serif;\"><br \/>\n<\/span><strong><span style=\"font-size: 16px; font-family: arial, helvetica, sans-serif;\">Color<\/span><\/strong><span style=\"font-size: 16px; font-family: arial, helvetica, sans-serif;\">: Azul\/azul claro<br \/>\n<\/span><strong><span style=\"font-size: 16px; font-family: arial, helvetica, sans-serif;\">Material<\/span><\/strong><span style=\"font-size: 16px; font-family: arial, helvetica, sans-serif;\">: De aleaci\u00f3n de aluminio de 7075<br \/>\n<\/span><strong><span style=\"font-size: 16px; font-family: arial, helvetica, sans-serif;\">Tama\u00f1o<\/span><\/strong><span style=\"font-size: 16px; font-family: arial, helvetica, sans-serif;\">: 8*5,3 cm\/3,15*2,09 pulgadas<br \/>\n<\/span><strong><span style=\"font-size: 16px; font-family: arial, helvetica, sans-serif;\">Peso<\/span><\/strong><span style=\"font-size: 16px; font-family: arial, helvetica, sans-serif;\">: 0,19 kg\/0.42LBS<br \/>\n<\/span><strong><span style=\"font-size: 16px; font-family: arial, helvetica, sans-serif;\">Max de carga<\/span><\/strong><span style=\"font-size: 16px; font-family: arial, helvetica, sans-serif;\">: 1000kg\/2205lbs<\/span><\/p>\n<p>Deslizamiento suave \u00a1Funciona genial! \u00a1Los ni\u00f1os se divierten mucho en la l\u00ednea ninja! Es resistente y durar\u00e1 mucho tiempo. Le da mucha diversi\u00f3n cuando varios ni\u00f1os est\u00e1n en \u00e9l. Pero los adultos deben tener en cuenta la altura deseada al instalarla.<\/p>\n<p>F\u00e1cil y divertido gran ejercicio<br \/>\nEs f\u00e1cil de instalar y una gran manera de conseguir que los ni\u00f1os usen la fuerza de la parte superior del cuerpo y los m\u00fasculos del n\u00facleo. \u00a1Super divertido! \u00a1A los ni\u00f1os les encanta! Los adultos pueden colocarse en una pendiente muy ligera para que los ni\u00f1os puedan viajar, pero no se apresuren demasiado. Tambi\u00e9n puede envolver la l\u00ednea de desplazamiento sobrante delante del trinquete en el extremo para que act\u00fae como un tap\u00f3n antes de que puedan acercarse demasiado al \u00e1rbol final. Los ni\u00f1os saltan f\u00e1cilmente y comienzan la pr\u00f3xima aventura.<\/p>\n<p><span style=\"font-size: 16px; font-family: arial, helvetica, sans-serif;\"><strong>El paquete incluye:<\/strong><\/span><span style=\"font-size: 16px; font-family: arial, helvetica, sans-serif;\"><br \/>\n1pc x polea<\/span><\/p>\n<p>&nbsp;<\/p>\n<p><span style=\"font-size: 16px; font-family: arial, helvetica, sans-serif;\"><strong>Nota:<\/strong><\/span><\/p>\n<p><span style=\"font-size: 16px; font-family: arial, helvetica, sans-serif;\">1. Permite una desviaci\u00f3n de medici\u00f3n de 1-3cm debido a la medici\u00f3n manual.<\/span><\/p>\n<p><span style=\"font-size: 16px; font-family: arial, helvetica, sans-serif;\">2. Debido a la diferencia del monitor y efecto de la luz, el color real del art\u00edculo puede ser ligeramente diferente al color mostrado en las im\u00e1genes.<\/span><\/p>\n<p><span style=\"font-size: 16px; font-family: arial, helvetica, sans-serif;\">3. D\u00e9jenos un mensaje si encuentra alg\u00fan problema con nuestro producto y estaremos encantados de resolver el problema por usted. \u00a1Gracias!<\/span><\/p>\n<div><\/div>\n<p><img decoding=\"async\" title=\"Polea deslizante Ninja para deslizamiento de ni\u00f1os, con mosquet\u00f3n, obst\u00e1culos Ninja Warrior, para patio trasero, gran oferta\" src=\"https:\/\/bodegaoutdoor.cl\/store\/wp-content\/uploads\/2021\/12\/51196-hndlmc.jpg\" alt=\"Polea deslizante Ninja para deslizamiento de ni\u00f1os, con mosquet\u00f3n, obst\u00e1culos Ninja Warrior, para patio trasero, gran oferta\" \/><span style=\"font-size: 16px; font-family: arial, helvetica, sans-serif;\"><br \/>\n<\/span><\/p>\n<p><img decoding=\"async\" title=\"Polea deslizante Ninja para deslizamiento de ni\u00f1os, con mosquet\u00f3n, obst\u00e1culos Ninja Warrior, para patio trasero, gran oferta\" src=\"https:\/\/bodegaoutdoor.cl\/store\/wp-content\/uploads\/2021\/12\/51196-wcis9i.jpg\" alt=\"Polea deslizante Ninja para deslizamiento de ni\u00f1os, con mosquet\u00f3n, obst\u00e1culos Ninja Warrior, para patio trasero, gran oferta\" \/><img decoding=\"async\" title=\"Polea deslizante Ninja para deslizamiento de ni\u00f1os, con mosquet\u00f3n, obst\u00e1culos Ninja Warrior, para patio trasero, gran oferta\" src=\"https:\/\/bodegaoutdoor.cl\/store\/wp-content\/uploads\/2021\/12\/51196-fiu9ov.jpg\" alt=\"Polea deslizante Ninja para deslizamiento de ni\u00f1os, con mosquet\u00f3n, obst\u00e1culos Ninja Warrior, para patio trasero, gran oferta\" \/><img decoding=\"async\" title=\"Polea deslizante Ninja para deslizamiento de ni\u00f1os, con mosquet\u00f3n, obst\u00e1culos Ninja Warrior, para patio trasero, gran oferta\" src=\"https:\/\/bodegaoutdoor.cl\/store\/wp-content\/uploads\/2021\/12\/51196-wadx9y.jpg\" alt=\"Polea deslizante Ninja para deslizamiento de ni\u00f1os, con mosquet\u00f3n, obst\u00e1culos Ninja Warrior, para patio trasero, gran oferta\" \/><img decoding=\"async\" title=\"Polea deslizante Ninja para deslizamiento de ni\u00f1os, con mosquet\u00f3n, obst\u00e1culos Ninja Warrior, para patio trasero, gran oferta\" src=\"https:\/\/bodegaoutdoor.cl\/store\/wp-content\/uploads\/2021\/12\/51196-majrni.jpg\" alt=\"Polea deslizante Ninja para deslizamiento de ni\u00f1os, con mosquet\u00f3n, obst\u00e1culos Ninja Warrior, para patio trasero, gran oferta\" \/><img decoding=\"async\" title=\"Polea deslizante Ninja para deslizamiento de ni\u00f1os, con mosquet\u00f3n, obst\u00e1culos Ninja Warrior, para patio trasero, gran oferta\" src=\"https:\/\/bodegaoutdoor.cl\/store\/wp-content\/uploads\/2021\/12\/51196-3ff4zs.jpg\" alt=\"Polea deslizante Ninja para deslizamiento de ni\u00f1os, con mosquet\u00f3n, obst\u00e1culos Ninja Warrior, para patio trasero, gran oferta\" \/><img decoding=\"async\" title=\"Polea deslizante Ninja para deslizamiento de ni\u00f1os, con mosquet\u00f3n, obst\u00e1culos Ninja Warrior, para patio trasero, gran oferta\" src=\"https:\/\/bodegaoutdoor.cl\/store\/wp-content\/uploads\/2021\/12\/51196-nqzfat.jpg\" alt=\"Polea deslizante Ninja para deslizamiento de ni\u00f1os, con mosquet\u00f3n, obst\u00e1culos Ninja Warrior, para patio trasero, gran oferta\" \/><img decoding=\"async\" title=\"Polea deslizante Ninja para deslizamiento de ni\u00f1os, con mosquet\u00f3n, obst\u00e1culos Ninja Warrior, para patio trasero, gran oferta\" src=\"https:\/\/bodegaoutdoor.cl\/store\/wp-content\/uploads\/2021\/12\/51196-nlhpu1.jpg\" alt=\"Polea deslizante Ninja para deslizamiento de ni\u00f1os, con mosquet\u00f3n, obst\u00e1culos Ninja Warrior, para patio trasero, gran oferta\" \/><img decoding=\"async\" title=\"Polea deslizante Ninja para deslizamiento de ni\u00f1os, con mosquet\u00f3n, obst\u00e1culos Ninja Warrior, para patio trasero, gran oferta\" src=\"https:\/\/bodegaoutdoor.cl\/store\/wp-content\/uploads\/2021\/12\/51196-lzqjay.jpg\" alt=\"Polea deslizante Ninja para deslizamiento de ni\u00f1os, con mosquet\u00f3n, obst\u00e1culos Ninja Warrior, para patio trasero, gran oferta\" \/><img decoding=\"async\" title=\"Polea deslizante Ninja para deslizamiento de ni\u00f1os, con mosquet\u00f3n, obst\u00e1culos Ninja Warrior, para patio trasero, gran oferta\" src=\"https:\/\/bodegaoutdoor.cl\/store\/wp-content\/uploads\/2021\/12\/51196-yghdxi.jpg\" alt=\"Polea deslizante Ninja para deslizamiento de ni\u00f1os, con mosquet\u00f3n, obst\u00e1culos Ninja Warrior, para patio trasero, gran oferta\" \/><img decoding=\"async\" title=\"Polea deslizante Ninja para deslizamiento de ni\u00f1os, con mosquet\u00f3n, obst\u00e1culos Ninja Warrior, para patio trasero, gran oferta\" src=\"https:\/\/bodegaoutdoor.cl\/store\/wp-content\/uploads\/2021\/12\/51196-wevh5c.jpg\" alt=\"Polea deslizante Ninja para deslizamiento de ni\u00f1os, con mosquet\u00f3n, obst\u00e1culos Ninja Warrior, para patio trasero, gran oferta\" \/><img decoding=\"async\" title=\"Polea deslizante Ninja para deslizamiento de ni\u00f1os, con mosquet\u00f3n, obst\u00e1culos Ninja Warrior, para patio trasero, gran oferta\" src=\"https:\/\/bodegaoutdoor.cl\/store\/wp-content\/uploads\/2021\/12\/51196-xtat9l.jpg\" alt=\"Polea deslizante Ninja para deslizamiento de ni\u00f1os, con mosquet\u00f3n, obst\u00e1culos Ninja Warrior, para patio trasero, gran oferta\" \/><img decoding=\"async\" title=\"Polea deslizante Ninja para deslizamiento de ni\u00f1os, con mosquet\u00f3n, obst\u00e1culos Ninja Warrior, para patio trasero, gran oferta\" src=\"https:\/\/bodegaoutdoor.cl\/store\/wp-content\/uploads\/2021\/12\/51196-ungcv1.jpg\" alt=\"Polea deslizante Ninja para deslizamiento de ni\u00f1os, con mosquet\u00f3n, obst\u00e1culos Ninja Warrior, para patio trasero, gran oferta\" \/><img decoding=\"async\" title=\"Polea deslizante Ninja para deslizamiento de ni\u00f1os, con mosquet\u00f3n, obst\u00e1culos Ninja Warrior, para patio trasero, gran oferta\" src=\"https:\/\/bodegaoutdoor.cl\/store\/wp-content\/uploads\/2021\/12\/51196-xkkuwe.jpg\" alt=\"Polea deslizante Ninja para deslizamiento de ni\u00f1os, con mosquet\u00f3n, obst\u00e1culos Ninja Warrior, para patio trasero, gran oferta\" \/><img decoding=\"async\" title=\"Polea deslizante Ninja para deslizamiento de ni\u00f1os, con mosquet\u00f3n, obst\u00e1culos Ninja Warrior, para patio trasero, gran oferta\" src=\"https:\/\/bodegaoutdoor.cl\/store\/wp-content\/uploads\/2021\/12\/51196-31dcug.jpg\" alt=\"Polea deslizante Ninja para deslizamiento de ni\u00f1os, con mosquet\u00f3n, obst\u00e1culos Ninja Warrior, para patio trasero, gran oferta\" \/><img decoding=\"async\" title=\"Polea deslizante Ninja para deslizamiento de ni\u00f1os, con mosquet\u00f3n, obst\u00e1culos Ninja Warrior, para patio trasero, gran oferta\" src=\"https:\/\/bodegaoutdoor.cl\/store\/wp-content\/uploads\/2021\/12\/51196-jyqnc3.jpg\" alt=\"Polea deslizante Ninja para deslizamiento de ni\u00f1os, con mosquet\u00f3n, obst\u00e1culos Ninja Warrior, para patio trasero, gran oferta\" \/><\/p>\n<div><\/div>\n<\/div>\n<\/div>\n<div><\/div>\n<p>&nbsp;<\/p>\n<\/div>\n\n    <div class=\"xs_social_share_widget xs_share_url after_content \t\tmain_content  wslu-style-1 wslu-share-box-shaped wslu-fill-colored wslu-none wslu-share-horizontal wslu-theme-font-no wslu-main_content\">\n\n\t\t\n        <ul>\n\t\t\t        <\/ul>\n    <\/div> \n","protected":false},"excerpt":{"rendered":"<p>Descripci\u00f3n del producto: Color: Azul\/azul claro Material: De aleaci\u00f3n de aluminio de 7075 Tama\u00f1o: 8*5,3 cm\/3,15*2,09 pulgadas Peso: 0,19 kg\/0.42LBS Max de carga: 1000kg\/2205lbs Deslizamiento suave \u00a1Funciona genial! \u00a1Los ni\u00f1os se divierten mucho en la l\u00ednea ninja! Es resistente y durar\u00e1 mucho tiempo. Le da mucha diversi\u00f3n cuando varios ni\u00f1os est\u00e1n en \u00e9l. Pero los [&hellip;]<\/p>\n","protected":false},"featured_media":51199,"comment_status":"open","ping_status":"closed","template":"","meta":{"jetpack_publicize_message":"","jetpack_publicize_feature_enabled":true,"jetpack_social_post_already_shared":true,"jetpack_social_options":{"image_generator_settings":{"template":"highway","enabled":false},"version":2}},"product_brand":[],"product_cat":[15],"product_tag":[2981,2982,2980],"class_list":{"0":"post-51196","1":"product","2":"type-product","3":"status-publish","4":"has-post-thumbnail","6":"product_cat-otros","7":"product_tag-deslizante","8":"product_tag-escalada","9":"product_tag-polea","11":"first","12":"instock","13":"taxable","14":"shipping-taxable","15":"purchasable","16":"product-type-variable"},"jetpack_publicize_connections":[],"jetpack_sharing_enabled":true,"_links":{"self":[{"href":"https:\/\/bodegaoutdoor.cl\/store\/wp-json\/wp\/v2\/product\/51196","targetHints":{"allow":["GET"]}}],"collection":[{"href":"https:\/\/bodegaoutdoor.cl\/store\/wp-json\/wp\/v2\/product"}],"about":[{"href":"https:\/\/bodegaoutdoor.cl\/store\/wp-json\/wp\/v2\/types\/product"}],"replies":[{"embeddable":true,"href":"https:\/\/bodegaoutdoor.cl\/store\/wp-json\/wp\/v2\/comments?post=51196"}],"version-history":[{"count":4,"href":"https:\/\/bodegaoutdoor.cl\/store\/wp-json\/wp\/v2\/product\/51196\/revisions"}],"predecessor-version":[{"id":86247,"href":"https:\/\/bodegaoutdoor.cl\/store\/wp-json\/wp\/v2\/product\/51196\/revisions\/86247"}],"wp:featuredmedia":[{"embeddable":true,"href":"https:\/\/bodegaoutdoor.cl\/store\/wp-json\/wp\/v2\/media\/51199"}],"wp:attachment":[{"href":"https:\/\/bodegaoutdoor.cl\/store\/wp-json\/wp\/v2\/media?parent=51196"}],"wp:term":[{"taxonomy":"product_brand","embeddable":true,"href":"https:\/\/bodegaoutdoor.cl\/store\/wp-json\/wp\/v2\/product_brand?post=51196"},{"taxonomy":"product_cat","embeddable":true,"href":"https:\/\/bodegaoutdoor.cl\/store\/wp-json\/wp\/v2\/product_cat?post=51196"},{"taxonomy":"product_tag","embeddable":true,"href":"https:\/\/bodegaoutdoor.cl\/store\/wp-json\/wp\/v2\/product_tag?post=51196"}],"curies":[{"name":"wp","href":"https:\/\/api.w.org\/{rel}","templated":true}]}}