{"id":51536,"date":"2021-12-29T13:59:50","date_gmt":"2021-12-29T16:59:50","guid":{"rendered":"https:\/\/bodegaoutdoor.cl\/store\/product\/pantalones-cargo-para-hombre-pantalon-de-chandal-de-algodon-con-multiples-bolsillos-de-camuflaje-ropa-de-calle-informal-talla-grande-m-7xl\/"},"modified":"2026-02-06T11:07:06","modified_gmt":"2026-02-06T14:07:06","slug":"pantalones-cargo-para-hombre-pantalon-de-chandal-de-algodon-con-multiples-bolsillos-de-camuflaje","status":"publish","type":"product","link":"https:\/\/bodegaoutdoor.cl\/store\/product\/pantalones-cargo-para-hombre-pantalon-de-chandal-de-algodon-con-multiples-bolsillos-de-camuflaje\/","title":{"rendered":"Pantalones Cargo con m\u00faltiples bolsillos camuflaje"},"content":{"rendered":"<p><span style=\"font-size: 16px; font-family: inherit;\">Pantalones de ch\u00e1ndal de algod\u00f3n de camuflaje con m\u00faltiples bolsillos para hombre, talla\u00a0 M-7XL<\/span><\/p>\n<p style=\"font-family: arial, helvetica, sans-serif; font-size: 13px; font-weight: 400; letter-spacing: normal; line-height: inherit; text-align: start; border: 0px; margin: 0px; padding: 0px 0px 0px 0em; padding-bottom: 0px; padding-top: 0px; padding-right: 0px;\" align=\"start\"><span style=\"font-size: 26px; font-family: inherit;\"><span style=\"font-size: inherit; font-family: inherit;\">Atenci\u00f3n:<\/span><\/span><br \/>\n<span style=\"font-size: inherit; font-family: inherit;\"><span style=\"font-size: 22px; font-family: inherit;\">1. Esta es la talla asi\u00e1tica, elige de acuerdo con la altura y el peso en la talla.<\/span><\/span><br \/>\n<span style=\"font-size: inherit; font-family: inherit;\"><span style=\"font-size: 22px; font-family: inherit;\">2. El tama\u00f1o asi\u00e1tico es 2 tama\u00f1os m\u00e1s peque\u00f1o que el tama\u00f1o de EE. UU.\/REINO UNIDO\/RU\/UE.<\/span><\/span><br \/>\n<span style=\"font-size: inherit; font-family: inherit;\"><span style=\"font-size: 22px; font-family: inherit;\">3. Permite una diferencia de color razonable debido al monitor individual del ordenador.<\/span><\/span><\/p>\n<p style=\"font-family: arial, helvetica, sans-serif; font-size: 13px; font-weight: 400; letter-spacing: normal; line-height: inherit; text-align: start; border: 0px; margin: 0px; padding: 0px 0px 0px 0em; padding-bottom: 0px; padding-top: 0px; padding-right: 0px;\" align=\"start\"><span style=\"font-size: inherit; font-family: inherit;\"><span style=\"font-size: 22px; font-family: inherit;\">4.<\/span><\/span><span style=\"font-size: inherit;\"><span style=\"font-size: 24px; font-family: inherit;\">Si no sabes elegir la talla. Por favor, d\u00edgame su altura y peso.<\/span><\/span><\/p>\n<p style=\"font-family: arial, helvetica, sans-serif; font-size: 13px; font-weight: 400; letter-spacing: normal; line-height: inherit; text-align: start; border: 0px; margin: 0px; padding: 0px 0px 0px 0em; padding-bottom: 0px; padding-top: 0px; padding-right: 0px;\" align=\"start\"><span style=\"font-size: 24px;\">5. Permite un error de datos de 1-3 cm debido a la medici\u00f3n manual.<\/span><\/p>\n<p style=\"font-family: arial, helvetica, sans-serif; font-size: 13px; font-weight: 400; letter-spacing: normal; line-height: inherit; text-align: start; border: 0px; margin: 0px; padding: 0px 0px 0px 0em; padding-bottom: 0px; padding-top: 0px; padding-right: 0px;\" align=\"start\"><span style=\"font-size: inherit;\"><span style=\"font-size: 24px; font-family: inherit;\">6.<\/span><\/span><span style=\"font-size: 20px; font-family: inherit;\"><span style=\"font-size: inherit; font-family: inherit;\">Como se muestra en las im\u00e1genes:<\/span><\/span><span style=\"font-size: inherit; font-family: inherit;\"><span style=\"font-size: 20px; font-family: inherit;\"><span style=\"font-size: inherit; font-family: inherit;\">1 pulgada = 2,54 cm<\/span><\/span><\/span><\/p>\n<p align=\"start\">\u00a0<img fetchpriority=\"high\" decoding=\"async\" class=\"alignnone size-medium wp-image-65827\" src=\"https:\/\/bodegaoutdoor.cl\/store\/wp-content\/uploads\/2021\/12\/d1d68275-7561-44cf-b80a-b93852d69bfd.jpg\" alt=\"\" width=\"800\" height=\"900\" srcset=\"https:\/\/bodegaoutdoor.cl\/store\/wp-content\/uploads\/2021\/12\/d1d68275-7561-44cf-b80a-b93852d69bfd.jpg 800w, https:\/\/bodegaoutdoor.cl\/store\/wp-content\/uploads\/2021\/12\/d1d68275-7561-44cf-b80a-b93852d69bfd-600x675.jpg 600w, https:\/\/bodegaoutdoor.cl\/store\/wp-content\/uploads\/2021\/12\/d1d68275-7561-44cf-b80a-b93852d69bfd-768x864.jpg 768w\" sizes=\"(max-width: 800px) 100vw, 800px\" \/><\/p>\n<p><img decoding=\"async\" class=\"alignnone size-full wp-image-65826\" src=\"https:\/\/bodegaoutdoor.cl\/store\/wp-content\/uploads\/2021\/12\/0acd1452-8717-4f17-bde7-7c8f772e40f5.jpg\" alt=\"\" width=\"750\" height=\"850\" srcset=\"https:\/\/bodegaoutdoor.cl\/store\/wp-content\/uploads\/2021\/12\/0acd1452-8717-4f17-bde7-7c8f772e40f5.jpg 750w, https:\/\/bodegaoutdoor.cl\/store\/wp-content\/uploads\/2021\/12\/0acd1452-8717-4f17-bde7-7c8f772e40f5-600x680.jpg 600w\" sizes=\"(max-width: 750px) 100vw, 750px\" \/><\/p>\n<p><img decoding=\"async\" title=\"Pantalones Cargo para hombre, pantal\u00f3n de ch\u00e1ndal de algod\u00f3n con m\u00faltiples bolsillos de camuflaje, ropa de calle informal, talla grande, M-7XL\" src=\"https:\/\/bodegaoutdoor.cl\/store\/wp-content\/uploads\/2021\/12\/51536-tu0dlm.jpg\" alt=\"Pantalones Cargo para hombre, pantal\u00f3n de ch\u00e1ndal de algod\u00f3n con m\u00faltiples bolsillos de camuflaje, ropa de calle informal, talla grande, M-7XL\" \/><img decoding=\"async\" title=\"Pantalones Cargo para hombre, pantal\u00f3n de ch\u00e1ndal de algod\u00f3n con m\u00faltiples bolsillos de camuflaje, ropa de calle informal, talla grande, M-7XL\" src=\"https:\/\/bodegaoutdoor.cl\/store\/wp-content\/uploads\/2021\/12\/51536-nwm2ep.jpg\" alt=\"Pantalones Cargo para hombre, pantal\u00f3n de ch\u00e1ndal de algod\u00f3n con m\u00faltiples bolsillos de camuflaje, ropa de calle informal, talla grande, M-7XL\" \/><img decoding=\"async\" title=\"Pantalones Cargo para hombre, pantal\u00f3n de ch\u00e1ndal de algod\u00f3n con m\u00faltiples bolsillos de camuflaje, ropa de calle informal, talla grande, M-7XL\" src=\"https:\/\/bodegaoutdoor.cl\/store\/wp-content\/uploads\/2021\/12\/51536-9uh3qz.jpg\" alt=\"Pantalones Cargo para hombre, pantal\u00f3n de ch\u00e1ndal de algod\u00f3n con m\u00faltiples bolsillos de camuflaje, ropa de calle informal, talla grande, M-7XL\" \/><img decoding=\"async\" title=\"Pantalones Cargo para hombre, pantal\u00f3n de ch\u00e1ndal de algod\u00f3n con m\u00faltiples bolsillos de camuflaje, ropa de calle informal, talla grande, M-7XL\" src=\"https:\/\/bodegaoutdoor.cl\/store\/wp-content\/uploads\/2021\/12\/51536-at2tzd.jpg\" alt=\"Pantalones Cargo para hombre, pantal\u00f3n de ch\u00e1ndal de algod\u00f3n con m\u00faltiples bolsillos de camuflaje, ropa de calle informal, talla grande, M-7XL\" \/><img decoding=\"async\" title=\"Pantalones Cargo para hombre, pantal\u00f3n de ch\u00e1ndal de algod\u00f3n con m\u00faltiples bolsillos de camuflaje, ropa de calle informal, talla grande, M-7XL\" src=\"https:\/\/bodegaoutdoor.cl\/store\/wp-content\/uploads\/2021\/12\/51536-mkuhql.jpg\" alt=\"Pantalones Cargo para hombre, pantal\u00f3n de ch\u00e1ndal de algod\u00f3n con m\u00faltiples bolsillos de camuflaje, ropa de calle informal, talla grande, M-7XL\" \/><img decoding=\"async\" title=\"Pantalones Cargo para hombre, pantal\u00f3n de ch\u00e1ndal de algod\u00f3n con m\u00faltiples bolsillos de camuflaje, ropa de calle informal, talla grande, M-7XL\" src=\"https:\/\/bodegaoutdoor.cl\/store\/wp-content\/uploads\/2021\/12\/51536-ojcbox.jpg\" alt=\"Pantalones Cargo para hombre, pantal\u00f3n de ch\u00e1ndal de algod\u00f3n con m\u00faltiples bolsillos de camuflaje, ropa de calle informal, talla grande, M-7XL\" \/><img decoding=\"async\" title=\"Pantalones Cargo para hombre, pantal\u00f3n de ch\u00e1ndal de algod\u00f3n con m\u00faltiples bolsillos de camuflaje, ropa de calle informal, talla grande, M-7XL\" src=\"https:\/\/bodegaoutdoor.cl\/store\/wp-content\/uploads\/2021\/12\/51536-i5awv9.jpg\" alt=\"Pantalones Cargo para hombre, pantal\u00f3n de ch\u00e1ndal de algod\u00f3n con m\u00faltiples bolsillos de camuflaje, ropa de calle informal, talla grande, M-7XL\" \/><img decoding=\"async\" title=\"Pantalones Cargo para hombre, pantal\u00f3n de ch\u00e1ndal de algod\u00f3n con m\u00faltiples bolsillos de camuflaje, ropa de calle informal, talla grande, M-7XL\" src=\"https:\/\/bodegaoutdoor.cl\/store\/wp-content\/uploads\/2021\/12\/51536-si0buu.jpg\" alt=\"Pantalones Cargo para hombre, pantal\u00f3n de ch\u00e1ndal de algod\u00f3n con m\u00faltiples bolsillos de camuflaje, ropa de calle informal, talla grande, M-7XL\" \/><img decoding=\"async\" title=\"Pantalones Cargo para hombre, pantal\u00f3n de ch\u00e1ndal de algod\u00f3n con m\u00faltiples bolsillos de camuflaje, ropa de calle informal, talla grande, M-7XL\" src=\"https:\/\/bodegaoutdoor.cl\/store\/wp-content\/uploads\/2021\/12\/51536-1sxisi.jpg\" alt=\"Pantalones Cargo para hombre, pantal\u00f3n de ch\u00e1ndal de algod\u00f3n con m\u00faltiples bolsillos de camuflaje, ropa de calle informal, talla grande, M-7XL\" \/><img decoding=\"async\" title=\"Pantalones Cargo para hombre, pantal\u00f3n de ch\u00e1ndal de algod\u00f3n con m\u00faltiples bolsillos de camuflaje, ropa de calle informal, talla grande, M-7XL\" src=\"https:\/\/bodegaoutdoor.cl\/store\/wp-content\/uploads\/2021\/12\/51536-bfbqpg.jpg\" alt=\"Pantalones Cargo para hombre, pantal\u00f3n de ch\u00e1ndal de algod\u00f3n con m\u00faltiples bolsillos de camuflaje, ropa de calle informal, talla grande, M-7XL\" \/><img decoding=\"async\" title=\"Pantalones Cargo para hombre, pantal\u00f3n de ch\u00e1ndal de algod\u00f3n con m\u00faltiples bolsillos de camuflaje, ropa de calle informal, talla grande, M-7XL\" src=\"https:\/\/bodegaoutdoor.cl\/store\/wp-content\/uploads\/2021\/12\/51536-hc4pyp.jpg\" alt=\"Pantalones Cargo para hombre, pantal\u00f3n de ch\u00e1ndal de algod\u00f3n con m\u00faltiples bolsillos de camuflaje, ropa de calle informal, talla grande, M-7XL\" \/><img decoding=\"async\" title=\"Pantalones Cargo para hombre, pantal\u00f3n de ch\u00e1ndal de algod\u00f3n con m\u00faltiples bolsillos de camuflaje, ropa de calle informal, talla grande, M-7XL\" src=\"https:\/\/bodegaoutdoor.cl\/store\/wp-content\/uploads\/2021\/12\/51536-sb6qgi.jpg\" alt=\"Pantalones Cargo para hombre, pantal\u00f3n de ch\u00e1ndal de algod\u00f3n con m\u00faltiples bolsillos de camuflaje, ropa de calle informal, talla grande, M-7XL\" width=\"750\" height=\"750\" \/><img decoding=\"async\" title=\"Pantalones Cargo para hombre, pantal\u00f3n de ch\u00e1ndal de algod\u00f3n con m\u00faltiples bolsillos de camuflaje, ropa de calle informal, talla grande, M-7XL\" src=\"https:\/\/bodegaoutdoor.cl\/store\/wp-content\/uploads\/2021\/12\/51536-shwnqc.jpg\" alt=\"Pantalones Cargo para hombre, pantal\u00f3n de ch\u00e1ndal de algod\u00f3n con m\u00faltiples bolsillos de camuflaje, ropa de calle informal, talla grande, M-7XL\" \/><img decoding=\"async\" title=\"Pantalones Cargo para hombre, pantal\u00f3n de ch\u00e1ndal de algod\u00f3n con m\u00faltiples bolsillos de camuflaje, ropa de calle informal, talla grande, M-7XL\" src=\"https:\/\/bodegaoutdoor.cl\/store\/wp-content\/uploads\/2021\/12\/51536-fgsgll.jpg\" alt=\"Pantalones Cargo para hombre, pantal\u00f3n de ch\u00e1ndal de algod\u00f3n con m\u00faltiples bolsillos de camuflaje, ropa de calle informal, talla grande, M-7XL\" \/><img decoding=\"async\" title=\"Pantalones Cargo para hombre, pantal\u00f3n de ch\u00e1ndal de algod\u00f3n con m\u00faltiples bolsillos de camuflaje, ropa de calle informal, talla grande, M-7XL\" src=\"https:\/\/bodegaoutdoor.cl\/store\/wp-content\/uploads\/2021\/12\/51536-nzavea.jpg\" alt=\"Pantalones Cargo para hombre, pantal\u00f3n de ch\u00e1ndal de algod\u00f3n con m\u00faltiples bolsillos de camuflaje, ropa de calle informal, talla grande, M-7XL\" \/><img decoding=\"async\" title=\"Pantalones Cargo para hombre, pantal\u00f3n de ch\u00e1ndal de algod\u00f3n con m\u00faltiples bolsillos de camuflaje, ropa de calle informal, talla grande, M-7XL\" src=\"https:\/\/bodegaoutdoor.cl\/store\/wp-content\/uploads\/2021\/12\/51536-ujr4eu.jpg\" alt=\"Pantalones Cargo para hombre, pantal\u00f3n de ch\u00e1ndal de algod\u00f3n con m\u00faltiples bolsillos de camuflaje, ropa de calle informal, talla grande, M-7XL\" \/><img decoding=\"async\" title=\"Pantalones Cargo para hombre, pantal\u00f3n de ch\u00e1ndal de algod\u00f3n con m\u00faltiples bolsillos de camuflaje, ropa de calle informal, talla grande, M-7XL\" src=\"https:\/\/bodegaoutdoor.cl\/store\/wp-content\/uploads\/2021\/12\/51536-lu5pv5.jpg\" alt=\"Pantalones Cargo para hombre, pantal\u00f3n de ch\u00e1ndal de algod\u00f3n con m\u00faltiples bolsillos de camuflaje, ropa de calle informal, talla grande, M-7XL\" \/><img decoding=\"async\" title=\"Pantalones Cargo para hombre, pantal\u00f3n de ch\u00e1ndal de algod\u00f3n con m\u00faltiples bolsillos de camuflaje, ropa de calle informal, talla grande, M-7XL\" src=\"https:\/\/bodegaoutdoor.cl\/store\/wp-content\/uploads\/2021\/12\/51536-k7eeci.jpg\" alt=\"Pantalones Cargo para hombre, pantal\u00f3n de ch\u00e1ndal de algod\u00f3n con m\u00faltiples bolsillos de camuflaje, ropa de calle informal, talla grande, M-7XL\" \/><\/p>\n\n    <div class=\"xs_social_share_widget xs_share_url after_content \t\tmain_content  wslu-style-1 wslu-share-box-shaped wslu-fill-colored wslu-none wslu-share-horizontal wslu-theme-font-no wslu-main_content\">\n\n\t\t\n        <ul>\n\t\t\t        <\/ul>\n    <\/div> \n","protected":false},"excerpt":{"rendered":"<p>Pantalones de ch\u00e1ndal de algod\u00f3n de camuflaje con m\u00faltiples bolsillos para hombre, talla\u00a0 M-7XL Atenci\u00f3n: 1. Esta es la talla asi\u00e1tica, elige de acuerdo con la altura y el peso en la talla. 2. El tama\u00f1o asi\u00e1tico es 2 tama\u00f1os m\u00e1s peque\u00f1o que el tama\u00f1o de EE. UU.\/REINO UNIDO\/RU\/UE. 3. Permite una diferencia de color [&hellip;]<\/p>\n","protected":false},"featured_media":51600,"comment_status":"open","ping_status":"closed","template":"","meta":{"jetpack_publicize_message":"","jetpack_publicize_feature_enabled":true,"jetpack_social_post_already_shared":true,"jetpack_social_options":{"image_generator_settings":{"template":"highway","enabled":false},"version":2}},"product_brand":[],"product_cat":[190,62],"product_tag":[3409,481,2558],"class_list":{"0":"post-51536","1":"product","2":"type-product","3":"status-publish","4":"has-post-thumbnail","6":"product_cat-pantalones-hombre","7":"product_cat-vestuario-hombre","8":"product_tag-cargo","9":"product_tag-outdoor","10":"product_tag-pantalon","12":"first","13":"instock","14":"taxable","15":"shipping-taxable","16":"purchasable","17":"product-type-variable"},"jetpack_publicize_connections":[],"jetpack_sharing_enabled":true,"_links":{"self":[{"href":"https:\/\/bodegaoutdoor.cl\/store\/wp-json\/wp\/v2\/product\/51536","targetHints":{"allow":["GET"]}}],"collection":[{"href":"https:\/\/bodegaoutdoor.cl\/store\/wp-json\/wp\/v2\/product"}],"about":[{"href":"https:\/\/bodegaoutdoor.cl\/store\/wp-json\/wp\/v2\/types\/product"}],"replies":[{"embeddable":true,"href":"https:\/\/bodegaoutdoor.cl\/store\/wp-json\/wp\/v2\/comments?post=51536"}],"version-history":[{"count":4,"href":"https:\/\/bodegaoutdoor.cl\/store\/wp-json\/wp\/v2\/product\/51536\/revisions"}],"predecessor-version":[{"id":89203,"href":"https:\/\/bodegaoutdoor.cl\/store\/wp-json\/wp\/v2\/product\/51536\/revisions\/89203"}],"wp:featuredmedia":[{"embeddable":true,"href":"https:\/\/bodegaoutdoor.cl\/store\/wp-json\/wp\/v2\/media\/51600"}],"wp:attachment":[{"href":"https:\/\/bodegaoutdoor.cl\/store\/wp-json\/wp\/v2\/media?parent=51536"}],"wp:term":[{"taxonomy":"product_brand","embeddable":true,"href":"https:\/\/bodegaoutdoor.cl\/store\/wp-json\/wp\/v2\/product_brand?post=51536"},{"taxonomy":"product_cat","embeddable":true,"href":"https:\/\/bodegaoutdoor.cl\/store\/wp-json\/wp\/v2\/product_cat?post=51536"},{"taxonomy":"product_tag","embeddable":true,"href":"https:\/\/bodegaoutdoor.cl\/store\/wp-json\/wp\/v2\/product_tag?post=51536"}],"curies":[{"name":"wp","href":"https:\/\/api.w.org\/{rel}","templated":true}]}}