{"id":51674,"date":"2021-12-29T14:05:14","date_gmt":"2021-12-29T17:05:14","guid":{"rendered":"https:\/\/bodegaoutdoor.cl\/store\/product\/humtto-zapatos-de-senderismo-de-cuero-para-hombre-calzado-deportivo-resistente-al-desgaste-con-cordones-para-escalada-caza\/"},"modified":"2023-05-04T19:18:50","modified_gmt":"2023-05-04T23:18:50","slug":"capatos-de-senderismo-de-cuero-unisex-calzado-deportivo-resistente-al-desgaste-antideslizante","status":"publish","type":"product","link":"https:\/\/bodegaoutdoor.cl\/store\/product\/capatos-de-senderismo-de-cuero-unisex-calzado-deportivo-resistente-al-desgaste-antideslizante\/","title":{"rendered":"Capatos de senderismo de cuero Unisex, calzado deportivo resistente al desgaste, Antideslizante"},"content":{"rendered":"<p style=\"text-align: center;\"><video style=\"max-width: 100%;\" src=\"\/\/cloud.video.taobao.com\/play\/u\/1984672894\/p\/1\/e\/6\/t\/10301\/285334815538.mp4\" poster=\"https:\/\/ae01.alicdn.com\/kf\/H11420abcfeed4626b50cb5085947653bj\/Humtto-zapatos-de-senderismo-de-cuero-para-hombre-calzado-deportivo-resistente-al-desgaste-con-cordones-para.jpg,https:\/\/ae01.alicdn.com\/kf\/H331ce511df864411a77fc2e2c8680900L\/Humtto-zapatos-de-senderismo-de-cuero-para-hombre-calzado-deportivo-resistente-al-desgaste-con-cordones-para.jpg,https:\/\/ae01.alicdn.com\/kf\/H9787dcadc1844c9e90bc859f5abc1474I\/Humtto-zapatos-de-senderismo-de-cuero-para-hombre-calzado-deportivo-resistente-al-desgaste-con-cordones-para.jpg,https:\/\/ae01.alicdn.com\/kf\/Hdba70c89ffc94de4ad124e42053a652fC\/Humtto-zapatos-de-senderismo-de-cuero-para-hombre-calzado-deportivo-resistente-al-desgaste-con-cordones-para.jpg,https:\/\/ae01.alicdn.com\/kf\/H961955bfe90c4b9e891042da23ccc652A\/Humtto-zapatos-de-senderismo-de-cuero-para-hombre-calzado-deportivo-resistente-al-desgaste-con-cordones-para.jpg,https:\/\/ae01.alicdn.com\/kf\/H68a73ee12a194537bf946b67e85ac5a9V\/Humtto-zapatos-de-senderismo-de-cuero-para-hombre-calzado-deportivo-resistente-al-desgaste-con-cordones-para.jpg\" preload=\"auto\" controls=\"controls\" width=\"100%\" height=\"100%\"><\/video><\/p>\n<div><\/div>\n<div>\n<p style=\"font-family: 'OpenSans'; color: #000; font-weight: 900; font-size: 20px; line-height: 28px; margin-bottom: 12px;\">Gr\u00e1fico de tama\u00f1o<\/p>\n<p><img decoding=\"async\" style=\"margin-bottom: 10px;\" title=\"Humtto-zapatos de senderismo de cuero para hombre, calzado deportivo resistente al desgaste, con cordones, para escalada, caza\" src=\"https:\/\/bodegaoutdoor.cl\/store\/wp-content\/uploads\/2021\/12\/51674-ajp5ts.jpg\" alt=\"Humtto-zapatos de senderismo de cuero para hombre, calzado deportivo resistente al desgaste, con cordones, para escalada, caza\" \/><img decoding=\"async\" title=\"Humtto-zapatos de senderismo de cuero para hombre, calzado deportivo resistente al desgaste, con cordones, para escalada, caza\" src=\"https:\/\/bodegaoutdoor.cl\/store\/wp-content\/uploads\/2021\/12\/51674-1y5lmt.jpg\" alt=\"Humtto-zapatos de senderismo de cuero para hombre, calzado deportivo resistente al desgaste, con cordones, para escalada, caza\" \/><img decoding=\"async\" title=\"Humtto-zapatos de senderismo de cuero para hombre, calzado deportivo resistente al desgaste, con cordones, para escalada, caza\" src=\"https:\/\/bodegaoutdoor.cl\/store\/wp-content\/uploads\/2021\/12\/51674-9oa8pt.jpg\" alt=\"Humtto-zapatos de senderismo de cuero para hombre, calzado deportivo resistente al desgaste, con cordones, para escalada, caza\" \/><img decoding=\"async\" title=\"Humtto-zapatos de senderismo de cuero para hombre, calzado deportivo resistente al desgaste, con cordones, para escalada, caza\" src=\"https:\/\/bodegaoutdoor.cl\/store\/wp-content\/uploads\/2021\/12\/51674-mr9okh.jpg\" alt=\"Humtto-zapatos de senderismo de cuero para hombre, calzado deportivo resistente al desgaste, con cordones, para escalada, caza\" \/><img decoding=\"async\" title=\"Humtto-zapatos de senderismo de cuero para hombre, calzado deportivo resistente al desgaste, con cordones, para escalada, caza\" src=\"https:\/\/bodegaoutdoor.cl\/store\/wp-content\/uploads\/2021\/12\/51674-taukp1.jpg\" alt=\"Humtto-zapatos de senderismo de cuero para hombre, calzado deportivo resistente al desgaste, con cordones, para escalada, caza\" \/><img decoding=\"async\" title=\"Humtto-zapatos de senderismo de cuero para hombre, calzado deportivo resistente al desgaste, con cordones, para escalada, caza\" src=\"https:\/\/bodegaoutdoor.cl\/store\/wp-content\/uploads\/2021\/12\/51674-xoaqpq.jpg\" alt=\"Humtto-zapatos de senderismo de cuero para hombre, calzado deportivo resistente al desgaste, con cordones, para escalada, caza\" \/><img decoding=\"async\" title=\"Humtto-zapatos de senderismo de cuero para hombre, calzado deportivo resistente al desgaste, con cordones, para escalada, caza\" src=\"https:\/\/bodegaoutdoor.cl\/store\/wp-content\/uploads\/2021\/12\/51674-7l9d9s.jpg\" alt=\"Humtto-zapatos de senderismo de cuero para hombre, calzado deportivo resistente al desgaste, con cordones, para escalada, caza\" \/><img decoding=\"async\" title=\"Humtto-zapatos de senderismo de cuero para hombre, calzado deportivo resistente al desgaste, con cordones, para escalada, caza\" src=\"https:\/\/bodegaoutdoor.cl\/store\/wp-content\/uploads\/2021\/12\/51674-rtzyos.jpg\" alt=\"Humtto-zapatos de senderismo de cuero para hombre, calzado deportivo resistente al desgaste, con cordones, para escalada, caza\" \/><img decoding=\"async\" title=\"Humtto-zapatos de senderismo de cuero para hombre, calzado deportivo resistente al desgaste, con cordones, para escalada, caza\" src=\"https:\/\/bodegaoutdoor.cl\/store\/wp-content\/uploads\/2021\/12\/51674-kbgw6x.jpg\" alt=\"Humtto-zapatos de senderismo de cuero para hombre, calzado deportivo resistente al desgaste, con cordones, para escalada, caza\" \/><img decoding=\"async\" title=\"Humtto-zapatos de senderismo de cuero para hombre, calzado deportivo resistente al desgaste, con cordones, para escalada, caza\" src=\"https:\/\/bodegaoutdoor.cl\/store\/wp-content\/uploads\/2021\/12\/51674-lrfqf8.jpg\" alt=\"Humtto-zapatos de senderismo de cuero para hombre, calzado deportivo resistente al desgaste, con cordones, para escalada, caza\" \/><img decoding=\"async\" title=\"Humtto-zapatos de senderismo de cuero para hombre, calzado deportivo resistente al desgaste, con cordones, para escalada, caza\" src=\"https:\/\/bodegaoutdoor.cl\/store\/wp-content\/uploads\/2021\/12\/51674-si1fqa.jpg\" alt=\"Humtto-zapatos de senderismo de cuero para hombre, calzado deportivo resistente al desgaste, con cordones, para escalada, caza\" \/><img decoding=\"async\" title=\"Humtto-zapatos de senderismo de cuero para hombre, calzado deportivo resistente al desgaste, con cordones, para escalada, caza\" src=\"https:\/\/bodegaoutdoor.cl\/store\/wp-content\/uploads\/2021\/12\/51674-dty44i.jpg\" alt=\"Humtto-zapatos de senderismo de cuero para hombre, calzado deportivo resistente al desgaste, con cordones, para escalada, caza\" \/><img decoding=\"async\" title=\"Humtto-zapatos de senderismo de cuero para hombre, calzado deportivo resistente al desgaste, con cordones, para escalada, caza\" src=\"https:\/\/bodegaoutdoor.cl\/store\/wp-content\/uploads\/2021\/12\/51674-zbcn9d.jpg\" alt=\"Humtto-zapatos de senderismo de cuero para hombre, calzado deportivo resistente al desgaste, con cordones, para escalada, caza\" \/><img decoding=\"async\" title=\"Humtto-zapatos de senderismo de cuero para hombre, calzado deportivo resistente al desgaste, con cordones, para escalada, caza\" src=\"https:\/\/bodegaoutdoor.cl\/store\/wp-content\/uploads\/2021\/12\/51674-0fq4o0.jpg\" alt=\"Humtto-zapatos de senderismo de cuero para hombre, calzado deportivo resistente al desgaste, con cordones, para escalada, caza\" \/><img decoding=\"async\" title=\"Humtto-zapatos de senderismo de cuero para hombre, calzado deportivo resistente al desgaste, con cordones, para escalada, caza\" src=\"https:\/\/bodegaoutdoor.cl\/store\/wp-content\/uploads\/2021\/12\/51674-mtz5zm.jpg\" alt=\"Humtto-zapatos de senderismo de cuero para hombre, calzado deportivo resistente al desgaste, con cordones, para escalada, caza\" \/><img decoding=\"async\" title=\"Humtto-zapatos de senderismo de cuero para hombre, calzado deportivo resistente al desgaste, con cordones, para escalada, caza\" src=\"https:\/\/bodegaoutdoor.cl\/store\/wp-content\/uploads\/2021\/12\/51674-w1nj7d.jpg\" alt=\"Humtto-zapatos de senderismo de cuero para hombre, calzado deportivo resistente al desgaste, con cordones, para escalada, caza\" \/><\/p>\n<\/div>\n<div>\n<p style=\"font-family: 'OpenSans'; color: #000; font-weight: 900; font-size: 20px; line-height: 28px; margin-bottom: 12px;\">Pantalla f\u00edsica<\/p>\n<p><img decoding=\"async\" title=\"Humtto-zapatos de senderismo de cuero para hombre, calzado deportivo resistente al desgaste, con cordones, para escalada, caza\" src=\"https:\/\/bodegaoutdoor.cl\/store\/wp-content\/uploads\/2021\/12\/51674-o12hlv.jpg\" alt=\"Humtto-zapatos de senderismo de cuero para hombre, calzado deportivo resistente al desgaste, con cordones, para escalada, caza\" \/><img decoding=\"async\" title=\"Humtto-zapatos de senderismo de cuero para hombre, calzado deportivo resistente al desgaste, con cordones, para escalada, caza\" src=\"https:\/\/bodegaoutdoor.cl\/store\/wp-content\/uploads\/2021\/12\/51674-go6lrm.jpg\" alt=\"Humtto-zapatos de senderismo de cuero para hombre, calzado deportivo resistente al desgaste, con cordones, para escalada, caza\" \/><img decoding=\"async\" title=\"Humtto-zapatos de senderismo de cuero para hombre, calzado deportivo resistente al desgaste, con cordones, para escalada, caza\" src=\"https:\/\/bodegaoutdoor.cl\/store\/wp-content\/uploads\/2021\/12\/51674-w7qz2h.jpg\" alt=\"Humtto-zapatos de senderismo de cuero para hombre, calzado deportivo resistente al desgaste, con cordones, para escalada, caza\" \/><img decoding=\"async\" title=\"Humtto-zapatos de senderismo de cuero para hombre, calzado deportivo resistente al desgaste, con cordones, para escalada, caza\" src=\"https:\/\/bodegaoutdoor.cl\/store\/wp-content\/uploads\/2021\/12\/51674-9dllil.jpg\" alt=\"Humtto-zapatos de senderismo de cuero para hombre, calzado deportivo resistente al desgaste, con cordones, para escalada, caza\" \/><\/p>\n<\/div>\n\n    <div class=\"xs_social_share_widget xs_share_url after_content \t\tmain_content  wslu-style-1 wslu-share-box-shaped wslu-fill-colored wslu-none wslu-share-horizontal wslu-theme-font-no wslu-main_content\">\n\n\t\t\n        <ul>\n\t\t\t        <\/ul>\n    <\/div> \n","protected":false},"excerpt":{"rendered":"<p>Gr\u00e1fico de tama\u00f1o Pantalla f\u00edsica<\/p>\n","protected":false},"featured_media":51750,"comment_status":"open","ping_status":"closed","template":"","meta":{"jetpack_publicize_message":"","jetpack_publicize_feature_enabled":true,"jetpack_social_post_already_shared":true,"jetpack_social_options":{"image_generator_settings":{"template":"highway","enabled":false},"version":2}},"product_brand":[],"product_cat":[41,43,42],"product_tag":[],"class_list":{"0":"post-51674","1":"product","2":"type-product","3":"status-publish","4":"has-post-thumbnail","6":"product_cat-calzado","7":"product_cat-calzado-hombre","8":"product_cat-calzado-mujer","10":"first","11":"instock","12":"taxable","13":"shipping-taxable","14":"purchasable","15":"product-type-variable"},"jetpack_publicize_connections":[],"jetpack_sharing_enabled":true,"_links":{"self":[{"href":"https:\/\/bodegaoutdoor.cl\/store\/wp-json\/wp\/v2\/product\/51674","targetHints":{"allow":["GET"]}}],"collection":[{"href":"https:\/\/bodegaoutdoor.cl\/store\/wp-json\/wp\/v2\/product"}],"about":[{"href":"https:\/\/bodegaoutdoor.cl\/store\/wp-json\/wp\/v2\/types\/product"}],"replies":[{"embeddable":true,"href":"https:\/\/bodegaoutdoor.cl\/store\/wp-json\/wp\/v2\/comments?post=51674"}],"version-history":[{"count":2,"href":"https:\/\/bodegaoutdoor.cl\/store\/wp-json\/wp\/v2\/product\/51674\/revisions"}],"predecessor-version":[{"id":70966,"href":"https:\/\/bodegaoutdoor.cl\/store\/wp-json\/wp\/v2\/product\/51674\/revisions\/70966"}],"wp:featuredmedia":[{"embeddable":true,"href":"https:\/\/bodegaoutdoor.cl\/store\/wp-json\/wp\/v2\/media\/51750"}],"wp:attachment":[{"href":"https:\/\/bodegaoutdoor.cl\/store\/wp-json\/wp\/v2\/media?parent=51674"}],"wp:term":[{"taxonomy":"product_brand","embeddable":true,"href":"https:\/\/bodegaoutdoor.cl\/store\/wp-json\/wp\/v2\/product_brand?post=51674"},{"taxonomy":"product_cat","embeddable":true,"href":"https:\/\/bodegaoutdoor.cl\/store\/wp-json\/wp\/v2\/product_cat?post=51674"},{"taxonomy":"product_tag","embeddable":true,"href":"https:\/\/bodegaoutdoor.cl\/store\/wp-json\/wp\/v2\/product_tag?post=51674"}],"curies":[{"name":"wp","href":"https:\/\/api.w.org\/{rel}","templated":true}]}}