{"id":52226,"date":"2021-12-29T14:57:05","date_gmt":"2021-12-29T17:57:05","guid":{"rendered":"https:\/\/bodegaoutdoor.cl\/store\/product\/jiemiao-zapatos-de-senderismo-para-hombre-y-mujer-zapatillas-de-deporte-transpirables-de-malla-para-verano-calzado-deportivo-para-escalada-al-aire-libre-talla-36-47-2021\/"},"modified":"2023-05-04T19:18:50","modified_gmt":"2023-05-04T23:18:50","slug":"jiemiao-zapatos-de-senderismo-para-hombre-y-mujer-zapatillas-de-deporte-transpirables-de-malla-para-verano-calzado-deportivo-para-escalada-al-aire-libre-talla-36-47-2021","status":"publish","type":"product","link":"https:\/\/bodegaoutdoor.cl\/store\/product\/jiemiao-zapatos-de-senderismo-para-hombre-y-mujer-zapatillas-de-deporte-transpirables-de-malla-para-verano-calzado-deportivo-para-escalada-al-aire-libre-talla-36-47-2021\/","title":{"rendered":"Calzado Outdoor verano, calzado deportivo para escalada Senderismo"},"content":{"rendered":"<div>\n<div style=\"margin: 10px auto 0px auto; max-width: 100%;\">\n<div style=\"margin-top: -74.46%;\">\n<div style=\"margin-top: 0%; margin-left: 0%; width: 25%;\"><\/div>\n<div style=\"margin-top: -37.23%; margin-left: 25%; width: 25%;\"><\/div>\n<div style=\"margin-top: -37.23%; margin-left: 50%; width: 25%;\"><\/div>\n<div style=\"margin-top: -37.23%; margin-left: 75%; width: 25%;\"><\/div>\n<div style=\"margin-top: 0%; margin-left: 0%; width: 25%;\"><\/div>\n<div style=\"margin-top: -37.23%; margin-left: 25%; width: 25%;\"><\/div>\n<div style=\"margin-top: -37.23%; margin-left: 50%; width: 25%;\"><\/div>\n<div style=\"margin-top: -37.23%; margin-left: 75%; width: 25%;\"><\/div>\n<\/div>\n<\/div>\n<p><strong>Bienvenido a la tienda especializada JIEMIAO<br \/>\n&#8212;&#8212;&#8212;&#8212;&#8212;&#8212;&#8212;&#8212;&#8212;&#8212;&#8212;&#8212;&#8212;&#8212;&#8212;&#8212;&#8212;&#8212;&#8212;&#8212;&#8212;&#8212;&#8212;&#8212;&#8212;&#8212;&#8212;&#8212;&#8212;&#8212;&#8212;&#8212;&#8212;&#8212;&#8212;&#8212;-<\/strong><br \/>\nDescripci\u00f3n del tama\u00f1o:<br \/>\n1. El tama\u00f1o de EE. UU. O Euro puede variar dependiendo de su pa\u00eds\/regi\u00f3n,<\/p>\n<p>\u00a1Elija una talla americana seg\u00fan la longitud de su pie!<\/p>\n<p>2. Si tus pies son m\u00e1s gruesos o anchos, puedes elegir una talla m\u00e1s grande.<\/p>\n<p>3. Si no est\u00e1s seguro de la talla, cont\u00e1ctanos.<\/p>\n<p style=\"text-align: left; margin: 0px;\" align=\"left\"><img decoding=\"async\" title=\"JIEMIAO-zapatos de senderismo para hombre y mujer, zapatillas de deporte transpirables de malla para verano, calzado deportivo para escalada al aire libre, talla 36-47, 2021\" src=\"https:\/\/bodegaoutdoor.cl\/store\/wp-content\/uploads\/2021\/12\/52226-m1shjn.jpg\" alt=\"JIEMIAO-zapatos de senderismo para hombre y mujer, zapatillas de deporte transpirables de malla para verano, calzado deportivo para escalada al aire libre, talla 36-47, 2021\" \/><\/p>\n<p><img decoding=\"async\" title=\"JIEMIAO-zapatos de senderismo para hombre y mujer, zapatillas de deporte transpirables de malla para verano, calzado deportivo para escalada al aire libre, talla 36-47, 2021\" src=\"https:\/\/bodegaoutdoor.cl\/store\/wp-content\/uploads\/2021\/12\/52226-uumjtg.jpg\" alt=\"JIEMIAO-zapatos de senderismo para hombre y mujer, zapatillas de deporte transpirables de malla para verano, calzado deportivo para escalada al aire libre, talla 36-47, 2021\" \/><img decoding=\"async\" title=\"JIEMIAO-zapatos de senderismo para hombre y mujer, zapatillas de deporte transpirables de malla para verano, calzado deportivo para escalada al aire libre, talla 36-47, 2021\" src=\"https:\/\/bodegaoutdoor.cl\/store\/wp-content\/uploads\/2021\/12\/52226-jyv7r5.jpg\" alt=\"JIEMIAO-zapatos de senderismo para hombre y mujer, zapatillas de deporte transpirables de malla para verano, calzado deportivo para escalada al aire libre, talla 36-47, 2021\" \/><img decoding=\"async\" title=\"JIEMIAO-zapatos de senderismo para hombre y mujer, zapatillas de deporte transpirables de malla para verano, calzado deportivo para escalada al aire libre, talla 36-47, 2021\" src=\"https:\/\/bodegaoutdoor.cl\/store\/wp-content\/uploads\/2021\/12\/52226-fmet5c.jpg\" alt=\"JIEMIAO-zapatos de senderismo para hombre y mujer, zapatillas de deporte transpirables de malla para verano, calzado deportivo para escalada al aire libre, talla 36-47, 2021\" \/><img decoding=\"async\" title=\"JIEMIAO-zapatos de senderismo para hombre y mujer, zapatillas de deporte transpirables de malla para verano, calzado deportivo para escalada al aire libre, talla 36-47, 2021\" src=\"https:\/\/bodegaoutdoor.cl\/store\/wp-content\/uploads\/2021\/12\/52226-xrw2cj.jpg\" alt=\"JIEMIAO-zapatos de senderismo para hombre y mujer, zapatillas de deporte transpirables de malla para verano, calzado deportivo para escalada al aire libre, talla 36-47, 2021\" \/><img decoding=\"async\" title=\"JIEMIAO-zapatos de senderismo para hombre y mujer, zapatillas de deporte transpirables de malla para verano, calzado deportivo para escalada al aire libre, talla 36-47, 2021\" src=\"https:\/\/bodegaoutdoor.cl\/store\/wp-content\/uploads\/2021\/12\/52226-klnibd.jpg\" alt=\"JIEMIAO-zapatos de senderismo para hombre y mujer, zapatillas de deporte transpirables de malla para verano, calzado deportivo para escalada al aire libre, talla 36-47, 2021\" \/><img decoding=\"async\" title=\"JIEMIAO-zapatos de senderismo para hombre y mujer, zapatillas de deporte transpirables de malla para verano, calzado deportivo para escalada al aire libre, talla 36-47, 2021\" src=\"https:\/\/bodegaoutdoor.cl\/store\/wp-content\/uploads\/2021\/12\/52226-3y0iwn.jpg\" alt=\"JIEMIAO-zapatos de senderismo para hombre y mujer, zapatillas de deporte transpirables de malla para verano, calzado deportivo para escalada al aire libre, talla 36-47, 2021\" \/><img decoding=\"async\" title=\"JIEMIAO-zapatos de senderismo para hombre y mujer, zapatillas de deporte transpirables de malla para verano, calzado deportivo para escalada al aire libre, talla 36-47, 2021\" src=\"https:\/\/bodegaoutdoor.cl\/store\/wp-content\/uploads\/2021\/12\/52226-my541u.jpg\" alt=\"JIEMIAO-zapatos de senderismo para hombre y mujer, zapatillas de deporte transpirables de malla para verano, calzado deportivo para escalada al aire libre, talla 36-47, 2021\" \/><img decoding=\"async\" title=\"JIEMIAO-zapatos de senderismo para hombre y mujer, zapatillas de deporte transpirables de malla para verano, calzado deportivo para escalada al aire libre, talla 36-47, 2021\" src=\"https:\/\/bodegaoutdoor.cl\/store\/wp-content\/uploads\/2021\/12\/52226-wnznzf.jpg\" alt=\"JIEMIAO-zapatos de senderismo para hombre y mujer, zapatillas de deporte transpirables de malla para verano, calzado deportivo para escalada al aire libre, talla 36-47, 2021\" \/><img decoding=\"async\" title=\"JIEMIAO-zapatos de senderismo para hombre y mujer, zapatillas de deporte transpirables de malla para verano, calzado deportivo para escalada al aire libre, talla 36-47, 2021\" src=\"https:\/\/bodegaoutdoor.cl\/store\/wp-content\/uploads\/2021\/12\/52226-tnon4z.jpg\" alt=\"JIEMIAO-zapatos de senderismo para hombre y mujer, zapatillas de deporte transpirables de malla para verano, calzado deportivo para escalada al aire libre, talla 36-47, 2021\" \/><img decoding=\"async\" title=\"JIEMIAO-zapatos de senderismo para hombre y mujer, zapatillas de deporte transpirables de malla para verano, calzado deportivo para escalada al aire libre, talla 36-47, 2021\" src=\"https:\/\/bodegaoutdoor.cl\/store\/wp-content\/uploads\/2021\/12\/52226-7s4tr0.jpg\" alt=\"JIEMIAO-zapatos de senderismo para hombre y mujer, zapatillas de deporte transpirables de malla para verano, calzado deportivo para escalada al aire libre, talla 36-47, 2021\" \/><img decoding=\"async\" title=\"JIEMIAO-zapatos de senderismo para hombre y mujer, zapatillas de deporte transpirables de malla para verano, calzado deportivo para escalada al aire libre, talla 36-47, 2021\" src=\"https:\/\/bodegaoutdoor.cl\/store\/wp-content\/uploads\/2021\/12\/52226-6avrk3.jpg\" alt=\"JIEMIAO-zapatos de senderismo para hombre y mujer, zapatillas de deporte transpirables de malla para verano, calzado deportivo para escalada al aire libre, talla 36-47, 2021\" \/><img decoding=\"async\" title=\"JIEMIAO-zapatos de senderismo para hombre y mujer, zapatillas de deporte transpirables de malla para verano, calzado deportivo para escalada al aire libre, talla 36-47, 2021\" src=\"https:\/\/bodegaoutdoor.cl\/store\/wp-content\/uploads\/2021\/12\/52226-xxozfc.jpg\" alt=\"JIEMIAO-zapatos de senderismo para hombre y mujer, zapatillas de deporte transpirables de malla para verano, calzado deportivo para escalada al aire libre, talla 36-47, 2021\" \/><img decoding=\"async\" title=\"JIEMIAO-zapatos de senderismo para hombre y mujer, zapatillas de deporte transpirables de malla para verano, calzado deportivo para escalada al aire libre, talla 36-47, 2021\" src=\"https:\/\/bodegaoutdoor.cl\/store\/wp-content\/uploads\/2021\/12\/52226-nnurg7.jpg\" alt=\"JIEMIAO-zapatos de senderismo para hombre y mujer, zapatillas de deporte transpirables de malla para verano, calzado deportivo para escalada al aire libre, talla 36-47, 2021\" \/><img decoding=\"async\" title=\"JIEMIAO-zapatos de senderismo para hombre y mujer, zapatillas de deporte transpirables de malla para verano, calzado deportivo para escalada al aire libre, talla 36-47, 2021\" src=\"https:\/\/bodegaoutdoor.cl\/store\/wp-content\/uploads\/2021\/12\/52226-mcp2ab.jpg\" alt=\"JIEMIAO-zapatos de senderismo para hombre y mujer, zapatillas de deporte transpirables de malla para verano, calzado deportivo para escalada al aire libre, talla 36-47, 2021\" \/><img decoding=\"async\" title=\"JIEMIAO-zapatos de senderismo para hombre y mujer, zapatillas de deporte transpirables de malla para verano, calzado deportivo para escalada al aire libre, talla 36-47, 2021\" src=\"https:\/\/bodegaoutdoor.cl\/store\/wp-content\/uploads\/2021\/12\/52226-mkrl32.jpg\" alt=\"JIEMIAO-zapatos de senderismo para hombre y mujer, zapatillas de deporte transpirables de malla para verano, calzado deportivo para escalada al aire libre, talla 36-47, 2021\" \/><img decoding=\"async\" title=\"JIEMIAO-zapatos de senderismo para hombre y mujer, zapatillas de deporte transpirables de malla para verano, calzado deportivo para escalada al aire libre, talla 36-47, 2021\" src=\"https:\/\/bodegaoutdoor.cl\/store\/wp-content\/uploads\/2021\/12\/52226-jjpx7n.jpg\" alt=\"JIEMIAO-zapatos de senderismo para hombre y mujer, zapatillas de deporte transpirables de malla para verano, calzado deportivo para escalada al aire libre, talla 36-47, 2021\" \/><img decoding=\"async\" title=\"JIEMIAO-zapatos de senderismo para hombre y mujer, zapatillas de deporte transpirables de malla para verano, calzado deportivo para escalada al aire libre, talla 36-47, 2021\" src=\"https:\/\/bodegaoutdoor.cl\/store\/wp-content\/uploads\/2021\/12\/52226-9knbge.jpg\" alt=\"JIEMIAO-zapatos de senderismo para hombre y mujer, zapatillas de deporte transpirables de malla para verano, calzado deportivo para escalada al aire libre, talla 36-47, 2021\" \/><img decoding=\"async\" title=\"JIEMIAO-zapatos de senderismo para hombre y mujer, zapatillas de deporte transpirables de malla para verano, calzado deportivo para escalada al aire libre, talla 36-47, 2021\" src=\"https:\/\/bodegaoutdoor.cl\/store\/wp-content\/uploads\/2021\/12\/52226-s5uusq.jpg\" alt=\"JIEMIAO-zapatos de senderismo para hombre y mujer, zapatillas de deporte transpirables de malla para verano, calzado deportivo para escalada al aire libre, talla 36-47, 2021\" \/><img decoding=\"async\" title=\"JIEMIAO-zapatos de senderismo para hombre y mujer, zapatillas de deporte transpirables de malla para verano, calzado deportivo para escalada al aire libre, talla 36-47, 2021\" src=\"https:\/\/bodegaoutdoor.cl\/store\/wp-content\/uploads\/2021\/12\/52226-fb4a8c.jpg\" alt=\"JIEMIAO-zapatos de senderismo para hombre y mujer, zapatillas de deporte transpirables de malla para verano, calzado deportivo para escalada al aire libre, talla 36-47, 2021\" \/><img decoding=\"async\" title=\"JIEMIAO-zapatos de senderismo para hombre y mujer, zapatillas de deporte transpirables de malla para verano, calzado deportivo para escalada al aire libre, talla 36-47, 2021\" src=\"https:\/\/bodegaoutdoor.cl\/store\/wp-content\/uploads\/2021\/12\/52226-drr4sf.jpg\" alt=\"JIEMIAO-zapatos de senderismo para hombre y mujer, zapatillas de deporte transpirables de malla para verano, calzado deportivo para escalada al aire libre, talla 36-47, 2021\" \/><img decoding=\"async\" title=\"JIEMIAO-zapatos de senderismo para hombre y mujer, zapatillas de deporte transpirables de malla para verano, calzado deportivo para escalada al aire libre, talla 36-47, 2021\" src=\"https:\/\/bodegaoutdoor.cl\/store\/wp-content\/uploads\/2021\/12\/52226-rhhkgy.jpg\" alt=\"JIEMIAO-zapatos de senderismo para hombre y mujer, zapatillas de deporte transpirables de malla para verano, calzado deportivo para escalada al aire libre, talla 36-47, 2021\" \/><img decoding=\"async\" title=\"JIEMIAO-zapatos de senderismo para hombre y mujer, zapatillas de deporte transpirables de malla para verano, calzado deportivo para escalada al aire libre, talla 36-47, 2021\" src=\"https:\/\/bodegaoutdoor.cl\/store\/wp-content\/uploads\/2021\/12\/52226-ouacs7.jpg\" alt=\"JIEMIAO-zapatos de senderismo para hombre y mujer, zapatillas de deporte transpirables de malla para verano, calzado deportivo para escalada al aire libre, talla 36-47, 2021\" \/><img decoding=\"async\" title=\"JIEMIAO-zapatos de senderismo para hombre y mujer, zapatillas de deporte transpirables de malla para verano, calzado deportivo para escalada al aire libre, talla 36-47, 2021\" src=\"https:\/\/bodegaoutdoor.cl\/store\/wp-content\/uploads\/2021\/12\/52226-w9u2uy.jpg\" alt=\"JIEMIAO-zapatos de senderismo para hombre y mujer, zapatillas de deporte transpirables de malla para verano, calzado deportivo para escalada al aire libre, talla 36-47, 2021\" \/><img decoding=\"async\" title=\"JIEMIAO-zapatos de senderismo para hombre y mujer, zapatillas de deporte transpirables de malla para verano, calzado deportivo para escalada al aire libre, talla 36-47, 2021\" src=\"https:\/\/bodegaoutdoor.cl\/store\/wp-content\/uploads\/2021\/12\/52226-tx0emt.jpg\" alt=\"JIEMIAO-zapatos de senderismo para hombre y mujer, zapatillas de deporte transpirables de malla para verano, calzado deportivo para escalada al aire libre, talla 36-47, 2021\" \/><img decoding=\"async\" title=\"JIEMIAO-zapatos de senderismo para hombre y mujer, zapatillas de deporte transpirables de malla para verano, calzado deportivo para escalada al aire libre, talla 36-47, 2021\" src=\"https:\/\/bodegaoutdoor.cl\/store\/wp-content\/uploads\/2021\/12\/52226-rcayji.jpg\" alt=\"JIEMIAO-zapatos de senderismo para hombre y mujer, zapatillas de deporte transpirables de malla para verano, calzado deportivo para escalada al aire libre, talla 36-47, 2021\" \/><img decoding=\"async\" title=\"JIEMIAO-zapatos de senderismo para hombre y mujer, zapatillas de deporte transpirables de malla para verano, calzado deportivo para escalada al aire libre, talla 36-47, 2021\" src=\"https:\/\/bodegaoutdoor.cl\/store\/wp-content\/uploads\/2021\/12\/52226-2ee0jf.jpg\" alt=\"JIEMIAO-zapatos de senderismo para hombre y mujer, zapatillas de deporte transpirables de malla para verano, calzado deportivo para escalada al aire libre, talla 36-47, 2021\" \/><img decoding=\"async\" title=\"JIEMIAO-zapatos de senderismo para hombre y mujer, zapatillas de deporte transpirables de malla para verano, calzado deportivo para escalada al aire libre, talla 36-47, 2021\" src=\"https:\/\/bodegaoutdoor.cl\/store\/wp-content\/uploads\/2021\/12\/52226-d7vdm4.jpg\" alt=\"JIEMIAO-zapatos de senderismo para hombre y mujer, zapatillas de deporte transpirables de malla para verano, calzado deportivo para escalada al aire libre, talla 36-47, 2021\" \/><img decoding=\"async\" title=\"JIEMIAO-zapatos de senderismo para hombre y mujer, zapatillas de deporte transpirables de malla para verano, calzado deportivo para escalada al aire libre, talla 36-47, 2021\" src=\"https:\/\/bodegaoutdoor.cl\/store\/wp-content\/uploads\/2021\/12\/52226-d374n8.jpg\" alt=\"JIEMIAO-zapatos de senderismo para hombre y mujer, zapatillas de deporte transpirables de malla para verano, calzado deportivo para escalada al aire libre, talla 36-47, 2021\" \/><\/p>\n<div style=\"margin: 10px auto 0px auto; max-width: 100%;\"><\/div>\n<div style=\"margin: 10px auto 0px auto; max-width: 100%;\"><\/div>\n<p>&nbsp;<\/p>\n<\/div>\n\n    <div class=\"xs_social_share_widget xs_share_url after_content \t\tmain_content  wslu-style-1 wslu-share-box-shaped wslu-fill-colored wslu-none wslu-share-horizontal wslu-theme-font-no wslu-main_content\">\n\n\t\t\n        <ul>\n\t\t\t        <\/ul>\n    <\/div> \n","protected":false},"excerpt":{"rendered":"<p>Bienvenido a la tienda especializada JIEMIAO &#8212;&#8212;&#8212;&#8212;&#8212;&#8212;&#8212;&#8212;&#8212;&#8212;&#8212;&#8212;&#8212;&#8212;&#8212;&#8212;&#8212;&#8212;&#8212;&#8212;&#8212;&#8212;&#8212;&#8212;&#8212;&#8212;&#8212;&#8212;&#8212;&#8212;&#8212;&#8212;&#8212;&#8212;&#8212;&#8212;- Descripci\u00f3n del tama\u00f1o: 1. El tama\u00f1o de EE. UU. O Euro puede variar dependiendo de su pa\u00eds\/regi\u00f3n, \u00a1Elija una talla americana seg\u00fan la longitud de su pie! 2. Si tus pies son m\u00e1s gruesos o anchos, puedes elegir una talla m\u00e1s grande. 3. Si no est\u00e1s seguro de [&hellip;]<\/p>\n","protected":false},"featured_media":52415,"comment_status":"open","ping_status":"closed","template":"","meta":{"jetpack_publicize_message":"","jetpack_publicize_feature_enabled":true,"jetpack_social_post_already_shared":true,"jetpack_social_options":{"image_generator_settings":{"template":"highway","enabled":false},"version":2}},"product_brand":[],"product_cat":[41],"product_tag":[156,481,2439],"class_list":{"0":"post-52226","1":"product","2":"type-product","3":"status-publish","4":"has-post-thumbnail","6":"product_cat-calzado","7":"product_tag-calzado","8":"product_tag-outdoor","9":"product_tag-zapatillas","11":"first","12":"instock","13":"taxable","14":"shipping-taxable","15":"purchasable","16":"product-type-variable"},"jetpack_publicize_connections":[],"jetpack_sharing_enabled":true,"_links":{"self":[{"href":"https:\/\/bodegaoutdoor.cl\/store\/wp-json\/wp\/v2\/product\/52226","targetHints":{"allow":["GET"]}}],"collection":[{"href":"https:\/\/bodegaoutdoor.cl\/store\/wp-json\/wp\/v2\/product"}],"about":[{"href":"https:\/\/bodegaoutdoor.cl\/store\/wp-json\/wp\/v2\/types\/product"}],"replies":[{"embeddable":true,"href":"https:\/\/bodegaoutdoor.cl\/store\/wp-json\/wp\/v2\/comments?post=52226"}],"version-history":[{"count":2,"href":"https:\/\/bodegaoutdoor.cl\/store\/wp-json\/wp\/v2\/product\/52226\/revisions"}],"predecessor-version":[{"id":70965,"href":"https:\/\/bodegaoutdoor.cl\/store\/wp-json\/wp\/v2\/product\/52226\/revisions\/70965"}],"wp:featuredmedia":[{"embeddable":true,"href":"https:\/\/bodegaoutdoor.cl\/store\/wp-json\/wp\/v2\/media\/52415"}],"wp:attachment":[{"href":"https:\/\/bodegaoutdoor.cl\/store\/wp-json\/wp\/v2\/media?parent=52226"}],"wp:term":[{"taxonomy":"product_brand","embeddable":true,"href":"https:\/\/bodegaoutdoor.cl\/store\/wp-json\/wp\/v2\/product_brand?post=52226"},{"taxonomy":"product_cat","embeddable":true,"href":"https:\/\/bodegaoutdoor.cl\/store\/wp-json\/wp\/v2\/product_cat?post=52226"},{"taxonomy":"product_tag","embeddable":true,"href":"https:\/\/bodegaoutdoor.cl\/store\/wp-json\/wp\/v2\/product_tag?post=52226"}],"curies":[{"name":"wp","href":"https:\/\/api.w.org\/{rel}","templated":true}]}}