{"id":52484,"date":"2022-01-08T07:55:34","date_gmt":"2022-01-08T10:55:34","guid":{"rendered":"https:\/\/bodegaoutdoor.cl\/store\/?post_type=product&#038;p=52484"},"modified":"2023-05-04T19:18:50","modified_gmt":"2023-05-04T23:18:50","slug":"colchones-inflables-livianos-para-camping-trekking","status":"publish","type":"product","link":"https:\/\/bodegaoutdoor.cl\/store\/product\/colchones-inflables-livianos-para-camping-trekking\/","title":{"rendered":"Colchones inflables livianos para camping trekking"},"content":{"rendered":"<div class=\"ui-pdp-container__row ui-pdp-container__row--technical-specifications\">\n<div class=\"ui-pdp-specs\">\n<div class=\"ui-pdp-list ui-pdp-specs__list\">\n<ul class=\"ui-pdp-list__wrapper\">\n<li class=\"ui-pdp-list__item\">\n<p class=\"ui-pdp-family--REGULAR ui-pdp-list__text\"><span class=\"ui-pdp-color--BLACK ui-pdp-size--XSMALL ui-pdp-family--BOLD\">Altura x Largo x Ancho<\/span>: 5 cm x 198 cm x 59 cm<\/p>\n<\/li>\n<li class=\"ui-pdp-list__item\">\n<p class=\"ui-pdp-family--REGULAR ui-pdp-list__text\"><span class=\"ui-pdp-color--BLACK ui-pdp-size--XSMALL ui-pdp-family--BOLD\">Incluye bomba de aire<\/span>: No<\/p>\n<\/li>\n<\/ul>\n<ul class=\"ui-pdp-list__wrapper\">\n<li class=\"ui-pdp-list__item\">\n<p class=\"ui-pdp-family--REGULAR ui-pdp-list__text\"><span class=\"ui-pdp-color--BLACK ui-pdp-size--XSMALL ui-pdp-family--BOLD\">Incluye almohadas<\/span>: S\u00ed<\/p>\n<\/li>\n<li class=\"ui-pdp-list__item\">\n<p class=\"ui-pdp-family--REGULAR ui-pdp-list__text\"><span class=\"ui-pdp-color--BLACK ui-pdp-size--XSMALL ui-pdp-family--BOLD\">Material<\/span>: TPU<\/p>\n<\/li>\n<\/ul>\n<ul class=\"ui-pdp-list__wrapper\">\n<li class=\"ui-pdp-list__item\">\n<p class=\"ui-pdp-family--REGULAR ui-pdp-list__text\"><span class=\"ui-pdp-color--BLACK ui-pdp-size--XSMALL ui-pdp-family--BOLD\">Peso m\u00e1ximo soportado<\/span>: 120 kg<\/p>\n<\/li>\n<li class=\"ui-pdp-list__item\">\n<p class=\"ui-pdp-family--REGULAR ui-pdp-list__text\"><span class=\"ui-pdp-color--BLACK ui-pdp-size--XSMALL ui-pdp-family--BOLD\">Peso<\/span>: 739 kg<\/p>\n<\/li>\n<\/ul>\n<\/div>\n<\/div>\n<\/div>\n<div class=\"ui-pdp-container__row ui-pdp-container__row--description\">\n<div class=\"ui-pdp-description\">\n<h2 class=\"ui-pdp-description__title\">Descripci\u00f3n<\/h2>\n<p class=\"ui-pdp-description__content\">COLCH\u00d3N INFLABLE CAMPAMENTO CAMPING &#8211; ULTRACOMPACTO &#8211; EL MAS LIGERO DE TODOS<\/p>\n<p>&gt;&gt;&gt; Su dise\u00f1o hexagonal brinda un soporte excepcional al cuerpo para que descanses al 100% &lt;&lt;&lt;<\/p>\n<p>&#8211; &#8211; &gt; ULTRALIGERO (740 grs)<br \/>\n&#8211; &#8211; &gt; ULTRA COMPACTO y practico, ll\u00e9valo a cualquier parte.<br \/>\n&#8211; &#8211; &gt; F\u00c1CIL DE INFLAR: Inflalo con la boca con solo 18 soplidos o menos.<br \/>\n&#8211; &#8211; &gt; SUPER COMODO: gracias a su tecnolog\u00eda basada en hex\u00e1gonos.<br \/>\n&#8211; &#8211; &gt; \u00daNICO CON ALMOHADA INTEGRADA.<\/p>\n<\/div>\n<p><img fetchpriority=\"high\" decoding=\"async\" class=\"alignnone size-full wp-image-52488\" src=\"https:\/\/bodegaoutdoor.cl\/store\/wp-content\/uploads\/2022\/01\/Carpa-Iglu-Nautika-Panda-3.jpg\" alt=\"\" width=\"960\" height=\"960\" srcset=\"https:\/\/bodegaoutdoor.cl\/store\/wp-content\/uploads\/2022\/01\/Carpa-Iglu-Nautika-Panda-3.jpg 960w, https:\/\/bodegaoutdoor.cl\/store\/wp-content\/uploads\/2022\/01\/Carpa-Iglu-Nautika-Panda-3-300x300.jpg 300w, https:\/\/bodegaoutdoor.cl\/store\/wp-content\/uploads\/2022\/01\/Carpa-Iglu-Nautika-Panda-3-100x100.jpg 100w, https:\/\/bodegaoutdoor.cl\/store\/wp-content\/uploads\/2022\/01\/Carpa-Iglu-Nautika-Panda-3-600x600.jpg 600w, https:\/\/bodegaoutdoor.cl\/store\/wp-content\/uploads\/2022\/01\/Carpa-Iglu-Nautika-Panda-3-150x150.jpg 150w, https:\/\/bodegaoutdoor.cl\/store\/wp-content\/uploads\/2022\/01\/Carpa-Iglu-Nautika-Panda-3-768x768.jpg 768w\" sizes=\"(max-width: 960px) 100vw, 960px\" \/> <img decoding=\"async\" class=\"alignnone size-full wp-image-52486\" src=\"https:\/\/bodegaoutdoor.cl\/store\/wp-content\/uploads\/2022\/01\/261841647_6765049180202582_5774769276427476191_n.jpg\" alt=\"\" width=\"960\" height=\"960\" srcset=\"https:\/\/bodegaoutdoor.cl\/store\/wp-content\/uploads\/2022\/01\/261841647_6765049180202582_5774769276427476191_n.jpg 960w, https:\/\/bodegaoutdoor.cl\/store\/wp-content\/uploads\/2022\/01\/261841647_6765049180202582_5774769276427476191_n-300x300.jpg 300w, https:\/\/bodegaoutdoor.cl\/store\/wp-content\/uploads\/2022\/01\/261841647_6765049180202582_5774769276427476191_n-100x100.jpg 100w, https:\/\/bodegaoutdoor.cl\/store\/wp-content\/uploads\/2022\/01\/261841647_6765049180202582_5774769276427476191_n-600x600.jpg 600w, https:\/\/bodegaoutdoor.cl\/store\/wp-content\/uploads\/2022\/01\/261841647_6765049180202582_5774769276427476191_n-150x150.jpg 150w, https:\/\/bodegaoutdoor.cl\/store\/wp-content\/uploads\/2022\/01\/261841647_6765049180202582_5774769276427476191_n-768x768.jpg 768w\" sizes=\"(max-width: 960px) 100vw, 960px\" \/> <img decoding=\"async\" class=\"alignnone size-full wp-image-52487\" src=\"https:\/\/bodegaoutdoor.cl\/store\/wp-content\/uploads\/2022\/01\/265934800_7494942653864698_2326736395476163632_n.jpg\" alt=\"\" width=\"765\" height=\"960\" srcset=\"https:\/\/bodegaoutdoor.cl\/store\/wp-content\/uploads\/2022\/01\/265934800_7494942653864698_2326736395476163632_n.jpg 765w, https:\/\/bodegaoutdoor.cl\/store\/wp-content\/uploads\/2022\/01\/265934800_7494942653864698_2326736395476163632_n-600x753.jpg 600w\" sizes=\"(max-width: 765px) 100vw, 765px\" \/><\/p>\n<\/div>\n\n    <div class=\"xs_social_share_widget xs_share_url after_content \t\tmain_content  wslu-style-1 wslu-share-box-shaped wslu-fill-colored wslu-none wslu-share-horizontal wslu-theme-font-no wslu-main_content\">\n\n\t\t\n        <ul>\n\t\t\t        <\/ul>\n    <\/div> \n","protected":false},"excerpt":{"rendered":"<p>Altura x Largo x Ancho: 5 cm x 198 cm x 59 cm Incluye bomba de aire: No Incluye almohadas: S\u00ed Material: TPU Peso m\u00e1ximo soportado: 120 kg Peso: 739 kg Descripci\u00f3n COLCH\u00d3N INFLABLE CAMPAMENTO CAMPING &#8211; ULTRACOMPACTO &#8211; EL MAS LIGERO DE TODOS &gt;&gt;&gt; Su dise\u00f1o hexagonal brinda un soporte excepcional al cuerpo para [&hellip;]<\/p>\n","protected":false},"featured_media":52487,"comment_status":"open","ping_status":"closed","template":"","meta":{"jetpack_publicize_message":"","jetpack_publicize_feature_enabled":true,"jetpack_social_post_already_shared":true,"jetpack_social_options":{"image_generator_settings":{"template":"highway","enabled":false},"version":2}},"product_brand":[],"product_cat":[15],"product_tag":[909],"class_list":{"0":"post-52484","1":"product","2":"type-product","3":"status-publish","4":"has-post-thumbnail","6":"product_cat-otros","7":"product_tag-trekking","9":"first","10":"instock","11":"taxable","12":"shipping-taxable","13":"purchasable","14":"product-type-simple"},"jetpack_publicize_connections":[],"jetpack_sharing_enabled":true,"_links":{"self":[{"href":"https:\/\/bodegaoutdoor.cl\/store\/wp-json\/wp\/v2\/product\/52484","targetHints":{"allow":["GET"]}}],"collection":[{"href":"https:\/\/bodegaoutdoor.cl\/store\/wp-json\/wp\/v2\/product"}],"about":[{"href":"https:\/\/bodegaoutdoor.cl\/store\/wp-json\/wp\/v2\/types\/product"}],"replies":[{"embeddable":true,"href":"https:\/\/bodegaoutdoor.cl\/store\/wp-json\/wp\/v2\/comments?post=52484"}],"version-history":[{"count":2,"href":"https:\/\/bodegaoutdoor.cl\/store\/wp-json\/wp\/v2\/product\/52484\/revisions"}],"predecessor-version":[{"id":62607,"href":"https:\/\/bodegaoutdoor.cl\/store\/wp-json\/wp\/v2\/product\/52484\/revisions\/62607"}],"wp:featuredmedia":[{"embeddable":true,"href":"https:\/\/bodegaoutdoor.cl\/store\/wp-json\/wp\/v2\/media\/52487"}],"wp:attachment":[{"href":"https:\/\/bodegaoutdoor.cl\/store\/wp-json\/wp\/v2\/media?parent=52484"}],"wp:term":[{"taxonomy":"product_brand","embeddable":true,"href":"https:\/\/bodegaoutdoor.cl\/store\/wp-json\/wp\/v2\/product_brand?post=52484"},{"taxonomy":"product_cat","embeddable":true,"href":"https:\/\/bodegaoutdoor.cl\/store\/wp-json\/wp\/v2\/product_cat?post=52484"},{"taxonomy":"product_tag","embeddable":true,"href":"https:\/\/bodegaoutdoor.cl\/store\/wp-json\/wp\/v2\/product_tag?post=52484"}],"curies":[{"name":"wp","href":"https:\/\/api.w.org\/{rel}","templated":true}]}}