{"id":52490,"date":"2022-01-08T15:09:29","date_gmt":"2022-01-08T18:09:29","guid":{"rendered":"https:\/\/bodegaoutdoor.cl\/store\/product\/mrerdith-senuelo-iscas-de-senuelos-pesca-jerk-minnow-100f-14g-wobbler-flotante-24-colores-cebo-duro-calidad-profesional-depth0-8-10m-isca-artificial-frete-gratis-black-minnow\/"},"modified":"2023-05-04T19:18:50","modified_gmt":"2023-05-04T23:18:50","slug":"mrerdith-senuelo-iscas-de-senuelos-pesca-jerk-minnow-100f-14g-wobbler-flotante-24-colores-cebo-duro-calidad-profesional-depth0-8-10m-isca-artificial-frete-gratis-black-minnow","status":"publish","type":"product","link":"https:\/\/bodegaoutdoor.cl\/store\/product\/mrerdith-senuelo-iscas-de-senuelos-pesca-jerk-minnow-100f-14g-wobbler-flotante-24-colores-cebo-duro-calidad-profesional-depth0-8-10m-isca-artificial-frete-gratis-black-minnow\/","title":{"rendered":"MRERDITH-se\u00f1uelo iscas de se\u00f1uelos pesca JERK MINNOW 100F 14g, Wobbler flotante, 24 colores, cebo duro, calidad profesional Depth0.8-1,0m isca artificial frete gratis black minnow"},"content":{"rendered":"<p style=\"text-align: center;\"><video style=\"max-width: 100%;\" src=\"\/\/cloud.video.taobao.com\/play\/u\/278045112\/p\/1\/e\/6\/t\/10301\/284244976218.mp4\" poster=\"https:\/\/ae01.alicdn.com\/kf\/H8934cc8879c7442784d0a1dc0b09a7433\/MRERDITH-se-uelo-iscas-de-se-uelos-pesca-JERK-MINNOW-100F-14g-Wobbler-flotante-24-colores.jpg,https:\/\/ae01.alicdn.com\/kf\/H955048687b8142fdbd427f2ead34db43A\/MRERDITH-se-uelo-iscas-de-se-uelos-pesca-JERK-MINNOW-100F-14g-Wobbler-flotante-24-colores.jpg,https:\/\/ae01.alicdn.com\/kf\/H2b6768ee33f84adaa6945487bdcc0c65e\/MRERDITH-se-uelo-iscas-de-se-uelos-pesca-JERK-MINNOW-100F-14g-Wobbler-flotante-24-colores.jpg,https:\/\/ae01.alicdn.com\/kf\/Hca1cb6d5115e473b8813c2beca8f64acb\/MRERDITH-se-uelo-iscas-de-se-uelos-pesca-JERK-MINNOW-100F-14g-Wobbler-flotante-24-colores.jpg,https:\/\/ae01.alicdn.com\/kf\/H7f10c078bad844b6b75eca64e282e693J\/MRERDITH-se-uelo-iscas-de-se-uelos-pesca-JERK-MINNOW-100F-14g-Wobbler-flotante-24-colores.jpg,https:\/\/ae01.alicdn.com\/kf\/Hc57354f73bc542c78f9dae9db7d046e5H\/MRERDITH-se-uelo-iscas-de-se-uelos-pesca-JERK-MINNOW-100F-14g-Wobbler-flotante-24-colores.jpg\" preload=\"auto\" controls=\"controls\" width=\"100%\" height=\"100%\"><\/video><\/p>\n<div>\n<div>\n<div><\/div>\n<div>\n<div>\n<div><span style=\"font-size: 26px;\"><strong>Caracter\u00edsticas del producto:<\/strong><\/span><\/div>\n<div><span style=\"font-size: 22px;\">1. CDMA 2x anzuelos triples fuertes: est\u00e1 armado con anzuelos de meredithe, potencia m\u00e1s fuerte, duradero, agua de mar de agua dulce universal.<\/span><\/div>\n<div><span style=\"font-size: 22px;\">2. Piel de pez de simulaci\u00f3n (l\u00e1ser): el dise\u00f1o de la piel de pez de simulaci\u00f3n la hace m\u00e1s atractiva para los peces grandes.<\/span><\/div>\n<div><span style=\"font-size: 22px;\">3. Anillos bic\u00edclicos m\u00e1s fuertes: fortalece el doble c\u00edrculo y aumenta la resistencia a tirar.<\/span><\/div>\n<div><span style=\"font-size: 22px;\">4.3 ojos de pez: ojos de simulaci\u00f3n 3D, grande y brillantes, m\u00e1s tentadores, mejore reflectantes.<\/span><\/div>\n<div><span style=\"font-size: 22px;\">5. Embalaje del producto: Cada cebo se embala en una bonita caja de pvc.<\/span><\/div>\n<\/div>\n<\/div>\n<div>\n<div>\n<div><span style=\"font-size: 26px;\"><strong>Detalles del producto:<\/strong><\/span><\/div>\n<div><span style=\"font-size: 22px;\">Marca: MEREDITH<\/span><\/div>\n<div><span style=\"font-size: 22px;\">Se\u00f1uelo modelo: JBR-100F<\/span><\/div>\n<div><span style=\"font-size: 22px;\">Tipo de se\u00f1uelo: pececillo F<\/span><\/div>\n<div><span style=\"font-size: 22px;\">Peso del se\u00f1uelo: 14g\/0,49 oz<\/span><\/div>\n<div><span style=\"font-size: 22px;\">Longitud del se\u00f1uelo: 10cm\/3,94 pulgadas<\/span><\/div>\n<div><span style=\"font-size: 22px;\">Anzuelos: Equipado con 2 anzuelos<\/span><\/div>\n<div><span style=\"font-size: 22px;\">Ojos: ojos de pez 3D<\/span><\/div>\n<div><span style=\"font-size: 22px;\">Anillos: anillos planos de Minnie<\/span><\/div>\n<div><span style=\"font-size: 22px;\">Colores: 24<\/span><\/div>\n<div><span style=\"font-size: 22px;\">Caracter\u00edstica: de peso fijo<\/span><\/div>\n<\/div>\n<\/div>\n<div><img decoding=\"async\" style=\"margin-bottom: 10px;\" title=\"MRERDITH-se\u00f1uelo iscas de se\u00f1uelos pesca JERK MINNOW 100F 14g, Wobbler flotante, 24 colores, cebo duro, calidad profesional Depth0.8-1,0m isca artificial frete gratis black minnow\" src=\"https:\/\/bodegaoutdoor.cl\/store\/wp-content\/uploads\/2022\/01\/52490-dmhaox.jpg\" alt=\"MRERDITH-se\u00f1uelo iscas de se\u00f1uelos pesca JERK MINNOW 100F 14g, Wobbler flotante, 24 colores, cebo duro, calidad profesional Depth0.8-1,0m isca artificial frete gratis black minnow\" \/><img decoding=\"async\" title=\"MRERDITH-se\u00f1uelo iscas de se\u00f1uelos pesca JERK MINNOW 100F 14g, Wobbler flotante, 24 colores, cebo duro, calidad profesional Depth0.8-1,0m isca artificial frete gratis black minnow\" src=\"https:\/\/bodegaoutdoor.cl\/store\/wp-content\/uploads\/2022\/01\/52490-qx6nhb.jpg\" alt=\"MRERDITH-se\u00f1uelo iscas de se\u00f1uelos pesca JERK MINNOW 100F 14g, Wobbler flotante, 24 colores, cebo duro, calidad profesional Depth0.8-1,0m isca artificial frete gratis black minnow\" \/><img decoding=\"async\" style=\"margin-bottom: 10px;\" title=\"MRERDITH-se\u00f1uelo iscas de se\u00f1uelos pesca JERK MINNOW 100F 14g, Wobbler flotante, 24 colores, cebo duro, calidad profesional Depth0.8-1,0m isca artificial frete gratis black minnow\" src=\"https:\/\/bodegaoutdoor.cl\/store\/wp-content\/uploads\/2022\/01\/52490-i7dtgu.jpg\" alt=\"MRERDITH-se\u00f1uelo iscas de se\u00f1uelos pesca JERK MINNOW 100F 14g, Wobbler flotante, 24 colores, cebo duro, calidad profesional Depth0.8-1,0m isca artificial frete gratis black minnow\" \/><img decoding=\"async\" title=\"MRERDITH-se\u00f1uelo iscas de se\u00f1uelos pesca JERK MINNOW 100F 14g, Wobbler flotante, 24 colores, cebo duro, calidad profesional Depth0.8-1,0m isca artificial frete gratis black minnow\" src=\"https:\/\/bodegaoutdoor.cl\/store\/wp-content\/uploads\/2022\/01\/52490-beszin.jpg\" alt=\"MRERDITH-se\u00f1uelo iscas de se\u00f1uelos pesca JERK MINNOW 100F 14g, Wobbler flotante, 24 colores, cebo duro, calidad profesional Depth0.8-1,0m isca artificial frete gratis black minnow\" \/><img decoding=\"async\" title=\"MRERDITH-se\u00f1uelo iscas de se\u00f1uelos pesca JERK MINNOW 100F 14g, Wobbler flotante, 24 colores, cebo duro, calidad profesional Depth0.8-1,0m isca artificial frete gratis black minnow\" src=\"https:\/\/bodegaoutdoor.cl\/store\/wp-content\/uploads\/2022\/01\/52490-qmyftm.jpg\" alt=\"MRERDITH-se\u00f1uelo iscas de se\u00f1uelos pesca JERK MINNOW 100F 14g, Wobbler flotante, 24 colores, cebo duro, calidad profesional Depth0.8-1,0m isca artificial frete gratis black minnow\" \/><img decoding=\"async\" title=\"MRERDITH-se\u00f1uelo iscas de se\u00f1uelos pesca JERK MINNOW 100F 14g, Wobbler flotante, 24 colores, cebo duro, calidad profesional Depth0.8-1,0m isca artificial frete gratis black minnow\" src=\"https:\/\/bodegaoutdoor.cl\/store\/wp-content\/uploads\/2022\/01\/52490-cuyd4x.jpg\" alt=\"MRERDITH-se\u00f1uelo iscas de se\u00f1uelos pesca JERK MINNOW 100F 14g, Wobbler flotante, 24 colores, cebo duro, calidad profesional Depth0.8-1,0m isca artificial frete gratis black minnow\" \/><img decoding=\"async\" title=\"MRERDITH-se\u00f1uelo iscas de se\u00f1uelos pesca JERK MINNOW 100F 14g, Wobbler flotante, 24 colores, cebo duro, calidad profesional Depth0.8-1,0m isca artificial frete gratis black minnow\" src=\"https:\/\/bodegaoutdoor.cl\/store\/wp-content\/uploads\/2022\/01\/52490-v0mrql.jpg\" alt=\"MRERDITH-se\u00f1uelo iscas de se\u00f1uelos pesca JERK MINNOW 100F 14g, Wobbler flotante, 24 colores, cebo duro, calidad profesional Depth0.8-1,0m isca artificial frete gratis black minnow\" \/><img decoding=\"async\" title=\"MRERDITH-se\u00f1uelo iscas de se\u00f1uelos pesca JERK MINNOW 100F 14g, Wobbler flotante, 24 colores, cebo duro, calidad profesional Depth0.8-1,0m isca artificial frete gratis black minnow\" src=\"https:\/\/bodegaoutdoor.cl\/store\/wp-content\/uploads\/2022\/01\/52490-dqbwkd.jpg\" alt=\"MRERDITH-se\u00f1uelo iscas de se\u00f1uelos pesca JERK MINNOW 100F 14g, Wobbler flotante, 24 colores, cebo duro, calidad profesional Depth0.8-1,0m isca artificial frete gratis black minnow\" \/><\/div>\n<div><img decoding=\"async\" title=\"MRERDITH-se\u00f1uelo iscas de se\u00f1uelos pesca JERK MINNOW 100F 14g, Wobbler flotante, 24 colores, cebo duro, calidad profesional Depth0.8-1,0m isca artificial frete gratis black minnow\" src=\"https:\/\/bodegaoutdoor.cl\/store\/wp-content\/uploads\/2022\/01\/52490-71lwdg.jpg\" alt=\"MRERDITH-se\u00f1uelo iscas de se\u00f1uelos pesca JERK MINNOW 100F 14g, Wobbler flotante, 24 colores, cebo duro, calidad profesional Depth0.8-1,0m isca artificial frete gratis black minnow\" \/><img decoding=\"async\" title=\"MRERDITH-se\u00f1uelo iscas de se\u00f1uelos pesca JERK MINNOW 100F 14g, Wobbler flotante, 24 colores, cebo duro, calidad profesional Depth0.8-1,0m isca artificial frete gratis black minnow\" src=\"https:\/\/bodegaoutdoor.cl\/store\/wp-content\/uploads\/2022\/01\/52490-9wzoyl.jpg\" alt=\"MRERDITH-se\u00f1uelo iscas de se\u00f1uelos pesca JERK MINNOW 100F 14g, Wobbler flotante, 24 colores, cebo duro, calidad profesional Depth0.8-1,0m isca artificial frete gratis black minnow\" \/><img decoding=\"async\" title=\"MRERDITH-se\u00f1uelo iscas de se\u00f1uelos pesca JERK MINNOW 100F 14g, Wobbler flotante, 24 colores, cebo duro, calidad profesional Depth0.8-1,0m isca artificial frete gratis black minnow\" src=\"https:\/\/bodegaoutdoor.cl\/store\/wp-content\/uploads\/2022\/01\/52490-jlhvge.jpg\" alt=\"MRERDITH-se\u00f1uelo iscas de se\u00f1uelos pesca JERK MINNOW 100F 14g, Wobbler flotante, 24 colores, cebo duro, calidad profesional Depth0.8-1,0m isca artificial frete gratis black minnow\" \/><img decoding=\"async\" title=\"MRERDITH-se\u00f1uelo iscas de se\u00f1uelos pesca JERK MINNOW 100F 14g, Wobbler flotante, 24 colores, cebo duro, calidad profesional Depth0.8-1,0m isca artificial frete gratis black minnow\" src=\"https:\/\/bodegaoutdoor.cl\/store\/wp-content\/uploads\/2022\/01\/52490-uoxrtr.jpg\" alt=\"MRERDITH-se\u00f1uelo iscas de se\u00f1uelos pesca JERK MINNOW 100F 14g, Wobbler flotante, 24 colores, cebo duro, calidad profesional Depth0.8-1,0m isca artificial frete gratis black minnow\" \/><\/div>\n<div><\/div>\n<p>&nbsp;<\/p>\n<\/div>\n<\/div>\n\n    <div class=\"xs_social_share_widget xs_share_url after_content \t\tmain_content  wslu-style-1 wslu-share-box-shaped wslu-fill-colored wslu-none wslu-share-horizontal wslu-theme-font-no wslu-main_content\">\n\n\t\t\n        <ul>\n\t\t\t        <\/ul>\n    <\/div> \n","protected":false},"excerpt":{"rendered":"<p>Caracter\u00edsticas del producto: 1. CDMA 2x anzuelos triples fuertes: est\u00e1 armado con anzuelos de meredithe, potencia m\u00e1s fuerte, duradero, agua de mar de agua dulce universal. 2. Piel de pez de simulaci\u00f3n (l\u00e1ser): el dise\u00f1o de la piel de pez de simulaci\u00f3n la hace m\u00e1s atractiva para los peces grandes. 3. Anillos bic\u00edclicos m\u00e1s fuertes: [&hellip;]<\/p>\n","protected":false},"featured_media":52539,"comment_status":"open","ping_status":"closed","template":"","meta":{"jetpack_publicize_message":"","jetpack_publicize_feature_enabled":true,"jetpack_social_post_already_shared":true,"jetpack_social_options":{"image_generator_settings":{"template":"highway","enabled":false},"version":2}},"product_brand":[],"product_cat":[957],"product_tag":[],"class_list":{"0":"post-52490","1":"product","2":"type-product","3":"status-publish","4":"has-post-thumbnail","6":"product_cat-pesca","8":"first","9":"instock","10":"taxable","11":"shipping-taxable","12":"purchasable","13":"product-type-variable"},"jetpack_publicize_connections":[],"jetpack_sharing_enabled":true,"_links":{"self":[{"href":"https:\/\/bodegaoutdoor.cl\/store\/wp-json\/wp\/v2\/product\/52490","targetHints":{"allow":["GET"]}}],"collection":[{"href":"https:\/\/bodegaoutdoor.cl\/store\/wp-json\/wp\/v2\/product"}],"about":[{"href":"https:\/\/bodegaoutdoor.cl\/store\/wp-json\/wp\/v2\/types\/product"}],"replies":[{"embeddable":true,"href":"https:\/\/bodegaoutdoor.cl\/store\/wp-json\/wp\/v2\/comments?post=52490"}],"version-history":[{"count":1,"href":"https:\/\/bodegaoutdoor.cl\/store\/wp-json\/wp\/v2\/product\/52490\/revisions"}],"predecessor-version":[{"id":70964,"href":"https:\/\/bodegaoutdoor.cl\/store\/wp-json\/wp\/v2\/product\/52490\/revisions\/70964"}],"wp:featuredmedia":[{"embeddable":true,"href":"https:\/\/bodegaoutdoor.cl\/store\/wp-json\/wp\/v2\/media\/52539"}],"wp:attachment":[{"href":"https:\/\/bodegaoutdoor.cl\/store\/wp-json\/wp\/v2\/media?parent=52490"}],"wp:term":[{"taxonomy":"product_brand","embeddable":true,"href":"https:\/\/bodegaoutdoor.cl\/store\/wp-json\/wp\/v2\/product_brand?post=52490"},{"taxonomy":"product_cat","embeddable":true,"href":"https:\/\/bodegaoutdoor.cl\/store\/wp-json\/wp\/v2\/product_cat?post=52490"},{"taxonomy":"product_tag","embeddable":true,"href":"https:\/\/bodegaoutdoor.cl\/store\/wp-json\/wp\/v2\/product_tag?post=52490"}],"curies":[{"name":"wp","href":"https:\/\/api.w.org\/{rel}","templated":true}]}}