{"id":52691,"date":"2022-01-08T16:03:47","date_gmt":"2022-01-08T19:03:47","guid":{"rendered":"https:\/\/bodegaoutdoor.cl\/store\/product\/ghotda-juego-completo-de-cana-de-pescar-telescopica-carrete-de-pesca-izquierdo-derecho-juego-combinado-de-cana-y-carrete\/"},"modified":"2023-05-04T19:18:50","modified_gmt":"2023-05-04T23:18:50","slug":"ghotda-kit-pesca-cana-telescopica-carrete-de-pesca-izquierdo-derecho-juego-combinado-de-cana-y-carrete","status":"publish","type":"product","link":"https:\/\/bodegaoutdoor.cl\/store\/product\/ghotda-kit-pesca-cana-telescopica-carrete-de-pesca-izquierdo-derecho-juego-combinado-de-cana-y-carrete\/","title":{"rendered":"GHOTDA-Kit Pesca ca\u00f1a telesc\u00f3pica, carrete de pesca izquierdo\/Derecho, juego combinado de ca\u00f1a y carrete"},"content":{"rendered":"<div><\/div>\n<div>\n<div>\n<div>\n<div><\/div>\n<p>&nbsp;<\/p>\n<div style=\"border: 1pt solid windowtext; padding: 1pt 4pt 1pt 4em;\">\n<p style=\"border: none; padding: 0cm 0cm 0cm 0em;\"><strong><span style=\"font-size: 15pt;\"><span style=\"font-size: 26px;\">Kit completo de pesca GHOTDA, juego de ca\u00f1as de pescar telesc\u00f3picas, carrete de pesca izquierdo\/Derecho, juego combinado de ca\u00f1as de pescar y carretes<\/span><\/span><\/strong><strong><span style=\"font-size: 15pt;\"><br \/>\n<\/span><\/strong><strong><span style=\"font-size: 15pt;\">Varilla:<\/span><\/strong><\/p>\n<p style=\"border: none; padding: 0cm 0cm 0cm 0em;\"><span style=\"font-size: 12pt;\">Material: fibra de carbono<\/span><\/p>\n<p style=\"border: none; padding: 0cm 0cm 0cm 0em;\"><span style=\"font-size: 12pt;\">Longitud Total: 1,3 M\/1,5 M\/1,8 M<\/span><\/p>\n<p style=\"border: none; padding: 0cm 0cm 0cm 0em;\"><span style=\"font-size: 12pt;\">Longitud cerrada (CM): 38\/39\/39<\/span><\/p>\n<p style=\"border: none; padding: 0cm 0cm 0cm 0em;\"><span style=\"font-size: 12pt;\">Secci\u00f3n: 5 \/ 6 \/ 7<\/span><\/p>\n<p style=\"border: none; padding: 0cm 0cm 0cm 0em;\"><span style=\"font-size: 12pt;\">Color: azul Lago\/azul<\/span><\/p>\n<p style=\"border: none; padding: 0cm 0cm 0cm 0em;\"><span style=\"font-size: 12pt;\">Mango: fundici\u00f3n\/hilado (opcional)<\/span><\/p>\n<p style=\"border: none; padding: 0cm 0cm 0cm 0em;\"><span style=\"font-size: 12pt;\">Anillo gu\u00eda: cer\u00e1mica<\/span><\/p>\n<p style=\"border: none; padding: 0cm 0cm 0cm 0em;\"><span style=\"font-size: 12pt;\">* Lugar de pesca: orilla del r\u00edo, lago, Arroyo, estanque<\/span><\/p>\n<p style=\"border: none; padding: 0cm 0cm 0cm 0em;\"><span style=\"font-size: 12pt;\">* Peque\u00f1o, port\u00e1til, ligero, tama\u00f1o peque\u00f1o pero de gran resistencia.<\/span><\/p>\n<p style=\"border: none; padding: 0cm 0cm 0cm 0em;\"><span style=\"font-size: 12pt;\">* El anillo gu\u00eda de cer\u00e1mica no da\u00f1a f\u00e1cilmente el sedal.<\/span><\/p>\n<p style=\"border: none; padding: 0cm 0cm 0cm 0em;\"><span style=\"font-size: 12pt;\">* Asiento de rueda estable tipo tornillo.<\/span><\/p>\n<p style=\"border: none; padding: 0cm 0cm 0cm 0em;\"><strong><span style=\"font-size: 15pt;\">Carrete:<\/span><\/strong><span style=\"font-size: 12pt;\"><br \/>\nModelo: GF, izquierda\/derecha (opcional)<\/span><\/p>\n<p style=\"border: none; padding: 0cm 0cm 0cm 0em;\"><span style=\"font-size: 12pt;\">Copa de alambre: Todo metal<\/span><\/p>\n<p style=\"border: none; padding: 0cm 0cm 0cm 0em;\"><span style=\"font-size: 12pt;\">Brazo basculante: metal CNC<\/span><\/p>\n<p style=\"border: none; padding: 0cm 0cm 0cm 0em;\"><span style=\"font-size: 12pt;\">Rodamiento de bolas: 17 + 1BB<\/span><\/p>\n<p style=\"border: none; padding: 0cm 0cm 0cm 0em;\"><span style=\"font-size: 12pt;\">Relaci\u00f3n de transmisi\u00f3n: 7,2: 1<\/span><\/p>\n<p style=\"border: none; padding: 0cm 0cm 0cm 0em;\"><span style=\"font-size: 12pt;\">Resistencia m\u00e1xima: 8 KG<\/span><\/p>\n<p style=\"border: none; padding: 0cm 0cm 0cm 0em;\"><span style=\"font-size: 12pt;\">Peso del cebo: 3-25 gramos<\/span><\/p>\n<p style=\"border: none; padding: 0cm 0cm 0cm 0em;\"><span style=\"font-size: 12pt;\">Tipo de carrete de pesca: carrete de lanzamiento de cebo<\/span><\/p>\n<p style=\"border: none; padding: 0cm 0cm 0cm 0em;\"><span style=\"font-size: 12pt;\">Capacidad de la l\u00ednea (mm\/M): 0,28\/120, 0,30\/100<\/span><\/p>\n<p style=\"border: none; padding: 0cm 0cm 0cm 0em;\"><span style=\"font-size: 12pt;\">* Carrete de metal CNC, funcionando sin problemas y con salida suave.<\/span><\/p>\n<p style=\"border: none; padding: 0cm 0cm 0cm 0em;\"><span style=\"font-size: 12pt;\">* El anillo gu\u00eda de cer\u00e1mica, m\u00e1s suave y resistente al calor, no da\u00f1a la l\u00ednea.<\/span><\/p>\n<p style=\"border: none; padding: 0cm 0cm 0cm 0em;\"><span style=\"font-size: 12pt;\">* 8KG de fuerza de tracci\u00f3n m\u00e1xima, adecuada para pescar peces grandes.<\/span><\/p>\n<p style=\"border: none; padding: 0cm 0cm 0cm 0em;\"><span style=\"font-size: 12pt;\">* Freno magn\u00e9tico de 12 velocidades, operaci\u00f3n flexible y conveniente, adecuado para la pesca en balsa.<\/span><\/p>\n<p style=\"border: none; padding: 0cm 0cm 0cm 0em;\"><strong><span style=\"font-size: 15pt;\">El paquete incluye:<\/span><\/strong><span style=\"font-size: 12pt;\"><br \/>\nJuego 1: 1 varilla + 1 carrete<\/span><\/p>\n<p>Juego 2: 1 ud. Varilla<\/p>\n<\/div>\n<p>&nbsp;<\/p>\n<p><img decoding=\"async\" title=\"GHOTDA-juego completo de ca\u00f1a de pescar telesc\u00f3pica, carrete de pesca izquierdo\/Derecho, juego combinado de ca\u00f1a y carrete\" src=\"https:\/\/bodegaoutdoor.cl\/store\/wp-content\/uploads\/2022\/01\/52691-qxjdgg.jpg\" alt=\"GHOTDA-juego completo de ca\u00f1a de pescar telesc\u00f3pica, carrete de pesca izquierdo\/Derecho, juego combinado de ca\u00f1a y carrete\" \/><img decoding=\"async\" title=\"GHOTDA-juego completo de ca\u00f1a de pescar telesc\u00f3pica, carrete de pesca izquierdo\/Derecho, juego combinado de ca\u00f1a y carrete\" src=\"https:\/\/bodegaoutdoor.cl\/store\/wp-content\/uploads\/2022\/01\/52691-pkcwj0.jpg\" alt=\"GHOTDA-juego completo de ca\u00f1a de pescar telesc\u00f3pica, carrete de pesca izquierdo\/Derecho, juego combinado de ca\u00f1a y carrete\" \/><img decoding=\"async\" title=\"GHOTDA-juego completo de ca\u00f1a de pescar telesc\u00f3pica, carrete de pesca izquierdo\/Derecho, juego combinado de ca\u00f1a y carrete\" src=\"https:\/\/bodegaoutdoor.cl\/store\/wp-content\/uploads\/2022\/01\/52691-xz8f26.jpg\" alt=\"GHOTDA-juego completo de ca\u00f1a de pescar telesc\u00f3pica, carrete de pesca izquierdo\/Derecho, juego combinado de ca\u00f1a y carrete\" \/><img decoding=\"async\" title=\"GHOTDA-juego completo de ca\u00f1a de pescar telesc\u00f3pica, carrete de pesca izquierdo\/Derecho, juego combinado de ca\u00f1a y carrete\" src=\"https:\/\/bodegaoutdoor.cl\/store\/wp-content\/uploads\/2022\/01\/52691-3ostms.jpg\" alt=\"GHOTDA-juego completo de ca\u00f1a de pescar telesc\u00f3pica, carrete de pesca izquierdo\/Derecho, juego combinado de ca\u00f1a y carrete\" \/><img decoding=\"async\" title=\"GHOTDA-juego completo de ca\u00f1a de pescar telesc\u00f3pica, carrete de pesca izquierdo\/Derecho, juego combinado de ca\u00f1a y carrete\" src=\"https:\/\/bodegaoutdoor.cl\/store\/wp-content\/uploads\/2022\/01\/52691-ceilgw.jpg\" alt=\"GHOTDA-juego completo de ca\u00f1a de pescar telesc\u00f3pica, carrete de pesca izquierdo\/Derecho, juego combinado de ca\u00f1a y carrete\" \/><img decoding=\"async\" title=\"GHOTDA-juego completo de ca\u00f1a de pescar telesc\u00f3pica, carrete de pesca izquierdo\/Derecho, juego combinado de ca\u00f1a y carrete\" src=\"https:\/\/bodegaoutdoor.cl\/store\/wp-content\/uploads\/2022\/01\/52691-gjlivq.jpg\" alt=\"GHOTDA-juego completo de ca\u00f1a de pescar telesc\u00f3pica, carrete de pesca izquierdo\/Derecho, juego combinado de ca\u00f1a y carrete\" \/><img decoding=\"async\" title=\"GHOTDA-juego completo de ca\u00f1a de pescar telesc\u00f3pica, carrete de pesca izquierdo\/Derecho, juego combinado de ca\u00f1a y carrete\" src=\"https:\/\/bodegaoutdoor.cl\/store\/wp-content\/uploads\/2022\/01\/52691-wtnhv3.jpg\" alt=\"GHOTDA-juego completo de ca\u00f1a de pescar telesc\u00f3pica, carrete de pesca izquierdo\/Derecho, juego combinado de ca\u00f1a y carrete\" \/><img decoding=\"async\" title=\"GHOTDA-juego completo de ca\u00f1a de pescar telesc\u00f3pica, carrete de pesca izquierdo\/Derecho, juego combinado de ca\u00f1a y carrete\" src=\"https:\/\/bodegaoutdoor.cl\/store\/wp-content\/uploads\/2022\/01\/52691-latsgx.jpg\" alt=\"GHOTDA-juego completo de ca\u00f1a de pescar telesc\u00f3pica, carrete de pesca izquierdo\/Derecho, juego combinado de ca\u00f1a y carrete\" \/><img decoding=\"async\" title=\"GHOTDA-juego completo de ca\u00f1a de pescar telesc\u00f3pica, carrete de pesca izquierdo\/Derecho, juego combinado de ca\u00f1a y carrete\" src=\"https:\/\/bodegaoutdoor.cl\/store\/wp-content\/uploads\/2022\/01\/52691-hcu8jq.jpg\" alt=\"GHOTDA-juego completo de ca\u00f1a de pescar telesc\u00f3pica, carrete de pesca izquierdo\/Derecho, juego combinado de ca\u00f1a y carrete\" \/><img decoding=\"async\" title=\"GHOTDA-juego completo de ca\u00f1a de pescar telesc\u00f3pica, carrete de pesca izquierdo\/Derecho, juego combinado de ca\u00f1a y carrete\" src=\"https:\/\/bodegaoutdoor.cl\/store\/wp-content\/uploads\/2022\/01\/52691-smybcx.jpg\" alt=\"GHOTDA-juego completo de ca\u00f1a de pescar telesc\u00f3pica, carrete de pesca izquierdo\/Derecho, juego combinado de ca\u00f1a y carrete\" \/><img decoding=\"async\" title=\"GHOTDA-juego completo de ca\u00f1a de pescar telesc\u00f3pica, carrete de pesca izquierdo\/Derecho, juego combinado de ca\u00f1a y carrete\" src=\"https:\/\/bodegaoutdoor.cl\/store\/wp-content\/uploads\/2022\/01\/52691-rntn9w.jpg\" alt=\"GHOTDA-juego completo de ca\u00f1a de pescar telesc\u00f3pica, carrete de pesca izquierdo\/Derecho, juego combinado de ca\u00f1a y carrete\" \/><img decoding=\"async\" title=\"GHOTDA-juego completo de ca\u00f1a de pescar telesc\u00f3pica, carrete de pesca izquierdo\/Derecho, juego combinado de ca\u00f1a y carrete\" src=\"https:\/\/bodegaoutdoor.cl\/store\/wp-content\/uploads\/2022\/01\/52691-mik59t.jpg\" alt=\"GHOTDA-juego completo de ca\u00f1a de pescar telesc\u00f3pica, carrete de pesca izquierdo\/Derecho, juego combinado de ca\u00f1a y carrete\" \/><img decoding=\"async\" title=\"GHOTDA-juego completo de ca\u00f1a de pescar telesc\u00f3pica, carrete de pesca izquierdo\/Derecho, juego combinado de ca\u00f1a y carrete\" src=\"https:\/\/bodegaoutdoor.cl\/store\/wp-content\/uploads\/2022\/01\/52691-tdqagu.jpg\" alt=\"GHOTDA-juego completo de ca\u00f1a de pescar telesc\u00f3pica, carrete de pesca izquierdo\/Derecho, juego combinado de ca\u00f1a y carrete\" \/><\/p>\n<\/div>\n<p>&nbsp;<\/p>\n<\/div>\n<\/div>\n\n    <div class=\"xs_social_share_widget xs_share_url after_content \t\tmain_content  wslu-style-1 wslu-share-box-shaped wslu-fill-colored wslu-none wslu-share-horizontal wslu-theme-font-no wslu-main_content\">\n\n\t\t\n        <ul>\n\t\t\t        <\/ul>\n    <\/div> \n","protected":false},"excerpt":{"rendered":"<p>&nbsp; Kit completo de pesca GHOTDA, juego de ca\u00f1as de pescar telesc\u00f3picas, carrete de pesca izquierdo\/Derecho, juego combinado de ca\u00f1as de pescar y carretes Varilla: Material: fibra de carbono Longitud Total: 1,3 M\/1,5 M\/1,8 M Longitud cerrada (CM): 38\/39\/39 Secci\u00f3n: 5 \/ 6 \/ 7 Color: azul Lago\/azul Mango: fundici\u00f3n\/hilado (opcional) Anillo gu\u00eda: cer\u00e1mica * [&hellip;]<\/p>\n","protected":false},"featured_media":52728,"comment_status":"open","ping_status":"closed","template":"","meta":{"jetpack_publicize_message":"","jetpack_publicize_feature_enabled":true,"jetpack_social_post_already_shared":true,"jetpack_social_options":{"image_generator_settings":{"template":"highway","enabled":false},"version":2}},"product_brand":[],"product_cat":[957],"product_tag":[],"class_list":{"0":"post-52691","1":"product","2":"type-product","3":"status-publish","4":"has-post-thumbnail","6":"product_cat-pesca","8":"first","9":"instock","10":"sale","11":"taxable","12":"shipping-taxable","13":"purchasable","14":"product-type-variable"},"jetpack_publicize_connections":[],"jetpack_sharing_enabled":true,"_links":{"self":[{"href":"https:\/\/bodegaoutdoor.cl\/store\/wp-json\/wp\/v2\/product\/52691","targetHints":{"allow":["GET"]}}],"collection":[{"href":"https:\/\/bodegaoutdoor.cl\/store\/wp-json\/wp\/v2\/product"}],"about":[{"href":"https:\/\/bodegaoutdoor.cl\/store\/wp-json\/wp\/v2\/types\/product"}],"replies":[{"embeddable":true,"href":"https:\/\/bodegaoutdoor.cl\/store\/wp-json\/wp\/v2\/comments?post=52691"}],"version-history":[{"count":2,"href":"https:\/\/bodegaoutdoor.cl\/store\/wp-json\/wp\/v2\/product\/52691\/revisions"}],"predecessor-version":[{"id":70962,"href":"https:\/\/bodegaoutdoor.cl\/store\/wp-json\/wp\/v2\/product\/52691\/revisions\/70962"}],"wp:featuredmedia":[{"embeddable":true,"href":"https:\/\/bodegaoutdoor.cl\/store\/wp-json\/wp\/v2\/media\/52728"}],"wp:attachment":[{"href":"https:\/\/bodegaoutdoor.cl\/store\/wp-json\/wp\/v2\/media?parent=52691"}],"wp:term":[{"taxonomy":"product_brand","embeddable":true,"href":"https:\/\/bodegaoutdoor.cl\/store\/wp-json\/wp\/v2\/product_brand?post=52691"},{"taxonomy":"product_cat","embeddable":true,"href":"https:\/\/bodegaoutdoor.cl\/store\/wp-json\/wp\/v2\/product_cat?post=52691"},{"taxonomy":"product_tag","embeddable":true,"href":"https:\/\/bodegaoutdoor.cl\/store\/wp-json\/wp\/v2\/product_tag?post=52691"}],"curies":[{"name":"wp","href":"https:\/\/api.w.org\/{rel}","templated":true}]}}