{"id":52895,"date":"2022-01-08T21:52:54","date_gmt":"2022-01-09T00:52:54","guid":{"rendered":"https:\/\/bodegaoutdoor.cl\/store\/product\/rapala-urban-collection-gafas-de-sol-polaroid-luya-gran-oferta-pesca-2021\/"},"modified":"2023-05-04T19:18:49","modified_gmt":"2023-05-04T23:18:49","slug":"rapala-urban-collection-gafas-de-sol-polaroid-luya-gran-oferta-pesca-2021","status":"publish","type":"product","link":"https:\/\/bodegaoutdoor.cl\/store\/product\/rapala-urban-collection-gafas-de-sol-polaroid-luya-gran-oferta-pesca-2021\/","title":{"rendered":"Rapala Urban Collection-gafas de sol Polaroid Luya"},"content":{"rendered":"<div>\n<p style=\"font-family: 'OpenSans'; color: #000; font-weight: 900; font-size: 20px; line-height: 28px; margin-bottom: 12px;\">2021 Rapala Urban Collection Polaroid Luya pesca gran oferta gafas de sol<\/p>\n<\/div>\n<div><img decoding=\"async\" title=\"Rapala Urban Collection-gafas de sol Polaroid Luya, gran oferta, pesca, 2021\" src=\"https:\/\/bodegaoutdoor.cl\/store\/wp-content\/uploads\/2022\/01\/52895-rs4p15.jpg\" alt=\"Rapala Urban Collection-gafas de sol Polaroid Luya, gran oferta, pesca, 2021\" \/><img decoding=\"async\" title=\"Rapala Urban Collection-gafas de sol Polaroid Luya, gran oferta, pesca, 2021\" src=\"https:\/\/bodegaoutdoor.cl\/store\/wp-content\/uploads\/2022\/01\/52895-risv7g.jpg\" alt=\"Rapala Urban Collection-gafas de sol Polaroid Luya, gran oferta, pesca, 2021\" \/><img decoding=\"async\" title=\"Rapala Urban Collection-gafas de sol Polaroid Luya, gran oferta, pesca, 2021\" src=\"https:\/\/bodegaoutdoor.cl\/store\/wp-content\/uploads\/2022\/01\/52895-50ubqw.jpg\" alt=\"Rapala Urban Collection-gafas de sol Polaroid Luya, gran oferta, pesca, 2021\" \/><img decoding=\"async\" title=\"Rapala Urban Collection-gafas de sol Polaroid Luya, gran oferta, pesca, 2021\" src=\"https:\/\/bodegaoutdoor.cl\/store\/wp-content\/uploads\/2022\/01\/52895-izhpma.jpg\" alt=\"Rapala Urban Collection-gafas de sol Polaroid Luya, gran oferta, pesca, 2021\" \/><img decoding=\"async\" title=\"Rapala Urban Collection-gafas de sol Polaroid Luya, gran oferta, pesca, 2021\" src=\"https:\/\/bodegaoutdoor.cl\/store\/wp-content\/uploads\/2022\/01\/52895-weocbj.jpg\" alt=\"Rapala Urban Collection-gafas de sol Polaroid Luya, gran oferta, pesca, 2021\" \/><img decoding=\"async\" title=\"Rapala Urban Collection-gafas de sol Polaroid Luya, gran oferta, pesca, 2021\" src=\"https:\/\/bodegaoutdoor.cl\/store\/wp-content\/uploads\/2022\/01\/52895-icujkh.jpg\" alt=\"Rapala Urban Collection-gafas de sol Polaroid Luya, gran oferta, pesca, 2021\" \/><img decoding=\"async\" title=\"Rapala Urban Collection-gafas de sol Polaroid Luya, gran oferta, pesca, 2021\" src=\"https:\/\/bodegaoutdoor.cl\/store\/wp-content\/uploads\/2022\/01\/52895-l5gvyy.jpg\" alt=\"Rapala Urban Collection-gafas de sol Polaroid Luya, gran oferta, pesca, 2021\" \/><img decoding=\"async\" title=\"Rapala Urban Collection-gafas de sol Polaroid Luya, gran oferta, pesca, 2021\" src=\"https:\/\/bodegaoutdoor.cl\/store\/wp-content\/uploads\/2022\/01\/52895-6nfcbn.jpg\" alt=\"Rapala Urban Collection-gafas de sol Polaroid Luya, gran oferta, pesca, 2021\" \/><img decoding=\"async\" title=\"Rapala Urban Collection-gafas de sol Polaroid Luya, gran oferta, pesca, 2021\" src=\"https:\/\/bodegaoutdoor.cl\/store\/wp-content\/uploads\/2022\/01\/52895-h4xo6v.jpg\" alt=\"Rapala Urban Collection-gafas de sol Polaroid Luya, gran oferta, pesca, 2021\" \/><img decoding=\"async\" title=\"Rapala Urban Collection-gafas de sol Polaroid Luya, gran oferta, pesca, 2021\" src=\"https:\/\/bodegaoutdoor.cl\/store\/wp-content\/uploads\/2022\/01\/52895-tqe0zq.jpg\" alt=\"Rapala Urban Collection-gafas de sol Polaroid Luya, gran oferta, pesca, 2021\" \/><\/div>\n<div><img decoding=\"async\" title=\"Rapala Urban Collection-gafas de sol Polaroid Luya, gran oferta, pesca, 2021\" src=\"https:\/\/bodegaoutdoor.cl\/store\/wp-content\/uploads\/2022\/01\/52895-ld8eoe.jpg\" alt=\"Rapala Urban Collection-gafas de sol Polaroid Luya, gran oferta, pesca, 2021\" \/><\/div>\n<div>\n<p style=\"font-family: 'OpenSans'; color: #000; font-weight: 300; font-size: 14px; line-height: 20px; margin-bottom: 12px;\">Sobre el env\u00edo<br \/>\nSobre la actualizaci\u00f3n del n\u00famero de seguimiento:<br \/>\nSi tu n\u00famero de seguimiento no es informaci\u00f3n de log\u00edstica, ya que miles de paquetes enviados a pa\u00edses extranjeros, las empresas de log\u00edstica no actualizaron la informaci\u00f3n de log\u00edstica, cont\u00e1ctanos la primera vez,. Por favor, no abra directamente la disputa. \u00a1Somos la primera vez que lo solucionas!<br \/>\nTiempo de env\u00edo:<br \/>\nTodos los productos que podemos enviar dentro de 5 ~ 8 d\u00edas de la semana, generalmente estamos de acuerdo con el tiempo de los pedidos del cliente para el embalaje y el env\u00edo, necesitamos comprobar cuidadosamente la calidad de los productos antes de enviarlos, as\u00ed que T\u00f3mese un tiempo para gestionarlos.<br \/>\nTiempo de entrega:<br \/>\nDebido a factores de fuerza mayor: Hurac\u00e1n, tormentas afectan los vuelos. Lo que lleva a retrasos en la log\u00edstica. Somos vendedores honestos, no le dejaremos sufrir ninguna p\u00e9rdida. Por favor, d\u00e9 a la empresa de log\u00edstica un poco de tiempo de procesamiento, esperamos que el paquete llegue a su lado.<br \/>\nSi su informaci\u00f3n de log\u00edstica llega a la oficina de correos local:<br \/>\nSi la oficina de correos local no se ha puesto en contacto con usted, comun\u00edquese con su oficina de correos local lo antes posible para obtener su paquete. De lo contrario, la recepci\u00f3n de horas extras de paquetes, la Oficina de Correos local devolver\u00e1 su paquete, las consecuencias de la autoresponsabilidad.<br \/>\nEl tiempo de protecci\u00f3n se est\u00e1 agotando:<br \/>\nCuando hayamos terminado el tiempo de env\u00edo, si el per\u00edodo de protecci\u00f3n del producto se agota, por favor, ampl\u00ede el per\u00edodo de protecci\u00f3n del producto usted mismo o p\u00f3ngase en contacto con nosotros, por favor, no abra la disputa directamente.<br \/>\nDerechos de importaci\u00f3n:<br \/>\nLos impuestos y cargos no est\u00e1n incluidos en el precio del art\u00edculo ni en los gastos de env\u00edo. Estos cargos son responsabilidad del comprador. Los derechos de importaci\u00f3n, los impuestos y los cargos no est\u00e1n incluidos en el precio del art\u00edculo ni en los gastos de env\u00edo. Estos cargos son responsabilidad del comprador<\/p>\n<p>Comentarios<br \/>\nCuando reciba los productos, si hay alg\u00fan problema, cont\u00e1ctenos y no abra directamente la disputa. Prometemos que le daremos una soluci\u00f3n satisfactoria despu\u00e9s de que la confirmemos. Tambi\u00e9n le daremos una evaluaci\u00f3n positiva.<br \/>\nTe invitamos sinceramente a dejarnos un comentario positivo con una calificaci\u00f3n de venta detallada (DSR) de 5 estrellas. Cuando muestre su bonita imagen en nuestra \u00e1rea de comentarios, env\u00edenos un mensaje, comun\u00edquese conmigo para el siguiente pedido, habr\u00e1 sorpresas adicionales.<br \/>\nEl monto del pedido es 100 d\u00f3lares estadounidenses m\u00e1s que al mismo tiempo, se convertir\u00e1 en nuestros clientes VIP, disfrutar\u00e1 de beneficios adicionales para toda la vida.<\/p>\n<p>Preguntas y respuestas del servicio<br \/>\nP: \u00bfC\u00f3mo puedo rastrear mi paquete?<br \/>\nR: puede rastrear su paquete en el siguiente sitio web usando su n\u00famero de seguimiento: \/\/global.cainiao.com\/?spm=a2d0j.7922267.0.0.4d62678chlMJhu&amp;lang=zh (copiado en el navegador para abrirlo)<br \/>\n\u00bfP: Como minorista o mayorista para ofrecer precio al por mayor si tengo muchos art\u00edculos?<br \/>\nR: Si necesita comprar varios art\u00edculos al mismo tiempo, p\u00f3ngase en contacto conmigo primero. Le ofreceremos un precio mayorista competitivo.<br \/>\nP: \u00bfC\u00f3mo puedo pagar mi pedido?<br \/>\nR: Aliexpress admite Visa, MasterCard, tarjeta de d\u00e9bito, Western Union y transferencia bancaria A trav\u00e9s de un banco.<\/p>\n<p>Si los art\u00edculos est\u00e1n da\u00f1ados, debemos contactarnos dentro de las 24 horas siguientes a la recepci\u00f3n.<br \/>\nSi el art\u00edculo est\u00e1 en su posesi\u00f3n por m\u00e1s de 7 d\u00edas, se considera usado y no le emitiremos un reembolso o reemplazo.<br \/>\nSi no est\u00e1s satisfecho cuando recibas el art\u00edculo (incorrecto, da\u00f1ado, defectuoso o art\u00edculo que no es como se describe), devu\u00e9lvelo en un plazo de 7 d\u00edas Para un reemplazo o devoluci\u00f3n del dinero.<br \/>\nPor cualquier motivo personal (elija un descontento o no necesito este producto m\u00e1s), el cargador de env\u00edo de devoluci\u00f3n ser\u00e1 responsabilidad del comprador. No aceptaremos ning\u00fan art\u00edculo con olores (perfume, humo, etc.).<br \/>\nTodos los art\u00edculos devueltos deben estar en el embalaje original y debes proporcionarnos el n\u00famero de seguimiento del env\u00edo, el motivo espec\u00edfico de la devoluci\u00f3n y el ID de tu pedido.<\/p>\n<\/div>\n\n    <div class=\"xs_social_share_widget xs_share_url after_content \t\tmain_content  wslu-style-1 wslu-share-box-shaped wslu-fill-colored wslu-none wslu-share-horizontal wslu-theme-font-no wslu-main_content\">\n\n\t\t\n        <ul>\n\t\t\t        <\/ul>\n    <\/div> \n","protected":false},"excerpt":{"rendered":"<p>2021 Rapala Urban Collection Polaroid Luya pesca gran oferta gafas de sol Sobre el env\u00edo Sobre la actualizaci\u00f3n del n\u00famero de seguimiento: Si tu n\u00famero de seguimiento no es informaci\u00f3n de log\u00edstica, ya que miles de paquetes enviados a pa\u00edses extranjeros, las empresas de log\u00edstica no actualizaron la informaci\u00f3n de log\u00edstica, cont\u00e1ctanos la primera vez,. [&hellip;]<\/p>\n","protected":false},"featured_media":52901,"comment_status":"open","ping_status":"closed","template":"","meta":{"jetpack_publicize_message":"","jetpack_publicize_feature_enabled":true,"jetpack_social_post_already_shared":true,"jetpack_social_options":{"image_generator_settings":{"template":"highway","enabled":false},"version":2}},"product_brand":[],"product_cat":[957],"product_tag":[],"class_list":{"0":"post-52895","1":"product","2":"type-product","3":"status-publish","4":"has-post-thumbnail","6":"product_cat-pesca","8":"first","9":"instock","10":"sale","11":"taxable","12":"shipping-taxable","13":"purchasable","14":"product-type-variable"},"jetpack_publicize_connections":[],"jetpack_sharing_enabled":true,"_links":{"self":[{"href":"https:\/\/bodegaoutdoor.cl\/store\/wp-json\/wp\/v2\/product\/52895","targetHints":{"allow":["GET"]}}],"collection":[{"href":"https:\/\/bodegaoutdoor.cl\/store\/wp-json\/wp\/v2\/product"}],"about":[{"href":"https:\/\/bodegaoutdoor.cl\/store\/wp-json\/wp\/v2\/types\/product"}],"replies":[{"embeddable":true,"href":"https:\/\/bodegaoutdoor.cl\/store\/wp-json\/wp\/v2\/comments?post=52895"}],"version-history":[{"count":2,"href":"https:\/\/bodegaoutdoor.cl\/store\/wp-json\/wp\/v2\/product\/52895\/revisions"}],"predecessor-version":[{"id":70959,"href":"https:\/\/bodegaoutdoor.cl\/store\/wp-json\/wp\/v2\/product\/52895\/revisions\/70959"}],"wp:featuredmedia":[{"embeddable":true,"href":"https:\/\/bodegaoutdoor.cl\/store\/wp-json\/wp\/v2\/media\/52901"}],"wp:attachment":[{"href":"https:\/\/bodegaoutdoor.cl\/store\/wp-json\/wp\/v2\/media?parent=52895"}],"wp:term":[{"taxonomy":"product_brand","embeddable":true,"href":"https:\/\/bodegaoutdoor.cl\/store\/wp-json\/wp\/v2\/product_brand?post=52895"},{"taxonomy":"product_cat","embeddable":true,"href":"https:\/\/bodegaoutdoor.cl\/store\/wp-json\/wp\/v2\/product_cat?post=52895"},{"taxonomy":"product_tag","embeddable":true,"href":"https:\/\/bodegaoutdoor.cl\/store\/wp-json\/wp\/v2\/product_tag?post=52895"}],"curies":[{"name":"wp","href":"https:\/\/api.w.org\/{rel}","templated":true}]}}